{"id":102242,"date":"2024-04-30T10:30:09","date_gmt":"2024-04-30T10:30:09","guid":{"rendered":"https:\/\/madame-sensuelle.eu\/product\/tenue-ecoliere-avec-petite-jupette-et-cravate\/"},"modified":"2026-03-29T15:17:24","modified_gmt":"2026-03-29T15:17:24","slug":"tenue-ecoliere-avec-petite-jupette-et-cravate","status":"publish","type":"product","link":"https:\/\/madame-sensuelle.paris\/en\/product\/tenue-ecoliere-avec-petite-jupette-et-cravate\/","title":{"rendered":"Tenue Ecoli\u00e8re avec petite jupette et cravate"},"content":{"rendered":"<p>Ensemble \u00e9coli\u00e8re en maille transparente. Le set comprend un soutien gorge en triangle sans armature transparent, une petite jupette a taille basse tout en accentuant la taille avec une brettelle r\u00e9glables, le design rappelle la tenue traditionnelle scolaire. Une cravate et des chaussettes d&#8217;\u00e9coli\u00e8re viennent compl\u00e9ter le look. Cet ensemble vous permettras d&#8217;ajouter une touche de nouveaut\u00e9. Alors allez vous \u00eatre l&#8217;\u00e9lev\u00e9 dissip\u00e9 ou au contraire ob\u00e9issante!<\/p>\n","protected":false},"excerpt":{"rendered":"<p>Tenue Ecoli\u00e8re avec petite jupette et cravate<\/p>\n","protected":false},"featured_media":101147,"template":"","meta":[],"pwb-brand":[3611],"product_brand":[],"product_cat":[3521],"product_tag":[],"giftcard-category":[],"class_list":{"0":"post-102242","1":"product","2":"type-product","3":"status-publish","4":"has-post-thumbnail","6":"pwb-brand-baed-stories-2","7":"product_cat-role-play-lingerie","8":"pa_article-rpc38b23-en","10":"first","11":"outofstock","12":"taxable","13":"shipping-taxable","14":"purchasable","15":"product-type-variable","16":"has-default-attributes"},"yoast_head":"<!-- This site is optimized with the Yoast SEO plugin v27.4 - https:\/\/yoast.com\/product\/yoast-seo-wordpress\/ -->\n<title>Tenue Ecoli\u00e8re avec petite jupette et cravate<\/title>\n<meta name=\"description\" content=\"Ensemble \u00e9coli\u00e8re en maille transparente. Le set comprend un soutien gorge en triangle sans armature transparent, une petite jupette a taille basse tout en accentuant la taille avec une brettelle r\u00e9glables, le design rappelle la tenue traditionnelle scolaire. Une cravate et des chaussettes d&#039;\u00e9coli\u00e8re viennent compl\u00e9ter le look. Cet ensemble vous permettras d&#039;ajouter une touche de nouveaut\u00e9. Alors allez vous \u00eatre l&#039;\u00e9lev\u00e9 dissip\u00e9 ou au contraire ob\u00e9issante!\u00a0\" \/>\n<meta name=\"robots\" content=\"index, follow, max-snippet:-1, max-image-preview:large, max-video-preview:-1\" \/>\n<link rel=\"canonical\" href=\"https:\/\/madame-sensuelle.paris\/en\/product\/tenue-ecoliere-avec-petite-jupette-et-cravate\/\" \/>\n<meta property=\"og:locale\" content=\"en_US\" \/>\n<meta property=\"og:type\" content=\"article\" \/>\n<meta property=\"og:title\" content=\"Tenue Ecoli\u00e8re avec petite jupette et cravate\" \/>\n<meta property=\"og:description\" content=\"Ensemble \u00e9coli\u00e8re en maille transparente. Le set comprend un soutien gorge en triangle sans armature transparent, une petite jupette a taille basse tout en accentuant la taille avec une brettelle r\u00e9glables, le design rappelle la tenue traditionnelle scolaire. Une cravate et des chaussettes d&#039;\u00e9coli\u00e8re viennent compl\u00e9ter le look. Cet ensemble vous permettras d&#039;ajouter une touche de nouveaut\u00e9. Alors allez vous \u00eatre l&#039;\u00e9lev\u00e9 dissip\u00e9 ou au contraire ob\u00e9issante!\u00a0\" \/>\n<meta property=\"og:url\" content=\"https:\/\/madame-sensuelle.paris\/en\/product\/tenue-ecoliere-avec-petite-jupette-et-cravate\/\" \/>\n<meta property=\"og:site_name\" content=\"Madame Sensuelle\" \/>\n<meta property=\"article:publisher\" content=\"https:\/\/www.facebook.com\/madamesensuelle\" \/>\n<meta property=\"article:modified_time\" content=\"2026-03-29T15:17:24+00:00\" \/>\n<meta property=\"og:image\" content=\"https:\/\/madame-sensuelle.paris\/wp-content\/uploads\/2024\/04\/XSHD1TJ6263.webp\" \/>\n\t<meta property=\"og:image:width\" content=\"1350\" \/>\n\t<meta property=\"og:image:height\" content=\"1800\" \/>\n\t<meta property=\"og:image:type\" content=\"image\/webp\" \/>\n<meta name=\"twitter:card\" content=\"summary_large_image\" \/>\n<meta name=\"twitter:label1\" content=\"Est. reading time\" \/>\n\t<meta name=\"twitter:data1\" content=\"1 minute\" \/>\n<script type=\"application\/ld+json\" class=\"yoast-schema-graph\">{\"@context\":\"https:\\\/\\\/schema.org\",\"@graph\":[{\"@type\":\"WebPage\",\"@id\":\"https:\\\/\\\/madame-sensuelle.paris\\\/en\\\/product\\\/tenue-ecoliere-avec-petite-jupette-et-cravate\\\/\",\"url\":\"https:\\\/\\\/madame-sensuelle.paris\\\/en\\\/product\\\/tenue-ecoliere-avec-petite-jupette-et-cravate\\\/\",\"name\":\"Tenue Ecoli\u00e8re avec petite jupette et cravate\",\"isPartOf\":{\"@id\":\"https:\\\/\\\/madame-sensuelle.paris\\\/en\\\/#website\"},\"primaryImageOfPage\":{\"@id\":\"https:\\\/\\\/madame-sensuelle.paris\\\/en\\\/product\\\/tenue-ecoliere-avec-petite-jupette-et-cravate\\\/#primaryimage\"},\"image\":{\"@id\":\"https:\\\/\\\/madame-sensuelle.paris\\\/en\\\/product\\\/tenue-ecoliere-avec-petite-jupette-et-cravate\\\/#primaryimage\"},\"thumbnailUrl\":\"https:\\\/\\\/madame-sensuelle.paris\\\/wp-content\\\/uploads\\\/2024\\\/04\\\/XSHD1TJ6263.webp\",\"datePublished\":\"2024-04-30T10:30:09+00:00\",\"dateModified\":\"2026-03-29T15:17:24+00:00\",\"description\":\"Ensemble \u00e9coli\u00e8re en maille transparente. Le set comprend un soutien gorge en triangle sans armature transparent, une petite jupette a taille basse tout en accentuant la taille avec une brettelle r\u00e9glables, le design rappelle la tenue traditionnelle scolaire. Une cravate et des chaussettes d'\u00e9coli\u00e8re viennent compl\u00e9ter le look. Cet ensemble vous permettras d'ajouter une touche de nouveaut\u00e9. Alors allez vous \u00eatre l'\u00e9lev\u00e9 dissip\u00e9 ou au contraire ob\u00e9issante!\u00a0\",\"breadcrumb\":{\"@id\":\"https:\\\/\\\/madame-sensuelle.paris\\\/en\\\/product\\\/tenue-ecoliere-avec-petite-jupette-et-cravate\\\/#breadcrumb\"},\"inLanguage\":\"en-US\",\"potentialAction\":[{\"@type\":\"ReadAction\",\"target\":[\"https:\\\/\\\/madame-sensuelle.paris\\\/en\\\/product\\\/tenue-ecoliere-avec-petite-jupette-et-cravate\\\/\"]}]},{\"@type\":\"ImageObject\",\"inLanguage\":\"en-US\",\"@id\":\"https:\\\/\\\/madame-sensuelle.paris\\\/en\\\/product\\\/tenue-ecoliere-avec-petite-jupette-et-cravate\\\/#primaryimage\",\"url\":\"https:\\\/\\\/madame-sensuelle.paris\\\/wp-content\\\/uploads\\\/2024\\\/04\\\/XSHD1TJ6263.webp\",\"contentUrl\":\"https:\\\/\\\/madame-sensuelle.paris\\\/wp-content\\\/uploads\\\/2024\\\/04\\\/XSHD1TJ6263.webp\",\"width\":1350,\"height\":1800},{\"@type\":\"BreadcrumbList\",\"@id\":\"https:\\\/\\\/madame-sensuelle.paris\\\/en\\\/product\\\/tenue-ecoliere-avec-petite-jupette-et-cravate\\\/#breadcrumb\",\"itemListElement\":[{\"@type\":\"ListItem\",\"position\":1,\"name\":\"Acceuil\",\"item\":\"https:\\\/\\\/madame-sensuelle.paris\\\/en\\\/home\\\/\"},{\"@type\":\"ListItem\",\"position\":2,\"name\":\"Catalog\",\"item\":\"https:\\\/\\\/madame-sensuelle.paris\\\/en\\\/catalogue\\\/\"},{\"@type\":\"ListItem\",\"position\":3,\"name\":\"BAED\",\"item\":\"https:\\\/\\\/madame-sensuelle.paris\\\/en\\\/brand\\\/baed-stories-2\\\/\"},{\"@type\":\"ListItem\",\"position\":4,\"name\":\"Tenue Ecoli\u00e8re avec petite jupette et cravate\"}]},{\"@type\":\"WebSite\",\"@id\":\"https:\\\/\\\/madame-sensuelle.paris\\\/en\\\/#website\",\"url\":\"https:\\\/\\\/madame-sensuelle.paris\\\/en\\\/\",\"name\":\"MADAME SENSUELLE\",\"description\":\"MADAME SENSUELLE: Found the biggest exciting brands of chic &amp; SEXY LINGERIE in Paris Boutique and on the WEB: Aubade, Dita Von Teese, Maison Close, Marjolaine, Bluebella, Atelier Amour, Luxxa, Catanzaro, Gracija Rim. You will found the big pleasure of sexy belt or bra make for you\",\"publisher\":{\"@id\":\"https:\\\/\\\/madame-sensuelle.paris\\\/en\\\/#organization\"},\"potentialAction\":[{\"@type\":\"SearchAction\",\"target\":{\"@type\":\"EntryPoint\",\"urlTemplate\":\"https:\\\/\\\/madame-sensuelle.paris\\\/en\\\/?s={search_term_string}\"},\"query-input\":{\"@type\":\"PropertyValueSpecification\",\"valueRequired\":true,\"valueName\":\"search_term_string\"}}],\"inLanguage\":\"en-US\"},{\"@type\":\"Organization\",\"@id\":\"https:\\\/\\\/madame-sensuelle.paris\\\/en\\\/#organization\",\"name\":\"Madame Sensuelle\",\"url\":\"https:\\\/\\\/madame-sensuelle.paris\\\/en\\\/\",\"logo\":{\"@type\":\"ImageObject\",\"inLanguage\":\"en-US\",\"@id\":\"https:\\\/\\\/madame-sensuelle.paris\\\/en\\\/#\\\/schema\\\/logo\\\/image\\\/\",\"url\":\"https:\\\/\\\/madame-sensuelle.paris\\\/wp-content\\\/uploads\\\/2024\\\/12\\\/logo_a-1-1_696.webp\",\"contentUrl\":\"https:\\\/\\\/madame-sensuelle.paris\\\/wp-content\\\/uploads\\\/2024\\\/12\\\/logo_a-1-1_696.webp\",\"width\":696,\"height\":696,\"caption\":\"Madame Sensuelle\"},\"image\":{\"@id\":\"https:\\\/\\\/madame-sensuelle.paris\\\/en\\\/#\\\/schema\\\/logo\\\/image\\\/\"},\"sameAs\":[\"https:\\\/\\\/www.facebook.com\\\/madamesensuelle\",\"https:\\\/\\\/www.instagram.com\\\/madame_sensuelle\\\/\"]}]}<\/script>\n<!-- \/ Yoast SEO plugin. -->","yoast_head_json":{"title":"Tenue Ecoli\u00e8re avec petite jupette et cravate","description":"Ensemble \u00e9coli\u00e8re en maille transparente. Le set comprend un soutien gorge en triangle sans armature transparent, une petite jupette a taille basse tout en accentuant la taille avec une brettelle r\u00e9glables, le design rappelle la tenue traditionnelle scolaire. Une cravate et des chaussettes d'\u00e9coli\u00e8re viennent compl\u00e9ter le look. Cet ensemble vous permettras d'ajouter une touche de nouveaut\u00e9. Alors allez vous \u00eatre l'\u00e9lev\u00e9 dissip\u00e9 ou au contraire ob\u00e9issante!\u00a0","robots":{"index":"index","follow":"follow","max-snippet":"max-snippet:-1","max-image-preview":"max-image-preview:large","max-video-preview":"max-video-preview:-1"},"canonical":"https:\/\/madame-sensuelle.paris\/en\/product\/tenue-ecoliere-avec-petite-jupette-et-cravate\/","og_locale":"en_US","og_type":"article","og_title":"Tenue Ecoli\u00e8re avec petite jupette et cravate","og_description":"Ensemble \u00e9coli\u00e8re en maille transparente. Le set comprend un soutien gorge en triangle sans armature transparent, une petite jupette a taille basse tout en accentuant la taille avec une brettelle r\u00e9glables, le design rappelle la tenue traditionnelle scolaire. Une cravate et des chaussettes d'\u00e9coli\u00e8re viennent compl\u00e9ter le look. Cet ensemble vous permettras d'ajouter une touche de nouveaut\u00e9. Alors allez vous \u00eatre l'\u00e9lev\u00e9 dissip\u00e9 ou au contraire ob\u00e9issante!\u00a0","og_url":"https:\/\/madame-sensuelle.paris\/en\/product\/tenue-ecoliere-avec-petite-jupette-et-cravate\/","og_site_name":"Madame Sensuelle","article_publisher":"https:\/\/www.facebook.com\/madamesensuelle","article_modified_time":"2026-03-29T15:17:24+00:00","og_image":[{"width":1350,"height":1800,"url":"https:\/\/madame-sensuelle.paris\/wp-content\/uploads\/2024\/04\/XSHD1TJ6263.webp","type":"image\/webp"}],"twitter_card":"summary_large_image","twitter_misc":{"Est. reading time":"1 minute"},"schema":{"@context":"https:\/\/schema.org","@graph":[{"@type":"WebPage","@id":"https:\/\/madame-sensuelle.paris\/en\/product\/tenue-ecoliere-avec-petite-jupette-et-cravate\/","url":"https:\/\/madame-sensuelle.paris\/en\/product\/tenue-ecoliere-avec-petite-jupette-et-cravate\/","name":"Tenue Ecoli\u00e8re avec petite jupette et cravate","isPartOf":{"@id":"https:\/\/madame-sensuelle.paris\/en\/#website"},"primaryImageOfPage":{"@id":"https:\/\/madame-sensuelle.paris\/en\/product\/tenue-ecoliere-avec-petite-jupette-et-cravate\/#primaryimage"},"image":{"@id":"https:\/\/madame-sensuelle.paris\/en\/product\/tenue-ecoliere-avec-petite-jupette-et-cravate\/#primaryimage"},"thumbnailUrl":"https:\/\/madame-sensuelle.paris\/wp-content\/uploads\/2024\/04\/XSHD1TJ6263.webp","datePublished":"2024-04-30T10:30:09+00:00","dateModified":"2026-03-29T15:17:24+00:00","description":"Ensemble \u00e9coli\u00e8re en maille transparente. Le set comprend un soutien gorge en triangle sans armature transparent, une petite jupette a taille basse tout en accentuant la taille avec une brettelle r\u00e9glables, le design rappelle la tenue traditionnelle scolaire. Une cravate et des chaussettes d'\u00e9coli\u00e8re viennent compl\u00e9ter le look. Cet ensemble vous permettras d'ajouter une touche de nouveaut\u00e9. Alors allez vous \u00eatre l'\u00e9lev\u00e9 dissip\u00e9 ou au contraire ob\u00e9issante!\u00a0","breadcrumb":{"@id":"https:\/\/madame-sensuelle.paris\/en\/product\/tenue-ecoliere-avec-petite-jupette-et-cravate\/#breadcrumb"},"inLanguage":"en-US","potentialAction":[{"@type":"ReadAction","target":["https:\/\/madame-sensuelle.paris\/en\/product\/tenue-ecoliere-avec-petite-jupette-et-cravate\/"]}]},{"@type":"ImageObject","inLanguage":"en-US","@id":"https:\/\/madame-sensuelle.paris\/en\/product\/tenue-ecoliere-avec-petite-jupette-et-cravate\/#primaryimage","url":"https:\/\/madame-sensuelle.paris\/wp-content\/uploads\/2024\/04\/XSHD1TJ6263.webp","contentUrl":"https:\/\/madame-sensuelle.paris\/wp-content\/uploads\/2024\/04\/XSHD1TJ6263.webp","width":1350,"height":1800},{"@type":"BreadcrumbList","@id":"https:\/\/madame-sensuelle.paris\/en\/product\/tenue-ecoliere-avec-petite-jupette-et-cravate\/#breadcrumb","itemListElement":[{"@type":"ListItem","position":1,"name":"Acceuil","item":"https:\/\/madame-sensuelle.paris\/en\/home\/"},{"@type":"ListItem","position":2,"name":"Catalog","item":"https:\/\/madame-sensuelle.paris\/en\/catalogue\/"},{"@type":"ListItem","position":3,"name":"BAED","item":"https:\/\/madame-sensuelle.paris\/en\/brand\/baed-stories-2\/"},{"@type":"ListItem","position":4,"name":"Tenue Ecoli\u00e8re avec petite jupette et cravate"}]},{"@type":"WebSite","@id":"https:\/\/madame-sensuelle.paris\/en\/#website","url":"https:\/\/madame-sensuelle.paris\/en\/","name":"MADAME SENSUELLE","description":"MADAME SENSUELLE: Found the biggest exciting brands of chic &amp; SEXY LINGERIE in Paris Boutique and on the WEB: Aubade, Dita Von Teese, Maison Close, Marjolaine, Bluebella, Atelier Amour, Luxxa, Catanzaro, Gracija Rim. You will found the big pleasure of sexy belt or bra make for you","publisher":{"@id":"https:\/\/madame-sensuelle.paris\/en\/#organization"},"potentialAction":[{"@type":"SearchAction","target":{"@type":"EntryPoint","urlTemplate":"https:\/\/madame-sensuelle.paris\/en\/?s={search_term_string}"},"query-input":{"@type":"PropertyValueSpecification","valueRequired":true,"valueName":"search_term_string"}}],"inLanguage":"en-US"},{"@type":"Organization","@id":"https:\/\/madame-sensuelle.paris\/en\/#organization","name":"Madame Sensuelle","url":"https:\/\/madame-sensuelle.paris\/en\/","logo":{"@type":"ImageObject","inLanguage":"en-US","@id":"https:\/\/madame-sensuelle.paris\/en\/#\/schema\/logo\/image\/","url":"https:\/\/madame-sensuelle.paris\/wp-content\/uploads\/2024\/12\/logo_a-1-1_696.webp","contentUrl":"https:\/\/madame-sensuelle.paris\/wp-content\/uploads\/2024\/12\/logo_a-1-1_696.webp","width":696,"height":696,"caption":"Madame Sensuelle"},"image":{"@id":"https:\/\/madame-sensuelle.paris\/en\/#\/schema\/logo\/image\/"},"sameAs":["https:\/\/www.facebook.com\/madamesensuelle","https:\/\/www.instagram.com\/madame_sensuelle\/"]}]}},"brands":[{"id":3611,"name":"BAED","slug":"baed-stories-2"}],"_links":{"self":[{"href":"https:\/\/madame-sensuelle.paris\/en\/wp-json\/wp\/v2\/product\/102242","targetHints":{"allow":["GET"]}}],"collection":[{"href":"https:\/\/madame-sensuelle.paris\/en\/wp-json\/wp\/v2\/product"}],"about":[{"href":"https:\/\/madame-sensuelle.paris\/en\/wp-json\/wp\/v2\/types\/product"}],"version-history":[{"count":1,"href":"https:\/\/madame-sensuelle.paris\/en\/wp-json\/wp\/v2\/product\/102242\/revisions"}],"predecessor-version":[{"id":110542,"href":"https:\/\/madame-sensuelle.paris\/en\/wp-json\/wp\/v2\/product\/102242\/revisions\/110542"}],"wp:featuredmedia":[{"embeddable":true,"href":"https:\/\/madame-sensuelle.paris\/en\/wp-json\/wp\/v2\/media\/101147"}],"wp:attachment":[{"href":"https:\/\/madame-sensuelle.paris\/en\/wp-json\/wp\/v2\/media?parent=102242"}],"wp:term":[{"taxonomy":"pwb-brand","embeddable":true,"href":"https:\/\/madame-sensuelle.paris\/en\/wp-json\/wp\/v2\/pwb-brand?post=102242"},{"taxonomy":"product_brand","embeddable":true,"href":"https:\/\/madame-sensuelle.paris\/en\/wp-json\/wp\/v2\/product_brand?post=102242"},{"taxonomy":"product_cat","embeddable":true,"href":"https:\/\/madame-sensuelle.paris\/en\/wp-json\/wp\/v2\/product_cat?post=102242"},{"taxonomy":"product_tag","embeddable":true,"href":"https:\/\/madame-sensuelle.paris\/en\/wp-json\/wp\/v2\/product_tag?post=102242"},{"taxonomy":"giftcard-category","embeddable":true,"href":"https:\/\/madame-sensuelle.paris\/en\/wp-json\/wp\/v2\/giftcard-category?post=102242"}],"curies":[{"name":"wp","href":"https:\/\/api.w.org\/{rel}","templated":true}]}}