{"id":107360,"date":"2024-08-28T15:21:13","date_gmt":"2024-08-28T15:21:13","guid":{"rendered":"https:\/\/madame-sensuelle.paris\/product\/body-destinos-avec-perles-entre-les-jambes\/"},"modified":"2026-04-05T20:04:32","modified_gmt":"2026-04-05T20:04:32","slug":"body-destinos-avec-perles-entre-les-jambes","status":"publish","type":"product","link":"https:\/\/madame-sensuelle.paris\/en\/product\/body-destinos-avec-perles-entre-les-jambes\/","title":{"rendered":"Body Destinos avec perles entre les jambes"},"content":{"rendered":"<p>Panty destinos fait en dentelle Italienne avec des d\u00e9tails en lurex argent\u00e9. D\u00e9nouez le n\u0153ud, faites un n\u0153ud au bout du collier formant une grappe, ins\u00e9rez-le dans le vagin et vous pourriez stimuler votre point G. Il a encore plus a offrir ! vous pouvez utiliser les perles de votre string pour en faire des colliers et bracelets.<\/p>\n","protected":false},"excerpt":{"rendered":"<p>BODY STRING OUVERT AVEC PERLES<\/p>\n<p>Body sophistiqu\u00e9 de la collection Destinos, il a un d\u00e9colt\u00e9 profond et un dos nu avec deux bretelles qui se<\/p>\n<p>croise. Une bande \u00e9lastique viens marquer la taille. Il est fait de la dentelle Italienne tr\u00e9s delicates, de la<\/p>\n<p>soie Fran\u00e7aise et des d\u00e9tailles en perle.<\/p>\n<p>BODY OUVERT BODY STRING<\/p>\n","protected":false},"featured_media":113057,"template":"","meta":[],"pwb-brand":[3608],"product_brand":[],"product_cat":[3263,3266,3262],"product_tag":[],"giftcard-category":[],"class_list":{"0":"post-107360","1":"product","2":"type-product","3":"status-publish","4":"has-post-thumbnail","6":"pwb-brand-bracli-2","7":"product_cat-body-sexy","8":"product_cat-open-topless-bodysuits","9":"product_cat-sexy-woman-lingerie","10":"pa_collection-destinos-en","12":"first","13":"outofstock","14":"taxable","15":"shipping-taxable","16":"purchasable","17":"product-type-variable","18":"has-default-attributes"},"yoast_head":"<!-- This site is optimized with the Yoast SEO plugin v27.3 - https:\/\/yoast.com\/product\/yoast-seo-wordpress\/ -->\n<title>BODY STRING OUVERT AVEC PERLE<\/title>\n<meta name=\"description\" content=\"Panty destinos fait en dentelle Italienne avec des d\u00e9tails en lurex argent\u00e9. D\u00e9nouez le n\u0153ud, faites un n\u0153ud au bout du collier formant une grappe, ins\u00e9rez-le dans le vagin et vous pourriez stimuler votre point G. Il a encore plus a offrir ! vous pouvez utiliser les perles de votre string pour en faire des colliers et bracelets.\" \/>\n<meta name=\"robots\" content=\"index, follow, max-snippet:-1, max-image-preview:large, max-video-preview:-1\" \/>\n<link rel=\"canonical\" href=\"https:\/\/madame-sensuelle.paris\/en\/product\/body-destinos-avec-perles-entre-les-jambes\/\" \/>\n<meta property=\"og:locale\" content=\"en_US\" \/>\n<meta property=\"og:type\" content=\"article\" \/>\n<meta property=\"og:title\" content=\"BODY STRING OUVERT AVEC PERLE\" \/>\n<meta property=\"og:description\" content=\"Panty destinos fait en dentelle Italienne avec des d\u00e9tails en lurex argent\u00e9. D\u00e9nouez le n\u0153ud, faites un n\u0153ud au bout du collier formant une grappe, ins\u00e9rez-le dans le vagin et vous pourriez stimuler votre point G. Il a encore plus a offrir ! vous pouvez utiliser les perles de votre string pour en faire des colliers et bracelets.\" \/>\n<meta property=\"og:url\" content=\"https:\/\/madame-sensuelle.paris\/en\/product\/body-destinos-avec-perles-entre-les-jambes\/\" \/>\n<meta property=\"og:site_name\" content=\"Madame Sensuelle\" \/>\n<meta property=\"article:publisher\" content=\"https:\/\/www.facebook.com\/madamesensuelle\" \/>\n<meta property=\"article:modified_time\" content=\"2026-04-05T20:04:32+00:00\" \/>\n<meta property=\"og:image\" content=\"https:\/\/madame-sensuelle.paris\/wp-content\/uploads\/2024\/08\/XSHD1TJ6673-1-1.webp\" \/>\n\t<meta property=\"og:image:width\" content=\"422\" \/>\n\t<meta property=\"og:image:height\" content=\"563\" \/>\n\t<meta property=\"og:image:type\" content=\"image\/webp\" \/>\n<meta name=\"twitter:card\" content=\"summary_large_image\" \/>\n<meta name=\"twitter:label1\" content=\"Est. reading time\" \/>\n\t<meta name=\"twitter:data1\" content=\"2 minutes\" \/>\n<script type=\"application\/ld+json\" class=\"yoast-schema-graph\">{\"@context\":\"https:\\\/\\\/schema.org\",\"@graph\":[{\"@type\":\"WebPage\",\"@id\":\"https:\\\/\\\/madame-sensuelle.paris\\\/en\\\/product\\\/body-destinos-avec-perles-entre-les-jambes\\\/\",\"url\":\"https:\\\/\\\/madame-sensuelle.paris\\\/en\\\/product\\\/body-destinos-avec-perles-entre-les-jambes\\\/\",\"name\":\"BODY STRING OUVERT AVEC PERLE\",\"isPartOf\":{\"@id\":\"https:\\\/\\\/madame-sensuelle.paris\\\/en\\\/#website\"},\"primaryImageOfPage\":{\"@id\":\"https:\\\/\\\/madame-sensuelle.paris\\\/en\\\/product\\\/body-destinos-avec-perles-entre-les-jambes\\\/#primaryimage\"},\"image\":{\"@id\":\"https:\\\/\\\/madame-sensuelle.paris\\\/en\\\/product\\\/body-destinos-avec-perles-entre-les-jambes\\\/#primaryimage\"},\"thumbnailUrl\":\"https:\\\/\\\/madame-sensuelle.paris\\\/wp-content\\\/uploads\\\/2024\\\/08\\\/XSHD1TJ6673-1-1.webp\",\"datePublished\":\"2024-08-28T15:21:13+00:00\",\"dateModified\":\"2026-04-05T20:04:32+00:00\",\"description\":\"Panty destinos fait en dentelle Italienne avec des d\u00e9tails en lurex argent\u00e9. D\u00e9nouez le n\u0153ud, faites un n\u0153ud au bout du collier formant une grappe, ins\u00e9rez-le dans le vagin et vous pourriez stimuler votre point G. Il a encore plus a offrir ! vous pouvez utiliser les perles de votre string pour en faire des colliers et bracelets.\",\"breadcrumb\":{\"@id\":\"https:\\\/\\\/madame-sensuelle.paris\\\/en\\\/product\\\/body-destinos-avec-perles-entre-les-jambes\\\/#breadcrumb\"},\"inLanguage\":\"en-US\",\"potentialAction\":[{\"@type\":\"ReadAction\",\"target\":[\"https:\\\/\\\/madame-sensuelle.paris\\\/en\\\/product\\\/body-destinos-avec-perles-entre-les-jambes\\\/\"]}]},{\"@type\":\"ImageObject\",\"inLanguage\":\"en-US\",\"@id\":\"https:\\\/\\\/madame-sensuelle.paris\\\/en\\\/product\\\/body-destinos-avec-perles-entre-les-jambes\\\/#primaryimage\",\"url\":\"https:\\\/\\\/madame-sensuelle.paris\\\/wp-content\\\/uploads\\\/2024\\\/08\\\/XSHD1TJ6673-1-1.webp\",\"contentUrl\":\"https:\\\/\\\/madame-sensuelle.paris\\\/wp-content\\\/uploads\\\/2024\\\/08\\\/XSHD1TJ6673-1-1.webp\",\"width\":422,\"height\":563},{\"@type\":\"BreadcrumbList\",\"@id\":\"https:\\\/\\\/madame-sensuelle.paris\\\/en\\\/product\\\/body-destinos-avec-perles-entre-les-jambes\\\/#breadcrumb\",\"itemListElement\":[{\"@type\":\"ListItem\",\"position\":1,\"name\":\"Acceuil\",\"item\":\"https:\\\/\\\/madame-sensuelle.paris\\\/en\\\/home\\\/\"},{\"@type\":\"ListItem\",\"position\":2,\"name\":\"Catalog\",\"item\":\"https:\\\/\\\/madame-sensuelle.paris\\\/en\\\/catalogue\\\/\"},{\"@type\":\"ListItem\",\"position\":3,\"name\":\"BRACLI\",\"item\":\"https:\\\/\\\/madame-sensuelle.paris\\\/en\\\/brand\\\/bracli-2\\\/\"},{\"@type\":\"ListItem\",\"position\":4,\"name\":\"Body Destinos avec perles entre les jambes\"}]},{\"@type\":\"WebSite\",\"@id\":\"https:\\\/\\\/madame-sensuelle.paris\\\/en\\\/#website\",\"url\":\"https:\\\/\\\/madame-sensuelle.paris\\\/en\\\/\",\"name\":\"MADAME SENSUELLE\",\"description\":\"MADAME SENSUELLE: Found the biggest exciting brands of chic &amp; SEXY LINGERIE in Paris Boutique and on the WEB: Aubade, Dita Von Teese, Maison Close, Marjolaine, Bluebella, Atelier Amour, Luxxa, Catanzaro, Gracija Rim. You will found the big pleasure of sexy belt or bra make for you\",\"publisher\":{\"@id\":\"https:\\\/\\\/madame-sensuelle.paris\\\/en\\\/#organization\"},\"potentialAction\":[{\"@type\":\"SearchAction\",\"target\":{\"@type\":\"EntryPoint\",\"urlTemplate\":\"https:\\\/\\\/madame-sensuelle.paris\\\/en\\\/?s={search_term_string}\"},\"query-input\":{\"@type\":\"PropertyValueSpecification\",\"valueRequired\":true,\"valueName\":\"search_term_string\"}}],\"inLanguage\":\"en-US\"},{\"@type\":\"Organization\",\"@id\":\"https:\\\/\\\/madame-sensuelle.paris\\\/en\\\/#organization\",\"name\":\"Madame Sensuelle\",\"url\":\"https:\\\/\\\/madame-sensuelle.paris\\\/en\\\/\",\"logo\":{\"@type\":\"ImageObject\",\"inLanguage\":\"en-US\",\"@id\":\"https:\\\/\\\/madame-sensuelle.paris\\\/en\\\/#\\\/schema\\\/logo\\\/image\\\/\",\"url\":\"https:\\\/\\\/madame-sensuelle.paris\\\/wp-content\\\/uploads\\\/2024\\\/12\\\/logo_a-1-1_696.webp\",\"contentUrl\":\"https:\\\/\\\/madame-sensuelle.paris\\\/wp-content\\\/uploads\\\/2024\\\/12\\\/logo_a-1-1_696.webp\",\"width\":696,\"height\":696,\"caption\":\"Madame Sensuelle\"},\"image\":{\"@id\":\"https:\\\/\\\/madame-sensuelle.paris\\\/en\\\/#\\\/schema\\\/logo\\\/image\\\/\"},\"sameAs\":[\"https:\\\/\\\/www.facebook.com\\\/madamesensuelle\",\"https:\\\/\\\/www.instagram.com\\\/madame_sensuelle\\\/\"]}]}<\/script>\n<!-- \/ Yoast SEO plugin. -->","yoast_head_json":{"title":"BODY STRING OUVERT AVEC PERLE","description":"Panty destinos fait en dentelle Italienne avec des d\u00e9tails en lurex argent\u00e9. D\u00e9nouez le n\u0153ud, faites un n\u0153ud au bout du collier formant une grappe, ins\u00e9rez-le dans le vagin et vous pourriez stimuler votre point G. Il a encore plus a offrir ! vous pouvez utiliser les perles de votre string pour en faire des colliers et bracelets.","robots":{"index":"index","follow":"follow","max-snippet":"max-snippet:-1","max-image-preview":"max-image-preview:large","max-video-preview":"max-video-preview:-1"},"canonical":"https:\/\/madame-sensuelle.paris\/en\/product\/body-destinos-avec-perles-entre-les-jambes\/","og_locale":"en_US","og_type":"article","og_title":"BODY STRING OUVERT AVEC PERLE","og_description":"Panty destinos fait en dentelle Italienne avec des d\u00e9tails en lurex argent\u00e9. D\u00e9nouez le n\u0153ud, faites un n\u0153ud au bout du collier formant une grappe, ins\u00e9rez-le dans le vagin et vous pourriez stimuler votre point G. Il a encore plus a offrir ! vous pouvez utiliser les perles de votre string pour en faire des colliers et bracelets.","og_url":"https:\/\/madame-sensuelle.paris\/en\/product\/body-destinos-avec-perles-entre-les-jambes\/","og_site_name":"Madame Sensuelle","article_publisher":"https:\/\/www.facebook.com\/madamesensuelle","article_modified_time":"2026-04-05T20:04:32+00:00","og_image":[{"width":422,"height":563,"url":"https:\/\/madame-sensuelle.paris\/wp-content\/uploads\/2024\/08\/XSHD1TJ6673-1-1.webp","type":"image\/webp"}],"twitter_card":"summary_large_image","twitter_misc":{"Est. reading time":"2 minutes"},"schema":{"@context":"https:\/\/schema.org","@graph":[{"@type":"WebPage","@id":"https:\/\/madame-sensuelle.paris\/en\/product\/body-destinos-avec-perles-entre-les-jambes\/","url":"https:\/\/madame-sensuelle.paris\/en\/product\/body-destinos-avec-perles-entre-les-jambes\/","name":"BODY STRING OUVERT AVEC PERLE","isPartOf":{"@id":"https:\/\/madame-sensuelle.paris\/en\/#website"},"primaryImageOfPage":{"@id":"https:\/\/madame-sensuelle.paris\/en\/product\/body-destinos-avec-perles-entre-les-jambes\/#primaryimage"},"image":{"@id":"https:\/\/madame-sensuelle.paris\/en\/product\/body-destinos-avec-perles-entre-les-jambes\/#primaryimage"},"thumbnailUrl":"https:\/\/madame-sensuelle.paris\/wp-content\/uploads\/2024\/08\/XSHD1TJ6673-1-1.webp","datePublished":"2024-08-28T15:21:13+00:00","dateModified":"2026-04-05T20:04:32+00:00","description":"Panty destinos fait en dentelle Italienne avec des d\u00e9tails en lurex argent\u00e9. D\u00e9nouez le n\u0153ud, faites un n\u0153ud au bout du collier formant une grappe, ins\u00e9rez-le dans le vagin et vous pourriez stimuler votre point G. Il a encore plus a offrir ! vous pouvez utiliser les perles de votre string pour en faire des colliers et bracelets.","breadcrumb":{"@id":"https:\/\/madame-sensuelle.paris\/en\/product\/body-destinos-avec-perles-entre-les-jambes\/#breadcrumb"},"inLanguage":"en-US","potentialAction":[{"@type":"ReadAction","target":["https:\/\/madame-sensuelle.paris\/en\/product\/body-destinos-avec-perles-entre-les-jambes\/"]}]},{"@type":"ImageObject","inLanguage":"en-US","@id":"https:\/\/madame-sensuelle.paris\/en\/product\/body-destinos-avec-perles-entre-les-jambes\/#primaryimage","url":"https:\/\/madame-sensuelle.paris\/wp-content\/uploads\/2024\/08\/XSHD1TJ6673-1-1.webp","contentUrl":"https:\/\/madame-sensuelle.paris\/wp-content\/uploads\/2024\/08\/XSHD1TJ6673-1-1.webp","width":422,"height":563},{"@type":"BreadcrumbList","@id":"https:\/\/madame-sensuelle.paris\/en\/product\/body-destinos-avec-perles-entre-les-jambes\/#breadcrumb","itemListElement":[{"@type":"ListItem","position":1,"name":"Acceuil","item":"https:\/\/madame-sensuelle.paris\/en\/home\/"},{"@type":"ListItem","position":2,"name":"Catalog","item":"https:\/\/madame-sensuelle.paris\/en\/catalogue\/"},{"@type":"ListItem","position":3,"name":"BRACLI","item":"https:\/\/madame-sensuelle.paris\/en\/brand\/bracli-2\/"},{"@type":"ListItem","position":4,"name":"Body Destinos avec perles entre les jambes"}]},{"@type":"WebSite","@id":"https:\/\/madame-sensuelle.paris\/en\/#website","url":"https:\/\/madame-sensuelle.paris\/en\/","name":"MADAME SENSUELLE","description":"MADAME SENSUELLE: Found the biggest exciting brands of chic &amp; SEXY LINGERIE in Paris Boutique and on the WEB: Aubade, Dita Von Teese, Maison Close, Marjolaine, Bluebella, Atelier Amour, Luxxa, Catanzaro, Gracija Rim. You will found the big pleasure of sexy belt or bra make for you","publisher":{"@id":"https:\/\/madame-sensuelle.paris\/en\/#organization"},"potentialAction":[{"@type":"SearchAction","target":{"@type":"EntryPoint","urlTemplate":"https:\/\/madame-sensuelle.paris\/en\/?s={search_term_string}"},"query-input":{"@type":"PropertyValueSpecification","valueRequired":true,"valueName":"search_term_string"}}],"inLanguage":"en-US"},{"@type":"Organization","@id":"https:\/\/madame-sensuelle.paris\/en\/#organization","name":"Madame Sensuelle","url":"https:\/\/madame-sensuelle.paris\/en\/","logo":{"@type":"ImageObject","inLanguage":"en-US","@id":"https:\/\/madame-sensuelle.paris\/en\/#\/schema\/logo\/image\/","url":"https:\/\/madame-sensuelle.paris\/wp-content\/uploads\/2024\/12\/logo_a-1-1_696.webp","contentUrl":"https:\/\/madame-sensuelle.paris\/wp-content\/uploads\/2024\/12\/logo_a-1-1_696.webp","width":696,"height":696,"caption":"Madame Sensuelle"},"image":{"@id":"https:\/\/madame-sensuelle.paris\/en\/#\/schema\/logo\/image\/"},"sameAs":["https:\/\/www.facebook.com\/madamesensuelle","https:\/\/www.instagram.com\/madame_sensuelle\/"]}]}},"brands":[{"id":3608,"name":"BRACLI","slug":"bracli-2"}],"_links":{"self":[{"href":"https:\/\/madame-sensuelle.paris\/en\/wp-json\/wp\/v2\/product\/107360","targetHints":{"allow":["GET"]}}],"collection":[{"href":"https:\/\/madame-sensuelle.paris\/en\/wp-json\/wp\/v2\/product"}],"about":[{"href":"https:\/\/madame-sensuelle.paris\/en\/wp-json\/wp\/v2\/types\/product"}],"version-history":[{"count":1,"href":"https:\/\/madame-sensuelle.paris\/en\/wp-json\/wp\/v2\/product\/107360\/revisions"}],"predecessor-version":[{"id":108457,"href":"https:\/\/madame-sensuelle.paris\/en\/wp-json\/wp\/v2\/product\/107360\/revisions\/108457"}],"wp:featuredmedia":[{"embeddable":true,"href":"https:\/\/madame-sensuelle.paris\/en\/wp-json\/wp\/v2\/media\/113057"}],"wp:attachment":[{"href":"https:\/\/madame-sensuelle.paris\/en\/wp-json\/wp\/v2\/media?parent=107360"}],"wp:term":[{"taxonomy":"pwb-brand","embeddable":true,"href":"https:\/\/madame-sensuelle.paris\/en\/wp-json\/wp\/v2\/pwb-brand?post=107360"},{"taxonomy":"product_brand","embeddable":true,"href":"https:\/\/madame-sensuelle.paris\/en\/wp-json\/wp\/v2\/product_brand?post=107360"},{"taxonomy":"product_cat","embeddable":true,"href":"https:\/\/madame-sensuelle.paris\/en\/wp-json\/wp\/v2\/product_cat?post=107360"},{"taxonomy":"product_tag","embeddable":true,"href":"https:\/\/madame-sensuelle.paris\/en\/wp-json\/wp\/v2\/product_tag?post=107360"},{"taxonomy":"giftcard-category","embeddable":true,"href":"https:\/\/madame-sensuelle.paris\/en\/wp-json\/wp\/v2\/giftcard-category?post=107360"}],"curies":[{"name":"wp","href":"https:\/\/api.w.org\/{rel}","templated":true}]}}