{"id":111337,"date":"2024-10-23T14:56:46","date_gmt":"2024-10-23T14:56:46","guid":{"rendered":"https:\/\/madame-sensuelle.paris\/product\/bas-jarretelles-contrast-bicolore-en-nylon-avec-couture-au-talon-cubain-champagne-rouge\/"},"modified":"2026-04-05T23:59:25","modified_gmt":"2026-04-05T23:59:25","slug":"bas-jarretelles-contrast-bicolore-en-nylon-avec-couture-au-talon-cubain-champagne-rouge","status":"publish","type":"product","link":"https:\/\/madame-sensuelle.paris\/en\/product\/bas-jarretelles-contrast-bicolore-en-nylon-avec-couture-au-talon-cubain-champagne-rouge\/","title":{"rendered":"Bas jarretelles Contrast bicolore en nylon avec couture au talon cubain &#8211; champagne\/rouge"},"content":{"rendered":"<p>Bas jarretelles Contrast bicolore en nylon avec couture au talon cubain &#8211; champagne\/rouge<\/p>\n","protected":false},"excerpt":{"rendered":"<p>Bas jarretelles Contrast bicolore en nylon avec couture au talon cubain &#8211; champagne\/rouge<\/p>\n","protected":false},"featured_media":110673,"template":"","meta":[],"pwb-brand":[3632],"product_brand":[],"product_cat":[3231,3240,3237,3234,3236],"product_tag":[],"giftcard-category":[],"class_list":{"0":"post-111337","1":"product","2":"type-product","3":"status-publish","4":"has-post-thumbnail","6":"pwb-brand-what-katie-did-2","7":"product_cat-accessories","8":"product_cat-nylon","9":"product_cat-seam-stockings","10":"product_cat-stockings-tights","11":"product_cat-stockings-garter","12":"pa_collection-contrast-en","14":"first","15":"outofstock","16":"taxable","17":"shipping-taxable","18":"purchasable","19":"product-type-variable","20":"has-default-attributes"},"yoast_head":"<!-- This site is optimized with the Yoast SEO plugin v27.3 - https:\/\/yoast.com\/product\/yoast-seo-wordpress\/ -->\n<title>Bas jarretelles Contrast bicolore en nylon avec couture au talon cubain - champagne\/rouge \u2013 WHAT KATIE DID - Madame Sensuelle<\/title>\n<meta name=\"description\" content=\"Le mod\u00e8le Bas jarretelles Contrast bicolore en nylon avec couture au talon cubain - champagne\/rouge sign\u00e9 WHAT KATIE DID, \u00e0 d\u00e9couvrir chez Madame Sensuelle. Essayage VIP disponible.\" \/>\n<meta name=\"robots\" content=\"index, follow, max-snippet:-1, max-image-preview:large, max-video-preview:-1\" \/>\n<link rel=\"canonical\" href=\"https:\/\/madame-sensuelle.paris\/en\/product\/bas-jarretelles-contrast-bicolore-en-nylon-avec-couture-au-talon-cubain-champagne-rouge\/\" \/>\n<meta property=\"og:locale\" content=\"en_US\" \/>\n<meta property=\"og:type\" content=\"article\" \/>\n<meta property=\"og:title\" content=\"Bas jarretelles Contrast bicolore en nylon avec couture au talon cubain - champagne\/rouge \u2013 WHAT KATIE DID - Madame Sensuelle\" \/>\n<meta property=\"og:description\" content=\"Le mod\u00e8le Bas jarretelles Contrast bicolore en nylon avec couture au talon cubain - champagne\/rouge sign\u00e9 WHAT KATIE DID, \u00e0 d\u00e9couvrir chez Madame Sensuelle. Essayage VIP disponible.\" \/>\n<meta property=\"og:url\" content=\"https:\/\/madame-sensuelle.paris\/en\/product\/bas-jarretelles-contrast-bicolore-en-nylon-avec-couture-au-talon-cubain-champagne-rouge\/\" \/>\n<meta property=\"og:site_name\" content=\"Madame Sensuelle\" \/>\n<meta property=\"article:publisher\" content=\"https:\/\/www.facebook.com\/madamesensuelle\" \/>\n<meta property=\"article:modified_time\" content=\"2026-04-05T23:59:25+00:00\" \/>\n<meta property=\"og:image\" content=\"https:\/\/madame-sensuelle.paris\/wp-content\/uploads\/2024\/10\/XSHD1TJ61071.webp\" \/>\n\t<meta property=\"og:image:width\" content=\"720\" \/>\n\t<meta property=\"og:image:height\" content=\"960\" \/>\n\t<meta property=\"og:image:type\" content=\"image\/webp\" \/>\n<meta name=\"twitter:card\" content=\"summary_large_image\" \/>\n<script type=\"application\/ld+json\" class=\"yoast-schema-graph\">{\"@context\":\"https:\\\/\\\/schema.org\",\"@graph\":[{\"@type\":\"WebPage\",\"@id\":\"https:\\\/\\\/madame-sensuelle.paris\\\/en\\\/product\\\/bas-jarretelles-contrast-bicolore-en-nylon-avec-couture-au-talon-cubain-champagne-rouge\\\/\",\"url\":\"https:\\\/\\\/madame-sensuelle.paris\\\/en\\\/product\\\/bas-jarretelles-contrast-bicolore-en-nylon-avec-couture-au-talon-cubain-champagne-rouge\\\/\",\"name\":\"Bas jarretelles Contrast bicolore en nylon avec couture au talon cubain - champagne\\\/rouge \u2013 WHAT KATIE DID - Madame Sensuelle\",\"isPartOf\":{\"@id\":\"https:\\\/\\\/madame-sensuelle.paris\\\/en\\\/#website\"},\"primaryImageOfPage\":{\"@id\":\"https:\\\/\\\/madame-sensuelle.paris\\\/en\\\/product\\\/bas-jarretelles-contrast-bicolore-en-nylon-avec-couture-au-talon-cubain-champagne-rouge\\\/#primaryimage\"},\"image\":{\"@id\":\"https:\\\/\\\/madame-sensuelle.paris\\\/en\\\/product\\\/bas-jarretelles-contrast-bicolore-en-nylon-avec-couture-au-talon-cubain-champagne-rouge\\\/#primaryimage\"},\"thumbnailUrl\":\"https:\\\/\\\/madame-sensuelle.paris\\\/wp-content\\\/uploads\\\/2024\\\/10\\\/XSHD1TJ61071.webp\",\"datePublished\":\"2024-10-23T14:56:46+00:00\",\"dateModified\":\"2026-04-05T23:59:25+00:00\",\"description\":\"Le mod\u00e8le Bas jarretelles Contrast bicolore en nylon avec couture au talon cubain - champagne\\\/rouge sign\u00e9 WHAT KATIE DID, \u00e0 d\u00e9couvrir chez Madame Sensuelle. Essayage VIP disponible.\",\"breadcrumb\":{\"@id\":\"https:\\\/\\\/madame-sensuelle.paris\\\/en\\\/product\\\/bas-jarretelles-contrast-bicolore-en-nylon-avec-couture-au-talon-cubain-champagne-rouge\\\/#breadcrumb\"},\"inLanguage\":\"en-US\",\"potentialAction\":[{\"@type\":\"ReadAction\",\"target\":[\"https:\\\/\\\/madame-sensuelle.paris\\\/en\\\/product\\\/bas-jarretelles-contrast-bicolore-en-nylon-avec-couture-au-talon-cubain-champagne-rouge\\\/\"]}]},{\"@type\":\"ImageObject\",\"inLanguage\":\"en-US\",\"@id\":\"https:\\\/\\\/madame-sensuelle.paris\\\/en\\\/product\\\/bas-jarretelles-contrast-bicolore-en-nylon-avec-couture-au-talon-cubain-champagne-rouge\\\/#primaryimage\",\"url\":\"https:\\\/\\\/madame-sensuelle.paris\\\/wp-content\\\/uploads\\\/2024\\\/10\\\/XSHD1TJ61071.webp\",\"contentUrl\":\"https:\\\/\\\/madame-sensuelle.paris\\\/wp-content\\\/uploads\\\/2024\\\/10\\\/XSHD1TJ61071.webp\",\"width\":720,\"height\":960},{\"@type\":\"BreadcrumbList\",\"@id\":\"https:\\\/\\\/madame-sensuelle.paris\\\/en\\\/product\\\/bas-jarretelles-contrast-bicolore-en-nylon-avec-couture-au-talon-cubain-champagne-rouge\\\/#breadcrumb\",\"itemListElement\":[{\"@type\":\"ListItem\",\"position\":1,\"name\":\"Acceuil\",\"item\":\"https:\\\/\\\/madame-sensuelle.paris\\\/en\\\/home\\\/\"},{\"@type\":\"ListItem\",\"position\":2,\"name\":\"Catalog\",\"item\":\"https:\\\/\\\/madame-sensuelle.paris\\\/en\\\/catalogue\\\/\"},{\"@type\":\"ListItem\",\"position\":3,\"name\":\"WHAT KATIE DID\",\"item\":\"https:\\\/\\\/madame-sensuelle.paris\\\/en\\\/brand\\\/what-katie-did-2\\\/\"},{\"@type\":\"ListItem\",\"position\":4,\"name\":\"Bas jarretelles Contrast bicolore en nylon avec couture au talon cubain &#8211; champagne\\\/rouge\"}]},{\"@type\":\"WebSite\",\"@id\":\"https:\\\/\\\/madame-sensuelle.paris\\\/en\\\/#website\",\"url\":\"https:\\\/\\\/madame-sensuelle.paris\\\/en\\\/\",\"name\":\"MADAME SENSUELLE\",\"description\":\"MADAME SENSUELLE: Found the biggest exciting brands of chic &amp; SEXY LINGERIE in Paris Boutique and on the WEB: Aubade, Dita Von Teese, Maison Close, Marjolaine, Bluebella, Atelier Amour, Luxxa, Catanzaro, Gracija Rim. You will found the big pleasure of sexy belt or bra make for you\",\"publisher\":{\"@id\":\"https:\\\/\\\/madame-sensuelle.paris\\\/en\\\/#organization\"},\"potentialAction\":[{\"@type\":\"SearchAction\",\"target\":{\"@type\":\"EntryPoint\",\"urlTemplate\":\"https:\\\/\\\/madame-sensuelle.paris\\\/en\\\/?s={search_term_string}\"},\"query-input\":{\"@type\":\"PropertyValueSpecification\",\"valueRequired\":true,\"valueName\":\"search_term_string\"}}],\"inLanguage\":\"en-US\"},{\"@type\":\"Organization\",\"@id\":\"https:\\\/\\\/madame-sensuelle.paris\\\/en\\\/#organization\",\"name\":\"Madame Sensuelle\",\"url\":\"https:\\\/\\\/madame-sensuelle.paris\\\/en\\\/\",\"logo\":{\"@type\":\"ImageObject\",\"inLanguage\":\"en-US\",\"@id\":\"https:\\\/\\\/madame-sensuelle.paris\\\/en\\\/#\\\/schema\\\/logo\\\/image\\\/\",\"url\":\"https:\\\/\\\/madame-sensuelle.paris\\\/wp-content\\\/uploads\\\/2024\\\/12\\\/logo_a-1-1_696.webp\",\"contentUrl\":\"https:\\\/\\\/madame-sensuelle.paris\\\/wp-content\\\/uploads\\\/2024\\\/12\\\/logo_a-1-1_696.webp\",\"width\":696,\"height\":696,\"caption\":\"Madame Sensuelle\"},\"image\":{\"@id\":\"https:\\\/\\\/madame-sensuelle.paris\\\/en\\\/#\\\/schema\\\/logo\\\/image\\\/\"},\"sameAs\":[\"https:\\\/\\\/www.facebook.com\\\/madamesensuelle\",\"https:\\\/\\\/www.instagram.com\\\/madame_sensuelle\\\/\"]}]}<\/script>\n<!-- \/ Yoast SEO plugin. -->","yoast_head_json":{"title":"Bas jarretelles Contrast bicolore en nylon avec couture au talon cubain - champagne\/rouge \u2013 WHAT KATIE DID - Madame Sensuelle","description":"Le mod\u00e8le Bas jarretelles Contrast bicolore en nylon avec couture au talon cubain - champagne\/rouge sign\u00e9 WHAT KATIE DID, \u00e0 d\u00e9couvrir chez Madame Sensuelle. Essayage VIP disponible.","robots":{"index":"index","follow":"follow","max-snippet":"max-snippet:-1","max-image-preview":"max-image-preview:large","max-video-preview":"max-video-preview:-1"},"canonical":"https:\/\/madame-sensuelle.paris\/en\/product\/bas-jarretelles-contrast-bicolore-en-nylon-avec-couture-au-talon-cubain-champagne-rouge\/","og_locale":"en_US","og_type":"article","og_title":"Bas jarretelles Contrast bicolore en nylon avec couture au talon cubain - champagne\/rouge \u2013 WHAT KATIE DID - Madame Sensuelle","og_description":"Le mod\u00e8le Bas jarretelles Contrast bicolore en nylon avec couture au talon cubain - champagne\/rouge sign\u00e9 WHAT KATIE DID, \u00e0 d\u00e9couvrir chez Madame Sensuelle. Essayage VIP disponible.","og_url":"https:\/\/madame-sensuelle.paris\/en\/product\/bas-jarretelles-contrast-bicolore-en-nylon-avec-couture-au-talon-cubain-champagne-rouge\/","og_site_name":"Madame Sensuelle","article_publisher":"https:\/\/www.facebook.com\/madamesensuelle","article_modified_time":"2026-04-05T23:59:25+00:00","og_image":[{"width":720,"height":960,"url":"https:\/\/madame-sensuelle.paris\/wp-content\/uploads\/2024\/10\/XSHD1TJ61071.webp","type":"image\/webp"}],"twitter_card":"summary_large_image","schema":{"@context":"https:\/\/schema.org","@graph":[{"@type":"WebPage","@id":"https:\/\/madame-sensuelle.paris\/en\/product\/bas-jarretelles-contrast-bicolore-en-nylon-avec-couture-au-talon-cubain-champagne-rouge\/","url":"https:\/\/madame-sensuelle.paris\/en\/product\/bas-jarretelles-contrast-bicolore-en-nylon-avec-couture-au-talon-cubain-champagne-rouge\/","name":"Bas jarretelles Contrast bicolore en nylon avec couture au talon cubain - champagne\/rouge \u2013 WHAT KATIE DID - Madame Sensuelle","isPartOf":{"@id":"https:\/\/madame-sensuelle.paris\/en\/#website"},"primaryImageOfPage":{"@id":"https:\/\/madame-sensuelle.paris\/en\/product\/bas-jarretelles-contrast-bicolore-en-nylon-avec-couture-au-talon-cubain-champagne-rouge\/#primaryimage"},"image":{"@id":"https:\/\/madame-sensuelle.paris\/en\/product\/bas-jarretelles-contrast-bicolore-en-nylon-avec-couture-au-talon-cubain-champagne-rouge\/#primaryimage"},"thumbnailUrl":"https:\/\/madame-sensuelle.paris\/wp-content\/uploads\/2024\/10\/XSHD1TJ61071.webp","datePublished":"2024-10-23T14:56:46+00:00","dateModified":"2026-04-05T23:59:25+00:00","description":"Le mod\u00e8le Bas jarretelles Contrast bicolore en nylon avec couture au talon cubain - champagne\/rouge sign\u00e9 WHAT KATIE DID, \u00e0 d\u00e9couvrir chez Madame Sensuelle. Essayage VIP disponible.","breadcrumb":{"@id":"https:\/\/madame-sensuelle.paris\/en\/product\/bas-jarretelles-contrast-bicolore-en-nylon-avec-couture-au-talon-cubain-champagne-rouge\/#breadcrumb"},"inLanguage":"en-US","potentialAction":[{"@type":"ReadAction","target":["https:\/\/madame-sensuelle.paris\/en\/product\/bas-jarretelles-contrast-bicolore-en-nylon-avec-couture-au-talon-cubain-champagne-rouge\/"]}]},{"@type":"ImageObject","inLanguage":"en-US","@id":"https:\/\/madame-sensuelle.paris\/en\/product\/bas-jarretelles-contrast-bicolore-en-nylon-avec-couture-au-talon-cubain-champagne-rouge\/#primaryimage","url":"https:\/\/madame-sensuelle.paris\/wp-content\/uploads\/2024\/10\/XSHD1TJ61071.webp","contentUrl":"https:\/\/madame-sensuelle.paris\/wp-content\/uploads\/2024\/10\/XSHD1TJ61071.webp","width":720,"height":960},{"@type":"BreadcrumbList","@id":"https:\/\/madame-sensuelle.paris\/en\/product\/bas-jarretelles-contrast-bicolore-en-nylon-avec-couture-au-talon-cubain-champagne-rouge\/#breadcrumb","itemListElement":[{"@type":"ListItem","position":1,"name":"Acceuil","item":"https:\/\/madame-sensuelle.paris\/en\/home\/"},{"@type":"ListItem","position":2,"name":"Catalog","item":"https:\/\/madame-sensuelle.paris\/en\/catalogue\/"},{"@type":"ListItem","position":3,"name":"WHAT KATIE DID","item":"https:\/\/madame-sensuelle.paris\/en\/brand\/what-katie-did-2\/"},{"@type":"ListItem","position":4,"name":"Bas jarretelles Contrast bicolore en nylon avec couture au talon cubain &#8211; champagne\/rouge"}]},{"@type":"WebSite","@id":"https:\/\/madame-sensuelle.paris\/en\/#website","url":"https:\/\/madame-sensuelle.paris\/en\/","name":"MADAME SENSUELLE","description":"MADAME SENSUELLE: Found the biggest exciting brands of chic &amp; SEXY LINGERIE in Paris Boutique and on the WEB: Aubade, Dita Von Teese, Maison Close, Marjolaine, Bluebella, Atelier Amour, Luxxa, Catanzaro, Gracija Rim. You will found the big pleasure of sexy belt or bra make for you","publisher":{"@id":"https:\/\/madame-sensuelle.paris\/en\/#organization"},"potentialAction":[{"@type":"SearchAction","target":{"@type":"EntryPoint","urlTemplate":"https:\/\/madame-sensuelle.paris\/en\/?s={search_term_string}"},"query-input":{"@type":"PropertyValueSpecification","valueRequired":true,"valueName":"search_term_string"}}],"inLanguage":"en-US"},{"@type":"Organization","@id":"https:\/\/madame-sensuelle.paris\/en\/#organization","name":"Madame Sensuelle","url":"https:\/\/madame-sensuelle.paris\/en\/","logo":{"@type":"ImageObject","inLanguage":"en-US","@id":"https:\/\/madame-sensuelle.paris\/en\/#\/schema\/logo\/image\/","url":"https:\/\/madame-sensuelle.paris\/wp-content\/uploads\/2024\/12\/logo_a-1-1_696.webp","contentUrl":"https:\/\/madame-sensuelle.paris\/wp-content\/uploads\/2024\/12\/logo_a-1-1_696.webp","width":696,"height":696,"caption":"Madame Sensuelle"},"image":{"@id":"https:\/\/madame-sensuelle.paris\/en\/#\/schema\/logo\/image\/"},"sameAs":["https:\/\/www.facebook.com\/madamesensuelle","https:\/\/www.instagram.com\/madame_sensuelle\/"]}]}},"brands":[{"id":3632,"name":"WHAT KATIE DID","slug":"what-katie-did-2"}],"_links":{"self":[{"href":"https:\/\/madame-sensuelle.paris\/en\/wp-json\/wp\/v2\/product\/111337","targetHints":{"allow":["GET"]}}],"collection":[{"href":"https:\/\/madame-sensuelle.paris\/en\/wp-json\/wp\/v2\/product"}],"about":[{"href":"https:\/\/madame-sensuelle.paris\/en\/wp-json\/wp\/v2\/types\/product"}],"version-history":[{"count":1,"href":"https:\/\/madame-sensuelle.paris\/en\/wp-json\/wp\/v2\/product\/111337\/revisions"}],"predecessor-version":[{"id":111535,"href":"https:\/\/madame-sensuelle.paris\/en\/wp-json\/wp\/v2\/product\/111337\/revisions\/111535"}],"wp:featuredmedia":[{"embeddable":true,"href":"https:\/\/madame-sensuelle.paris\/en\/wp-json\/wp\/v2\/media\/110673"}],"wp:attachment":[{"href":"https:\/\/madame-sensuelle.paris\/en\/wp-json\/wp\/v2\/media?parent=111337"}],"wp:term":[{"taxonomy":"pwb-brand","embeddable":true,"href":"https:\/\/madame-sensuelle.paris\/en\/wp-json\/wp\/v2\/pwb-brand?post=111337"},{"taxonomy":"product_brand","embeddable":true,"href":"https:\/\/madame-sensuelle.paris\/en\/wp-json\/wp\/v2\/product_brand?post=111337"},{"taxonomy":"product_cat","embeddable":true,"href":"https:\/\/madame-sensuelle.paris\/en\/wp-json\/wp\/v2\/product_cat?post=111337"},{"taxonomy":"product_tag","embeddable":true,"href":"https:\/\/madame-sensuelle.paris\/en\/wp-json\/wp\/v2\/product_tag?post=111337"},{"taxonomy":"giftcard-category","embeddable":true,"href":"https:\/\/madame-sensuelle.paris\/en\/wp-json\/wp\/v2\/giftcard-category?post=111337"}],"curies":[{"name":"wp","href":"https:\/\/api.w.org\/{rel}","templated":true}]}}