{"id":111401,"date":"2024-10-09T09:20:48","date_gmt":"2024-10-09T09:20:48","guid":{"rendered":"https:\/\/madame-sensuelle.paris\/product\/robe-caged-en-vinyle-fermeture-eclair-sur-le-dos\/"},"modified":"2026-04-05T22:29:33","modified_gmt":"2026-04-05T22:29:33","slug":"robe-caged-en-vinyle-fermeture-eclair-sur-le-dos","status":"publish","type":"product","link":"https:\/\/madame-sensuelle.paris\/en\/product\/robe-caged-en-vinyle-fermeture-eclair-sur-le-dos\/","title":{"rendered":"Caged vinyl back zip dress"},"content":{"rendered":"<p><strong data-start=\"39\" data-end=\"60\">Sultry Vinyl Gown<\/strong> \u2013 This stunning long vinyl dress is designed to turn heads. The sleek bustier features bold side straps that tease with glimpses of skin, while the sheer, see-through panels along the sides add an irresistibly seductive touch. Glossy vinyl adorns both the front and back, sculpting your curves to perfection. A back zipper closure ensures a seamless fit. The ultimate choice for your most daring nights.<\/p>\n","protected":false},"excerpt":{"rendered":"<p>Sultry Vinyl Gown \u2013 This stunning long vinyl dress is designed to turn heads. The sleek bustier features bold side straps that tease with glimpses of skin, while the sheer, see-through panels along the sides add an irresistibly seductive touch. Glossy vinyl adorns both the front and back, sculpting your curves to perfection. A back<\/p>\n","protected":false},"featured_media":121958,"template":"","meta":[],"pwb-brand":[],"product_brand":[],"product_cat":[3296,3293],"product_tag":[],"giftcard-category":[],"class_list":{"0":"post-111401","1":"product","2":"type-product","3":"status-publish","4":"has-post-thumbnail","6":"product_cat-dresses","7":"product_cat-longwear","9":"first","10":"instock","11":"taxable","12":"shipping-taxable","13":"purchasable","14":"product-type-variable","15":"has-default-attributes"},"yoast_head":"<!-- This site is optimized with the Yoast SEO plugin v27.3 - https:\/\/yoast.com\/product\/yoast-seo-wordpress\/ -->\n<title>Caged vinyl back zip dress Sultry Vinyl Gown \u2013 This stunning long vinyl dress is designed to turn heads. The sleek bustier features bold side straps that tease with glimpses of skin, while the sheer, see-through panels along the sides add an irresistibly seductive touch. Glossy vinyl adorns both the front and back, sculpting your curves to perfection. A back zipper closure ensures a seamless fit. The ultimate choice for your most daring nights.<\/title>\n<meta name=\"description\" content=\"Robe longue en vinyle. Le bustier est en vinyle avec des bride sur le cot\u00e9s qui laisse apparaitre un peut de votre peau. Les cot\u00e9s sont tout en transparence se qui rend la robe tr\u00e8s sexy, on retrouve le vinyle a l&#039;avant et l&#039;arri\u00e8re. Elle s&#039;ouvre gr\u00e2ce a une fermeture sur le dos. Parfaite pour vos soir\u00e9e coquine.\u00a0 \u00a0\" \/>\n<meta name=\"robots\" content=\"index, follow, max-snippet:-1, max-image-preview:large, max-video-preview:-1\" \/>\n<link rel=\"canonical\" href=\"https:\/\/madame-sensuelle.paris\/en\/product\/robe-caged-en-vinyle-fermeture-eclair-sur-le-dos\/\" \/>\n<meta property=\"og:locale\" content=\"en_US\" \/>\n<meta property=\"og:type\" content=\"article\" \/>\n<meta property=\"og:title\" content=\"Caged vinyl back zip dress Sultry Vinyl Gown \u2013 This stunning long vinyl dress is designed to turn heads. The sleek bustier features bold side straps that tease with glimpses of skin, while the sheer, see-through panels along the sides add an irresistibly seductive touch. Glossy vinyl adorns both the front and back, sculpting your curves to perfection. A back zipper closure ensures a seamless fit. The ultimate choice for your most daring nights.\" \/>\n<meta property=\"og:description\" content=\"Robe longue en vinyle. Le bustier est en vinyle avec des bride sur le cot\u00e9s qui laisse apparaitre un peut de votre peau. Les cot\u00e9s sont tout en transparence se qui rend la robe tr\u00e8s sexy, on retrouve le vinyle a l&#039;avant et l&#039;arri\u00e8re. Elle s&#039;ouvre gr\u00e2ce a une fermeture sur le dos. Parfaite pour vos soir\u00e9e coquine.\u00a0 \u00a0\" \/>\n<meta property=\"og:url\" content=\"https:\/\/madame-sensuelle.paris\/en\/product\/robe-caged-en-vinyle-fermeture-eclair-sur-le-dos\/\" \/>\n<meta property=\"og:site_name\" content=\"Madame Sensuelle\" \/>\n<meta property=\"article:publisher\" content=\"https:\/\/www.facebook.com\/madamesensuelle\" \/>\n<meta property=\"article:modified_time\" content=\"2026-04-05T22:29:33+00:00\" \/>\n<meta property=\"og:image\" content=\"https:\/\/madame-sensuelle.paris\/wp-content\/uploads\/2024\/10\/XSHD1TJ6986.jpg\" \/>\n\t<meta property=\"og:image:width\" content=\"291\" \/>\n\t<meta property=\"og:image:height\" content=\"389\" \/>\n\t<meta property=\"og:image:type\" content=\"image\/jpeg\" \/>\n<meta name=\"twitter:card\" content=\"summary_large_image\" \/>\n<meta name=\"twitter:label1\" content=\"Est. reading time\" \/>\n\t<meta name=\"twitter:data1\" content=\"1 minute\" \/>\n<script type=\"application\/ld+json\" class=\"yoast-schema-graph\">{\"@context\":\"https:\\\/\\\/schema.org\",\"@graph\":[{\"@type\":\"WebPage\",\"@id\":\"https:\\\/\\\/madame-sensuelle.paris\\\/en\\\/product\\\/robe-caged-en-vinyle-fermeture-eclair-sur-le-dos\\\/\",\"url\":\"https:\\\/\\\/madame-sensuelle.paris\\\/en\\\/product\\\/robe-caged-en-vinyle-fermeture-eclair-sur-le-dos\\\/\",\"name\":\"Caged vinyl back zip dress Sultry Vinyl Gown \u2013 This stunning long vinyl dress is designed to turn heads. The sleek bustier features bold side straps that tease with glimpses of skin, while the sheer, see-through panels along the sides add an irresistibly seductive touch. Glossy vinyl adorns both the front and back, sculpting your curves to perfection. A back zipper closure ensures a seamless fit. The ultimate choice for your most daring nights.\",\"isPartOf\":{\"@id\":\"https:\\\/\\\/madame-sensuelle.paris\\\/en\\\/#website\"},\"primaryImageOfPage\":{\"@id\":\"https:\\\/\\\/madame-sensuelle.paris\\\/en\\\/product\\\/robe-caged-en-vinyle-fermeture-eclair-sur-le-dos\\\/#primaryimage\"},\"image\":{\"@id\":\"https:\\\/\\\/madame-sensuelle.paris\\\/en\\\/product\\\/robe-caged-en-vinyle-fermeture-eclair-sur-le-dos\\\/#primaryimage\"},\"thumbnailUrl\":\"https:\\\/\\\/madame-sensuelle.paris\\\/wp-content\\\/uploads\\\/2025\\\/08\\\/XSHD1TJ6986.jpg\",\"datePublished\":\"2024-10-09T09:20:48+00:00\",\"dateModified\":\"2026-04-05T22:29:33+00:00\",\"description\":\"Robe longue en vinyle. Le bustier est en vinyle avec des bride sur le cot\u00e9s qui laisse apparaitre un peut de votre peau. Les cot\u00e9s sont tout en transparence se qui rend la robe tr\u00e8s sexy, on retrouve le vinyle a l'avant et l'arri\u00e8re. Elle s'ouvre gr\u00e2ce a une fermeture sur le dos. Parfaite pour vos soir\u00e9e coquine.\u00a0 \u00a0\",\"breadcrumb\":{\"@id\":\"https:\\\/\\\/madame-sensuelle.paris\\\/en\\\/product\\\/robe-caged-en-vinyle-fermeture-eclair-sur-le-dos\\\/#breadcrumb\"},\"inLanguage\":\"en-US\",\"potentialAction\":[{\"@type\":\"ReadAction\",\"target\":[\"https:\\\/\\\/madame-sensuelle.paris\\\/en\\\/product\\\/robe-caged-en-vinyle-fermeture-eclair-sur-le-dos\\\/\"]}]},{\"@type\":\"ImageObject\",\"inLanguage\":\"en-US\",\"@id\":\"https:\\\/\\\/madame-sensuelle.paris\\\/en\\\/product\\\/robe-caged-en-vinyle-fermeture-eclair-sur-le-dos\\\/#primaryimage\",\"url\":\"https:\\\/\\\/madame-sensuelle.paris\\\/wp-content\\\/uploads\\\/2025\\\/08\\\/XSHD1TJ6986.jpg\",\"contentUrl\":\"https:\\\/\\\/madame-sensuelle.paris\\\/wp-content\\\/uploads\\\/2025\\\/08\\\/XSHD1TJ6986.jpg\",\"width\":291,\"height\":389},{\"@type\":\"BreadcrumbList\",\"@id\":\"https:\\\/\\\/madame-sensuelle.paris\\\/en\\\/product\\\/robe-caged-en-vinyle-fermeture-eclair-sur-le-dos\\\/#breadcrumb\",\"itemListElement\":[{\"@type\":\"ListItem\",\"position\":1,\"name\":\"Acceuil\",\"item\":\"https:\\\/\\\/madame-sensuelle.paris\\\/en\\\/home\\\/\"},{\"@type\":\"ListItem\",\"position\":2,\"name\":\"Catalog\",\"item\":\"https:\\\/\\\/madame-sensuelle.paris\\\/en\\\/catalogue\\\/\"},{\"@type\":\"ListItem\",\"position\":3,\"name\":\"OH LA LA CHERI\",\"item\":\"https:\\\/\\\/madame-sensuelle.paris\\\/en\\\/brand\\\/oh-la-la-cheri-2\\\/\"},{\"@type\":\"ListItem\",\"position\":4,\"name\":\"Caged vinyl back zip dress\"}]},{\"@type\":\"WebSite\",\"@id\":\"https:\\\/\\\/madame-sensuelle.paris\\\/en\\\/#website\",\"url\":\"https:\\\/\\\/madame-sensuelle.paris\\\/en\\\/\",\"name\":\"MADAME SENSUELLE\",\"description\":\"MADAME SENSUELLE: Found the biggest exciting brands of chic &amp; SEXY LINGERIE in Paris Boutique and on the WEB: Aubade, Dita Von Teese, Maison Close, Marjolaine, Bluebella, Atelier Amour, Luxxa, Catanzaro, Gracija Rim. You will found the big pleasure of sexy belt or bra make for you\",\"publisher\":{\"@id\":\"https:\\\/\\\/madame-sensuelle.paris\\\/en\\\/#organization\"},\"potentialAction\":[{\"@type\":\"SearchAction\",\"target\":{\"@type\":\"EntryPoint\",\"urlTemplate\":\"https:\\\/\\\/madame-sensuelle.paris\\\/en\\\/?s={search_term_string}\"},\"query-input\":{\"@type\":\"PropertyValueSpecification\",\"valueRequired\":true,\"valueName\":\"search_term_string\"}}],\"inLanguage\":\"en-US\"},{\"@type\":\"Organization\",\"@id\":\"https:\\\/\\\/madame-sensuelle.paris\\\/en\\\/#organization\",\"name\":\"Madame Sensuelle\",\"url\":\"https:\\\/\\\/madame-sensuelle.paris\\\/en\\\/\",\"logo\":{\"@type\":\"ImageObject\",\"inLanguage\":\"en-US\",\"@id\":\"https:\\\/\\\/madame-sensuelle.paris\\\/en\\\/#\\\/schema\\\/logo\\\/image\\\/\",\"url\":\"https:\\\/\\\/madame-sensuelle.paris\\\/wp-content\\\/uploads\\\/2024\\\/12\\\/logo_a-1-1_696.webp\",\"contentUrl\":\"https:\\\/\\\/madame-sensuelle.paris\\\/wp-content\\\/uploads\\\/2024\\\/12\\\/logo_a-1-1_696.webp\",\"width\":696,\"height\":696,\"caption\":\"Madame Sensuelle\"},\"image\":{\"@id\":\"https:\\\/\\\/madame-sensuelle.paris\\\/en\\\/#\\\/schema\\\/logo\\\/image\\\/\"},\"sameAs\":[\"https:\\\/\\\/www.facebook.com\\\/madamesensuelle\",\"https:\\\/\\\/www.instagram.com\\\/madame_sensuelle\\\/\"]}]}<\/script>\n<!-- \/ Yoast SEO plugin. -->","yoast_head_json":{"title":"Caged vinyl back zip dress Sultry Vinyl Gown \u2013 This stunning long vinyl dress is designed to turn heads. The sleek bustier features bold side straps that tease with glimpses of skin, while the sheer, see-through panels along the sides add an irresistibly seductive touch. Glossy vinyl adorns both the front and back, sculpting your curves to perfection. A back zipper closure ensures a seamless fit. The ultimate choice for your most daring nights.","description":"Robe longue en vinyle. Le bustier est en vinyle avec des bride sur le cot\u00e9s qui laisse apparaitre un peut de votre peau. Les cot\u00e9s sont tout en transparence se qui rend la robe tr\u00e8s sexy, on retrouve le vinyle a l'avant et l'arri\u00e8re. Elle s'ouvre gr\u00e2ce a une fermeture sur le dos. Parfaite pour vos soir\u00e9e coquine.\u00a0 \u00a0","robots":{"index":"index","follow":"follow","max-snippet":"max-snippet:-1","max-image-preview":"max-image-preview:large","max-video-preview":"max-video-preview:-1"},"canonical":"https:\/\/madame-sensuelle.paris\/en\/product\/robe-caged-en-vinyle-fermeture-eclair-sur-le-dos\/","og_locale":"en_US","og_type":"article","og_title":"Caged vinyl back zip dress Sultry Vinyl Gown \u2013 This stunning long vinyl dress is designed to turn heads. The sleek bustier features bold side straps that tease with glimpses of skin, while the sheer, see-through panels along the sides add an irresistibly seductive touch. Glossy vinyl adorns both the front and back, sculpting your curves to perfection. A back zipper closure ensures a seamless fit. The ultimate choice for your most daring nights.","og_description":"Robe longue en vinyle. Le bustier est en vinyle avec des bride sur le cot\u00e9s qui laisse apparaitre un peut de votre peau. Les cot\u00e9s sont tout en transparence se qui rend la robe tr\u00e8s sexy, on retrouve le vinyle a l'avant et l'arri\u00e8re. Elle s'ouvre gr\u00e2ce a une fermeture sur le dos. Parfaite pour vos soir\u00e9e coquine.\u00a0 \u00a0","og_url":"https:\/\/madame-sensuelle.paris\/en\/product\/robe-caged-en-vinyle-fermeture-eclair-sur-le-dos\/","og_site_name":"Madame Sensuelle","article_publisher":"https:\/\/www.facebook.com\/madamesensuelle","article_modified_time":"2026-04-05T22:29:33+00:00","og_image":[{"width":291,"height":389,"url":"https:\/\/madame-sensuelle.paris\/wp-content\/uploads\/2024\/10\/XSHD1TJ6986.jpg","type":"image\/jpeg"}],"twitter_card":"summary_large_image","twitter_misc":{"Est. reading time":"1 minute"},"schema":{"@context":"https:\/\/schema.org","@graph":[{"@type":"WebPage","@id":"https:\/\/madame-sensuelle.paris\/en\/product\/robe-caged-en-vinyle-fermeture-eclair-sur-le-dos\/","url":"https:\/\/madame-sensuelle.paris\/en\/product\/robe-caged-en-vinyle-fermeture-eclair-sur-le-dos\/","name":"Caged vinyl back zip dress Sultry Vinyl Gown \u2013 This stunning long vinyl dress is designed to turn heads. The sleek bustier features bold side straps that tease with glimpses of skin, while the sheer, see-through panels along the sides add an irresistibly seductive touch. Glossy vinyl adorns both the front and back, sculpting your curves to perfection. A back zipper closure ensures a seamless fit. The ultimate choice for your most daring nights.","isPartOf":{"@id":"https:\/\/madame-sensuelle.paris\/en\/#website"},"primaryImageOfPage":{"@id":"https:\/\/madame-sensuelle.paris\/en\/product\/robe-caged-en-vinyle-fermeture-eclair-sur-le-dos\/#primaryimage"},"image":{"@id":"https:\/\/madame-sensuelle.paris\/en\/product\/robe-caged-en-vinyle-fermeture-eclair-sur-le-dos\/#primaryimage"},"thumbnailUrl":"https:\/\/madame-sensuelle.paris\/wp-content\/uploads\/2025\/08\/XSHD1TJ6986.jpg","datePublished":"2024-10-09T09:20:48+00:00","dateModified":"2026-04-05T22:29:33+00:00","description":"Robe longue en vinyle. Le bustier est en vinyle avec des bride sur le cot\u00e9s qui laisse apparaitre un peut de votre peau. Les cot\u00e9s sont tout en transparence se qui rend la robe tr\u00e8s sexy, on retrouve le vinyle a l'avant et l'arri\u00e8re. Elle s'ouvre gr\u00e2ce a une fermeture sur le dos. Parfaite pour vos soir\u00e9e coquine.\u00a0 \u00a0","breadcrumb":{"@id":"https:\/\/madame-sensuelle.paris\/en\/product\/robe-caged-en-vinyle-fermeture-eclair-sur-le-dos\/#breadcrumb"},"inLanguage":"en-US","potentialAction":[{"@type":"ReadAction","target":["https:\/\/madame-sensuelle.paris\/en\/product\/robe-caged-en-vinyle-fermeture-eclair-sur-le-dos\/"]}]},{"@type":"ImageObject","inLanguage":"en-US","@id":"https:\/\/madame-sensuelle.paris\/en\/product\/robe-caged-en-vinyle-fermeture-eclair-sur-le-dos\/#primaryimage","url":"https:\/\/madame-sensuelle.paris\/wp-content\/uploads\/2025\/08\/XSHD1TJ6986.jpg","contentUrl":"https:\/\/madame-sensuelle.paris\/wp-content\/uploads\/2025\/08\/XSHD1TJ6986.jpg","width":291,"height":389},{"@type":"BreadcrumbList","@id":"https:\/\/madame-sensuelle.paris\/en\/product\/robe-caged-en-vinyle-fermeture-eclair-sur-le-dos\/#breadcrumb","itemListElement":[{"@type":"ListItem","position":1,"name":"Acceuil","item":"https:\/\/madame-sensuelle.paris\/en\/home\/"},{"@type":"ListItem","position":2,"name":"Catalog","item":"https:\/\/madame-sensuelle.paris\/en\/catalogue\/"},{"@type":"ListItem","position":3,"name":"OH LA LA CHERI","item":"https:\/\/madame-sensuelle.paris\/en\/brand\/oh-la-la-cheri-2\/"},{"@type":"ListItem","position":4,"name":"Caged vinyl back zip dress"}]},{"@type":"WebSite","@id":"https:\/\/madame-sensuelle.paris\/en\/#website","url":"https:\/\/madame-sensuelle.paris\/en\/","name":"MADAME SENSUELLE","description":"MADAME SENSUELLE: Found the biggest exciting brands of chic &amp; SEXY LINGERIE in Paris Boutique and on the WEB: Aubade, Dita Von Teese, Maison Close, Marjolaine, Bluebella, Atelier Amour, Luxxa, Catanzaro, Gracija Rim. You will found the big pleasure of sexy belt or bra make for you","publisher":{"@id":"https:\/\/madame-sensuelle.paris\/en\/#organization"},"potentialAction":[{"@type":"SearchAction","target":{"@type":"EntryPoint","urlTemplate":"https:\/\/madame-sensuelle.paris\/en\/?s={search_term_string}"},"query-input":{"@type":"PropertyValueSpecification","valueRequired":true,"valueName":"search_term_string"}}],"inLanguage":"en-US"},{"@type":"Organization","@id":"https:\/\/madame-sensuelle.paris\/en\/#organization","name":"Madame Sensuelle","url":"https:\/\/madame-sensuelle.paris\/en\/","logo":{"@type":"ImageObject","inLanguage":"en-US","@id":"https:\/\/madame-sensuelle.paris\/en\/#\/schema\/logo\/image\/","url":"https:\/\/madame-sensuelle.paris\/wp-content\/uploads\/2024\/12\/logo_a-1-1_696.webp","contentUrl":"https:\/\/madame-sensuelle.paris\/wp-content\/uploads\/2024\/12\/logo_a-1-1_696.webp","width":696,"height":696,"caption":"Madame Sensuelle"},"image":{"@id":"https:\/\/madame-sensuelle.paris\/en\/#\/schema\/logo\/image\/"},"sameAs":["https:\/\/www.facebook.com\/madamesensuelle","https:\/\/www.instagram.com\/madame_sensuelle\/"]}]}},"brands":[],"_links":{"self":[{"href":"https:\/\/madame-sensuelle.paris\/en\/wp-json\/wp\/v2\/product\/111401","targetHints":{"allow":["GET"]}}],"collection":[{"href":"https:\/\/madame-sensuelle.paris\/en\/wp-json\/wp\/v2\/product"}],"about":[{"href":"https:\/\/madame-sensuelle.paris\/en\/wp-json\/wp\/v2\/types\/product"}],"version-history":[{"count":1,"href":"https:\/\/madame-sensuelle.paris\/en\/wp-json\/wp\/v2\/product\/111401\/revisions"}],"predecessor-version":[{"id":117412,"href":"https:\/\/madame-sensuelle.paris\/en\/wp-json\/wp\/v2\/product\/111401\/revisions\/117412"}],"wp:featuredmedia":[{"embeddable":true,"href":"https:\/\/madame-sensuelle.paris\/en\/wp-json\/wp\/v2\/media\/121958"}],"wp:attachment":[{"href":"https:\/\/madame-sensuelle.paris\/en\/wp-json\/wp\/v2\/media?parent=111401"}],"wp:term":[{"taxonomy":"pwb-brand","embeddable":true,"href":"https:\/\/madame-sensuelle.paris\/en\/wp-json\/wp\/v2\/pwb-brand?post=111401"},{"taxonomy":"product_brand","embeddable":true,"href":"https:\/\/madame-sensuelle.paris\/en\/wp-json\/wp\/v2\/product_brand?post=111401"},{"taxonomy":"product_cat","embeddable":true,"href":"https:\/\/madame-sensuelle.paris\/en\/wp-json\/wp\/v2\/product_cat?post=111401"},{"taxonomy":"product_tag","embeddable":true,"href":"https:\/\/madame-sensuelle.paris\/en\/wp-json\/wp\/v2\/product_tag?post=111401"},{"taxonomy":"giftcard-category","embeddable":true,"href":"https:\/\/madame-sensuelle.paris\/en\/wp-json\/wp\/v2\/giftcard-category?post=111401"}],"curies":[{"name":"wp","href":"https:\/\/api.w.org\/{rel}","templated":true}]}}