{"id":111413,"date":"2024-10-09T09:02:32","date_gmt":"2024-10-09T09:02:32","guid":{"rendered":"https:\/\/madame-sensuelle.paris\/product\/robe-harmonia-en-soie-avec-haut-en-tulle-transparente\/"},"modified":"2026-04-05T22:13:23","modified_gmt":"2026-04-05T22:13:23","slug":"robe-harmonia-en-soie-avec-haut-en-tulle-transparente","status":"publish","type":"product","link":"https:\/\/madame-sensuelle.paris\/en\/product\/robe-harmonia-en-soie-avec-haut-en-tulle-transparente\/","title":{"rendered":"Harmonia dress in silk with sheer tulle top"},"content":{"rendered":"<p data-start=\"959\" data-end=\"1198\">Let yourself be bewitched by the intoxicating elegance of the Harmonia Dress. Made from sumptuous silk, it glides over your figure with infinite grace. Its sheer tulle top plays on sensuality, delicately revealing your skin for an effect that&#8217;s both daring and refined. At the crossroads of glamour and delicacy, this dress is an ode to femininity. Put it on&#8230; and let the magic happen.<\/p>\n","protected":false},"excerpt":{"rendered":"<p>Let yourself be bewitched by the intoxicating elegance of the Harmonia Dress. Made from sumptuous silk, it glides over your figure with infinite grace. Its sheer tulle top plays on sensuality, delicately revealing your skin for an effect that&#8217;s both daring and refined. At the crossroads of glamour and delicacy, this dress is an ode<\/p>\n","protected":false},"featured_media":109980,"template":"","meta":[],"pwb-brand":[3631],"product_brand":[],"product_cat":[3296,3293],"product_tag":[],"giftcard-category":[],"class_list":{"0":"post-111413","1":"product","2":"type-product","3":"status-publish","4":"has-post-thumbnail","6":"pwb-brand-valnue-2","7":"product_cat-dresses","8":"product_cat-longwear","10":"first","11":"instock","12":"taxable","13":"shipping-taxable","14":"purchasable","15":"product-type-variable","16":"has-default-attributes"},"yoast_head":"<!-- This site is optimized with the Yoast SEO plugin v27.3 - https:\/\/yoast.com\/product\/yoast-seo-wordpress\/ -->\n<title>Harmonia dress in silk with sheer tulle top Let yourself be bewitched by the intoxicating elegance of the Harmonia Dress. Made from sumptuous silk, it glides over your figure with infinite grace. Its sheer tulle top plays on sensuality, delicately revealing your skin for an effect that&#039;s both daring and refined. At the crossroads of glamour and delicacy, this dress is an ode to femininity. Put it on... and let the magic happen.<\/title>\n<meta name=\"description\" content=\"Le mod\u00e8le Harmonia dress in silk with sheer tulle top sign\u00e9 VALNUE, \u00e0 d\u00e9couvrir chez Madame Sensuelle. Essayage VIP disponible.\" \/>\n<meta name=\"robots\" content=\"index, follow, max-snippet:-1, max-image-preview:large, max-video-preview:-1\" \/>\n<link rel=\"canonical\" href=\"https:\/\/madame-sensuelle.paris\/en\/product\/robe-harmonia-en-soie-avec-haut-en-tulle-transparente\/\" \/>\n<meta property=\"og:locale\" content=\"en_US\" \/>\n<meta property=\"og:type\" content=\"article\" \/>\n<meta property=\"og:title\" content=\"Harmonia dress in silk with sheer tulle top Let yourself be bewitched by the intoxicating elegance of the Harmonia Dress. Made from sumptuous silk, it glides over your figure with infinite grace. Its sheer tulle top plays on sensuality, delicately revealing your skin for an effect that&#039;s both daring and refined. At the crossroads of glamour and delicacy, this dress is an ode to femininity. Put it on... and let the magic happen.\" \/>\n<meta property=\"og:description\" content=\"Le mod\u00e8le Harmonia dress in silk with sheer tulle top sign\u00e9 VALNUE, \u00e0 d\u00e9couvrir chez Madame Sensuelle. Essayage VIP disponible.\" \/>\n<meta property=\"og:url\" content=\"https:\/\/madame-sensuelle.paris\/en\/product\/robe-harmonia-en-soie-avec-haut-en-tulle-transparente\/\" \/>\n<meta property=\"og:site_name\" content=\"Madame Sensuelle\" \/>\n<meta property=\"article:publisher\" content=\"https:\/\/www.facebook.com\/madamesensuelle\" \/>\n<meta property=\"article:modified_time\" content=\"2026-04-05T22:13:23+00:00\" \/>\n<meta property=\"og:image\" content=\"https:\/\/madame-sensuelle.paris\/wp-content\/uploads\/2024\/10\/XSHD1TJ6971.jpg\" \/>\n\t<meta property=\"og:image:width\" content=\"1200\" \/>\n\t<meta property=\"og:image:height\" content=\"1799\" \/>\n\t<meta property=\"og:image:type\" content=\"image\/jpeg\" \/>\n<meta name=\"twitter:card\" content=\"summary_large_image\" \/>\n<meta name=\"twitter:label1\" content=\"Est. reading time\" \/>\n\t<meta name=\"twitter:data1\" content=\"1 minute\" \/>\n<script type=\"application\/ld+json\" class=\"yoast-schema-graph\">{\"@context\":\"https:\\\/\\\/schema.org\",\"@graph\":[{\"@type\":\"WebPage\",\"@id\":\"https:\\\/\\\/madame-sensuelle.paris\\\/en\\\/product\\\/robe-harmonia-en-soie-avec-haut-en-tulle-transparente\\\/\",\"url\":\"https:\\\/\\\/madame-sensuelle.paris\\\/en\\\/product\\\/robe-harmonia-en-soie-avec-haut-en-tulle-transparente\\\/\",\"name\":\"Harmonia dress in silk with sheer tulle top Let yourself be bewitched by the intoxicating elegance of the Harmonia Dress. Made from sumptuous silk, it glides over your figure with infinite grace. Its sheer tulle top plays on sensuality, delicately revealing your skin for an effect that's both daring and refined. At the crossroads of glamour and delicacy, this dress is an ode to femininity. Put it on... and let the magic happen.\",\"isPartOf\":{\"@id\":\"https:\\\/\\\/madame-sensuelle.paris\\\/en\\\/#website\"},\"primaryImageOfPage\":{\"@id\":\"https:\\\/\\\/madame-sensuelle.paris\\\/en\\\/product\\\/robe-harmonia-en-soie-avec-haut-en-tulle-transparente\\\/#primaryimage\"},\"image\":{\"@id\":\"https:\\\/\\\/madame-sensuelle.paris\\\/en\\\/product\\\/robe-harmonia-en-soie-avec-haut-en-tulle-transparente\\\/#primaryimage\"},\"thumbnailUrl\":\"https:\\\/\\\/madame-sensuelle.paris\\\/wp-content\\\/uploads\\\/2024\\\/10\\\/XSHD1TJ6971.jpg\",\"datePublished\":\"2024-10-09T09:02:32+00:00\",\"dateModified\":\"2026-04-05T22:13:23+00:00\",\"description\":\"Le mod\u00e8le Harmonia dress in silk with sheer tulle top sign\u00e9 VALNUE, \u00e0 d\u00e9couvrir chez Madame Sensuelle. Essayage VIP disponible.\",\"breadcrumb\":{\"@id\":\"https:\\\/\\\/madame-sensuelle.paris\\\/en\\\/product\\\/robe-harmonia-en-soie-avec-haut-en-tulle-transparente\\\/#breadcrumb\"},\"inLanguage\":\"en-US\",\"potentialAction\":[{\"@type\":\"ReadAction\",\"target\":[\"https:\\\/\\\/madame-sensuelle.paris\\\/en\\\/product\\\/robe-harmonia-en-soie-avec-haut-en-tulle-transparente\\\/\"]}]},{\"@type\":\"ImageObject\",\"inLanguage\":\"en-US\",\"@id\":\"https:\\\/\\\/madame-sensuelle.paris\\\/en\\\/product\\\/robe-harmonia-en-soie-avec-haut-en-tulle-transparente\\\/#primaryimage\",\"url\":\"https:\\\/\\\/madame-sensuelle.paris\\\/wp-content\\\/uploads\\\/2024\\\/10\\\/XSHD1TJ6971.jpg\",\"contentUrl\":\"https:\\\/\\\/madame-sensuelle.paris\\\/wp-content\\\/uploads\\\/2024\\\/10\\\/XSHD1TJ6971.jpg\",\"width\":1200,\"height\":1799},{\"@type\":\"BreadcrumbList\",\"@id\":\"https:\\\/\\\/madame-sensuelle.paris\\\/en\\\/product\\\/robe-harmonia-en-soie-avec-haut-en-tulle-transparente\\\/#breadcrumb\",\"itemListElement\":[{\"@type\":\"ListItem\",\"position\":1,\"name\":\"Acceuil\",\"item\":\"https:\\\/\\\/madame-sensuelle.paris\\\/en\\\/home\\\/\"},{\"@type\":\"ListItem\",\"position\":2,\"name\":\"Catalog\",\"item\":\"https:\\\/\\\/madame-sensuelle.paris\\\/en\\\/catalogue\\\/\"},{\"@type\":\"ListItem\",\"position\":3,\"name\":\"VALNUE\",\"item\":\"https:\\\/\\\/madame-sensuelle.paris\\\/en\\\/brand\\\/valnue-2\\\/\"},{\"@type\":\"ListItem\",\"position\":4,\"name\":\"Harmonia dress in silk with sheer tulle top\"}]},{\"@type\":\"WebSite\",\"@id\":\"https:\\\/\\\/madame-sensuelle.paris\\\/en\\\/#website\",\"url\":\"https:\\\/\\\/madame-sensuelle.paris\\\/en\\\/\",\"name\":\"MADAME SENSUELLE\",\"description\":\"MADAME SENSUELLE: Found the biggest exciting brands of chic &amp; SEXY LINGERIE in Paris Boutique and on the WEB: Aubade, Dita Von Teese, Maison Close, Marjolaine, Bluebella, Atelier Amour, Luxxa, Catanzaro, Gracija Rim. You will found the big pleasure of sexy belt or bra make for you\",\"publisher\":{\"@id\":\"https:\\\/\\\/madame-sensuelle.paris\\\/en\\\/#organization\"},\"potentialAction\":[{\"@type\":\"SearchAction\",\"target\":{\"@type\":\"EntryPoint\",\"urlTemplate\":\"https:\\\/\\\/madame-sensuelle.paris\\\/en\\\/?s={search_term_string}\"},\"query-input\":{\"@type\":\"PropertyValueSpecification\",\"valueRequired\":true,\"valueName\":\"search_term_string\"}}],\"inLanguage\":\"en-US\"},{\"@type\":\"Organization\",\"@id\":\"https:\\\/\\\/madame-sensuelle.paris\\\/en\\\/#organization\",\"name\":\"Madame Sensuelle\",\"url\":\"https:\\\/\\\/madame-sensuelle.paris\\\/en\\\/\",\"logo\":{\"@type\":\"ImageObject\",\"inLanguage\":\"en-US\",\"@id\":\"https:\\\/\\\/madame-sensuelle.paris\\\/en\\\/#\\\/schema\\\/logo\\\/image\\\/\",\"url\":\"https:\\\/\\\/madame-sensuelle.paris\\\/wp-content\\\/uploads\\\/2024\\\/12\\\/logo_a-1-1_696.webp\",\"contentUrl\":\"https:\\\/\\\/madame-sensuelle.paris\\\/wp-content\\\/uploads\\\/2024\\\/12\\\/logo_a-1-1_696.webp\",\"width\":696,\"height\":696,\"caption\":\"Madame Sensuelle\"},\"image\":{\"@id\":\"https:\\\/\\\/madame-sensuelle.paris\\\/en\\\/#\\\/schema\\\/logo\\\/image\\\/\"},\"sameAs\":[\"https:\\\/\\\/www.facebook.com\\\/madamesensuelle\",\"https:\\\/\\\/www.instagram.com\\\/madame_sensuelle\\\/\"]}]}<\/script>\n<!-- \/ Yoast SEO plugin. -->","yoast_head_json":{"title":"Harmonia dress in silk with sheer tulle top Let yourself be bewitched by the intoxicating elegance of the Harmonia Dress. Made from sumptuous silk, it glides over your figure with infinite grace. Its sheer tulle top plays on sensuality, delicately revealing your skin for an effect that's both daring and refined. At the crossroads of glamour and delicacy, this dress is an ode to femininity. Put it on... and let the magic happen.","description":"Le mod\u00e8le Harmonia dress in silk with sheer tulle top sign\u00e9 VALNUE, \u00e0 d\u00e9couvrir chez Madame Sensuelle. Essayage VIP disponible.","robots":{"index":"index","follow":"follow","max-snippet":"max-snippet:-1","max-image-preview":"max-image-preview:large","max-video-preview":"max-video-preview:-1"},"canonical":"https:\/\/madame-sensuelle.paris\/en\/product\/robe-harmonia-en-soie-avec-haut-en-tulle-transparente\/","og_locale":"en_US","og_type":"article","og_title":"Harmonia dress in silk with sheer tulle top Let yourself be bewitched by the intoxicating elegance of the Harmonia Dress. Made from sumptuous silk, it glides over your figure with infinite grace. Its sheer tulle top plays on sensuality, delicately revealing your skin for an effect that's both daring and refined. At the crossroads of glamour and delicacy, this dress is an ode to femininity. Put it on... and let the magic happen.","og_description":"Le mod\u00e8le Harmonia dress in silk with sheer tulle top sign\u00e9 VALNUE, \u00e0 d\u00e9couvrir chez Madame Sensuelle. Essayage VIP disponible.","og_url":"https:\/\/madame-sensuelle.paris\/en\/product\/robe-harmonia-en-soie-avec-haut-en-tulle-transparente\/","og_site_name":"Madame Sensuelle","article_publisher":"https:\/\/www.facebook.com\/madamesensuelle","article_modified_time":"2026-04-05T22:13:23+00:00","og_image":[{"width":1200,"height":1799,"url":"https:\/\/madame-sensuelle.paris\/wp-content\/uploads\/2024\/10\/XSHD1TJ6971.jpg","type":"image\/jpeg"}],"twitter_card":"summary_large_image","twitter_misc":{"Est. reading time":"1 minute"},"schema":{"@context":"https:\/\/schema.org","@graph":[{"@type":"WebPage","@id":"https:\/\/madame-sensuelle.paris\/en\/product\/robe-harmonia-en-soie-avec-haut-en-tulle-transparente\/","url":"https:\/\/madame-sensuelle.paris\/en\/product\/robe-harmonia-en-soie-avec-haut-en-tulle-transparente\/","name":"Harmonia dress in silk with sheer tulle top Let yourself be bewitched by the intoxicating elegance of the Harmonia Dress. Made from sumptuous silk, it glides over your figure with infinite grace. Its sheer tulle top plays on sensuality, delicately revealing your skin for an effect that's both daring and refined. At the crossroads of glamour and delicacy, this dress is an ode to femininity. Put it on... and let the magic happen.","isPartOf":{"@id":"https:\/\/madame-sensuelle.paris\/en\/#website"},"primaryImageOfPage":{"@id":"https:\/\/madame-sensuelle.paris\/en\/product\/robe-harmonia-en-soie-avec-haut-en-tulle-transparente\/#primaryimage"},"image":{"@id":"https:\/\/madame-sensuelle.paris\/en\/product\/robe-harmonia-en-soie-avec-haut-en-tulle-transparente\/#primaryimage"},"thumbnailUrl":"https:\/\/madame-sensuelle.paris\/wp-content\/uploads\/2024\/10\/XSHD1TJ6971.jpg","datePublished":"2024-10-09T09:02:32+00:00","dateModified":"2026-04-05T22:13:23+00:00","description":"Le mod\u00e8le Harmonia dress in silk with sheer tulle top sign\u00e9 VALNUE, \u00e0 d\u00e9couvrir chez Madame Sensuelle. Essayage VIP disponible.","breadcrumb":{"@id":"https:\/\/madame-sensuelle.paris\/en\/product\/robe-harmonia-en-soie-avec-haut-en-tulle-transparente\/#breadcrumb"},"inLanguage":"en-US","potentialAction":[{"@type":"ReadAction","target":["https:\/\/madame-sensuelle.paris\/en\/product\/robe-harmonia-en-soie-avec-haut-en-tulle-transparente\/"]}]},{"@type":"ImageObject","inLanguage":"en-US","@id":"https:\/\/madame-sensuelle.paris\/en\/product\/robe-harmonia-en-soie-avec-haut-en-tulle-transparente\/#primaryimage","url":"https:\/\/madame-sensuelle.paris\/wp-content\/uploads\/2024\/10\/XSHD1TJ6971.jpg","contentUrl":"https:\/\/madame-sensuelle.paris\/wp-content\/uploads\/2024\/10\/XSHD1TJ6971.jpg","width":1200,"height":1799},{"@type":"BreadcrumbList","@id":"https:\/\/madame-sensuelle.paris\/en\/product\/robe-harmonia-en-soie-avec-haut-en-tulle-transparente\/#breadcrumb","itemListElement":[{"@type":"ListItem","position":1,"name":"Acceuil","item":"https:\/\/madame-sensuelle.paris\/en\/home\/"},{"@type":"ListItem","position":2,"name":"Catalog","item":"https:\/\/madame-sensuelle.paris\/en\/catalogue\/"},{"@type":"ListItem","position":3,"name":"VALNUE","item":"https:\/\/madame-sensuelle.paris\/en\/brand\/valnue-2\/"},{"@type":"ListItem","position":4,"name":"Harmonia dress in silk with sheer tulle top"}]},{"@type":"WebSite","@id":"https:\/\/madame-sensuelle.paris\/en\/#website","url":"https:\/\/madame-sensuelle.paris\/en\/","name":"MADAME SENSUELLE","description":"MADAME SENSUELLE: Found the biggest exciting brands of chic &amp; SEXY LINGERIE in Paris Boutique and on the WEB: Aubade, Dita Von Teese, Maison Close, Marjolaine, Bluebella, Atelier Amour, Luxxa, Catanzaro, Gracija Rim. You will found the big pleasure of sexy belt or bra make for you","publisher":{"@id":"https:\/\/madame-sensuelle.paris\/en\/#organization"},"potentialAction":[{"@type":"SearchAction","target":{"@type":"EntryPoint","urlTemplate":"https:\/\/madame-sensuelle.paris\/en\/?s={search_term_string}"},"query-input":{"@type":"PropertyValueSpecification","valueRequired":true,"valueName":"search_term_string"}}],"inLanguage":"en-US"},{"@type":"Organization","@id":"https:\/\/madame-sensuelle.paris\/en\/#organization","name":"Madame Sensuelle","url":"https:\/\/madame-sensuelle.paris\/en\/","logo":{"@type":"ImageObject","inLanguage":"en-US","@id":"https:\/\/madame-sensuelle.paris\/en\/#\/schema\/logo\/image\/","url":"https:\/\/madame-sensuelle.paris\/wp-content\/uploads\/2024\/12\/logo_a-1-1_696.webp","contentUrl":"https:\/\/madame-sensuelle.paris\/wp-content\/uploads\/2024\/12\/logo_a-1-1_696.webp","width":696,"height":696,"caption":"Madame Sensuelle"},"image":{"@id":"https:\/\/madame-sensuelle.paris\/en\/#\/schema\/logo\/image\/"},"sameAs":["https:\/\/www.facebook.com\/madamesensuelle","https:\/\/www.instagram.com\/madame_sensuelle\/"]}]}},"brands":[{"id":3631,"name":"VALNUE","slug":"valnue-2"}],"_links":{"self":[{"href":"https:\/\/madame-sensuelle.paris\/en\/wp-json\/wp\/v2\/product\/111413","targetHints":{"allow":["GET"]}}],"collection":[{"href":"https:\/\/madame-sensuelle.paris\/en\/wp-json\/wp\/v2\/product"}],"about":[{"href":"https:\/\/madame-sensuelle.paris\/en\/wp-json\/wp\/v2\/types\/product"}],"version-history":[{"count":1,"href":"https:\/\/madame-sensuelle.paris\/en\/wp-json\/wp\/v2\/product\/111413\/revisions"}],"predecessor-version":[{"id":117419,"href":"https:\/\/madame-sensuelle.paris\/en\/wp-json\/wp\/v2\/product\/111413\/revisions\/117419"}],"wp:featuredmedia":[{"embeddable":true,"href":"https:\/\/madame-sensuelle.paris\/en\/wp-json\/wp\/v2\/media\/109980"}],"wp:attachment":[{"href":"https:\/\/madame-sensuelle.paris\/en\/wp-json\/wp\/v2\/media?parent=111413"}],"wp:term":[{"taxonomy":"pwb-brand","embeddable":true,"href":"https:\/\/madame-sensuelle.paris\/en\/wp-json\/wp\/v2\/pwb-brand?post=111413"},{"taxonomy":"product_brand","embeddable":true,"href":"https:\/\/madame-sensuelle.paris\/en\/wp-json\/wp\/v2\/product_brand?post=111413"},{"taxonomy":"product_cat","embeddable":true,"href":"https:\/\/madame-sensuelle.paris\/en\/wp-json\/wp\/v2\/product_cat?post=111413"},{"taxonomy":"product_tag","embeddable":true,"href":"https:\/\/madame-sensuelle.paris\/en\/wp-json\/wp\/v2\/product_tag?post=111413"},{"taxonomy":"giftcard-category","embeddable":true,"href":"https:\/\/madame-sensuelle.paris\/en\/wp-json\/wp\/v2\/giftcard-category?post=111413"}],"curies":[{"name":"wp","href":"https:\/\/api.w.org\/{rel}","templated":true}]}}