{"id":111467,"date":"2024-10-04T11:05:12","date_gmt":"2024-10-04T11:05:12","guid":{"rendered":"https:\/\/madame-sensuelle.paris\/product\/porte-jarretelles-oiseau-de-paradis-en-broderie-jarretelles-amovibles\/"},"modified":"2026-04-23T07:44:21","modified_gmt":"2026-04-23T07:44:21","slug":"porte-jarretelles-oiseau-de-paradis-en-broderie-jarretelles-amovibles","status":"publish","type":"product","link":"https:\/\/madame-sensuelle.paris\/en\/product\/porte-jarretelles-oiseau-de-paradis-en-broderie-jarretelles-amovibles\/","title":{"rendered":"Oiseau de Paradis embroidered suspender belt with removable suspenders"},"content":{"rendered":"<p>Colourful, eye-catching embroidery. This garter belt emphasises the waist with finesse. Its removable suspenders offer greater freedom and style. Lightweight and seductive, it adapts to your every whim. Oiseau de Paradis highlights a free and joyful femininity.<\/p>\n","protected":false},"excerpt":{"rendered":"<p>Colourful, eye-catching embroidery. This garter belt emphasises the waist with finesse. Its removable suspenders offer greater freedom and style. Lightweight and seductive, it adapts to your every whim. Oiseau de Paradis highlights a free and joyful femininity.<\/p>\n","protected":false},"featured_media":109907,"template":"","meta":[],"pwb-brand":[3607],"product_brand":[],"product_cat":[3262,3281],"product_tag":[],"giftcard-category":[],"class_list":{"0":"post-111467","1":"product","2":"type-product","3":"status-publish","4":"has-post-thumbnail","6":"pwb-brand-atelier-amour-2","7":"product_cat-sexy-woman-lingerie","8":"product_cat-garter-belts","9":"pa_collection-oiseau-de-paradis-en","11":"first","12":"instock","13":"taxable","14":"shipping-taxable","15":"purchasable","16":"product-type-variable","17":"has-default-attributes"},"yoast_head":"<!-- This site is optimized with the Yoast SEO plugin v27.4 - https:\/\/yoast.com\/product\/yoast-seo-wordpress\/ -->\n<title>Oiseau de Paradis embroidered suspender belt with removable suspenders \u2013 ATELIER AMOUR - Madame Sensuelle<\/title>\n<meta name=\"description\" content=\"Le mod\u00e8le Oiseau de Paradis embroidered suspender belt with removable suspenders sign\u00e9 ATELIER AMOUR, \u00e0 d\u00e9couvrir chez Madame Sensuelle. Essayage VIP disponible.\" \/>\n<meta name=\"robots\" content=\"index, follow, max-snippet:-1, max-image-preview:large, max-video-preview:-1\" \/>\n<link rel=\"canonical\" href=\"https:\/\/madame-sensuelle.paris\/en\/product\/porte-jarretelles-oiseau-de-paradis-en-broderie-jarretelles-amovibles\/\" \/>\n<meta property=\"og:locale\" content=\"en_US\" \/>\n<meta property=\"og:type\" content=\"article\" \/>\n<meta property=\"og:title\" content=\"Oiseau de Paradis embroidered suspender belt with removable suspenders \u2013 ATELIER AMOUR - Madame Sensuelle\" \/>\n<meta property=\"og:description\" content=\"Le mod\u00e8le Oiseau de Paradis embroidered suspender belt with removable suspenders sign\u00e9 ATELIER AMOUR, \u00e0 d\u00e9couvrir chez Madame Sensuelle. Essayage VIP disponible.\" \/>\n<meta property=\"og:url\" content=\"https:\/\/madame-sensuelle.paris\/en\/product\/porte-jarretelles-oiseau-de-paradis-en-broderie-jarretelles-amovibles\/\" \/>\n<meta property=\"og:site_name\" content=\"Madame Sensuelle\" \/>\n<meta property=\"article:publisher\" content=\"https:\/\/www.facebook.com\/madamesensuelle\" \/>\n<meta property=\"article:modified_time\" content=\"2026-04-23T07:44:21+00:00\" \/>\n<meta property=\"og:image\" content=\"http:\/\/madame-sensuelle.paris\/wp-content\/uploads\/2024\/10\/XSHD1TJ6906-1.webp\" \/>\n\t<meta property=\"og:image:width\" content=\"800\" \/>\n\t<meta property=\"og:image:height\" content=\"1133\" \/>\n\t<meta property=\"og:image:type\" content=\"image\/webp\" \/>\n<meta name=\"twitter:card\" content=\"summary_large_image\" \/>\n<meta name=\"twitter:label1\" content=\"Est. reading time\" \/>\n\t<meta name=\"twitter:data1\" content=\"2 minutes\" \/>\n<script type=\"application\/ld+json\" class=\"yoast-schema-graph\">{\"@context\":\"https:\\\/\\\/schema.org\",\"@graph\":[{\"@type\":\"WebPage\",\"@id\":\"https:\\\/\\\/madame-sensuelle.paris\\\/en\\\/product\\\/porte-jarretelles-oiseau-de-paradis-en-broderie-jarretelles-amovibles\\\/\",\"url\":\"https:\\\/\\\/madame-sensuelle.paris\\\/en\\\/product\\\/porte-jarretelles-oiseau-de-paradis-en-broderie-jarretelles-amovibles\\\/\",\"name\":\"Oiseau de Paradis embroidered suspender belt with removable suspenders \u2013 ATELIER AMOUR - Madame Sensuelle\",\"isPartOf\":{\"@id\":\"https:\\\/\\\/madame-sensuelle.paris\\\/en\\\/#website\"},\"primaryImageOfPage\":{\"@id\":\"https:\\\/\\\/madame-sensuelle.paris\\\/en\\\/product\\\/porte-jarretelles-oiseau-de-paradis-en-broderie-jarretelles-amovibles\\\/#primaryimage\"},\"image\":{\"@id\":\"https:\\\/\\\/madame-sensuelle.paris\\\/en\\\/product\\\/porte-jarretelles-oiseau-de-paradis-en-broderie-jarretelles-amovibles\\\/#primaryimage\"},\"thumbnailUrl\":\"https:\\\/\\\/madame-sensuelle.paris\\\/wp-content\\\/uploads\\\/2024\\\/10\\\/XSHD1TJ6906-1.webp\",\"datePublished\":\"2024-10-04T11:05:12+00:00\",\"dateModified\":\"2026-04-23T07:44:21+00:00\",\"description\":\"Le mod\u00e8le Oiseau de Paradis embroidered suspender belt with removable suspenders sign\u00e9 ATELIER AMOUR, \u00e0 d\u00e9couvrir chez Madame Sensuelle. Essayage VIP disponible.\",\"breadcrumb\":{\"@id\":\"https:\\\/\\\/madame-sensuelle.paris\\\/en\\\/product\\\/porte-jarretelles-oiseau-de-paradis-en-broderie-jarretelles-amovibles\\\/#breadcrumb\"},\"inLanguage\":\"en-US\",\"potentialAction\":[{\"@type\":\"ReadAction\",\"target\":[\"https:\\\/\\\/madame-sensuelle.paris\\\/en\\\/product\\\/porte-jarretelles-oiseau-de-paradis-en-broderie-jarretelles-amovibles\\\/\"]}]},{\"@type\":\"ImageObject\",\"inLanguage\":\"en-US\",\"@id\":\"https:\\\/\\\/madame-sensuelle.paris\\\/en\\\/product\\\/porte-jarretelles-oiseau-de-paradis-en-broderie-jarretelles-amovibles\\\/#primaryimage\",\"url\":\"https:\\\/\\\/madame-sensuelle.paris\\\/wp-content\\\/uploads\\\/2024\\\/10\\\/XSHD1TJ6906-1.webp\",\"contentUrl\":\"https:\\\/\\\/madame-sensuelle.paris\\\/wp-content\\\/uploads\\\/2024\\\/10\\\/XSHD1TJ6906-1.webp\",\"width\":800,\"height\":1133},{\"@type\":\"BreadcrumbList\",\"@id\":\"https:\\\/\\\/madame-sensuelle.paris\\\/en\\\/product\\\/porte-jarretelles-oiseau-de-paradis-en-broderie-jarretelles-amovibles\\\/#breadcrumb\",\"itemListElement\":[{\"@type\":\"ListItem\",\"position\":1,\"name\":\"Acceuil\",\"item\":\"https:\\\/\\\/madame-sensuelle.paris\\\/en\\\/home\\\/\"},{\"@type\":\"ListItem\",\"position\":2,\"name\":\"Catalog\",\"item\":\"https:\\\/\\\/madame-sensuelle.paris\\\/en\\\/catalogue\\\/\"},{\"@type\":\"ListItem\",\"position\":3,\"name\":\"ATELIER AMOUR\",\"item\":\"https:\\\/\\\/madame-sensuelle.paris\\\/en\\\/brand\\\/atelier-amour-2\\\/\"},{\"@type\":\"ListItem\",\"position\":4,\"name\":\"Oiseau de Paradis embroidered suspender belt with removable suspenders\"}]},{\"@type\":\"WebSite\",\"@id\":\"https:\\\/\\\/madame-sensuelle.paris\\\/en\\\/#website\",\"url\":\"https:\\\/\\\/madame-sensuelle.paris\\\/en\\\/\",\"name\":\"MADAME SENSUELLE\",\"description\":\"MADAME SENSUELLE: Found the biggest exciting brands of chic &amp; SEXY LINGERIE in Paris Boutique and on the WEB: Aubade, Dita Von Teese, Maison Close, Marjolaine, Bluebella, Atelier Amour, Luxxa, Catanzaro, Gracija Rim. You will found the big pleasure of sexy belt or bra make for you\",\"publisher\":{\"@id\":\"https:\\\/\\\/madame-sensuelle.paris\\\/en\\\/#organization\"},\"potentialAction\":[{\"@type\":\"SearchAction\",\"target\":{\"@type\":\"EntryPoint\",\"urlTemplate\":\"https:\\\/\\\/madame-sensuelle.paris\\\/en\\\/?s={search_term_string}\"},\"query-input\":{\"@type\":\"PropertyValueSpecification\",\"valueRequired\":true,\"valueName\":\"search_term_string\"}}],\"inLanguage\":\"en-US\"},{\"@type\":\"Organization\",\"@id\":\"https:\\\/\\\/madame-sensuelle.paris\\\/en\\\/#organization\",\"name\":\"Madame Sensuelle\",\"url\":\"https:\\\/\\\/madame-sensuelle.paris\\\/en\\\/\",\"logo\":{\"@type\":\"ImageObject\",\"inLanguage\":\"en-US\",\"@id\":\"https:\\\/\\\/madame-sensuelle.paris\\\/en\\\/#\\\/schema\\\/logo\\\/image\\\/\",\"url\":\"https:\\\/\\\/madame-sensuelle.paris\\\/wp-content\\\/uploads\\\/2024\\\/12\\\/logo_a-1-1_696.webp\",\"contentUrl\":\"https:\\\/\\\/madame-sensuelle.paris\\\/wp-content\\\/uploads\\\/2024\\\/12\\\/logo_a-1-1_696.webp\",\"width\":696,\"height\":696,\"caption\":\"Madame Sensuelle\"},\"image\":{\"@id\":\"https:\\\/\\\/madame-sensuelle.paris\\\/en\\\/#\\\/schema\\\/logo\\\/image\\\/\"},\"sameAs\":[\"https:\\\/\\\/www.facebook.com\\\/madamesensuelle\",\"https:\\\/\\\/www.instagram.com\\\/madame_sensuelle\\\/\"]}]}<\/script>\n<!-- \/ Yoast SEO plugin. -->","yoast_head_json":{"title":"Oiseau de Paradis embroidered suspender belt with removable suspenders \u2013 ATELIER AMOUR - Madame Sensuelle","description":"Le mod\u00e8le Oiseau de Paradis embroidered suspender belt with removable suspenders sign\u00e9 ATELIER AMOUR, \u00e0 d\u00e9couvrir chez Madame Sensuelle. Essayage VIP disponible.","robots":{"index":"index","follow":"follow","max-snippet":"max-snippet:-1","max-image-preview":"max-image-preview:large","max-video-preview":"max-video-preview:-1"},"canonical":"https:\/\/madame-sensuelle.paris\/en\/product\/porte-jarretelles-oiseau-de-paradis-en-broderie-jarretelles-amovibles\/","og_locale":"en_US","og_type":"article","og_title":"Oiseau de Paradis embroidered suspender belt with removable suspenders \u2013 ATELIER AMOUR - Madame Sensuelle","og_description":"Le mod\u00e8le Oiseau de Paradis embroidered suspender belt with removable suspenders sign\u00e9 ATELIER AMOUR, \u00e0 d\u00e9couvrir chez Madame Sensuelle. Essayage VIP disponible.","og_url":"https:\/\/madame-sensuelle.paris\/en\/product\/porte-jarretelles-oiseau-de-paradis-en-broderie-jarretelles-amovibles\/","og_site_name":"Madame Sensuelle","article_publisher":"https:\/\/www.facebook.com\/madamesensuelle","article_modified_time":"2026-04-23T07:44:21+00:00","og_image":[{"width":800,"height":1133,"url":"http:\/\/madame-sensuelle.paris\/wp-content\/uploads\/2024\/10\/XSHD1TJ6906-1.webp","type":"image\/webp"}],"twitter_card":"summary_large_image","twitter_misc":{"Est. reading time":"2 minutes"},"schema":{"@context":"https:\/\/schema.org","@graph":[{"@type":"WebPage","@id":"https:\/\/madame-sensuelle.paris\/en\/product\/porte-jarretelles-oiseau-de-paradis-en-broderie-jarretelles-amovibles\/","url":"https:\/\/madame-sensuelle.paris\/en\/product\/porte-jarretelles-oiseau-de-paradis-en-broderie-jarretelles-amovibles\/","name":"Oiseau de Paradis embroidered suspender belt with removable suspenders \u2013 ATELIER AMOUR - Madame Sensuelle","isPartOf":{"@id":"https:\/\/madame-sensuelle.paris\/en\/#website"},"primaryImageOfPage":{"@id":"https:\/\/madame-sensuelle.paris\/en\/product\/porte-jarretelles-oiseau-de-paradis-en-broderie-jarretelles-amovibles\/#primaryimage"},"image":{"@id":"https:\/\/madame-sensuelle.paris\/en\/product\/porte-jarretelles-oiseau-de-paradis-en-broderie-jarretelles-amovibles\/#primaryimage"},"thumbnailUrl":"https:\/\/madame-sensuelle.paris\/wp-content\/uploads\/2024\/10\/XSHD1TJ6906-1.webp","datePublished":"2024-10-04T11:05:12+00:00","dateModified":"2026-04-23T07:44:21+00:00","description":"Le mod\u00e8le Oiseau de Paradis embroidered suspender belt with removable suspenders sign\u00e9 ATELIER AMOUR, \u00e0 d\u00e9couvrir chez Madame Sensuelle. Essayage VIP disponible.","breadcrumb":{"@id":"https:\/\/madame-sensuelle.paris\/en\/product\/porte-jarretelles-oiseau-de-paradis-en-broderie-jarretelles-amovibles\/#breadcrumb"},"inLanguage":"en-US","potentialAction":[{"@type":"ReadAction","target":["https:\/\/madame-sensuelle.paris\/en\/product\/porte-jarretelles-oiseau-de-paradis-en-broderie-jarretelles-amovibles\/"]}]},{"@type":"ImageObject","inLanguage":"en-US","@id":"https:\/\/madame-sensuelle.paris\/en\/product\/porte-jarretelles-oiseau-de-paradis-en-broderie-jarretelles-amovibles\/#primaryimage","url":"https:\/\/madame-sensuelle.paris\/wp-content\/uploads\/2024\/10\/XSHD1TJ6906-1.webp","contentUrl":"https:\/\/madame-sensuelle.paris\/wp-content\/uploads\/2024\/10\/XSHD1TJ6906-1.webp","width":800,"height":1133},{"@type":"BreadcrumbList","@id":"https:\/\/madame-sensuelle.paris\/en\/product\/porte-jarretelles-oiseau-de-paradis-en-broderie-jarretelles-amovibles\/#breadcrumb","itemListElement":[{"@type":"ListItem","position":1,"name":"Acceuil","item":"https:\/\/madame-sensuelle.paris\/en\/home\/"},{"@type":"ListItem","position":2,"name":"Catalog","item":"https:\/\/madame-sensuelle.paris\/en\/catalogue\/"},{"@type":"ListItem","position":3,"name":"ATELIER AMOUR","item":"https:\/\/madame-sensuelle.paris\/en\/brand\/atelier-amour-2\/"},{"@type":"ListItem","position":4,"name":"Oiseau de Paradis embroidered suspender belt with removable suspenders"}]},{"@type":"WebSite","@id":"https:\/\/madame-sensuelle.paris\/en\/#website","url":"https:\/\/madame-sensuelle.paris\/en\/","name":"MADAME SENSUELLE","description":"MADAME SENSUELLE: Found the biggest exciting brands of chic &amp; SEXY LINGERIE in Paris Boutique and on the WEB: Aubade, Dita Von Teese, Maison Close, Marjolaine, Bluebella, Atelier Amour, Luxxa, Catanzaro, Gracija Rim. You will found the big pleasure of sexy belt or bra make for you","publisher":{"@id":"https:\/\/madame-sensuelle.paris\/en\/#organization"},"potentialAction":[{"@type":"SearchAction","target":{"@type":"EntryPoint","urlTemplate":"https:\/\/madame-sensuelle.paris\/en\/?s={search_term_string}"},"query-input":{"@type":"PropertyValueSpecification","valueRequired":true,"valueName":"search_term_string"}}],"inLanguage":"en-US"},{"@type":"Organization","@id":"https:\/\/madame-sensuelle.paris\/en\/#organization","name":"Madame Sensuelle","url":"https:\/\/madame-sensuelle.paris\/en\/","logo":{"@type":"ImageObject","inLanguage":"en-US","@id":"https:\/\/madame-sensuelle.paris\/en\/#\/schema\/logo\/image\/","url":"https:\/\/madame-sensuelle.paris\/wp-content\/uploads\/2024\/12\/logo_a-1-1_696.webp","contentUrl":"https:\/\/madame-sensuelle.paris\/wp-content\/uploads\/2024\/12\/logo_a-1-1_696.webp","width":696,"height":696,"caption":"Madame Sensuelle"},"image":{"@id":"https:\/\/madame-sensuelle.paris\/en\/#\/schema\/logo\/image\/"},"sameAs":["https:\/\/www.facebook.com\/madamesensuelle","https:\/\/www.instagram.com\/madame_sensuelle\/"]}]}},"brands":[{"id":3607,"name":"ATELIER AMOUR","slug":"atelier-amour-2"}],"_links":{"self":[{"href":"https:\/\/madame-sensuelle.paris\/en\/wp-json\/wp\/v2\/product\/111467","targetHints":{"allow":["GET"]}}],"collection":[{"href":"https:\/\/madame-sensuelle.paris\/en\/wp-json\/wp\/v2\/product"}],"about":[{"href":"https:\/\/madame-sensuelle.paris\/en\/wp-json\/wp\/v2\/types\/product"}],"version-history":[{"count":1,"href":"https:\/\/madame-sensuelle.paris\/en\/wp-json\/wp\/v2\/product\/111467\/revisions"}],"predecessor-version":[{"id":121347,"href":"https:\/\/madame-sensuelle.paris\/en\/wp-json\/wp\/v2\/product\/111467\/revisions\/121347"}],"wp:featuredmedia":[{"embeddable":true,"href":"https:\/\/madame-sensuelle.paris\/en\/wp-json\/wp\/v2\/media\/109907"}],"wp:attachment":[{"href":"https:\/\/madame-sensuelle.paris\/en\/wp-json\/wp\/v2\/media?parent=111467"}],"wp:term":[{"taxonomy":"pwb-brand","embeddable":true,"href":"https:\/\/madame-sensuelle.paris\/en\/wp-json\/wp\/v2\/pwb-brand?post=111467"},{"taxonomy":"product_brand","embeddable":true,"href":"https:\/\/madame-sensuelle.paris\/en\/wp-json\/wp\/v2\/product_brand?post=111467"},{"taxonomy":"product_cat","embeddable":true,"href":"https:\/\/madame-sensuelle.paris\/en\/wp-json\/wp\/v2\/product_cat?post=111467"},{"taxonomy":"product_tag","embeddable":true,"href":"https:\/\/madame-sensuelle.paris\/en\/wp-json\/wp\/v2\/product_tag?post=111467"},{"taxonomy":"giftcard-category","embeddable":true,"href":"https:\/\/madame-sensuelle.paris\/en\/wp-json\/wp\/v2\/giftcard-category?post=111467"}],"curies":[{"name":"wp","href":"https:\/\/api.w.org\/{rel}","templated":true}]}}