{"id":111791,"date":"2024-11-04T10:46:06","date_gmt":"2024-11-04T10:46:06","guid":{"rendered":"https:\/\/madame-sensuelle.paris\/product\/robe-en-tulle-azia-a-zip-sur-le-dos\/"},"modified":"2026-04-06T00:36:29","modified_gmt":"2026-04-06T00:36:29","slug":"robe-en-tulle-azia-a-zip-sur-le-dos","status":"publish","type":"product","link":"https:\/\/madame-sensuelle.paris\/en\/product\/robe-en-tulle-azia-a-zip-sur-le-dos\/","title":{"rendered":"Azia tulle dress with back zip"},"content":{"rendered":"<p>Immerse yourself in the bewitching elegance of the Azia Tulle Dress. With its divine cut and steamy tulle, this red dress is the embodiment of passion and mystery. Its zipped back reveals just the right amount of sensuality, while its delicate fabric caresses the skin with every movement. Bold, bewitching and resolutely glamorous, it&#8217;s perfect for those who want to capture everyone&#8217;s attention. Let yourself be seduced&#8230; and create a sensation.<\/p>\n","protected":false},"excerpt":{"rendered":"<p>Immerse yourself in the bewitching elegance of the Azia Tulle Dress. With its divine cut and steamy tulle, this red dress is the embodiment of passion and mystery. Its zipped back reveals just the right amount of sensuality, while its delicate fabric caresses the skin with every movement. Bold, bewitching and resolutely glamorous, it&#8217;s perfect<\/p>\n","protected":false},"featured_media":111729,"template":"","meta":[],"pwb-brand":[3588],"product_brand":[],"product_cat":[3296,3293],"product_tag":[],"giftcard-category":[],"class_list":{"0":"post-111791","1":"product","2":"type-product","3":"status-publish","4":"has-post-thumbnail","6":"pwb-brand-catanzaro-2","7":"product_cat-dresses","8":"product_cat-longwear","10":"first","11":"outofstock","12":"taxable","13":"shipping-taxable","14":"purchasable","15":"product-type-variable","16":"has-default-attributes"},"yoast_head":"<!-- This site is optimized with the Yoast SEO plugin v27.4 - https:\/\/yoast.com\/product\/yoast-seo-wordpress\/ -->\n<title>Azia tulle dress with back zipImmerse yourself in the bewitching elegance of the Azia Tulle Dress. With its divine cut and steamy tulle, this red dress is the embodiment of passion and mystery. Its zipped back reveals just the right amount of sensuality, while its delicate fabric caresses the skin with every movement. Bold, bewitching and resolutely glamorous, it&#039;s perfect for those who want to capture everyone&#039;s attention. Let yourself be seduced... and create a sensation.<\/title>\n<meta name=\"description\" content=\"Le mod\u00e8le Azia tulle dress with back zip sign\u00e9 CATANZARO, \u00e0 d\u00e9couvrir chez Madame Sensuelle. Essayage VIP disponible.\" \/>\n<meta name=\"robots\" content=\"index, follow, max-snippet:-1, max-image-preview:large, max-video-preview:-1\" \/>\n<link rel=\"canonical\" href=\"https:\/\/madame-sensuelle.paris\/en\/product\/robe-en-tulle-azia-a-zip-sur-le-dos\/\" \/>\n<meta property=\"og:locale\" content=\"en_US\" \/>\n<meta property=\"og:type\" content=\"article\" \/>\n<meta property=\"og:title\" content=\"Azia tulle dress with back zipImmerse yourself in the bewitching elegance of the Azia Tulle Dress. With its divine cut and steamy tulle, this red dress is the embodiment of passion and mystery. Its zipped back reveals just the right amount of sensuality, while its delicate fabric caresses the skin with every movement. Bold, bewitching and resolutely glamorous, it&#039;s perfect for those who want to capture everyone&#039;s attention. Let yourself be seduced... and create a sensation.\" \/>\n<meta property=\"og:description\" content=\"Le mod\u00e8le Azia tulle dress with back zip sign\u00e9 CATANZARO, \u00e0 d\u00e9couvrir chez Madame Sensuelle. Essayage VIP disponible.\" \/>\n<meta property=\"og:url\" content=\"https:\/\/madame-sensuelle.paris\/en\/product\/robe-en-tulle-azia-a-zip-sur-le-dos\/\" \/>\n<meta property=\"og:site_name\" content=\"Madame Sensuelle\" \/>\n<meta property=\"article:publisher\" content=\"https:\/\/www.facebook.com\/madamesensuelle\" \/>\n<meta property=\"article:modified_time\" content=\"2026-04-06T00:36:29+00:00\" \/>\n<meta property=\"og:image\" content=\"https:\/\/madame-sensuelle.paris\/wp-content\/uploads\/2024\/11\/XSHD1TJ61231.jpg\" \/>\n\t<meta property=\"og:image:width\" content=\"750\" \/>\n\t<meta property=\"og:image:height\" content=\"750\" \/>\n\t<meta property=\"og:image:type\" content=\"image\/jpeg\" \/>\n<meta name=\"twitter:card\" content=\"summary_large_image\" \/>\n<meta name=\"twitter:label1\" content=\"Est. reading time\" \/>\n\t<meta name=\"twitter:data1\" content=\"1 minute\" \/>\n<script type=\"application\/ld+json\" class=\"yoast-schema-graph\">{\"@context\":\"https:\\\/\\\/schema.org\",\"@graph\":[{\"@type\":\"WebPage\",\"@id\":\"https:\\\/\\\/madame-sensuelle.paris\\\/en\\\/product\\\/robe-en-tulle-azia-a-zip-sur-le-dos\\\/\",\"url\":\"https:\\\/\\\/madame-sensuelle.paris\\\/en\\\/product\\\/robe-en-tulle-azia-a-zip-sur-le-dos\\\/\",\"name\":\"Azia tulle dress with back zipImmerse yourself in the bewitching elegance of the Azia Tulle Dress. With its divine cut and steamy tulle, this red dress is the embodiment of passion and mystery. Its zipped back reveals just the right amount of sensuality, while its delicate fabric caresses the skin with every movement. Bold, bewitching and resolutely glamorous, it's perfect for those who want to capture everyone's attention. Let yourself be seduced... and create a sensation.\",\"isPartOf\":{\"@id\":\"https:\\\/\\\/madame-sensuelle.paris\\\/en\\\/#website\"},\"primaryImageOfPage\":{\"@id\":\"https:\\\/\\\/madame-sensuelle.paris\\\/en\\\/product\\\/robe-en-tulle-azia-a-zip-sur-le-dos\\\/#primaryimage\"},\"image\":{\"@id\":\"https:\\\/\\\/madame-sensuelle.paris\\\/en\\\/product\\\/robe-en-tulle-azia-a-zip-sur-le-dos\\\/#primaryimage\"},\"thumbnailUrl\":\"https:\\\/\\\/madame-sensuelle.paris\\\/wp-content\\\/uploads\\\/2024\\\/11\\\/XSHD1TJ61231.jpg\",\"datePublished\":\"2024-11-04T10:46:06+00:00\",\"dateModified\":\"2026-04-06T00:36:29+00:00\",\"description\":\"Le mod\u00e8le Azia tulle dress with back zip sign\u00e9 CATANZARO, \u00e0 d\u00e9couvrir chez Madame Sensuelle. Essayage VIP disponible.\",\"breadcrumb\":{\"@id\":\"https:\\\/\\\/madame-sensuelle.paris\\\/en\\\/product\\\/robe-en-tulle-azia-a-zip-sur-le-dos\\\/#breadcrumb\"},\"inLanguage\":\"en-US\",\"potentialAction\":[{\"@type\":\"ReadAction\",\"target\":[\"https:\\\/\\\/madame-sensuelle.paris\\\/en\\\/product\\\/robe-en-tulle-azia-a-zip-sur-le-dos\\\/\"]}]},{\"@type\":\"ImageObject\",\"inLanguage\":\"en-US\",\"@id\":\"https:\\\/\\\/madame-sensuelle.paris\\\/en\\\/product\\\/robe-en-tulle-azia-a-zip-sur-le-dos\\\/#primaryimage\",\"url\":\"https:\\\/\\\/madame-sensuelle.paris\\\/wp-content\\\/uploads\\\/2024\\\/11\\\/XSHD1TJ61231.jpg\",\"contentUrl\":\"https:\\\/\\\/madame-sensuelle.paris\\\/wp-content\\\/uploads\\\/2024\\\/11\\\/XSHD1TJ61231.jpg\",\"width\":750,\"height\":750},{\"@type\":\"BreadcrumbList\",\"@id\":\"https:\\\/\\\/madame-sensuelle.paris\\\/en\\\/product\\\/robe-en-tulle-azia-a-zip-sur-le-dos\\\/#breadcrumb\",\"itemListElement\":[{\"@type\":\"ListItem\",\"position\":1,\"name\":\"Acceuil\",\"item\":\"https:\\\/\\\/madame-sensuelle.paris\\\/en\\\/home\\\/\"},{\"@type\":\"ListItem\",\"position\":2,\"name\":\"Catalog\",\"item\":\"https:\\\/\\\/madame-sensuelle.paris\\\/en\\\/catalogue\\\/\"},{\"@type\":\"ListItem\",\"position\":3,\"name\":\"CATANZARO\",\"item\":\"https:\\\/\\\/madame-sensuelle.paris\\\/en\\\/brand\\\/catanzaro-2\\\/\"},{\"@type\":\"ListItem\",\"position\":4,\"name\":\"Azia tulle dress with back zip\"}]},{\"@type\":\"WebSite\",\"@id\":\"https:\\\/\\\/madame-sensuelle.paris\\\/en\\\/#website\",\"url\":\"https:\\\/\\\/madame-sensuelle.paris\\\/en\\\/\",\"name\":\"MADAME SENSUELLE\",\"description\":\"MADAME SENSUELLE: Found the biggest exciting brands of chic &amp; SEXY LINGERIE in Paris Boutique and on the WEB: Aubade, Dita Von Teese, Maison Close, Marjolaine, Bluebella, Atelier Amour, Luxxa, Catanzaro, Gracija Rim. You will found the big pleasure of sexy belt or bra make for you\",\"publisher\":{\"@id\":\"https:\\\/\\\/madame-sensuelle.paris\\\/en\\\/#organization\"},\"potentialAction\":[{\"@type\":\"SearchAction\",\"target\":{\"@type\":\"EntryPoint\",\"urlTemplate\":\"https:\\\/\\\/madame-sensuelle.paris\\\/en\\\/?s={search_term_string}\"},\"query-input\":{\"@type\":\"PropertyValueSpecification\",\"valueRequired\":true,\"valueName\":\"search_term_string\"}}],\"inLanguage\":\"en-US\"},{\"@type\":\"Organization\",\"@id\":\"https:\\\/\\\/madame-sensuelle.paris\\\/en\\\/#organization\",\"name\":\"Madame Sensuelle\",\"url\":\"https:\\\/\\\/madame-sensuelle.paris\\\/en\\\/\",\"logo\":{\"@type\":\"ImageObject\",\"inLanguage\":\"en-US\",\"@id\":\"https:\\\/\\\/madame-sensuelle.paris\\\/en\\\/#\\\/schema\\\/logo\\\/image\\\/\",\"url\":\"https:\\\/\\\/madame-sensuelle.paris\\\/wp-content\\\/uploads\\\/2024\\\/12\\\/logo_a-1-1_696.webp\",\"contentUrl\":\"https:\\\/\\\/madame-sensuelle.paris\\\/wp-content\\\/uploads\\\/2024\\\/12\\\/logo_a-1-1_696.webp\",\"width\":696,\"height\":696,\"caption\":\"Madame Sensuelle\"},\"image\":{\"@id\":\"https:\\\/\\\/madame-sensuelle.paris\\\/en\\\/#\\\/schema\\\/logo\\\/image\\\/\"},\"sameAs\":[\"https:\\\/\\\/www.facebook.com\\\/madamesensuelle\",\"https:\\\/\\\/www.instagram.com\\\/madame_sensuelle\\\/\"]}]}<\/script>\n<!-- \/ Yoast SEO plugin. -->","yoast_head_json":{"title":"Azia tulle dress with back zipImmerse yourself in the bewitching elegance of the Azia Tulle Dress. With its divine cut and steamy tulle, this red dress is the embodiment of passion and mystery. Its zipped back reveals just the right amount of sensuality, while its delicate fabric caresses the skin with every movement. Bold, bewitching and resolutely glamorous, it's perfect for those who want to capture everyone's attention. Let yourself be seduced... and create a sensation.","description":"Le mod\u00e8le Azia tulle dress with back zip sign\u00e9 CATANZARO, \u00e0 d\u00e9couvrir chez Madame Sensuelle. Essayage VIP disponible.","robots":{"index":"index","follow":"follow","max-snippet":"max-snippet:-1","max-image-preview":"max-image-preview:large","max-video-preview":"max-video-preview:-1"},"canonical":"https:\/\/madame-sensuelle.paris\/en\/product\/robe-en-tulle-azia-a-zip-sur-le-dos\/","og_locale":"en_US","og_type":"article","og_title":"Azia tulle dress with back zipImmerse yourself in the bewitching elegance of the Azia Tulle Dress. With its divine cut and steamy tulle, this red dress is the embodiment of passion and mystery. Its zipped back reveals just the right amount of sensuality, while its delicate fabric caresses the skin with every movement. Bold, bewitching and resolutely glamorous, it's perfect for those who want to capture everyone's attention. Let yourself be seduced... and create a sensation.","og_description":"Le mod\u00e8le Azia tulle dress with back zip sign\u00e9 CATANZARO, \u00e0 d\u00e9couvrir chez Madame Sensuelle. Essayage VIP disponible.","og_url":"https:\/\/madame-sensuelle.paris\/en\/product\/robe-en-tulle-azia-a-zip-sur-le-dos\/","og_site_name":"Madame Sensuelle","article_publisher":"https:\/\/www.facebook.com\/madamesensuelle","article_modified_time":"2026-04-06T00:36:29+00:00","og_image":[{"width":750,"height":750,"url":"https:\/\/madame-sensuelle.paris\/wp-content\/uploads\/2024\/11\/XSHD1TJ61231.jpg","type":"image\/jpeg"}],"twitter_card":"summary_large_image","twitter_misc":{"Est. reading time":"1 minute"},"schema":{"@context":"https:\/\/schema.org","@graph":[{"@type":"WebPage","@id":"https:\/\/madame-sensuelle.paris\/en\/product\/robe-en-tulle-azia-a-zip-sur-le-dos\/","url":"https:\/\/madame-sensuelle.paris\/en\/product\/robe-en-tulle-azia-a-zip-sur-le-dos\/","name":"Azia tulle dress with back zipImmerse yourself in the bewitching elegance of the Azia Tulle Dress. With its divine cut and steamy tulle, this red dress is the embodiment of passion and mystery. Its zipped back reveals just the right amount of sensuality, while its delicate fabric caresses the skin with every movement. Bold, bewitching and resolutely glamorous, it's perfect for those who want to capture everyone's attention. Let yourself be seduced... and create a sensation.","isPartOf":{"@id":"https:\/\/madame-sensuelle.paris\/en\/#website"},"primaryImageOfPage":{"@id":"https:\/\/madame-sensuelle.paris\/en\/product\/robe-en-tulle-azia-a-zip-sur-le-dos\/#primaryimage"},"image":{"@id":"https:\/\/madame-sensuelle.paris\/en\/product\/robe-en-tulle-azia-a-zip-sur-le-dos\/#primaryimage"},"thumbnailUrl":"https:\/\/madame-sensuelle.paris\/wp-content\/uploads\/2024\/11\/XSHD1TJ61231.jpg","datePublished":"2024-11-04T10:46:06+00:00","dateModified":"2026-04-06T00:36:29+00:00","description":"Le mod\u00e8le Azia tulle dress with back zip sign\u00e9 CATANZARO, \u00e0 d\u00e9couvrir chez Madame Sensuelle. Essayage VIP disponible.","breadcrumb":{"@id":"https:\/\/madame-sensuelle.paris\/en\/product\/robe-en-tulle-azia-a-zip-sur-le-dos\/#breadcrumb"},"inLanguage":"en-US","potentialAction":[{"@type":"ReadAction","target":["https:\/\/madame-sensuelle.paris\/en\/product\/robe-en-tulle-azia-a-zip-sur-le-dos\/"]}]},{"@type":"ImageObject","inLanguage":"en-US","@id":"https:\/\/madame-sensuelle.paris\/en\/product\/robe-en-tulle-azia-a-zip-sur-le-dos\/#primaryimage","url":"https:\/\/madame-sensuelle.paris\/wp-content\/uploads\/2024\/11\/XSHD1TJ61231.jpg","contentUrl":"https:\/\/madame-sensuelle.paris\/wp-content\/uploads\/2024\/11\/XSHD1TJ61231.jpg","width":750,"height":750},{"@type":"BreadcrumbList","@id":"https:\/\/madame-sensuelle.paris\/en\/product\/robe-en-tulle-azia-a-zip-sur-le-dos\/#breadcrumb","itemListElement":[{"@type":"ListItem","position":1,"name":"Acceuil","item":"https:\/\/madame-sensuelle.paris\/en\/home\/"},{"@type":"ListItem","position":2,"name":"Catalog","item":"https:\/\/madame-sensuelle.paris\/en\/catalogue\/"},{"@type":"ListItem","position":3,"name":"CATANZARO","item":"https:\/\/madame-sensuelle.paris\/en\/brand\/catanzaro-2\/"},{"@type":"ListItem","position":4,"name":"Azia tulle dress with back zip"}]},{"@type":"WebSite","@id":"https:\/\/madame-sensuelle.paris\/en\/#website","url":"https:\/\/madame-sensuelle.paris\/en\/","name":"MADAME SENSUELLE","description":"MADAME SENSUELLE: Found the biggest exciting brands of chic &amp; SEXY LINGERIE in Paris Boutique and on the WEB: Aubade, Dita Von Teese, Maison Close, Marjolaine, Bluebella, Atelier Amour, Luxxa, Catanzaro, Gracija Rim. You will found the big pleasure of sexy belt or bra make for you","publisher":{"@id":"https:\/\/madame-sensuelle.paris\/en\/#organization"},"potentialAction":[{"@type":"SearchAction","target":{"@type":"EntryPoint","urlTemplate":"https:\/\/madame-sensuelle.paris\/en\/?s={search_term_string}"},"query-input":{"@type":"PropertyValueSpecification","valueRequired":true,"valueName":"search_term_string"}}],"inLanguage":"en-US"},{"@type":"Organization","@id":"https:\/\/madame-sensuelle.paris\/en\/#organization","name":"Madame Sensuelle","url":"https:\/\/madame-sensuelle.paris\/en\/","logo":{"@type":"ImageObject","inLanguage":"en-US","@id":"https:\/\/madame-sensuelle.paris\/en\/#\/schema\/logo\/image\/","url":"https:\/\/madame-sensuelle.paris\/wp-content\/uploads\/2024\/12\/logo_a-1-1_696.webp","contentUrl":"https:\/\/madame-sensuelle.paris\/wp-content\/uploads\/2024\/12\/logo_a-1-1_696.webp","width":696,"height":696,"caption":"Madame Sensuelle"},"image":{"@id":"https:\/\/madame-sensuelle.paris\/en\/#\/schema\/logo\/image\/"},"sameAs":["https:\/\/www.facebook.com\/madamesensuelle","https:\/\/www.instagram.com\/madame_sensuelle\/"]}]}},"brands":[{"id":3588,"name":"CATANZARO","slug":"catanzaro-2"}],"_links":{"self":[{"href":"https:\/\/madame-sensuelle.paris\/en\/wp-json\/wp\/v2\/product\/111791","targetHints":{"allow":["GET"]}}],"collection":[{"href":"https:\/\/madame-sensuelle.paris\/en\/wp-json\/wp\/v2\/product"}],"about":[{"href":"https:\/\/madame-sensuelle.paris\/en\/wp-json\/wp\/v2\/types\/product"}],"version-history":[{"count":1,"href":"https:\/\/madame-sensuelle.paris\/en\/wp-json\/wp\/v2\/product\/111791\/revisions"}],"predecessor-version":[{"id":117415,"href":"https:\/\/madame-sensuelle.paris\/en\/wp-json\/wp\/v2\/product\/111791\/revisions\/117415"}],"wp:featuredmedia":[{"embeddable":true,"href":"https:\/\/madame-sensuelle.paris\/en\/wp-json\/wp\/v2\/media\/111729"}],"wp:attachment":[{"href":"https:\/\/madame-sensuelle.paris\/en\/wp-json\/wp\/v2\/media?parent=111791"}],"wp:term":[{"taxonomy":"pwb-brand","embeddable":true,"href":"https:\/\/madame-sensuelle.paris\/en\/wp-json\/wp\/v2\/pwb-brand?post=111791"},{"taxonomy":"product_brand","embeddable":true,"href":"https:\/\/madame-sensuelle.paris\/en\/wp-json\/wp\/v2\/product_brand?post=111791"},{"taxonomy":"product_cat","embeddable":true,"href":"https:\/\/madame-sensuelle.paris\/en\/wp-json\/wp\/v2\/product_cat?post=111791"},{"taxonomy":"product_tag","embeddable":true,"href":"https:\/\/madame-sensuelle.paris\/en\/wp-json\/wp\/v2\/product_tag?post=111791"},{"taxonomy":"giftcard-category","embeddable":true,"href":"https:\/\/madame-sensuelle.paris\/en\/wp-json\/wp\/v2\/giftcard-category?post=111791"}],"curies":[{"name":"wp","href":"https:\/\/api.w.org\/{rel}","templated":true}]}}