{"id":114010,"date":"2025-01-09T12:18:19","date_gmt":"2025-01-09T12:18:19","guid":{"rendered":"https:\/\/madame-sensuelle.paris\/product\/robe-gracie-courte-style-corset-a-baleines\/"},"modified":"2026-04-06T01:25:59","modified_gmt":"2026-04-06T01:25:59","slug":"robe-gracie-courte-style-corset-a-baleines","status":"publish","type":"product","link":"https:\/\/madame-sensuelle.paris\/en\/product\/robe-gracie-courte-style-corset-a-baleines\/","title":{"rendered":"Gracie short whalebone corset dress"},"content":{"rendered":"<p>The Gracie dress embodies bold femininity, with its whalebone corset style shaping the figure and sensually emphasising the waist. The short cut highlights the legs, while the structured neckline is an eye-catcher. Elegant and bewitching, it hugs every curve with precision, offering the perfect balance between refinement and seduction. Perfect for an evening of irresistible attitude, the Gracie dress is a promise of glamour and absolute confidence.<\/p>\n","protected":false},"excerpt":{"rendered":"<p>The Gracie dress embodies bold femininity, with its whalebone corset style shaping the figure and sensually emphasising the waist. The short cut highlights the legs, while the structured neckline is an eye-catcher. Elegant and bewitching, it hugs every curve with precision, offering the perfect balance between refinement and seduction. Perfect for an evening of irresistible<\/p>\n","protected":false},"featured_media":115116,"template":"","meta":[],"pwb-brand":[3571],"product_brand":[],"product_cat":[3296,3293,3368],"product_tag":[],"giftcard-category":[],"class_list":{"0":"post-114010","1":"product","2":"type-product","3":"status-publish","4":"has-post-thumbnail","6":"pwb-brand-wolf-whistle-2","7":"product_cat-dresses","8":"product_cat-longwear","9":"product_cat-show-main-en","11":"first","12":"instock","13":"taxable","14":"shipping-taxable","15":"purchasable","16":"product-type-variable","17":"has-default-attributes"},"yoast_head":"<!-- This site is optimized with the Yoast SEO plugin v27.3 - https:\/\/yoast.com\/product\/yoast-seo-wordpress\/ -->\n<title>Gracie short whalebone corset dress The Gracie dress embodies bold femininity, with its whalebone corset style shaping the figure and sensually emphasising the waist. The short cut highlights the legs, while the structured neckline is an eye-catcher. Elegant and bewitching, it hugs every curve with precision, offering the perfect balance between refinement and seduction. Perfect for an evening of irresistible attitude, the Gracie dress is a promise of glamour and absolute confidence.<\/title>\n<meta name=\"description\" content=\"Le mod\u00e8le Gracie short whalebone corset dress sign\u00e9 Wolf &amp; Whistle, \u00e0 d\u00e9couvrir chez Madame Sensuelle. Essayage VIP disponible.\" \/>\n<meta name=\"robots\" content=\"index, follow, max-snippet:-1, max-image-preview:large, max-video-preview:-1\" \/>\n<link rel=\"canonical\" href=\"https:\/\/madame-sensuelle.paris\/en\/product\/robe-gracie-courte-style-corset-a-baleines\/\" \/>\n<meta property=\"og:locale\" content=\"en_US\" \/>\n<meta property=\"og:type\" content=\"article\" \/>\n<meta property=\"og:title\" content=\"Gracie short whalebone corset dress The Gracie dress embodies bold femininity, with its whalebone corset style shaping the figure and sensually emphasising the waist. The short cut highlights the legs, while the structured neckline is an eye-catcher. Elegant and bewitching, it hugs every curve with precision, offering the perfect balance between refinement and seduction. Perfect for an evening of irresistible attitude, the Gracie dress is a promise of glamour and absolute confidence.\" \/>\n<meta property=\"og:description\" content=\"Le mod\u00e8le Gracie short whalebone corset dress sign\u00e9 Wolf &amp; Whistle, \u00e0 d\u00e9couvrir chez Madame Sensuelle. Essayage VIP disponible.\" \/>\n<meta property=\"og:url\" content=\"https:\/\/madame-sensuelle.paris\/en\/product\/robe-gracie-courte-style-corset-a-baleines\/\" \/>\n<meta property=\"og:site_name\" content=\"Madame Sensuelle\" \/>\n<meta property=\"article:publisher\" content=\"https:\/\/www.facebook.com\/madamesensuelle\" \/>\n<meta property=\"article:modified_time\" content=\"2026-04-06T01:25:59+00:00\" \/>\n<meta property=\"og:image\" content=\"https:\/\/madame-sensuelle.paris\/wp-content\/uploads\/2025\/02\/XSHD1TJ61481-1.jpg\" \/>\n\t<meta property=\"og:image:width\" content=\"1064\" \/>\n\t<meta property=\"og:image:height\" content=\"1600\" \/>\n\t<meta property=\"og:image:type\" content=\"image\/jpeg\" \/>\n<meta name=\"twitter:card\" content=\"summary_large_image\" \/>\n<meta name=\"twitter:label1\" content=\"Est. reading time\" \/>\n\t<meta name=\"twitter:data1\" content=\"2 minutes\" \/>\n<script type=\"application\/ld+json\" class=\"yoast-schema-graph\">{\"@context\":\"https:\\\/\\\/schema.org\",\"@graph\":[{\"@type\":\"WebPage\",\"@id\":\"https:\\\/\\\/madame-sensuelle.paris\\\/en\\\/product\\\/robe-gracie-courte-style-corset-a-baleines\\\/\",\"url\":\"https:\\\/\\\/madame-sensuelle.paris\\\/en\\\/product\\\/robe-gracie-courte-style-corset-a-baleines\\\/\",\"name\":\"Gracie short whalebone corset dress The Gracie dress embodies bold femininity, with its whalebone corset style shaping the figure and sensually emphasising the waist. The short cut highlights the legs, while the structured neckline is an eye-catcher. Elegant and bewitching, it hugs every curve with precision, offering the perfect balance between refinement and seduction. Perfect for an evening of irresistible attitude, the Gracie dress is a promise of glamour and absolute confidence.\",\"isPartOf\":{\"@id\":\"https:\\\/\\\/madame-sensuelle.paris\\\/en\\\/#website\"},\"primaryImageOfPage\":{\"@id\":\"https:\\\/\\\/madame-sensuelle.paris\\\/en\\\/product\\\/robe-gracie-courte-style-corset-a-baleines\\\/#primaryimage\"},\"image\":{\"@id\":\"https:\\\/\\\/madame-sensuelle.paris\\\/en\\\/product\\\/robe-gracie-courte-style-corset-a-baleines\\\/#primaryimage\"},\"thumbnailUrl\":\"https:\\\/\\\/madame-sensuelle.paris\\\/wp-content\\\/uploads\\\/2025\\\/02\\\/XSHD1TJ61481-1.jpg\",\"datePublished\":\"2025-01-09T12:18:19+00:00\",\"dateModified\":\"2026-04-06T01:25:59+00:00\",\"description\":\"Le mod\u00e8le Gracie short whalebone corset dress sign\u00e9 Wolf &amp; Whistle, \u00e0 d\u00e9couvrir chez Madame Sensuelle. Essayage VIP disponible.\",\"breadcrumb\":{\"@id\":\"https:\\\/\\\/madame-sensuelle.paris\\\/en\\\/product\\\/robe-gracie-courte-style-corset-a-baleines\\\/#breadcrumb\"},\"inLanguage\":\"en-US\",\"potentialAction\":[{\"@type\":\"ReadAction\",\"target\":[\"https:\\\/\\\/madame-sensuelle.paris\\\/en\\\/product\\\/robe-gracie-courte-style-corset-a-baleines\\\/\"]}]},{\"@type\":\"ImageObject\",\"inLanguage\":\"en-US\",\"@id\":\"https:\\\/\\\/madame-sensuelle.paris\\\/en\\\/product\\\/robe-gracie-courte-style-corset-a-baleines\\\/#primaryimage\",\"url\":\"https:\\\/\\\/madame-sensuelle.paris\\\/wp-content\\\/uploads\\\/2025\\\/02\\\/XSHD1TJ61481-1.jpg\",\"contentUrl\":\"https:\\\/\\\/madame-sensuelle.paris\\\/wp-content\\\/uploads\\\/2025\\\/02\\\/XSHD1TJ61481-1.jpg\",\"width\":1064,\"height\":1600},{\"@type\":\"BreadcrumbList\",\"@id\":\"https:\\\/\\\/madame-sensuelle.paris\\\/en\\\/product\\\/robe-gracie-courte-style-corset-a-baleines\\\/#breadcrumb\",\"itemListElement\":[{\"@type\":\"ListItem\",\"position\":1,\"name\":\"Acceuil\",\"item\":\"https:\\\/\\\/madame-sensuelle.paris\\\/en\\\/home\\\/\"},{\"@type\":\"ListItem\",\"position\":2,\"name\":\"Catalog\",\"item\":\"https:\\\/\\\/madame-sensuelle.paris\\\/en\\\/catalogue\\\/\"},{\"@type\":\"ListItem\",\"position\":3,\"name\":\"Gracie short whalebone corset dress\"}]},{\"@type\":\"WebSite\",\"@id\":\"https:\\\/\\\/madame-sensuelle.paris\\\/en\\\/#website\",\"url\":\"https:\\\/\\\/madame-sensuelle.paris\\\/en\\\/\",\"name\":\"MADAME SENSUELLE\",\"description\":\"MADAME SENSUELLE: Found the biggest exciting brands of chic &amp; SEXY LINGERIE in Paris Boutique and on the WEB: Aubade, Dita Von Teese, Maison Close, Marjolaine, Bluebella, Atelier Amour, Luxxa, Catanzaro, Gracija Rim. You will found the big pleasure of sexy belt or bra make for you\",\"publisher\":{\"@id\":\"https:\\\/\\\/madame-sensuelle.paris\\\/en\\\/#organization\"},\"potentialAction\":[{\"@type\":\"SearchAction\",\"target\":{\"@type\":\"EntryPoint\",\"urlTemplate\":\"https:\\\/\\\/madame-sensuelle.paris\\\/en\\\/?s={search_term_string}\"},\"query-input\":{\"@type\":\"PropertyValueSpecification\",\"valueRequired\":true,\"valueName\":\"search_term_string\"}}],\"inLanguage\":\"en-US\"},{\"@type\":\"Organization\",\"@id\":\"https:\\\/\\\/madame-sensuelle.paris\\\/en\\\/#organization\",\"name\":\"Madame Sensuelle\",\"url\":\"https:\\\/\\\/madame-sensuelle.paris\\\/en\\\/\",\"logo\":{\"@type\":\"ImageObject\",\"inLanguage\":\"en-US\",\"@id\":\"https:\\\/\\\/madame-sensuelle.paris\\\/en\\\/#\\\/schema\\\/logo\\\/image\\\/\",\"url\":\"https:\\\/\\\/madame-sensuelle.paris\\\/wp-content\\\/uploads\\\/2024\\\/12\\\/logo_a-1-1_696.webp\",\"contentUrl\":\"https:\\\/\\\/madame-sensuelle.paris\\\/wp-content\\\/uploads\\\/2024\\\/12\\\/logo_a-1-1_696.webp\",\"width\":696,\"height\":696,\"caption\":\"Madame Sensuelle\"},\"image\":{\"@id\":\"https:\\\/\\\/madame-sensuelle.paris\\\/en\\\/#\\\/schema\\\/logo\\\/image\\\/\"},\"sameAs\":[\"https:\\\/\\\/www.facebook.com\\\/madamesensuelle\",\"https:\\\/\\\/www.instagram.com\\\/madame_sensuelle\\\/\"]}]}<\/script>\n<!-- \/ Yoast SEO plugin. -->","yoast_head_json":{"title":"Gracie short whalebone corset dress The Gracie dress embodies bold femininity, with its whalebone corset style shaping the figure and sensually emphasising the waist. The short cut highlights the legs, while the structured neckline is an eye-catcher. Elegant and bewitching, it hugs every curve with precision, offering the perfect balance between refinement and seduction. Perfect for an evening of irresistible attitude, the Gracie dress is a promise of glamour and absolute confidence.","description":"Le mod\u00e8le Gracie short whalebone corset dress sign\u00e9 Wolf &amp; Whistle, \u00e0 d\u00e9couvrir chez Madame Sensuelle. Essayage VIP disponible.","robots":{"index":"index","follow":"follow","max-snippet":"max-snippet:-1","max-image-preview":"max-image-preview:large","max-video-preview":"max-video-preview:-1"},"canonical":"https:\/\/madame-sensuelle.paris\/en\/product\/robe-gracie-courte-style-corset-a-baleines\/","og_locale":"en_US","og_type":"article","og_title":"Gracie short whalebone corset dress The Gracie dress embodies bold femininity, with its whalebone corset style shaping the figure and sensually emphasising the waist. The short cut highlights the legs, while the structured neckline is an eye-catcher. Elegant and bewitching, it hugs every curve with precision, offering the perfect balance between refinement and seduction. Perfect for an evening of irresistible attitude, the Gracie dress is a promise of glamour and absolute confidence.","og_description":"Le mod\u00e8le Gracie short whalebone corset dress sign\u00e9 Wolf &amp; Whistle, \u00e0 d\u00e9couvrir chez Madame Sensuelle. Essayage VIP disponible.","og_url":"https:\/\/madame-sensuelle.paris\/en\/product\/robe-gracie-courte-style-corset-a-baleines\/","og_site_name":"Madame Sensuelle","article_publisher":"https:\/\/www.facebook.com\/madamesensuelle","article_modified_time":"2026-04-06T01:25:59+00:00","og_image":[{"width":1064,"height":1600,"url":"https:\/\/madame-sensuelle.paris\/wp-content\/uploads\/2025\/02\/XSHD1TJ61481-1.jpg","type":"image\/jpeg"}],"twitter_card":"summary_large_image","twitter_misc":{"Est. reading time":"2 minutes"},"schema":{"@context":"https:\/\/schema.org","@graph":[{"@type":"WebPage","@id":"https:\/\/madame-sensuelle.paris\/en\/product\/robe-gracie-courte-style-corset-a-baleines\/","url":"https:\/\/madame-sensuelle.paris\/en\/product\/robe-gracie-courte-style-corset-a-baleines\/","name":"Gracie short whalebone corset dress The Gracie dress embodies bold femininity, with its whalebone corset style shaping the figure and sensually emphasising the waist. The short cut highlights the legs, while the structured neckline is an eye-catcher. Elegant and bewitching, it hugs every curve with precision, offering the perfect balance between refinement and seduction. Perfect for an evening of irresistible attitude, the Gracie dress is a promise of glamour and absolute confidence.","isPartOf":{"@id":"https:\/\/madame-sensuelle.paris\/en\/#website"},"primaryImageOfPage":{"@id":"https:\/\/madame-sensuelle.paris\/en\/product\/robe-gracie-courte-style-corset-a-baleines\/#primaryimage"},"image":{"@id":"https:\/\/madame-sensuelle.paris\/en\/product\/robe-gracie-courte-style-corset-a-baleines\/#primaryimage"},"thumbnailUrl":"https:\/\/madame-sensuelle.paris\/wp-content\/uploads\/2025\/02\/XSHD1TJ61481-1.jpg","datePublished":"2025-01-09T12:18:19+00:00","dateModified":"2026-04-06T01:25:59+00:00","description":"Le mod\u00e8le Gracie short whalebone corset dress sign\u00e9 Wolf &amp; Whistle, \u00e0 d\u00e9couvrir chez Madame Sensuelle. Essayage VIP disponible.","breadcrumb":{"@id":"https:\/\/madame-sensuelle.paris\/en\/product\/robe-gracie-courte-style-corset-a-baleines\/#breadcrumb"},"inLanguage":"en-US","potentialAction":[{"@type":"ReadAction","target":["https:\/\/madame-sensuelle.paris\/en\/product\/robe-gracie-courte-style-corset-a-baleines\/"]}]},{"@type":"ImageObject","inLanguage":"en-US","@id":"https:\/\/madame-sensuelle.paris\/en\/product\/robe-gracie-courte-style-corset-a-baleines\/#primaryimage","url":"https:\/\/madame-sensuelle.paris\/wp-content\/uploads\/2025\/02\/XSHD1TJ61481-1.jpg","contentUrl":"https:\/\/madame-sensuelle.paris\/wp-content\/uploads\/2025\/02\/XSHD1TJ61481-1.jpg","width":1064,"height":1600},{"@type":"BreadcrumbList","@id":"https:\/\/madame-sensuelle.paris\/en\/product\/robe-gracie-courte-style-corset-a-baleines\/#breadcrumb","itemListElement":[{"@type":"ListItem","position":1,"name":"Acceuil","item":"https:\/\/madame-sensuelle.paris\/en\/home\/"},{"@type":"ListItem","position":2,"name":"Catalog","item":"https:\/\/madame-sensuelle.paris\/en\/catalogue\/"},{"@type":"ListItem","position":3,"name":"Gracie short whalebone corset dress"}]},{"@type":"WebSite","@id":"https:\/\/madame-sensuelle.paris\/en\/#website","url":"https:\/\/madame-sensuelle.paris\/en\/","name":"MADAME SENSUELLE","description":"MADAME SENSUELLE: Found the biggest exciting brands of chic &amp; SEXY LINGERIE in Paris Boutique and on the WEB: Aubade, Dita Von Teese, Maison Close, Marjolaine, Bluebella, Atelier Amour, Luxxa, Catanzaro, Gracija Rim. You will found the big pleasure of sexy belt or bra make for you","publisher":{"@id":"https:\/\/madame-sensuelle.paris\/en\/#organization"},"potentialAction":[{"@type":"SearchAction","target":{"@type":"EntryPoint","urlTemplate":"https:\/\/madame-sensuelle.paris\/en\/?s={search_term_string}"},"query-input":{"@type":"PropertyValueSpecification","valueRequired":true,"valueName":"search_term_string"}}],"inLanguage":"en-US"},{"@type":"Organization","@id":"https:\/\/madame-sensuelle.paris\/en\/#organization","name":"Madame Sensuelle","url":"https:\/\/madame-sensuelle.paris\/en\/","logo":{"@type":"ImageObject","inLanguage":"en-US","@id":"https:\/\/madame-sensuelle.paris\/en\/#\/schema\/logo\/image\/","url":"https:\/\/madame-sensuelle.paris\/wp-content\/uploads\/2024\/12\/logo_a-1-1_696.webp","contentUrl":"https:\/\/madame-sensuelle.paris\/wp-content\/uploads\/2024\/12\/logo_a-1-1_696.webp","width":696,"height":696,"caption":"Madame Sensuelle"},"image":{"@id":"https:\/\/madame-sensuelle.paris\/en\/#\/schema\/logo\/image\/"},"sameAs":["https:\/\/www.facebook.com\/madamesensuelle","https:\/\/www.instagram.com\/madame_sensuelle\/"]}]}},"brands":[{"id":3571,"name":"Wolf &amp; Whistle","slug":"wolf-whistle-2"}],"_links":{"self":[{"href":"https:\/\/madame-sensuelle.paris\/en\/wp-json\/wp\/v2\/product\/114010","targetHints":{"allow":["GET"]}}],"collection":[{"href":"https:\/\/madame-sensuelle.paris\/en\/wp-json\/wp\/v2\/product"}],"about":[{"href":"https:\/\/madame-sensuelle.paris\/en\/wp-json\/wp\/v2\/types\/product"}],"version-history":[{"count":1,"href":"https:\/\/madame-sensuelle.paris\/en\/wp-json\/wp\/v2\/product\/114010\/revisions"}],"predecessor-version":[{"id":117030,"href":"https:\/\/madame-sensuelle.paris\/en\/wp-json\/wp\/v2\/product\/114010\/revisions\/117030"}],"wp:featuredmedia":[{"embeddable":true,"href":"https:\/\/madame-sensuelle.paris\/en\/wp-json\/wp\/v2\/media\/115116"}],"wp:attachment":[{"href":"https:\/\/madame-sensuelle.paris\/en\/wp-json\/wp\/v2\/media?parent=114010"}],"wp:term":[{"taxonomy":"pwb-brand","embeddable":true,"href":"https:\/\/madame-sensuelle.paris\/en\/wp-json\/wp\/v2\/pwb-brand?post=114010"},{"taxonomy":"product_brand","embeddable":true,"href":"https:\/\/madame-sensuelle.paris\/en\/wp-json\/wp\/v2\/product_brand?post=114010"},{"taxonomy":"product_cat","embeddable":true,"href":"https:\/\/madame-sensuelle.paris\/en\/wp-json\/wp\/v2\/product_cat?post=114010"},{"taxonomy":"product_tag","embeddable":true,"href":"https:\/\/madame-sensuelle.paris\/en\/wp-json\/wp\/v2\/product_tag?post=114010"},{"taxonomy":"giftcard-category","embeddable":true,"href":"https:\/\/madame-sensuelle.paris\/en\/wp-json\/wp\/v2\/giftcard-category?post=114010"}],"curies":[{"name":"wp","href":"https:\/\/api.w.org\/{rel}","templated":true}]}}