{"id":115020,"date":"2025-01-31T14:33:33","date_gmt":"2025-01-31T14:33:33","guid":{"rendered":"https:\/\/madame-sensuelle.paris\/product\/top-nuit-infinie-a-col-americaine-avec-lacage-sur-le-dos-et-jarretelles-amovibles\/"},"modified":"2026-04-06T02:16:56","modified_gmt":"2026-04-06T02:16:56","slug":"top-sexy","status":"publish","type":"product","link":"https:\/\/madame-sensuelle.paris\/en\/product\/top-sexy\/","title":{"rendered":"Top Nuit Infinie \u00e0 col am\u00e9ricain avec la\u00e7age sur le dos et jarretelles amovibles"},"content":{"rendered":"<p><strong>Sublimez votre silhouette avec ce Top sexy de la collection <a href=\"https:\/\/madame-sensuelle.paris\/fr\/collection-nuit-infinie-maison-close\/\">Nuit Infinie<\/a>, une pi\u00e8ce iconique de <a href=\"https:\/\/madame-sensuelle.paris\/fr\/brand\/maison-close\/\">Maison Close<\/a>.<\/strong> Son col am\u00e9ricain \u00e9pur\u00e9, son la\u00e7age dos d\u00e9voile d\u00e9licatement votre peau. Les jarretelles amovibles vous permettent de personnaliser votre look \u00e0 l&#8217;infini. Confectionn\u00e9 dans une mati\u00e8re ultra-douce et extensible, Nylon et \u00c9lasthanne, ce top \u00e9pouse parfaitement vos courbes pour un confort absolu. Osez la s\u00e9duction avec cette pi\u00e8ce unique, parfaite pour une soir\u00e9e en t\u00eate-\u00e0-t\u00eate ou pour vous faire plaisir au quotidien. Les tops sexy sont des pi\u00e8ces extr\u00eamement s\u00e9duisantes par leur c\u00f4t\u00e9 \u00e0 la fois sensuel et s\u00e9ducteurs qui attire le regard du partenaire<\/p>\n","protected":false},"excerpt":{"rendered":"<p>Top sexy nuit infinie de Maison Close: un haut sensuel \u00e0 col am\u00e9ricain avec la\u00e7age au dos et jarretelles amovibles. \u00c9l\u00e9gance et s\u00e9duction tout en subtilit\u00e9.<\/p>\n","protected":false},"featured_media":115875,"template":"","meta":[],"pwb-brand":[3598],"product_brand":[],"product_cat":[3293,3297],"product_tag":[],"giftcard-category":[],"class_list":{"0":"post-115020","1":"product","2":"type-product","3":"status-publish","4":"has-post-thumbnail","6":"pwb-brand-maison-close-2","7":"product_cat-longwear","8":"product_cat-tops-jackets","9":"pa_collection-nuit-infinie-en","11":"first","12":"instock","13":"taxable","14":"shipping-taxable","15":"purchasable","16":"product-type-variable","17":"has-default-attributes"},"yoast_head":"<!-- This site is optimized with the Yoast SEO plugin v27.3 - https:\/\/yoast.com\/product\/yoast-seo-wordpress\/ -->\n<title>Top sexy Maison Close- La\u00e7age dos,Jarretelles amovibles- Nuit Infinie<\/title>\n<meta name=\"description\" content=\"Top sexy nuit infinie de Maison Close: un haut sensuel \u00e0 col am\u00e9ricain avec la\u00e7age au dos et jarretelles amovibles. \u00c9l\u00e9gance et s\u00e9duction tout en subtilit\u00e9.\" \/>\n<meta name=\"robots\" content=\"index, follow, max-snippet:-1, max-image-preview:large, max-video-preview:-1\" \/>\n<link rel=\"canonical\" href=\"https:\/\/madame-sensuelle.paris\/en\/product\/top-sexy\/\" \/>\n<meta property=\"og:locale\" content=\"en_US\" \/>\n<meta property=\"og:type\" content=\"article\" \/>\n<meta property=\"og:title\" content=\"Top sexy Maison Close- La\u00e7age dos,Jarretelles amovibles- Nuit Infinie\" \/>\n<meta property=\"og:description\" content=\"Top sexy nuit infinie de Maison Close: un haut sensuel \u00e0 col am\u00e9ricain avec la\u00e7age au dos et jarretelles amovibles. \u00c9l\u00e9gance et s\u00e9duction tout en subtilit\u00e9.\" \/>\n<meta property=\"og:url\" content=\"https:\/\/madame-sensuelle.paris\/en\/product\/top-sexy\/\" \/>\n<meta property=\"og:site_name\" content=\"Madame Sensuelle\" \/>\n<meta property=\"article:publisher\" content=\"https:\/\/www.facebook.com\/madamesensuelle\" \/>\n<meta property=\"article:modified_time\" content=\"2026-04-06T02:16:56+00:00\" \/>\n<meta property=\"og:image\" content=\"https:\/\/madame-sensuelle.paris\/wp-content\/uploads\/2025\/02\/XSHD1TJ61468-1.jpg\" \/>\n\t<meta property=\"og:image:width\" content=\"450\" \/>\n\t<meta property=\"og:image:height\" content=\"600\" \/>\n\t<meta property=\"og:image:type\" content=\"image\/jpeg\" \/>\n<meta name=\"twitter:card\" content=\"summary_large_image\" \/>\n<meta name=\"twitter:label1\" content=\"Est. reading time\" \/>\n\t<meta name=\"twitter:data1\" content=\"2 minutes\" \/>\n<script type=\"application\/ld+json\" class=\"yoast-schema-graph\">{\"@context\":\"https:\\\/\\\/schema.org\",\"@graph\":[{\"@type\":\"WebPage\",\"@id\":\"https:\\\/\\\/madame-sensuelle.paris\\\/en\\\/product\\\/top-sexy\\\/\",\"url\":\"https:\\\/\\\/madame-sensuelle.paris\\\/en\\\/product\\\/top-sexy\\\/\",\"name\":\"Top sexy Maison Close- La\u00e7age dos,Jarretelles amovibles- Nuit Infinie\",\"isPartOf\":{\"@id\":\"https:\\\/\\\/madame-sensuelle.paris\\\/en\\\/#website\"},\"primaryImageOfPage\":{\"@id\":\"https:\\\/\\\/madame-sensuelle.paris\\\/en\\\/product\\\/top-sexy\\\/#primaryimage\"},\"image\":{\"@id\":\"https:\\\/\\\/madame-sensuelle.paris\\\/en\\\/product\\\/top-sexy\\\/#primaryimage\"},\"thumbnailUrl\":\"https:\\\/\\\/madame-sensuelle.paris\\\/wp-content\\\/uploads\\\/2025\\\/02\\\/XSHD1TJ61468-1.jpg\",\"datePublished\":\"2025-01-31T14:33:33+00:00\",\"dateModified\":\"2026-04-06T02:16:56+00:00\",\"description\":\"Top sexy nuit infinie de Maison Close: un haut sensuel \u00e0 col am\u00e9ricain avec la\u00e7age au dos et jarretelles amovibles. \u00c9l\u00e9gance et s\u00e9duction tout en subtilit\u00e9.\",\"breadcrumb\":{\"@id\":\"https:\\\/\\\/madame-sensuelle.paris\\\/en\\\/product\\\/top-sexy\\\/#breadcrumb\"},\"inLanguage\":\"en-US\",\"potentialAction\":[{\"@type\":\"ReadAction\",\"target\":[\"https:\\\/\\\/madame-sensuelle.paris\\\/en\\\/product\\\/top-sexy\\\/\"]}]},{\"@type\":\"ImageObject\",\"inLanguage\":\"en-US\",\"@id\":\"https:\\\/\\\/madame-sensuelle.paris\\\/en\\\/product\\\/top-sexy\\\/#primaryimage\",\"url\":\"https:\\\/\\\/madame-sensuelle.paris\\\/wp-content\\\/uploads\\\/2025\\\/02\\\/XSHD1TJ61468-1.jpg\",\"contentUrl\":\"https:\\\/\\\/madame-sensuelle.paris\\\/wp-content\\\/uploads\\\/2025\\\/02\\\/XSHD1TJ61468-1.jpg\",\"width\":450,\"height\":600},{\"@type\":\"BreadcrumbList\",\"@id\":\"https:\\\/\\\/madame-sensuelle.paris\\\/en\\\/product\\\/top-sexy\\\/#breadcrumb\",\"itemListElement\":[{\"@type\":\"ListItem\",\"position\":1,\"name\":\"Acceuil\",\"item\":\"https:\\\/\\\/madame-sensuelle.paris\\\/en\\\/home\\\/\"},{\"@type\":\"ListItem\",\"position\":2,\"name\":\"Catalog\",\"item\":\"https:\\\/\\\/madame-sensuelle.paris\\\/en\\\/catalogue\\\/\"},{\"@type\":\"ListItem\",\"position\":3,\"name\":\"MAISON CLOSE\",\"item\":\"https:\\\/\\\/madame-sensuelle.paris\\\/en\\\/brand\\\/maison-close-2\\\/\"},{\"@type\":\"ListItem\",\"position\":4,\"name\":\"Top Nuit Infinie \u00e0 col am\u00e9ricain avec la\u00e7age sur le dos et jarretelles amovibles\"}]},{\"@type\":\"WebSite\",\"@id\":\"https:\\\/\\\/madame-sensuelle.paris\\\/en\\\/#website\",\"url\":\"https:\\\/\\\/madame-sensuelle.paris\\\/en\\\/\",\"name\":\"MADAME SENSUELLE\",\"description\":\"MADAME SENSUELLE: Found the biggest exciting brands of chic &amp; SEXY LINGERIE in Paris Boutique and on the WEB: Aubade, Dita Von Teese, Maison Close, Marjolaine, Bluebella, Atelier Amour, Luxxa, Catanzaro, Gracija Rim. You will found the big pleasure of sexy belt or bra make for you\",\"publisher\":{\"@id\":\"https:\\\/\\\/madame-sensuelle.paris\\\/en\\\/#organization\"},\"potentialAction\":[{\"@type\":\"SearchAction\",\"target\":{\"@type\":\"EntryPoint\",\"urlTemplate\":\"https:\\\/\\\/madame-sensuelle.paris\\\/en\\\/?s={search_term_string}\"},\"query-input\":{\"@type\":\"PropertyValueSpecification\",\"valueRequired\":true,\"valueName\":\"search_term_string\"}}],\"inLanguage\":\"en-US\"},{\"@type\":\"Organization\",\"@id\":\"https:\\\/\\\/madame-sensuelle.paris\\\/en\\\/#organization\",\"name\":\"Madame Sensuelle\",\"url\":\"https:\\\/\\\/madame-sensuelle.paris\\\/en\\\/\",\"logo\":{\"@type\":\"ImageObject\",\"inLanguage\":\"en-US\",\"@id\":\"https:\\\/\\\/madame-sensuelle.paris\\\/en\\\/#\\\/schema\\\/logo\\\/image\\\/\",\"url\":\"https:\\\/\\\/madame-sensuelle.paris\\\/wp-content\\\/uploads\\\/2024\\\/12\\\/logo_a-1-1_696.webp\",\"contentUrl\":\"https:\\\/\\\/madame-sensuelle.paris\\\/wp-content\\\/uploads\\\/2024\\\/12\\\/logo_a-1-1_696.webp\",\"width\":696,\"height\":696,\"caption\":\"Madame Sensuelle\"},\"image\":{\"@id\":\"https:\\\/\\\/madame-sensuelle.paris\\\/en\\\/#\\\/schema\\\/logo\\\/image\\\/\"},\"sameAs\":[\"https:\\\/\\\/www.facebook.com\\\/madamesensuelle\",\"https:\\\/\\\/www.instagram.com\\\/madame_sensuelle\\\/\"]}]}<\/script>\n<!-- \/ Yoast SEO plugin. -->","yoast_head_json":{"title":"Top sexy Maison Close- La\u00e7age dos,Jarretelles amovibles- Nuit Infinie","description":"Top sexy nuit infinie de Maison Close: un haut sensuel \u00e0 col am\u00e9ricain avec la\u00e7age au dos et jarretelles amovibles. \u00c9l\u00e9gance et s\u00e9duction tout en subtilit\u00e9.","robots":{"index":"index","follow":"follow","max-snippet":"max-snippet:-1","max-image-preview":"max-image-preview:large","max-video-preview":"max-video-preview:-1"},"canonical":"https:\/\/madame-sensuelle.paris\/en\/product\/top-sexy\/","og_locale":"en_US","og_type":"article","og_title":"Top sexy Maison Close- La\u00e7age dos,Jarretelles amovibles- Nuit Infinie","og_description":"Top sexy nuit infinie de Maison Close: un haut sensuel \u00e0 col am\u00e9ricain avec la\u00e7age au dos et jarretelles amovibles. \u00c9l\u00e9gance et s\u00e9duction tout en subtilit\u00e9.","og_url":"https:\/\/madame-sensuelle.paris\/en\/product\/top-sexy\/","og_site_name":"Madame Sensuelle","article_publisher":"https:\/\/www.facebook.com\/madamesensuelle","article_modified_time":"2026-04-06T02:16:56+00:00","og_image":[{"width":450,"height":600,"url":"https:\/\/madame-sensuelle.paris\/wp-content\/uploads\/2025\/02\/XSHD1TJ61468-1.jpg","type":"image\/jpeg"}],"twitter_card":"summary_large_image","twitter_misc":{"Est. reading time":"2 minutes"},"schema":{"@context":"https:\/\/schema.org","@graph":[{"@type":"WebPage","@id":"https:\/\/madame-sensuelle.paris\/en\/product\/top-sexy\/","url":"https:\/\/madame-sensuelle.paris\/en\/product\/top-sexy\/","name":"Top sexy Maison Close- La\u00e7age dos,Jarretelles amovibles- Nuit Infinie","isPartOf":{"@id":"https:\/\/madame-sensuelle.paris\/en\/#website"},"primaryImageOfPage":{"@id":"https:\/\/madame-sensuelle.paris\/en\/product\/top-sexy\/#primaryimage"},"image":{"@id":"https:\/\/madame-sensuelle.paris\/en\/product\/top-sexy\/#primaryimage"},"thumbnailUrl":"https:\/\/madame-sensuelle.paris\/wp-content\/uploads\/2025\/02\/XSHD1TJ61468-1.jpg","datePublished":"2025-01-31T14:33:33+00:00","dateModified":"2026-04-06T02:16:56+00:00","description":"Top sexy nuit infinie de Maison Close: un haut sensuel \u00e0 col am\u00e9ricain avec la\u00e7age au dos et jarretelles amovibles. \u00c9l\u00e9gance et s\u00e9duction tout en subtilit\u00e9.","breadcrumb":{"@id":"https:\/\/madame-sensuelle.paris\/en\/product\/top-sexy\/#breadcrumb"},"inLanguage":"en-US","potentialAction":[{"@type":"ReadAction","target":["https:\/\/madame-sensuelle.paris\/en\/product\/top-sexy\/"]}]},{"@type":"ImageObject","inLanguage":"en-US","@id":"https:\/\/madame-sensuelle.paris\/en\/product\/top-sexy\/#primaryimage","url":"https:\/\/madame-sensuelle.paris\/wp-content\/uploads\/2025\/02\/XSHD1TJ61468-1.jpg","contentUrl":"https:\/\/madame-sensuelle.paris\/wp-content\/uploads\/2025\/02\/XSHD1TJ61468-1.jpg","width":450,"height":600},{"@type":"BreadcrumbList","@id":"https:\/\/madame-sensuelle.paris\/en\/product\/top-sexy\/#breadcrumb","itemListElement":[{"@type":"ListItem","position":1,"name":"Acceuil","item":"https:\/\/madame-sensuelle.paris\/en\/home\/"},{"@type":"ListItem","position":2,"name":"Catalog","item":"https:\/\/madame-sensuelle.paris\/en\/catalogue\/"},{"@type":"ListItem","position":3,"name":"MAISON CLOSE","item":"https:\/\/madame-sensuelle.paris\/en\/brand\/maison-close-2\/"},{"@type":"ListItem","position":4,"name":"Top Nuit Infinie \u00e0 col am\u00e9ricain avec la\u00e7age sur le dos et jarretelles amovibles"}]},{"@type":"WebSite","@id":"https:\/\/madame-sensuelle.paris\/en\/#website","url":"https:\/\/madame-sensuelle.paris\/en\/","name":"MADAME SENSUELLE","description":"MADAME SENSUELLE: Found the biggest exciting brands of chic &amp; SEXY LINGERIE in Paris Boutique and on the WEB: Aubade, Dita Von Teese, Maison Close, Marjolaine, Bluebella, Atelier Amour, Luxxa, Catanzaro, Gracija Rim. You will found the big pleasure of sexy belt or bra make for you","publisher":{"@id":"https:\/\/madame-sensuelle.paris\/en\/#organization"},"potentialAction":[{"@type":"SearchAction","target":{"@type":"EntryPoint","urlTemplate":"https:\/\/madame-sensuelle.paris\/en\/?s={search_term_string}"},"query-input":{"@type":"PropertyValueSpecification","valueRequired":true,"valueName":"search_term_string"}}],"inLanguage":"en-US"},{"@type":"Organization","@id":"https:\/\/madame-sensuelle.paris\/en\/#organization","name":"Madame Sensuelle","url":"https:\/\/madame-sensuelle.paris\/en\/","logo":{"@type":"ImageObject","inLanguage":"en-US","@id":"https:\/\/madame-sensuelle.paris\/en\/#\/schema\/logo\/image\/","url":"https:\/\/madame-sensuelle.paris\/wp-content\/uploads\/2024\/12\/logo_a-1-1_696.webp","contentUrl":"https:\/\/madame-sensuelle.paris\/wp-content\/uploads\/2024\/12\/logo_a-1-1_696.webp","width":696,"height":696,"caption":"Madame Sensuelle"},"image":{"@id":"https:\/\/madame-sensuelle.paris\/en\/#\/schema\/logo\/image\/"},"sameAs":["https:\/\/www.facebook.com\/madamesensuelle","https:\/\/www.instagram.com\/madame_sensuelle\/"]}]}},"brands":[{"id":3598,"name":"MAISON CLOSE","slug":"maison-close-2"}],"_links":{"self":[{"href":"https:\/\/madame-sensuelle.paris\/en\/wp-json\/wp\/v2\/product\/115020","targetHints":{"allow":["GET"]}}],"collection":[{"href":"https:\/\/madame-sensuelle.paris\/en\/wp-json\/wp\/v2\/product"}],"about":[{"href":"https:\/\/madame-sensuelle.paris\/en\/wp-json\/wp\/v2\/types\/product"}],"version-history":[{"count":1,"href":"https:\/\/madame-sensuelle.paris\/en\/wp-json\/wp\/v2\/product\/115020\/revisions"}],"predecessor-version":[{"id":115273,"href":"https:\/\/madame-sensuelle.paris\/en\/wp-json\/wp\/v2\/product\/115020\/revisions\/115273"}],"wp:featuredmedia":[{"embeddable":true,"href":"https:\/\/madame-sensuelle.paris\/en\/wp-json\/wp\/v2\/media\/115875"}],"wp:attachment":[{"href":"https:\/\/madame-sensuelle.paris\/en\/wp-json\/wp\/v2\/media?parent=115020"}],"wp:term":[{"taxonomy":"pwb-brand","embeddable":true,"href":"https:\/\/madame-sensuelle.paris\/en\/wp-json\/wp\/v2\/pwb-brand?post=115020"},{"taxonomy":"product_brand","embeddable":true,"href":"https:\/\/madame-sensuelle.paris\/en\/wp-json\/wp\/v2\/product_brand?post=115020"},{"taxonomy":"product_cat","embeddable":true,"href":"https:\/\/madame-sensuelle.paris\/en\/wp-json\/wp\/v2\/product_cat?post=115020"},{"taxonomy":"product_tag","embeddable":true,"href":"https:\/\/madame-sensuelle.paris\/en\/wp-json\/wp\/v2\/product_tag?post=115020"},{"taxonomy":"giftcard-category","embeddable":true,"href":"https:\/\/madame-sensuelle.paris\/en\/wp-json\/wp\/v2\/giftcard-category?post=115020"}],"curies":[{"name":"wp","href":"https:\/\/api.w.org\/{rel}","templated":true}]}}