{"id":115233,"date":"2025-02-04T14:56:38","date_gmt":"2025-02-04T14:56:38","guid":{"rendered":"https:\/\/madame-sensuelle.paris\/product\/porte-jaretelles-fortunia-6-attaches-en-tulle-broderies\/"},"modified":"2026-04-06T02:29:32","modified_gmt":"2026-04-06T02:29:32","slug":"porte-jaretelles-fortunia-6-attaches-en-tulle-broderies","status":"publish","type":"product","link":"https:\/\/madame-sensuelle.paris\/en\/product\/porte-jaretelles-fortunia-6-attaches-en-tulle-broderies\/","title":{"rendered":"Fortunia suspender belt with 6 embroidered tulle ties"},"content":{"rendered":"<p>All finesse, all power.<br \/>\nMade from delicately embroidered black tulle, the Fortunia suspender belt shapes the waist with elegance and character.<br \/>\nIts 6 fastenings provide perfect support for a look that&#8217;s as seductive as it is structured.<\/p>\n<p>A classic revisited, combining sensuality and modernity.<\/p>\n","protected":false},"excerpt":{"rendered":"<p>All finesse, all power. Made from delicately embroidered black tulle, the Fortunia suspender belt shapes the waist with elegance and character. Its 6 fastenings provide perfect support for a look that&#8217;s as seductive as it is structured. A classic revisited, combining sensuality and modernity.<\/p>\n","protected":false},"featured_media":116871,"template":"","meta":[],"pwb-brand":[3587],"product_brand":[],"product_cat":[3262,3368,3281],"product_tag":[],"giftcard-category":[],"class_list":{"0":"post-115233","1":"product","2":"type-product","3":"status-publish","4":"has-post-thumbnail","6":"pwb-brand-dita-von-teese-2","7":"product_cat-sexy-woman-lingerie","8":"product_cat-show-main-en","9":"product_cat-garter-belts","10":"pa_collection-fortunia-en","12":"first","13":"instock","14":"taxable","15":"shipping-taxable","16":"purchasable","17":"product-type-variable","18":"has-default-attributes"},"yoast_head":"<!-- This site is optimized with the Yoast SEO plugin v27.3 - https:\/\/yoast.com\/product\/yoast-seo-wordpress\/ -->\n<title>Fortunia suspender belt with 6 embroidered tulle ties \u2013 DITA VON TEESE - Madame Sensuelle<\/title>\n<meta name=\"description\" content=\"Le mod\u00e8le Fortunia suspender belt with 6 embroidered tulle ties sign\u00e9 DITA VON TEESE, \u00e0 d\u00e9couvrir chez Madame Sensuelle. Essayage VIP disponible.\" \/>\n<meta name=\"robots\" content=\"index, follow, max-snippet:-1, max-image-preview:large, max-video-preview:-1\" \/>\n<link rel=\"canonical\" href=\"https:\/\/madame-sensuelle.paris\/en\/product\/porte-jaretelles-fortunia-6-attaches-en-tulle-broderies\/\" \/>\n<meta property=\"og:locale\" content=\"en_US\" \/>\n<meta property=\"og:type\" content=\"article\" \/>\n<meta property=\"og:title\" content=\"Fortunia suspender belt with 6 embroidered tulle ties \u2013 DITA VON TEESE - Madame Sensuelle\" \/>\n<meta property=\"og:description\" content=\"Le mod\u00e8le Fortunia suspender belt with 6 embroidered tulle ties sign\u00e9 DITA VON TEESE, \u00e0 d\u00e9couvrir chez Madame Sensuelle. Essayage VIP disponible.\" \/>\n<meta property=\"og:url\" content=\"https:\/\/madame-sensuelle.paris\/en\/product\/porte-jaretelles-fortunia-6-attaches-en-tulle-broderies\/\" \/>\n<meta property=\"og:site_name\" content=\"Madame Sensuelle\" \/>\n<meta property=\"article:publisher\" content=\"https:\/\/www.facebook.com\/madamesensuelle\" \/>\n<meta property=\"article:modified_time\" content=\"2026-04-06T02:29:32+00:00\" \/>\n<meta property=\"og:image\" content=\"https:\/\/madame-sensuelle.paris\/wp-content\/uploads\/2025\/03\/XSHD1TJ61485.jpg\" \/>\n\t<meta property=\"og:image:width\" content=\"1064\" \/>\n\t<meta property=\"og:image:height\" content=\"1600\" \/>\n\t<meta property=\"og:image:type\" content=\"image\/jpeg\" \/>\n<meta name=\"twitter:card\" content=\"summary_large_image\" \/>\n<meta name=\"twitter:label1\" content=\"Est. reading time\" \/>\n\t<meta name=\"twitter:data1\" content=\"1 minute\" \/>\n<script type=\"application\/ld+json\" class=\"yoast-schema-graph\">{\"@context\":\"https:\\\/\\\/schema.org\",\"@graph\":[{\"@type\":\"WebPage\",\"@id\":\"https:\\\/\\\/madame-sensuelle.paris\\\/en\\\/product\\\/porte-jaretelles-fortunia-6-attaches-en-tulle-broderies\\\/\",\"url\":\"https:\\\/\\\/madame-sensuelle.paris\\\/en\\\/product\\\/porte-jaretelles-fortunia-6-attaches-en-tulle-broderies\\\/\",\"name\":\"Fortunia suspender belt with 6 embroidered tulle ties \u2013 DITA VON TEESE - Madame Sensuelle\",\"isPartOf\":{\"@id\":\"https:\\\/\\\/madame-sensuelle.paris\\\/en\\\/#website\"},\"primaryImageOfPage\":{\"@id\":\"https:\\\/\\\/madame-sensuelle.paris\\\/en\\\/product\\\/porte-jaretelles-fortunia-6-attaches-en-tulle-broderies\\\/#primaryimage\"},\"image\":{\"@id\":\"https:\\\/\\\/madame-sensuelle.paris\\\/en\\\/product\\\/porte-jaretelles-fortunia-6-attaches-en-tulle-broderies\\\/#primaryimage\"},\"thumbnailUrl\":\"https:\\\/\\\/madame-sensuelle.paris\\\/wp-content\\\/uploads\\\/2025\\\/03\\\/XSHD1TJ61485.jpg\",\"datePublished\":\"2025-02-04T14:56:38+00:00\",\"dateModified\":\"2026-04-06T02:29:32+00:00\",\"description\":\"Le mod\u00e8le Fortunia suspender belt with 6 embroidered tulle ties sign\u00e9 DITA VON TEESE, \u00e0 d\u00e9couvrir chez Madame Sensuelle. Essayage VIP disponible.\",\"breadcrumb\":{\"@id\":\"https:\\\/\\\/madame-sensuelle.paris\\\/en\\\/product\\\/porte-jaretelles-fortunia-6-attaches-en-tulle-broderies\\\/#breadcrumb\"},\"inLanguage\":\"en-US\",\"potentialAction\":[{\"@type\":\"ReadAction\",\"target\":[\"https:\\\/\\\/madame-sensuelle.paris\\\/en\\\/product\\\/porte-jaretelles-fortunia-6-attaches-en-tulle-broderies\\\/\"]}]},{\"@type\":\"ImageObject\",\"inLanguage\":\"en-US\",\"@id\":\"https:\\\/\\\/madame-sensuelle.paris\\\/en\\\/product\\\/porte-jaretelles-fortunia-6-attaches-en-tulle-broderies\\\/#primaryimage\",\"url\":\"https:\\\/\\\/madame-sensuelle.paris\\\/wp-content\\\/uploads\\\/2025\\\/03\\\/XSHD1TJ61485.jpg\",\"contentUrl\":\"https:\\\/\\\/madame-sensuelle.paris\\\/wp-content\\\/uploads\\\/2025\\\/03\\\/XSHD1TJ61485.jpg\",\"width\":1064,\"height\":1600},{\"@type\":\"BreadcrumbList\",\"@id\":\"https:\\\/\\\/madame-sensuelle.paris\\\/en\\\/product\\\/porte-jaretelles-fortunia-6-attaches-en-tulle-broderies\\\/#breadcrumb\",\"itemListElement\":[{\"@type\":\"ListItem\",\"position\":1,\"name\":\"Acceuil\",\"item\":\"https:\\\/\\\/madame-sensuelle.paris\\\/en\\\/home\\\/\"},{\"@type\":\"ListItem\",\"position\":2,\"name\":\"Catalog\",\"item\":\"https:\\\/\\\/madame-sensuelle.paris\\\/en\\\/catalogue\\\/\"},{\"@type\":\"ListItem\",\"position\":3,\"name\":\"DITA VON TEESE\",\"item\":\"https:\\\/\\\/madame-sensuelle.paris\\\/en\\\/brand\\\/dita-von-teese-2\\\/\"},{\"@type\":\"ListItem\",\"position\":4,\"name\":\"Fortunia suspender belt with 6 embroidered tulle ties\"}]},{\"@type\":\"WebSite\",\"@id\":\"https:\\\/\\\/madame-sensuelle.paris\\\/en\\\/#website\",\"url\":\"https:\\\/\\\/madame-sensuelle.paris\\\/en\\\/\",\"name\":\"MADAME SENSUELLE\",\"description\":\"MADAME SENSUELLE: Found the biggest exciting brands of chic &amp; SEXY LINGERIE in Paris Boutique and on the WEB: Aubade, Dita Von Teese, Maison Close, Marjolaine, Bluebella, Atelier Amour, Luxxa, Catanzaro, Gracija Rim. You will found the big pleasure of sexy belt or bra make for you\",\"publisher\":{\"@id\":\"https:\\\/\\\/madame-sensuelle.paris\\\/en\\\/#organization\"},\"potentialAction\":[{\"@type\":\"SearchAction\",\"target\":{\"@type\":\"EntryPoint\",\"urlTemplate\":\"https:\\\/\\\/madame-sensuelle.paris\\\/en\\\/?s={search_term_string}\"},\"query-input\":{\"@type\":\"PropertyValueSpecification\",\"valueRequired\":true,\"valueName\":\"search_term_string\"}}],\"inLanguage\":\"en-US\"},{\"@type\":\"Organization\",\"@id\":\"https:\\\/\\\/madame-sensuelle.paris\\\/en\\\/#organization\",\"name\":\"Madame Sensuelle\",\"url\":\"https:\\\/\\\/madame-sensuelle.paris\\\/en\\\/\",\"logo\":{\"@type\":\"ImageObject\",\"inLanguage\":\"en-US\",\"@id\":\"https:\\\/\\\/madame-sensuelle.paris\\\/en\\\/#\\\/schema\\\/logo\\\/image\\\/\",\"url\":\"https:\\\/\\\/madame-sensuelle.paris\\\/wp-content\\\/uploads\\\/2024\\\/12\\\/logo_a-1-1_696.webp\",\"contentUrl\":\"https:\\\/\\\/madame-sensuelle.paris\\\/wp-content\\\/uploads\\\/2024\\\/12\\\/logo_a-1-1_696.webp\",\"width\":696,\"height\":696,\"caption\":\"Madame Sensuelle\"},\"image\":{\"@id\":\"https:\\\/\\\/madame-sensuelle.paris\\\/en\\\/#\\\/schema\\\/logo\\\/image\\\/\"},\"sameAs\":[\"https:\\\/\\\/www.facebook.com\\\/madamesensuelle\",\"https:\\\/\\\/www.instagram.com\\\/madame_sensuelle\\\/\"]}]}<\/script>\n<!-- \/ Yoast SEO plugin. -->","yoast_head_json":{"title":"Fortunia suspender belt with 6 embroidered tulle ties \u2013 DITA VON TEESE - Madame Sensuelle","description":"Le mod\u00e8le Fortunia suspender belt with 6 embroidered tulle ties sign\u00e9 DITA VON TEESE, \u00e0 d\u00e9couvrir chez Madame Sensuelle. Essayage VIP disponible.","robots":{"index":"index","follow":"follow","max-snippet":"max-snippet:-1","max-image-preview":"max-image-preview:large","max-video-preview":"max-video-preview:-1"},"canonical":"https:\/\/madame-sensuelle.paris\/en\/product\/porte-jaretelles-fortunia-6-attaches-en-tulle-broderies\/","og_locale":"en_US","og_type":"article","og_title":"Fortunia suspender belt with 6 embroidered tulle ties \u2013 DITA VON TEESE - Madame Sensuelle","og_description":"Le mod\u00e8le Fortunia suspender belt with 6 embroidered tulle ties sign\u00e9 DITA VON TEESE, \u00e0 d\u00e9couvrir chez Madame Sensuelle. Essayage VIP disponible.","og_url":"https:\/\/madame-sensuelle.paris\/en\/product\/porte-jaretelles-fortunia-6-attaches-en-tulle-broderies\/","og_site_name":"Madame Sensuelle","article_publisher":"https:\/\/www.facebook.com\/madamesensuelle","article_modified_time":"2026-04-06T02:29:32+00:00","og_image":[{"width":1064,"height":1600,"url":"https:\/\/madame-sensuelle.paris\/wp-content\/uploads\/2025\/03\/XSHD1TJ61485.jpg","type":"image\/jpeg"}],"twitter_card":"summary_large_image","twitter_misc":{"Est. reading time":"1 minute"},"schema":{"@context":"https:\/\/schema.org","@graph":[{"@type":"WebPage","@id":"https:\/\/madame-sensuelle.paris\/en\/product\/porte-jaretelles-fortunia-6-attaches-en-tulle-broderies\/","url":"https:\/\/madame-sensuelle.paris\/en\/product\/porte-jaretelles-fortunia-6-attaches-en-tulle-broderies\/","name":"Fortunia suspender belt with 6 embroidered tulle ties \u2013 DITA VON TEESE - Madame Sensuelle","isPartOf":{"@id":"https:\/\/madame-sensuelle.paris\/en\/#website"},"primaryImageOfPage":{"@id":"https:\/\/madame-sensuelle.paris\/en\/product\/porte-jaretelles-fortunia-6-attaches-en-tulle-broderies\/#primaryimage"},"image":{"@id":"https:\/\/madame-sensuelle.paris\/en\/product\/porte-jaretelles-fortunia-6-attaches-en-tulle-broderies\/#primaryimage"},"thumbnailUrl":"https:\/\/madame-sensuelle.paris\/wp-content\/uploads\/2025\/03\/XSHD1TJ61485.jpg","datePublished":"2025-02-04T14:56:38+00:00","dateModified":"2026-04-06T02:29:32+00:00","description":"Le mod\u00e8le Fortunia suspender belt with 6 embroidered tulle ties sign\u00e9 DITA VON TEESE, \u00e0 d\u00e9couvrir chez Madame Sensuelle. Essayage VIP disponible.","breadcrumb":{"@id":"https:\/\/madame-sensuelle.paris\/en\/product\/porte-jaretelles-fortunia-6-attaches-en-tulle-broderies\/#breadcrumb"},"inLanguage":"en-US","potentialAction":[{"@type":"ReadAction","target":["https:\/\/madame-sensuelle.paris\/en\/product\/porte-jaretelles-fortunia-6-attaches-en-tulle-broderies\/"]}]},{"@type":"ImageObject","inLanguage":"en-US","@id":"https:\/\/madame-sensuelle.paris\/en\/product\/porte-jaretelles-fortunia-6-attaches-en-tulle-broderies\/#primaryimage","url":"https:\/\/madame-sensuelle.paris\/wp-content\/uploads\/2025\/03\/XSHD1TJ61485.jpg","contentUrl":"https:\/\/madame-sensuelle.paris\/wp-content\/uploads\/2025\/03\/XSHD1TJ61485.jpg","width":1064,"height":1600},{"@type":"BreadcrumbList","@id":"https:\/\/madame-sensuelle.paris\/en\/product\/porte-jaretelles-fortunia-6-attaches-en-tulle-broderies\/#breadcrumb","itemListElement":[{"@type":"ListItem","position":1,"name":"Acceuil","item":"https:\/\/madame-sensuelle.paris\/en\/home\/"},{"@type":"ListItem","position":2,"name":"Catalog","item":"https:\/\/madame-sensuelle.paris\/en\/catalogue\/"},{"@type":"ListItem","position":3,"name":"DITA VON TEESE","item":"https:\/\/madame-sensuelle.paris\/en\/brand\/dita-von-teese-2\/"},{"@type":"ListItem","position":4,"name":"Fortunia suspender belt with 6 embroidered tulle ties"}]},{"@type":"WebSite","@id":"https:\/\/madame-sensuelle.paris\/en\/#website","url":"https:\/\/madame-sensuelle.paris\/en\/","name":"MADAME SENSUELLE","description":"MADAME SENSUELLE: Found the biggest exciting brands of chic &amp; SEXY LINGERIE in Paris Boutique and on the WEB: Aubade, Dita Von Teese, Maison Close, Marjolaine, Bluebella, Atelier Amour, Luxxa, Catanzaro, Gracija Rim. You will found the big pleasure of sexy belt or bra make for you","publisher":{"@id":"https:\/\/madame-sensuelle.paris\/en\/#organization"},"potentialAction":[{"@type":"SearchAction","target":{"@type":"EntryPoint","urlTemplate":"https:\/\/madame-sensuelle.paris\/en\/?s={search_term_string}"},"query-input":{"@type":"PropertyValueSpecification","valueRequired":true,"valueName":"search_term_string"}}],"inLanguage":"en-US"},{"@type":"Organization","@id":"https:\/\/madame-sensuelle.paris\/en\/#organization","name":"Madame Sensuelle","url":"https:\/\/madame-sensuelle.paris\/en\/","logo":{"@type":"ImageObject","inLanguage":"en-US","@id":"https:\/\/madame-sensuelle.paris\/en\/#\/schema\/logo\/image\/","url":"https:\/\/madame-sensuelle.paris\/wp-content\/uploads\/2024\/12\/logo_a-1-1_696.webp","contentUrl":"https:\/\/madame-sensuelle.paris\/wp-content\/uploads\/2024\/12\/logo_a-1-1_696.webp","width":696,"height":696,"caption":"Madame Sensuelle"},"image":{"@id":"https:\/\/madame-sensuelle.paris\/en\/#\/schema\/logo\/image\/"},"sameAs":["https:\/\/www.facebook.com\/madamesensuelle","https:\/\/www.instagram.com\/madame_sensuelle\/"]}]}},"brands":[{"id":3587,"name":"DITA VON TEESE","slug":"dita-von-teese-2"}],"_links":{"self":[{"href":"https:\/\/madame-sensuelle.paris\/en\/wp-json\/wp\/v2\/product\/115233","targetHints":{"allow":["GET"]}}],"collection":[{"href":"https:\/\/madame-sensuelle.paris\/en\/wp-json\/wp\/v2\/product"}],"about":[{"href":"https:\/\/madame-sensuelle.paris\/en\/wp-json\/wp\/v2\/types\/product"}],"version-history":[{"count":1,"href":"https:\/\/madame-sensuelle.paris\/en\/wp-json\/wp\/v2\/product\/115233\/revisions"}],"predecessor-version":[{"id":120491,"href":"https:\/\/madame-sensuelle.paris\/en\/wp-json\/wp\/v2\/product\/115233\/revisions\/120491"}],"wp:featuredmedia":[{"embeddable":true,"href":"https:\/\/madame-sensuelle.paris\/en\/wp-json\/wp\/v2\/media\/116871"}],"wp:attachment":[{"href":"https:\/\/madame-sensuelle.paris\/en\/wp-json\/wp\/v2\/media?parent=115233"}],"wp:term":[{"taxonomy":"pwb-brand","embeddable":true,"href":"https:\/\/madame-sensuelle.paris\/en\/wp-json\/wp\/v2\/pwb-brand?post=115233"},{"taxonomy":"product_brand","embeddable":true,"href":"https:\/\/madame-sensuelle.paris\/en\/wp-json\/wp\/v2\/product_brand?post=115233"},{"taxonomy":"product_cat","embeddable":true,"href":"https:\/\/madame-sensuelle.paris\/en\/wp-json\/wp\/v2\/product_cat?post=115233"},{"taxonomy":"product_tag","embeddable":true,"href":"https:\/\/madame-sensuelle.paris\/en\/wp-json\/wp\/v2\/product_tag?post=115233"},{"taxonomy":"giftcard-category","embeddable":true,"href":"https:\/\/madame-sensuelle.paris\/en\/wp-json\/wp\/v2\/giftcard-category?post=115233"}],"curies":[{"name":"wp","href":"https:\/\/api.w.org\/{rel}","templated":true}]}}