{"id":116058,"date":"2025-02-05T16:43:30","date_gmt":"2025-02-05T16:43:30","guid":{"rendered":"https:\/\/madame-sensuelle.paris\/product\/nuisette-longue-histoire-dun-soir-en-dentelle-a-fentes-sur-les-cotes\/"},"modified":"2026-04-06T01:33:08","modified_gmt":"2026-04-06T01:33:08","slug":"nuisette-longue-histoire-dun-soir-en-dentelle-a-fentes-sur-les-cotes","status":"publish","type":"product","link":"https:\/\/madame-sensuelle.paris\/en\/product\/nuisette-longue-histoire-dun-soir-en-dentelle-a-fentes-sur-les-cotes\/","title":{"rendered":"Histoire d&#8217;un soir long babydoll in lace with side slits"},"content":{"rendered":"<p>This lace chemise combines refinement and sensuality. Its fluid cut delicately enhances the silhouette, while its side slits subtly reveal the skin, offering comfort and freedom of movement. Its lace detail adds a touch of timeless romance, perfect for an intimate evening or a special occasion. Soft and light, it envelops the skin with elegance, highlighting natural curves. Bold and feminine, the Histoire d&#8217;un Soir chemise is much more than a nightgown: it embodies luxury, comfort and seduction.<\/p>\n","protected":false},"excerpt":{"rendered":"<p>This lace chemise combines refinement and sensuality. Its fluid cut delicately enhances the silhouette, while its side slits subtly reveal the skin, offering comfort and freedom of movement. Its lace detail adds a touch of timeless romance, perfect for an intimate evening or a special occasion. Soft and light, it envelops the skin with elegance,<\/p>\n","protected":false},"featured_media":115994,"template":"","meta":[],"pwb-brand":[3589],"product_brand":[],"product_cat":[3296,3253,3293,3256,3368],"product_tag":[],"giftcard-category":[],"class_list":{"0":"post-116058","1":"product","2":"type-product","3":"status-publish","4":"has-post-thumbnail","6":"pwb-brand-aubade-2","7":"product_cat-dresses","8":"product_cat-night-homewear","9":"product_cat-longwear","10":"product_cat-babydolls-nighties","11":"product_cat-show-main-en","13":"first","14":"instock","15":"taxable","16":"shipping-taxable","17":"purchasable","18":"product-type-variable","19":"has-default-attributes"},"yoast_head":"<!-- This site is optimized with the Yoast SEO plugin v27.4 - https:\/\/yoast.com\/product\/yoast-seo-wordpress\/ -->\n<title>Histoire d&#039;un soir long babydoll in lace with side slits This lace chemise combines refinement and sensuality. Its fluid cut delicately enhances the silhouette, while its side slits subtly reveal the skin, offering comfort and freedom of movement. Its lace detail adds a touch of timeless romance, perfect for an intimate evening or a special occasion. Soft and light, it envelops the skin with elegance, highlighting natural curves. Bold and feminine, the Histoire d&#039;un Soir chemise is much more than a nightgown: it embodies luxury, comfort and seduction.<\/title>\n<meta name=\"description\" content=\"Le mod\u00e8le Histoire d&#039;un soir long babydoll in lace with side slits sign\u00e9 AUBADE, \u00e0 d\u00e9couvrir chez Madame Sensuelle. Essayage VIP disponible.\" \/>\n<meta name=\"robots\" content=\"index, follow, max-snippet:-1, max-image-preview:large, max-video-preview:-1\" \/>\n<link rel=\"canonical\" href=\"https:\/\/madame-sensuelle.paris\/en\/product\/nuisette-longue-histoire-dun-soir-en-dentelle-a-fentes-sur-les-cotes\/\" \/>\n<meta property=\"og:locale\" content=\"en_US\" \/>\n<meta property=\"og:type\" content=\"article\" \/>\n<meta property=\"og:title\" content=\"Histoire d&#039;un soir long babydoll in lace with side slits This lace chemise combines refinement and sensuality. Its fluid cut delicately enhances the silhouette, while its side slits subtly reveal the skin, offering comfort and freedom of movement. Its lace detail adds a touch of timeless romance, perfect for an intimate evening or a special occasion. Soft and light, it envelops the skin with elegance, highlighting natural curves. Bold and feminine, the Histoire d&#039;un Soir chemise is much more than a nightgown: it embodies luxury, comfort and seduction.\" \/>\n<meta property=\"og:description\" content=\"Le mod\u00e8le Histoire d&#039;un soir long babydoll in lace with side slits sign\u00e9 AUBADE, \u00e0 d\u00e9couvrir chez Madame Sensuelle. Essayage VIP disponible.\" \/>\n<meta property=\"og:url\" content=\"https:\/\/madame-sensuelle.paris\/en\/product\/nuisette-longue-histoire-dun-soir-en-dentelle-a-fentes-sur-les-cotes\/\" \/>\n<meta property=\"og:site_name\" content=\"Madame Sensuelle\" \/>\n<meta property=\"article:publisher\" content=\"https:\/\/www.facebook.com\/madamesensuelle\" \/>\n<meta property=\"article:modified_time\" content=\"2026-04-06T01:33:08+00:00\" \/>\n<meta property=\"og:image\" content=\"https:\/\/madame-sensuelle.paris\/wp-content\/uploads\/2025\/02\/XSHD1TJ61539.jpg\" \/>\n\t<meta property=\"og:image:width\" content=\"1064\" \/>\n\t<meta property=\"og:image:height\" content=\"1600\" \/>\n\t<meta property=\"og:image:type\" content=\"image\/jpeg\" \/>\n<meta name=\"twitter:card\" content=\"summary_large_image\" \/>\n<meta name=\"twitter:label1\" content=\"Est. reading time\" \/>\n\t<meta name=\"twitter:data1\" content=\"1 minute\" \/>\n<script type=\"application\/ld+json\" class=\"yoast-schema-graph\">{\"@context\":\"https:\\\/\\\/schema.org\",\"@graph\":[{\"@type\":\"WebPage\",\"@id\":\"https:\\\/\\\/madame-sensuelle.paris\\\/en\\\/product\\\/nuisette-longue-histoire-dun-soir-en-dentelle-a-fentes-sur-les-cotes\\\/\",\"url\":\"https:\\\/\\\/madame-sensuelle.paris\\\/en\\\/product\\\/nuisette-longue-histoire-dun-soir-en-dentelle-a-fentes-sur-les-cotes\\\/\",\"name\":\"Histoire d'un soir long babydoll in lace with side slits This lace chemise combines refinement and sensuality. Its fluid cut delicately enhances the silhouette, while its side slits subtly reveal the skin, offering comfort and freedom of movement. Its lace detail adds a touch of timeless romance, perfect for an intimate evening or a special occasion. Soft and light, it envelops the skin with elegance, highlighting natural curves. Bold and feminine, the Histoire d'un Soir chemise is much more than a nightgown: it embodies luxury, comfort and seduction.\",\"isPartOf\":{\"@id\":\"https:\\\/\\\/madame-sensuelle.paris\\\/en\\\/#website\"},\"primaryImageOfPage\":{\"@id\":\"https:\\\/\\\/madame-sensuelle.paris\\\/en\\\/product\\\/nuisette-longue-histoire-dun-soir-en-dentelle-a-fentes-sur-les-cotes\\\/#primaryimage\"},\"image\":{\"@id\":\"https:\\\/\\\/madame-sensuelle.paris\\\/en\\\/product\\\/nuisette-longue-histoire-dun-soir-en-dentelle-a-fentes-sur-les-cotes\\\/#primaryimage\"},\"thumbnailUrl\":\"https:\\\/\\\/madame-sensuelle.paris\\\/wp-content\\\/uploads\\\/2025\\\/02\\\/XSHD1TJ61539.jpg\",\"datePublished\":\"2025-02-05T16:43:30+00:00\",\"dateModified\":\"2026-04-06T01:33:08+00:00\",\"description\":\"Le mod\u00e8le Histoire d'un soir long babydoll in lace with side slits sign\u00e9 AUBADE, \u00e0 d\u00e9couvrir chez Madame Sensuelle. Essayage VIP disponible.\",\"breadcrumb\":{\"@id\":\"https:\\\/\\\/madame-sensuelle.paris\\\/en\\\/product\\\/nuisette-longue-histoire-dun-soir-en-dentelle-a-fentes-sur-les-cotes\\\/#breadcrumb\"},\"inLanguage\":\"en-US\",\"potentialAction\":[{\"@type\":\"ReadAction\",\"target\":[\"https:\\\/\\\/madame-sensuelle.paris\\\/en\\\/product\\\/nuisette-longue-histoire-dun-soir-en-dentelle-a-fentes-sur-les-cotes\\\/\"]}]},{\"@type\":\"ImageObject\",\"inLanguage\":\"en-US\",\"@id\":\"https:\\\/\\\/madame-sensuelle.paris\\\/en\\\/product\\\/nuisette-longue-histoire-dun-soir-en-dentelle-a-fentes-sur-les-cotes\\\/#primaryimage\",\"url\":\"https:\\\/\\\/madame-sensuelle.paris\\\/wp-content\\\/uploads\\\/2025\\\/02\\\/XSHD1TJ61539.jpg\",\"contentUrl\":\"https:\\\/\\\/madame-sensuelle.paris\\\/wp-content\\\/uploads\\\/2025\\\/02\\\/XSHD1TJ61539.jpg\",\"width\":1064,\"height\":1600},{\"@type\":\"BreadcrumbList\",\"@id\":\"https:\\\/\\\/madame-sensuelle.paris\\\/en\\\/product\\\/nuisette-longue-histoire-dun-soir-en-dentelle-a-fentes-sur-les-cotes\\\/#breadcrumb\",\"itemListElement\":[{\"@type\":\"ListItem\",\"position\":1,\"name\":\"Acceuil\",\"item\":\"https:\\\/\\\/madame-sensuelle.paris\\\/en\\\/home\\\/\"},{\"@type\":\"ListItem\",\"position\":2,\"name\":\"Catalog\",\"item\":\"https:\\\/\\\/madame-sensuelle.paris\\\/en\\\/catalogue\\\/\"},{\"@type\":\"ListItem\",\"position\":3,\"name\":\"AUBADE\",\"item\":\"https:\\\/\\\/madame-sensuelle.paris\\\/en\\\/brand\\\/aubade-2\\\/\"},{\"@type\":\"ListItem\",\"position\":4,\"name\":\"Histoire d&#8217;un soir long babydoll in lace with side slits\"}]},{\"@type\":\"WebSite\",\"@id\":\"https:\\\/\\\/madame-sensuelle.paris\\\/en\\\/#website\",\"url\":\"https:\\\/\\\/madame-sensuelle.paris\\\/en\\\/\",\"name\":\"MADAME SENSUELLE\",\"description\":\"MADAME SENSUELLE: Found the biggest exciting brands of chic &amp; SEXY LINGERIE in Paris Boutique and on the WEB: Aubade, Dita Von Teese, Maison Close, Marjolaine, Bluebella, Atelier Amour, Luxxa, Catanzaro, Gracija Rim. You will found the big pleasure of sexy belt or bra make for you\",\"publisher\":{\"@id\":\"https:\\\/\\\/madame-sensuelle.paris\\\/en\\\/#organization\"},\"potentialAction\":[{\"@type\":\"SearchAction\",\"target\":{\"@type\":\"EntryPoint\",\"urlTemplate\":\"https:\\\/\\\/madame-sensuelle.paris\\\/en\\\/?s={search_term_string}\"},\"query-input\":{\"@type\":\"PropertyValueSpecification\",\"valueRequired\":true,\"valueName\":\"search_term_string\"}}],\"inLanguage\":\"en-US\"},{\"@type\":\"Organization\",\"@id\":\"https:\\\/\\\/madame-sensuelle.paris\\\/en\\\/#organization\",\"name\":\"Madame Sensuelle\",\"url\":\"https:\\\/\\\/madame-sensuelle.paris\\\/en\\\/\",\"logo\":{\"@type\":\"ImageObject\",\"inLanguage\":\"en-US\",\"@id\":\"https:\\\/\\\/madame-sensuelle.paris\\\/en\\\/#\\\/schema\\\/logo\\\/image\\\/\",\"url\":\"https:\\\/\\\/madame-sensuelle.paris\\\/wp-content\\\/uploads\\\/2024\\\/12\\\/logo_a-1-1_696.webp\",\"contentUrl\":\"https:\\\/\\\/madame-sensuelle.paris\\\/wp-content\\\/uploads\\\/2024\\\/12\\\/logo_a-1-1_696.webp\",\"width\":696,\"height\":696,\"caption\":\"Madame Sensuelle\"},\"image\":{\"@id\":\"https:\\\/\\\/madame-sensuelle.paris\\\/en\\\/#\\\/schema\\\/logo\\\/image\\\/\"},\"sameAs\":[\"https:\\\/\\\/www.facebook.com\\\/madamesensuelle\",\"https:\\\/\\\/www.instagram.com\\\/madame_sensuelle\\\/\"]}]}<\/script>\n<!-- \/ Yoast SEO plugin. -->","yoast_head_json":{"title":"Histoire d'un soir long babydoll in lace with side slits This lace chemise combines refinement and sensuality. Its fluid cut delicately enhances the silhouette, while its side slits subtly reveal the skin, offering comfort and freedom of movement. Its lace detail adds a touch of timeless romance, perfect for an intimate evening or a special occasion. Soft and light, it envelops the skin with elegance, highlighting natural curves. Bold and feminine, the Histoire d'un Soir chemise is much more than a nightgown: it embodies luxury, comfort and seduction.","description":"Le mod\u00e8le Histoire d'un soir long babydoll in lace with side slits sign\u00e9 AUBADE, \u00e0 d\u00e9couvrir chez Madame Sensuelle. Essayage VIP disponible.","robots":{"index":"index","follow":"follow","max-snippet":"max-snippet:-1","max-image-preview":"max-image-preview:large","max-video-preview":"max-video-preview:-1"},"canonical":"https:\/\/madame-sensuelle.paris\/en\/product\/nuisette-longue-histoire-dun-soir-en-dentelle-a-fentes-sur-les-cotes\/","og_locale":"en_US","og_type":"article","og_title":"Histoire d'un soir long babydoll in lace with side slits This lace chemise combines refinement and sensuality. Its fluid cut delicately enhances the silhouette, while its side slits subtly reveal the skin, offering comfort and freedom of movement. Its lace detail adds a touch of timeless romance, perfect for an intimate evening or a special occasion. Soft and light, it envelops the skin with elegance, highlighting natural curves. Bold and feminine, the Histoire d'un Soir chemise is much more than a nightgown: it embodies luxury, comfort and seduction.","og_description":"Le mod\u00e8le Histoire d'un soir long babydoll in lace with side slits sign\u00e9 AUBADE, \u00e0 d\u00e9couvrir chez Madame Sensuelle. Essayage VIP disponible.","og_url":"https:\/\/madame-sensuelle.paris\/en\/product\/nuisette-longue-histoire-dun-soir-en-dentelle-a-fentes-sur-les-cotes\/","og_site_name":"Madame Sensuelle","article_publisher":"https:\/\/www.facebook.com\/madamesensuelle","article_modified_time":"2026-04-06T01:33:08+00:00","og_image":[{"width":1064,"height":1600,"url":"https:\/\/madame-sensuelle.paris\/wp-content\/uploads\/2025\/02\/XSHD1TJ61539.jpg","type":"image\/jpeg"}],"twitter_card":"summary_large_image","twitter_misc":{"Est. reading time":"1 minute"},"schema":{"@context":"https:\/\/schema.org","@graph":[{"@type":"WebPage","@id":"https:\/\/madame-sensuelle.paris\/en\/product\/nuisette-longue-histoire-dun-soir-en-dentelle-a-fentes-sur-les-cotes\/","url":"https:\/\/madame-sensuelle.paris\/en\/product\/nuisette-longue-histoire-dun-soir-en-dentelle-a-fentes-sur-les-cotes\/","name":"Histoire d'un soir long babydoll in lace with side slits This lace chemise combines refinement and sensuality. Its fluid cut delicately enhances the silhouette, while its side slits subtly reveal the skin, offering comfort and freedom of movement. Its lace detail adds a touch of timeless romance, perfect for an intimate evening or a special occasion. Soft and light, it envelops the skin with elegance, highlighting natural curves. Bold and feminine, the Histoire d'un Soir chemise is much more than a nightgown: it embodies luxury, comfort and seduction.","isPartOf":{"@id":"https:\/\/madame-sensuelle.paris\/en\/#website"},"primaryImageOfPage":{"@id":"https:\/\/madame-sensuelle.paris\/en\/product\/nuisette-longue-histoire-dun-soir-en-dentelle-a-fentes-sur-les-cotes\/#primaryimage"},"image":{"@id":"https:\/\/madame-sensuelle.paris\/en\/product\/nuisette-longue-histoire-dun-soir-en-dentelle-a-fentes-sur-les-cotes\/#primaryimage"},"thumbnailUrl":"https:\/\/madame-sensuelle.paris\/wp-content\/uploads\/2025\/02\/XSHD1TJ61539.jpg","datePublished":"2025-02-05T16:43:30+00:00","dateModified":"2026-04-06T01:33:08+00:00","description":"Le mod\u00e8le Histoire d'un soir long babydoll in lace with side slits sign\u00e9 AUBADE, \u00e0 d\u00e9couvrir chez Madame Sensuelle. Essayage VIP disponible.","breadcrumb":{"@id":"https:\/\/madame-sensuelle.paris\/en\/product\/nuisette-longue-histoire-dun-soir-en-dentelle-a-fentes-sur-les-cotes\/#breadcrumb"},"inLanguage":"en-US","potentialAction":[{"@type":"ReadAction","target":["https:\/\/madame-sensuelle.paris\/en\/product\/nuisette-longue-histoire-dun-soir-en-dentelle-a-fentes-sur-les-cotes\/"]}]},{"@type":"ImageObject","inLanguage":"en-US","@id":"https:\/\/madame-sensuelle.paris\/en\/product\/nuisette-longue-histoire-dun-soir-en-dentelle-a-fentes-sur-les-cotes\/#primaryimage","url":"https:\/\/madame-sensuelle.paris\/wp-content\/uploads\/2025\/02\/XSHD1TJ61539.jpg","contentUrl":"https:\/\/madame-sensuelle.paris\/wp-content\/uploads\/2025\/02\/XSHD1TJ61539.jpg","width":1064,"height":1600},{"@type":"BreadcrumbList","@id":"https:\/\/madame-sensuelle.paris\/en\/product\/nuisette-longue-histoire-dun-soir-en-dentelle-a-fentes-sur-les-cotes\/#breadcrumb","itemListElement":[{"@type":"ListItem","position":1,"name":"Acceuil","item":"https:\/\/madame-sensuelle.paris\/en\/home\/"},{"@type":"ListItem","position":2,"name":"Catalog","item":"https:\/\/madame-sensuelle.paris\/en\/catalogue\/"},{"@type":"ListItem","position":3,"name":"AUBADE","item":"https:\/\/madame-sensuelle.paris\/en\/brand\/aubade-2\/"},{"@type":"ListItem","position":4,"name":"Histoire d&#8217;un soir long babydoll in lace with side slits"}]},{"@type":"WebSite","@id":"https:\/\/madame-sensuelle.paris\/en\/#website","url":"https:\/\/madame-sensuelle.paris\/en\/","name":"MADAME SENSUELLE","description":"MADAME SENSUELLE: Found the biggest exciting brands of chic &amp; SEXY LINGERIE in Paris Boutique and on the WEB: Aubade, Dita Von Teese, Maison Close, Marjolaine, Bluebella, Atelier Amour, Luxxa, Catanzaro, Gracija Rim. You will found the big pleasure of sexy belt or bra make for you","publisher":{"@id":"https:\/\/madame-sensuelle.paris\/en\/#organization"},"potentialAction":[{"@type":"SearchAction","target":{"@type":"EntryPoint","urlTemplate":"https:\/\/madame-sensuelle.paris\/en\/?s={search_term_string}"},"query-input":{"@type":"PropertyValueSpecification","valueRequired":true,"valueName":"search_term_string"}}],"inLanguage":"en-US"},{"@type":"Organization","@id":"https:\/\/madame-sensuelle.paris\/en\/#organization","name":"Madame Sensuelle","url":"https:\/\/madame-sensuelle.paris\/en\/","logo":{"@type":"ImageObject","inLanguage":"en-US","@id":"https:\/\/madame-sensuelle.paris\/en\/#\/schema\/logo\/image\/","url":"https:\/\/madame-sensuelle.paris\/wp-content\/uploads\/2024\/12\/logo_a-1-1_696.webp","contentUrl":"https:\/\/madame-sensuelle.paris\/wp-content\/uploads\/2024\/12\/logo_a-1-1_696.webp","width":696,"height":696,"caption":"Madame Sensuelle"},"image":{"@id":"https:\/\/madame-sensuelle.paris\/en\/#\/schema\/logo\/image\/"},"sameAs":["https:\/\/www.facebook.com\/madamesensuelle","https:\/\/www.instagram.com\/madame_sensuelle\/"]}]}},"brands":[{"id":3589,"name":"AUBADE","slug":"aubade-2"}],"_links":{"self":[{"href":"https:\/\/madame-sensuelle.paris\/en\/wp-json\/wp\/v2\/product\/116058","targetHints":{"allow":["GET"]}}],"collection":[{"href":"https:\/\/madame-sensuelle.paris\/en\/wp-json\/wp\/v2\/product"}],"about":[{"href":"https:\/\/madame-sensuelle.paris\/en\/wp-json\/wp\/v2\/types\/product"}],"version-history":[{"count":1,"href":"https:\/\/madame-sensuelle.paris\/en\/wp-json\/wp\/v2\/product\/116058\/revisions"}],"predecessor-version":[{"id":117022,"href":"https:\/\/madame-sensuelle.paris\/en\/wp-json\/wp\/v2\/product\/116058\/revisions\/117022"}],"wp:featuredmedia":[{"embeddable":true,"href":"https:\/\/madame-sensuelle.paris\/en\/wp-json\/wp\/v2\/media\/115994"}],"wp:attachment":[{"href":"https:\/\/madame-sensuelle.paris\/en\/wp-json\/wp\/v2\/media?parent=116058"}],"wp:term":[{"taxonomy":"pwb-brand","embeddable":true,"href":"https:\/\/madame-sensuelle.paris\/en\/wp-json\/wp\/v2\/pwb-brand?post=116058"},{"taxonomy":"product_brand","embeddable":true,"href":"https:\/\/madame-sensuelle.paris\/en\/wp-json\/wp\/v2\/product_brand?post=116058"},{"taxonomy":"product_cat","embeddable":true,"href":"https:\/\/madame-sensuelle.paris\/en\/wp-json\/wp\/v2\/product_cat?post=116058"},{"taxonomy":"product_tag","embeddable":true,"href":"https:\/\/madame-sensuelle.paris\/en\/wp-json\/wp\/v2\/product_tag?post=116058"},{"taxonomy":"giftcard-category","embeddable":true,"href":"https:\/\/madame-sensuelle.paris\/en\/wp-json\/wp\/v2\/giftcard-category?post=116058"}],"curies":[{"name":"wp","href":"https:\/\/api.w.org\/{rel}","templated":true}]}}