{"id":116374,"date":"2025-02-22T16:54:24","date_gmt":"2025-02-22T16:54:24","guid":{"rendered":"https:\/\/madame-sensuelle.paris\/product\/nuisette-en-soie-apoline-dos-nu-lacage-et-bijou-au-dos\/"},"modified":"2026-04-06T03:41:14","modified_gmt":"2026-04-06T03:41:14","slug":"nuisette-en-soie-apoline-dos-nu-lacage-et-bijou-au-dos","status":"publish","type":"product","link":"https:\/\/madame-sensuelle.paris\/en\/product\/nuisette-en-soie-apoline-dos-nu-lacage-et-bijou-au-dos\/","title":{"rendered":"Nuisette en soie Apoline dos nu la\u00e7age et bijou au dos"},"content":{"rendered":"<p>\u00c9l\u00e9gance et sensualit\u00e9 s\u2019unissent avec la nuisette Apolline en soie, une pi\u00e8ce luxueuse au design envo\u00fbtant. Confectionn\u00e9e en soie d\u00e9licate, elle caresse la peau tout en sublimant la silhouette gr\u00e2ce \u00e0 son <strong data-start=\"282\" data-end=\"322\">dos nu sublim\u00e9 par un la\u00e7age raffin\u00e9<\/strong> et un bijou scintillant. Sa coupe fluide et l\u00e9g\u00e8re offre un confort absolu, parfait pour des nuits empreintes de glamour et de s\u00e9duction. Id\u00e9ale pour une occasion sp\u00e9ciale ou pour s\u2019offrir un moment de luxe au quotidien. Disponible en plusieurs tailles pour \u00e9pouser toutes les morphologies<\/p>\n","protected":false},"excerpt":{"rendered":"<p>\u00c9l\u00e9gance et sensualit\u00e9 s\u2019unissent avec la nuisette Apolline en soie, une pi\u00e8ce luxueuse au design envo\u00fbtant. Confectionn\u00e9e en soie d\u00e9licate, elle caresse la peau tout en sublimant la silhouette gr\u00e2ce \u00e0 son dos nu sublim\u00e9 par un la\u00e7age raffin\u00e9 et un bijou scintillant. Sa coupe fluide et l\u00e9g\u00e8re offre un confort absolu, parfait pour des<\/p>\n","protected":false},"featured_media":116208,"template":"","meta":[],"pwb-brand":[3593],"product_brand":[],"product_cat":[3253,3256,3368],"product_tag":[],"giftcard-category":[],"class_list":{"0":"post-116374","1":"product","2":"type-product","3":"status-publish","4":"has-post-thumbnail","6":"pwb-brand-marjolaine-2","7":"product_cat-night-homewear","8":"product_cat-babydolls-nighties","9":"product_cat-show-main-en","11":"first","12":"instock","13":"taxable","14":"shipping-taxable","15":"purchasable","16":"product-type-variable","17":"has-default-attributes"},"yoast_head":"<!-- This site is optimized with the Yoast SEO plugin v27.3 - https:\/\/yoast.com\/product\/yoast-seo-wordpress\/ -->\n<title>Nuisette en soie Apoline dos nu la\u00e7age et bijou au dos \u2013 MARJOLAINE - Madame Sensuelle<\/title>\n<meta name=\"description\" content=\"Le mod\u00e8le Nuisette en soie Apoline dos nu la\u00e7age et bijou au dos sign\u00e9 MARJOLAINE, \u00e0 d\u00e9couvrir chez Madame Sensuelle. Essayage VIP disponible.\" \/>\n<meta name=\"robots\" content=\"index, follow, max-snippet:-1, max-image-preview:large, max-video-preview:-1\" \/>\n<link rel=\"canonical\" href=\"https:\/\/madame-sensuelle.paris\/en\/product\/nuisette-en-soie-apoline-dos-nu-lacage-et-bijou-au-dos\/\" \/>\n<meta property=\"og:locale\" content=\"en_US\" \/>\n<meta property=\"og:type\" content=\"article\" \/>\n<meta property=\"og:title\" content=\"Nuisette en soie Apoline dos nu la\u00e7age et bijou au dos \u2013 MARJOLAINE - Madame Sensuelle\" \/>\n<meta property=\"og:description\" content=\"Le mod\u00e8le Nuisette en soie Apoline dos nu la\u00e7age et bijou au dos sign\u00e9 MARJOLAINE, \u00e0 d\u00e9couvrir chez Madame Sensuelle. Essayage VIP disponible.\" \/>\n<meta property=\"og:url\" content=\"https:\/\/madame-sensuelle.paris\/en\/product\/nuisette-en-soie-apoline-dos-nu-lacage-et-bijou-au-dos\/\" \/>\n<meta property=\"og:site_name\" content=\"Madame Sensuelle\" \/>\n<meta property=\"article:publisher\" content=\"https:\/\/www.facebook.com\/madamesensuelle\" \/>\n<meta property=\"article:modified_time\" content=\"2026-04-06T03:41:14+00:00\" \/>\n<meta property=\"og:image\" content=\"https:\/\/madame-sensuelle.paris\/wp-content\/uploads\/2025\/02\/XSHD1TJ61558.jpg\" \/>\n\t<meta property=\"og:image:width\" content=\"513\" \/>\n\t<meta property=\"og:image:height\" content=\"780\" \/>\n\t<meta property=\"og:image:type\" content=\"image\/jpeg\" \/>\n<meta name=\"twitter:card\" content=\"summary_large_image\" \/>\n<meta name=\"twitter:label1\" content=\"Est. reading time\" \/>\n\t<meta name=\"twitter:data1\" content=\"1 minute\" \/>\n<script type=\"application\/ld+json\" class=\"yoast-schema-graph\">{\"@context\":\"https:\\\/\\\/schema.org\",\"@graph\":[{\"@type\":\"WebPage\",\"@id\":\"https:\\\/\\\/madame-sensuelle.paris\\\/en\\\/product\\\/nuisette-en-soie-apoline-dos-nu-lacage-et-bijou-au-dos\\\/\",\"url\":\"https:\\\/\\\/madame-sensuelle.paris\\\/en\\\/product\\\/nuisette-en-soie-apoline-dos-nu-lacage-et-bijou-au-dos\\\/\",\"name\":\"Nuisette en soie Apoline dos nu la\u00e7age et bijou au dos \u2013 MARJOLAINE - Madame Sensuelle\",\"isPartOf\":{\"@id\":\"https:\\\/\\\/madame-sensuelle.paris\\\/en\\\/#website\"},\"primaryImageOfPage\":{\"@id\":\"https:\\\/\\\/madame-sensuelle.paris\\\/en\\\/product\\\/nuisette-en-soie-apoline-dos-nu-lacage-et-bijou-au-dos\\\/#primaryimage\"},\"image\":{\"@id\":\"https:\\\/\\\/madame-sensuelle.paris\\\/en\\\/product\\\/nuisette-en-soie-apoline-dos-nu-lacage-et-bijou-au-dos\\\/#primaryimage\"},\"thumbnailUrl\":\"https:\\\/\\\/madame-sensuelle.paris\\\/wp-content\\\/uploads\\\/2025\\\/02\\\/XSHD1TJ61558.jpg\",\"datePublished\":\"2025-02-22T16:54:24+00:00\",\"dateModified\":\"2026-04-06T03:41:14+00:00\",\"description\":\"Le mod\u00e8le Nuisette en soie Apoline dos nu la\u00e7age et bijou au dos sign\u00e9 MARJOLAINE, \u00e0 d\u00e9couvrir chez Madame Sensuelle. Essayage VIP disponible.\",\"breadcrumb\":{\"@id\":\"https:\\\/\\\/madame-sensuelle.paris\\\/en\\\/product\\\/nuisette-en-soie-apoline-dos-nu-lacage-et-bijou-au-dos\\\/#breadcrumb\"},\"inLanguage\":\"en-US\",\"potentialAction\":[{\"@type\":\"ReadAction\",\"target\":[\"https:\\\/\\\/madame-sensuelle.paris\\\/en\\\/product\\\/nuisette-en-soie-apoline-dos-nu-lacage-et-bijou-au-dos\\\/\"]}]},{\"@type\":\"ImageObject\",\"inLanguage\":\"en-US\",\"@id\":\"https:\\\/\\\/madame-sensuelle.paris\\\/en\\\/product\\\/nuisette-en-soie-apoline-dos-nu-lacage-et-bijou-au-dos\\\/#primaryimage\",\"url\":\"https:\\\/\\\/madame-sensuelle.paris\\\/wp-content\\\/uploads\\\/2025\\\/02\\\/XSHD1TJ61558.jpg\",\"contentUrl\":\"https:\\\/\\\/madame-sensuelle.paris\\\/wp-content\\\/uploads\\\/2025\\\/02\\\/XSHD1TJ61558.jpg\",\"width\":513,\"height\":780},{\"@type\":\"BreadcrumbList\",\"@id\":\"https:\\\/\\\/madame-sensuelle.paris\\\/en\\\/product\\\/nuisette-en-soie-apoline-dos-nu-lacage-et-bijou-au-dos\\\/#breadcrumb\",\"itemListElement\":[{\"@type\":\"ListItem\",\"position\":1,\"name\":\"Acceuil\",\"item\":\"https:\\\/\\\/madame-sensuelle.paris\\\/en\\\/home\\\/\"},{\"@type\":\"ListItem\",\"position\":2,\"name\":\"Catalog\",\"item\":\"https:\\\/\\\/madame-sensuelle.paris\\\/en\\\/catalogue\\\/\"},{\"@type\":\"ListItem\",\"position\":3,\"name\":\"MARJOLAINE\",\"item\":\"https:\\\/\\\/madame-sensuelle.paris\\\/en\\\/brand\\\/marjolaine-2\\\/\"},{\"@type\":\"ListItem\",\"position\":4,\"name\":\"Nuisette en soie Apoline dos nu la\u00e7age et bijou au dos\"}]},{\"@type\":\"WebSite\",\"@id\":\"https:\\\/\\\/madame-sensuelle.paris\\\/en\\\/#website\",\"url\":\"https:\\\/\\\/madame-sensuelle.paris\\\/en\\\/\",\"name\":\"MADAME SENSUELLE\",\"description\":\"MADAME SENSUELLE: Found the biggest exciting brands of chic &amp; SEXY LINGERIE in Paris Boutique and on the WEB: Aubade, Dita Von Teese, Maison Close, Marjolaine, Bluebella, Atelier Amour, Luxxa, Catanzaro, Gracija Rim. You will found the big pleasure of sexy belt or bra make for you\",\"publisher\":{\"@id\":\"https:\\\/\\\/madame-sensuelle.paris\\\/en\\\/#organization\"},\"potentialAction\":[{\"@type\":\"SearchAction\",\"target\":{\"@type\":\"EntryPoint\",\"urlTemplate\":\"https:\\\/\\\/madame-sensuelle.paris\\\/en\\\/?s={search_term_string}\"},\"query-input\":{\"@type\":\"PropertyValueSpecification\",\"valueRequired\":true,\"valueName\":\"search_term_string\"}}],\"inLanguage\":\"en-US\"},{\"@type\":\"Organization\",\"@id\":\"https:\\\/\\\/madame-sensuelle.paris\\\/en\\\/#organization\",\"name\":\"Madame Sensuelle\",\"url\":\"https:\\\/\\\/madame-sensuelle.paris\\\/en\\\/\",\"logo\":{\"@type\":\"ImageObject\",\"inLanguage\":\"en-US\",\"@id\":\"https:\\\/\\\/madame-sensuelle.paris\\\/en\\\/#\\\/schema\\\/logo\\\/image\\\/\",\"url\":\"https:\\\/\\\/madame-sensuelle.paris\\\/wp-content\\\/uploads\\\/2024\\\/12\\\/logo_a-1-1_696.webp\",\"contentUrl\":\"https:\\\/\\\/madame-sensuelle.paris\\\/wp-content\\\/uploads\\\/2024\\\/12\\\/logo_a-1-1_696.webp\",\"width\":696,\"height\":696,\"caption\":\"Madame Sensuelle\"},\"image\":{\"@id\":\"https:\\\/\\\/madame-sensuelle.paris\\\/en\\\/#\\\/schema\\\/logo\\\/image\\\/\"},\"sameAs\":[\"https:\\\/\\\/www.facebook.com\\\/madamesensuelle\",\"https:\\\/\\\/www.instagram.com\\\/madame_sensuelle\\\/\"]}]}<\/script>\n<!-- \/ Yoast SEO plugin. -->","yoast_head_json":{"title":"Nuisette en soie Apoline dos nu la\u00e7age et bijou au dos \u2013 MARJOLAINE - Madame Sensuelle","description":"Le mod\u00e8le Nuisette en soie Apoline dos nu la\u00e7age et bijou au dos sign\u00e9 MARJOLAINE, \u00e0 d\u00e9couvrir chez Madame Sensuelle. Essayage VIP disponible.","robots":{"index":"index","follow":"follow","max-snippet":"max-snippet:-1","max-image-preview":"max-image-preview:large","max-video-preview":"max-video-preview:-1"},"canonical":"https:\/\/madame-sensuelle.paris\/en\/product\/nuisette-en-soie-apoline-dos-nu-lacage-et-bijou-au-dos\/","og_locale":"en_US","og_type":"article","og_title":"Nuisette en soie Apoline dos nu la\u00e7age et bijou au dos \u2013 MARJOLAINE - Madame Sensuelle","og_description":"Le mod\u00e8le Nuisette en soie Apoline dos nu la\u00e7age et bijou au dos sign\u00e9 MARJOLAINE, \u00e0 d\u00e9couvrir chez Madame Sensuelle. Essayage VIP disponible.","og_url":"https:\/\/madame-sensuelle.paris\/en\/product\/nuisette-en-soie-apoline-dos-nu-lacage-et-bijou-au-dos\/","og_site_name":"Madame Sensuelle","article_publisher":"https:\/\/www.facebook.com\/madamesensuelle","article_modified_time":"2026-04-06T03:41:14+00:00","og_image":[{"width":513,"height":780,"url":"https:\/\/madame-sensuelle.paris\/wp-content\/uploads\/2025\/02\/XSHD1TJ61558.jpg","type":"image\/jpeg"}],"twitter_card":"summary_large_image","twitter_misc":{"Est. reading time":"1 minute"},"schema":{"@context":"https:\/\/schema.org","@graph":[{"@type":"WebPage","@id":"https:\/\/madame-sensuelle.paris\/en\/product\/nuisette-en-soie-apoline-dos-nu-lacage-et-bijou-au-dos\/","url":"https:\/\/madame-sensuelle.paris\/en\/product\/nuisette-en-soie-apoline-dos-nu-lacage-et-bijou-au-dos\/","name":"Nuisette en soie Apoline dos nu la\u00e7age et bijou au dos \u2013 MARJOLAINE - Madame Sensuelle","isPartOf":{"@id":"https:\/\/madame-sensuelle.paris\/en\/#website"},"primaryImageOfPage":{"@id":"https:\/\/madame-sensuelle.paris\/en\/product\/nuisette-en-soie-apoline-dos-nu-lacage-et-bijou-au-dos\/#primaryimage"},"image":{"@id":"https:\/\/madame-sensuelle.paris\/en\/product\/nuisette-en-soie-apoline-dos-nu-lacage-et-bijou-au-dos\/#primaryimage"},"thumbnailUrl":"https:\/\/madame-sensuelle.paris\/wp-content\/uploads\/2025\/02\/XSHD1TJ61558.jpg","datePublished":"2025-02-22T16:54:24+00:00","dateModified":"2026-04-06T03:41:14+00:00","description":"Le mod\u00e8le Nuisette en soie Apoline dos nu la\u00e7age et bijou au dos sign\u00e9 MARJOLAINE, \u00e0 d\u00e9couvrir chez Madame Sensuelle. Essayage VIP disponible.","breadcrumb":{"@id":"https:\/\/madame-sensuelle.paris\/en\/product\/nuisette-en-soie-apoline-dos-nu-lacage-et-bijou-au-dos\/#breadcrumb"},"inLanguage":"en-US","potentialAction":[{"@type":"ReadAction","target":["https:\/\/madame-sensuelle.paris\/en\/product\/nuisette-en-soie-apoline-dos-nu-lacage-et-bijou-au-dos\/"]}]},{"@type":"ImageObject","inLanguage":"en-US","@id":"https:\/\/madame-sensuelle.paris\/en\/product\/nuisette-en-soie-apoline-dos-nu-lacage-et-bijou-au-dos\/#primaryimage","url":"https:\/\/madame-sensuelle.paris\/wp-content\/uploads\/2025\/02\/XSHD1TJ61558.jpg","contentUrl":"https:\/\/madame-sensuelle.paris\/wp-content\/uploads\/2025\/02\/XSHD1TJ61558.jpg","width":513,"height":780},{"@type":"BreadcrumbList","@id":"https:\/\/madame-sensuelle.paris\/en\/product\/nuisette-en-soie-apoline-dos-nu-lacage-et-bijou-au-dos\/#breadcrumb","itemListElement":[{"@type":"ListItem","position":1,"name":"Acceuil","item":"https:\/\/madame-sensuelle.paris\/en\/home\/"},{"@type":"ListItem","position":2,"name":"Catalog","item":"https:\/\/madame-sensuelle.paris\/en\/catalogue\/"},{"@type":"ListItem","position":3,"name":"MARJOLAINE","item":"https:\/\/madame-sensuelle.paris\/en\/brand\/marjolaine-2\/"},{"@type":"ListItem","position":4,"name":"Nuisette en soie Apoline dos nu la\u00e7age et bijou au dos"}]},{"@type":"WebSite","@id":"https:\/\/madame-sensuelle.paris\/en\/#website","url":"https:\/\/madame-sensuelle.paris\/en\/","name":"MADAME SENSUELLE","description":"MADAME SENSUELLE: Found the biggest exciting brands of chic &amp; SEXY LINGERIE in Paris Boutique and on the WEB: Aubade, Dita Von Teese, Maison Close, Marjolaine, Bluebella, Atelier Amour, Luxxa, Catanzaro, Gracija Rim. You will found the big pleasure of sexy belt or bra make for you","publisher":{"@id":"https:\/\/madame-sensuelle.paris\/en\/#organization"},"potentialAction":[{"@type":"SearchAction","target":{"@type":"EntryPoint","urlTemplate":"https:\/\/madame-sensuelle.paris\/en\/?s={search_term_string}"},"query-input":{"@type":"PropertyValueSpecification","valueRequired":true,"valueName":"search_term_string"}}],"inLanguage":"en-US"},{"@type":"Organization","@id":"https:\/\/madame-sensuelle.paris\/en\/#organization","name":"Madame Sensuelle","url":"https:\/\/madame-sensuelle.paris\/en\/","logo":{"@type":"ImageObject","inLanguage":"en-US","@id":"https:\/\/madame-sensuelle.paris\/en\/#\/schema\/logo\/image\/","url":"https:\/\/madame-sensuelle.paris\/wp-content\/uploads\/2024\/12\/logo_a-1-1_696.webp","contentUrl":"https:\/\/madame-sensuelle.paris\/wp-content\/uploads\/2024\/12\/logo_a-1-1_696.webp","width":696,"height":696,"caption":"Madame Sensuelle"},"image":{"@id":"https:\/\/madame-sensuelle.paris\/en\/#\/schema\/logo\/image\/"},"sameAs":["https:\/\/www.facebook.com\/madamesensuelle","https:\/\/www.instagram.com\/madame_sensuelle\/"]}]}},"brands":[{"id":3593,"name":"MARJOLAINE","slug":"marjolaine-2"}],"_links":{"self":[{"href":"https:\/\/madame-sensuelle.paris\/en\/wp-json\/wp\/v2\/product\/116374","targetHints":{"allow":["GET"]}}],"collection":[{"href":"https:\/\/madame-sensuelle.paris\/en\/wp-json\/wp\/v2\/product"}],"about":[{"href":"https:\/\/madame-sensuelle.paris\/en\/wp-json\/wp\/v2\/types\/product"}],"version-history":[{"count":1,"href":"https:\/\/madame-sensuelle.paris\/en\/wp-json\/wp\/v2\/product\/116374\/revisions"}],"predecessor-version":[{"id":116748,"href":"https:\/\/madame-sensuelle.paris\/en\/wp-json\/wp\/v2\/product\/116374\/revisions\/116748"}],"wp:featuredmedia":[{"embeddable":true,"href":"https:\/\/madame-sensuelle.paris\/en\/wp-json\/wp\/v2\/media\/116208"}],"wp:attachment":[{"href":"https:\/\/madame-sensuelle.paris\/en\/wp-json\/wp\/v2\/media?parent=116374"}],"wp:term":[{"taxonomy":"pwb-brand","embeddable":true,"href":"https:\/\/madame-sensuelle.paris\/en\/wp-json\/wp\/v2\/pwb-brand?post=116374"},{"taxonomy":"product_brand","embeddable":true,"href":"https:\/\/madame-sensuelle.paris\/en\/wp-json\/wp\/v2\/product_brand?post=116374"},{"taxonomy":"product_cat","embeddable":true,"href":"https:\/\/madame-sensuelle.paris\/en\/wp-json\/wp\/v2\/product_cat?post=116374"},{"taxonomy":"product_tag","embeddable":true,"href":"https:\/\/madame-sensuelle.paris\/en\/wp-json\/wp\/v2\/product_tag?post=116374"},{"taxonomy":"giftcard-category","embeddable":true,"href":"https:\/\/madame-sensuelle.paris\/en\/wp-json\/wp\/v2\/giftcard-category?post=116374"}],"curies":[{"name":"wp","href":"https:\/\/api.w.org\/{rel}","templated":true}]}}