{"id":118177,"date":"2025-04-15T09:18:26","date_gmt":"2025-04-15T09:18:26","guid":{"rendered":"https:\/\/madame-sensuelle.paris\/product\/porte-jarretelles-victresse-a-six-attaches-en-tulle-brode\/"},"modified":"2026-04-07T00:00:51","modified_gmt":"2026-04-07T00:00:51","slug":"porte-jarretelles-victresse-a-six-attaches-en-tulle-brode","status":"publish","type":"product","link":"https:\/\/madame-sensuelle.paris\/en\/product\/porte-jarretelles-victresse-a-six-attaches-en-tulle-brode\/","title":{"rendered":"Victresse six-strap suspender belt in embroidered tulle"},"content":{"rendered":"<p>A breath of temptation in embroidered pink tulle, delicate and outrageously sensual. Its six ties outline the silhouette with provocative precision, underlining every curve with an assertive eroticism. An exquisite piece, both sweet and dangerous&#8230; for those who love to turn heads.<\/p>\n","protected":false},"excerpt":{"rendered":"<p>A breath of temptation in embroidered pink tulle, delicate and outrageously sensual. Its six ties outline the silhouette with provocative precision, underlining every curve with an assertive eroticism. An exquisite piece, both sweet and dangerous&#8230; for those who love to turn heads.<\/p>\n","protected":false},"featured_media":127330,"template":"","meta":[],"pwb-brand":[],"product_brand":[],"product_cat":[15],"product_tag":[],"giftcard-category":[],"class_list":{"0":"post-118177","1":"product","2":"type-product","3":"status-publish","4":"has-post-thumbnail","6":"product_cat-uncategorized","8":"first","9":"outofstock","10":"taxable","11":"shipping-taxable","12":"purchasable","13":"product-type-variable","14":"has-default-attributes"},"yoast_head":"<!-- This site is optimized with the Yoast SEO plugin v27.3 - https:\/\/yoast.com\/product\/yoast-seo-wordpress\/ -->\n<title>Victresse six-strap suspender belt in embroidered tulle A breath of temptation in embroidered pink tulle, delicate and outrageously sensual. Its six ties outline the silhouette with provocative precision, underlining every curve with an assertive eroticism. An exquisite piece, both sweet and dangerous... for those who love to turn heads.<\/title>\n<meta name=\"description\" content=\"Le mod\u00e8le Victresse six-strap suspender belt in embroidered tulle sign\u00e9 , \u00e0 d\u00e9couvrir chez Madame Sensuelle. Essayage VIP disponible.\" \/>\n<meta name=\"robots\" content=\"index, follow, max-snippet:-1, max-image-preview:large, max-video-preview:-1\" \/>\n<link rel=\"canonical\" href=\"https:\/\/madame-sensuelle.paris\/en\/product\/porte-jarretelles-victresse-a-six-attaches-en-tulle-brode\/\" \/>\n<meta property=\"og:locale\" content=\"en_US\" \/>\n<meta property=\"og:type\" content=\"article\" \/>\n<meta property=\"og:title\" content=\"Victresse six-strap suspender belt in embroidered tulle A breath of temptation in embroidered pink tulle, delicate and outrageously sensual. Its six ties outline the silhouette with provocative precision, underlining every curve with an assertive eroticism. An exquisite piece, both sweet and dangerous... for those who love to turn heads.\" \/>\n<meta property=\"og:description\" content=\"Le mod\u00e8le Victresse six-strap suspender belt in embroidered tulle sign\u00e9 , \u00e0 d\u00e9couvrir chez Madame Sensuelle. Essayage VIP disponible.\" \/>\n<meta property=\"og:url\" content=\"https:\/\/madame-sensuelle.paris\/en\/product\/porte-jarretelles-victresse-a-six-attaches-en-tulle-brode\/\" \/>\n<meta property=\"og:site_name\" content=\"Madame Sensuelle\" \/>\n<meta property=\"article:publisher\" content=\"https:\/\/www.facebook.com\/madamesensuelle\" \/>\n<meta property=\"article:modified_time\" content=\"2026-04-07T00:00:51+00:00\" \/>\n<meta property=\"og:image\" content=\"http:\/\/madame-sensuelle.paris\/wp-content\/uploads\/2025\/05\/XSHD1TJ61739.jpg\" \/>\n\t<meta property=\"og:image:width\" content=\"1064\" \/>\n\t<meta property=\"og:image:height\" content=\"1600\" \/>\n\t<meta property=\"og:image:type\" content=\"image\/jpeg\" \/>\n<meta name=\"twitter:card\" content=\"summary_large_image\" \/>\n<meta name=\"twitter:label1\" content=\"Est. reading time\" \/>\n\t<meta name=\"twitter:data1\" content=\"1 minute\" \/>\n<script type=\"application\/ld+json\" class=\"yoast-schema-graph\">{\"@context\":\"https:\\\/\\\/schema.org\",\"@graph\":[{\"@type\":\"WebPage\",\"@id\":\"https:\\\/\\\/madame-sensuelle.paris\\\/en\\\/product\\\/porte-jarretelles-victresse-a-six-attaches-en-tulle-brode\\\/\",\"url\":\"https:\\\/\\\/madame-sensuelle.paris\\\/en\\\/product\\\/porte-jarretelles-victresse-a-six-attaches-en-tulle-brode\\\/\",\"name\":\"Victresse six-strap suspender belt in embroidered tulle A breath of temptation in embroidered pink tulle, delicate and outrageously sensual. Its six ties outline the silhouette with provocative precision, underlining every curve with an assertive eroticism. An exquisite piece, both sweet and dangerous... for those who love to turn heads.\",\"isPartOf\":{\"@id\":\"https:\\\/\\\/madame-sensuelle.paris\\\/en\\\/#website\"},\"primaryImageOfPage\":{\"@id\":\"https:\\\/\\\/madame-sensuelle.paris\\\/en\\\/product\\\/porte-jarretelles-victresse-a-six-attaches-en-tulle-brode\\\/#primaryimage\"},\"image\":{\"@id\":\"https:\\\/\\\/madame-sensuelle.paris\\\/en\\\/product\\\/porte-jarretelles-victresse-a-six-attaches-en-tulle-brode\\\/#primaryimage\"},\"thumbnailUrl\":\"https:\\\/\\\/madame-sensuelle.paris\\\/wp-content\\\/uploads\\\/2026\\\/03\\\/XSHD1TJ61739.jpg\",\"datePublished\":\"2025-04-15T09:18:26+00:00\",\"dateModified\":\"2026-04-07T00:00:51+00:00\",\"description\":\"Le mod\u00e8le Victresse six-strap suspender belt in embroidered tulle sign\u00e9 , \u00e0 d\u00e9couvrir chez Madame Sensuelle. Essayage VIP disponible.\",\"breadcrumb\":{\"@id\":\"https:\\\/\\\/madame-sensuelle.paris\\\/en\\\/product\\\/porte-jarretelles-victresse-a-six-attaches-en-tulle-brode\\\/#breadcrumb\"},\"inLanguage\":\"en-US\",\"potentialAction\":[{\"@type\":\"ReadAction\",\"target\":[\"https:\\\/\\\/madame-sensuelle.paris\\\/en\\\/product\\\/porte-jarretelles-victresse-a-six-attaches-en-tulle-brode\\\/\"]}]},{\"@type\":\"ImageObject\",\"inLanguage\":\"en-US\",\"@id\":\"https:\\\/\\\/madame-sensuelle.paris\\\/en\\\/product\\\/porte-jarretelles-victresse-a-six-attaches-en-tulle-brode\\\/#primaryimage\",\"url\":\"https:\\\/\\\/madame-sensuelle.paris\\\/wp-content\\\/uploads\\\/2026\\\/03\\\/XSHD1TJ61739.jpg\",\"contentUrl\":\"https:\\\/\\\/madame-sensuelle.paris\\\/wp-content\\\/uploads\\\/2026\\\/03\\\/XSHD1TJ61739.jpg\",\"width\":1064,\"height\":1600},{\"@type\":\"BreadcrumbList\",\"@id\":\"https:\\\/\\\/madame-sensuelle.paris\\\/en\\\/product\\\/porte-jarretelles-victresse-a-six-attaches-en-tulle-brode\\\/#breadcrumb\",\"itemListElement\":[{\"@type\":\"ListItem\",\"position\":1,\"name\":\"Acceuil\",\"item\":\"https:\\\/\\\/madame-sensuelle.paris\\\/en\\\/home\\\/\"},{\"@type\":\"ListItem\",\"position\":2,\"name\":\"Catalog\",\"item\":\"https:\\\/\\\/madame-sensuelle.paris\\\/en\\\/catalogue\\\/\"},{\"@type\":\"ListItem\",\"position\":3,\"name\":\"DITA VON TEESE\",\"item\":\"https:\\\/\\\/madame-sensuelle.paris\\\/en\\\/brand\\\/dita-von-teese-2\\\/\"},{\"@type\":\"ListItem\",\"position\":4,\"name\":\"Victresse six-strap suspender belt in embroidered tulle\"}]},{\"@type\":\"WebSite\",\"@id\":\"https:\\\/\\\/madame-sensuelle.paris\\\/en\\\/#website\",\"url\":\"https:\\\/\\\/madame-sensuelle.paris\\\/en\\\/\",\"name\":\"MADAME SENSUELLE\",\"description\":\"MADAME SENSUELLE: Found the biggest exciting brands of chic &amp; SEXY LINGERIE in Paris Boutique and on the WEB: Aubade, Dita Von Teese, Maison Close, Marjolaine, Bluebella, Atelier Amour, Luxxa, Catanzaro, Gracija Rim. You will found the big pleasure of sexy belt or bra make for you\",\"publisher\":{\"@id\":\"https:\\\/\\\/madame-sensuelle.paris\\\/en\\\/#organization\"},\"potentialAction\":[{\"@type\":\"SearchAction\",\"target\":{\"@type\":\"EntryPoint\",\"urlTemplate\":\"https:\\\/\\\/madame-sensuelle.paris\\\/en\\\/?s={search_term_string}\"},\"query-input\":{\"@type\":\"PropertyValueSpecification\",\"valueRequired\":true,\"valueName\":\"search_term_string\"}}],\"inLanguage\":\"en-US\"},{\"@type\":\"Organization\",\"@id\":\"https:\\\/\\\/madame-sensuelle.paris\\\/en\\\/#organization\",\"name\":\"Madame Sensuelle\",\"url\":\"https:\\\/\\\/madame-sensuelle.paris\\\/en\\\/\",\"logo\":{\"@type\":\"ImageObject\",\"inLanguage\":\"en-US\",\"@id\":\"https:\\\/\\\/madame-sensuelle.paris\\\/en\\\/#\\\/schema\\\/logo\\\/image\\\/\",\"url\":\"https:\\\/\\\/madame-sensuelle.paris\\\/wp-content\\\/uploads\\\/2024\\\/12\\\/logo_a-1-1_696.webp\",\"contentUrl\":\"https:\\\/\\\/madame-sensuelle.paris\\\/wp-content\\\/uploads\\\/2024\\\/12\\\/logo_a-1-1_696.webp\",\"width\":696,\"height\":696,\"caption\":\"Madame Sensuelle\"},\"image\":{\"@id\":\"https:\\\/\\\/madame-sensuelle.paris\\\/en\\\/#\\\/schema\\\/logo\\\/image\\\/\"},\"sameAs\":[\"https:\\\/\\\/www.facebook.com\\\/madamesensuelle\",\"https:\\\/\\\/www.instagram.com\\\/madame_sensuelle\\\/\"]}]}<\/script>\n<!-- \/ Yoast SEO plugin. -->","yoast_head_json":{"title":"Victresse six-strap suspender belt in embroidered tulle A breath of temptation in embroidered pink tulle, delicate and outrageously sensual. Its six ties outline the silhouette with provocative precision, underlining every curve with an assertive eroticism. An exquisite piece, both sweet and dangerous... for those who love to turn heads.","description":"Le mod\u00e8le Victresse six-strap suspender belt in embroidered tulle sign\u00e9 , \u00e0 d\u00e9couvrir chez Madame Sensuelle. Essayage VIP disponible.","robots":{"index":"index","follow":"follow","max-snippet":"max-snippet:-1","max-image-preview":"max-image-preview:large","max-video-preview":"max-video-preview:-1"},"canonical":"https:\/\/madame-sensuelle.paris\/en\/product\/porte-jarretelles-victresse-a-six-attaches-en-tulle-brode\/","og_locale":"en_US","og_type":"article","og_title":"Victresse six-strap suspender belt in embroidered tulle A breath of temptation in embroidered pink tulle, delicate and outrageously sensual. Its six ties outline the silhouette with provocative precision, underlining every curve with an assertive eroticism. An exquisite piece, both sweet and dangerous... for those who love to turn heads.","og_description":"Le mod\u00e8le Victresse six-strap suspender belt in embroidered tulle sign\u00e9 , \u00e0 d\u00e9couvrir chez Madame Sensuelle. Essayage VIP disponible.","og_url":"https:\/\/madame-sensuelle.paris\/en\/product\/porte-jarretelles-victresse-a-six-attaches-en-tulle-brode\/","og_site_name":"Madame Sensuelle","article_publisher":"https:\/\/www.facebook.com\/madamesensuelle","article_modified_time":"2026-04-07T00:00:51+00:00","og_image":[{"width":1064,"height":1600,"url":"http:\/\/madame-sensuelle.paris\/wp-content\/uploads\/2025\/05\/XSHD1TJ61739.jpg","type":"image\/jpeg"}],"twitter_card":"summary_large_image","twitter_misc":{"Est. reading time":"1 minute"},"schema":{"@context":"https:\/\/schema.org","@graph":[{"@type":"WebPage","@id":"https:\/\/madame-sensuelle.paris\/en\/product\/porte-jarretelles-victresse-a-six-attaches-en-tulle-brode\/","url":"https:\/\/madame-sensuelle.paris\/en\/product\/porte-jarretelles-victresse-a-six-attaches-en-tulle-brode\/","name":"Victresse six-strap suspender belt in embroidered tulle A breath of temptation in embroidered pink tulle, delicate and outrageously sensual. Its six ties outline the silhouette with provocative precision, underlining every curve with an assertive eroticism. An exquisite piece, both sweet and dangerous... for those who love to turn heads.","isPartOf":{"@id":"https:\/\/madame-sensuelle.paris\/en\/#website"},"primaryImageOfPage":{"@id":"https:\/\/madame-sensuelle.paris\/en\/product\/porte-jarretelles-victresse-a-six-attaches-en-tulle-brode\/#primaryimage"},"image":{"@id":"https:\/\/madame-sensuelle.paris\/en\/product\/porte-jarretelles-victresse-a-six-attaches-en-tulle-brode\/#primaryimage"},"thumbnailUrl":"https:\/\/madame-sensuelle.paris\/wp-content\/uploads\/2026\/03\/XSHD1TJ61739.jpg","datePublished":"2025-04-15T09:18:26+00:00","dateModified":"2026-04-07T00:00:51+00:00","description":"Le mod\u00e8le Victresse six-strap suspender belt in embroidered tulle sign\u00e9 , \u00e0 d\u00e9couvrir chez Madame Sensuelle. Essayage VIP disponible.","breadcrumb":{"@id":"https:\/\/madame-sensuelle.paris\/en\/product\/porte-jarretelles-victresse-a-six-attaches-en-tulle-brode\/#breadcrumb"},"inLanguage":"en-US","potentialAction":[{"@type":"ReadAction","target":["https:\/\/madame-sensuelle.paris\/en\/product\/porte-jarretelles-victresse-a-six-attaches-en-tulle-brode\/"]}]},{"@type":"ImageObject","inLanguage":"en-US","@id":"https:\/\/madame-sensuelle.paris\/en\/product\/porte-jarretelles-victresse-a-six-attaches-en-tulle-brode\/#primaryimage","url":"https:\/\/madame-sensuelle.paris\/wp-content\/uploads\/2026\/03\/XSHD1TJ61739.jpg","contentUrl":"https:\/\/madame-sensuelle.paris\/wp-content\/uploads\/2026\/03\/XSHD1TJ61739.jpg","width":1064,"height":1600},{"@type":"BreadcrumbList","@id":"https:\/\/madame-sensuelle.paris\/en\/product\/porte-jarretelles-victresse-a-six-attaches-en-tulle-brode\/#breadcrumb","itemListElement":[{"@type":"ListItem","position":1,"name":"Acceuil","item":"https:\/\/madame-sensuelle.paris\/en\/home\/"},{"@type":"ListItem","position":2,"name":"Catalog","item":"https:\/\/madame-sensuelle.paris\/en\/catalogue\/"},{"@type":"ListItem","position":3,"name":"DITA VON TEESE","item":"https:\/\/madame-sensuelle.paris\/en\/brand\/dita-von-teese-2\/"},{"@type":"ListItem","position":4,"name":"Victresse six-strap suspender belt in embroidered tulle"}]},{"@type":"WebSite","@id":"https:\/\/madame-sensuelle.paris\/en\/#website","url":"https:\/\/madame-sensuelle.paris\/en\/","name":"MADAME SENSUELLE","description":"MADAME SENSUELLE: Found the biggest exciting brands of chic &amp; SEXY LINGERIE in Paris Boutique and on the WEB: Aubade, Dita Von Teese, Maison Close, Marjolaine, Bluebella, Atelier Amour, Luxxa, Catanzaro, Gracija Rim. You will found the big pleasure of sexy belt or bra make for you","publisher":{"@id":"https:\/\/madame-sensuelle.paris\/en\/#organization"},"potentialAction":[{"@type":"SearchAction","target":{"@type":"EntryPoint","urlTemplate":"https:\/\/madame-sensuelle.paris\/en\/?s={search_term_string}"},"query-input":{"@type":"PropertyValueSpecification","valueRequired":true,"valueName":"search_term_string"}}],"inLanguage":"en-US"},{"@type":"Organization","@id":"https:\/\/madame-sensuelle.paris\/en\/#organization","name":"Madame Sensuelle","url":"https:\/\/madame-sensuelle.paris\/en\/","logo":{"@type":"ImageObject","inLanguage":"en-US","@id":"https:\/\/madame-sensuelle.paris\/en\/#\/schema\/logo\/image\/","url":"https:\/\/madame-sensuelle.paris\/wp-content\/uploads\/2024\/12\/logo_a-1-1_696.webp","contentUrl":"https:\/\/madame-sensuelle.paris\/wp-content\/uploads\/2024\/12\/logo_a-1-1_696.webp","width":696,"height":696,"caption":"Madame Sensuelle"},"image":{"@id":"https:\/\/madame-sensuelle.paris\/en\/#\/schema\/logo\/image\/"},"sameAs":["https:\/\/www.facebook.com\/madamesensuelle","https:\/\/www.instagram.com\/madame_sensuelle\/"]}]}},"brands":[],"_links":{"self":[{"href":"https:\/\/madame-sensuelle.paris\/en\/wp-json\/wp\/v2\/product\/118177","targetHints":{"allow":["GET"]}}],"collection":[{"href":"https:\/\/madame-sensuelle.paris\/en\/wp-json\/wp\/v2\/product"}],"about":[{"href":"https:\/\/madame-sensuelle.paris\/en\/wp-json\/wp\/v2\/types\/product"}],"version-history":[{"count":1,"href":"https:\/\/madame-sensuelle.paris\/en\/wp-json\/wp\/v2\/product\/118177\/revisions"}],"predecessor-version":[{"id":118296,"href":"https:\/\/madame-sensuelle.paris\/en\/wp-json\/wp\/v2\/product\/118177\/revisions\/118296"}],"wp:featuredmedia":[{"embeddable":true,"href":"https:\/\/madame-sensuelle.paris\/en\/wp-json\/wp\/v2\/media\/127330"}],"wp:attachment":[{"href":"https:\/\/madame-sensuelle.paris\/en\/wp-json\/wp\/v2\/media?parent=118177"}],"wp:term":[{"taxonomy":"pwb-brand","embeddable":true,"href":"https:\/\/madame-sensuelle.paris\/en\/wp-json\/wp\/v2\/pwb-brand?post=118177"},{"taxonomy":"product_brand","embeddable":true,"href":"https:\/\/madame-sensuelle.paris\/en\/wp-json\/wp\/v2\/product_brand?post=118177"},{"taxonomy":"product_cat","embeddable":true,"href":"https:\/\/madame-sensuelle.paris\/en\/wp-json\/wp\/v2\/product_cat?post=118177"},{"taxonomy":"product_tag","embeddable":true,"href":"https:\/\/madame-sensuelle.paris\/en\/wp-json\/wp\/v2\/product_tag?post=118177"},{"taxonomy":"giftcard-category","embeddable":true,"href":"https:\/\/madame-sensuelle.paris\/en\/wp-json\/wp\/v2\/giftcard-category?post=118177"}],"curies":[{"name":"wp","href":"https:\/\/api.w.org\/{rel}","templated":true}]}}