{"id":120320,"date":"2025-05-26T14:38:14","date_gmt":"2025-05-26T14:38:14","guid":{"rendered":"https:\/\/madame-sensuelle.paris\/product\/soutien-gorge-pure-tentation-balconnet-avec-harnais-en-microfibre-et-tulle-2\/"},"modified":"2026-04-06T13:46:18","modified_gmt":"2026-04-06T13:46:18","slug":"soutien-gorge-pure-tentation-balconnet-avec-harnais-en-microfibre-et-tulle-2","status":"publish","type":"product","link":"https:\/\/madame-sensuelle.paris\/en\/product\/soutien-gorge-pure-tentation-balconnet-avec-harnais-en-microfibre-et-tulle-2\/","title":{"rendered":"Pure Tentation balconnet bra with microfibre harness and tulle"},"content":{"rendered":"<p>It&#8217;s alluring at first sight.<br \/>\nThis underwired balconnet, with its exposed tulle and caressing microfibre, sculpts an assertive d\u00e9colletage.<br \/>\nIts graphic harness emphasises curves with controlled audacity, somewhere between lingerie with character and skin jewellery.<\/p>\n<p>Pure temptation, pure seductive power.<\/p>\n","protected":false},"excerpt":{"rendered":"<p>It&#8217;s alluring at first sight. This underwired balconnet, with its exposed tulle and caressing microfibre, sculpts an assertive d\u00e9colletage. Its graphic harness emphasises curves with controlled audacity, somewhere between lingerie with character and skin jewellery. Pure temptation, pure seductive power.<\/p>\n","protected":false},"featured_media":122810,"template":"","meta":[],"pwb-brand":[3598],"product_brand":[],"product_cat":[3282,3262],"product_tag":[],"giftcard-category":[],"class_list":{"0":"post-120320","1":"product","2":"type-product","3":"status-publish","4":"has-post-thumbnail","6":"pwb-brand-maison-close-2","7":"product_cat-sexy-bras","8":"product_cat-sexy-woman-lingerie","9":"pa_collection-pure-tentation","11":"first","12":"instock","13":"taxable","14":"shipping-taxable","15":"purchasable","16":"product-type-variable","17":"has-default-attributes"},"yoast_head":"<!-- This site is optimized with the Yoast SEO plugin v27.3 - https:\/\/yoast.com\/product\/yoast-seo-wordpress\/ -->\n<title>Pure Tentation balconnet bra with microfibre harness and tulle \u2013 MAISON CLOSE - Madame Sensuelle<\/title>\n<meta name=\"description\" content=\"Le mod\u00e8le Pure Tentation balconnet bra with microfibre harness and tulle sign\u00e9 MAISON CLOSE, \u00e0 d\u00e9couvrir chez Madame Sensuelle. Essayage VIP disponible.\" \/>\n<meta name=\"robots\" content=\"index, follow, max-snippet:-1, max-image-preview:large, max-video-preview:-1\" \/>\n<link rel=\"canonical\" href=\"https:\/\/madame-sensuelle.paris\/en\/product\/soutien-gorge-pure-tentation-balconnet-avec-harnais-en-microfibre-et-tulle-2\/\" \/>\n<meta property=\"og:locale\" content=\"en_US\" \/>\n<meta property=\"og:type\" content=\"article\" \/>\n<meta property=\"og:title\" content=\"Pure Tentation balconnet bra with microfibre harness and tulle \u2013 MAISON CLOSE - Madame Sensuelle\" \/>\n<meta property=\"og:description\" content=\"Le mod\u00e8le Pure Tentation balconnet bra with microfibre harness and tulle sign\u00e9 MAISON CLOSE, \u00e0 d\u00e9couvrir chez Madame Sensuelle. Essayage VIP disponible.\" \/>\n<meta property=\"og:url\" content=\"https:\/\/madame-sensuelle.paris\/en\/product\/soutien-gorge-pure-tentation-balconnet-avec-harnais-en-microfibre-et-tulle-2\/\" \/>\n<meta property=\"og:site_name\" content=\"Madame Sensuelle\" \/>\n<meta property=\"article:publisher\" content=\"https:\/\/www.facebook.com\/madamesensuelle\" \/>\n<meta property=\"article:modified_time\" content=\"2026-04-06T13:46:18+00:00\" \/>\n<meta property=\"og:image\" content=\"https:\/\/madame-sensuelle.paris\/wp-content\/uploads\/2025\/06\/XSHD1TJ62057.jpg\" \/>\n\t<meta property=\"og:image:width\" content=\"450\" \/>\n\t<meta property=\"og:image:height\" content=\"600\" \/>\n\t<meta property=\"og:image:type\" content=\"image\/jpeg\" \/>\n<meta name=\"twitter:card\" content=\"summary_large_image\" \/>\n<meta name=\"twitter:label1\" content=\"Est. reading time\" \/>\n\t<meta name=\"twitter:data1\" content=\"2 minutes\" \/>\n<script type=\"application\/ld+json\" class=\"yoast-schema-graph\">{\"@context\":\"https:\\\/\\\/schema.org\",\"@graph\":[{\"@type\":\"WebPage\",\"@id\":\"https:\\\/\\\/madame-sensuelle.paris\\\/en\\\/product\\\/soutien-gorge-pure-tentation-balconnet-avec-harnais-en-microfibre-et-tulle-2\\\/\",\"url\":\"https:\\\/\\\/madame-sensuelle.paris\\\/en\\\/product\\\/soutien-gorge-pure-tentation-balconnet-avec-harnais-en-microfibre-et-tulle-2\\\/\",\"name\":\"Pure Tentation balconnet bra with microfibre harness and tulle \u2013 MAISON CLOSE - Madame Sensuelle\",\"isPartOf\":{\"@id\":\"https:\\\/\\\/madame-sensuelle.paris\\\/en\\\/#website\"},\"primaryImageOfPage\":{\"@id\":\"https:\\\/\\\/madame-sensuelle.paris\\\/en\\\/product\\\/soutien-gorge-pure-tentation-balconnet-avec-harnais-en-microfibre-et-tulle-2\\\/#primaryimage\"},\"image\":{\"@id\":\"https:\\\/\\\/madame-sensuelle.paris\\\/en\\\/product\\\/soutien-gorge-pure-tentation-balconnet-avec-harnais-en-microfibre-et-tulle-2\\\/#primaryimage\"},\"thumbnailUrl\":\"https:\\\/\\\/madame-sensuelle.paris\\\/wp-content\\\/uploads\\\/2025\\\/09\\\/XSHD1TJ62057.jpg\",\"datePublished\":\"2025-05-26T14:38:14+00:00\",\"dateModified\":\"2026-04-06T13:46:18+00:00\",\"description\":\"Le mod\u00e8le Pure Tentation balconnet bra with microfibre harness and tulle sign\u00e9 MAISON CLOSE, \u00e0 d\u00e9couvrir chez Madame Sensuelle. Essayage VIP disponible.\",\"breadcrumb\":{\"@id\":\"https:\\\/\\\/madame-sensuelle.paris\\\/en\\\/product\\\/soutien-gorge-pure-tentation-balconnet-avec-harnais-en-microfibre-et-tulle-2\\\/#breadcrumb\"},\"inLanguage\":\"en-US\",\"potentialAction\":[{\"@type\":\"ReadAction\",\"target\":[\"https:\\\/\\\/madame-sensuelle.paris\\\/en\\\/product\\\/soutien-gorge-pure-tentation-balconnet-avec-harnais-en-microfibre-et-tulle-2\\\/\"]}]},{\"@type\":\"ImageObject\",\"inLanguage\":\"en-US\",\"@id\":\"https:\\\/\\\/madame-sensuelle.paris\\\/en\\\/product\\\/soutien-gorge-pure-tentation-balconnet-avec-harnais-en-microfibre-et-tulle-2\\\/#primaryimage\",\"url\":\"https:\\\/\\\/madame-sensuelle.paris\\\/wp-content\\\/uploads\\\/2025\\\/09\\\/XSHD1TJ62057.jpg\",\"contentUrl\":\"https:\\\/\\\/madame-sensuelle.paris\\\/wp-content\\\/uploads\\\/2025\\\/09\\\/XSHD1TJ62057.jpg\",\"width\":450,\"height\":600},{\"@type\":\"BreadcrumbList\",\"@id\":\"https:\\\/\\\/madame-sensuelle.paris\\\/en\\\/product\\\/soutien-gorge-pure-tentation-balconnet-avec-harnais-en-microfibre-et-tulle-2\\\/#breadcrumb\",\"itemListElement\":[{\"@type\":\"ListItem\",\"position\":1,\"name\":\"Acceuil\",\"item\":\"https:\\\/\\\/madame-sensuelle.paris\\\/en\\\/home\\\/\"},{\"@type\":\"ListItem\",\"position\":2,\"name\":\"Catalog\",\"item\":\"https:\\\/\\\/madame-sensuelle.paris\\\/en\\\/catalogue\\\/\"},{\"@type\":\"ListItem\",\"position\":3,\"name\":\"MAISON CLOSE\",\"item\":\"https:\\\/\\\/madame-sensuelle.paris\\\/en\\\/brand\\\/maison-close-2\\\/\"},{\"@type\":\"ListItem\",\"position\":4,\"name\":\"Pure Tentation balconnet bra with microfibre harness and tulle\"}]},{\"@type\":\"WebSite\",\"@id\":\"https:\\\/\\\/madame-sensuelle.paris\\\/en\\\/#website\",\"url\":\"https:\\\/\\\/madame-sensuelle.paris\\\/en\\\/\",\"name\":\"MADAME SENSUELLE\",\"description\":\"MADAME SENSUELLE: Found the biggest exciting brands of chic &amp; SEXY LINGERIE in Paris Boutique and on the WEB: Aubade, Dita Von Teese, Maison Close, Marjolaine, Bluebella, Atelier Amour, Luxxa, Catanzaro, Gracija Rim. You will found the big pleasure of sexy belt or bra make for you\",\"publisher\":{\"@id\":\"https:\\\/\\\/madame-sensuelle.paris\\\/en\\\/#organization\"},\"potentialAction\":[{\"@type\":\"SearchAction\",\"target\":{\"@type\":\"EntryPoint\",\"urlTemplate\":\"https:\\\/\\\/madame-sensuelle.paris\\\/en\\\/?s={search_term_string}\"},\"query-input\":{\"@type\":\"PropertyValueSpecification\",\"valueRequired\":true,\"valueName\":\"search_term_string\"}}],\"inLanguage\":\"en-US\"},{\"@type\":\"Organization\",\"@id\":\"https:\\\/\\\/madame-sensuelle.paris\\\/en\\\/#organization\",\"name\":\"Madame Sensuelle\",\"url\":\"https:\\\/\\\/madame-sensuelle.paris\\\/en\\\/\",\"logo\":{\"@type\":\"ImageObject\",\"inLanguage\":\"en-US\",\"@id\":\"https:\\\/\\\/madame-sensuelle.paris\\\/en\\\/#\\\/schema\\\/logo\\\/image\\\/\",\"url\":\"https:\\\/\\\/madame-sensuelle.paris\\\/wp-content\\\/uploads\\\/2024\\\/12\\\/logo_a-1-1_696.webp\",\"contentUrl\":\"https:\\\/\\\/madame-sensuelle.paris\\\/wp-content\\\/uploads\\\/2024\\\/12\\\/logo_a-1-1_696.webp\",\"width\":696,\"height\":696,\"caption\":\"Madame Sensuelle\"},\"image\":{\"@id\":\"https:\\\/\\\/madame-sensuelle.paris\\\/en\\\/#\\\/schema\\\/logo\\\/image\\\/\"},\"sameAs\":[\"https:\\\/\\\/www.facebook.com\\\/madamesensuelle\",\"https:\\\/\\\/www.instagram.com\\\/madame_sensuelle\\\/\"]}]}<\/script>\n<!-- \/ Yoast SEO plugin. -->","yoast_head_json":{"title":"Pure Tentation balconnet bra with microfibre harness and tulle \u2013 MAISON CLOSE - Madame Sensuelle","description":"Le mod\u00e8le Pure Tentation balconnet bra with microfibre harness and tulle sign\u00e9 MAISON CLOSE, \u00e0 d\u00e9couvrir chez Madame Sensuelle. Essayage VIP disponible.","robots":{"index":"index","follow":"follow","max-snippet":"max-snippet:-1","max-image-preview":"max-image-preview:large","max-video-preview":"max-video-preview:-1"},"canonical":"https:\/\/madame-sensuelle.paris\/en\/product\/soutien-gorge-pure-tentation-balconnet-avec-harnais-en-microfibre-et-tulle-2\/","og_locale":"en_US","og_type":"article","og_title":"Pure Tentation balconnet bra with microfibre harness and tulle \u2013 MAISON CLOSE - Madame Sensuelle","og_description":"Le mod\u00e8le Pure Tentation balconnet bra with microfibre harness and tulle sign\u00e9 MAISON CLOSE, \u00e0 d\u00e9couvrir chez Madame Sensuelle. Essayage VIP disponible.","og_url":"https:\/\/madame-sensuelle.paris\/en\/product\/soutien-gorge-pure-tentation-balconnet-avec-harnais-en-microfibre-et-tulle-2\/","og_site_name":"Madame Sensuelle","article_publisher":"https:\/\/www.facebook.com\/madamesensuelle","article_modified_time":"2026-04-06T13:46:18+00:00","og_image":[{"width":450,"height":600,"url":"https:\/\/madame-sensuelle.paris\/wp-content\/uploads\/2025\/06\/XSHD1TJ62057.jpg","type":"image\/jpeg"}],"twitter_card":"summary_large_image","twitter_misc":{"Est. reading time":"2 minutes"},"schema":{"@context":"https:\/\/schema.org","@graph":[{"@type":"WebPage","@id":"https:\/\/madame-sensuelle.paris\/en\/product\/soutien-gorge-pure-tentation-balconnet-avec-harnais-en-microfibre-et-tulle-2\/","url":"https:\/\/madame-sensuelle.paris\/en\/product\/soutien-gorge-pure-tentation-balconnet-avec-harnais-en-microfibre-et-tulle-2\/","name":"Pure Tentation balconnet bra with microfibre harness and tulle \u2013 MAISON CLOSE - Madame Sensuelle","isPartOf":{"@id":"https:\/\/madame-sensuelle.paris\/en\/#website"},"primaryImageOfPage":{"@id":"https:\/\/madame-sensuelle.paris\/en\/product\/soutien-gorge-pure-tentation-balconnet-avec-harnais-en-microfibre-et-tulle-2\/#primaryimage"},"image":{"@id":"https:\/\/madame-sensuelle.paris\/en\/product\/soutien-gorge-pure-tentation-balconnet-avec-harnais-en-microfibre-et-tulle-2\/#primaryimage"},"thumbnailUrl":"https:\/\/madame-sensuelle.paris\/wp-content\/uploads\/2025\/09\/XSHD1TJ62057.jpg","datePublished":"2025-05-26T14:38:14+00:00","dateModified":"2026-04-06T13:46:18+00:00","description":"Le mod\u00e8le Pure Tentation balconnet bra with microfibre harness and tulle sign\u00e9 MAISON CLOSE, \u00e0 d\u00e9couvrir chez Madame Sensuelle. Essayage VIP disponible.","breadcrumb":{"@id":"https:\/\/madame-sensuelle.paris\/en\/product\/soutien-gorge-pure-tentation-balconnet-avec-harnais-en-microfibre-et-tulle-2\/#breadcrumb"},"inLanguage":"en-US","potentialAction":[{"@type":"ReadAction","target":["https:\/\/madame-sensuelle.paris\/en\/product\/soutien-gorge-pure-tentation-balconnet-avec-harnais-en-microfibre-et-tulle-2\/"]}]},{"@type":"ImageObject","inLanguage":"en-US","@id":"https:\/\/madame-sensuelle.paris\/en\/product\/soutien-gorge-pure-tentation-balconnet-avec-harnais-en-microfibre-et-tulle-2\/#primaryimage","url":"https:\/\/madame-sensuelle.paris\/wp-content\/uploads\/2025\/09\/XSHD1TJ62057.jpg","contentUrl":"https:\/\/madame-sensuelle.paris\/wp-content\/uploads\/2025\/09\/XSHD1TJ62057.jpg","width":450,"height":600},{"@type":"BreadcrumbList","@id":"https:\/\/madame-sensuelle.paris\/en\/product\/soutien-gorge-pure-tentation-balconnet-avec-harnais-en-microfibre-et-tulle-2\/#breadcrumb","itemListElement":[{"@type":"ListItem","position":1,"name":"Acceuil","item":"https:\/\/madame-sensuelle.paris\/en\/home\/"},{"@type":"ListItem","position":2,"name":"Catalog","item":"https:\/\/madame-sensuelle.paris\/en\/catalogue\/"},{"@type":"ListItem","position":3,"name":"MAISON CLOSE","item":"https:\/\/madame-sensuelle.paris\/en\/brand\/maison-close-2\/"},{"@type":"ListItem","position":4,"name":"Pure Tentation balconnet bra with microfibre harness and tulle"}]},{"@type":"WebSite","@id":"https:\/\/madame-sensuelle.paris\/en\/#website","url":"https:\/\/madame-sensuelle.paris\/en\/","name":"MADAME SENSUELLE","description":"MADAME SENSUELLE: Found the biggest exciting brands of chic &amp; SEXY LINGERIE in Paris Boutique and on the WEB: Aubade, Dita Von Teese, Maison Close, Marjolaine, Bluebella, Atelier Amour, Luxxa, Catanzaro, Gracija Rim. You will found the big pleasure of sexy belt or bra make for you","publisher":{"@id":"https:\/\/madame-sensuelle.paris\/en\/#organization"},"potentialAction":[{"@type":"SearchAction","target":{"@type":"EntryPoint","urlTemplate":"https:\/\/madame-sensuelle.paris\/en\/?s={search_term_string}"},"query-input":{"@type":"PropertyValueSpecification","valueRequired":true,"valueName":"search_term_string"}}],"inLanguage":"en-US"},{"@type":"Organization","@id":"https:\/\/madame-sensuelle.paris\/en\/#organization","name":"Madame Sensuelle","url":"https:\/\/madame-sensuelle.paris\/en\/","logo":{"@type":"ImageObject","inLanguage":"en-US","@id":"https:\/\/madame-sensuelle.paris\/en\/#\/schema\/logo\/image\/","url":"https:\/\/madame-sensuelle.paris\/wp-content\/uploads\/2024\/12\/logo_a-1-1_696.webp","contentUrl":"https:\/\/madame-sensuelle.paris\/wp-content\/uploads\/2024\/12\/logo_a-1-1_696.webp","width":696,"height":696,"caption":"Madame Sensuelle"},"image":{"@id":"https:\/\/madame-sensuelle.paris\/en\/#\/schema\/logo\/image\/"},"sameAs":["https:\/\/www.facebook.com\/madamesensuelle","https:\/\/www.instagram.com\/madame_sensuelle\/"]}]}},"brands":[{"id":3598,"name":"MAISON CLOSE","slug":"maison-close-2"}],"_links":{"self":[{"href":"https:\/\/madame-sensuelle.paris\/en\/wp-json\/wp\/v2\/product\/120320","targetHints":{"allow":["GET"]}}],"collection":[{"href":"https:\/\/madame-sensuelle.paris\/en\/wp-json\/wp\/v2\/product"}],"about":[{"href":"https:\/\/madame-sensuelle.paris\/en\/wp-json\/wp\/v2\/types\/product"}],"version-history":[{"count":1,"href":"https:\/\/madame-sensuelle.paris\/en\/wp-json\/wp\/v2\/product\/120320\/revisions"}],"predecessor-version":[{"id":120465,"href":"https:\/\/madame-sensuelle.paris\/en\/wp-json\/wp\/v2\/product\/120320\/revisions\/120465"}],"wp:featuredmedia":[{"embeddable":true,"href":"https:\/\/madame-sensuelle.paris\/en\/wp-json\/wp\/v2\/media\/122810"}],"wp:attachment":[{"href":"https:\/\/madame-sensuelle.paris\/en\/wp-json\/wp\/v2\/media?parent=120320"}],"wp:term":[{"taxonomy":"pwb-brand","embeddable":true,"href":"https:\/\/madame-sensuelle.paris\/en\/wp-json\/wp\/v2\/pwb-brand?post=120320"},{"taxonomy":"product_brand","embeddable":true,"href":"https:\/\/madame-sensuelle.paris\/en\/wp-json\/wp\/v2\/product_brand?post=120320"},{"taxonomy":"product_cat","embeddable":true,"href":"https:\/\/madame-sensuelle.paris\/en\/wp-json\/wp\/v2\/product_cat?post=120320"},{"taxonomy":"product_tag","embeddable":true,"href":"https:\/\/madame-sensuelle.paris\/en\/wp-json\/wp\/v2\/product_tag?post=120320"},{"taxonomy":"giftcard-category","embeddable":true,"href":"https:\/\/madame-sensuelle.paris\/en\/wp-json\/wp\/v2\/giftcard-category?post=120320"}],"curies":[{"name":"wp","href":"https:\/\/api.w.org\/{rel}","templated":true}]}}