{"id":124764,"date":"2025-11-24T12:59:09","date_gmt":"2025-11-24T12:59:09","guid":{"rendered":"https:\/\/madame-sensuelle.paris\/product\/corbeille-fleur-defendue-en-tulle-a-broderie-florale\/"},"modified":"2026-04-06T18:04:51","modified_gmt":"2026-04-06T18:04:51","slug":"corbeille-fleur-defendue-en-tulle-a-broderie-florale","status":"publish","type":"product","link":"https:\/\/madame-sensuelle.paris\/en\/product\/corbeille-fleur-defendue-en-tulle-a-broderie-florale\/","title":{"rendered":"Fleur D\u00e9fendue demi bra in floral embroidered tulle"},"content":{"rendered":"<p>Succumb to the Fleur D\u00e9fendue demi bra, a refined piece of lingerie that combines seduction, comfort, and elegance.<\/p>\n<ul>\n<li>The delicate tulle gently hugs the bust and offers a light and pleasant feel.<\/li>\n<li>The subtle floral embroidery adds a refined sparkle and enhances the neckline with sophistication.<\/li>\n<li>The demi-cup cut offers perfect support while elegantly sculpting the silhouette.<\/li>\n<li>The integrated underwires create a shapely and harmonious bust.<\/li>\n<\/ul>\n<p>Every finish and detail reflects the brand&#8217;s meticulous and refined craftsmanship, guaranteeing quality and comfort.<\/p>\n<p>Perfect for a special evening or for feeling irresistible every day, this piece enhances femininity and catches the eye.<\/p>\n","protected":false},"excerpt":{"rendered":"<p>Succumb to the Fleur D\u00e9fendue demi bra, a refined piece of lingerie that combines seduction, comfort, and elegance. The delicate tulle gently hugs the bust and offers a light and pleasant feel. The subtle floral embroidery adds a refined sparkle and enhances the neckline with sophistication. The demi-cup cut offers perfect support while elegantly sculpting<\/p>\n","protected":false},"featured_media":124765,"template":"","meta":[],"pwb-brand":[3607],"product_brand":[],"product_cat":[3368],"product_tag":[],"giftcard-category":[],"class_list":{"0":"post-124764","1":"product","2":"type-product","3":"status-publish","4":"has-post-thumbnail","6":"pwb-brand-atelier-amour-2","7":"product_cat-show-main-en","8":"pa_collection-fleur-defendue","10":"first","11":"outofstock","12":"taxable","13":"shipping-taxable","14":"purchasable","15":"product-type-variable","16":"has-default-attributes"},"yoast_head":"<!-- This site is optimized with the Yoast SEO plugin v27.3 - https:\/\/yoast.com\/product\/yoast-seo-wordpress\/ -->\n<title>Fleur D\u00e9fendue demi bra in floral embroidered tulle - Madame Sensuelle<\/title>\n<meta name=\"description\" content=\"Treat yourself to the Fleur D\u00e9fendue demi bra in floral embroidered tulle, a sexy and refined piece of lingerie that elegantly enhances the d\u00e9colletage.\" \/>\n<meta name=\"robots\" content=\"index, follow, max-snippet:-1, max-image-preview:large, max-video-preview:-1\" \/>\n<link rel=\"canonical\" href=\"https:\/\/madame-sensuelle.paris\/en\/product\/corbeille-fleur-defendue-en-tulle-a-broderie-florale\/\" \/>\n<meta property=\"og:locale\" content=\"en_US\" \/>\n<meta property=\"og:type\" content=\"article\" \/>\n<meta property=\"og:title\" content=\"Fleur D\u00e9fendue demi bra in floral embroidered tulle - Madame Sensuelle\" \/>\n<meta property=\"og:description\" content=\"Treat yourself to the Fleur D\u00e9fendue demi bra in floral embroidered tulle, a sexy and refined piece of lingerie that elegantly enhances the d\u00e9colletage.\" \/>\n<meta property=\"og:url\" content=\"https:\/\/madame-sensuelle.paris\/en\/product\/corbeille-fleur-defendue-en-tulle-a-broderie-florale\/\" \/>\n<meta property=\"og:site_name\" content=\"Madame Sensuelle\" \/>\n<meta property=\"article:publisher\" content=\"https:\/\/www.facebook.com\/madamesensuelle\" \/>\n<meta property=\"article:modified_time\" content=\"2026-04-06T18:04:51+00:00\" \/>\n<meta property=\"og:image\" content=\"http:\/\/madame-sensuelle.paris\/wp-content\/uploads\/2025\/11\/XSHD1TJ62736.webp\" \/>\n\t<meta property=\"og:image:width\" content=\"800\" \/>\n\t<meta property=\"og:image:height\" content=\"1133\" \/>\n\t<meta property=\"og:image:type\" content=\"image\/webp\" \/>\n<meta name=\"twitter:card\" content=\"summary_large_image\" \/>\n<meta name=\"twitter:label1\" content=\"Est. reading time\" \/>\n\t<meta name=\"twitter:data1\" content=\"2 minutes\" \/>\n<script type=\"application\/ld+json\" class=\"yoast-schema-graph\">{\"@context\":\"https:\\\/\\\/schema.org\",\"@graph\":[{\"@type\":\"WebPage\",\"@id\":\"https:\\\/\\\/madame-sensuelle.paris\\\/en\\\/product\\\/corbeille-fleur-defendue-en-tulle-a-broderie-florale\\\/\",\"url\":\"https:\\\/\\\/madame-sensuelle.paris\\\/en\\\/product\\\/corbeille-fleur-defendue-en-tulle-a-broderie-florale\\\/\",\"name\":\"Fleur D\u00e9fendue demi bra in floral embroidered tulle - Madame Sensuelle\",\"isPartOf\":{\"@id\":\"https:\\\/\\\/madame-sensuelle.paris\\\/en\\\/#website\"},\"primaryImageOfPage\":{\"@id\":\"https:\\\/\\\/madame-sensuelle.paris\\\/en\\\/product\\\/corbeille-fleur-defendue-en-tulle-a-broderie-florale\\\/#primaryimage\"},\"image\":{\"@id\":\"https:\\\/\\\/madame-sensuelle.paris\\\/en\\\/product\\\/corbeille-fleur-defendue-en-tulle-a-broderie-florale\\\/#primaryimage\"},\"thumbnailUrl\":\"https:\\\/\\\/madame-sensuelle.paris\\\/wp-content\\\/uploads\\\/2025\\\/11\\\/XSHD1TJ62736.webp\",\"datePublished\":\"2025-11-24T12:59:09+00:00\",\"dateModified\":\"2026-04-06T18:04:51+00:00\",\"description\":\"Treat yourself to the Fleur D\u00e9fendue demi bra in floral embroidered tulle, a sexy and refined piece of lingerie that elegantly enhances the d\u00e9colletage.\",\"breadcrumb\":{\"@id\":\"https:\\\/\\\/madame-sensuelle.paris\\\/en\\\/product\\\/corbeille-fleur-defendue-en-tulle-a-broderie-florale\\\/#breadcrumb\"},\"inLanguage\":\"en-US\",\"potentialAction\":[{\"@type\":\"ReadAction\",\"target\":[\"https:\\\/\\\/madame-sensuelle.paris\\\/en\\\/product\\\/corbeille-fleur-defendue-en-tulle-a-broderie-florale\\\/\"]}]},{\"@type\":\"ImageObject\",\"inLanguage\":\"en-US\",\"@id\":\"https:\\\/\\\/madame-sensuelle.paris\\\/en\\\/product\\\/corbeille-fleur-defendue-en-tulle-a-broderie-florale\\\/#primaryimage\",\"url\":\"https:\\\/\\\/madame-sensuelle.paris\\\/wp-content\\\/uploads\\\/2025\\\/11\\\/XSHD1TJ62736.webp\",\"contentUrl\":\"https:\\\/\\\/madame-sensuelle.paris\\\/wp-content\\\/uploads\\\/2025\\\/11\\\/XSHD1TJ62736.webp\",\"width\":800,\"height\":1133},{\"@type\":\"BreadcrumbList\",\"@id\":\"https:\\\/\\\/madame-sensuelle.paris\\\/en\\\/product\\\/corbeille-fleur-defendue-en-tulle-a-broderie-florale\\\/#breadcrumb\",\"itemListElement\":[{\"@type\":\"ListItem\",\"position\":1,\"name\":\"Acceuil\",\"item\":\"https:\\\/\\\/madame-sensuelle.paris\\\/en\\\/home\\\/\"},{\"@type\":\"ListItem\",\"position\":2,\"name\":\"Catalog\",\"item\":\"https:\\\/\\\/madame-sensuelle.paris\\\/en\\\/catalogue\\\/\"},{\"@type\":\"ListItem\",\"position\":3,\"name\":\"ATELIER AMOUR\",\"item\":\"https:\\\/\\\/madame-sensuelle.paris\\\/en\\\/brand\\\/atelier-amour-2\\\/\"},{\"@type\":\"ListItem\",\"position\":4,\"name\":\"Fleur D\u00e9fendue demi bra in floral embroidered tulle\"}]},{\"@type\":\"WebSite\",\"@id\":\"https:\\\/\\\/madame-sensuelle.paris\\\/en\\\/#website\",\"url\":\"https:\\\/\\\/madame-sensuelle.paris\\\/en\\\/\",\"name\":\"MADAME SENSUELLE\",\"description\":\"MADAME SENSUELLE: Found the biggest exciting brands of chic &amp; SEXY LINGERIE in Paris Boutique and on the WEB: Aubade, Dita Von Teese, Maison Close, Marjolaine, Bluebella, Atelier Amour, Luxxa, Catanzaro, Gracija Rim. You will found the big pleasure of sexy belt or bra make for you\",\"publisher\":{\"@id\":\"https:\\\/\\\/madame-sensuelle.paris\\\/en\\\/#organization\"},\"potentialAction\":[{\"@type\":\"SearchAction\",\"target\":{\"@type\":\"EntryPoint\",\"urlTemplate\":\"https:\\\/\\\/madame-sensuelle.paris\\\/en\\\/?s={search_term_string}\"},\"query-input\":{\"@type\":\"PropertyValueSpecification\",\"valueRequired\":true,\"valueName\":\"search_term_string\"}}],\"inLanguage\":\"en-US\"},{\"@type\":\"Organization\",\"@id\":\"https:\\\/\\\/madame-sensuelle.paris\\\/en\\\/#organization\",\"name\":\"Madame Sensuelle\",\"url\":\"https:\\\/\\\/madame-sensuelle.paris\\\/en\\\/\",\"logo\":{\"@type\":\"ImageObject\",\"inLanguage\":\"en-US\",\"@id\":\"https:\\\/\\\/madame-sensuelle.paris\\\/en\\\/#\\\/schema\\\/logo\\\/image\\\/\",\"url\":\"https:\\\/\\\/madame-sensuelle.paris\\\/wp-content\\\/uploads\\\/2024\\\/12\\\/logo_a-1-1_696.webp\",\"contentUrl\":\"https:\\\/\\\/madame-sensuelle.paris\\\/wp-content\\\/uploads\\\/2024\\\/12\\\/logo_a-1-1_696.webp\",\"width\":696,\"height\":696,\"caption\":\"Madame Sensuelle\"},\"image\":{\"@id\":\"https:\\\/\\\/madame-sensuelle.paris\\\/en\\\/#\\\/schema\\\/logo\\\/image\\\/\"},\"sameAs\":[\"https:\\\/\\\/www.facebook.com\\\/madamesensuelle\",\"https:\\\/\\\/www.instagram.com\\\/madame_sensuelle\\\/\"]}]}<\/script>\n<!-- \/ Yoast SEO plugin. -->","yoast_head_json":{"title":"Fleur D\u00e9fendue demi bra in floral embroidered tulle - Madame Sensuelle","description":"Treat yourself to the Fleur D\u00e9fendue demi bra in floral embroidered tulle, a sexy and refined piece of lingerie that elegantly enhances the d\u00e9colletage.","robots":{"index":"index","follow":"follow","max-snippet":"max-snippet:-1","max-image-preview":"max-image-preview:large","max-video-preview":"max-video-preview:-1"},"canonical":"https:\/\/madame-sensuelle.paris\/en\/product\/corbeille-fleur-defendue-en-tulle-a-broderie-florale\/","og_locale":"en_US","og_type":"article","og_title":"Fleur D\u00e9fendue demi bra in floral embroidered tulle - Madame Sensuelle","og_description":"Treat yourself to the Fleur D\u00e9fendue demi bra in floral embroidered tulle, a sexy and refined piece of lingerie that elegantly enhances the d\u00e9colletage.","og_url":"https:\/\/madame-sensuelle.paris\/en\/product\/corbeille-fleur-defendue-en-tulle-a-broderie-florale\/","og_site_name":"Madame Sensuelle","article_publisher":"https:\/\/www.facebook.com\/madamesensuelle","article_modified_time":"2026-04-06T18:04:51+00:00","og_image":[{"width":800,"height":1133,"url":"http:\/\/madame-sensuelle.paris\/wp-content\/uploads\/2025\/11\/XSHD1TJ62736.webp","type":"image\/webp"}],"twitter_card":"summary_large_image","twitter_misc":{"Est. reading time":"2 minutes"},"schema":{"@context":"https:\/\/schema.org","@graph":[{"@type":"WebPage","@id":"https:\/\/madame-sensuelle.paris\/en\/product\/corbeille-fleur-defendue-en-tulle-a-broderie-florale\/","url":"https:\/\/madame-sensuelle.paris\/en\/product\/corbeille-fleur-defendue-en-tulle-a-broderie-florale\/","name":"Fleur D\u00e9fendue demi bra in floral embroidered tulle - Madame Sensuelle","isPartOf":{"@id":"https:\/\/madame-sensuelle.paris\/en\/#website"},"primaryImageOfPage":{"@id":"https:\/\/madame-sensuelle.paris\/en\/product\/corbeille-fleur-defendue-en-tulle-a-broderie-florale\/#primaryimage"},"image":{"@id":"https:\/\/madame-sensuelle.paris\/en\/product\/corbeille-fleur-defendue-en-tulle-a-broderie-florale\/#primaryimage"},"thumbnailUrl":"https:\/\/madame-sensuelle.paris\/wp-content\/uploads\/2025\/11\/XSHD1TJ62736.webp","datePublished":"2025-11-24T12:59:09+00:00","dateModified":"2026-04-06T18:04:51+00:00","description":"Treat yourself to the Fleur D\u00e9fendue demi bra in floral embroidered tulle, a sexy and refined piece of lingerie that elegantly enhances the d\u00e9colletage.","breadcrumb":{"@id":"https:\/\/madame-sensuelle.paris\/en\/product\/corbeille-fleur-defendue-en-tulle-a-broderie-florale\/#breadcrumb"},"inLanguage":"en-US","potentialAction":[{"@type":"ReadAction","target":["https:\/\/madame-sensuelle.paris\/en\/product\/corbeille-fleur-defendue-en-tulle-a-broderie-florale\/"]}]},{"@type":"ImageObject","inLanguage":"en-US","@id":"https:\/\/madame-sensuelle.paris\/en\/product\/corbeille-fleur-defendue-en-tulle-a-broderie-florale\/#primaryimage","url":"https:\/\/madame-sensuelle.paris\/wp-content\/uploads\/2025\/11\/XSHD1TJ62736.webp","contentUrl":"https:\/\/madame-sensuelle.paris\/wp-content\/uploads\/2025\/11\/XSHD1TJ62736.webp","width":800,"height":1133},{"@type":"BreadcrumbList","@id":"https:\/\/madame-sensuelle.paris\/en\/product\/corbeille-fleur-defendue-en-tulle-a-broderie-florale\/#breadcrumb","itemListElement":[{"@type":"ListItem","position":1,"name":"Acceuil","item":"https:\/\/madame-sensuelle.paris\/en\/home\/"},{"@type":"ListItem","position":2,"name":"Catalog","item":"https:\/\/madame-sensuelle.paris\/en\/catalogue\/"},{"@type":"ListItem","position":3,"name":"ATELIER AMOUR","item":"https:\/\/madame-sensuelle.paris\/en\/brand\/atelier-amour-2\/"},{"@type":"ListItem","position":4,"name":"Fleur D\u00e9fendue demi bra in floral embroidered tulle"}]},{"@type":"WebSite","@id":"https:\/\/madame-sensuelle.paris\/en\/#website","url":"https:\/\/madame-sensuelle.paris\/en\/","name":"MADAME SENSUELLE","description":"MADAME SENSUELLE: Found the biggest exciting brands of chic &amp; SEXY LINGERIE in Paris Boutique and on the WEB: Aubade, Dita Von Teese, Maison Close, Marjolaine, Bluebella, Atelier Amour, Luxxa, Catanzaro, Gracija Rim. You will found the big pleasure of sexy belt or bra make for you","publisher":{"@id":"https:\/\/madame-sensuelle.paris\/en\/#organization"},"potentialAction":[{"@type":"SearchAction","target":{"@type":"EntryPoint","urlTemplate":"https:\/\/madame-sensuelle.paris\/en\/?s={search_term_string}"},"query-input":{"@type":"PropertyValueSpecification","valueRequired":true,"valueName":"search_term_string"}}],"inLanguage":"en-US"},{"@type":"Organization","@id":"https:\/\/madame-sensuelle.paris\/en\/#organization","name":"Madame Sensuelle","url":"https:\/\/madame-sensuelle.paris\/en\/","logo":{"@type":"ImageObject","inLanguage":"en-US","@id":"https:\/\/madame-sensuelle.paris\/en\/#\/schema\/logo\/image\/","url":"https:\/\/madame-sensuelle.paris\/wp-content\/uploads\/2024\/12\/logo_a-1-1_696.webp","contentUrl":"https:\/\/madame-sensuelle.paris\/wp-content\/uploads\/2024\/12\/logo_a-1-1_696.webp","width":696,"height":696,"caption":"Madame Sensuelle"},"image":{"@id":"https:\/\/madame-sensuelle.paris\/en\/#\/schema\/logo\/image\/"},"sameAs":["https:\/\/www.facebook.com\/madamesensuelle","https:\/\/www.instagram.com\/madame_sensuelle\/"]}]}},"brands":[{"id":3607,"name":"ATELIER AMOUR","slug":"atelier-amour-2"}],"_links":{"self":[{"href":"https:\/\/madame-sensuelle.paris\/en\/wp-json\/wp\/v2\/product\/124764","targetHints":{"allow":["GET"]}}],"collection":[{"href":"https:\/\/madame-sensuelle.paris\/en\/wp-json\/wp\/v2\/product"}],"about":[{"href":"https:\/\/madame-sensuelle.paris\/en\/wp-json\/wp\/v2\/types\/product"}],"version-history":[{"count":1,"href":"https:\/\/madame-sensuelle.paris\/en\/wp-json\/wp\/v2\/product\/124764\/revisions"}],"predecessor-version":[{"id":125139,"href":"https:\/\/madame-sensuelle.paris\/en\/wp-json\/wp\/v2\/product\/124764\/revisions\/125139"}],"wp:featuredmedia":[{"embeddable":true,"href":"https:\/\/madame-sensuelle.paris\/en\/wp-json\/wp\/v2\/media\/124765"}],"wp:attachment":[{"href":"https:\/\/madame-sensuelle.paris\/en\/wp-json\/wp\/v2\/media?parent=124764"}],"wp:term":[{"taxonomy":"pwb-brand","embeddable":true,"href":"https:\/\/madame-sensuelle.paris\/en\/wp-json\/wp\/v2\/pwb-brand?post=124764"},{"taxonomy":"product_brand","embeddable":true,"href":"https:\/\/madame-sensuelle.paris\/en\/wp-json\/wp\/v2\/product_brand?post=124764"},{"taxonomy":"product_cat","embeddable":true,"href":"https:\/\/madame-sensuelle.paris\/en\/wp-json\/wp\/v2\/product_cat?post=124764"},{"taxonomy":"product_tag","embeddable":true,"href":"https:\/\/madame-sensuelle.paris\/en\/wp-json\/wp\/v2\/product_tag?post=124764"},{"taxonomy":"giftcard-category","embeddable":true,"href":"https:\/\/madame-sensuelle.paris\/en\/wp-json\/wp\/v2\/giftcard-category?post=124764"}],"curies":[{"name":"wp","href":"https:\/\/api.w.org\/{rel}","templated":true}]}}