{"id":126957,"date":"2026-02-21T11:23:01","date_gmt":"2026-02-21T11:23:01","guid":{"rendered":"https:\/\/madame-sensuelle.paris\/product\/mitaines-desirs-de-venise-en-dentelle-et-tulle\/"},"modified":"2026-04-06T21:09:10","modified_gmt":"2026-04-06T21:09:10","slug":"mitaines-desirs-de-venise-en-dentelle-et-tulle","status":"publish","type":"product","link":"https:\/\/madame-sensuelle.paris\/en\/product\/mitaines-desirs-de-venise-en-dentelle-et-tulle\/","title":{"rendered":"Mitaines D\u00e9sirs de Venise en dentelle et tulle"},"content":{"rendered":"<p data-start=\"0\" data-end=\"84\">Mitaine confectionn\u00e9e en dentelle et en tulle, sans s\u00e9paration entre les doigts.<\/p>\n","protected":false},"excerpt":{"rendered":"<p>Mitaine confectionn\u00e9e en dentelle et en tulle, sans s\u00e9paration entre les doigts.<\/p>\n","protected":false},"featured_media":126958,"template":"","meta":[],"pwb-brand":[3924],"product_brand":[],"product_cat":[3231,3246],"product_tag":[],"giftcard-category":[],"class_list":{"0":"post-126957","1":"product","2":"type-product","3":"status-publish","4":"has-post-thumbnail","6":"pwb-brand-lise-charmel","7":"product_cat-accessories","8":"product_cat-gloves-cuffs","9":"pa_collection-desirs-de-venise","11":"first","12":"outofstock","13":"taxable","14":"shipping-taxable","15":"purchasable","16":"product-type-variable","17":"has-default-attributes"},"yoast_head":"<!-- This site is optimized with the Yoast SEO plugin v27.3 - https:\/\/yoast.com\/product\/yoast-seo-wordpress\/ -->\n<title>Mitaines D\u00e9sirs de Venise en dentelle et tulle \u2013 Lise Charmel - Madame Sensuelle<\/title>\n<meta name=\"description\" content=\"Le mod\u00e8le Mitaines D\u00e9sirs de Venise en dentelle et tulle sign\u00e9 Lise Charmel, \u00e0 d\u00e9couvrir chez Madame Sensuelle. Essayage VIP disponible.\" \/>\n<meta name=\"robots\" content=\"index, follow, max-snippet:-1, max-image-preview:large, max-video-preview:-1\" \/>\n<link rel=\"canonical\" href=\"https:\/\/madame-sensuelle.paris\/en\/product\/mitaines-desirs-de-venise-en-dentelle-et-tulle\/\" \/>\n<meta property=\"og:locale\" content=\"en_US\" \/>\n<meta property=\"og:type\" content=\"article\" \/>\n<meta property=\"og:title\" content=\"Mitaines D\u00e9sirs de Venise en dentelle et tulle \u2013 Lise Charmel - Madame Sensuelle\" \/>\n<meta property=\"og:description\" content=\"Le mod\u00e8le Mitaines D\u00e9sirs de Venise en dentelle et tulle sign\u00e9 Lise Charmel, \u00e0 d\u00e9couvrir chez Madame Sensuelle. Essayage VIP disponible.\" \/>\n<meta property=\"og:url\" content=\"https:\/\/madame-sensuelle.paris\/en\/product\/mitaines-desirs-de-venise-en-dentelle-et-tulle\/\" \/>\n<meta property=\"og:site_name\" content=\"Madame Sensuelle\" \/>\n<meta property=\"article:publisher\" content=\"https:\/\/www.facebook.com\/madamesensuelle\" \/>\n<meta property=\"article:modified_time\" content=\"2026-04-06T21:09:10+00:00\" \/>\n<meta property=\"og:image\" content=\"http:\/\/madame-sensuelle.paris\/wp-content\/uploads\/2026\/02\/XSHD1TJ63150.webp\" \/>\n\t<meta property=\"og:image:width\" content=\"1875\" \/>\n\t<meta property=\"og:image:height\" content=\"2500\" \/>\n\t<meta property=\"og:image:type\" content=\"image\/webp\" \/>\n<meta name=\"twitter:card\" content=\"summary_large_image\" \/>\n<meta name=\"twitter:label1\" content=\"Est. reading time\" \/>\n\t<meta name=\"twitter:data1\" content=\"1 minute\" \/>\n<script type=\"application\/ld+json\" class=\"yoast-schema-graph\">{\"@context\":\"https:\\\/\\\/schema.org\",\"@graph\":[{\"@type\":\"WebPage\",\"@id\":\"https:\\\/\\\/madame-sensuelle.paris\\\/en\\\/product\\\/mitaines-desirs-de-venise-en-dentelle-et-tulle\\\/\",\"url\":\"https:\\\/\\\/madame-sensuelle.paris\\\/en\\\/product\\\/mitaines-desirs-de-venise-en-dentelle-et-tulle\\\/\",\"name\":\"Mitaines D\u00e9sirs de Venise en dentelle et tulle \u2013 Lise Charmel - Madame Sensuelle\",\"isPartOf\":{\"@id\":\"https:\\\/\\\/madame-sensuelle.paris\\\/en\\\/#website\"},\"primaryImageOfPage\":{\"@id\":\"https:\\\/\\\/madame-sensuelle.paris\\\/en\\\/product\\\/mitaines-desirs-de-venise-en-dentelle-et-tulle\\\/#primaryimage\"},\"image\":{\"@id\":\"https:\\\/\\\/madame-sensuelle.paris\\\/en\\\/product\\\/mitaines-desirs-de-venise-en-dentelle-et-tulle\\\/#primaryimage\"},\"thumbnailUrl\":\"https:\\\/\\\/madame-sensuelle.paris\\\/wp-content\\\/uploads\\\/2026\\\/02\\\/XSHD1TJ63150.webp\",\"datePublished\":\"2026-02-21T11:23:01+00:00\",\"dateModified\":\"2026-04-06T21:09:10+00:00\",\"description\":\"Le mod\u00e8le Mitaines D\u00e9sirs de Venise en dentelle et tulle sign\u00e9 Lise Charmel, \u00e0 d\u00e9couvrir chez Madame Sensuelle. Essayage VIP disponible.\",\"breadcrumb\":{\"@id\":\"https:\\\/\\\/madame-sensuelle.paris\\\/en\\\/product\\\/mitaines-desirs-de-venise-en-dentelle-et-tulle\\\/#breadcrumb\"},\"inLanguage\":\"en-US\",\"potentialAction\":[{\"@type\":\"ReadAction\",\"target\":[\"https:\\\/\\\/madame-sensuelle.paris\\\/en\\\/product\\\/mitaines-desirs-de-venise-en-dentelle-et-tulle\\\/\"]}]},{\"@type\":\"ImageObject\",\"inLanguage\":\"en-US\",\"@id\":\"https:\\\/\\\/madame-sensuelle.paris\\\/en\\\/product\\\/mitaines-desirs-de-venise-en-dentelle-et-tulle\\\/#primaryimage\",\"url\":\"https:\\\/\\\/madame-sensuelle.paris\\\/wp-content\\\/uploads\\\/2026\\\/02\\\/XSHD1TJ63150.webp\",\"contentUrl\":\"https:\\\/\\\/madame-sensuelle.paris\\\/wp-content\\\/uploads\\\/2026\\\/02\\\/XSHD1TJ63150.webp\",\"width\":1875,\"height\":2500},{\"@type\":\"BreadcrumbList\",\"@id\":\"https:\\\/\\\/madame-sensuelle.paris\\\/en\\\/product\\\/mitaines-desirs-de-venise-en-dentelle-et-tulle\\\/#breadcrumb\",\"itemListElement\":[{\"@type\":\"ListItem\",\"position\":1,\"name\":\"Acceuil\",\"item\":\"https:\\\/\\\/madame-sensuelle.paris\\\/en\\\/home\\\/\"},{\"@type\":\"ListItem\",\"position\":2,\"name\":\"Catalog\",\"item\":\"https:\\\/\\\/madame-sensuelle.paris\\\/en\\\/catalogue\\\/\"},{\"@type\":\"ListItem\",\"position\":3,\"name\":\"Lise Charmel\",\"item\":\"https:\\\/\\\/madame-sensuelle.paris\\\/en\\\/brand\\\/lise-charmel\\\/\"},{\"@type\":\"ListItem\",\"position\":4,\"name\":\"Mitaines D\u00e9sirs de Venise en dentelle et tulle\"}]},{\"@type\":\"WebSite\",\"@id\":\"https:\\\/\\\/madame-sensuelle.paris\\\/en\\\/#website\",\"url\":\"https:\\\/\\\/madame-sensuelle.paris\\\/en\\\/\",\"name\":\"MADAME SENSUELLE\",\"description\":\"MADAME SENSUELLE: Found the biggest exciting brands of chic &amp; SEXY LINGERIE in Paris Boutique and on the WEB: Aubade, Dita Von Teese, Maison Close, Marjolaine, Bluebella, Atelier Amour, Luxxa, Catanzaro, Gracija Rim. You will found the big pleasure of sexy belt or bra make for you\",\"publisher\":{\"@id\":\"https:\\\/\\\/madame-sensuelle.paris\\\/en\\\/#organization\"},\"potentialAction\":[{\"@type\":\"SearchAction\",\"target\":{\"@type\":\"EntryPoint\",\"urlTemplate\":\"https:\\\/\\\/madame-sensuelle.paris\\\/en\\\/?s={search_term_string}\"},\"query-input\":{\"@type\":\"PropertyValueSpecification\",\"valueRequired\":true,\"valueName\":\"search_term_string\"}}],\"inLanguage\":\"en-US\"},{\"@type\":\"Organization\",\"@id\":\"https:\\\/\\\/madame-sensuelle.paris\\\/en\\\/#organization\",\"name\":\"Madame Sensuelle\",\"url\":\"https:\\\/\\\/madame-sensuelle.paris\\\/en\\\/\",\"logo\":{\"@type\":\"ImageObject\",\"inLanguage\":\"en-US\",\"@id\":\"https:\\\/\\\/madame-sensuelle.paris\\\/en\\\/#\\\/schema\\\/logo\\\/image\\\/\",\"url\":\"https:\\\/\\\/madame-sensuelle.paris\\\/wp-content\\\/uploads\\\/2024\\\/12\\\/logo_a-1-1_696.webp\",\"contentUrl\":\"https:\\\/\\\/madame-sensuelle.paris\\\/wp-content\\\/uploads\\\/2024\\\/12\\\/logo_a-1-1_696.webp\",\"width\":696,\"height\":696,\"caption\":\"Madame Sensuelle\"},\"image\":{\"@id\":\"https:\\\/\\\/madame-sensuelle.paris\\\/en\\\/#\\\/schema\\\/logo\\\/image\\\/\"},\"sameAs\":[\"https:\\\/\\\/www.facebook.com\\\/madamesensuelle\",\"https:\\\/\\\/www.instagram.com\\\/madame_sensuelle\\\/\"]}]}<\/script>\n<!-- \/ Yoast SEO plugin. -->","yoast_head_json":{"title":"Mitaines D\u00e9sirs de Venise en dentelle et tulle \u2013 Lise Charmel - Madame Sensuelle","description":"Le mod\u00e8le Mitaines D\u00e9sirs de Venise en dentelle et tulle sign\u00e9 Lise Charmel, \u00e0 d\u00e9couvrir chez Madame Sensuelle. Essayage VIP disponible.","robots":{"index":"index","follow":"follow","max-snippet":"max-snippet:-1","max-image-preview":"max-image-preview:large","max-video-preview":"max-video-preview:-1"},"canonical":"https:\/\/madame-sensuelle.paris\/en\/product\/mitaines-desirs-de-venise-en-dentelle-et-tulle\/","og_locale":"en_US","og_type":"article","og_title":"Mitaines D\u00e9sirs de Venise en dentelle et tulle \u2013 Lise Charmel - Madame Sensuelle","og_description":"Le mod\u00e8le Mitaines D\u00e9sirs de Venise en dentelle et tulle sign\u00e9 Lise Charmel, \u00e0 d\u00e9couvrir chez Madame Sensuelle. Essayage VIP disponible.","og_url":"https:\/\/madame-sensuelle.paris\/en\/product\/mitaines-desirs-de-venise-en-dentelle-et-tulle\/","og_site_name":"Madame Sensuelle","article_publisher":"https:\/\/www.facebook.com\/madamesensuelle","article_modified_time":"2026-04-06T21:09:10+00:00","og_image":[{"width":1875,"height":2500,"url":"http:\/\/madame-sensuelle.paris\/wp-content\/uploads\/2026\/02\/XSHD1TJ63150.webp","type":"image\/webp"}],"twitter_card":"summary_large_image","twitter_misc":{"Est. reading time":"1 minute"},"schema":{"@context":"https:\/\/schema.org","@graph":[{"@type":"WebPage","@id":"https:\/\/madame-sensuelle.paris\/en\/product\/mitaines-desirs-de-venise-en-dentelle-et-tulle\/","url":"https:\/\/madame-sensuelle.paris\/en\/product\/mitaines-desirs-de-venise-en-dentelle-et-tulle\/","name":"Mitaines D\u00e9sirs de Venise en dentelle et tulle \u2013 Lise Charmel - Madame Sensuelle","isPartOf":{"@id":"https:\/\/madame-sensuelle.paris\/en\/#website"},"primaryImageOfPage":{"@id":"https:\/\/madame-sensuelle.paris\/en\/product\/mitaines-desirs-de-venise-en-dentelle-et-tulle\/#primaryimage"},"image":{"@id":"https:\/\/madame-sensuelle.paris\/en\/product\/mitaines-desirs-de-venise-en-dentelle-et-tulle\/#primaryimage"},"thumbnailUrl":"https:\/\/madame-sensuelle.paris\/wp-content\/uploads\/2026\/02\/XSHD1TJ63150.webp","datePublished":"2026-02-21T11:23:01+00:00","dateModified":"2026-04-06T21:09:10+00:00","description":"Le mod\u00e8le Mitaines D\u00e9sirs de Venise en dentelle et tulle sign\u00e9 Lise Charmel, \u00e0 d\u00e9couvrir chez Madame Sensuelle. Essayage VIP disponible.","breadcrumb":{"@id":"https:\/\/madame-sensuelle.paris\/en\/product\/mitaines-desirs-de-venise-en-dentelle-et-tulle\/#breadcrumb"},"inLanguage":"en-US","potentialAction":[{"@type":"ReadAction","target":["https:\/\/madame-sensuelle.paris\/en\/product\/mitaines-desirs-de-venise-en-dentelle-et-tulle\/"]}]},{"@type":"ImageObject","inLanguage":"en-US","@id":"https:\/\/madame-sensuelle.paris\/en\/product\/mitaines-desirs-de-venise-en-dentelle-et-tulle\/#primaryimage","url":"https:\/\/madame-sensuelle.paris\/wp-content\/uploads\/2026\/02\/XSHD1TJ63150.webp","contentUrl":"https:\/\/madame-sensuelle.paris\/wp-content\/uploads\/2026\/02\/XSHD1TJ63150.webp","width":1875,"height":2500},{"@type":"BreadcrumbList","@id":"https:\/\/madame-sensuelle.paris\/en\/product\/mitaines-desirs-de-venise-en-dentelle-et-tulle\/#breadcrumb","itemListElement":[{"@type":"ListItem","position":1,"name":"Acceuil","item":"https:\/\/madame-sensuelle.paris\/en\/home\/"},{"@type":"ListItem","position":2,"name":"Catalog","item":"https:\/\/madame-sensuelle.paris\/en\/catalogue\/"},{"@type":"ListItem","position":3,"name":"Lise Charmel","item":"https:\/\/madame-sensuelle.paris\/en\/brand\/lise-charmel\/"},{"@type":"ListItem","position":4,"name":"Mitaines D\u00e9sirs de Venise en dentelle et tulle"}]},{"@type":"WebSite","@id":"https:\/\/madame-sensuelle.paris\/en\/#website","url":"https:\/\/madame-sensuelle.paris\/en\/","name":"MADAME SENSUELLE","description":"MADAME SENSUELLE: Found the biggest exciting brands of chic &amp; SEXY LINGERIE in Paris Boutique and on the WEB: Aubade, Dita Von Teese, Maison Close, Marjolaine, Bluebella, Atelier Amour, Luxxa, Catanzaro, Gracija Rim. You will found the big pleasure of sexy belt or bra make for you","publisher":{"@id":"https:\/\/madame-sensuelle.paris\/en\/#organization"},"potentialAction":[{"@type":"SearchAction","target":{"@type":"EntryPoint","urlTemplate":"https:\/\/madame-sensuelle.paris\/en\/?s={search_term_string}"},"query-input":{"@type":"PropertyValueSpecification","valueRequired":true,"valueName":"search_term_string"}}],"inLanguage":"en-US"},{"@type":"Organization","@id":"https:\/\/madame-sensuelle.paris\/en\/#organization","name":"Madame Sensuelle","url":"https:\/\/madame-sensuelle.paris\/en\/","logo":{"@type":"ImageObject","inLanguage":"en-US","@id":"https:\/\/madame-sensuelle.paris\/en\/#\/schema\/logo\/image\/","url":"https:\/\/madame-sensuelle.paris\/wp-content\/uploads\/2024\/12\/logo_a-1-1_696.webp","contentUrl":"https:\/\/madame-sensuelle.paris\/wp-content\/uploads\/2024\/12\/logo_a-1-1_696.webp","width":696,"height":696,"caption":"Madame Sensuelle"},"image":{"@id":"https:\/\/madame-sensuelle.paris\/en\/#\/schema\/logo\/image\/"},"sameAs":["https:\/\/www.facebook.com\/madamesensuelle","https:\/\/www.instagram.com\/madame_sensuelle\/"]}]}},"brands":[{"id":3924,"name":"Lise Charmel","slug":"lise-charmel"}],"_links":{"self":[{"href":"https:\/\/madame-sensuelle.paris\/en\/wp-json\/wp\/v2\/product\/126957","targetHints":{"allow":["GET"]}}],"collection":[{"href":"https:\/\/madame-sensuelle.paris\/en\/wp-json\/wp\/v2\/product"}],"about":[{"href":"https:\/\/madame-sensuelle.paris\/en\/wp-json\/wp\/v2\/types\/product"}],"version-history":[{"count":1,"href":"https:\/\/madame-sensuelle.paris\/en\/wp-json\/wp\/v2\/product\/126957\/revisions"}],"predecessor-version":[{"id":127259,"href":"https:\/\/madame-sensuelle.paris\/en\/wp-json\/wp\/v2\/product\/126957\/revisions\/127259"}],"wp:featuredmedia":[{"embeddable":true,"href":"https:\/\/madame-sensuelle.paris\/en\/wp-json\/wp\/v2\/media\/126958"}],"wp:attachment":[{"href":"https:\/\/madame-sensuelle.paris\/en\/wp-json\/wp\/v2\/media?parent=126957"}],"wp:term":[{"taxonomy":"pwb-brand","embeddable":true,"href":"https:\/\/madame-sensuelle.paris\/en\/wp-json\/wp\/v2\/pwb-brand?post=126957"},{"taxonomy":"product_brand","embeddable":true,"href":"https:\/\/madame-sensuelle.paris\/en\/wp-json\/wp\/v2\/product_brand?post=126957"},{"taxonomy":"product_cat","embeddable":true,"href":"https:\/\/madame-sensuelle.paris\/en\/wp-json\/wp\/v2\/product_cat?post=126957"},{"taxonomy":"product_tag","embeddable":true,"href":"https:\/\/madame-sensuelle.paris\/en\/wp-json\/wp\/v2\/product_tag?post=126957"},{"taxonomy":"giftcard-category","embeddable":true,"href":"https:\/\/madame-sensuelle.paris\/en\/wp-json\/wp\/v2\/giftcard-category?post=126957"}],"curies":[{"name":"wp","href":"https:\/\/api.w.org\/{rel}","templated":true}]}}