{"id":72848,"date":"2024-03-25T03:09:14","date_gmt":"2024-03-25T03:09:14","guid":{"rendered":"https:\/\/madame-sensuelle.eu\/?post_type=product&#038;p=72848"},"modified":"2026-04-05T21:47:06","modified_gmt":"2026-04-05T21:47:06","slug":"ms-2019000071109-40-blanc-1","status":"publish","type":"product","link":"https:\/\/madame-sensuelle.paris\/en\/product\/ms-2019000071109-40-blanc-1\/","title":{"rendered":"D\u00e9shabill\u00e9 Kiki courte en tulle transparent avec dentelle de Calais"},"content":{"rendered":"<p>D\u00e9shabill\u00e9 Kiki courte en tulle transparent avec dentelle de Calais<\/p>\n","protected":false},"excerpt":{"rendered":"<p>D\u00e9shabill\u00e9 Kiki courte en tulle transparent avec dentelle de Calais<\/p>\n","protected":false},"featured_media":124103,"template":"","meta":[],"pwb-brand":[3592],"product_brand":[],"product_cat":[3253,3255,3368],"product_tag":[],"giftcard-category":[],"class_list":{"0":"post-72848","1":"product","2":"type-product","3":"status-publish","4":"has-post-thumbnail","6":"pwb-brand-madame-sensuelle-2","7":"product_cat-night-homewear","8":"product_cat-negligee-kimono","9":"product_cat-show-main-en","11":"first","12":"instock","13":"taxable","14":"shipping-taxable","15":"purchasable","16":"product-type-variable","17":"has-default-attributes"},"yoast_head":"<!-- This site is optimized with the Yoast SEO plugin v27.3 - https:\/\/yoast.com\/product\/yoast-seo-wordpress\/ -->\n<title>D\u00e9shabill\u00e9 Kiki courte en tulle transparent avec dentelle de Calais \u2013 MADAME SENSUELLE - Madame Sensuelle<\/title>\n<meta name=\"description\" content=\"cliquer pour visionner l&#039;article : D\u00e9shabill\u00e9 Kiki courte en tulle transparent avec dentelle de Calais Le D\u00e9shabill\u00e9 Kiki est la parfaite fusion entre sensualit\u00e9 et raffinement. Confectionn\u00e9 en tulle transparent, il offre une l\u00e9g\u00e8ret\u00e9 in\u00e9gal\u00e9e et une fluidit\u00e9 qui sublime la silhouette avec subtilit\u00e9. Ce mod\u00e8le est disponible en noir et blanc, permettant \u00e0 chaque femme de choisir la teinte qui correspond le mieux \u00e0 son style et \u00e0 ses envies.\" \/>\n<meta name=\"robots\" content=\"index, follow, max-snippet:-1, max-image-preview:large, max-video-preview:-1\" \/>\n<link rel=\"canonical\" href=\"https:\/\/madame-sensuelle.paris\/en\/product\/ms-2019000071109-40-blanc-1\/\" \/>\n<meta property=\"og:locale\" content=\"en_US\" \/>\n<meta property=\"og:type\" content=\"article\" \/>\n<meta property=\"og:title\" content=\"D\u00e9shabill\u00e9 Kiki courte en tulle transparent avec dentelle de Calais \u2013 MADAME SENSUELLE - Madame Sensuelle\" \/>\n<meta property=\"og:description\" content=\"cliquer pour visionner l&#039;article : D\u00e9shabill\u00e9 Kiki courte en tulle transparent avec dentelle de Calais Le D\u00e9shabill\u00e9 Kiki est la parfaite fusion entre sensualit\u00e9 et raffinement. Confectionn\u00e9 en tulle transparent, il offre une l\u00e9g\u00e8ret\u00e9 in\u00e9gal\u00e9e et une fluidit\u00e9 qui sublime la silhouette avec subtilit\u00e9. Ce mod\u00e8le est disponible en noir et blanc, permettant \u00e0 chaque femme de choisir la teinte qui correspond le mieux \u00e0 son style et \u00e0 ses envies.\" \/>\n<meta property=\"og:url\" content=\"https:\/\/madame-sensuelle.paris\/en\/product\/ms-2019000071109-40-blanc-1\/\" \/>\n<meta property=\"og:site_name\" content=\"Madame Sensuelle\" \/>\n<meta property=\"article:publisher\" content=\"https:\/\/www.facebook.com\/madamesensuelle\" \/>\n<meta property=\"article:modified_time\" content=\"2026-04-05T21:47:06+00:00\" \/>\n<meta property=\"og:image\" content=\"http:\/\/madame-sensuelle.paris\/wp-content\/uploads\/2025\/10\/XSHD1TJ62634.jpg\" \/>\n\t<meta property=\"og:image:width\" content=\"1064\" \/>\n\t<meta property=\"og:image:height\" content=\"1600\" \/>\n\t<meta property=\"og:image:type\" content=\"image\/jpeg\" \/>\n<meta name=\"twitter:card\" content=\"summary_large_image\" \/>\n<meta name=\"twitter:label1\" content=\"Est. reading time\" \/>\n\t<meta name=\"twitter:data1\" content=\"2 minutes\" \/>\n<script type=\"application\/ld+json\" class=\"yoast-schema-graph\">{\"@context\":\"https:\\\/\\\/schema.org\",\"@graph\":[{\"@type\":\"WebPage\",\"@id\":\"https:\\\/\\\/madame-sensuelle.paris\\\/en\\\/product\\\/ms-2019000071109-40-blanc-1\\\/\",\"url\":\"https:\\\/\\\/madame-sensuelle.paris\\\/en\\\/product\\\/ms-2019000071109-40-blanc-1\\\/\",\"name\":\"D\u00e9shabill\u00e9 Kiki courte en tulle transparent avec dentelle de Calais \u2013 MADAME SENSUELLE - Madame Sensuelle\",\"isPartOf\":{\"@id\":\"https:\\\/\\\/madame-sensuelle.paris\\\/en\\\/#website\"},\"primaryImageOfPage\":{\"@id\":\"https:\\\/\\\/madame-sensuelle.paris\\\/en\\\/product\\\/ms-2019000071109-40-blanc-1\\\/#primaryimage\"},\"image\":{\"@id\":\"https:\\\/\\\/madame-sensuelle.paris\\\/en\\\/product\\\/ms-2019000071109-40-blanc-1\\\/#primaryimage\"},\"thumbnailUrl\":\"https:\\\/\\\/madame-sensuelle.paris\\\/wp-content\\\/uploads\\\/2025\\\/10\\\/XSHD1TJ62634.jpg\",\"datePublished\":\"2024-03-25T03:09:14+00:00\",\"dateModified\":\"2026-04-05T21:47:06+00:00\",\"description\":\"cliquer pour visionner l'article : D\u00e9shabill\u00e9 Kiki courte en tulle transparent avec dentelle de Calais Le D\u00e9shabill\u00e9 Kiki est la parfaite fusion entre sensualit\u00e9 et raffinement. Confectionn\u00e9 en tulle transparent, il offre une l\u00e9g\u00e8ret\u00e9 in\u00e9gal\u00e9e et une fluidit\u00e9 qui sublime la silhouette avec subtilit\u00e9. Ce mod\u00e8le est disponible en noir et blanc, permettant \u00e0 chaque femme de choisir la teinte qui correspond le mieux \u00e0 son style et \u00e0 ses envies.\",\"breadcrumb\":{\"@id\":\"https:\\\/\\\/madame-sensuelle.paris\\\/en\\\/product\\\/ms-2019000071109-40-blanc-1\\\/#breadcrumb\"},\"inLanguage\":\"en-US\",\"potentialAction\":[{\"@type\":\"ReadAction\",\"target\":[\"https:\\\/\\\/madame-sensuelle.paris\\\/en\\\/product\\\/ms-2019000071109-40-blanc-1\\\/\"]}]},{\"@type\":\"ImageObject\",\"inLanguage\":\"en-US\",\"@id\":\"https:\\\/\\\/madame-sensuelle.paris\\\/en\\\/product\\\/ms-2019000071109-40-blanc-1\\\/#primaryimage\",\"url\":\"https:\\\/\\\/madame-sensuelle.paris\\\/wp-content\\\/uploads\\\/2025\\\/10\\\/XSHD1TJ62634.jpg\",\"contentUrl\":\"https:\\\/\\\/madame-sensuelle.paris\\\/wp-content\\\/uploads\\\/2025\\\/10\\\/XSHD1TJ62634.jpg\",\"width\":1064,\"height\":1600},{\"@type\":\"BreadcrumbList\",\"@id\":\"https:\\\/\\\/madame-sensuelle.paris\\\/en\\\/product\\\/ms-2019000071109-40-blanc-1\\\/#breadcrumb\",\"itemListElement\":[{\"@type\":\"ListItem\",\"position\":1,\"name\":\"Acceuil\",\"item\":\"https:\\\/\\\/madame-sensuelle.paris\\\/en\\\/home\\\/\"},{\"@type\":\"ListItem\",\"position\":2,\"name\":\"Catalog\",\"item\":\"https:\\\/\\\/madame-sensuelle.paris\\\/en\\\/catalogue\\\/\"},{\"@type\":\"ListItem\",\"position\":3,\"name\":\"MADAME SENSUELLE\",\"item\":\"https:\\\/\\\/madame-sensuelle.paris\\\/en\\\/brand\\\/madame-sensuelle-2\\\/\"},{\"@type\":\"ListItem\",\"position\":4,\"name\":\"D\u00e9shabill\u00e9 Kiki courte en tulle transparent avec dentelle de Calais\"}]},{\"@type\":\"WebSite\",\"@id\":\"https:\\\/\\\/madame-sensuelle.paris\\\/en\\\/#website\",\"url\":\"https:\\\/\\\/madame-sensuelle.paris\\\/en\\\/\",\"name\":\"MADAME SENSUELLE\",\"description\":\"MADAME SENSUELLE: Found the biggest exciting brands of chic &amp; SEXY LINGERIE in Paris Boutique and on the WEB: Aubade, Dita Von Teese, Maison Close, Marjolaine, Bluebella, Atelier Amour, Luxxa, Catanzaro, Gracija Rim. You will found the big pleasure of sexy belt or bra make for you\",\"publisher\":{\"@id\":\"https:\\\/\\\/madame-sensuelle.paris\\\/en\\\/#organization\"},\"potentialAction\":[{\"@type\":\"SearchAction\",\"target\":{\"@type\":\"EntryPoint\",\"urlTemplate\":\"https:\\\/\\\/madame-sensuelle.paris\\\/en\\\/?s={search_term_string}\"},\"query-input\":{\"@type\":\"PropertyValueSpecification\",\"valueRequired\":true,\"valueName\":\"search_term_string\"}}],\"inLanguage\":\"en-US\"},{\"@type\":\"Organization\",\"@id\":\"https:\\\/\\\/madame-sensuelle.paris\\\/en\\\/#organization\",\"name\":\"Madame Sensuelle\",\"url\":\"https:\\\/\\\/madame-sensuelle.paris\\\/en\\\/\",\"logo\":{\"@type\":\"ImageObject\",\"inLanguage\":\"en-US\",\"@id\":\"https:\\\/\\\/madame-sensuelle.paris\\\/en\\\/#\\\/schema\\\/logo\\\/image\\\/\",\"url\":\"https:\\\/\\\/madame-sensuelle.paris\\\/wp-content\\\/uploads\\\/2024\\\/12\\\/logo_a-1-1_696.webp\",\"contentUrl\":\"https:\\\/\\\/madame-sensuelle.paris\\\/wp-content\\\/uploads\\\/2024\\\/12\\\/logo_a-1-1_696.webp\",\"width\":696,\"height\":696,\"caption\":\"Madame Sensuelle\"},\"image\":{\"@id\":\"https:\\\/\\\/madame-sensuelle.paris\\\/en\\\/#\\\/schema\\\/logo\\\/image\\\/\"},\"sameAs\":[\"https:\\\/\\\/www.facebook.com\\\/madamesensuelle\",\"https:\\\/\\\/www.instagram.com\\\/madame_sensuelle\\\/\"]}]}<\/script>\n<!-- \/ Yoast SEO plugin. -->","yoast_head_json":{"title":"D\u00e9shabill\u00e9 Kiki courte en tulle transparent avec dentelle de Calais \u2013 MADAME SENSUELLE - Madame Sensuelle","description":"cliquer pour visionner l'article : D\u00e9shabill\u00e9 Kiki courte en tulle transparent avec dentelle de Calais Le D\u00e9shabill\u00e9 Kiki est la parfaite fusion entre sensualit\u00e9 et raffinement. Confectionn\u00e9 en tulle transparent, il offre une l\u00e9g\u00e8ret\u00e9 in\u00e9gal\u00e9e et une fluidit\u00e9 qui sublime la silhouette avec subtilit\u00e9. Ce mod\u00e8le est disponible en noir et blanc, permettant \u00e0 chaque femme de choisir la teinte qui correspond le mieux \u00e0 son style et \u00e0 ses envies.","robots":{"index":"index","follow":"follow","max-snippet":"max-snippet:-1","max-image-preview":"max-image-preview:large","max-video-preview":"max-video-preview:-1"},"canonical":"https:\/\/madame-sensuelle.paris\/en\/product\/ms-2019000071109-40-blanc-1\/","og_locale":"en_US","og_type":"article","og_title":"D\u00e9shabill\u00e9 Kiki courte en tulle transparent avec dentelle de Calais \u2013 MADAME SENSUELLE - Madame Sensuelle","og_description":"cliquer pour visionner l'article : D\u00e9shabill\u00e9 Kiki courte en tulle transparent avec dentelle de Calais Le D\u00e9shabill\u00e9 Kiki est la parfaite fusion entre sensualit\u00e9 et raffinement. Confectionn\u00e9 en tulle transparent, il offre une l\u00e9g\u00e8ret\u00e9 in\u00e9gal\u00e9e et une fluidit\u00e9 qui sublime la silhouette avec subtilit\u00e9. Ce mod\u00e8le est disponible en noir et blanc, permettant \u00e0 chaque femme de choisir la teinte qui correspond le mieux \u00e0 son style et \u00e0 ses envies.","og_url":"https:\/\/madame-sensuelle.paris\/en\/product\/ms-2019000071109-40-blanc-1\/","og_site_name":"Madame Sensuelle","article_publisher":"https:\/\/www.facebook.com\/madamesensuelle","article_modified_time":"2026-04-05T21:47:06+00:00","og_image":[{"width":1064,"height":1600,"url":"http:\/\/madame-sensuelle.paris\/wp-content\/uploads\/2025\/10\/XSHD1TJ62634.jpg","type":"image\/jpeg"}],"twitter_card":"summary_large_image","twitter_misc":{"Est. reading time":"2 minutes"},"schema":{"@context":"https:\/\/schema.org","@graph":[{"@type":"WebPage","@id":"https:\/\/madame-sensuelle.paris\/en\/product\/ms-2019000071109-40-blanc-1\/","url":"https:\/\/madame-sensuelle.paris\/en\/product\/ms-2019000071109-40-blanc-1\/","name":"D\u00e9shabill\u00e9 Kiki courte en tulle transparent avec dentelle de Calais \u2013 MADAME SENSUELLE - Madame Sensuelle","isPartOf":{"@id":"https:\/\/madame-sensuelle.paris\/en\/#website"},"primaryImageOfPage":{"@id":"https:\/\/madame-sensuelle.paris\/en\/product\/ms-2019000071109-40-blanc-1\/#primaryimage"},"image":{"@id":"https:\/\/madame-sensuelle.paris\/en\/product\/ms-2019000071109-40-blanc-1\/#primaryimage"},"thumbnailUrl":"https:\/\/madame-sensuelle.paris\/wp-content\/uploads\/2025\/10\/XSHD1TJ62634.jpg","datePublished":"2024-03-25T03:09:14+00:00","dateModified":"2026-04-05T21:47:06+00:00","description":"cliquer pour visionner l'article : D\u00e9shabill\u00e9 Kiki courte en tulle transparent avec dentelle de Calais Le D\u00e9shabill\u00e9 Kiki est la parfaite fusion entre sensualit\u00e9 et raffinement. Confectionn\u00e9 en tulle transparent, il offre une l\u00e9g\u00e8ret\u00e9 in\u00e9gal\u00e9e et une fluidit\u00e9 qui sublime la silhouette avec subtilit\u00e9. Ce mod\u00e8le est disponible en noir et blanc, permettant \u00e0 chaque femme de choisir la teinte qui correspond le mieux \u00e0 son style et \u00e0 ses envies.","breadcrumb":{"@id":"https:\/\/madame-sensuelle.paris\/en\/product\/ms-2019000071109-40-blanc-1\/#breadcrumb"},"inLanguage":"en-US","potentialAction":[{"@type":"ReadAction","target":["https:\/\/madame-sensuelle.paris\/en\/product\/ms-2019000071109-40-blanc-1\/"]}]},{"@type":"ImageObject","inLanguage":"en-US","@id":"https:\/\/madame-sensuelle.paris\/en\/product\/ms-2019000071109-40-blanc-1\/#primaryimage","url":"https:\/\/madame-sensuelle.paris\/wp-content\/uploads\/2025\/10\/XSHD1TJ62634.jpg","contentUrl":"https:\/\/madame-sensuelle.paris\/wp-content\/uploads\/2025\/10\/XSHD1TJ62634.jpg","width":1064,"height":1600},{"@type":"BreadcrumbList","@id":"https:\/\/madame-sensuelle.paris\/en\/product\/ms-2019000071109-40-blanc-1\/#breadcrumb","itemListElement":[{"@type":"ListItem","position":1,"name":"Acceuil","item":"https:\/\/madame-sensuelle.paris\/en\/home\/"},{"@type":"ListItem","position":2,"name":"Catalog","item":"https:\/\/madame-sensuelle.paris\/en\/catalogue\/"},{"@type":"ListItem","position":3,"name":"MADAME SENSUELLE","item":"https:\/\/madame-sensuelle.paris\/en\/brand\/madame-sensuelle-2\/"},{"@type":"ListItem","position":4,"name":"D\u00e9shabill\u00e9 Kiki courte en tulle transparent avec dentelle de Calais"}]},{"@type":"WebSite","@id":"https:\/\/madame-sensuelle.paris\/en\/#website","url":"https:\/\/madame-sensuelle.paris\/en\/","name":"MADAME SENSUELLE","description":"MADAME SENSUELLE: Found the biggest exciting brands of chic &amp; SEXY LINGERIE in Paris Boutique and on the WEB: Aubade, Dita Von Teese, Maison Close, Marjolaine, Bluebella, Atelier Amour, Luxxa, Catanzaro, Gracija Rim. You will found the big pleasure of sexy belt or bra make for you","publisher":{"@id":"https:\/\/madame-sensuelle.paris\/en\/#organization"},"potentialAction":[{"@type":"SearchAction","target":{"@type":"EntryPoint","urlTemplate":"https:\/\/madame-sensuelle.paris\/en\/?s={search_term_string}"},"query-input":{"@type":"PropertyValueSpecification","valueRequired":true,"valueName":"search_term_string"}}],"inLanguage":"en-US"},{"@type":"Organization","@id":"https:\/\/madame-sensuelle.paris\/en\/#organization","name":"Madame Sensuelle","url":"https:\/\/madame-sensuelle.paris\/en\/","logo":{"@type":"ImageObject","inLanguage":"en-US","@id":"https:\/\/madame-sensuelle.paris\/en\/#\/schema\/logo\/image\/","url":"https:\/\/madame-sensuelle.paris\/wp-content\/uploads\/2024\/12\/logo_a-1-1_696.webp","contentUrl":"https:\/\/madame-sensuelle.paris\/wp-content\/uploads\/2024\/12\/logo_a-1-1_696.webp","width":696,"height":696,"caption":"Madame Sensuelle"},"image":{"@id":"https:\/\/madame-sensuelle.paris\/en\/#\/schema\/logo\/image\/"},"sameAs":["https:\/\/www.facebook.com\/madamesensuelle","https:\/\/www.instagram.com\/madame_sensuelle\/"]}]}},"brands":[{"id":3592,"name":"MADAME SENSUELLE","slug":"madame-sensuelle-2"}],"_links":{"self":[{"href":"https:\/\/madame-sensuelle.paris\/en\/wp-json\/wp\/v2\/product\/72848","targetHints":{"allow":["GET"]}}],"collection":[{"href":"https:\/\/madame-sensuelle.paris\/en\/wp-json\/wp\/v2\/product"}],"about":[{"href":"https:\/\/madame-sensuelle.paris\/en\/wp-json\/wp\/v2\/types\/product"}],"version-history":[{"count":1,"href":"https:\/\/madame-sensuelle.paris\/en\/wp-json\/wp\/v2\/product\/72848\/revisions"}],"predecessor-version":[{"id":125887,"href":"https:\/\/madame-sensuelle.paris\/en\/wp-json\/wp\/v2\/product\/72848\/revisions\/125887"}],"wp:featuredmedia":[{"embeddable":true,"href":"https:\/\/madame-sensuelle.paris\/en\/wp-json\/wp\/v2\/media\/124103"}],"wp:attachment":[{"href":"https:\/\/madame-sensuelle.paris\/en\/wp-json\/wp\/v2\/media?parent=72848"}],"wp:term":[{"taxonomy":"pwb-brand","embeddable":true,"href":"https:\/\/madame-sensuelle.paris\/en\/wp-json\/wp\/v2\/pwb-brand?post=72848"},{"taxonomy":"product_brand","embeddable":true,"href":"https:\/\/madame-sensuelle.paris\/en\/wp-json\/wp\/v2\/product_brand?post=72848"},{"taxonomy":"product_cat","embeddable":true,"href":"https:\/\/madame-sensuelle.paris\/en\/wp-json\/wp\/v2\/product_cat?post=72848"},{"taxonomy":"product_tag","embeddable":true,"href":"https:\/\/madame-sensuelle.paris\/en\/wp-json\/wp\/v2\/product_tag?post=72848"},{"taxonomy":"giftcard-category","embeddable":true,"href":"https:\/\/madame-sensuelle.paris\/en\/wp-json\/wp\/v2\/giftcard-category?post=72848"}],"curies":[{"name":"wp","href":"https:\/\/api.w.org\/{rel}","templated":true}]}}