{"id":75340,"date":"2024-03-10T12:44:09","date_gmt":"2024-03-10T12:44:09","guid":{"rendered":"https:\/\/madame-sensuelle.eu\/?post_type=product&#038;p=75340"},"modified":"2026-03-30T12:35:03","modified_gmt":"2026-03-30T12:35:03","slug":"c-c-2022000088053","status":"publish","type":"product","link":"https:\/\/madame-sensuelle.paris\/en\/product\/c-c-2022000088053\/","title":{"rendered":"Averse corset dress in wetlook with lace-up back and integrated suspenders"},"content":{"rendered":"<p>A captivating piece that never lets go.<br \/>\nIn shiny black wetlook, the Averse corset dress curves the figure to perfection, while the back laces create a stunning back.<br \/>\nIntegrated suspenders complete this ultra-desirable look, ready to electrify the night.<\/p>\n<p>Powerful, sculptural, irresistibly fatal.<\/p>\n","protected":false},"excerpt":{"rendered":"<p>A captivating piece that never lets go. In shiny black wetlook, the Averse corset dress curves the figure to perfection, while the back laces create a stunning back. Integrated suspenders complete this ultra-desirable look, ready to electrify the night. Powerful, sculptural, irresistibly fatal.<\/p>\n","protected":false},"featured_media":113788,"template":"","meta":[],"pwb-brand":[3588],"product_brand":[],"product_cat":[3296,3293,3368],"product_tag":[],"giftcard-category":[],"class_list":{"0":"post-75340","1":"product","2":"type-product","3":"status-publish","4":"has-post-thumbnail","6":"pwb-brand-catanzaro-2","7":"product_cat-dresses","8":"product_cat-longwear","9":"product_cat-show-main-en","11":"first","12":"instock","13":"taxable","14":"shipping-taxable","15":"purchasable","16":"product-type-variable","17":"has-default-attributes"},"yoast_head":"<!-- This site is optimized with the Yoast SEO plugin v27.4 - https:\/\/yoast.com\/product\/yoast-seo-wordpress\/ -->\n<title>Averse corset dress in wetlook with lace-up back and integrated suspenders \u2013 CATANZARO - Madame Sensuelle<\/title>\n<meta name=\"description\" content=\"Robe corset Averse en wetlook avec lacets sur le dos et fermeture \u00e9clair sur le devant. Jarretelles amovibles pour porter cette robe avec des bas ou avec jambes d\u00e9nud\u00e9es.\u00c0 compl\u00e9ter avec des gants en wetlook de la maison Catanzaro.\" \/>\n<meta name=\"robots\" content=\"index, follow, max-snippet:-1, max-image-preview:large, max-video-preview:-1\" \/>\n<link rel=\"canonical\" href=\"https:\/\/madame-sensuelle.paris\/en\/product\/c-c-2022000088053\/\" \/>\n<meta property=\"og:locale\" content=\"en_US\" \/>\n<meta property=\"og:type\" content=\"article\" \/>\n<meta property=\"og:title\" content=\"Averse corset dress in wetlook with lace-up back and integrated suspenders \u2013 CATANZARO - Madame Sensuelle\" \/>\n<meta property=\"og:description\" content=\"Robe corset Averse en wetlook avec lacets sur le dos et fermeture \u00e9clair sur le devant. Jarretelles amovibles pour porter cette robe avec des bas ou avec jambes d\u00e9nud\u00e9es.\u00c0 compl\u00e9ter avec des gants en wetlook de la maison Catanzaro.\" \/>\n<meta property=\"og:url\" content=\"https:\/\/madame-sensuelle.paris\/en\/product\/c-c-2022000088053\/\" \/>\n<meta property=\"og:site_name\" content=\"Madame Sensuelle\" \/>\n<meta property=\"article:publisher\" content=\"https:\/\/www.facebook.com\/madamesensuelle\" \/>\n<meta property=\"article:modified_time\" content=\"2026-03-30T12:35:03+00:00\" \/>\n<meta property=\"og:image\" content=\"https:\/\/madame-sensuelle.paris\/wp-content\/uploads\/2024\/03\/d207bd80-cae4-4de1-b0dd-0c5b84f6dd84.jpeg\" \/>\n\t<meta property=\"og:image:width\" content=\"851\" \/>\n\t<meta property=\"og:image:height\" content=\"1280\" \/>\n\t<meta property=\"og:image:type\" content=\"image\/jpeg\" \/>\n<meta name=\"twitter:card\" content=\"summary_large_image\" \/>\n<meta name=\"twitter:label1\" content=\"Est. reading time\" \/>\n\t<meta name=\"twitter:data1\" content=\"2 minutes\" \/>\n<script type=\"application\/ld+json\" class=\"yoast-schema-graph\">{\"@context\":\"https:\\\/\\\/schema.org\",\"@graph\":[{\"@type\":\"WebPage\",\"@id\":\"https:\\\/\\\/madame-sensuelle.paris\\\/en\\\/product\\\/c-c-2022000088053\\\/\",\"url\":\"https:\\\/\\\/madame-sensuelle.paris\\\/en\\\/product\\\/c-c-2022000088053\\\/\",\"name\":\"Averse corset dress in wetlook with lace-up back and integrated suspenders \u2013 CATANZARO - Madame Sensuelle\",\"isPartOf\":{\"@id\":\"https:\\\/\\\/madame-sensuelle.paris\\\/en\\\/#website\"},\"primaryImageOfPage\":{\"@id\":\"https:\\\/\\\/madame-sensuelle.paris\\\/en\\\/product\\\/c-c-2022000088053\\\/#primaryimage\"},\"image\":{\"@id\":\"https:\\\/\\\/madame-sensuelle.paris\\\/en\\\/product\\\/c-c-2022000088053\\\/#primaryimage\"},\"thumbnailUrl\":\"https:\\\/\\\/madame-sensuelle.paris\\\/wp-content\\\/uploads\\\/2024\\\/03\\\/d207bd80-cae4-4de1-b0dd-0c5b84f6dd84.jpeg\",\"datePublished\":\"2024-03-10T12:44:09+00:00\",\"dateModified\":\"2026-03-30T12:35:03+00:00\",\"description\":\"Robe corset Averse en wetlook avec lacets sur le dos et fermeture \u00e9clair sur le devant. Jarretelles amovibles pour porter cette robe avec des bas ou avec jambes d\u00e9nud\u00e9es.\u00c0 compl\u00e9ter avec des gants en wetlook de la maison Catanzaro.\",\"breadcrumb\":{\"@id\":\"https:\\\/\\\/madame-sensuelle.paris\\\/en\\\/product\\\/c-c-2022000088053\\\/#breadcrumb\"},\"inLanguage\":\"en-US\",\"potentialAction\":[{\"@type\":\"ReadAction\",\"target\":[\"https:\\\/\\\/madame-sensuelle.paris\\\/en\\\/product\\\/c-c-2022000088053\\\/\"]}]},{\"@type\":\"ImageObject\",\"inLanguage\":\"en-US\",\"@id\":\"https:\\\/\\\/madame-sensuelle.paris\\\/en\\\/product\\\/c-c-2022000088053\\\/#primaryimage\",\"url\":\"https:\\\/\\\/madame-sensuelle.paris\\\/wp-content\\\/uploads\\\/2024\\\/03\\\/d207bd80-cae4-4de1-b0dd-0c5b84f6dd84.jpeg\",\"contentUrl\":\"https:\\\/\\\/madame-sensuelle.paris\\\/wp-content\\\/uploads\\\/2024\\\/03\\\/d207bd80-cae4-4de1-b0dd-0c5b84f6dd84.jpeg\",\"width\":851,\"height\":1280},{\"@type\":\"BreadcrumbList\",\"@id\":\"https:\\\/\\\/madame-sensuelle.paris\\\/en\\\/product\\\/c-c-2022000088053\\\/#breadcrumb\",\"itemListElement\":[{\"@type\":\"ListItem\",\"position\":1,\"name\":\"Acceuil\",\"item\":\"https:\\\/\\\/madame-sensuelle.paris\\\/en\\\/home\\\/\"},{\"@type\":\"ListItem\",\"position\":2,\"name\":\"Catalog\",\"item\":\"https:\\\/\\\/madame-sensuelle.paris\\\/en\\\/catalogue\\\/\"},{\"@type\":\"ListItem\",\"position\":3,\"name\":\"CATANZARO\",\"item\":\"https:\\\/\\\/madame-sensuelle.paris\\\/en\\\/brand\\\/catanzaro-2\\\/\"},{\"@type\":\"ListItem\",\"position\":4,\"name\":\"Averse corset dress in wetlook with lace-up back and integrated suspenders\"}]},{\"@type\":\"WebSite\",\"@id\":\"https:\\\/\\\/madame-sensuelle.paris\\\/en\\\/#website\",\"url\":\"https:\\\/\\\/madame-sensuelle.paris\\\/en\\\/\",\"name\":\"MADAME SENSUELLE\",\"description\":\"MADAME SENSUELLE: Found the biggest exciting brands of chic &amp; SEXY LINGERIE in Paris Boutique and on the WEB: Aubade, Dita Von Teese, Maison Close, Marjolaine, Bluebella, Atelier Amour, Luxxa, Catanzaro, Gracija Rim. You will found the big pleasure of sexy belt or bra make for you\",\"publisher\":{\"@id\":\"https:\\\/\\\/madame-sensuelle.paris\\\/en\\\/#organization\"},\"potentialAction\":[{\"@type\":\"SearchAction\",\"target\":{\"@type\":\"EntryPoint\",\"urlTemplate\":\"https:\\\/\\\/madame-sensuelle.paris\\\/en\\\/?s={search_term_string}\"},\"query-input\":{\"@type\":\"PropertyValueSpecification\",\"valueRequired\":true,\"valueName\":\"search_term_string\"}}],\"inLanguage\":\"en-US\"},{\"@type\":\"Organization\",\"@id\":\"https:\\\/\\\/madame-sensuelle.paris\\\/en\\\/#organization\",\"name\":\"Madame Sensuelle\",\"url\":\"https:\\\/\\\/madame-sensuelle.paris\\\/en\\\/\",\"logo\":{\"@type\":\"ImageObject\",\"inLanguage\":\"en-US\",\"@id\":\"https:\\\/\\\/madame-sensuelle.paris\\\/en\\\/#\\\/schema\\\/logo\\\/image\\\/\",\"url\":\"https:\\\/\\\/madame-sensuelle.paris\\\/wp-content\\\/uploads\\\/2024\\\/12\\\/logo_a-1-1_696.webp\",\"contentUrl\":\"https:\\\/\\\/madame-sensuelle.paris\\\/wp-content\\\/uploads\\\/2024\\\/12\\\/logo_a-1-1_696.webp\",\"width\":696,\"height\":696,\"caption\":\"Madame Sensuelle\"},\"image\":{\"@id\":\"https:\\\/\\\/madame-sensuelle.paris\\\/en\\\/#\\\/schema\\\/logo\\\/image\\\/\"},\"sameAs\":[\"https:\\\/\\\/www.facebook.com\\\/madamesensuelle\",\"https:\\\/\\\/www.instagram.com\\\/madame_sensuelle\\\/\"]}]}<\/script>\n<!-- \/ Yoast SEO plugin. -->","yoast_head_json":{"title":"Averse corset dress in wetlook with lace-up back and integrated suspenders \u2013 CATANZARO - Madame Sensuelle","description":"Robe corset Averse en wetlook avec lacets sur le dos et fermeture \u00e9clair sur le devant. Jarretelles amovibles pour porter cette robe avec des bas ou avec jambes d\u00e9nud\u00e9es.\u00c0 compl\u00e9ter avec des gants en wetlook de la maison Catanzaro.","robots":{"index":"index","follow":"follow","max-snippet":"max-snippet:-1","max-image-preview":"max-image-preview:large","max-video-preview":"max-video-preview:-1"},"canonical":"https:\/\/madame-sensuelle.paris\/en\/product\/c-c-2022000088053\/","og_locale":"en_US","og_type":"article","og_title":"Averse corset dress in wetlook with lace-up back and integrated suspenders \u2013 CATANZARO - Madame Sensuelle","og_description":"Robe corset Averse en wetlook avec lacets sur le dos et fermeture \u00e9clair sur le devant. Jarretelles amovibles pour porter cette robe avec des bas ou avec jambes d\u00e9nud\u00e9es.\u00c0 compl\u00e9ter avec des gants en wetlook de la maison Catanzaro.","og_url":"https:\/\/madame-sensuelle.paris\/en\/product\/c-c-2022000088053\/","og_site_name":"Madame Sensuelle","article_publisher":"https:\/\/www.facebook.com\/madamesensuelle","article_modified_time":"2026-03-30T12:35:03+00:00","og_image":[{"width":851,"height":1280,"url":"https:\/\/madame-sensuelle.paris\/wp-content\/uploads\/2024\/03\/d207bd80-cae4-4de1-b0dd-0c5b84f6dd84.jpeg","type":"image\/jpeg"}],"twitter_card":"summary_large_image","twitter_misc":{"Est. reading time":"2 minutes"},"schema":{"@context":"https:\/\/schema.org","@graph":[{"@type":"WebPage","@id":"https:\/\/madame-sensuelle.paris\/en\/product\/c-c-2022000088053\/","url":"https:\/\/madame-sensuelle.paris\/en\/product\/c-c-2022000088053\/","name":"Averse corset dress in wetlook with lace-up back and integrated suspenders \u2013 CATANZARO - Madame Sensuelle","isPartOf":{"@id":"https:\/\/madame-sensuelle.paris\/en\/#website"},"primaryImageOfPage":{"@id":"https:\/\/madame-sensuelle.paris\/en\/product\/c-c-2022000088053\/#primaryimage"},"image":{"@id":"https:\/\/madame-sensuelle.paris\/en\/product\/c-c-2022000088053\/#primaryimage"},"thumbnailUrl":"https:\/\/madame-sensuelle.paris\/wp-content\/uploads\/2024\/03\/d207bd80-cae4-4de1-b0dd-0c5b84f6dd84.jpeg","datePublished":"2024-03-10T12:44:09+00:00","dateModified":"2026-03-30T12:35:03+00:00","description":"Robe corset Averse en wetlook avec lacets sur le dos et fermeture \u00e9clair sur le devant. Jarretelles amovibles pour porter cette robe avec des bas ou avec jambes d\u00e9nud\u00e9es.\u00c0 compl\u00e9ter avec des gants en wetlook de la maison Catanzaro.","breadcrumb":{"@id":"https:\/\/madame-sensuelle.paris\/en\/product\/c-c-2022000088053\/#breadcrumb"},"inLanguage":"en-US","potentialAction":[{"@type":"ReadAction","target":["https:\/\/madame-sensuelle.paris\/en\/product\/c-c-2022000088053\/"]}]},{"@type":"ImageObject","inLanguage":"en-US","@id":"https:\/\/madame-sensuelle.paris\/en\/product\/c-c-2022000088053\/#primaryimage","url":"https:\/\/madame-sensuelle.paris\/wp-content\/uploads\/2024\/03\/d207bd80-cae4-4de1-b0dd-0c5b84f6dd84.jpeg","contentUrl":"https:\/\/madame-sensuelle.paris\/wp-content\/uploads\/2024\/03\/d207bd80-cae4-4de1-b0dd-0c5b84f6dd84.jpeg","width":851,"height":1280},{"@type":"BreadcrumbList","@id":"https:\/\/madame-sensuelle.paris\/en\/product\/c-c-2022000088053\/#breadcrumb","itemListElement":[{"@type":"ListItem","position":1,"name":"Acceuil","item":"https:\/\/madame-sensuelle.paris\/en\/home\/"},{"@type":"ListItem","position":2,"name":"Catalog","item":"https:\/\/madame-sensuelle.paris\/en\/catalogue\/"},{"@type":"ListItem","position":3,"name":"CATANZARO","item":"https:\/\/madame-sensuelle.paris\/en\/brand\/catanzaro-2\/"},{"@type":"ListItem","position":4,"name":"Averse corset dress in wetlook with lace-up back and integrated suspenders"}]},{"@type":"WebSite","@id":"https:\/\/madame-sensuelle.paris\/en\/#website","url":"https:\/\/madame-sensuelle.paris\/en\/","name":"MADAME SENSUELLE","description":"MADAME SENSUELLE: Found the biggest exciting brands of chic &amp; SEXY LINGERIE in Paris Boutique and on the WEB: Aubade, Dita Von Teese, Maison Close, Marjolaine, Bluebella, Atelier Amour, Luxxa, Catanzaro, Gracija Rim. You will found the big pleasure of sexy belt or bra make for you","publisher":{"@id":"https:\/\/madame-sensuelle.paris\/en\/#organization"},"potentialAction":[{"@type":"SearchAction","target":{"@type":"EntryPoint","urlTemplate":"https:\/\/madame-sensuelle.paris\/en\/?s={search_term_string}"},"query-input":{"@type":"PropertyValueSpecification","valueRequired":true,"valueName":"search_term_string"}}],"inLanguage":"en-US"},{"@type":"Organization","@id":"https:\/\/madame-sensuelle.paris\/en\/#organization","name":"Madame Sensuelle","url":"https:\/\/madame-sensuelle.paris\/en\/","logo":{"@type":"ImageObject","inLanguage":"en-US","@id":"https:\/\/madame-sensuelle.paris\/en\/#\/schema\/logo\/image\/","url":"https:\/\/madame-sensuelle.paris\/wp-content\/uploads\/2024\/12\/logo_a-1-1_696.webp","contentUrl":"https:\/\/madame-sensuelle.paris\/wp-content\/uploads\/2024\/12\/logo_a-1-1_696.webp","width":696,"height":696,"caption":"Madame Sensuelle"},"image":{"@id":"https:\/\/madame-sensuelle.paris\/en\/#\/schema\/logo\/image\/"},"sameAs":["https:\/\/www.facebook.com\/madamesensuelle","https:\/\/www.instagram.com\/madame_sensuelle\/"]}]}},"brands":[{"id":3588,"name":"CATANZARO","slug":"catanzaro-2"}],"_links":{"self":[{"href":"https:\/\/madame-sensuelle.paris\/en\/wp-json\/wp\/v2\/product\/75340","targetHints":{"allow":["GET"]}}],"collection":[{"href":"https:\/\/madame-sensuelle.paris\/en\/wp-json\/wp\/v2\/product"}],"about":[{"href":"https:\/\/madame-sensuelle.paris\/en\/wp-json\/wp\/v2\/types\/product"}],"version-history":[{"count":1,"href":"https:\/\/madame-sensuelle.paris\/en\/wp-json\/wp\/v2\/product\/75340\/revisions"}],"predecessor-version":[{"id":120510,"href":"https:\/\/madame-sensuelle.paris\/en\/wp-json\/wp\/v2\/product\/75340\/revisions\/120510"}],"wp:featuredmedia":[{"embeddable":true,"href":"https:\/\/madame-sensuelle.paris\/en\/wp-json\/wp\/v2\/media\/113788"}],"wp:attachment":[{"href":"https:\/\/madame-sensuelle.paris\/en\/wp-json\/wp\/v2\/media?parent=75340"}],"wp:term":[{"taxonomy":"pwb-brand","embeddable":true,"href":"https:\/\/madame-sensuelle.paris\/en\/wp-json\/wp\/v2\/pwb-brand?post=75340"},{"taxonomy":"product_brand","embeddable":true,"href":"https:\/\/madame-sensuelle.paris\/en\/wp-json\/wp\/v2\/product_brand?post=75340"},{"taxonomy":"product_cat","embeddable":true,"href":"https:\/\/madame-sensuelle.paris\/en\/wp-json\/wp\/v2\/product_cat?post=75340"},{"taxonomy":"product_tag","embeddable":true,"href":"https:\/\/madame-sensuelle.paris\/en\/wp-json\/wp\/v2\/product_tag?post=75340"},{"taxonomy":"giftcard-category","embeddable":true,"href":"https:\/\/madame-sensuelle.paris\/en\/wp-json\/wp\/v2\/giftcard-category?post=75340"}],"curies":[{"name":"wp","href":"https:\/\/api.w.org\/{rel}","templated":true}]}}