{"id":75346,"date":"2024-03-10T12:44:09","date_gmt":"2024-03-10T12:44:09","guid":{"rendered":"https:\/\/madame-sensuelle.eu\/?post_type=product&#038;p=75346"},"modified":"2026-03-29T16:20:30","modified_gmt":"2026-03-29T16:20:30","slug":"c-ollc-2022000088978","status":"publish","type":"product","link":"https:\/\/madame-sensuelle.paris\/en\/product\/c-ollc-2022000088978\/","title":{"rendered":"Entanglement short dress in vinyl with front and back laces"},"content":{"rendered":"<p>Laced to captivate<br \/>\nShort and ultra-shiny, the black vinyl Entanglement dress reveals the body through suggestive laces at the front and back.<br \/>\nEvery opening draws the eye, every detail invites fantasy.<\/p>\n<p>A dress that can&#8217;t just be worn&#8230; it has to be claimed.<\/p>\n","protected":false},"excerpt":{"rendered":"<p>Laced to captivate Short and ultra-shiny, the black vinyl Entanglement dress reveals the body through suggestive laces at the front and back. Every opening draws the eye, every detail invites fantasy. A dress that can&#8217;t just be worn&#8230; it has to be claimed.<\/p>\n","protected":false},"featured_media":85752,"template":"","meta":[],"pwb-brand":[3585],"product_brand":[],"product_cat":[3296,3293,3301],"product_tag":[],"giftcard-category":[],"class_list":{"0":"post-75346","1":"product","2":"type-product","3":"status-publish","4":"has-post-thumbnail","6":"pwb-brand-oh-la-la-cheri-2","7":"product_cat-dresses","8":"product_cat-longwear","9":"product_cat-vinyl","11":"first","12":"instock","13":"taxable","14":"shipping-taxable","15":"purchasable","16":"product-type-variable","17":"has-default-attributes"},"yoast_head":"<!-- This site is optimized with the Yoast SEO plugin v27.3 - https:\/\/yoast.com\/product\/yoast-seo-wordpress\/ -->\n<title>Entanglement short dress in vinyl with front and back laces \u2013 OH LA LA CHERI - Madame Sensuelle<\/title>\n<meta name=\"description\" content=\"Bien faite et \u00e9l\u00e9gante, cette robe sophistiqu\u00e9e pr\u00e9sente un design en vinyle ajust\u00e9 qui flatte vos courbes.\u00a0Retournez-vous pour r\u00e9v\u00e9ler le s\u00e9duisant DOS OUVERT, donnant libre cours \u00e0 votre imagination tout en mettant en valeur vos courbes avec un air irr\u00e9sistible de myst\u00e8re. Le dos ouvert invite les mains et pr\u00e9pare le terrain pour des aventures intimes.Cette robe en vinyle ajust\u00e9e est plus qu&#039;une simple lingerie, C&#039;est le reflet de votre sex-appeal et de votre force.\" \/>\n<meta name=\"robots\" content=\"index, follow, max-snippet:-1, max-image-preview:large, max-video-preview:-1\" \/>\n<link rel=\"canonical\" href=\"https:\/\/madame-sensuelle.paris\/en\/product\/c-ollc-2022000088978\/\" \/>\n<meta property=\"og:locale\" content=\"en_US\" \/>\n<meta property=\"og:type\" content=\"article\" \/>\n<meta property=\"og:title\" content=\"Entanglement short dress in vinyl with front and back laces \u2013 OH LA LA CHERI - Madame Sensuelle\" \/>\n<meta property=\"og:description\" content=\"Bien faite et \u00e9l\u00e9gante, cette robe sophistiqu\u00e9e pr\u00e9sente un design en vinyle ajust\u00e9 qui flatte vos courbes.\u00a0Retournez-vous pour r\u00e9v\u00e9ler le s\u00e9duisant DOS OUVERT, donnant libre cours \u00e0 votre imagination tout en mettant en valeur vos courbes avec un air irr\u00e9sistible de myst\u00e8re. Le dos ouvert invite les mains et pr\u00e9pare le terrain pour des aventures intimes.Cette robe en vinyle ajust\u00e9e est plus qu&#039;une simple lingerie, C&#039;est le reflet de votre sex-appeal et de votre force.\" \/>\n<meta property=\"og:url\" content=\"https:\/\/madame-sensuelle.paris\/en\/product\/c-ollc-2022000088978\/\" \/>\n<meta property=\"og:site_name\" content=\"Madame Sensuelle\" \/>\n<meta property=\"article:publisher\" content=\"https:\/\/www.facebook.com\/madamesensuelle\" \/>\n<meta property=\"article:modified_time\" content=\"2026-03-29T16:20:30+00:00\" \/>\n<meta property=\"og:image\" content=\"https:\/\/madame-sensuelle.paris\/wp-content\/uploads\/2024\/03\/etra_1.jpg\" \/>\n\t<meta property=\"og:image:width\" content=\"800\" \/>\n\t<meta property=\"og:image:height\" content=\"1200\" \/>\n\t<meta property=\"og:image:type\" content=\"image\/jpeg\" \/>\n<meta name=\"twitter:card\" content=\"summary_large_image\" \/>\n<meta name=\"twitter:label1\" content=\"Est. reading time\" \/>\n\t<meta name=\"twitter:data1\" content=\"1 minute\" \/>\n<script type=\"application\/ld+json\" class=\"yoast-schema-graph\">{\"@context\":\"https:\\\/\\\/schema.org\",\"@graph\":[{\"@type\":\"WebPage\",\"@id\":\"https:\\\/\\\/madame-sensuelle.paris\\\/en\\\/product\\\/c-ollc-2022000088978\\\/\",\"url\":\"https:\\\/\\\/madame-sensuelle.paris\\\/en\\\/product\\\/c-ollc-2022000088978\\\/\",\"name\":\"Entanglement short dress in vinyl with front and back laces \u2013 OH LA LA CHERI - Madame Sensuelle\",\"isPartOf\":{\"@id\":\"https:\\\/\\\/madame-sensuelle.paris\\\/en\\\/#website\"},\"primaryImageOfPage\":{\"@id\":\"https:\\\/\\\/madame-sensuelle.paris\\\/en\\\/product\\\/c-ollc-2022000088978\\\/#primaryimage\"},\"image\":{\"@id\":\"https:\\\/\\\/madame-sensuelle.paris\\\/en\\\/product\\\/c-ollc-2022000088978\\\/#primaryimage\"},\"thumbnailUrl\":\"https:\\\/\\\/madame-sensuelle.paris\\\/wp-content\\\/uploads\\\/2024\\\/03\\\/etra_1.jpg\",\"datePublished\":\"2024-03-10T12:44:09+00:00\",\"dateModified\":\"2026-03-29T16:20:30+00:00\",\"description\":\"Bien faite et \u00e9l\u00e9gante, cette robe sophistiqu\u00e9e pr\u00e9sente un design en vinyle ajust\u00e9 qui flatte vos courbes.\u00a0Retournez-vous pour r\u00e9v\u00e9ler le s\u00e9duisant DOS OUVERT, donnant libre cours \u00e0 votre imagination tout en mettant en valeur vos courbes avec un air irr\u00e9sistible de myst\u00e8re. Le dos ouvert invite les mains et pr\u00e9pare le terrain pour des aventures intimes.Cette robe en vinyle ajust\u00e9e est plus qu'une simple lingerie, C'est le reflet de votre sex-appeal et de votre force.\",\"breadcrumb\":{\"@id\":\"https:\\\/\\\/madame-sensuelle.paris\\\/en\\\/product\\\/c-ollc-2022000088978\\\/#breadcrumb\"},\"inLanguage\":\"en-US\",\"potentialAction\":[{\"@type\":\"ReadAction\",\"target\":[\"https:\\\/\\\/madame-sensuelle.paris\\\/en\\\/product\\\/c-ollc-2022000088978\\\/\"]}]},{\"@type\":\"ImageObject\",\"inLanguage\":\"en-US\",\"@id\":\"https:\\\/\\\/madame-sensuelle.paris\\\/en\\\/product\\\/c-ollc-2022000088978\\\/#primaryimage\",\"url\":\"https:\\\/\\\/madame-sensuelle.paris\\\/wp-content\\\/uploads\\\/2024\\\/03\\\/etra_1.jpg\",\"contentUrl\":\"https:\\\/\\\/madame-sensuelle.paris\\\/wp-content\\\/uploads\\\/2024\\\/03\\\/etra_1.jpg\",\"width\":800,\"height\":1200},{\"@type\":\"BreadcrumbList\",\"@id\":\"https:\\\/\\\/madame-sensuelle.paris\\\/en\\\/product\\\/c-ollc-2022000088978\\\/#breadcrumb\",\"itemListElement\":[{\"@type\":\"ListItem\",\"position\":1,\"name\":\"Acceuil\",\"item\":\"https:\\\/\\\/madame-sensuelle.paris\\\/en\\\/home\\\/\"},{\"@type\":\"ListItem\",\"position\":2,\"name\":\"Catalog\",\"item\":\"https:\\\/\\\/madame-sensuelle.paris\\\/en\\\/catalogue\\\/\"},{\"@type\":\"ListItem\",\"position\":3,\"name\":\"OH LA LA CHERI\",\"item\":\"https:\\\/\\\/madame-sensuelle.paris\\\/en\\\/brand\\\/oh-la-la-cheri-2\\\/\"},{\"@type\":\"ListItem\",\"position\":4,\"name\":\"Entanglement short dress in vinyl with front and back laces\"}]},{\"@type\":\"WebSite\",\"@id\":\"https:\\\/\\\/madame-sensuelle.paris\\\/en\\\/#website\",\"url\":\"https:\\\/\\\/madame-sensuelle.paris\\\/en\\\/\",\"name\":\"MADAME SENSUELLE\",\"description\":\"MADAME SENSUELLE: Found the biggest exciting brands of chic &amp; SEXY LINGERIE in Paris Boutique and on the WEB: Aubade, Dita Von Teese, Maison Close, Marjolaine, Bluebella, Atelier Amour, Luxxa, Catanzaro, Gracija Rim. You will found the big pleasure of sexy belt or bra make for you\",\"publisher\":{\"@id\":\"https:\\\/\\\/madame-sensuelle.paris\\\/en\\\/#organization\"},\"potentialAction\":[{\"@type\":\"SearchAction\",\"target\":{\"@type\":\"EntryPoint\",\"urlTemplate\":\"https:\\\/\\\/madame-sensuelle.paris\\\/en\\\/?s={search_term_string}\"},\"query-input\":{\"@type\":\"PropertyValueSpecification\",\"valueRequired\":true,\"valueName\":\"search_term_string\"}}],\"inLanguage\":\"en-US\"},{\"@type\":\"Organization\",\"@id\":\"https:\\\/\\\/madame-sensuelle.paris\\\/en\\\/#organization\",\"name\":\"Madame Sensuelle\",\"url\":\"https:\\\/\\\/madame-sensuelle.paris\\\/en\\\/\",\"logo\":{\"@type\":\"ImageObject\",\"inLanguage\":\"en-US\",\"@id\":\"https:\\\/\\\/madame-sensuelle.paris\\\/en\\\/#\\\/schema\\\/logo\\\/image\\\/\",\"url\":\"https:\\\/\\\/madame-sensuelle.paris\\\/wp-content\\\/uploads\\\/2024\\\/12\\\/logo_a-1-1_696.webp\",\"contentUrl\":\"https:\\\/\\\/madame-sensuelle.paris\\\/wp-content\\\/uploads\\\/2024\\\/12\\\/logo_a-1-1_696.webp\",\"width\":696,\"height\":696,\"caption\":\"Madame Sensuelle\"},\"image\":{\"@id\":\"https:\\\/\\\/madame-sensuelle.paris\\\/en\\\/#\\\/schema\\\/logo\\\/image\\\/\"},\"sameAs\":[\"https:\\\/\\\/www.facebook.com\\\/madamesensuelle\",\"https:\\\/\\\/www.instagram.com\\\/madame_sensuelle\\\/\"]}]}<\/script>\n<!-- \/ Yoast SEO plugin. -->","yoast_head_json":{"title":"Entanglement short dress in vinyl with front and back laces \u2013 OH LA LA CHERI - Madame Sensuelle","description":"Bien faite et \u00e9l\u00e9gante, cette robe sophistiqu\u00e9e pr\u00e9sente un design en vinyle ajust\u00e9 qui flatte vos courbes.\u00a0Retournez-vous pour r\u00e9v\u00e9ler le s\u00e9duisant DOS OUVERT, donnant libre cours \u00e0 votre imagination tout en mettant en valeur vos courbes avec un air irr\u00e9sistible de myst\u00e8re. Le dos ouvert invite les mains et pr\u00e9pare le terrain pour des aventures intimes.Cette robe en vinyle ajust\u00e9e est plus qu'une simple lingerie, C'est le reflet de votre sex-appeal et de votre force.","robots":{"index":"index","follow":"follow","max-snippet":"max-snippet:-1","max-image-preview":"max-image-preview:large","max-video-preview":"max-video-preview:-1"},"canonical":"https:\/\/madame-sensuelle.paris\/en\/product\/c-ollc-2022000088978\/","og_locale":"en_US","og_type":"article","og_title":"Entanglement short dress in vinyl with front and back laces \u2013 OH LA LA CHERI - Madame Sensuelle","og_description":"Bien faite et \u00e9l\u00e9gante, cette robe sophistiqu\u00e9e pr\u00e9sente un design en vinyle ajust\u00e9 qui flatte vos courbes.\u00a0Retournez-vous pour r\u00e9v\u00e9ler le s\u00e9duisant DOS OUVERT, donnant libre cours \u00e0 votre imagination tout en mettant en valeur vos courbes avec un air irr\u00e9sistible de myst\u00e8re. Le dos ouvert invite les mains et pr\u00e9pare le terrain pour des aventures intimes.Cette robe en vinyle ajust\u00e9e est plus qu'une simple lingerie, C'est le reflet de votre sex-appeal et de votre force.","og_url":"https:\/\/madame-sensuelle.paris\/en\/product\/c-ollc-2022000088978\/","og_site_name":"Madame Sensuelle","article_publisher":"https:\/\/www.facebook.com\/madamesensuelle","article_modified_time":"2026-03-29T16:20:30+00:00","og_image":[{"width":800,"height":1200,"url":"https:\/\/madame-sensuelle.paris\/wp-content\/uploads\/2024\/03\/etra_1.jpg","type":"image\/jpeg"}],"twitter_card":"summary_large_image","twitter_misc":{"Est. reading time":"1 minute"},"schema":{"@context":"https:\/\/schema.org","@graph":[{"@type":"WebPage","@id":"https:\/\/madame-sensuelle.paris\/en\/product\/c-ollc-2022000088978\/","url":"https:\/\/madame-sensuelle.paris\/en\/product\/c-ollc-2022000088978\/","name":"Entanglement short dress in vinyl with front and back laces \u2013 OH LA LA CHERI - Madame Sensuelle","isPartOf":{"@id":"https:\/\/madame-sensuelle.paris\/en\/#website"},"primaryImageOfPage":{"@id":"https:\/\/madame-sensuelle.paris\/en\/product\/c-ollc-2022000088978\/#primaryimage"},"image":{"@id":"https:\/\/madame-sensuelle.paris\/en\/product\/c-ollc-2022000088978\/#primaryimage"},"thumbnailUrl":"https:\/\/madame-sensuelle.paris\/wp-content\/uploads\/2024\/03\/etra_1.jpg","datePublished":"2024-03-10T12:44:09+00:00","dateModified":"2026-03-29T16:20:30+00:00","description":"Bien faite et \u00e9l\u00e9gante, cette robe sophistiqu\u00e9e pr\u00e9sente un design en vinyle ajust\u00e9 qui flatte vos courbes.\u00a0Retournez-vous pour r\u00e9v\u00e9ler le s\u00e9duisant DOS OUVERT, donnant libre cours \u00e0 votre imagination tout en mettant en valeur vos courbes avec un air irr\u00e9sistible de myst\u00e8re. Le dos ouvert invite les mains et pr\u00e9pare le terrain pour des aventures intimes.Cette robe en vinyle ajust\u00e9e est plus qu'une simple lingerie, C'est le reflet de votre sex-appeal et de votre force.","breadcrumb":{"@id":"https:\/\/madame-sensuelle.paris\/en\/product\/c-ollc-2022000088978\/#breadcrumb"},"inLanguage":"en-US","potentialAction":[{"@type":"ReadAction","target":["https:\/\/madame-sensuelle.paris\/en\/product\/c-ollc-2022000088978\/"]}]},{"@type":"ImageObject","inLanguage":"en-US","@id":"https:\/\/madame-sensuelle.paris\/en\/product\/c-ollc-2022000088978\/#primaryimage","url":"https:\/\/madame-sensuelle.paris\/wp-content\/uploads\/2024\/03\/etra_1.jpg","contentUrl":"https:\/\/madame-sensuelle.paris\/wp-content\/uploads\/2024\/03\/etra_1.jpg","width":800,"height":1200},{"@type":"BreadcrumbList","@id":"https:\/\/madame-sensuelle.paris\/en\/product\/c-ollc-2022000088978\/#breadcrumb","itemListElement":[{"@type":"ListItem","position":1,"name":"Acceuil","item":"https:\/\/madame-sensuelle.paris\/en\/home\/"},{"@type":"ListItem","position":2,"name":"Catalog","item":"https:\/\/madame-sensuelle.paris\/en\/catalogue\/"},{"@type":"ListItem","position":3,"name":"OH LA LA CHERI","item":"https:\/\/madame-sensuelle.paris\/en\/brand\/oh-la-la-cheri-2\/"},{"@type":"ListItem","position":4,"name":"Entanglement short dress in vinyl with front and back laces"}]},{"@type":"WebSite","@id":"https:\/\/madame-sensuelle.paris\/en\/#website","url":"https:\/\/madame-sensuelle.paris\/en\/","name":"MADAME SENSUELLE","description":"MADAME SENSUELLE: Found the biggest exciting brands of chic &amp; SEXY LINGERIE in Paris Boutique and on the WEB: Aubade, Dita Von Teese, Maison Close, Marjolaine, Bluebella, Atelier Amour, Luxxa, Catanzaro, Gracija Rim. You will found the big pleasure of sexy belt or bra make for you","publisher":{"@id":"https:\/\/madame-sensuelle.paris\/en\/#organization"},"potentialAction":[{"@type":"SearchAction","target":{"@type":"EntryPoint","urlTemplate":"https:\/\/madame-sensuelle.paris\/en\/?s={search_term_string}"},"query-input":{"@type":"PropertyValueSpecification","valueRequired":true,"valueName":"search_term_string"}}],"inLanguage":"en-US"},{"@type":"Organization","@id":"https:\/\/madame-sensuelle.paris\/en\/#organization","name":"Madame Sensuelle","url":"https:\/\/madame-sensuelle.paris\/en\/","logo":{"@type":"ImageObject","inLanguage":"en-US","@id":"https:\/\/madame-sensuelle.paris\/en\/#\/schema\/logo\/image\/","url":"https:\/\/madame-sensuelle.paris\/wp-content\/uploads\/2024\/12\/logo_a-1-1_696.webp","contentUrl":"https:\/\/madame-sensuelle.paris\/wp-content\/uploads\/2024\/12\/logo_a-1-1_696.webp","width":696,"height":696,"caption":"Madame Sensuelle"},"image":{"@id":"https:\/\/madame-sensuelle.paris\/en\/#\/schema\/logo\/image\/"},"sameAs":["https:\/\/www.facebook.com\/madamesensuelle","https:\/\/www.instagram.com\/madame_sensuelle\/"]}]}},"brands":[{"id":3585,"name":"OH LA LA CHERI","slug":"oh-la-la-cheri-2"}],"_links":{"self":[{"href":"https:\/\/madame-sensuelle.paris\/en\/wp-json\/wp\/v2\/product\/75346","targetHints":{"allow":["GET"]}}],"collection":[{"href":"https:\/\/madame-sensuelle.paris\/en\/wp-json\/wp\/v2\/product"}],"about":[{"href":"https:\/\/madame-sensuelle.paris\/en\/wp-json\/wp\/v2\/types\/product"}],"version-history":[{"count":1,"href":"https:\/\/madame-sensuelle.paris\/en\/wp-json\/wp\/v2\/product\/75346\/revisions"}],"predecessor-version":[{"id":120511,"href":"https:\/\/madame-sensuelle.paris\/en\/wp-json\/wp\/v2\/product\/75346\/revisions\/120511"}],"wp:featuredmedia":[{"embeddable":true,"href":"https:\/\/madame-sensuelle.paris\/en\/wp-json\/wp\/v2\/media\/85752"}],"wp:attachment":[{"href":"https:\/\/madame-sensuelle.paris\/en\/wp-json\/wp\/v2\/media?parent=75346"}],"wp:term":[{"taxonomy":"pwb-brand","embeddable":true,"href":"https:\/\/madame-sensuelle.paris\/en\/wp-json\/wp\/v2\/pwb-brand?post=75346"},{"taxonomy":"product_brand","embeddable":true,"href":"https:\/\/madame-sensuelle.paris\/en\/wp-json\/wp\/v2\/product_brand?post=75346"},{"taxonomy":"product_cat","embeddable":true,"href":"https:\/\/madame-sensuelle.paris\/en\/wp-json\/wp\/v2\/product_cat?post=75346"},{"taxonomy":"product_tag","embeddable":true,"href":"https:\/\/madame-sensuelle.paris\/en\/wp-json\/wp\/v2\/product_tag?post=75346"},{"taxonomy":"giftcard-category","embeddable":true,"href":"https:\/\/madame-sensuelle.paris\/en\/wp-json\/wp\/v2\/giftcard-category?post=75346"}],"curies":[{"name":"wp","href":"https:\/\/api.w.org\/{rel}","templated":true}]}}