{"id":75374,"date":"2024-03-25T03:09:12","date_gmt":"2024-03-25T03:09:12","guid":{"rendered":"https:\/\/madame-sensuelle.eu\/?post_type=product&#038;p=75374"},"modified":"2026-04-04T17:36:19","modified_gmt":"2026-04-04T17:36:19","slug":"c-i-2019000068475","status":"publish","type":"product","link":"https:\/\/madame-sensuelle.paris\/en\/product\/c-i-2019000068475\/","title":{"rendered":"Robe en lycra avec dos ouvert Texas &#8211; noir"},"content":{"rendered":"<p>Laissez-vous s\u00e9duire par cette robe et son grand d\u00e9collet\u00e9 sur le dos qui mettra en valeur vos fesses. Texas a un magnifique d\u00e9collet\u00e9 en V avec des petits strass brillants sur ses bordures. La robe est faite en lycra, un tissu extensible tr\u00e8s confortable et facile \u00e0 porter. Elle se ferme gr\u00e2ce \u00e0 des agrafes dans la nuque.<\/p>\n","protected":false},"excerpt":{"rendered":"<p>Laissez-vous s\u00e9duire par cette robe et son grand d\u00e9collet\u00e9 sur le dos qui mettra en valeur vos fesses. Texas a un magnifique d\u00e9collet\u00e9 en V avec des petits strass brillants sur ses bordures. La robe est faite en lycra, un tissu extensible tr\u00e8s confortable et facile \u00e0 porter. Elle se ferme gr\u00e2ce \u00e0 des agrafes<\/p>\n","protected":false},"featured_media":84636,"template":"","meta":[],"pwb-brand":[3602],"product_brand":[],"product_cat":[3296,3293],"product_tag":[],"giftcard-category":[],"class_list":{"0":"post-75374","1":"product","2":"type-product","3":"status-publish","4":"has-post-thumbnail","6":"pwb-brand-impudique-2","7":"product_cat-dresses","8":"product_cat-longwear","10":"first","11":"instock","12":"taxable","13":"shipping-taxable","14":"purchasable","15":"product-type-variable","16":"has-default-attributes"},"yoast_head":"<!-- This site is optimized with the Yoast SEO plugin v27.3 - https:\/\/yoast.com\/product\/yoast-seo-wordpress\/ -->\n<title>Robe en lycra avec dos ouvert Texas - noir \u2013 Impudique - Madame Sensuelle<\/title>\n<meta name=\"description\" content=\"Laissez-vous s\u00e9duire par cette robe et son grand d\u00e9collet\u00e9 sur le dos qui mettra en valeur vos fesses. Texas a un magnifique d\u00e9collet\u00e9 en V avec des petits strass brillants sur ses bordures. La robe est faite en lycra, un tissu extensible tr\u00e8s confortable et facile \u00e0 porter. Elle se ferme gr\u00e2ce \u00e0 des agrafes dans la nuque.\" \/>\n<meta name=\"robots\" content=\"index, follow, max-snippet:-1, max-image-preview:large, max-video-preview:-1\" \/>\n<link rel=\"canonical\" href=\"https:\/\/madame-sensuelle.paris\/en\/product\/c-i-2019000068475\/\" \/>\n<meta property=\"og:locale\" content=\"en_US\" \/>\n<meta property=\"og:type\" content=\"article\" \/>\n<meta property=\"og:title\" content=\"Robe en lycra avec dos ouvert Texas - noir \u2013 Impudique - Madame Sensuelle\" \/>\n<meta property=\"og:description\" content=\"Laissez-vous s\u00e9duire par cette robe et son grand d\u00e9collet\u00e9 sur le dos qui mettra en valeur vos fesses. Texas a un magnifique d\u00e9collet\u00e9 en V avec des petits strass brillants sur ses bordures. La robe est faite en lycra, un tissu extensible tr\u00e8s confortable et facile \u00e0 porter. Elle se ferme gr\u00e2ce \u00e0 des agrafes dans la nuque.\" \/>\n<meta property=\"og:url\" content=\"https:\/\/madame-sensuelle.paris\/en\/product\/c-i-2019000068475\/\" \/>\n<meta property=\"og:site_name\" content=\"Madame Sensuelle\" \/>\n<meta property=\"article:publisher\" content=\"https:\/\/www.facebook.com\/madamesensuelle\" \/>\n<meta property=\"article:modified_time\" content=\"2026-04-04T17:36:19+00:00\" \/>\n<meta property=\"og:image\" content=\"https:\/\/madame-sensuelle.paris\/wp-content\/uploads\/2024\/03\/texas_1.jpg\" \/>\n\t<meta property=\"og:image:width\" content=\"800\" \/>\n\t<meta property=\"og:image:height\" content=\"1200\" \/>\n\t<meta property=\"og:image:type\" content=\"image\/jpeg\" \/>\n<meta name=\"twitter:card\" content=\"summary_large_image\" \/>\n<meta name=\"twitter:label1\" content=\"Est. reading time\" \/>\n\t<meta name=\"twitter:data1\" content=\"1 minute\" \/>\n<script type=\"application\/ld+json\" class=\"yoast-schema-graph\">{\"@context\":\"https:\\\/\\\/schema.org\",\"@graph\":[{\"@type\":\"WebPage\",\"@id\":\"https:\\\/\\\/madame-sensuelle.paris\\\/en\\\/product\\\/c-i-2019000068475\\\/\",\"url\":\"https:\\\/\\\/madame-sensuelle.paris\\\/en\\\/product\\\/c-i-2019000068475\\\/\",\"name\":\"Robe en lycra avec dos ouvert Texas - noir \u2013 Impudique - Madame Sensuelle\",\"isPartOf\":{\"@id\":\"https:\\\/\\\/madame-sensuelle.paris\\\/en\\\/#website\"},\"primaryImageOfPage\":{\"@id\":\"https:\\\/\\\/madame-sensuelle.paris\\\/en\\\/product\\\/c-i-2019000068475\\\/#primaryimage\"},\"image\":{\"@id\":\"https:\\\/\\\/madame-sensuelle.paris\\\/en\\\/product\\\/c-i-2019000068475\\\/#primaryimage\"},\"thumbnailUrl\":\"https:\\\/\\\/madame-sensuelle.paris\\\/wp-content\\\/uploads\\\/2024\\\/03\\\/texas_1.jpg\",\"datePublished\":\"2024-03-25T03:09:12+00:00\",\"dateModified\":\"2026-04-04T17:36:19+00:00\",\"description\":\"Laissez-vous s\u00e9duire par cette robe et son grand d\u00e9collet\u00e9 sur le dos qui mettra en valeur vos fesses. Texas a un magnifique d\u00e9collet\u00e9 en V avec des petits strass brillants sur ses bordures. La robe est faite en lycra, un tissu extensible tr\u00e8s confortable et facile \u00e0 porter. Elle se ferme gr\u00e2ce \u00e0 des agrafes dans la nuque.\",\"breadcrumb\":{\"@id\":\"https:\\\/\\\/madame-sensuelle.paris\\\/en\\\/product\\\/c-i-2019000068475\\\/#breadcrumb\"},\"inLanguage\":\"en-US\",\"potentialAction\":[{\"@type\":\"ReadAction\",\"target\":[\"https:\\\/\\\/madame-sensuelle.paris\\\/en\\\/product\\\/c-i-2019000068475\\\/\"]}]},{\"@type\":\"ImageObject\",\"inLanguage\":\"en-US\",\"@id\":\"https:\\\/\\\/madame-sensuelle.paris\\\/en\\\/product\\\/c-i-2019000068475\\\/#primaryimage\",\"url\":\"https:\\\/\\\/madame-sensuelle.paris\\\/wp-content\\\/uploads\\\/2024\\\/03\\\/texas_1.jpg\",\"contentUrl\":\"https:\\\/\\\/madame-sensuelle.paris\\\/wp-content\\\/uploads\\\/2024\\\/03\\\/texas_1.jpg\",\"width\":800,\"height\":1200},{\"@type\":\"BreadcrumbList\",\"@id\":\"https:\\\/\\\/madame-sensuelle.paris\\\/en\\\/product\\\/c-i-2019000068475\\\/#breadcrumb\",\"itemListElement\":[{\"@type\":\"ListItem\",\"position\":1,\"name\":\"Acceuil\",\"item\":\"https:\\\/\\\/madame-sensuelle.paris\\\/en\\\/home\\\/\"},{\"@type\":\"ListItem\",\"position\":2,\"name\":\"Catalog\",\"item\":\"https:\\\/\\\/madame-sensuelle.paris\\\/en\\\/catalogue\\\/\"},{\"@type\":\"ListItem\",\"position\":3,\"name\":\"Impudique\",\"item\":\"https:\\\/\\\/madame-sensuelle.paris\\\/en\\\/brand\\\/impudique-2\\\/\"},{\"@type\":\"ListItem\",\"position\":4,\"name\":\"Robe en lycra avec dos ouvert Texas &#8211; noir\"}]},{\"@type\":\"WebSite\",\"@id\":\"https:\\\/\\\/madame-sensuelle.paris\\\/en\\\/#website\",\"url\":\"https:\\\/\\\/madame-sensuelle.paris\\\/en\\\/\",\"name\":\"MADAME SENSUELLE\",\"description\":\"MADAME SENSUELLE: Found the biggest exciting brands of chic &amp; SEXY LINGERIE in Paris Boutique and on the WEB: Aubade, Dita Von Teese, Maison Close, Marjolaine, Bluebella, Atelier Amour, Luxxa, Catanzaro, Gracija Rim. You will found the big pleasure of sexy belt or bra make for you\",\"publisher\":{\"@id\":\"https:\\\/\\\/madame-sensuelle.paris\\\/en\\\/#organization\"},\"potentialAction\":[{\"@type\":\"SearchAction\",\"target\":{\"@type\":\"EntryPoint\",\"urlTemplate\":\"https:\\\/\\\/madame-sensuelle.paris\\\/en\\\/?s={search_term_string}\"},\"query-input\":{\"@type\":\"PropertyValueSpecification\",\"valueRequired\":true,\"valueName\":\"search_term_string\"}}],\"inLanguage\":\"en-US\"},{\"@type\":\"Organization\",\"@id\":\"https:\\\/\\\/madame-sensuelle.paris\\\/en\\\/#organization\",\"name\":\"Madame Sensuelle\",\"url\":\"https:\\\/\\\/madame-sensuelle.paris\\\/en\\\/\",\"logo\":{\"@type\":\"ImageObject\",\"inLanguage\":\"en-US\",\"@id\":\"https:\\\/\\\/madame-sensuelle.paris\\\/en\\\/#\\\/schema\\\/logo\\\/image\\\/\",\"url\":\"https:\\\/\\\/madame-sensuelle.paris\\\/wp-content\\\/uploads\\\/2024\\\/12\\\/logo_a-1-1_696.webp\",\"contentUrl\":\"https:\\\/\\\/madame-sensuelle.paris\\\/wp-content\\\/uploads\\\/2024\\\/12\\\/logo_a-1-1_696.webp\",\"width\":696,\"height\":696,\"caption\":\"Madame Sensuelle\"},\"image\":{\"@id\":\"https:\\\/\\\/madame-sensuelle.paris\\\/en\\\/#\\\/schema\\\/logo\\\/image\\\/\"},\"sameAs\":[\"https:\\\/\\\/www.facebook.com\\\/madamesensuelle\",\"https:\\\/\\\/www.instagram.com\\\/madame_sensuelle\\\/\"]}]}<\/script>\n<!-- \/ Yoast SEO plugin. -->","yoast_head_json":{"title":"Robe en lycra avec dos ouvert Texas - noir \u2013 Impudique - Madame Sensuelle","description":"Laissez-vous s\u00e9duire par cette robe et son grand d\u00e9collet\u00e9 sur le dos qui mettra en valeur vos fesses. Texas a un magnifique d\u00e9collet\u00e9 en V avec des petits strass brillants sur ses bordures. La robe est faite en lycra, un tissu extensible tr\u00e8s confortable et facile \u00e0 porter. Elle se ferme gr\u00e2ce \u00e0 des agrafes dans la nuque.","robots":{"index":"index","follow":"follow","max-snippet":"max-snippet:-1","max-image-preview":"max-image-preview:large","max-video-preview":"max-video-preview:-1"},"canonical":"https:\/\/madame-sensuelle.paris\/en\/product\/c-i-2019000068475\/","og_locale":"en_US","og_type":"article","og_title":"Robe en lycra avec dos ouvert Texas - noir \u2013 Impudique - Madame Sensuelle","og_description":"Laissez-vous s\u00e9duire par cette robe et son grand d\u00e9collet\u00e9 sur le dos qui mettra en valeur vos fesses. Texas a un magnifique d\u00e9collet\u00e9 en V avec des petits strass brillants sur ses bordures. La robe est faite en lycra, un tissu extensible tr\u00e8s confortable et facile \u00e0 porter. Elle se ferme gr\u00e2ce \u00e0 des agrafes dans la nuque.","og_url":"https:\/\/madame-sensuelle.paris\/en\/product\/c-i-2019000068475\/","og_site_name":"Madame Sensuelle","article_publisher":"https:\/\/www.facebook.com\/madamesensuelle","article_modified_time":"2026-04-04T17:36:19+00:00","og_image":[{"width":800,"height":1200,"url":"https:\/\/madame-sensuelle.paris\/wp-content\/uploads\/2024\/03\/texas_1.jpg","type":"image\/jpeg"}],"twitter_card":"summary_large_image","twitter_misc":{"Est. reading time":"1 minute"},"schema":{"@context":"https:\/\/schema.org","@graph":[{"@type":"WebPage","@id":"https:\/\/madame-sensuelle.paris\/en\/product\/c-i-2019000068475\/","url":"https:\/\/madame-sensuelle.paris\/en\/product\/c-i-2019000068475\/","name":"Robe en lycra avec dos ouvert Texas - noir \u2013 Impudique - Madame Sensuelle","isPartOf":{"@id":"https:\/\/madame-sensuelle.paris\/en\/#website"},"primaryImageOfPage":{"@id":"https:\/\/madame-sensuelle.paris\/en\/product\/c-i-2019000068475\/#primaryimage"},"image":{"@id":"https:\/\/madame-sensuelle.paris\/en\/product\/c-i-2019000068475\/#primaryimage"},"thumbnailUrl":"https:\/\/madame-sensuelle.paris\/wp-content\/uploads\/2024\/03\/texas_1.jpg","datePublished":"2024-03-25T03:09:12+00:00","dateModified":"2026-04-04T17:36:19+00:00","description":"Laissez-vous s\u00e9duire par cette robe et son grand d\u00e9collet\u00e9 sur le dos qui mettra en valeur vos fesses. Texas a un magnifique d\u00e9collet\u00e9 en V avec des petits strass brillants sur ses bordures. La robe est faite en lycra, un tissu extensible tr\u00e8s confortable et facile \u00e0 porter. Elle se ferme gr\u00e2ce \u00e0 des agrafes dans la nuque.","breadcrumb":{"@id":"https:\/\/madame-sensuelle.paris\/en\/product\/c-i-2019000068475\/#breadcrumb"},"inLanguage":"en-US","potentialAction":[{"@type":"ReadAction","target":["https:\/\/madame-sensuelle.paris\/en\/product\/c-i-2019000068475\/"]}]},{"@type":"ImageObject","inLanguage":"en-US","@id":"https:\/\/madame-sensuelle.paris\/en\/product\/c-i-2019000068475\/#primaryimage","url":"https:\/\/madame-sensuelle.paris\/wp-content\/uploads\/2024\/03\/texas_1.jpg","contentUrl":"https:\/\/madame-sensuelle.paris\/wp-content\/uploads\/2024\/03\/texas_1.jpg","width":800,"height":1200},{"@type":"BreadcrumbList","@id":"https:\/\/madame-sensuelle.paris\/en\/product\/c-i-2019000068475\/#breadcrumb","itemListElement":[{"@type":"ListItem","position":1,"name":"Acceuil","item":"https:\/\/madame-sensuelle.paris\/en\/home\/"},{"@type":"ListItem","position":2,"name":"Catalog","item":"https:\/\/madame-sensuelle.paris\/en\/catalogue\/"},{"@type":"ListItem","position":3,"name":"Impudique","item":"https:\/\/madame-sensuelle.paris\/en\/brand\/impudique-2\/"},{"@type":"ListItem","position":4,"name":"Robe en lycra avec dos ouvert Texas &#8211; noir"}]},{"@type":"WebSite","@id":"https:\/\/madame-sensuelle.paris\/en\/#website","url":"https:\/\/madame-sensuelle.paris\/en\/","name":"MADAME SENSUELLE","description":"MADAME SENSUELLE: Found the biggest exciting brands of chic &amp; SEXY LINGERIE in Paris Boutique and on the WEB: Aubade, Dita Von Teese, Maison Close, Marjolaine, Bluebella, Atelier Amour, Luxxa, Catanzaro, Gracija Rim. You will found the big pleasure of sexy belt or bra make for you","publisher":{"@id":"https:\/\/madame-sensuelle.paris\/en\/#organization"},"potentialAction":[{"@type":"SearchAction","target":{"@type":"EntryPoint","urlTemplate":"https:\/\/madame-sensuelle.paris\/en\/?s={search_term_string}"},"query-input":{"@type":"PropertyValueSpecification","valueRequired":true,"valueName":"search_term_string"}}],"inLanguage":"en-US"},{"@type":"Organization","@id":"https:\/\/madame-sensuelle.paris\/en\/#organization","name":"Madame Sensuelle","url":"https:\/\/madame-sensuelle.paris\/en\/","logo":{"@type":"ImageObject","inLanguage":"en-US","@id":"https:\/\/madame-sensuelle.paris\/en\/#\/schema\/logo\/image\/","url":"https:\/\/madame-sensuelle.paris\/wp-content\/uploads\/2024\/12\/logo_a-1-1_696.webp","contentUrl":"https:\/\/madame-sensuelle.paris\/wp-content\/uploads\/2024\/12\/logo_a-1-1_696.webp","width":696,"height":696,"caption":"Madame Sensuelle"},"image":{"@id":"https:\/\/madame-sensuelle.paris\/en\/#\/schema\/logo\/image\/"},"sameAs":["https:\/\/www.facebook.com\/madamesensuelle","https:\/\/www.instagram.com\/madame_sensuelle\/"]}]}},"brands":[{"id":3602,"name":"Impudique","slug":"impudique-2"}],"_links":{"self":[{"href":"https:\/\/madame-sensuelle.paris\/en\/wp-json\/wp\/v2\/product\/75374","targetHints":{"allow":["GET"]}}],"collection":[{"href":"https:\/\/madame-sensuelle.paris\/en\/wp-json\/wp\/v2\/product"}],"about":[{"href":"https:\/\/madame-sensuelle.paris\/en\/wp-json\/wp\/v2\/types\/product"}],"version-history":[{"count":1,"href":"https:\/\/madame-sensuelle.paris\/en\/wp-json\/wp\/v2\/product\/75374\/revisions"}],"predecessor-version":[{"id":109200,"href":"https:\/\/madame-sensuelle.paris\/en\/wp-json\/wp\/v2\/product\/75374\/revisions\/109200"}],"wp:featuredmedia":[{"embeddable":true,"href":"https:\/\/madame-sensuelle.paris\/en\/wp-json\/wp\/v2\/media\/84636"}],"wp:attachment":[{"href":"https:\/\/madame-sensuelle.paris\/en\/wp-json\/wp\/v2\/media?parent=75374"}],"wp:term":[{"taxonomy":"pwb-brand","embeddable":true,"href":"https:\/\/madame-sensuelle.paris\/en\/wp-json\/wp\/v2\/pwb-brand?post=75374"},{"taxonomy":"product_brand","embeddable":true,"href":"https:\/\/madame-sensuelle.paris\/en\/wp-json\/wp\/v2\/product_brand?post=75374"},{"taxonomy":"product_cat","embeddable":true,"href":"https:\/\/madame-sensuelle.paris\/en\/wp-json\/wp\/v2\/product_cat?post=75374"},{"taxonomy":"product_tag","embeddable":true,"href":"https:\/\/madame-sensuelle.paris\/en\/wp-json\/wp\/v2\/product_tag?post=75374"},{"taxonomy":"giftcard-category","embeddable":true,"href":"https:\/\/madame-sensuelle.paris\/en\/wp-json\/wp\/v2\/giftcard-category?post=75374"}],"curies":[{"name":"wp","href":"https:\/\/api.w.org\/{rel}","templated":true}]}}