{"id":75443,"date":"2024-03-10T12:44:34","date_gmt":"2024-03-10T12:44:34","guid":{"rendered":"https:\/\/madame-sensuelle.eu\/?post_type=product&#038;p=75443"},"modified":"2026-04-03T20:47:58","modified_gmt":"2026-04-03T20:47:58","slug":"l-3700918123309-s-noir-1","status":"publish","type":"product","link":"https:\/\/madame-sensuelle.paris\/en\/product\/l-3700918123309-s-noir-1\/","title":{"rendered":"Serre-Taille porte-jarretelles avec lacets Capeline  &#8211; noir"},"content":{"rendered":"<p>Ce serre-taille est destin\u00e9 \u00e0 affiner votre silhouette, il est compos\u00e9 par un assemblage de mati\u00e8res. La partie centrale est en dentelle large agr\u00e9mente d\u2019un galon en guipure. Les parties lat\u00e9rales sont en tulle chantilly habill\u00e9 d\u2019un la\u00e7age en zig-zag et la partie dorsale est compos\u00e9e d\u2019un lycra peau d\u2019ange pour une silhouette affin\u00e9e. Le serre-taille est d\u00e9cor\u00e9 d\u2019une fine bande de dentelle sur le bas des c\u00f4t\u00e9s. Un double rang d&#8217;agrafes au dos permettra de fermer votre serre-taille et les six baleines qui le composent feront un galbe irr\u00e9sistible. Il dispose de six fixes bas r\u00e9glables amovibles.<\/p>\n","protected":false},"excerpt":{"rendered":"<p>Ce serre-taille est destin\u00e9 \u00e0 affiner votre silhouette, il est compos\u00e9 par un assemblage de mati\u00e8res. La partie centrale est en dentelle large agr\u00e9mente d\u2019un galon en guipure. Les parties lat\u00e9rales sont en tulle chantilly habill\u00e9 d\u2019un la\u00e7age en zig-zag et la partie dorsale est compos\u00e9e d\u2019un lycra peau d\u2019ange pour une silhouette affin\u00e9e. Le<\/p>\n","protected":false},"featured_media":83328,"template":"","meta":[],"pwb-brand":[3609],"product_brand":[],"product_cat":[3262,3281],"product_tag":[],"giftcard-category":[],"class_list":{"0":"post-75443","1":"product","2":"type-product","3":"status-publish","4":"has-post-thumbnail","6":"pwb-brand-luxxa-2","7":"product_cat-sexy-woman-lingerie","8":"product_cat-garter-belts","9":"pa_collection-capeline","11":"first","12":"outofstock","13":"taxable","14":"shipping-taxable","15":"purchasable","16":"product-type-variable","17":"has-default-attributes"},"yoast_head":"<!-- This site is optimized with the Yoast SEO plugin v27.3 - https:\/\/yoast.com\/product\/yoast-seo-wordpress\/ -->\n<title>Serre-Taille porte-jarretelles avec lacets Capeline - noir \u2013 LUXXA - Madame Sensuelle<\/title>\n<meta name=\"description\" content=\"Le mod\u00e8le Serre-Taille porte-jarretelles avec lacets Capeline - noir sign\u00e9 LUXXA, \u00e0 d\u00e9couvrir chez Madame Sensuelle. Essayage VIP disponible.\" \/>\n<meta name=\"robots\" content=\"index, follow, max-snippet:-1, max-image-preview:large, max-video-preview:-1\" \/>\n<link rel=\"canonical\" href=\"https:\/\/madame-sensuelle.paris\/en\/product\/l-3700918123309-s-noir-1\/\" \/>\n<meta property=\"og:locale\" content=\"en_US\" \/>\n<meta property=\"og:type\" content=\"article\" \/>\n<meta property=\"og:title\" content=\"Serre-Taille porte-jarretelles avec lacets Capeline - noir \u2013 LUXXA - Madame Sensuelle\" \/>\n<meta property=\"og:description\" content=\"Le mod\u00e8le Serre-Taille porte-jarretelles avec lacets Capeline - noir sign\u00e9 LUXXA, \u00e0 d\u00e9couvrir chez Madame Sensuelle. Essayage VIP disponible.\" \/>\n<meta property=\"og:url\" content=\"https:\/\/madame-sensuelle.paris\/en\/product\/l-3700918123309-s-noir-1\/\" \/>\n<meta property=\"og:site_name\" content=\"Madame Sensuelle\" \/>\n<meta property=\"article:publisher\" content=\"https:\/\/www.facebook.com\/madamesensuelle\" \/>\n<meta property=\"article:modified_time\" content=\"2026-04-03T20:47:58+00:00\" \/>\n<meta property=\"og:image\" content=\"https:\/\/madame-sensuelle.paris\/wp-content\/uploads\/2024\/03\/st_cap1_1.jpg\" \/>\n\t<meta property=\"og:image:width\" content=\"800\" \/>\n\t<meta property=\"og:image:height\" content=\"1200\" \/>\n\t<meta property=\"og:image:type\" content=\"image\/jpeg\" \/>\n<meta name=\"twitter:card\" content=\"summary_large_image\" \/>\n<meta name=\"twitter:label1\" content=\"Est. reading time\" \/>\n\t<meta name=\"twitter:data1\" content=\"2 minutes\" \/>\n<script type=\"application\/ld+json\" class=\"yoast-schema-graph\">{\"@context\":\"https:\\\/\\\/schema.org\",\"@graph\":[{\"@type\":\"WebPage\",\"@id\":\"https:\\\/\\\/madame-sensuelle.paris\\\/en\\\/product\\\/l-3700918123309-s-noir-1\\\/\",\"url\":\"https:\\\/\\\/madame-sensuelle.paris\\\/en\\\/product\\\/l-3700918123309-s-noir-1\\\/\",\"name\":\"Serre-Taille porte-jarretelles avec lacets Capeline - noir \u2013 LUXXA - Madame Sensuelle\",\"isPartOf\":{\"@id\":\"https:\\\/\\\/madame-sensuelle.paris\\\/en\\\/#website\"},\"primaryImageOfPage\":{\"@id\":\"https:\\\/\\\/madame-sensuelle.paris\\\/en\\\/product\\\/l-3700918123309-s-noir-1\\\/#primaryimage\"},\"image\":{\"@id\":\"https:\\\/\\\/madame-sensuelle.paris\\\/en\\\/product\\\/l-3700918123309-s-noir-1\\\/#primaryimage\"},\"thumbnailUrl\":\"https:\\\/\\\/madame-sensuelle.paris\\\/wp-content\\\/uploads\\\/2024\\\/03\\\/st_cap1_1.jpg\",\"datePublished\":\"2024-03-10T12:44:34+00:00\",\"dateModified\":\"2026-04-03T20:47:58+00:00\",\"description\":\"Le mod\u00e8le Serre-Taille porte-jarretelles avec lacets Capeline - noir sign\u00e9 LUXXA, \u00e0 d\u00e9couvrir chez Madame Sensuelle. Essayage VIP disponible.\",\"breadcrumb\":{\"@id\":\"https:\\\/\\\/madame-sensuelle.paris\\\/en\\\/product\\\/l-3700918123309-s-noir-1\\\/#breadcrumb\"},\"inLanguage\":\"en-US\",\"potentialAction\":[{\"@type\":\"ReadAction\",\"target\":[\"https:\\\/\\\/madame-sensuelle.paris\\\/en\\\/product\\\/l-3700918123309-s-noir-1\\\/\"]}]},{\"@type\":\"ImageObject\",\"inLanguage\":\"en-US\",\"@id\":\"https:\\\/\\\/madame-sensuelle.paris\\\/en\\\/product\\\/l-3700918123309-s-noir-1\\\/#primaryimage\",\"url\":\"https:\\\/\\\/madame-sensuelle.paris\\\/wp-content\\\/uploads\\\/2024\\\/03\\\/st_cap1_1.jpg\",\"contentUrl\":\"https:\\\/\\\/madame-sensuelle.paris\\\/wp-content\\\/uploads\\\/2024\\\/03\\\/st_cap1_1.jpg\",\"width\":800,\"height\":1200},{\"@type\":\"BreadcrumbList\",\"@id\":\"https:\\\/\\\/madame-sensuelle.paris\\\/en\\\/product\\\/l-3700918123309-s-noir-1\\\/#breadcrumb\",\"itemListElement\":[{\"@type\":\"ListItem\",\"position\":1,\"name\":\"Acceuil\",\"item\":\"https:\\\/\\\/madame-sensuelle.paris\\\/en\\\/home\\\/\"},{\"@type\":\"ListItem\",\"position\":2,\"name\":\"Catalog\",\"item\":\"https:\\\/\\\/madame-sensuelle.paris\\\/en\\\/catalogue\\\/\"},{\"@type\":\"ListItem\",\"position\":3,\"name\":\"LUXXA\",\"item\":\"https:\\\/\\\/madame-sensuelle.paris\\\/en\\\/brand\\\/luxxa-2\\\/\"},{\"@type\":\"ListItem\",\"position\":4,\"name\":\"Serre-Taille porte-jarretelles avec lacets Capeline &#8211; noir\"}]},{\"@type\":\"WebSite\",\"@id\":\"https:\\\/\\\/madame-sensuelle.paris\\\/en\\\/#website\",\"url\":\"https:\\\/\\\/madame-sensuelle.paris\\\/en\\\/\",\"name\":\"MADAME SENSUELLE\",\"description\":\"MADAME SENSUELLE: Found the biggest exciting brands of chic &amp; SEXY LINGERIE in Paris Boutique and on the WEB: Aubade, Dita Von Teese, Maison Close, Marjolaine, Bluebella, Atelier Amour, Luxxa, Catanzaro, Gracija Rim. You will found the big pleasure of sexy belt or bra make for you\",\"publisher\":{\"@id\":\"https:\\\/\\\/madame-sensuelle.paris\\\/en\\\/#organization\"},\"potentialAction\":[{\"@type\":\"SearchAction\",\"target\":{\"@type\":\"EntryPoint\",\"urlTemplate\":\"https:\\\/\\\/madame-sensuelle.paris\\\/en\\\/?s={search_term_string}\"},\"query-input\":{\"@type\":\"PropertyValueSpecification\",\"valueRequired\":true,\"valueName\":\"search_term_string\"}}],\"inLanguage\":\"en-US\"},{\"@type\":\"Organization\",\"@id\":\"https:\\\/\\\/madame-sensuelle.paris\\\/en\\\/#organization\",\"name\":\"Madame Sensuelle\",\"url\":\"https:\\\/\\\/madame-sensuelle.paris\\\/en\\\/\",\"logo\":{\"@type\":\"ImageObject\",\"inLanguage\":\"en-US\",\"@id\":\"https:\\\/\\\/madame-sensuelle.paris\\\/en\\\/#\\\/schema\\\/logo\\\/image\\\/\",\"url\":\"https:\\\/\\\/madame-sensuelle.paris\\\/wp-content\\\/uploads\\\/2024\\\/12\\\/logo_a-1-1_696.webp\",\"contentUrl\":\"https:\\\/\\\/madame-sensuelle.paris\\\/wp-content\\\/uploads\\\/2024\\\/12\\\/logo_a-1-1_696.webp\",\"width\":696,\"height\":696,\"caption\":\"Madame Sensuelle\"},\"image\":{\"@id\":\"https:\\\/\\\/madame-sensuelle.paris\\\/en\\\/#\\\/schema\\\/logo\\\/image\\\/\"},\"sameAs\":[\"https:\\\/\\\/www.facebook.com\\\/madamesensuelle\",\"https:\\\/\\\/www.instagram.com\\\/madame_sensuelle\\\/\"]}]}<\/script>\n<!-- \/ Yoast SEO plugin. -->","yoast_head_json":{"title":"Serre-Taille porte-jarretelles avec lacets Capeline - noir \u2013 LUXXA - Madame Sensuelle","description":"Le mod\u00e8le Serre-Taille porte-jarretelles avec lacets Capeline - noir sign\u00e9 LUXXA, \u00e0 d\u00e9couvrir chez Madame Sensuelle. Essayage VIP disponible.","robots":{"index":"index","follow":"follow","max-snippet":"max-snippet:-1","max-image-preview":"max-image-preview:large","max-video-preview":"max-video-preview:-1"},"canonical":"https:\/\/madame-sensuelle.paris\/en\/product\/l-3700918123309-s-noir-1\/","og_locale":"en_US","og_type":"article","og_title":"Serre-Taille porte-jarretelles avec lacets Capeline - noir \u2013 LUXXA - Madame Sensuelle","og_description":"Le mod\u00e8le Serre-Taille porte-jarretelles avec lacets Capeline - noir sign\u00e9 LUXXA, \u00e0 d\u00e9couvrir chez Madame Sensuelle. Essayage VIP disponible.","og_url":"https:\/\/madame-sensuelle.paris\/en\/product\/l-3700918123309-s-noir-1\/","og_site_name":"Madame Sensuelle","article_publisher":"https:\/\/www.facebook.com\/madamesensuelle","article_modified_time":"2026-04-03T20:47:58+00:00","og_image":[{"width":800,"height":1200,"url":"https:\/\/madame-sensuelle.paris\/wp-content\/uploads\/2024\/03\/st_cap1_1.jpg","type":"image\/jpeg"}],"twitter_card":"summary_large_image","twitter_misc":{"Est. reading time":"2 minutes"},"schema":{"@context":"https:\/\/schema.org","@graph":[{"@type":"WebPage","@id":"https:\/\/madame-sensuelle.paris\/en\/product\/l-3700918123309-s-noir-1\/","url":"https:\/\/madame-sensuelle.paris\/en\/product\/l-3700918123309-s-noir-1\/","name":"Serre-Taille porte-jarretelles avec lacets Capeline - noir \u2013 LUXXA - Madame Sensuelle","isPartOf":{"@id":"https:\/\/madame-sensuelle.paris\/en\/#website"},"primaryImageOfPage":{"@id":"https:\/\/madame-sensuelle.paris\/en\/product\/l-3700918123309-s-noir-1\/#primaryimage"},"image":{"@id":"https:\/\/madame-sensuelle.paris\/en\/product\/l-3700918123309-s-noir-1\/#primaryimage"},"thumbnailUrl":"https:\/\/madame-sensuelle.paris\/wp-content\/uploads\/2024\/03\/st_cap1_1.jpg","datePublished":"2024-03-10T12:44:34+00:00","dateModified":"2026-04-03T20:47:58+00:00","description":"Le mod\u00e8le Serre-Taille porte-jarretelles avec lacets Capeline - noir sign\u00e9 LUXXA, \u00e0 d\u00e9couvrir chez Madame Sensuelle. Essayage VIP disponible.","breadcrumb":{"@id":"https:\/\/madame-sensuelle.paris\/en\/product\/l-3700918123309-s-noir-1\/#breadcrumb"},"inLanguage":"en-US","potentialAction":[{"@type":"ReadAction","target":["https:\/\/madame-sensuelle.paris\/en\/product\/l-3700918123309-s-noir-1\/"]}]},{"@type":"ImageObject","inLanguage":"en-US","@id":"https:\/\/madame-sensuelle.paris\/en\/product\/l-3700918123309-s-noir-1\/#primaryimage","url":"https:\/\/madame-sensuelle.paris\/wp-content\/uploads\/2024\/03\/st_cap1_1.jpg","contentUrl":"https:\/\/madame-sensuelle.paris\/wp-content\/uploads\/2024\/03\/st_cap1_1.jpg","width":800,"height":1200},{"@type":"BreadcrumbList","@id":"https:\/\/madame-sensuelle.paris\/en\/product\/l-3700918123309-s-noir-1\/#breadcrumb","itemListElement":[{"@type":"ListItem","position":1,"name":"Acceuil","item":"https:\/\/madame-sensuelle.paris\/en\/home\/"},{"@type":"ListItem","position":2,"name":"Catalog","item":"https:\/\/madame-sensuelle.paris\/en\/catalogue\/"},{"@type":"ListItem","position":3,"name":"LUXXA","item":"https:\/\/madame-sensuelle.paris\/en\/brand\/luxxa-2\/"},{"@type":"ListItem","position":4,"name":"Serre-Taille porte-jarretelles avec lacets Capeline &#8211; noir"}]},{"@type":"WebSite","@id":"https:\/\/madame-sensuelle.paris\/en\/#website","url":"https:\/\/madame-sensuelle.paris\/en\/","name":"MADAME SENSUELLE","description":"MADAME SENSUELLE: Found the biggest exciting brands of chic &amp; SEXY LINGERIE in Paris Boutique and on the WEB: Aubade, Dita Von Teese, Maison Close, Marjolaine, Bluebella, Atelier Amour, Luxxa, Catanzaro, Gracija Rim. You will found the big pleasure of sexy belt or bra make for you","publisher":{"@id":"https:\/\/madame-sensuelle.paris\/en\/#organization"},"potentialAction":[{"@type":"SearchAction","target":{"@type":"EntryPoint","urlTemplate":"https:\/\/madame-sensuelle.paris\/en\/?s={search_term_string}"},"query-input":{"@type":"PropertyValueSpecification","valueRequired":true,"valueName":"search_term_string"}}],"inLanguage":"en-US"},{"@type":"Organization","@id":"https:\/\/madame-sensuelle.paris\/en\/#organization","name":"Madame Sensuelle","url":"https:\/\/madame-sensuelle.paris\/en\/","logo":{"@type":"ImageObject","inLanguage":"en-US","@id":"https:\/\/madame-sensuelle.paris\/en\/#\/schema\/logo\/image\/","url":"https:\/\/madame-sensuelle.paris\/wp-content\/uploads\/2024\/12\/logo_a-1-1_696.webp","contentUrl":"https:\/\/madame-sensuelle.paris\/wp-content\/uploads\/2024\/12\/logo_a-1-1_696.webp","width":696,"height":696,"caption":"Madame Sensuelle"},"image":{"@id":"https:\/\/madame-sensuelle.paris\/en\/#\/schema\/logo\/image\/"},"sameAs":["https:\/\/www.facebook.com\/madamesensuelle","https:\/\/www.instagram.com\/madame_sensuelle\/"]}]}},"brands":[{"id":3609,"name":"LUXXA","slug":"luxxa-2"}],"_links":{"self":[{"href":"https:\/\/madame-sensuelle.paris\/en\/wp-json\/wp\/v2\/product\/75443","targetHints":{"allow":["GET"]}}],"collection":[{"href":"https:\/\/madame-sensuelle.paris\/en\/wp-json\/wp\/v2\/product"}],"about":[{"href":"https:\/\/madame-sensuelle.paris\/en\/wp-json\/wp\/v2\/types\/product"}],"version-history":[{"count":1,"href":"https:\/\/madame-sensuelle.paris\/en\/wp-json\/wp\/v2\/product\/75443\/revisions"}],"predecessor-version":[{"id":107866,"href":"https:\/\/madame-sensuelle.paris\/en\/wp-json\/wp\/v2\/product\/75443\/revisions\/107866"}],"wp:featuredmedia":[{"embeddable":true,"href":"https:\/\/madame-sensuelle.paris\/en\/wp-json\/wp\/v2\/media\/83328"}],"wp:attachment":[{"href":"https:\/\/madame-sensuelle.paris\/en\/wp-json\/wp\/v2\/media?parent=75443"}],"wp:term":[{"taxonomy":"pwb-brand","embeddable":true,"href":"https:\/\/madame-sensuelle.paris\/en\/wp-json\/wp\/v2\/pwb-brand?post=75443"},{"taxonomy":"product_brand","embeddable":true,"href":"https:\/\/madame-sensuelle.paris\/en\/wp-json\/wp\/v2\/product_brand?post=75443"},{"taxonomy":"product_cat","embeddable":true,"href":"https:\/\/madame-sensuelle.paris\/en\/wp-json\/wp\/v2\/product_cat?post=75443"},{"taxonomy":"product_tag","embeddable":true,"href":"https:\/\/madame-sensuelle.paris\/en\/wp-json\/wp\/v2\/product_tag?post=75443"},{"taxonomy":"giftcard-category","embeddable":true,"href":"https:\/\/madame-sensuelle.paris\/en\/wp-json\/wp\/v2\/giftcard-category?post=75443"}],"curies":[{"name":"wp","href":"https:\/\/api.w.org\/{rel}","templated":true}]}}