{"id":76042,"date":"2024-03-10T12:46:56","date_gmt":"2024-03-10T12:46:56","guid":{"rendered":"https:\/\/madame-sensuelle.eu\/?post_type=product&#038;p=76042"},"modified":"2026-03-28T03:21:17","modified_gmt":"2026-03-28T03:21:17","slug":"b-2019000034616-xss-blanc-1","status":"publish","type":"product","link":"https:\/\/madame-sensuelle.paris\/en\/product\/b-2019000034616-xss-blanc-1\/","title":{"rendered":"L&#8217;ensemble Mari\u00e9e elfique"},"content":{"rendered":"<p><span dir=\"auto\" style=\"vertical-align: inherit;\"><span dir=\"auto\" style=\"vertical-align: inherit;\">L&#8217;ensemble Mari\u00e9e elfique<\/span><\/span><\/p>\n","protected":false},"excerpt":{"rendered":"<p>L&#8217;ensemble Mari\u00e9e elfique<\/p>\n","protected":false},"featured_media":110248,"template":"","meta":[],"pwb-brand":[],"product_brand":[],"product_cat":[15],"product_tag":[],"giftcard-category":[],"class_list":{"0":"post-76042","1":"product","2":"type-product","3":"status-publish","4":"has-post-thumbnail","6":"product_cat-uncategorized","8":"first","9":"instock","10":"taxable","11":"shipping-taxable","12":"product-type-external"},"yoast_head":"<!-- This site is optimized with the Yoast SEO plugin v27.3 - https:\/\/yoast.com\/product\/yoast-seo-wordpress\/ -->\n<title>L&#039;ensemble Mari\u00e9e elfique \u2013 - Madame Sensuelle<\/title>\n<meta name=\"description\" content=\"Ensemble mari\u00e9e elfique en dentelle. Le set comprend un soutien gorge a armature en dentelle avec des perles, une culotte l\u00e9g\u00e8rement ouverte avec des perles nacr\u00e9 a l&#039;entrejambe, un porte jarretelle toujours avec des d\u00e9tails en perles et une longue cape transparente avec de la dentelle pour plus d&#039;\u00e9l\u00e9gance. Cet ensemble est tr\u00e8s sophistiqu\u00e9, les tissus utiliser permet d&#039;\u00e9pousez parfaitement vos courbe. Sentez vous belle et s\u00e9duisante !\" \/>\n<meta name=\"robots\" content=\"index, follow, max-snippet:-1, max-image-preview:large, max-video-preview:-1\" \/>\n<link rel=\"canonical\" href=\"https:\/\/madame-sensuelle.paris\/en\/product\/b-2019000034616-xss-blanc-1\/\" \/>\n<meta property=\"og:locale\" content=\"en_US\" \/>\n<meta property=\"og:type\" content=\"article\" \/>\n<meta property=\"og:title\" content=\"L&#039;ensemble Mari\u00e9e elfique \u2013 - Madame Sensuelle\" \/>\n<meta property=\"og:description\" content=\"Ensemble mari\u00e9e elfique en dentelle. Le set comprend un soutien gorge a armature en dentelle avec des perles, une culotte l\u00e9g\u00e8rement ouverte avec des perles nacr\u00e9 a l&#039;entrejambe, un porte jarretelle toujours avec des d\u00e9tails en perles et une longue cape transparente avec de la dentelle pour plus d&#039;\u00e9l\u00e9gance. Cet ensemble est tr\u00e8s sophistiqu\u00e9, les tissus utiliser permet d&#039;\u00e9pousez parfaitement vos courbe. Sentez vous belle et s\u00e9duisante !\" \/>\n<meta property=\"og:url\" content=\"https:\/\/madame-sensuelle.paris\/en\/product\/b-2019000034616-xss-blanc-1\/\" \/>\n<meta property=\"og:site_name\" content=\"Madame Sensuelle\" \/>\n<meta property=\"article:publisher\" content=\"https:\/\/www.facebook.com\/madamesensuelle\" \/>\n<meta property=\"article:modified_time\" content=\"2026-03-28T03:21:17+00:00\" \/>\n<meta property=\"og:image\" content=\"http:\/\/madame-sensuelle.paris\/wp-content\/uploads\/2024\/10\/XSHD1TJ61030.jpg\" \/>\n\t<meta property=\"og:image:width\" content=\"1334\" \/>\n\t<meta property=\"og:image:height\" content=\"2001\" \/>\n\t<meta property=\"og:image:type\" content=\"image\/jpeg\" \/>\n<meta name=\"twitter:card\" content=\"summary_large_image\" \/>\n<meta name=\"twitter:label1\" content=\"Est. reading time\" \/>\n\t<meta name=\"twitter:data1\" content=\"1 minute\" \/>\n<script type=\"application\/ld+json\" class=\"yoast-schema-graph\">{\"@context\":\"https:\\\/\\\/schema.org\",\"@graph\":[{\"@type\":\"WebPage\",\"@id\":\"https:\\\/\\\/madame-sensuelle.paris\\\/en\\\/product\\\/b-2019000034616-xss-blanc-1\\\/\",\"url\":\"https:\\\/\\\/madame-sensuelle.paris\\\/en\\\/product\\\/b-2019000034616-xss-blanc-1\\\/\",\"name\":\"L'ensemble Mari\u00e9e elfique \u2013 - Madame Sensuelle\",\"isPartOf\":{\"@id\":\"https:\\\/\\\/madame-sensuelle.paris\\\/en\\\/#website\"},\"primaryImageOfPage\":{\"@id\":\"https:\\\/\\\/madame-sensuelle.paris\\\/en\\\/product\\\/b-2019000034616-xss-blanc-1\\\/#primaryimage\"},\"image\":{\"@id\":\"https:\\\/\\\/madame-sensuelle.paris\\\/en\\\/product\\\/b-2019000034616-xss-blanc-1\\\/#primaryimage\"},\"thumbnailUrl\":\"https:\\\/\\\/madame-sensuelle.paris\\\/wp-content\\\/uploads\\\/2024\\\/10\\\/XSHD1TJ61030.jpg\",\"datePublished\":\"2024-03-10T12:46:56+00:00\",\"dateModified\":\"2026-03-28T03:21:17+00:00\",\"description\":\"Ensemble mari\u00e9e elfique en dentelle. Le set comprend un soutien gorge a armature en dentelle avec des perles, une culotte l\u00e9g\u00e8rement ouverte avec des perles nacr\u00e9 a l'entrejambe, un porte jarretelle toujours avec des d\u00e9tails en perles et une longue cape transparente avec de la dentelle pour plus d'\u00e9l\u00e9gance. Cet ensemble est tr\u00e8s sophistiqu\u00e9, les tissus utiliser permet d'\u00e9pousez parfaitement vos courbe. Sentez vous belle et s\u00e9duisante !\",\"breadcrumb\":{\"@id\":\"https:\\\/\\\/madame-sensuelle.paris\\\/en\\\/product\\\/b-2019000034616-xss-blanc-1\\\/#breadcrumb\"},\"inLanguage\":\"en-US\",\"potentialAction\":[{\"@type\":\"ReadAction\",\"target\":[\"https:\\\/\\\/madame-sensuelle.paris\\\/en\\\/product\\\/b-2019000034616-xss-blanc-1\\\/\"]}]},{\"@type\":\"ImageObject\",\"inLanguage\":\"en-US\",\"@id\":\"https:\\\/\\\/madame-sensuelle.paris\\\/en\\\/product\\\/b-2019000034616-xss-blanc-1\\\/#primaryimage\",\"url\":\"https:\\\/\\\/madame-sensuelle.paris\\\/wp-content\\\/uploads\\\/2024\\\/10\\\/XSHD1TJ61030.jpg\",\"contentUrl\":\"https:\\\/\\\/madame-sensuelle.paris\\\/wp-content\\\/uploads\\\/2024\\\/10\\\/XSHD1TJ61030.jpg\",\"width\":1334,\"height\":2001},{\"@type\":\"BreadcrumbList\",\"@id\":\"https:\\\/\\\/madame-sensuelle.paris\\\/en\\\/product\\\/b-2019000034616-xss-blanc-1\\\/#breadcrumb\",\"itemListElement\":[{\"@type\":\"ListItem\",\"position\":1,\"name\":\"Acceuil\",\"item\":\"https:\\\/\\\/madame-sensuelle.paris\\\/en\\\/home\\\/\"},{\"@type\":\"ListItem\",\"position\":2,\"name\":\"Catalog\",\"item\":\"https:\\\/\\\/madame-sensuelle.paris\\\/en\\\/catalogue\\\/\"},{\"@type\":\"ListItem\",\"position\":3,\"name\":\"L&#8217;ensemble Mari\u00e9e elfique\"}]},{\"@type\":\"WebSite\",\"@id\":\"https:\\\/\\\/madame-sensuelle.paris\\\/en\\\/#website\",\"url\":\"https:\\\/\\\/madame-sensuelle.paris\\\/en\\\/\",\"name\":\"MADAME SENSUELLE\",\"description\":\"MADAME SENSUELLE: Found the biggest exciting brands of chic &amp; SEXY LINGERIE in Paris Boutique and on the WEB: Aubade, Dita Von Teese, Maison Close, Marjolaine, Bluebella, Atelier Amour, Luxxa, Catanzaro, Gracija Rim. You will found the big pleasure of sexy belt or bra make for you\",\"publisher\":{\"@id\":\"https:\\\/\\\/madame-sensuelle.paris\\\/en\\\/#organization\"},\"potentialAction\":[{\"@type\":\"SearchAction\",\"target\":{\"@type\":\"EntryPoint\",\"urlTemplate\":\"https:\\\/\\\/madame-sensuelle.paris\\\/en\\\/?s={search_term_string}\"},\"query-input\":{\"@type\":\"PropertyValueSpecification\",\"valueRequired\":true,\"valueName\":\"search_term_string\"}}],\"inLanguage\":\"en-US\"},{\"@type\":\"Organization\",\"@id\":\"https:\\\/\\\/madame-sensuelle.paris\\\/en\\\/#organization\",\"name\":\"Madame Sensuelle\",\"url\":\"https:\\\/\\\/madame-sensuelle.paris\\\/en\\\/\",\"logo\":{\"@type\":\"ImageObject\",\"inLanguage\":\"en-US\",\"@id\":\"https:\\\/\\\/madame-sensuelle.paris\\\/en\\\/#\\\/schema\\\/logo\\\/image\\\/\",\"url\":\"https:\\\/\\\/madame-sensuelle.paris\\\/wp-content\\\/uploads\\\/2024\\\/12\\\/logo_a-1-1_696.webp\",\"contentUrl\":\"https:\\\/\\\/madame-sensuelle.paris\\\/wp-content\\\/uploads\\\/2024\\\/12\\\/logo_a-1-1_696.webp\",\"width\":696,\"height\":696,\"caption\":\"Madame Sensuelle\"},\"image\":{\"@id\":\"https:\\\/\\\/madame-sensuelle.paris\\\/en\\\/#\\\/schema\\\/logo\\\/image\\\/\"},\"sameAs\":[\"https:\\\/\\\/www.facebook.com\\\/madamesensuelle\",\"https:\\\/\\\/www.instagram.com\\\/madame_sensuelle\\\/\"]}]}<\/script>\n<!-- \/ Yoast SEO plugin. -->","yoast_head_json":{"title":"L'ensemble Mari\u00e9e elfique \u2013 - Madame Sensuelle","description":"Ensemble mari\u00e9e elfique en dentelle. Le set comprend un soutien gorge a armature en dentelle avec des perles, une culotte l\u00e9g\u00e8rement ouverte avec des perles nacr\u00e9 a l'entrejambe, un porte jarretelle toujours avec des d\u00e9tails en perles et une longue cape transparente avec de la dentelle pour plus d'\u00e9l\u00e9gance. Cet ensemble est tr\u00e8s sophistiqu\u00e9, les tissus utiliser permet d'\u00e9pousez parfaitement vos courbe. Sentez vous belle et s\u00e9duisante !","robots":{"index":"index","follow":"follow","max-snippet":"max-snippet:-1","max-image-preview":"max-image-preview:large","max-video-preview":"max-video-preview:-1"},"canonical":"https:\/\/madame-sensuelle.paris\/en\/product\/b-2019000034616-xss-blanc-1\/","og_locale":"en_US","og_type":"article","og_title":"L'ensemble Mari\u00e9e elfique \u2013 - Madame Sensuelle","og_description":"Ensemble mari\u00e9e elfique en dentelle. Le set comprend un soutien gorge a armature en dentelle avec des perles, une culotte l\u00e9g\u00e8rement ouverte avec des perles nacr\u00e9 a l'entrejambe, un porte jarretelle toujours avec des d\u00e9tails en perles et une longue cape transparente avec de la dentelle pour plus d'\u00e9l\u00e9gance. Cet ensemble est tr\u00e8s sophistiqu\u00e9, les tissus utiliser permet d'\u00e9pousez parfaitement vos courbe. Sentez vous belle et s\u00e9duisante !","og_url":"https:\/\/madame-sensuelle.paris\/en\/product\/b-2019000034616-xss-blanc-1\/","og_site_name":"Madame Sensuelle","article_publisher":"https:\/\/www.facebook.com\/madamesensuelle","article_modified_time":"2026-03-28T03:21:17+00:00","og_image":[{"width":1334,"height":2001,"url":"http:\/\/madame-sensuelle.paris\/wp-content\/uploads\/2024\/10\/XSHD1TJ61030.jpg","type":"image\/jpeg"}],"twitter_card":"summary_large_image","twitter_misc":{"Est. reading time":"1 minute"},"schema":{"@context":"https:\/\/schema.org","@graph":[{"@type":"WebPage","@id":"https:\/\/madame-sensuelle.paris\/en\/product\/b-2019000034616-xss-blanc-1\/","url":"https:\/\/madame-sensuelle.paris\/en\/product\/b-2019000034616-xss-blanc-1\/","name":"L'ensemble Mari\u00e9e elfique \u2013 - Madame Sensuelle","isPartOf":{"@id":"https:\/\/madame-sensuelle.paris\/en\/#website"},"primaryImageOfPage":{"@id":"https:\/\/madame-sensuelle.paris\/en\/product\/b-2019000034616-xss-blanc-1\/#primaryimage"},"image":{"@id":"https:\/\/madame-sensuelle.paris\/en\/product\/b-2019000034616-xss-blanc-1\/#primaryimage"},"thumbnailUrl":"https:\/\/madame-sensuelle.paris\/wp-content\/uploads\/2024\/10\/XSHD1TJ61030.jpg","datePublished":"2024-03-10T12:46:56+00:00","dateModified":"2026-03-28T03:21:17+00:00","description":"Ensemble mari\u00e9e elfique en dentelle. Le set comprend un soutien gorge a armature en dentelle avec des perles, une culotte l\u00e9g\u00e8rement ouverte avec des perles nacr\u00e9 a l'entrejambe, un porte jarretelle toujours avec des d\u00e9tails en perles et une longue cape transparente avec de la dentelle pour plus d'\u00e9l\u00e9gance. Cet ensemble est tr\u00e8s sophistiqu\u00e9, les tissus utiliser permet d'\u00e9pousez parfaitement vos courbe. Sentez vous belle et s\u00e9duisante !","breadcrumb":{"@id":"https:\/\/madame-sensuelle.paris\/en\/product\/b-2019000034616-xss-blanc-1\/#breadcrumb"},"inLanguage":"en-US","potentialAction":[{"@type":"ReadAction","target":["https:\/\/madame-sensuelle.paris\/en\/product\/b-2019000034616-xss-blanc-1\/"]}]},{"@type":"ImageObject","inLanguage":"en-US","@id":"https:\/\/madame-sensuelle.paris\/en\/product\/b-2019000034616-xss-blanc-1\/#primaryimage","url":"https:\/\/madame-sensuelle.paris\/wp-content\/uploads\/2024\/10\/XSHD1TJ61030.jpg","contentUrl":"https:\/\/madame-sensuelle.paris\/wp-content\/uploads\/2024\/10\/XSHD1TJ61030.jpg","width":1334,"height":2001},{"@type":"BreadcrumbList","@id":"https:\/\/madame-sensuelle.paris\/en\/product\/b-2019000034616-xss-blanc-1\/#breadcrumb","itemListElement":[{"@type":"ListItem","position":1,"name":"Acceuil","item":"https:\/\/madame-sensuelle.paris\/en\/home\/"},{"@type":"ListItem","position":2,"name":"Catalog","item":"https:\/\/madame-sensuelle.paris\/en\/catalogue\/"},{"@type":"ListItem","position":3,"name":"L&#8217;ensemble Mari\u00e9e elfique"}]},{"@type":"WebSite","@id":"https:\/\/madame-sensuelle.paris\/en\/#website","url":"https:\/\/madame-sensuelle.paris\/en\/","name":"MADAME SENSUELLE","description":"MADAME SENSUELLE: Found the biggest exciting brands of chic &amp; SEXY LINGERIE in Paris Boutique and on the WEB: Aubade, Dita Von Teese, Maison Close, Marjolaine, Bluebella, Atelier Amour, Luxxa, Catanzaro, Gracija Rim. You will found the big pleasure of sexy belt or bra make for you","publisher":{"@id":"https:\/\/madame-sensuelle.paris\/en\/#organization"},"potentialAction":[{"@type":"SearchAction","target":{"@type":"EntryPoint","urlTemplate":"https:\/\/madame-sensuelle.paris\/en\/?s={search_term_string}"},"query-input":{"@type":"PropertyValueSpecification","valueRequired":true,"valueName":"search_term_string"}}],"inLanguage":"en-US"},{"@type":"Organization","@id":"https:\/\/madame-sensuelle.paris\/en\/#organization","name":"Madame Sensuelle","url":"https:\/\/madame-sensuelle.paris\/en\/","logo":{"@type":"ImageObject","inLanguage":"en-US","@id":"https:\/\/madame-sensuelle.paris\/en\/#\/schema\/logo\/image\/","url":"https:\/\/madame-sensuelle.paris\/wp-content\/uploads\/2024\/12\/logo_a-1-1_696.webp","contentUrl":"https:\/\/madame-sensuelle.paris\/wp-content\/uploads\/2024\/12\/logo_a-1-1_696.webp","width":696,"height":696,"caption":"Madame Sensuelle"},"image":{"@id":"https:\/\/madame-sensuelle.paris\/en\/#\/schema\/logo\/image\/"},"sameAs":["https:\/\/www.facebook.com\/madamesensuelle","https:\/\/www.instagram.com\/madame_sensuelle\/"]}]}},"brands":[],"_links":{"self":[{"href":"https:\/\/madame-sensuelle.paris\/en\/wp-json\/wp\/v2\/product\/76042","targetHints":{"allow":["GET"]}}],"collection":[{"href":"https:\/\/madame-sensuelle.paris\/en\/wp-json\/wp\/v2\/product"}],"about":[{"href":"https:\/\/madame-sensuelle.paris\/en\/wp-json\/wp\/v2\/types\/product"}],"version-history":[{"count":1,"href":"https:\/\/madame-sensuelle.paris\/en\/wp-json\/wp\/v2\/product\/76042\/revisions"}],"predecessor-version":[{"id":126867,"href":"https:\/\/madame-sensuelle.paris\/en\/wp-json\/wp\/v2\/product\/76042\/revisions\/126867"}],"wp:featuredmedia":[{"embeddable":true,"href":"https:\/\/madame-sensuelle.paris\/en\/wp-json\/wp\/v2\/media\/110248"}],"wp:attachment":[{"href":"https:\/\/madame-sensuelle.paris\/en\/wp-json\/wp\/v2\/media?parent=76042"}],"wp:term":[{"taxonomy":"pwb-brand","embeddable":true,"href":"https:\/\/madame-sensuelle.paris\/en\/wp-json\/wp\/v2\/pwb-brand?post=76042"},{"taxonomy":"product_brand","embeddable":true,"href":"https:\/\/madame-sensuelle.paris\/en\/wp-json\/wp\/v2\/product_brand?post=76042"},{"taxonomy":"product_cat","embeddable":true,"href":"https:\/\/madame-sensuelle.paris\/en\/wp-json\/wp\/v2\/product_cat?post=76042"},{"taxonomy":"product_tag","embeddable":true,"href":"https:\/\/madame-sensuelle.paris\/en\/wp-json\/wp\/v2\/product_tag?post=76042"},{"taxonomy":"giftcard-category","embeddable":true,"href":"https:\/\/madame-sensuelle.paris\/en\/wp-json\/wp\/v2\/giftcard-category?post=76042"}],"curies":[{"name":"wp","href":"https:\/\/api.w.org\/{rel}","templated":true}]}}