{"id":76832,"date":"2024-03-10T12:52:17","date_gmt":"2024-03-10T12:52:17","guid":{"rendered":"https:\/\/madame-sensuelle.eu\/?post_type=product&#038;p=76832"},"modified":"2026-03-24T19:50:58","modified_gmt":"2026-03-24T19:50:58","slug":"porte-jarretelles-en-tulle-et-dentelle-avec-jarrerieres-manhattan","status":"publish","type":"product","link":"https:\/\/madame-sensuelle.paris\/en\/product\/porte-jarretelles-en-tulle-et-dentelle-avec-jarrerieres-manhattan\/","title":{"rendered":"Tulle and lace suspender belt with Manhattan garters"},"content":{"rendered":"<p>Discover the Manhattan suspender belt, an elegant and sensual piece of lingerie that enhances your curves.<\/p>\n<ul>\n<li>It is made from fine tulle and delicate lace, which hugs the silhouette with lightness and subtle transparency.<\/li>\n<li>The adjustable garters offer perfect support and adapt to all body types.<\/li>\n<li>The soft, slightly shiny tulle emphasizes the waist and elegantly highlights the hips.<\/li>\n<li>The lace details add a feminine and refined touch.<\/li>\n<li>The fine lines structure the silhouette for a subtle sculpting effect.<\/li>\n<\/ul>\n<p>Designed to be like a second skin, this suspender belt combines refinement, comfort, and seduction.<br \/>\nWorn alone or with the matching Manhattan bra and tanga, it transforms every moment into a moment of luxury and sensuality.<\/p>\n<p>&nbsp;<\/p>\n","protected":false},"excerpt":{"rendered":"<p>Discover the Manhattan suspender belt, an elegant and sensual piece of lingerie that enhances your curves. It is made from fine tulle and delicate lace, which hugs the silhouette with lightness and subtle transparency. The adjustable garters offer perfect support and adapt to all body types. The soft, slightly shiny tulle emphasizes the waist and<\/p>\n","protected":false},"featured_media":104922,"template":"","meta":[],"pwb-brand":[3608],"product_brand":[],"product_cat":[3262,3281],"product_tag":[],"giftcard-category":[],"class_list":{"0":"post-76832","1":"product","2":"type-product","3":"status-publish","4":"has-post-thumbnail","6":"pwb-brand-bracli-2","7":"product_cat-sexy-woman-lingerie","8":"product_cat-garter-belts","10":"first","11":"instock","12":"taxable","13":"shipping-taxable","14":"purchasable","15":"product-type-variable"},"yoast_head":"<!-- This site is optimized with the Yoast SEO plugin v27.3 - https:\/\/yoast.com\/product\/yoast-seo-wordpress\/ -->\n<title>Tulle and lace suspender belt with Manhattan garters \u2013 BRACLI - Madame Sensuelle<\/title>\n<meta name=\"description\" content=\"Le mod\u00e8le Tulle and lace suspender belt with Manhattan garters sign\u00e9 BRACLI, \u00e0 d\u00e9couvrir chez Madame Sensuelle. Essayage VIP disponible.\" \/>\n<meta name=\"robots\" content=\"index, follow, max-snippet:-1, max-image-preview:large, max-video-preview:-1\" \/>\n<link rel=\"canonical\" href=\"https:\/\/madame-sensuelle.paris\/en\/product\/porte-jarretelles-en-tulle-et-dentelle-avec-jarrerieres-manhattan\/\" \/>\n<meta property=\"og:locale\" content=\"en_US\" \/>\n<meta property=\"og:type\" content=\"article\" \/>\n<meta property=\"og:title\" content=\"Tulle and lace suspender belt with Manhattan garters \u2013 BRACLI - Madame Sensuelle\" \/>\n<meta property=\"og:description\" content=\"Le mod\u00e8le Tulle and lace suspender belt with Manhattan garters sign\u00e9 BRACLI, \u00e0 d\u00e9couvrir chez Madame Sensuelle. Essayage VIP disponible.\" \/>\n<meta property=\"og:url\" content=\"https:\/\/madame-sensuelle.paris\/en\/product\/porte-jarretelles-en-tulle-et-dentelle-avec-jarrerieres-manhattan\/\" \/>\n<meta property=\"og:site_name\" content=\"Madame Sensuelle\" \/>\n<meta property=\"article:publisher\" content=\"https:\/\/www.facebook.com\/madamesensuelle\" \/>\n<meta property=\"article:modified_time\" content=\"2026-03-24T19:50:58+00:00\" \/>\n<meta property=\"og:image\" content=\"http:\/\/madame-sensuelle.paris\/wp-content\/uploads\/2024\/03\/ManhattanG-String-HarnessGarter-8f6057a1-9fd8-48ee-96c7-7523842aa2b0-_3.jpg\" \/>\n\t<meta property=\"og:image:width\" content=\"800\" \/>\n\t<meta property=\"og:image:height\" content=\"1067\" \/>\n\t<meta property=\"og:image:type\" content=\"image\/jpeg\" \/>\n<meta name=\"twitter:card\" content=\"summary_large_image\" \/>\n<meta name=\"twitter:label1\" content=\"Est. reading time\" \/>\n\t<meta name=\"twitter:data1\" content=\"2 minutes\" \/>\n<script type=\"application\/ld+json\" class=\"yoast-schema-graph\">{\"@context\":\"https:\\\/\\\/schema.org\",\"@graph\":[{\"@type\":\"WebPage\",\"@id\":\"https:\\\/\\\/madame-sensuelle.paris\\\/en\\\/product\\\/porte-jarretelles-en-tulle-et-dentelle-avec-jarrerieres-manhattan\\\/\",\"url\":\"https:\\\/\\\/madame-sensuelle.paris\\\/en\\\/product\\\/porte-jarretelles-en-tulle-et-dentelle-avec-jarrerieres-manhattan\\\/\",\"name\":\"Tulle and lace suspender belt with Manhattan garters \u2013 BRACLI - Madame Sensuelle\",\"isPartOf\":{\"@id\":\"https:\\\/\\\/madame-sensuelle.paris\\\/en\\\/#website\"},\"primaryImageOfPage\":{\"@id\":\"https:\\\/\\\/madame-sensuelle.paris\\\/en\\\/product\\\/porte-jarretelles-en-tulle-et-dentelle-avec-jarrerieres-manhattan\\\/#primaryimage\"},\"image\":{\"@id\":\"https:\\\/\\\/madame-sensuelle.paris\\\/en\\\/product\\\/porte-jarretelles-en-tulle-et-dentelle-avec-jarrerieres-manhattan\\\/#primaryimage\"},\"thumbnailUrl\":\"https:\\\/\\\/madame-sensuelle.paris\\\/wp-content\\\/uploads\\\/2024\\\/03\\\/ManhattanG-String-HarnessGarter-8f6057a1-9fd8-48ee-96c7-7523842aa2b0-_3.jpg\",\"datePublished\":\"2024-03-10T12:52:17+00:00\",\"dateModified\":\"2026-03-24T19:50:58+00:00\",\"description\":\"Le mod\u00e8le Tulle and lace suspender belt with Manhattan garters sign\u00e9 BRACLI, \u00e0 d\u00e9couvrir chez Madame Sensuelle. Essayage VIP disponible.\",\"breadcrumb\":{\"@id\":\"https:\\\/\\\/madame-sensuelle.paris\\\/en\\\/product\\\/porte-jarretelles-en-tulle-et-dentelle-avec-jarrerieres-manhattan\\\/#breadcrumb\"},\"inLanguage\":\"en-US\",\"potentialAction\":[{\"@type\":\"ReadAction\",\"target\":[\"https:\\\/\\\/madame-sensuelle.paris\\\/en\\\/product\\\/porte-jarretelles-en-tulle-et-dentelle-avec-jarrerieres-manhattan\\\/\"]}]},{\"@type\":\"ImageObject\",\"inLanguage\":\"en-US\",\"@id\":\"https:\\\/\\\/madame-sensuelle.paris\\\/en\\\/product\\\/porte-jarretelles-en-tulle-et-dentelle-avec-jarrerieres-manhattan\\\/#primaryimage\",\"url\":\"https:\\\/\\\/madame-sensuelle.paris\\\/wp-content\\\/uploads\\\/2024\\\/03\\\/ManhattanG-String-HarnessGarter-8f6057a1-9fd8-48ee-96c7-7523842aa2b0-_3.jpg\",\"contentUrl\":\"https:\\\/\\\/madame-sensuelle.paris\\\/wp-content\\\/uploads\\\/2024\\\/03\\\/ManhattanG-String-HarnessGarter-8f6057a1-9fd8-48ee-96c7-7523842aa2b0-_3.jpg\",\"width\":800,\"height\":1067},{\"@type\":\"BreadcrumbList\",\"@id\":\"https:\\\/\\\/madame-sensuelle.paris\\\/en\\\/product\\\/porte-jarretelles-en-tulle-et-dentelle-avec-jarrerieres-manhattan\\\/#breadcrumb\",\"itemListElement\":[{\"@type\":\"ListItem\",\"position\":1,\"name\":\"Acceuil\",\"item\":\"https:\\\/\\\/madame-sensuelle.paris\\\/en\\\/home\\\/\"},{\"@type\":\"ListItem\",\"position\":2,\"name\":\"Catalog\",\"item\":\"https:\\\/\\\/madame-sensuelle.paris\\\/en\\\/catalogue\\\/\"},{\"@type\":\"ListItem\",\"position\":3,\"name\":\"BRACLI\",\"item\":\"https:\\\/\\\/madame-sensuelle.paris\\\/en\\\/brand\\\/bracli-2\\\/\"},{\"@type\":\"ListItem\",\"position\":4,\"name\":\"Tulle and lace suspender belt with Manhattan garters\"}]},{\"@type\":\"WebSite\",\"@id\":\"https:\\\/\\\/madame-sensuelle.paris\\\/en\\\/#website\",\"url\":\"https:\\\/\\\/madame-sensuelle.paris\\\/en\\\/\",\"name\":\"MADAME SENSUELLE\",\"description\":\"MADAME SENSUELLE: Found the biggest exciting brands of chic &amp; SEXY LINGERIE in Paris Boutique and on the WEB: Aubade, Dita Von Teese, Maison Close, Marjolaine, Bluebella, Atelier Amour, Luxxa, Catanzaro, Gracija Rim. You will found the big pleasure of sexy belt or bra make for you\",\"publisher\":{\"@id\":\"https:\\\/\\\/madame-sensuelle.paris\\\/en\\\/#organization\"},\"potentialAction\":[{\"@type\":\"SearchAction\",\"target\":{\"@type\":\"EntryPoint\",\"urlTemplate\":\"https:\\\/\\\/madame-sensuelle.paris\\\/en\\\/?s={search_term_string}\"},\"query-input\":{\"@type\":\"PropertyValueSpecification\",\"valueRequired\":true,\"valueName\":\"search_term_string\"}}],\"inLanguage\":\"en-US\"},{\"@type\":\"Organization\",\"@id\":\"https:\\\/\\\/madame-sensuelle.paris\\\/en\\\/#organization\",\"name\":\"Madame Sensuelle\",\"url\":\"https:\\\/\\\/madame-sensuelle.paris\\\/en\\\/\",\"logo\":{\"@type\":\"ImageObject\",\"inLanguage\":\"en-US\",\"@id\":\"https:\\\/\\\/madame-sensuelle.paris\\\/en\\\/#\\\/schema\\\/logo\\\/image\\\/\",\"url\":\"https:\\\/\\\/madame-sensuelle.paris\\\/wp-content\\\/uploads\\\/2024\\\/12\\\/logo_a-1-1_696.webp\",\"contentUrl\":\"https:\\\/\\\/madame-sensuelle.paris\\\/wp-content\\\/uploads\\\/2024\\\/12\\\/logo_a-1-1_696.webp\",\"width\":696,\"height\":696,\"caption\":\"Madame Sensuelle\"},\"image\":{\"@id\":\"https:\\\/\\\/madame-sensuelle.paris\\\/en\\\/#\\\/schema\\\/logo\\\/image\\\/\"},\"sameAs\":[\"https:\\\/\\\/www.facebook.com\\\/madamesensuelle\",\"https:\\\/\\\/www.instagram.com\\\/madame_sensuelle\\\/\"]}]}<\/script>\n<!-- \/ Yoast SEO plugin. -->","yoast_head_json":{"title":"Tulle and lace suspender belt with Manhattan garters \u2013 BRACLI - Madame Sensuelle","description":"Le mod\u00e8le Tulle and lace suspender belt with Manhattan garters sign\u00e9 BRACLI, \u00e0 d\u00e9couvrir chez Madame Sensuelle. Essayage VIP disponible.","robots":{"index":"index","follow":"follow","max-snippet":"max-snippet:-1","max-image-preview":"max-image-preview:large","max-video-preview":"max-video-preview:-1"},"canonical":"https:\/\/madame-sensuelle.paris\/en\/product\/porte-jarretelles-en-tulle-et-dentelle-avec-jarrerieres-manhattan\/","og_locale":"en_US","og_type":"article","og_title":"Tulle and lace suspender belt with Manhattan garters \u2013 BRACLI - Madame Sensuelle","og_description":"Le mod\u00e8le Tulle and lace suspender belt with Manhattan garters sign\u00e9 BRACLI, \u00e0 d\u00e9couvrir chez Madame Sensuelle. Essayage VIP disponible.","og_url":"https:\/\/madame-sensuelle.paris\/en\/product\/porte-jarretelles-en-tulle-et-dentelle-avec-jarrerieres-manhattan\/","og_site_name":"Madame Sensuelle","article_publisher":"https:\/\/www.facebook.com\/madamesensuelle","article_modified_time":"2026-03-24T19:50:58+00:00","og_image":[{"width":800,"height":1067,"url":"http:\/\/madame-sensuelle.paris\/wp-content\/uploads\/2024\/03\/ManhattanG-String-HarnessGarter-8f6057a1-9fd8-48ee-96c7-7523842aa2b0-_3.jpg","type":"image\/jpeg"}],"twitter_card":"summary_large_image","twitter_misc":{"Est. reading time":"2 minutes"},"schema":{"@context":"https:\/\/schema.org","@graph":[{"@type":"WebPage","@id":"https:\/\/madame-sensuelle.paris\/en\/product\/porte-jarretelles-en-tulle-et-dentelle-avec-jarrerieres-manhattan\/","url":"https:\/\/madame-sensuelle.paris\/en\/product\/porte-jarretelles-en-tulle-et-dentelle-avec-jarrerieres-manhattan\/","name":"Tulle and lace suspender belt with Manhattan garters \u2013 BRACLI - Madame Sensuelle","isPartOf":{"@id":"https:\/\/madame-sensuelle.paris\/en\/#website"},"primaryImageOfPage":{"@id":"https:\/\/madame-sensuelle.paris\/en\/product\/porte-jarretelles-en-tulle-et-dentelle-avec-jarrerieres-manhattan\/#primaryimage"},"image":{"@id":"https:\/\/madame-sensuelle.paris\/en\/product\/porte-jarretelles-en-tulle-et-dentelle-avec-jarrerieres-manhattan\/#primaryimage"},"thumbnailUrl":"https:\/\/madame-sensuelle.paris\/wp-content\/uploads\/2024\/03\/ManhattanG-String-HarnessGarter-8f6057a1-9fd8-48ee-96c7-7523842aa2b0-_3.jpg","datePublished":"2024-03-10T12:52:17+00:00","dateModified":"2026-03-24T19:50:58+00:00","description":"Le mod\u00e8le Tulle and lace suspender belt with Manhattan garters sign\u00e9 BRACLI, \u00e0 d\u00e9couvrir chez Madame Sensuelle. Essayage VIP disponible.","breadcrumb":{"@id":"https:\/\/madame-sensuelle.paris\/en\/product\/porte-jarretelles-en-tulle-et-dentelle-avec-jarrerieres-manhattan\/#breadcrumb"},"inLanguage":"en-US","potentialAction":[{"@type":"ReadAction","target":["https:\/\/madame-sensuelle.paris\/en\/product\/porte-jarretelles-en-tulle-et-dentelle-avec-jarrerieres-manhattan\/"]}]},{"@type":"ImageObject","inLanguage":"en-US","@id":"https:\/\/madame-sensuelle.paris\/en\/product\/porte-jarretelles-en-tulle-et-dentelle-avec-jarrerieres-manhattan\/#primaryimage","url":"https:\/\/madame-sensuelle.paris\/wp-content\/uploads\/2024\/03\/ManhattanG-String-HarnessGarter-8f6057a1-9fd8-48ee-96c7-7523842aa2b0-_3.jpg","contentUrl":"https:\/\/madame-sensuelle.paris\/wp-content\/uploads\/2024\/03\/ManhattanG-String-HarnessGarter-8f6057a1-9fd8-48ee-96c7-7523842aa2b0-_3.jpg","width":800,"height":1067},{"@type":"BreadcrumbList","@id":"https:\/\/madame-sensuelle.paris\/en\/product\/porte-jarretelles-en-tulle-et-dentelle-avec-jarrerieres-manhattan\/#breadcrumb","itemListElement":[{"@type":"ListItem","position":1,"name":"Acceuil","item":"https:\/\/madame-sensuelle.paris\/en\/home\/"},{"@type":"ListItem","position":2,"name":"Catalog","item":"https:\/\/madame-sensuelle.paris\/en\/catalogue\/"},{"@type":"ListItem","position":3,"name":"BRACLI","item":"https:\/\/madame-sensuelle.paris\/en\/brand\/bracli-2\/"},{"@type":"ListItem","position":4,"name":"Tulle and lace suspender belt with Manhattan garters"}]},{"@type":"WebSite","@id":"https:\/\/madame-sensuelle.paris\/en\/#website","url":"https:\/\/madame-sensuelle.paris\/en\/","name":"MADAME SENSUELLE","description":"MADAME SENSUELLE: Found the biggest exciting brands of chic &amp; SEXY LINGERIE in Paris Boutique and on the WEB: Aubade, Dita Von Teese, Maison Close, Marjolaine, Bluebella, Atelier Amour, Luxxa, Catanzaro, Gracija Rim. You will found the big pleasure of sexy belt or bra make for you","publisher":{"@id":"https:\/\/madame-sensuelle.paris\/en\/#organization"},"potentialAction":[{"@type":"SearchAction","target":{"@type":"EntryPoint","urlTemplate":"https:\/\/madame-sensuelle.paris\/en\/?s={search_term_string}"},"query-input":{"@type":"PropertyValueSpecification","valueRequired":true,"valueName":"search_term_string"}}],"inLanguage":"en-US"},{"@type":"Organization","@id":"https:\/\/madame-sensuelle.paris\/en\/#organization","name":"Madame Sensuelle","url":"https:\/\/madame-sensuelle.paris\/en\/","logo":{"@type":"ImageObject","inLanguage":"en-US","@id":"https:\/\/madame-sensuelle.paris\/en\/#\/schema\/logo\/image\/","url":"https:\/\/madame-sensuelle.paris\/wp-content\/uploads\/2024\/12\/logo_a-1-1_696.webp","contentUrl":"https:\/\/madame-sensuelle.paris\/wp-content\/uploads\/2024\/12\/logo_a-1-1_696.webp","width":696,"height":696,"caption":"Madame Sensuelle"},"image":{"@id":"https:\/\/madame-sensuelle.paris\/en\/#\/schema\/logo\/image\/"},"sameAs":["https:\/\/www.facebook.com\/madamesensuelle","https:\/\/www.instagram.com\/madame_sensuelle\/"]}]}},"brands":[{"id":3608,"name":"BRACLI","slug":"bracli-2"}],"_links":{"self":[{"href":"https:\/\/madame-sensuelle.paris\/en\/wp-json\/wp\/v2\/product\/76832","targetHints":{"allow":["GET"]}}],"collection":[{"href":"https:\/\/madame-sensuelle.paris\/en\/wp-json\/wp\/v2\/product"}],"about":[{"href":"https:\/\/madame-sensuelle.paris\/en\/wp-json\/wp\/v2\/types\/product"}],"version-history":[{"count":1,"href":"https:\/\/madame-sensuelle.paris\/en\/wp-json\/wp\/v2\/product\/76832\/revisions"}],"predecessor-version":[{"id":125512,"href":"https:\/\/madame-sensuelle.paris\/en\/wp-json\/wp\/v2\/product\/76832\/revisions\/125512"}],"wp:featuredmedia":[{"embeddable":true,"href":"https:\/\/madame-sensuelle.paris\/en\/wp-json\/wp\/v2\/media\/104922"}],"wp:attachment":[{"href":"https:\/\/madame-sensuelle.paris\/en\/wp-json\/wp\/v2\/media?parent=76832"}],"wp:term":[{"taxonomy":"pwb-brand","embeddable":true,"href":"https:\/\/madame-sensuelle.paris\/en\/wp-json\/wp\/v2\/pwb-brand?post=76832"},{"taxonomy":"product_brand","embeddable":true,"href":"https:\/\/madame-sensuelle.paris\/en\/wp-json\/wp\/v2\/product_brand?post=76832"},{"taxonomy":"product_cat","embeddable":true,"href":"https:\/\/madame-sensuelle.paris\/en\/wp-json\/wp\/v2\/product_cat?post=76832"},{"taxonomy":"product_tag","embeddable":true,"href":"https:\/\/madame-sensuelle.paris\/en\/wp-json\/wp\/v2\/product_tag?post=76832"},{"taxonomy":"giftcard-category","embeddable":true,"href":"https:\/\/madame-sensuelle.paris\/en\/wp-json\/wp\/v2\/giftcard-category?post=76832"}],"curies":[{"name":"wp","href":"https:\/\/api.w.org\/{rel}","templated":true}]}}