{"id":76928,"date":"2024-03-10T12:53:02","date_gmt":"2024-03-10T12:53:02","guid":{"rendered":"https:\/\/madame-sensuelle.eu\/?post_type=product&#038;p=76928"},"modified":"2026-04-05T03:28:42","modified_gmt":"2026-04-05T03:28:42","slug":"c-mc-2022000094566","status":"publish","type":"product","link":"https:\/\/madame-sensuelle.paris\/en\/product\/c-mc-2022000094566\/","title":{"rendered":"Robe dos nu Vestiare en satin double face  et ouverture sur la jambe"},"content":{"rendered":"<div class=\"wrapped-line\"><span class=\"sw\">La<\/span> <span class=\"sw\">robe<\/span> <span class=\"sw\">dos<\/span> <span class=\"sw\">nu<\/span> <span class=\"sw\">pr\u00e9sente<\/span> <span class=\"sw\">une<\/span> <span class=\"sw\">coupe<\/span> <span class=\"sw\">longue<\/span> <span class=\"sw\">et<\/span> <span class=\"sw\">droite,<\/span> <span class=\"sw\">cr\u00e9ant<\/span> <span class=\"sw\">une<\/span> <span class=\"sw\">silhouette<\/span> <span class=\"sw\">pr\u00e8s<\/span> <span class=\"sw\">du<\/span> <span class=\"sw\">corps,<\/span> <span class=\"sw\">sophistiqu\u00e9e<\/span> <span class=\"sw\">et<\/span> <span class=\"sw\">expressive.<\/span><\/div>\n<p><span class=\"sw\">Un<\/span> <span class=\"sw\">d\u00e9collet\u00e9<\/span> <span class=\"sw\">en<\/span> <span class=\"sw\">V<\/span> <span class=\"sw\">profond<\/span> <span class=\"sw\">dans<\/span> <span class=\"sw\">le<\/span> <span class=\"sw\">dos<\/span> <span class=\"sw\">et<\/span> <span class=\"sw\">une<\/span> <span class=\"sw\">ouverture<\/span> <span class=\"sw\">vertigineuse<\/span> <span class=\"sw\">sur<\/span> <span class=\"sw\">les<\/span> <span class=\"sw\">jambes<\/span> <span class=\"sw\">laisseront<\/span> <span class=\"sw\">tout<\/span> <span class=\"sw\">le<\/span> <span class=\"sw\">monde<\/span> <span class=\"sw\">indiff\u00e9rent.\u00a0 <\/span><span class=\"sw\">Ajustez<\/span> <span class=\"sw\">votre<\/span> <span class=\"sw\">taille<\/span> <span class=\"sw\">avec<\/span> <span class=\"sw\">une<\/span> <span class=\"sw\">large<\/span> <span class=\"sw\">ceinture<\/span> <span class=\"sw\">en<\/span> <span class=\"sw\">satin<\/span> <span class=\"sw\">amovible.<\/span><\/p>\n<div class=\"wrapped-line\"><b><\/b><span class=\"sw\">La robe peut \u00eatre associer aux<\/span> <span class=\"sw\">collants<\/span> <span class=\"sw\">Maison<\/span> <span class=\"sw\">Close,<\/span> <span class=\"sw\">c&#8217;est<\/span> <span class=\"sw\">le<\/span> <span class=\"sw\">choix<\/span> <span class=\"sw\">id\u00e9al<\/span> <span class=\"sw\">pour<\/span> <span class=\"sw\">les<\/span> <span class=\"sw\">femmes<\/span> <span class=\"sw\">qui<\/span> <span class=\"sw\">souhaitent<\/span> <span class=\"sw\">exprimer<\/span> <span class=\"sw\">leur<\/span> <span class=\"sw\">\u00e9l\u00e9gance.<\/span><\/div>\n","protected":false},"excerpt":{"rendered":"<p>La robe dos nu pr\u00e9sente une coupe longue et droite, cr\u00e9ant une silhouette pr\u00e8s du corps, sophistiqu\u00e9e et expressive. Un d\u00e9collet\u00e9 en V profond dans le dos et une ouverture vertigineuse sur les jambes laisseront tout le monde indiff\u00e9rent.\u00a0 Ajustez votre taille avec une large ceinture en satin amovible. La robe peut \u00eatre associer aux<\/p>\n","protected":false},"featured_media":85992,"template":"","meta":[],"pwb-brand":[3598],"product_brand":[],"product_cat":[3296,3293],"product_tag":[],"giftcard-category":[],"class_list":{"0":"post-76928","1":"product","2":"type-product","3":"status-publish","4":"has-post-thumbnail","6":"pwb-brand-maison-close-2","7":"product_cat-dresses","8":"product_cat-longwear","9":"pa_collection-vestiare","11":"first","12":"outofstock","13":"taxable","14":"shipping-taxable","15":"purchasable","16":"product-type-variable","17":"has-default-attributes"},"yoast_head":"<!-- This site is optimized with the Yoast SEO plugin v27.3 - https:\/\/yoast.com\/product\/yoast-seo-wordpress\/ -->\n<title>Robe dos nu Vestiare en satin double face et ouverture sur la jambe \u2013 MAISON CLOSE - Madame Sensuelle<\/title>\n<meta name=\"description\" content=\"Le mod\u00e8le Robe dos nu Vestiare en satin double face et ouverture sur la jambe sign\u00e9 MAISON CLOSE, \u00e0 d\u00e9couvrir chez Madame Sensuelle. Essayage VIP disponible.\" \/>\n<meta name=\"robots\" content=\"index, follow, max-snippet:-1, max-image-preview:large, max-video-preview:-1\" \/>\n<link rel=\"canonical\" href=\"https:\/\/madame-sensuelle.paris\/en\/product\/c-mc-2022000094566\/\" \/>\n<meta property=\"og:locale\" content=\"en_US\" \/>\n<meta property=\"og:type\" content=\"article\" \/>\n<meta property=\"og:title\" content=\"Robe dos nu Vestiare en satin double face et ouverture sur la jambe \u2013 MAISON CLOSE - Madame Sensuelle\" \/>\n<meta property=\"og:description\" content=\"Le mod\u00e8le Robe dos nu Vestiare en satin double face et ouverture sur la jambe sign\u00e9 MAISON CLOSE, \u00e0 d\u00e9couvrir chez Madame Sensuelle. Essayage VIP disponible.\" \/>\n<meta property=\"og:url\" content=\"https:\/\/madame-sensuelle.paris\/en\/product\/c-mc-2022000094566\/\" \/>\n<meta property=\"og:site_name\" content=\"Madame Sensuelle\" \/>\n<meta property=\"article:publisher\" content=\"https:\/\/www.facebook.com\/madamesensuelle\" \/>\n<meta property=\"article:modified_time\" content=\"2026-04-05T03:28:42+00:00\" \/>\n<meta property=\"og:image\" content=\"https:\/\/madame-sensuelle.paris\/wp-content\/uploads\/2024\/03\/dosnu_1.jpg\" \/>\n\t<meta property=\"og:image:width\" content=\"800\" \/>\n\t<meta property=\"og:image:height\" content=\"1200\" \/>\n\t<meta property=\"og:image:type\" content=\"image\/jpeg\" \/>\n<meta name=\"twitter:card\" content=\"summary_large_image\" \/>\n<meta name=\"twitter:label1\" content=\"Est. reading time\" \/>\n\t<meta name=\"twitter:data1\" content=\"2 minutes\" \/>\n<script type=\"application\/ld+json\" class=\"yoast-schema-graph\">{\"@context\":\"https:\\\/\\\/schema.org\",\"@graph\":[{\"@type\":\"WebPage\",\"@id\":\"https:\\\/\\\/madame-sensuelle.paris\\\/en\\\/product\\\/c-mc-2022000094566\\\/\",\"url\":\"https:\\\/\\\/madame-sensuelle.paris\\\/en\\\/product\\\/c-mc-2022000094566\\\/\",\"name\":\"Robe dos nu Vestiare en satin double face et ouverture sur la jambe \u2013 MAISON CLOSE - Madame Sensuelle\",\"isPartOf\":{\"@id\":\"https:\\\/\\\/madame-sensuelle.paris\\\/en\\\/#website\"},\"primaryImageOfPage\":{\"@id\":\"https:\\\/\\\/madame-sensuelle.paris\\\/en\\\/product\\\/c-mc-2022000094566\\\/#primaryimage\"},\"image\":{\"@id\":\"https:\\\/\\\/madame-sensuelle.paris\\\/en\\\/product\\\/c-mc-2022000094566\\\/#primaryimage\"},\"thumbnailUrl\":\"https:\\\/\\\/madame-sensuelle.paris\\\/wp-content\\\/uploads\\\/2024\\\/03\\\/dosnu_1.jpg\",\"datePublished\":\"2024-03-10T12:53:02+00:00\",\"dateModified\":\"2026-04-05T03:28:42+00:00\",\"description\":\"Le mod\u00e8le Robe dos nu Vestiare en satin double face et ouverture sur la jambe sign\u00e9 MAISON CLOSE, \u00e0 d\u00e9couvrir chez Madame Sensuelle. Essayage VIP disponible.\",\"breadcrumb\":{\"@id\":\"https:\\\/\\\/madame-sensuelle.paris\\\/en\\\/product\\\/c-mc-2022000094566\\\/#breadcrumb\"},\"inLanguage\":\"en-US\",\"potentialAction\":[{\"@type\":\"ReadAction\",\"target\":[\"https:\\\/\\\/madame-sensuelle.paris\\\/en\\\/product\\\/c-mc-2022000094566\\\/\"]}]},{\"@type\":\"ImageObject\",\"inLanguage\":\"en-US\",\"@id\":\"https:\\\/\\\/madame-sensuelle.paris\\\/en\\\/product\\\/c-mc-2022000094566\\\/#primaryimage\",\"url\":\"https:\\\/\\\/madame-sensuelle.paris\\\/wp-content\\\/uploads\\\/2024\\\/03\\\/dosnu_1.jpg\",\"contentUrl\":\"https:\\\/\\\/madame-sensuelle.paris\\\/wp-content\\\/uploads\\\/2024\\\/03\\\/dosnu_1.jpg\",\"width\":800,\"height\":1200},{\"@type\":\"BreadcrumbList\",\"@id\":\"https:\\\/\\\/madame-sensuelle.paris\\\/en\\\/product\\\/c-mc-2022000094566\\\/#breadcrumb\",\"itemListElement\":[{\"@type\":\"ListItem\",\"position\":1,\"name\":\"Acceuil\",\"item\":\"https:\\\/\\\/madame-sensuelle.paris\\\/en\\\/home\\\/\"},{\"@type\":\"ListItem\",\"position\":2,\"name\":\"Catalog\",\"item\":\"https:\\\/\\\/madame-sensuelle.paris\\\/en\\\/catalogue\\\/\"},{\"@type\":\"ListItem\",\"position\":3,\"name\":\"MAISON CLOSE\",\"item\":\"https:\\\/\\\/madame-sensuelle.paris\\\/en\\\/brand\\\/maison-close-2\\\/\"},{\"@type\":\"ListItem\",\"position\":4,\"name\":\"Robe dos nu Vestiare en satin double face et ouverture sur la jambe\"}]},{\"@type\":\"WebSite\",\"@id\":\"https:\\\/\\\/madame-sensuelle.paris\\\/en\\\/#website\",\"url\":\"https:\\\/\\\/madame-sensuelle.paris\\\/en\\\/\",\"name\":\"MADAME SENSUELLE\",\"description\":\"MADAME SENSUELLE: Found the biggest exciting brands of chic &amp; SEXY LINGERIE in Paris Boutique and on the WEB: Aubade, Dita Von Teese, Maison Close, Marjolaine, Bluebella, Atelier Amour, Luxxa, Catanzaro, Gracija Rim. You will found the big pleasure of sexy belt or bra make for you\",\"publisher\":{\"@id\":\"https:\\\/\\\/madame-sensuelle.paris\\\/en\\\/#organization\"},\"potentialAction\":[{\"@type\":\"SearchAction\",\"target\":{\"@type\":\"EntryPoint\",\"urlTemplate\":\"https:\\\/\\\/madame-sensuelle.paris\\\/en\\\/?s={search_term_string}\"},\"query-input\":{\"@type\":\"PropertyValueSpecification\",\"valueRequired\":true,\"valueName\":\"search_term_string\"}}],\"inLanguage\":\"en-US\"},{\"@type\":\"Organization\",\"@id\":\"https:\\\/\\\/madame-sensuelle.paris\\\/en\\\/#organization\",\"name\":\"Madame Sensuelle\",\"url\":\"https:\\\/\\\/madame-sensuelle.paris\\\/en\\\/\",\"logo\":{\"@type\":\"ImageObject\",\"inLanguage\":\"en-US\",\"@id\":\"https:\\\/\\\/madame-sensuelle.paris\\\/en\\\/#\\\/schema\\\/logo\\\/image\\\/\",\"url\":\"https:\\\/\\\/madame-sensuelle.paris\\\/wp-content\\\/uploads\\\/2024\\\/12\\\/logo_a-1-1_696.webp\",\"contentUrl\":\"https:\\\/\\\/madame-sensuelle.paris\\\/wp-content\\\/uploads\\\/2024\\\/12\\\/logo_a-1-1_696.webp\",\"width\":696,\"height\":696,\"caption\":\"Madame Sensuelle\"},\"image\":{\"@id\":\"https:\\\/\\\/madame-sensuelle.paris\\\/en\\\/#\\\/schema\\\/logo\\\/image\\\/\"},\"sameAs\":[\"https:\\\/\\\/www.facebook.com\\\/madamesensuelle\",\"https:\\\/\\\/www.instagram.com\\\/madame_sensuelle\\\/\"]}]}<\/script>\n<!-- \/ Yoast SEO plugin. -->","yoast_head_json":{"title":"Robe dos nu Vestiare en satin double face et ouverture sur la jambe \u2013 MAISON CLOSE - Madame Sensuelle","description":"Le mod\u00e8le Robe dos nu Vestiare en satin double face et ouverture sur la jambe sign\u00e9 MAISON CLOSE, \u00e0 d\u00e9couvrir chez Madame Sensuelle. Essayage VIP disponible.","robots":{"index":"index","follow":"follow","max-snippet":"max-snippet:-1","max-image-preview":"max-image-preview:large","max-video-preview":"max-video-preview:-1"},"canonical":"https:\/\/madame-sensuelle.paris\/en\/product\/c-mc-2022000094566\/","og_locale":"en_US","og_type":"article","og_title":"Robe dos nu Vestiare en satin double face et ouverture sur la jambe \u2013 MAISON CLOSE - Madame Sensuelle","og_description":"Le mod\u00e8le Robe dos nu Vestiare en satin double face et ouverture sur la jambe sign\u00e9 MAISON CLOSE, \u00e0 d\u00e9couvrir chez Madame Sensuelle. Essayage VIP disponible.","og_url":"https:\/\/madame-sensuelle.paris\/en\/product\/c-mc-2022000094566\/","og_site_name":"Madame Sensuelle","article_publisher":"https:\/\/www.facebook.com\/madamesensuelle","article_modified_time":"2026-04-05T03:28:42+00:00","og_image":[{"width":800,"height":1200,"url":"https:\/\/madame-sensuelle.paris\/wp-content\/uploads\/2024\/03\/dosnu_1.jpg","type":"image\/jpeg"}],"twitter_card":"summary_large_image","twitter_misc":{"Est. reading time":"2 minutes"},"schema":{"@context":"https:\/\/schema.org","@graph":[{"@type":"WebPage","@id":"https:\/\/madame-sensuelle.paris\/en\/product\/c-mc-2022000094566\/","url":"https:\/\/madame-sensuelle.paris\/en\/product\/c-mc-2022000094566\/","name":"Robe dos nu Vestiare en satin double face et ouverture sur la jambe \u2013 MAISON CLOSE - Madame Sensuelle","isPartOf":{"@id":"https:\/\/madame-sensuelle.paris\/en\/#website"},"primaryImageOfPage":{"@id":"https:\/\/madame-sensuelle.paris\/en\/product\/c-mc-2022000094566\/#primaryimage"},"image":{"@id":"https:\/\/madame-sensuelle.paris\/en\/product\/c-mc-2022000094566\/#primaryimage"},"thumbnailUrl":"https:\/\/madame-sensuelle.paris\/wp-content\/uploads\/2024\/03\/dosnu_1.jpg","datePublished":"2024-03-10T12:53:02+00:00","dateModified":"2026-04-05T03:28:42+00:00","description":"Le mod\u00e8le Robe dos nu Vestiare en satin double face et ouverture sur la jambe sign\u00e9 MAISON CLOSE, \u00e0 d\u00e9couvrir chez Madame Sensuelle. Essayage VIP disponible.","breadcrumb":{"@id":"https:\/\/madame-sensuelle.paris\/en\/product\/c-mc-2022000094566\/#breadcrumb"},"inLanguage":"en-US","potentialAction":[{"@type":"ReadAction","target":["https:\/\/madame-sensuelle.paris\/en\/product\/c-mc-2022000094566\/"]}]},{"@type":"ImageObject","inLanguage":"en-US","@id":"https:\/\/madame-sensuelle.paris\/en\/product\/c-mc-2022000094566\/#primaryimage","url":"https:\/\/madame-sensuelle.paris\/wp-content\/uploads\/2024\/03\/dosnu_1.jpg","contentUrl":"https:\/\/madame-sensuelle.paris\/wp-content\/uploads\/2024\/03\/dosnu_1.jpg","width":800,"height":1200},{"@type":"BreadcrumbList","@id":"https:\/\/madame-sensuelle.paris\/en\/product\/c-mc-2022000094566\/#breadcrumb","itemListElement":[{"@type":"ListItem","position":1,"name":"Acceuil","item":"https:\/\/madame-sensuelle.paris\/en\/home\/"},{"@type":"ListItem","position":2,"name":"Catalog","item":"https:\/\/madame-sensuelle.paris\/en\/catalogue\/"},{"@type":"ListItem","position":3,"name":"MAISON CLOSE","item":"https:\/\/madame-sensuelle.paris\/en\/brand\/maison-close-2\/"},{"@type":"ListItem","position":4,"name":"Robe dos nu Vestiare en satin double face et ouverture sur la jambe"}]},{"@type":"WebSite","@id":"https:\/\/madame-sensuelle.paris\/en\/#website","url":"https:\/\/madame-sensuelle.paris\/en\/","name":"MADAME SENSUELLE","description":"MADAME SENSUELLE: Found the biggest exciting brands of chic &amp; SEXY LINGERIE in Paris Boutique and on the WEB: Aubade, Dita Von Teese, Maison Close, Marjolaine, Bluebella, Atelier Amour, Luxxa, Catanzaro, Gracija Rim. You will found the big pleasure of sexy belt or bra make for you","publisher":{"@id":"https:\/\/madame-sensuelle.paris\/en\/#organization"},"potentialAction":[{"@type":"SearchAction","target":{"@type":"EntryPoint","urlTemplate":"https:\/\/madame-sensuelle.paris\/en\/?s={search_term_string}"},"query-input":{"@type":"PropertyValueSpecification","valueRequired":true,"valueName":"search_term_string"}}],"inLanguage":"en-US"},{"@type":"Organization","@id":"https:\/\/madame-sensuelle.paris\/en\/#organization","name":"Madame Sensuelle","url":"https:\/\/madame-sensuelle.paris\/en\/","logo":{"@type":"ImageObject","inLanguage":"en-US","@id":"https:\/\/madame-sensuelle.paris\/en\/#\/schema\/logo\/image\/","url":"https:\/\/madame-sensuelle.paris\/wp-content\/uploads\/2024\/12\/logo_a-1-1_696.webp","contentUrl":"https:\/\/madame-sensuelle.paris\/wp-content\/uploads\/2024\/12\/logo_a-1-1_696.webp","width":696,"height":696,"caption":"Madame Sensuelle"},"image":{"@id":"https:\/\/madame-sensuelle.paris\/en\/#\/schema\/logo\/image\/"},"sameAs":["https:\/\/www.facebook.com\/madamesensuelle","https:\/\/www.instagram.com\/madame_sensuelle\/"]}]}},"brands":[{"id":3598,"name":"MAISON CLOSE","slug":"maison-close-2"}],"_links":{"self":[{"href":"https:\/\/madame-sensuelle.paris\/en\/wp-json\/wp\/v2\/product\/76928","targetHints":{"allow":["GET"]}}],"collection":[{"href":"https:\/\/madame-sensuelle.paris\/en\/wp-json\/wp\/v2\/product"}],"about":[{"href":"https:\/\/madame-sensuelle.paris\/en\/wp-json\/wp\/v2\/types\/product"}],"version-history":[{"count":1,"href":"https:\/\/madame-sensuelle.paris\/en\/wp-json\/wp\/v2\/product\/76928\/revisions"}],"predecessor-version":[{"id":115825,"href":"https:\/\/madame-sensuelle.paris\/en\/wp-json\/wp\/v2\/product\/76928\/revisions\/115825"}],"wp:featuredmedia":[{"embeddable":true,"href":"https:\/\/madame-sensuelle.paris\/en\/wp-json\/wp\/v2\/media\/85992"}],"wp:attachment":[{"href":"https:\/\/madame-sensuelle.paris\/en\/wp-json\/wp\/v2\/media?parent=76928"}],"wp:term":[{"taxonomy":"pwb-brand","embeddable":true,"href":"https:\/\/madame-sensuelle.paris\/en\/wp-json\/wp\/v2\/pwb-brand?post=76928"},{"taxonomy":"product_brand","embeddable":true,"href":"https:\/\/madame-sensuelle.paris\/en\/wp-json\/wp\/v2\/product_brand?post=76928"},{"taxonomy":"product_cat","embeddable":true,"href":"https:\/\/madame-sensuelle.paris\/en\/wp-json\/wp\/v2\/product_cat?post=76928"},{"taxonomy":"product_tag","embeddable":true,"href":"https:\/\/madame-sensuelle.paris\/en\/wp-json\/wp\/v2\/product_tag?post=76928"},{"taxonomy":"giftcard-category","embeddable":true,"href":"https:\/\/madame-sensuelle.paris\/en\/wp-json\/wp\/v2\/giftcard-category?post=76928"}],"curies":[{"name":"wp","href":"https:\/\/api.w.org\/{rel}","templated":true}]}}