{"id":77423,"date":"2024-03-25T03:09:08","date_gmt":"2024-03-25T03:09:08","guid":{"rendered":"https:\/\/madame-sensuelle.eu\/?post_type=product&#038;p=77423"},"modified":"2026-04-04T23:12:03","modified_gmt":"2026-04-04T23:12:03","slug":"c-b-2019000045254","status":"publish","type":"product","link":"https:\/\/madame-sensuelle.paris\/en\/product\/c-b-2019000045254\/","title":{"rendered":"Tanga ouvert en dentelle avec perles double Sydney &#8211; noir"},"content":{"rendered":"<p>Tanga ouvert en dentelle d\u00e9licate Italienne et d\u00e9tails en lurex. Avec ce mod\u00e8le Bracli va encore plus loin gr\u00e2ce au double perle qui offre une stimulation aux deux membre du couple. L&#8217;anneau de perles doit \u00eatre d\u00e9plac\u00e9 jusqu&#8217;\u00e0 ce qu&#8217;il touche le clitoris pour le caresser et, lors de la p\u00e9n\u00e9tration, il aura une sensation suppl\u00e9mentaire en passant son p\u00e9nis \u00e0 travers le trou form\u00e9 par les deux colliers de perles.<\/p>\n","protected":false},"excerpt":{"rendered":"<p>Tanga ouvert en dentelle d\u00e9licate Italienne et d\u00e9tails en lurex. Avec ce mod\u00e8le Bracli va encore plus loin gr\u00e2ce au double perle qui offre une stimulation aux deux membre du couple. L&#8217;anneau de perles doit \u00eatre d\u00e9plac\u00e9 jusqu&#8217;\u00e0 ce qu&#8217;il touche le clitoris pour le caresser et, lors de la p\u00e9n\u00e9tration, il aura une sensation<\/p>\n","protected":false},"featured_media":83930,"template":"","meta":[],"pwb-brand":[3608],"product_brand":[],"product_cat":[3273,3270,3262,3276,3368],"product_tag":[],"giftcard-category":[],"class_list":{"0":"post-77423","1":"product","2":"type-product","3":"status-publish","4":"has-post-thumbnail","6":"pwb-brand-bracli-2","7":"product_cat-open-thong","8":"product_cat-panties","9":"product_cat-sexy-woman-lingerie","10":"product_cat-sexy-thong","11":"product_cat-show-main-en","12":"pa_collection-sydney","14":"first","15":"instock","16":"taxable","17":"shipping-taxable","18":"purchasable","19":"product-type-variable","20":"has-default-attributes"},"yoast_head":"<!-- This site is optimized with the Yoast SEO plugin v27.3 - https:\/\/yoast.com\/product\/yoast-seo-wordpress\/ -->\n<title>Tanga ouvert en dentelle avec perles double Sydney - noir \u2013 BRACLI - Madame Sensuelle<\/title>\n<meta name=\"description\" content=\"Tanga ouvert en dentelle d\u00e9licate Italienne et d\u00e9tails en lurex. Avec ce mod\u00e8le Bracli va encore plus loin gr\u00e2ce au double perle qui offre une stimulation aux deux membre du couple. L&#039;anneau de perles doit \u00eatre d\u00e9plac\u00e9 jusqu&#039;\u00e0 ce qu&#039;il touche le clitoris pour le caresser et, lors de la p\u00e9n\u00e9tration, il aura une sensation suppl\u00e9mentaire en passant son p\u00e9nis \u00e0 travers le trou form\u00e9 par les deux colliers de perles.\" \/>\n<meta name=\"robots\" content=\"index, follow, max-snippet:-1, max-image-preview:large, max-video-preview:-1\" \/>\n<link rel=\"canonical\" href=\"https:\/\/madame-sensuelle.paris\/en\/product\/c-b-2019000045254\/\" \/>\n<meta property=\"og:locale\" content=\"en_US\" \/>\n<meta property=\"og:type\" content=\"article\" \/>\n<meta property=\"og:title\" content=\"Tanga ouvert en dentelle avec perles double Sydney - noir \u2013 BRACLI - Madame Sensuelle\" \/>\n<meta property=\"og:description\" content=\"Tanga ouvert en dentelle d\u00e9licate Italienne et d\u00e9tails en lurex. Avec ce mod\u00e8le Bracli va encore plus loin gr\u00e2ce au double perle qui offre une stimulation aux deux membre du couple. L&#039;anneau de perles doit \u00eatre d\u00e9plac\u00e9 jusqu&#039;\u00e0 ce qu&#039;il touche le clitoris pour le caresser et, lors de la p\u00e9n\u00e9tration, il aura une sensation suppl\u00e9mentaire en passant son p\u00e9nis \u00e0 travers le trou form\u00e9 par les deux colliers de perles.\" \/>\n<meta property=\"og:url\" content=\"https:\/\/madame-sensuelle.paris\/en\/product\/c-b-2019000045254\/\" \/>\n<meta property=\"og:site_name\" content=\"Madame Sensuelle\" \/>\n<meta property=\"article:publisher\" content=\"https:\/\/www.facebook.com\/madamesensuelle\" \/>\n<meta property=\"article:modified_time\" content=\"2026-04-04T23:12:03+00:00\" \/>\n<meta property=\"og:image\" content=\"https:\/\/madame-sensuelle.paris\/wp-content\/uploads\/2024\/03\/dou.png\" \/>\n\t<meta property=\"og:image:width\" content=\"800\" \/>\n\t<meta property=\"og:image:height\" content=\"1200\" \/>\n\t<meta property=\"og:image:type\" content=\"image\/png\" \/>\n<meta name=\"twitter:card\" content=\"summary_large_image\" \/>\n<meta name=\"twitter:label1\" content=\"Est. reading time\" \/>\n\t<meta name=\"twitter:data1\" content=\"2 minutes\" \/>\n<script type=\"application\/ld+json\" class=\"yoast-schema-graph\">{\"@context\":\"https:\\\/\\\/schema.org\",\"@graph\":[{\"@type\":\"WebPage\",\"@id\":\"https:\\\/\\\/madame-sensuelle.paris\\\/en\\\/product\\\/c-b-2019000045254\\\/\",\"url\":\"https:\\\/\\\/madame-sensuelle.paris\\\/en\\\/product\\\/c-b-2019000045254\\\/\",\"name\":\"Tanga ouvert en dentelle avec perles double Sydney - noir \u2013 BRACLI - Madame Sensuelle\",\"isPartOf\":{\"@id\":\"https:\\\/\\\/madame-sensuelle.paris\\\/en\\\/#website\"},\"primaryImageOfPage\":{\"@id\":\"https:\\\/\\\/madame-sensuelle.paris\\\/en\\\/product\\\/c-b-2019000045254\\\/#primaryimage\"},\"image\":{\"@id\":\"https:\\\/\\\/madame-sensuelle.paris\\\/en\\\/product\\\/c-b-2019000045254\\\/#primaryimage\"},\"thumbnailUrl\":\"https:\\\/\\\/madame-sensuelle.paris\\\/wp-content\\\/uploads\\\/2024\\\/03\\\/dou.png\",\"datePublished\":\"2024-03-25T03:09:08+00:00\",\"dateModified\":\"2026-04-04T23:12:03+00:00\",\"description\":\"Tanga ouvert en dentelle d\u00e9licate Italienne et d\u00e9tails en lurex. Avec ce mod\u00e8le Bracli va encore plus loin gr\u00e2ce au double perle qui offre une stimulation aux deux membre du couple. L'anneau de perles doit \u00eatre d\u00e9plac\u00e9 jusqu'\u00e0 ce qu'il touche le clitoris pour le caresser et, lors de la p\u00e9n\u00e9tration, il aura une sensation suppl\u00e9mentaire en passant son p\u00e9nis \u00e0 travers le trou form\u00e9 par les deux colliers de perles.\",\"breadcrumb\":{\"@id\":\"https:\\\/\\\/madame-sensuelle.paris\\\/en\\\/product\\\/c-b-2019000045254\\\/#breadcrumb\"},\"inLanguage\":\"en-US\",\"potentialAction\":[{\"@type\":\"ReadAction\",\"target\":[\"https:\\\/\\\/madame-sensuelle.paris\\\/en\\\/product\\\/c-b-2019000045254\\\/\"]}]},{\"@type\":\"ImageObject\",\"inLanguage\":\"en-US\",\"@id\":\"https:\\\/\\\/madame-sensuelle.paris\\\/en\\\/product\\\/c-b-2019000045254\\\/#primaryimage\",\"url\":\"https:\\\/\\\/madame-sensuelle.paris\\\/wp-content\\\/uploads\\\/2024\\\/03\\\/dou.png\",\"contentUrl\":\"https:\\\/\\\/madame-sensuelle.paris\\\/wp-content\\\/uploads\\\/2024\\\/03\\\/dou.png\",\"width\":800,\"height\":1200},{\"@type\":\"BreadcrumbList\",\"@id\":\"https:\\\/\\\/madame-sensuelle.paris\\\/en\\\/product\\\/c-b-2019000045254\\\/#breadcrumb\",\"itemListElement\":[{\"@type\":\"ListItem\",\"position\":1,\"name\":\"Acceuil\",\"item\":\"https:\\\/\\\/madame-sensuelle.paris\\\/en\\\/home\\\/\"},{\"@type\":\"ListItem\",\"position\":2,\"name\":\"Catalog\",\"item\":\"https:\\\/\\\/madame-sensuelle.paris\\\/en\\\/catalogue\\\/\"},{\"@type\":\"ListItem\",\"position\":3,\"name\":\"BRACLI\",\"item\":\"https:\\\/\\\/madame-sensuelle.paris\\\/en\\\/brand\\\/bracli-2\\\/\"},{\"@type\":\"ListItem\",\"position\":4,\"name\":\"Tanga ouvert en dentelle avec perles double Sydney &#8211; noir\"}]},{\"@type\":\"WebSite\",\"@id\":\"https:\\\/\\\/madame-sensuelle.paris\\\/en\\\/#website\",\"url\":\"https:\\\/\\\/madame-sensuelle.paris\\\/en\\\/\",\"name\":\"MADAME SENSUELLE\",\"description\":\"MADAME SENSUELLE: Found the biggest exciting brands of chic &amp; SEXY LINGERIE in Paris Boutique and on the WEB: Aubade, Dita Von Teese, Maison Close, Marjolaine, Bluebella, Atelier Amour, Luxxa, Catanzaro, Gracija Rim. You will found the big pleasure of sexy belt or bra make for you\",\"publisher\":{\"@id\":\"https:\\\/\\\/madame-sensuelle.paris\\\/en\\\/#organization\"},\"potentialAction\":[{\"@type\":\"SearchAction\",\"target\":{\"@type\":\"EntryPoint\",\"urlTemplate\":\"https:\\\/\\\/madame-sensuelle.paris\\\/en\\\/?s={search_term_string}\"},\"query-input\":{\"@type\":\"PropertyValueSpecification\",\"valueRequired\":true,\"valueName\":\"search_term_string\"}}],\"inLanguage\":\"en-US\"},{\"@type\":\"Organization\",\"@id\":\"https:\\\/\\\/madame-sensuelle.paris\\\/en\\\/#organization\",\"name\":\"Madame Sensuelle\",\"url\":\"https:\\\/\\\/madame-sensuelle.paris\\\/en\\\/\",\"logo\":{\"@type\":\"ImageObject\",\"inLanguage\":\"en-US\",\"@id\":\"https:\\\/\\\/madame-sensuelle.paris\\\/en\\\/#\\\/schema\\\/logo\\\/image\\\/\",\"url\":\"https:\\\/\\\/madame-sensuelle.paris\\\/wp-content\\\/uploads\\\/2024\\\/12\\\/logo_a-1-1_696.webp\",\"contentUrl\":\"https:\\\/\\\/madame-sensuelle.paris\\\/wp-content\\\/uploads\\\/2024\\\/12\\\/logo_a-1-1_696.webp\",\"width\":696,\"height\":696,\"caption\":\"Madame Sensuelle\"},\"image\":{\"@id\":\"https:\\\/\\\/madame-sensuelle.paris\\\/en\\\/#\\\/schema\\\/logo\\\/image\\\/\"},\"sameAs\":[\"https:\\\/\\\/www.facebook.com\\\/madamesensuelle\",\"https:\\\/\\\/www.instagram.com\\\/madame_sensuelle\\\/\"]}]}<\/script>\n<!-- \/ Yoast SEO plugin. -->","yoast_head_json":{"title":"Tanga ouvert en dentelle avec perles double Sydney - noir \u2013 BRACLI - Madame Sensuelle","description":"Tanga ouvert en dentelle d\u00e9licate Italienne et d\u00e9tails en lurex. Avec ce mod\u00e8le Bracli va encore plus loin gr\u00e2ce au double perle qui offre une stimulation aux deux membre du couple. L'anneau de perles doit \u00eatre d\u00e9plac\u00e9 jusqu'\u00e0 ce qu'il touche le clitoris pour le caresser et, lors de la p\u00e9n\u00e9tration, il aura une sensation suppl\u00e9mentaire en passant son p\u00e9nis \u00e0 travers le trou form\u00e9 par les deux colliers de perles.","robots":{"index":"index","follow":"follow","max-snippet":"max-snippet:-1","max-image-preview":"max-image-preview:large","max-video-preview":"max-video-preview:-1"},"canonical":"https:\/\/madame-sensuelle.paris\/en\/product\/c-b-2019000045254\/","og_locale":"en_US","og_type":"article","og_title":"Tanga ouvert en dentelle avec perles double Sydney - noir \u2013 BRACLI - Madame Sensuelle","og_description":"Tanga ouvert en dentelle d\u00e9licate Italienne et d\u00e9tails en lurex. Avec ce mod\u00e8le Bracli va encore plus loin gr\u00e2ce au double perle qui offre une stimulation aux deux membre du couple. L'anneau de perles doit \u00eatre d\u00e9plac\u00e9 jusqu'\u00e0 ce qu'il touche le clitoris pour le caresser et, lors de la p\u00e9n\u00e9tration, il aura une sensation suppl\u00e9mentaire en passant son p\u00e9nis \u00e0 travers le trou form\u00e9 par les deux colliers de perles.","og_url":"https:\/\/madame-sensuelle.paris\/en\/product\/c-b-2019000045254\/","og_site_name":"Madame Sensuelle","article_publisher":"https:\/\/www.facebook.com\/madamesensuelle","article_modified_time":"2026-04-04T23:12:03+00:00","og_image":[{"width":800,"height":1200,"url":"https:\/\/madame-sensuelle.paris\/wp-content\/uploads\/2024\/03\/dou.png","type":"image\/png"}],"twitter_card":"summary_large_image","twitter_misc":{"Est. reading time":"2 minutes"},"schema":{"@context":"https:\/\/schema.org","@graph":[{"@type":"WebPage","@id":"https:\/\/madame-sensuelle.paris\/en\/product\/c-b-2019000045254\/","url":"https:\/\/madame-sensuelle.paris\/en\/product\/c-b-2019000045254\/","name":"Tanga ouvert en dentelle avec perles double Sydney - noir \u2013 BRACLI - Madame Sensuelle","isPartOf":{"@id":"https:\/\/madame-sensuelle.paris\/en\/#website"},"primaryImageOfPage":{"@id":"https:\/\/madame-sensuelle.paris\/en\/product\/c-b-2019000045254\/#primaryimage"},"image":{"@id":"https:\/\/madame-sensuelle.paris\/en\/product\/c-b-2019000045254\/#primaryimage"},"thumbnailUrl":"https:\/\/madame-sensuelle.paris\/wp-content\/uploads\/2024\/03\/dou.png","datePublished":"2024-03-25T03:09:08+00:00","dateModified":"2026-04-04T23:12:03+00:00","description":"Tanga ouvert en dentelle d\u00e9licate Italienne et d\u00e9tails en lurex. Avec ce mod\u00e8le Bracli va encore plus loin gr\u00e2ce au double perle qui offre une stimulation aux deux membre du couple. L'anneau de perles doit \u00eatre d\u00e9plac\u00e9 jusqu'\u00e0 ce qu'il touche le clitoris pour le caresser et, lors de la p\u00e9n\u00e9tration, il aura une sensation suppl\u00e9mentaire en passant son p\u00e9nis \u00e0 travers le trou form\u00e9 par les deux colliers de perles.","breadcrumb":{"@id":"https:\/\/madame-sensuelle.paris\/en\/product\/c-b-2019000045254\/#breadcrumb"},"inLanguage":"en-US","potentialAction":[{"@type":"ReadAction","target":["https:\/\/madame-sensuelle.paris\/en\/product\/c-b-2019000045254\/"]}]},{"@type":"ImageObject","inLanguage":"en-US","@id":"https:\/\/madame-sensuelle.paris\/en\/product\/c-b-2019000045254\/#primaryimage","url":"https:\/\/madame-sensuelle.paris\/wp-content\/uploads\/2024\/03\/dou.png","contentUrl":"https:\/\/madame-sensuelle.paris\/wp-content\/uploads\/2024\/03\/dou.png","width":800,"height":1200},{"@type":"BreadcrumbList","@id":"https:\/\/madame-sensuelle.paris\/en\/product\/c-b-2019000045254\/#breadcrumb","itemListElement":[{"@type":"ListItem","position":1,"name":"Acceuil","item":"https:\/\/madame-sensuelle.paris\/en\/home\/"},{"@type":"ListItem","position":2,"name":"Catalog","item":"https:\/\/madame-sensuelle.paris\/en\/catalogue\/"},{"@type":"ListItem","position":3,"name":"BRACLI","item":"https:\/\/madame-sensuelle.paris\/en\/brand\/bracli-2\/"},{"@type":"ListItem","position":4,"name":"Tanga ouvert en dentelle avec perles double Sydney &#8211; noir"}]},{"@type":"WebSite","@id":"https:\/\/madame-sensuelle.paris\/en\/#website","url":"https:\/\/madame-sensuelle.paris\/en\/","name":"MADAME SENSUELLE","description":"MADAME SENSUELLE: Found the biggest exciting brands of chic &amp; SEXY LINGERIE in Paris Boutique and on the WEB: Aubade, Dita Von Teese, Maison Close, Marjolaine, Bluebella, Atelier Amour, Luxxa, Catanzaro, Gracija Rim. You will found the big pleasure of sexy belt or bra make for you","publisher":{"@id":"https:\/\/madame-sensuelle.paris\/en\/#organization"},"potentialAction":[{"@type":"SearchAction","target":{"@type":"EntryPoint","urlTemplate":"https:\/\/madame-sensuelle.paris\/en\/?s={search_term_string}"},"query-input":{"@type":"PropertyValueSpecification","valueRequired":true,"valueName":"search_term_string"}}],"inLanguage":"en-US"},{"@type":"Organization","@id":"https:\/\/madame-sensuelle.paris\/en\/#organization","name":"Madame Sensuelle","url":"https:\/\/madame-sensuelle.paris\/en\/","logo":{"@type":"ImageObject","inLanguage":"en-US","@id":"https:\/\/madame-sensuelle.paris\/en\/#\/schema\/logo\/image\/","url":"https:\/\/madame-sensuelle.paris\/wp-content\/uploads\/2024\/12\/logo_a-1-1_696.webp","contentUrl":"https:\/\/madame-sensuelle.paris\/wp-content\/uploads\/2024\/12\/logo_a-1-1_696.webp","width":696,"height":696,"caption":"Madame Sensuelle"},"image":{"@id":"https:\/\/madame-sensuelle.paris\/en\/#\/schema\/logo\/image\/"},"sameAs":["https:\/\/www.facebook.com\/madamesensuelle","https:\/\/www.instagram.com\/madame_sensuelle\/"]}]}},"brands":[{"id":3608,"name":"BRACLI","slug":"bracli-2"}],"_links":{"self":[{"href":"https:\/\/madame-sensuelle.paris\/en\/wp-json\/wp\/v2\/product\/77423","targetHints":{"allow":["GET"]}}],"collection":[{"href":"https:\/\/madame-sensuelle.paris\/en\/wp-json\/wp\/v2\/product"}],"about":[{"href":"https:\/\/madame-sensuelle.paris\/en\/wp-json\/wp\/v2\/types\/product"}],"version-history":[{"count":1,"href":"https:\/\/madame-sensuelle.paris\/en\/wp-json\/wp\/v2\/product\/77423\/revisions"}],"predecessor-version":[{"id":108336,"href":"https:\/\/madame-sensuelle.paris\/en\/wp-json\/wp\/v2\/product\/77423\/revisions\/108336"}],"wp:featuredmedia":[{"embeddable":true,"href":"https:\/\/madame-sensuelle.paris\/en\/wp-json\/wp\/v2\/media\/83930"}],"wp:attachment":[{"href":"https:\/\/madame-sensuelle.paris\/en\/wp-json\/wp\/v2\/media?parent=77423"}],"wp:term":[{"taxonomy":"pwb-brand","embeddable":true,"href":"https:\/\/madame-sensuelle.paris\/en\/wp-json\/wp\/v2\/pwb-brand?post=77423"},{"taxonomy":"product_brand","embeddable":true,"href":"https:\/\/madame-sensuelle.paris\/en\/wp-json\/wp\/v2\/product_brand?post=77423"},{"taxonomy":"product_cat","embeddable":true,"href":"https:\/\/madame-sensuelle.paris\/en\/wp-json\/wp\/v2\/product_cat?post=77423"},{"taxonomy":"product_tag","embeddable":true,"href":"https:\/\/madame-sensuelle.paris\/en\/wp-json\/wp\/v2\/product_tag?post=77423"},{"taxonomy":"giftcard-category","embeddable":true,"href":"https:\/\/madame-sensuelle.paris\/en\/wp-json\/wp\/v2\/giftcard-category?post=77423"}],"curies":[{"name":"wp","href":"https:\/\/api.w.org\/{rel}","templated":true}]}}