{"id":78675,"date":"2024-03-10T13:05:55","date_gmt":"2024-03-10T13:05:55","guid":{"rendered":"https:\/\/madame-sensuelle.eu\/?post_type=product&#038;p=78675"},"modified":"2026-04-02T17:27:10","modified_gmt":"2026-04-02T17:27:10","slug":"bi-8436562014001-tu-none","status":"publish","type":"product","link":"https:\/\/madame-sensuelle.paris\/en\/product\/bi-8436562014001-tu-none\/","title":{"rendered":"Baume clitoridien Bad day killer"},"content":{"rendered":"<p>Ce baume sp\u00e9cial clitoris pr\u00e9pare votre corps \u00e0 vivre des orgasmes plus intenses. Il offre une texture douce gr\u00e2ce \u00e0 sa base d\u2019huile de coco et d\u2019huile d\u2019amande, et procure un effet chauffant instantan\u00e9 qui active la circulation sanguine au niveau de votre clitoris pour en augmenter la sensibilit\u00e9. Passez votre doigt sur la surface du baume puis appliquez-le sur votre clitoris : vous remarquerez instantan\u00e9ment son effet chauffant ! Compatible avec les jouets \u00e9rotiques. Dur\u00e9e : +\/- 30 minutes (variable selon la personne) Sensations plus fortes : effet chauffant (Thermolat) Sensibilit\u00e9 accrue : arginine. Contenu: baume sp\u00e9cial clitoris. Ar\u00f4me: Anis \u00e9toil\u00e9. Bijoux Indiscrets. Informations importantes : Le baume contient de l\u2019huile d&#8217;amande (+).<\/p>\n","protected":false},"excerpt":{"rendered":"<p>Ce baume sp\u00e9cial clitoris pr\u00e9pare votre corps \u00e0 vivre des orgasmes plus intenses. Il offre une texture douce gr\u00e2ce \u00e0 sa base d\u2019huile de coco et d\u2019huile d\u2019amande, et procure un effet chauffant instantan\u00e9 qui active la circulation sanguine au niveau de votre clitoris pour en augmenter la sensibilit\u00e9. Passez votre doigt sur la surface<\/p>\n","protected":false},"featured_media":87243,"template":"","meta":[],"pwb-brand":[3584],"product_brand":[],"product_cat":[3250,3252,3258],"product_tag":[],"giftcard-category":[],"class_list":{"0":"post-78675","1":"product","2":"type-product","3":"status-publish","4":"has-post-thumbnail","6":"pwb-brand-bijoux-indiscrets-2","7":"product_cat-body-cosmetics","8":"product_cat-intimate-cosmetics","9":"product_cat-gifts-ideas","11":"first","12":"outofstock","13":"taxable","14":"shipping-taxable","15":"purchasable","16":"product-type-variable","17":"has-default-attributes"},"yoast_head":"<!-- This site is optimized with the Yoast SEO plugin v27.3 - https:\/\/yoast.com\/product\/yoast-seo-wordpress\/ -->\n<title>Baume clitoridien Bad day killer \u2013 BIJOUX INDISCRETS - Madame Sensuelle<\/title>\n<meta name=\"description\" content=\"Le mod\u00e8le Baume clitoridien Bad day killer sign\u00e9 BIJOUX INDISCRETS, \u00e0 d\u00e9couvrir chez Madame Sensuelle. Essayage VIP disponible.\" \/>\n<meta name=\"robots\" content=\"index, follow, max-snippet:-1, max-image-preview:large, max-video-preview:-1\" \/>\n<link rel=\"canonical\" href=\"https:\/\/madame-sensuelle.paris\/en\/product\/bi-8436562014001-tu-none\/\" \/>\n<meta property=\"og:locale\" content=\"en_US\" \/>\n<meta property=\"og:type\" content=\"article\" \/>\n<meta property=\"og:title\" content=\"Baume clitoridien Bad day killer \u2013 BIJOUX INDISCRETS - Madame Sensuelle\" \/>\n<meta property=\"og:description\" content=\"Le mod\u00e8le Baume clitoridien Bad day killer sign\u00e9 BIJOUX INDISCRETS, \u00e0 d\u00e9couvrir chez Madame Sensuelle. Essayage VIP disponible.\" \/>\n<meta property=\"og:url\" content=\"https:\/\/madame-sensuelle.paris\/en\/product\/bi-8436562014001-tu-none\/\" \/>\n<meta property=\"og:site_name\" content=\"Madame Sensuelle\" \/>\n<meta property=\"article:publisher\" content=\"https:\/\/www.facebook.com\/madamesensuelle\" \/>\n<meta property=\"article:modified_time\" content=\"2026-04-02T17:27:10+00:00\" \/>\n<meta property=\"og:image\" content=\"https:\/\/madame-sensuelle.paris\/wp-content\/uploads\/2024\/03\/clitherapy-clitoral-balm-bad-day-killer_1.jpg\" \/>\n\t<meta property=\"og:image:width\" content=\"800\" \/>\n\t<meta property=\"og:image:height\" content=\"1200\" \/>\n\t<meta property=\"og:image:type\" content=\"image\/jpeg\" \/>\n<meta name=\"twitter:card\" content=\"summary_large_image\" \/>\n<meta name=\"twitter:label1\" content=\"Est. reading time\" \/>\n\t<meta name=\"twitter:data1\" content=\"1 minute\" \/>\n<script type=\"application\/ld+json\" class=\"yoast-schema-graph\">{\"@context\":\"https:\\\/\\\/schema.org\",\"@graph\":[{\"@type\":\"WebPage\",\"@id\":\"https:\\\/\\\/madame-sensuelle.paris\\\/en\\\/product\\\/bi-8436562014001-tu-none\\\/\",\"url\":\"https:\\\/\\\/madame-sensuelle.paris\\\/en\\\/product\\\/bi-8436562014001-tu-none\\\/\",\"name\":\"Baume clitoridien Bad day killer \u2013 BIJOUX INDISCRETS - Madame Sensuelle\",\"isPartOf\":{\"@id\":\"https:\\\/\\\/madame-sensuelle.paris\\\/en\\\/#website\"},\"primaryImageOfPage\":{\"@id\":\"https:\\\/\\\/madame-sensuelle.paris\\\/en\\\/product\\\/bi-8436562014001-tu-none\\\/#primaryimage\"},\"image\":{\"@id\":\"https:\\\/\\\/madame-sensuelle.paris\\\/en\\\/product\\\/bi-8436562014001-tu-none\\\/#primaryimage\"},\"thumbnailUrl\":\"https:\\\/\\\/madame-sensuelle.paris\\\/wp-content\\\/uploads\\\/2024\\\/03\\\/clitherapy-clitoral-balm-bad-day-killer_1.jpg\",\"datePublished\":\"2024-03-10T13:05:55+00:00\",\"dateModified\":\"2026-04-02T17:27:10+00:00\",\"description\":\"Le mod\u00e8le Baume clitoridien Bad day killer sign\u00e9 BIJOUX INDISCRETS, \u00e0 d\u00e9couvrir chez Madame Sensuelle. Essayage VIP disponible.\",\"breadcrumb\":{\"@id\":\"https:\\\/\\\/madame-sensuelle.paris\\\/en\\\/product\\\/bi-8436562014001-tu-none\\\/#breadcrumb\"},\"inLanguage\":\"en-US\",\"potentialAction\":[{\"@type\":\"ReadAction\",\"target\":[\"https:\\\/\\\/madame-sensuelle.paris\\\/en\\\/product\\\/bi-8436562014001-tu-none\\\/\"]}]},{\"@type\":\"ImageObject\",\"inLanguage\":\"en-US\",\"@id\":\"https:\\\/\\\/madame-sensuelle.paris\\\/en\\\/product\\\/bi-8436562014001-tu-none\\\/#primaryimage\",\"url\":\"https:\\\/\\\/madame-sensuelle.paris\\\/wp-content\\\/uploads\\\/2024\\\/03\\\/clitherapy-clitoral-balm-bad-day-killer_1.jpg\",\"contentUrl\":\"https:\\\/\\\/madame-sensuelle.paris\\\/wp-content\\\/uploads\\\/2024\\\/03\\\/clitherapy-clitoral-balm-bad-day-killer_1.jpg\",\"width\":800,\"height\":1200},{\"@type\":\"BreadcrumbList\",\"@id\":\"https:\\\/\\\/madame-sensuelle.paris\\\/en\\\/product\\\/bi-8436562014001-tu-none\\\/#breadcrumb\",\"itemListElement\":[{\"@type\":\"ListItem\",\"position\":1,\"name\":\"Acceuil\",\"item\":\"https:\\\/\\\/madame-sensuelle.paris\\\/en\\\/home\\\/\"},{\"@type\":\"ListItem\",\"position\":2,\"name\":\"Catalog\",\"item\":\"https:\\\/\\\/madame-sensuelle.paris\\\/en\\\/catalogue\\\/\"},{\"@type\":\"ListItem\",\"position\":3,\"name\":\"BIJOUX INDISCRETS\",\"item\":\"https:\\\/\\\/madame-sensuelle.paris\\\/en\\\/brand\\\/bijoux-indiscrets-2\\\/\"},{\"@type\":\"ListItem\",\"position\":4,\"name\":\"Baume clitoridien Bad day killer\"}]},{\"@type\":\"WebSite\",\"@id\":\"https:\\\/\\\/madame-sensuelle.paris\\\/en\\\/#website\",\"url\":\"https:\\\/\\\/madame-sensuelle.paris\\\/en\\\/\",\"name\":\"MADAME SENSUELLE\",\"description\":\"MADAME SENSUELLE: Found the biggest exciting brands of chic &amp; SEXY LINGERIE in Paris Boutique and on the WEB: Aubade, Dita Von Teese, Maison Close, Marjolaine, Bluebella, Atelier Amour, Luxxa, Catanzaro, Gracija Rim. You will found the big pleasure of sexy belt or bra make for you\",\"publisher\":{\"@id\":\"https:\\\/\\\/madame-sensuelle.paris\\\/en\\\/#organization\"},\"potentialAction\":[{\"@type\":\"SearchAction\",\"target\":{\"@type\":\"EntryPoint\",\"urlTemplate\":\"https:\\\/\\\/madame-sensuelle.paris\\\/en\\\/?s={search_term_string}\"},\"query-input\":{\"@type\":\"PropertyValueSpecification\",\"valueRequired\":true,\"valueName\":\"search_term_string\"}}],\"inLanguage\":\"en-US\"},{\"@type\":\"Organization\",\"@id\":\"https:\\\/\\\/madame-sensuelle.paris\\\/en\\\/#organization\",\"name\":\"Madame Sensuelle\",\"url\":\"https:\\\/\\\/madame-sensuelle.paris\\\/en\\\/\",\"logo\":{\"@type\":\"ImageObject\",\"inLanguage\":\"en-US\",\"@id\":\"https:\\\/\\\/madame-sensuelle.paris\\\/en\\\/#\\\/schema\\\/logo\\\/image\\\/\",\"url\":\"https:\\\/\\\/madame-sensuelle.paris\\\/wp-content\\\/uploads\\\/2024\\\/12\\\/logo_a-1-1_696.webp\",\"contentUrl\":\"https:\\\/\\\/madame-sensuelle.paris\\\/wp-content\\\/uploads\\\/2024\\\/12\\\/logo_a-1-1_696.webp\",\"width\":696,\"height\":696,\"caption\":\"Madame Sensuelle\"},\"image\":{\"@id\":\"https:\\\/\\\/madame-sensuelle.paris\\\/en\\\/#\\\/schema\\\/logo\\\/image\\\/\"},\"sameAs\":[\"https:\\\/\\\/www.facebook.com\\\/madamesensuelle\",\"https:\\\/\\\/www.instagram.com\\\/madame_sensuelle\\\/\"]}]}<\/script>\n<!-- \/ Yoast SEO plugin. -->","yoast_head_json":{"title":"Baume clitoridien Bad day killer \u2013 BIJOUX INDISCRETS - Madame Sensuelle","description":"Le mod\u00e8le Baume clitoridien Bad day killer sign\u00e9 BIJOUX INDISCRETS, \u00e0 d\u00e9couvrir chez Madame Sensuelle. Essayage VIP disponible.","robots":{"index":"index","follow":"follow","max-snippet":"max-snippet:-1","max-image-preview":"max-image-preview:large","max-video-preview":"max-video-preview:-1"},"canonical":"https:\/\/madame-sensuelle.paris\/en\/product\/bi-8436562014001-tu-none\/","og_locale":"en_US","og_type":"article","og_title":"Baume clitoridien Bad day killer \u2013 BIJOUX INDISCRETS - Madame Sensuelle","og_description":"Le mod\u00e8le Baume clitoridien Bad day killer sign\u00e9 BIJOUX INDISCRETS, \u00e0 d\u00e9couvrir chez Madame Sensuelle. Essayage VIP disponible.","og_url":"https:\/\/madame-sensuelle.paris\/en\/product\/bi-8436562014001-tu-none\/","og_site_name":"Madame Sensuelle","article_publisher":"https:\/\/www.facebook.com\/madamesensuelle","article_modified_time":"2026-04-02T17:27:10+00:00","og_image":[{"width":800,"height":1200,"url":"https:\/\/madame-sensuelle.paris\/wp-content\/uploads\/2024\/03\/clitherapy-clitoral-balm-bad-day-killer_1.jpg","type":"image\/jpeg"}],"twitter_card":"summary_large_image","twitter_misc":{"Est. reading time":"1 minute"},"schema":{"@context":"https:\/\/schema.org","@graph":[{"@type":"WebPage","@id":"https:\/\/madame-sensuelle.paris\/en\/product\/bi-8436562014001-tu-none\/","url":"https:\/\/madame-sensuelle.paris\/en\/product\/bi-8436562014001-tu-none\/","name":"Baume clitoridien Bad day killer \u2013 BIJOUX INDISCRETS - Madame Sensuelle","isPartOf":{"@id":"https:\/\/madame-sensuelle.paris\/en\/#website"},"primaryImageOfPage":{"@id":"https:\/\/madame-sensuelle.paris\/en\/product\/bi-8436562014001-tu-none\/#primaryimage"},"image":{"@id":"https:\/\/madame-sensuelle.paris\/en\/product\/bi-8436562014001-tu-none\/#primaryimage"},"thumbnailUrl":"https:\/\/madame-sensuelle.paris\/wp-content\/uploads\/2024\/03\/clitherapy-clitoral-balm-bad-day-killer_1.jpg","datePublished":"2024-03-10T13:05:55+00:00","dateModified":"2026-04-02T17:27:10+00:00","description":"Le mod\u00e8le Baume clitoridien Bad day killer sign\u00e9 BIJOUX INDISCRETS, \u00e0 d\u00e9couvrir chez Madame Sensuelle. Essayage VIP disponible.","breadcrumb":{"@id":"https:\/\/madame-sensuelle.paris\/en\/product\/bi-8436562014001-tu-none\/#breadcrumb"},"inLanguage":"en-US","potentialAction":[{"@type":"ReadAction","target":["https:\/\/madame-sensuelle.paris\/en\/product\/bi-8436562014001-tu-none\/"]}]},{"@type":"ImageObject","inLanguage":"en-US","@id":"https:\/\/madame-sensuelle.paris\/en\/product\/bi-8436562014001-tu-none\/#primaryimage","url":"https:\/\/madame-sensuelle.paris\/wp-content\/uploads\/2024\/03\/clitherapy-clitoral-balm-bad-day-killer_1.jpg","contentUrl":"https:\/\/madame-sensuelle.paris\/wp-content\/uploads\/2024\/03\/clitherapy-clitoral-balm-bad-day-killer_1.jpg","width":800,"height":1200},{"@type":"BreadcrumbList","@id":"https:\/\/madame-sensuelle.paris\/en\/product\/bi-8436562014001-tu-none\/#breadcrumb","itemListElement":[{"@type":"ListItem","position":1,"name":"Acceuil","item":"https:\/\/madame-sensuelle.paris\/en\/home\/"},{"@type":"ListItem","position":2,"name":"Catalog","item":"https:\/\/madame-sensuelle.paris\/en\/catalogue\/"},{"@type":"ListItem","position":3,"name":"BIJOUX INDISCRETS","item":"https:\/\/madame-sensuelle.paris\/en\/brand\/bijoux-indiscrets-2\/"},{"@type":"ListItem","position":4,"name":"Baume clitoridien Bad day killer"}]},{"@type":"WebSite","@id":"https:\/\/madame-sensuelle.paris\/en\/#website","url":"https:\/\/madame-sensuelle.paris\/en\/","name":"MADAME SENSUELLE","description":"MADAME SENSUELLE: Found the biggest exciting brands of chic &amp; SEXY LINGERIE in Paris Boutique and on the WEB: Aubade, Dita Von Teese, Maison Close, Marjolaine, Bluebella, Atelier Amour, Luxxa, Catanzaro, Gracija Rim. You will found the big pleasure of sexy belt or bra make for you","publisher":{"@id":"https:\/\/madame-sensuelle.paris\/en\/#organization"},"potentialAction":[{"@type":"SearchAction","target":{"@type":"EntryPoint","urlTemplate":"https:\/\/madame-sensuelle.paris\/en\/?s={search_term_string}"},"query-input":{"@type":"PropertyValueSpecification","valueRequired":true,"valueName":"search_term_string"}}],"inLanguage":"en-US"},{"@type":"Organization","@id":"https:\/\/madame-sensuelle.paris\/en\/#organization","name":"Madame Sensuelle","url":"https:\/\/madame-sensuelle.paris\/en\/","logo":{"@type":"ImageObject","inLanguage":"en-US","@id":"https:\/\/madame-sensuelle.paris\/en\/#\/schema\/logo\/image\/","url":"https:\/\/madame-sensuelle.paris\/wp-content\/uploads\/2024\/12\/logo_a-1-1_696.webp","contentUrl":"https:\/\/madame-sensuelle.paris\/wp-content\/uploads\/2024\/12\/logo_a-1-1_696.webp","width":696,"height":696,"caption":"Madame Sensuelle"},"image":{"@id":"https:\/\/madame-sensuelle.paris\/en\/#\/schema\/logo\/image\/"},"sameAs":["https:\/\/www.facebook.com\/madamesensuelle","https:\/\/www.instagram.com\/madame_sensuelle\/"]}]}},"brands":[{"id":3584,"name":"BIJOUX INDISCRETS","slug":"bijoux-indiscrets-2"}],"_links":{"self":[{"href":"https:\/\/madame-sensuelle.paris\/en\/wp-json\/wp\/v2\/product\/78675","targetHints":{"allow":["GET"]}}],"collection":[{"href":"https:\/\/madame-sensuelle.paris\/en\/wp-json\/wp\/v2\/product"}],"about":[{"href":"https:\/\/madame-sensuelle.paris\/en\/wp-json\/wp\/v2\/types\/product"}],"version-history":[{"count":1,"href":"https:\/\/madame-sensuelle.paris\/en\/wp-json\/wp\/v2\/product\/78675\/revisions"}],"predecessor-version":[{"id":114091,"href":"https:\/\/madame-sensuelle.paris\/en\/wp-json\/wp\/v2\/product\/78675\/revisions\/114091"}],"wp:featuredmedia":[{"embeddable":true,"href":"https:\/\/madame-sensuelle.paris\/en\/wp-json\/wp\/v2\/media\/87243"}],"wp:attachment":[{"href":"https:\/\/madame-sensuelle.paris\/en\/wp-json\/wp\/v2\/media?parent=78675"}],"wp:term":[{"taxonomy":"pwb-brand","embeddable":true,"href":"https:\/\/madame-sensuelle.paris\/en\/wp-json\/wp\/v2\/pwb-brand?post=78675"},{"taxonomy":"product_brand","embeddable":true,"href":"https:\/\/madame-sensuelle.paris\/en\/wp-json\/wp\/v2\/product_brand?post=78675"},{"taxonomy":"product_cat","embeddable":true,"href":"https:\/\/madame-sensuelle.paris\/en\/wp-json\/wp\/v2\/product_cat?post=78675"},{"taxonomy":"product_tag","embeddable":true,"href":"https:\/\/madame-sensuelle.paris\/en\/wp-json\/wp\/v2\/product_tag?post=78675"},{"taxonomy":"giftcard-category","embeddable":true,"href":"https:\/\/madame-sensuelle.paris\/en\/wp-json\/wp\/v2\/giftcard-category?post=78675"}],"curies":[{"name":"wp","href":"https:\/\/api.w.org\/{rel}","templated":true}]}}