{"id":79059,"date":"2024-03-10T13:07:28","date_gmt":"2024-03-10T13:07:28","guid":{"rendered":"https:\/\/madame-sensuelle.eu\/?post_type=product&#038;p=79059"},"modified":"2026-04-02T21:54:41","modified_gmt":"2026-04-02T21:54:41","slug":"bi-8436562014018-tu-blanc","status":"publish","type":"product","link":"https:\/\/madame-sensuelle.paris\/en\/product\/bi-8436562014018-tu-blanc\/","title":{"rendered":"Clitoridien balm Sexting balm"},"content":{"rendered":"<p>Ce baume sp\u00e9cial clitoris pr\u00e9pare votre corps \u00e0 vivre des orgasmes plus intenses. Il offre une texture douce gr\u00e2ce \u00e0 sa base d\u2019huile de coco et d\u2019huile d\u2019amande, et procure un effet chauffant instantan\u00e9 qui active la circulation sanguine au niveau de votre clitoris pour en augmenter la sensibilit\u00e9. Compatible avec les jouets \u00e9rotiques. Ingredients: Prunus Amygdalus Dulcis (Sweet Almond) Oil, Butyrospermum Parkii (Shea) Butter, Theobroma Cacao (Cocoa) Seed Butter, Candelilla Cera Wax, Cocos Nucifera (Coconut) Oil, Glycine Soja(Soybean) Oil, Parfum, Methyl Ethylamido Oxalate, Vanillyl Butyl Ether, Squalane, 1,2-Hexanediol, Caprylyl Glycol, Tocopherol, Beta-Sitosterol, Coumarin, Cinnamyl Alcohol, Linalool, Citral, Eugenol, Limonene, Cinnamal.<\/p>\n","protected":false},"excerpt":{"rendered":"<p>Ce baume sp\u00e9cial clitoris pr\u00e9pare votre corps \u00e0 vivre des orgasmes plus intenses. Il offre une texture douce gr\u00e2ce \u00e0 sa base d\u2019huile de coco et d\u2019huile d\u2019amande, et procure un effet chauffant instantan\u00e9 qui active la circulation sanguine au niveau de votre clitoris pour en augmenter la sensibilit\u00e9. Compatible avec les jouets \u00e9rotiques. Ingredients:<\/p>\n","protected":false},"featured_media":87247,"template":"","meta":[],"pwb-brand":[3584],"product_brand":[],"product_cat":[3250,3252],"product_tag":[],"giftcard-category":[],"class_list":{"0":"post-79059","1":"product","2":"type-product","3":"status-publish","4":"has-post-thumbnail","6":"pwb-brand-bijoux-indiscrets-2","7":"product_cat-body-cosmetics","8":"product_cat-intimate-cosmetics","10":"first","11":"outofstock","12":"taxable","13":"shipping-taxable","14":"purchasable","15":"product-type-variable","16":"has-default-attributes"},"yoast_head":"<!-- This site is optimized with the Yoast SEO plugin v27.3 - https:\/\/yoast.com\/product\/yoast-seo-wordpress\/ -->\n<title>Clitoridien balm Sexting balm \u2013 BIJOUX INDISCRETS - Madame Sensuelle<\/title>\n<meta name=\"description\" content=\"Le mod\u00e8le Clitoridien balm Sexting balm sign\u00e9 BIJOUX INDISCRETS, \u00e0 d\u00e9couvrir chez Madame Sensuelle. Essayage VIP disponible.\" \/>\n<meta name=\"robots\" content=\"index, follow, max-snippet:-1, max-image-preview:large, max-video-preview:-1\" \/>\n<link rel=\"canonical\" href=\"https:\/\/madame-sensuelle.paris\/en\/product\/bi-8436562014018-tu-blanc\/\" \/>\n<meta property=\"og:locale\" content=\"en_US\" \/>\n<meta property=\"og:type\" content=\"article\" \/>\n<meta property=\"og:title\" content=\"Clitoridien balm Sexting balm \u2013 BIJOUX INDISCRETS - Madame Sensuelle\" \/>\n<meta property=\"og:description\" content=\"Le mod\u00e8le Clitoridien balm Sexting balm sign\u00e9 BIJOUX INDISCRETS, \u00e0 d\u00e9couvrir chez Madame Sensuelle. Essayage VIP disponible.\" \/>\n<meta property=\"og:url\" content=\"https:\/\/madame-sensuelle.paris\/en\/product\/bi-8436562014018-tu-blanc\/\" \/>\n<meta property=\"og:site_name\" content=\"Madame Sensuelle\" \/>\n<meta property=\"article:publisher\" content=\"https:\/\/www.facebook.com\/madamesensuelle\" \/>\n<meta property=\"article:modified_time\" content=\"2026-04-02T21:54:41+00:00\" \/>\n<meta property=\"og:image\" content=\"https:\/\/madame-sensuelle.paris\/wp-content\/uploads\/2024\/03\/bijoux-indiscrets-sexting-balm.jpeg\" \/>\n\t<meta property=\"og:image:width\" content=\"800\" \/>\n\t<meta property=\"og:image:height\" content=\"800\" \/>\n\t<meta property=\"og:image:type\" content=\"image\/jpeg\" \/>\n<meta name=\"twitter:card\" content=\"summary_large_image\" \/>\n<meta name=\"twitter:label1\" content=\"Est. reading time\" \/>\n\t<meta name=\"twitter:data1\" content=\"1 minute\" \/>\n<script type=\"application\/ld+json\" class=\"yoast-schema-graph\">{\"@context\":\"https:\\\/\\\/schema.org\",\"@graph\":[{\"@type\":\"WebPage\",\"@id\":\"https:\\\/\\\/madame-sensuelle.paris\\\/en\\\/product\\\/bi-8436562014018-tu-blanc\\\/\",\"url\":\"https:\\\/\\\/madame-sensuelle.paris\\\/en\\\/product\\\/bi-8436562014018-tu-blanc\\\/\",\"name\":\"Clitoridien balm Sexting balm \u2013 BIJOUX INDISCRETS - Madame Sensuelle\",\"isPartOf\":{\"@id\":\"https:\\\/\\\/madame-sensuelle.paris\\\/en\\\/#website\"},\"primaryImageOfPage\":{\"@id\":\"https:\\\/\\\/madame-sensuelle.paris\\\/en\\\/product\\\/bi-8436562014018-tu-blanc\\\/#primaryimage\"},\"image\":{\"@id\":\"https:\\\/\\\/madame-sensuelle.paris\\\/en\\\/product\\\/bi-8436562014018-tu-blanc\\\/#primaryimage\"},\"thumbnailUrl\":\"https:\\\/\\\/madame-sensuelle.paris\\\/wp-content\\\/uploads\\\/2024\\\/03\\\/bijoux-indiscrets-sexting-balm.jpeg\",\"datePublished\":\"2024-03-10T13:07:28+00:00\",\"dateModified\":\"2026-04-02T21:54:41+00:00\",\"description\":\"Le mod\u00e8le Clitoridien balm Sexting balm sign\u00e9 BIJOUX INDISCRETS, \u00e0 d\u00e9couvrir chez Madame Sensuelle. Essayage VIP disponible.\",\"breadcrumb\":{\"@id\":\"https:\\\/\\\/madame-sensuelle.paris\\\/en\\\/product\\\/bi-8436562014018-tu-blanc\\\/#breadcrumb\"},\"inLanguage\":\"en-US\",\"potentialAction\":[{\"@type\":\"ReadAction\",\"target\":[\"https:\\\/\\\/madame-sensuelle.paris\\\/en\\\/product\\\/bi-8436562014018-tu-blanc\\\/\"]}]},{\"@type\":\"ImageObject\",\"inLanguage\":\"en-US\",\"@id\":\"https:\\\/\\\/madame-sensuelle.paris\\\/en\\\/product\\\/bi-8436562014018-tu-blanc\\\/#primaryimage\",\"url\":\"https:\\\/\\\/madame-sensuelle.paris\\\/wp-content\\\/uploads\\\/2024\\\/03\\\/bijoux-indiscrets-sexting-balm.jpeg\",\"contentUrl\":\"https:\\\/\\\/madame-sensuelle.paris\\\/wp-content\\\/uploads\\\/2024\\\/03\\\/bijoux-indiscrets-sexting-balm.jpeg\",\"width\":800,\"height\":800},{\"@type\":\"BreadcrumbList\",\"@id\":\"https:\\\/\\\/madame-sensuelle.paris\\\/en\\\/product\\\/bi-8436562014018-tu-blanc\\\/#breadcrumb\",\"itemListElement\":[{\"@type\":\"ListItem\",\"position\":1,\"name\":\"Acceuil\",\"item\":\"https:\\\/\\\/madame-sensuelle.paris\\\/en\\\/home\\\/\"},{\"@type\":\"ListItem\",\"position\":2,\"name\":\"Catalog\",\"item\":\"https:\\\/\\\/madame-sensuelle.paris\\\/en\\\/catalogue\\\/\"},{\"@type\":\"ListItem\",\"position\":3,\"name\":\"BIJOUX INDISCRETS\",\"item\":\"https:\\\/\\\/madame-sensuelle.paris\\\/en\\\/brand\\\/bijoux-indiscrets-2\\\/\"},{\"@type\":\"ListItem\",\"position\":4,\"name\":\"Clitoridien balm Sexting balm\"}]},{\"@type\":\"WebSite\",\"@id\":\"https:\\\/\\\/madame-sensuelle.paris\\\/en\\\/#website\",\"url\":\"https:\\\/\\\/madame-sensuelle.paris\\\/en\\\/\",\"name\":\"MADAME SENSUELLE\",\"description\":\"MADAME SENSUELLE: Found the biggest exciting brands of chic &amp; SEXY LINGERIE in Paris Boutique and on the WEB: Aubade, Dita Von Teese, Maison Close, Marjolaine, Bluebella, Atelier Amour, Luxxa, Catanzaro, Gracija Rim. You will found the big pleasure of sexy belt or bra make for you\",\"publisher\":{\"@id\":\"https:\\\/\\\/madame-sensuelle.paris\\\/en\\\/#organization\"},\"potentialAction\":[{\"@type\":\"SearchAction\",\"target\":{\"@type\":\"EntryPoint\",\"urlTemplate\":\"https:\\\/\\\/madame-sensuelle.paris\\\/en\\\/?s={search_term_string}\"},\"query-input\":{\"@type\":\"PropertyValueSpecification\",\"valueRequired\":true,\"valueName\":\"search_term_string\"}}],\"inLanguage\":\"en-US\"},{\"@type\":\"Organization\",\"@id\":\"https:\\\/\\\/madame-sensuelle.paris\\\/en\\\/#organization\",\"name\":\"Madame Sensuelle\",\"url\":\"https:\\\/\\\/madame-sensuelle.paris\\\/en\\\/\",\"logo\":{\"@type\":\"ImageObject\",\"inLanguage\":\"en-US\",\"@id\":\"https:\\\/\\\/madame-sensuelle.paris\\\/en\\\/#\\\/schema\\\/logo\\\/image\\\/\",\"url\":\"https:\\\/\\\/madame-sensuelle.paris\\\/wp-content\\\/uploads\\\/2024\\\/12\\\/logo_a-1-1_696.webp\",\"contentUrl\":\"https:\\\/\\\/madame-sensuelle.paris\\\/wp-content\\\/uploads\\\/2024\\\/12\\\/logo_a-1-1_696.webp\",\"width\":696,\"height\":696,\"caption\":\"Madame Sensuelle\"},\"image\":{\"@id\":\"https:\\\/\\\/madame-sensuelle.paris\\\/en\\\/#\\\/schema\\\/logo\\\/image\\\/\"},\"sameAs\":[\"https:\\\/\\\/www.facebook.com\\\/madamesensuelle\",\"https:\\\/\\\/www.instagram.com\\\/madame_sensuelle\\\/\"]}]}<\/script>\n<!-- \/ Yoast SEO plugin. -->","yoast_head_json":{"title":"Clitoridien balm Sexting balm \u2013 BIJOUX INDISCRETS - Madame Sensuelle","description":"Le mod\u00e8le Clitoridien balm Sexting balm sign\u00e9 BIJOUX INDISCRETS, \u00e0 d\u00e9couvrir chez Madame Sensuelle. Essayage VIP disponible.","robots":{"index":"index","follow":"follow","max-snippet":"max-snippet:-1","max-image-preview":"max-image-preview:large","max-video-preview":"max-video-preview:-1"},"canonical":"https:\/\/madame-sensuelle.paris\/en\/product\/bi-8436562014018-tu-blanc\/","og_locale":"en_US","og_type":"article","og_title":"Clitoridien balm Sexting balm \u2013 BIJOUX INDISCRETS - Madame Sensuelle","og_description":"Le mod\u00e8le Clitoridien balm Sexting balm sign\u00e9 BIJOUX INDISCRETS, \u00e0 d\u00e9couvrir chez Madame Sensuelle. Essayage VIP disponible.","og_url":"https:\/\/madame-sensuelle.paris\/en\/product\/bi-8436562014018-tu-blanc\/","og_site_name":"Madame Sensuelle","article_publisher":"https:\/\/www.facebook.com\/madamesensuelle","article_modified_time":"2026-04-02T21:54:41+00:00","og_image":[{"width":800,"height":800,"url":"https:\/\/madame-sensuelle.paris\/wp-content\/uploads\/2024\/03\/bijoux-indiscrets-sexting-balm.jpeg","type":"image\/jpeg"}],"twitter_card":"summary_large_image","twitter_misc":{"Est. reading time":"1 minute"},"schema":{"@context":"https:\/\/schema.org","@graph":[{"@type":"WebPage","@id":"https:\/\/madame-sensuelle.paris\/en\/product\/bi-8436562014018-tu-blanc\/","url":"https:\/\/madame-sensuelle.paris\/en\/product\/bi-8436562014018-tu-blanc\/","name":"Clitoridien balm Sexting balm \u2013 BIJOUX INDISCRETS - Madame Sensuelle","isPartOf":{"@id":"https:\/\/madame-sensuelle.paris\/en\/#website"},"primaryImageOfPage":{"@id":"https:\/\/madame-sensuelle.paris\/en\/product\/bi-8436562014018-tu-blanc\/#primaryimage"},"image":{"@id":"https:\/\/madame-sensuelle.paris\/en\/product\/bi-8436562014018-tu-blanc\/#primaryimage"},"thumbnailUrl":"https:\/\/madame-sensuelle.paris\/wp-content\/uploads\/2024\/03\/bijoux-indiscrets-sexting-balm.jpeg","datePublished":"2024-03-10T13:07:28+00:00","dateModified":"2026-04-02T21:54:41+00:00","description":"Le mod\u00e8le Clitoridien balm Sexting balm sign\u00e9 BIJOUX INDISCRETS, \u00e0 d\u00e9couvrir chez Madame Sensuelle. Essayage VIP disponible.","breadcrumb":{"@id":"https:\/\/madame-sensuelle.paris\/en\/product\/bi-8436562014018-tu-blanc\/#breadcrumb"},"inLanguage":"en-US","potentialAction":[{"@type":"ReadAction","target":["https:\/\/madame-sensuelle.paris\/en\/product\/bi-8436562014018-tu-blanc\/"]}]},{"@type":"ImageObject","inLanguage":"en-US","@id":"https:\/\/madame-sensuelle.paris\/en\/product\/bi-8436562014018-tu-blanc\/#primaryimage","url":"https:\/\/madame-sensuelle.paris\/wp-content\/uploads\/2024\/03\/bijoux-indiscrets-sexting-balm.jpeg","contentUrl":"https:\/\/madame-sensuelle.paris\/wp-content\/uploads\/2024\/03\/bijoux-indiscrets-sexting-balm.jpeg","width":800,"height":800},{"@type":"BreadcrumbList","@id":"https:\/\/madame-sensuelle.paris\/en\/product\/bi-8436562014018-tu-blanc\/#breadcrumb","itemListElement":[{"@type":"ListItem","position":1,"name":"Acceuil","item":"https:\/\/madame-sensuelle.paris\/en\/home\/"},{"@type":"ListItem","position":2,"name":"Catalog","item":"https:\/\/madame-sensuelle.paris\/en\/catalogue\/"},{"@type":"ListItem","position":3,"name":"BIJOUX INDISCRETS","item":"https:\/\/madame-sensuelle.paris\/en\/brand\/bijoux-indiscrets-2\/"},{"@type":"ListItem","position":4,"name":"Clitoridien balm Sexting balm"}]},{"@type":"WebSite","@id":"https:\/\/madame-sensuelle.paris\/en\/#website","url":"https:\/\/madame-sensuelle.paris\/en\/","name":"MADAME SENSUELLE","description":"MADAME SENSUELLE: Found the biggest exciting brands of chic &amp; SEXY LINGERIE in Paris Boutique and on the WEB: Aubade, Dita Von Teese, Maison Close, Marjolaine, Bluebella, Atelier Amour, Luxxa, Catanzaro, Gracija Rim. You will found the big pleasure of sexy belt or bra make for you","publisher":{"@id":"https:\/\/madame-sensuelle.paris\/en\/#organization"},"potentialAction":[{"@type":"SearchAction","target":{"@type":"EntryPoint","urlTemplate":"https:\/\/madame-sensuelle.paris\/en\/?s={search_term_string}"},"query-input":{"@type":"PropertyValueSpecification","valueRequired":true,"valueName":"search_term_string"}}],"inLanguage":"en-US"},{"@type":"Organization","@id":"https:\/\/madame-sensuelle.paris\/en\/#organization","name":"Madame Sensuelle","url":"https:\/\/madame-sensuelle.paris\/en\/","logo":{"@type":"ImageObject","inLanguage":"en-US","@id":"https:\/\/madame-sensuelle.paris\/en\/#\/schema\/logo\/image\/","url":"https:\/\/madame-sensuelle.paris\/wp-content\/uploads\/2024\/12\/logo_a-1-1_696.webp","contentUrl":"https:\/\/madame-sensuelle.paris\/wp-content\/uploads\/2024\/12\/logo_a-1-1_696.webp","width":696,"height":696,"caption":"Madame Sensuelle"},"image":{"@id":"https:\/\/madame-sensuelle.paris\/en\/#\/schema\/logo\/image\/"},"sameAs":["https:\/\/www.facebook.com\/madamesensuelle","https:\/\/www.instagram.com\/madame_sensuelle\/"]}]}},"brands":[{"id":3584,"name":"BIJOUX INDISCRETS","slug":"bijoux-indiscrets-2"}],"_links":{"self":[{"href":"https:\/\/madame-sensuelle.paris\/en\/wp-json\/wp\/v2\/product\/79059","targetHints":{"allow":["GET"]}}],"collection":[{"href":"https:\/\/madame-sensuelle.paris\/en\/wp-json\/wp\/v2\/product"}],"about":[{"href":"https:\/\/madame-sensuelle.paris\/en\/wp-json\/wp\/v2\/types\/product"}],"version-history":[{"count":1,"href":"https:\/\/madame-sensuelle.paris\/en\/wp-json\/wp\/v2\/product\/79059\/revisions"}],"predecessor-version":[{"id":111233,"href":"https:\/\/madame-sensuelle.paris\/en\/wp-json\/wp\/v2\/product\/79059\/revisions\/111233"}],"wp:featuredmedia":[{"embeddable":true,"href":"https:\/\/madame-sensuelle.paris\/en\/wp-json\/wp\/v2\/media\/87247"}],"wp:attachment":[{"href":"https:\/\/madame-sensuelle.paris\/en\/wp-json\/wp\/v2\/media?parent=79059"}],"wp:term":[{"taxonomy":"pwb-brand","embeddable":true,"href":"https:\/\/madame-sensuelle.paris\/en\/wp-json\/wp\/v2\/pwb-brand?post=79059"},{"taxonomy":"product_brand","embeddable":true,"href":"https:\/\/madame-sensuelle.paris\/en\/wp-json\/wp\/v2\/product_brand?post=79059"},{"taxonomy":"product_cat","embeddable":true,"href":"https:\/\/madame-sensuelle.paris\/en\/wp-json\/wp\/v2\/product_cat?post=79059"},{"taxonomy":"product_tag","embeddable":true,"href":"https:\/\/madame-sensuelle.paris\/en\/wp-json\/wp\/v2\/product_tag?post=79059"},{"taxonomy":"giftcard-category","embeddable":true,"href":"https:\/\/madame-sensuelle.paris\/en\/wp-json\/wp\/v2\/giftcard-category?post=79059"}],"curies":[{"name":"wp","href":"https:\/\/api.w.org\/{rel}","templated":true}]}}