{"id":79641,"date":"2024-03-10T13:10:10","date_gmt":"2024-03-10T13:10:10","guid":{"rendered":"https:\/\/madame-sensuelle.eu\/?post_type=product&#038;p=79641"},"modified":"2026-04-03T05:26:04","modified_gmt":"2026-04-03T05:26:04","slug":"bi-8436562010454-tu-rose","status":"publish","type":"product","link":"https:\/\/madame-sensuelle.paris\/en\/product\/bi-8436562010454-tu-rose\/","title":{"rendered":"Huile de massage chauffante Light my fire"},"content":{"rendered":"<p>Huile gourmande et comestible Saveur fraise, caramel sal\u00e9 ou chocolat noir Sans sucre, sans gluten, 100% vegan Ingr\u00e9dients: Fraise miel (glycerin, aroma, eua, panax ginseng root extract, sodium saccharine, sodium benzoate, potassium sorbate, sodium chloride, CI 17200, CI 19140). Huile pr\u00e9sent\u00e9e dans son pot en verre et ferm\u00e9e par un n\u0153ud de ruban noir. Garantie sans paraben, sans sucres ajout\u00e9s et sans gluten. 100 % vegan. Fabriqu\u00e9 en Espagne. Contenance : 100 ml. Dimensions : 12 x 4,5 x 4,5 cm.<\/p>\n","protected":false},"excerpt":{"rendered":"<p>Huile gourmande et comestible Saveur fraise, caramel sal\u00e9 ou chocolat noir Sans sucre, sans gluten, 100% vegan Ingr\u00e9dients: Fraise miel (glycerin, aroma, eua, panax ginseng root extract, sodium saccharine, sodium benzoate, potassium sorbate, sodium chloride, CI 17200, CI 19140). Huile pr\u00e9sent\u00e9e dans son pot en verre et ferm\u00e9e par un n\u0153ud de ruban noir. Garantie<\/p>\n","protected":false},"featured_media":87259,"template":"","meta":[],"pwb-brand":[3584],"product_brand":[],"product_cat":[3250,3251],"product_tag":[],"giftcard-category":[],"class_list":{"0":"post-79641","1":"product","2":"type-product","3":"status-publish","4":"has-post-thumbnail","6":"pwb-brand-bijoux-indiscrets-2","7":"product_cat-body-cosmetics","8":"product_cat-massage-accessories","10":"first","11":"instock","12":"taxable","13":"shipping-taxable","14":"purchasable","15":"product-type-variable","16":"has-default-attributes"},"yoast_head":"<!-- This site is optimized with the Yoast SEO plugin v27.3 - https:\/\/yoast.com\/product\/yoast-seo-wordpress\/ -->\n<title>Huile de massage chauffante Light my fire \u2013 BIJOUX INDISCRETS - Madame Sensuelle<\/title>\n<meta name=\"description\" content=\"Le mod\u00e8le Huile de massage chauffante Light my fire sign\u00e9 BIJOUX INDISCRETS, \u00e0 d\u00e9couvrir chez Madame Sensuelle. Essayage VIP disponible.\" \/>\n<meta name=\"robots\" content=\"index, follow, max-snippet:-1, max-image-preview:large, max-video-preview:-1\" \/>\n<link rel=\"canonical\" href=\"https:\/\/madame-sensuelle.paris\/en\/product\/bi-8436562010454-tu-rose\/\" \/>\n<meta property=\"og:locale\" content=\"en_US\" \/>\n<meta property=\"og:type\" content=\"article\" \/>\n<meta property=\"og:title\" content=\"Huile de massage chauffante Light my fire \u2013 BIJOUX INDISCRETS - Madame Sensuelle\" \/>\n<meta property=\"og:description\" content=\"Le mod\u00e8le Huile de massage chauffante Light my fire sign\u00e9 BIJOUX INDISCRETS, \u00e0 d\u00e9couvrir chez Madame Sensuelle. Essayage VIP disponible.\" \/>\n<meta property=\"og:url\" content=\"https:\/\/madame-sensuelle.paris\/en\/product\/bi-8436562010454-tu-rose\/\" \/>\n<meta property=\"og:site_name\" content=\"Madame Sensuelle\" \/>\n<meta property=\"article:publisher\" content=\"https:\/\/www.facebook.com\/madamesensuelle\" \/>\n<meta property=\"article:modified_time\" content=\"2026-04-03T05:26:04+00:00\" \/>\n<meta property=\"og:image\" content=\"https:\/\/madame-sensuelle.paris\/wp-content\/uploads\/2024\/03\/bi.jpg\" \/>\n\t<meta property=\"og:image:width\" content=\"800\" \/>\n\t<meta property=\"og:image:height\" content=\"1200\" \/>\n\t<meta property=\"og:image:type\" content=\"image\/jpeg\" \/>\n<meta name=\"twitter:card\" content=\"summary_large_image\" \/>\n<meta name=\"twitter:label1\" content=\"Est. reading time\" \/>\n\t<meta name=\"twitter:data1\" content=\"1 minute\" \/>\n<script type=\"application\/ld+json\" class=\"yoast-schema-graph\">{\"@context\":\"https:\\\/\\\/schema.org\",\"@graph\":[{\"@type\":\"WebPage\",\"@id\":\"https:\\\/\\\/madame-sensuelle.paris\\\/en\\\/product\\\/bi-8436562010454-tu-rose\\\/\",\"url\":\"https:\\\/\\\/madame-sensuelle.paris\\\/en\\\/product\\\/bi-8436562010454-tu-rose\\\/\",\"name\":\"Huile de massage chauffante Light my fire \u2013 BIJOUX INDISCRETS - Madame Sensuelle\",\"isPartOf\":{\"@id\":\"https:\\\/\\\/madame-sensuelle.paris\\\/en\\\/#website\"},\"primaryImageOfPage\":{\"@id\":\"https:\\\/\\\/madame-sensuelle.paris\\\/en\\\/product\\\/bi-8436562010454-tu-rose\\\/#primaryimage\"},\"image\":{\"@id\":\"https:\\\/\\\/madame-sensuelle.paris\\\/en\\\/product\\\/bi-8436562010454-tu-rose\\\/#primaryimage\"},\"thumbnailUrl\":\"https:\\\/\\\/madame-sensuelle.paris\\\/wp-content\\\/uploads\\\/2024\\\/03\\\/bi.jpg\",\"datePublished\":\"2024-03-10T13:10:10+00:00\",\"dateModified\":\"2026-04-03T05:26:04+00:00\",\"description\":\"Le mod\u00e8le Huile de massage chauffante Light my fire sign\u00e9 BIJOUX INDISCRETS, \u00e0 d\u00e9couvrir chez Madame Sensuelle. Essayage VIP disponible.\",\"breadcrumb\":{\"@id\":\"https:\\\/\\\/madame-sensuelle.paris\\\/en\\\/product\\\/bi-8436562010454-tu-rose\\\/#breadcrumb\"},\"inLanguage\":\"en-US\",\"potentialAction\":[{\"@type\":\"ReadAction\",\"target\":[\"https:\\\/\\\/madame-sensuelle.paris\\\/en\\\/product\\\/bi-8436562010454-tu-rose\\\/\"]}]},{\"@type\":\"ImageObject\",\"inLanguage\":\"en-US\",\"@id\":\"https:\\\/\\\/madame-sensuelle.paris\\\/en\\\/product\\\/bi-8436562010454-tu-rose\\\/#primaryimage\",\"url\":\"https:\\\/\\\/madame-sensuelle.paris\\\/wp-content\\\/uploads\\\/2024\\\/03\\\/bi.jpg\",\"contentUrl\":\"https:\\\/\\\/madame-sensuelle.paris\\\/wp-content\\\/uploads\\\/2024\\\/03\\\/bi.jpg\",\"width\":800,\"height\":1200},{\"@type\":\"BreadcrumbList\",\"@id\":\"https:\\\/\\\/madame-sensuelle.paris\\\/en\\\/product\\\/bi-8436562010454-tu-rose\\\/#breadcrumb\",\"itemListElement\":[{\"@type\":\"ListItem\",\"position\":1,\"name\":\"Acceuil\",\"item\":\"https:\\\/\\\/madame-sensuelle.paris\\\/en\\\/home\\\/\"},{\"@type\":\"ListItem\",\"position\":2,\"name\":\"Catalog\",\"item\":\"https:\\\/\\\/madame-sensuelle.paris\\\/en\\\/catalogue\\\/\"},{\"@type\":\"ListItem\",\"position\":3,\"name\":\"BIJOUX INDISCRETS\",\"item\":\"https:\\\/\\\/madame-sensuelle.paris\\\/en\\\/brand\\\/bijoux-indiscrets-2\\\/\"},{\"@type\":\"ListItem\",\"position\":4,\"name\":\"Huile de massage chauffante Light my fire\"}]},{\"@type\":\"WebSite\",\"@id\":\"https:\\\/\\\/madame-sensuelle.paris\\\/en\\\/#website\",\"url\":\"https:\\\/\\\/madame-sensuelle.paris\\\/en\\\/\",\"name\":\"MADAME SENSUELLE\",\"description\":\"MADAME SENSUELLE: Found the biggest exciting brands of chic &amp; SEXY LINGERIE in Paris Boutique and on the WEB: Aubade, Dita Von Teese, Maison Close, Marjolaine, Bluebella, Atelier Amour, Luxxa, Catanzaro, Gracija Rim. You will found the big pleasure of sexy belt or bra make for you\",\"publisher\":{\"@id\":\"https:\\\/\\\/madame-sensuelle.paris\\\/en\\\/#organization\"},\"potentialAction\":[{\"@type\":\"SearchAction\",\"target\":{\"@type\":\"EntryPoint\",\"urlTemplate\":\"https:\\\/\\\/madame-sensuelle.paris\\\/en\\\/?s={search_term_string}\"},\"query-input\":{\"@type\":\"PropertyValueSpecification\",\"valueRequired\":true,\"valueName\":\"search_term_string\"}}],\"inLanguage\":\"en-US\"},{\"@type\":\"Organization\",\"@id\":\"https:\\\/\\\/madame-sensuelle.paris\\\/en\\\/#organization\",\"name\":\"Madame Sensuelle\",\"url\":\"https:\\\/\\\/madame-sensuelle.paris\\\/en\\\/\",\"logo\":{\"@type\":\"ImageObject\",\"inLanguage\":\"en-US\",\"@id\":\"https:\\\/\\\/madame-sensuelle.paris\\\/en\\\/#\\\/schema\\\/logo\\\/image\\\/\",\"url\":\"https:\\\/\\\/madame-sensuelle.paris\\\/wp-content\\\/uploads\\\/2024\\\/12\\\/logo_a-1-1_696.webp\",\"contentUrl\":\"https:\\\/\\\/madame-sensuelle.paris\\\/wp-content\\\/uploads\\\/2024\\\/12\\\/logo_a-1-1_696.webp\",\"width\":696,\"height\":696,\"caption\":\"Madame Sensuelle\"},\"image\":{\"@id\":\"https:\\\/\\\/madame-sensuelle.paris\\\/en\\\/#\\\/schema\\\/logo\\\/image\\\/\"},\"sameAs\":[\"https:\\\/\\\/www.facebook.com\\\/madamesensuelle\",\"https:\\\/\\\/www.instagram.com\\\/madame_sensuelle\\\/\"]}]}<\/script>\n<!-- \/ Yoast SEO plugin. -->","yoast_head_json":{"title":"Huile de massage chauffante Light my fire \u2013 BIJOUX INDISCRETS - Madame Sensuelle","description":"Le mod\u00e8le Huile de massage chauffante Light my fire sign\u00e9 BIJOUX INDISCRETS, \u00e0 d\u00e9couvrir chez Madame Sensuelle. Essayage VIP disponible.","robots":{"index":"index","follow":"follow","max-snippet":"max-snippet:-1","max-image-preview":"max-image-preview:large","max-video-preview":"max-video-preview:-1"},"canonical":"https:\/\/madame-sensuelle.paris\/en\/product\/bi-8436562010454-tu-rose\/","og_locale":"en_US","og_type":"article","og_title":"Huile de massage chauffante Light my fire \u2013 BIJOUX INDISCRETS - Madame Sensuelle","og_description":"Le mod\u00e8le Huile de massage chauffante Light my fire sign\u00e9 BIJOUX INDISCRETS, \u00e0 d\u00e9couvrir chez Madame Sensuelle. Essayage VIP disponible.","og_url":"https:\/\/madame-sensuelle.paris\/en\/product\/bi-8436562010454-tu-rose\/","og_site_name":"Madame Sensuelle","article_publisher":"https:\/\/www.facebook.com\/madamesensuelle","article_modified_time":"2026-04-03T05:26:04+00:00","og_image":[{"width":800,"height":1200,"url":"https:\/\/madame-sensuelle.paris\/wp-content\/uploads\/2024\/03\/bi.jpg","type":"image\/jpeg"}],"twitter_card":"summary_large_image","twitter_misc":{"Est. reading time":"1 minute"},"schema":{"@context":"https:\/\/schema.org","@graph":[{"@type":"WebPage","@id":"https:\/\/madame-sensuelle.paris\/en\/product\/bi-8436562010454-tu-rose\/","url":"https:\/\/madame-sensuelle.paris\/en\/product\/bi-8436562010454-tu-rose\/","name":"Huile de massage chauffante Light my fire \u2013 BIJOUX INDISCRETS - Madame Sensuelle","isPartOf":{"@id":"https:\/\/madame-sensuelle.paris\/en\/#website"},"primaryImageOfPage":{"@id":"https:\/\/madame-sensuelle.paris\/en\/product\/bi-8436562010454-tu-rose\/#primaryimage"},"image":{"@id":"https:\/\/madame-sensuelle.paris\/en\/product\/bi-8436562010454-tu-rose\/#primaryimage"},"thumbnailUrl":"https:\/\/madame-sensuelle.paris\/wp-content\/uploads\/2024\/03\/bi.jpg","datePublished":"2024-03-10T13:10:10+00:00","dateModified":"2026-04-03T05:26:04+00:00","description":"Le mod\u00e8le Huile de massage chauffante Light my fire sign\u00e9 BIJOUX INDISCRETS, \u00e0 d\u00e9couvrir chez Madame Sensuelle. Essayage VIP disponible.","breadcrumb":{"@id":"https:\/\/madame-sensuelle.paris\/en\/product\/bi-8436562010454-tu-rose\/#breadcrumb"},"inLanguage":"en-US","potentialAction":[{"@type":"ReadAction","target":["https:\/\/madame-sensuelle.paris\/en\/product\/bi-8436562010454-tu-rose\/"]}]},{"@type":"ImageObject","inLanguage":"en-US","@id":"https:\/\/madame-sensuelle.paris\/en\/product\/bi-8436562010454-tu-rose\/#primaryimage","url":"https:\/\/madame-sensuelle.paris\/wp-content\/uploads\/2024\/03\/bi.jpg","contentUrl":"https:\/\/madame-sensuelle.paris\/wp-content\/uploads\/2024\/03\/bi.jpg","width":800,"height":1200},{"@type":"BreadcrumbList","@id":"https:\/\/madame-sensuelle.paris\/en\/product\/bi-8436562010454-tu-rose\/#breadcrumb","itemListElement":[{"@type":"ListItem","position":1,"name":"Acceuil","item":"https:\/\/madame-sensuelle.paris\/en\/home\/"},{"@type":"ListItem","position":2,"name":"Catalog","item":"https:\/\/madame-sensuelle.paris\/en\/catalogue\/"},{"@type":"ListItem","position":3,"name":"BIJOUX INDISCRETS","item":"https:\/\/madame-sensuelle.paris\/en\/brand\/bijoux-indiscrets-2\/"},{"@type":"ListItem","position":4,"name":"Huile de massage chauffante Light my fire"}]},{"@type":"WebSite","@id":"https:\/\/madame-sensuelle.paris\/en\/#website","url":"https:\/\/madame-sensuelle.paris\/en\/","name":"MADAME SENSUELLE","description":"MADAME SENSUELLE: Found the biggest exciting brands of chic &amp; SEXY LINGERIE in Paris Boutique and on the WEB: Aubade, Dita Von Teese, Maison Close, Marjolaine, Bluebella, Atelier Amour, Luxxa, Catanzaro, Gracija Rim. You will found the big pleasure of sexy belt or bra make for you","publisher":{"@id":"https:\/\/madame-sensuelle.paris\/en\/#organization"},"potentialAction":[{"@type":"SearchAction","target":{"@type":"EntryPoint","urlTemplate":"https:\/\/madame-sensuelle.paris\/en\/?s={search_term_string}"},"query-input":{"@type":"PropertyValueSpecification","valueRequired":true,"valueName":"search_term_string"}}],"inLanguage":"en-US"},{"@type":"Organization","@id":"https:\/\/madame-sensuelle.paris\/en\/#organization","name":"Madame Sensuelle","url":"https:\/\/madame-sensuelle.paris\/en\/","logo":{"@type":"ImageObject","inLanguage":"en-US","@id":"https:\/\/madame-sensuelle.paris\/en\/#\/schema\/logo\/image\/","url":"https:\/\/madame-sensuelle.paris\/wp-content\/uploads\/2024\/12\/logo_a-1-1_696.webp","contentUrl":"https:\/\/madame-sensuelle.paris\/wp-content\/uploads\/2024\/12\/logo_a-1-1_696.webp","width":696,"height":696,"caption":"Madame Sensuelle"},"image":{"@id":"https:\/\/madame-sensuelle.paris\/en\/#\/schema\/logo\/image\/"},"sameAs":["https:\/\/www.facebook.com\/madamesensuelle","https:\/\/www.instagram.com\/madame_sensuelle\/"]}]}},"brands":[{"id":3584,"name":"BIJOUX INDISCRETS","slug":"bijoux-indiscrets-2"}],"_links":{"self":[{"href":"https:\/\/madame-sensuelle.paris\/en\/wp-json\/wp\/v2\/product\/79641","targetHints":{"allow":["GET"]}}],"collection":[{"href":"https:\/\/madame-sensuelle.paris\/en\/wp-json\/wp\/v2\/product"}],"about":[{"href":"https:\/\/madame-sensuelle.paris\/en\/wp-json\/wp\/v2\/types\/product"}],"version-history":[{"count":1,"href":"https:\/\/madame-sensuelle.paris\/en\/wp-json\/wp\/v2\/product\/79641\/revisions"}],"predecessor-version":[{"id":115715,"href":"https:\/\/madame-sensuelle.paris\/en\/wp-json\/wp\/v2\/product\/79641\/revisions\/115715"}],"wp:featuredmedia":[{"embeddable":true,"href":"https:\/\/madame-sensuelle.paris\/en\/wp-json\/wp\/v2\/media\/87259"}],"wp:attachment":[{"href":"https:\/\/madame-sensuelle.paris\/en\/wp-json\/wp\/v2\/media?parent=79641"}],"wp:term":[{"taxonomy":"pwb-brand","embeddable":true,"href":"https:\/\/madame-sensuelle.paris\/en\/wp-json\/wp\/v2\/pwb-brand?post=79641"},{"taxonomy":"product_brand","embeddable":true,"href":"https:\/\/madame-sensuelle.paris\/en\/wp-json\/wp\/v2\/product_brand?post=79641"},{"taxonomy":"product_cat","embeddable":true,"href":"https:\/\/madame-sensuelle.paris\/en\/wp-json\/wp\/v2\/product_cat?post=79641"},{"taxonomy":"product_tag","embeddable":true,"href":"https:\/\/madame-sensuelle.paris\/en\/wp-json\/wp\/v2\/product_tag?post=79641"},{"taxonomy":"giftcard-category","embeddable":true,"href":"https:\/\/madame-sensuelle.paris\/en\/wp-json\/wp\/v2\/giftcard-category?post=79641"}],"curies":[{"name":"wp","href":"https:\/\/api.w.org\/{rel}","templated":true}]}}