{"id":79729,"date":"2024-03-10T13:10:26","date_gmt":"2024-03-10T13:10:26","guid":{"rendered":"https:\/\/madame-sensuelle.eu\/?post_type=product&#038;p=79729"},"modified":"2026-04-05T11:53:29","modified_gmt":"2026-04-05T11:53:29","slug":"jarretieres-chambre-noire-reglables-a-jarretelles-amovibles","status":"publish","type":"product","link":"https:\/\/madame-sensuelle.paris\/en\/product\/jarretieres-chambre-noire-reglables-a-jarretelles-amovibles\/","title":{"rendered":"Chambre Noire adjustable garters with removable suspenders"},"content":{"rendered":"<p>A purely seductive accessory, Chambre Noire garters create a captivating and daring look. Designed as a sensual extension of the body, they wrap the leg with finesse and character.<\/p>\n<ul>\n<li>Their design plays on contrasts: a soft-touch matt leather effect combined with light-catching gold finishes.<\/li>\n<li>Each garter has adjustable elastic ties for a perfect fit on the thigh.<\/li>\n<li>Removable suspenders give you plenty of styling freedom. Wear them with stockings for a complete silhouette, or detach them for a jewel-like effect.<\/li>\n<li>Available in one size only, they can be adjusted to fit all body shapes thanks to their discreet adjustment system.<\/li>\n<li>Easy to slip on, they don&#8217;t open.<\/li>\n<\/ul>\n<p>Chambre Noire garters blur the boundaries between functional accessory and object of desire. An invitation to explore an assertive sensuality, between mystery, elegance and power play.<\/p>\n<p>&nbsp;<\/p>\n","protected":false},"excerpt":{"rendered":"<p>Jarreti\u00e8res Chambre Noire r\u00e9glables \u00e0 jarretelles amovibles<\/p>\n","protected":false},"featured_media":104817,"template":"","meta":[],"pwb-brand":[3598],"product_brand":[],"product_cat":[3279,3262],"product_tag":[],"giftcard-category":[],"class_list":{"0":"post-79729","1":"product","2":"type-product","3":"status-publish","4":"has-post-thumbnail","6":"pwb-brand-maison-close-2","7":"product_cat-garters","8":"product_cat-sexy-woman-lingerie","9":"pa_collection-chambre-noire","11":"first","12":"instock","13":"taxable","14":"shipping-taxable","15":"purchasable","16":"product-type-variable","17":"has-default-attributes"},"yoast_head":"<!-- This site is optimized with the Yoast SEO plugin v27.4 - https:\/\/yoast.com\/product\/yoast-seo-wordpress\/ -->\n<title>removable garters with elastic ties- Madame Sensuelle<\/title>\n<meta name=\"description\" content=\"Elevate your allure with our adjustable garters, designed for a perfect fit and chic appearance. Discover your captivating look today! \u2728\" \/>\n<meta name=\"robots\" content=\"index, follow, max-snippet:-1, max-image-preview:large, max-video-preview:-1\" \/>\n<link rel=\"canonical\" href=\"https:\/\/madame-sensuelle.paris\/en\/product\/jarretieres-chambre-noire-reglables-a-jarretelles-amovibles\/\" \/>\n<meta property=\"og:locale\" content=\"en_US\" \/>\n<meta property=\"og:type\" content=\"article\" \/>\n<meta property=\"og:title\" content=\"removable garters with elastic ties- Madame Sensuelle\" \/>\n<meta property=\"og:description\" content=\"Elevate your allure with our adjustable garters, designed for a perfect fit and chic appearance. Discover your captivating look today! \u2728\" \/>\n<meta property=\"og:url\" content=\"https:\/\/madame-sensuelle.paris\/en\/product\/jarretieres-chambre-noire-reglables-a-jarretelles-amovibles\/\" \/>\n<meta property=\"og:site_name\" content=\"Madame Sensuelle\" \/>\n<meta property=\"article:publisher\" content=\"https:\/\/www.facebook.com\/madamesensuelle\" \/>\n<meta property=\"article:modified_time\" content=\"2026-04-05T11:53:29+00:00\" \/>\n<meta property=\"og:image\" content=\"http:\/\/madame-sensuelle.paris\/wp-content\/uploads\/2024\/07\/XSHD1TJ656.jpg\" \/>\n\t<meta property=\"og:image:width\" content=\"450\" \/>\n\t<meta property=\"og:image:height\" content=\"600\" \/>\n\t<meta property=\"og:image:type\" content=\"image\/jpeg\" \/>\n<meta name=\"twitter:card\" content=\"summary_large_image\" \/>\n<meta name=\"twitter:label1\" content=\"Est. reading time\" \/>\n\t<meta name=\"twitter:data1\" content=\"2 minutes\" \/>\n<script type=\"application\/ld+json\" class=\"yoast-schema-graph\">{\"@context\":\"https:\\\/\\\/schema.org\",\"@graph\":[{\"@type\":\"WebPage\",\"@id\":\"https:\\\/\\\/madame-sensuelle.paris\\\/en\\\/product\\\/jarretieres-chambre-noire-reglables-a-jarretelles-amovibles\\\/\",\"url\":\"https:\\\/\\\/madame-sensuelle.paris\\\/en\\\/product\\\/jarretieres-chambre-noire-reglables-a-jarretelles-amovibles\\\/\",\"name\":\"removable garters with elastic ties- Madame Sensuelle\",\"isPartOf\":{\"@id\":\"https:\\\/\\\/madame-sensuelle.paris\\\/en\\\/#website\"},\"primaryImageOfPage\":{\"@id\":\"https:\\\/\\\/madame-sensuelle.paris\\\/en\\\/product\\\/jarretieres-chambre-noire-reglables-a-jarretelles-amovibles\\\/#primaryimage\"},\"image\":{\"@id\":\"https:\\\/\\\/madame-sensuelle.paris\\\/en\\\/product\\\/jarretieres-chambre-noire-reglables-a-jarretelles-amovibles\\\/#primaryimage\"},\"thumbnailUrl\":\"https:\\\/\\\/madame-sensuelle.paris\\\/wp-content\\\/uploads\\\/2024\\\/07\\\/XSHD1TJ656.jpg\",\"datePublished\":\"2024-03-10T13:10:26+00:00\",\"dateModified\":\"2026-04-05T11:53:29+00:00\",\"description\":\"Elevate your allure with our adjustable garters, designed for a perfect fit and chic appearance. Discover your captivating look today! \u2728\",\"breadcrumb\":{\"@id\":\"https:\\\/\\\/madame-sensuelle.paris\\\/en\\\/product\\\/jarretieres-chambre-noire-reglables-a-jarretelles-amovibles\\\/#breadcrumb\"},\"inLanguage\":\"en-US\",\"potentialAction\":[{\"@type\":\"ReadAction\",\"target\":[\"https:\\\/\\\/madame-sensuelle.paris\\\/en\\\/product\\\/jarretieres-chambre-noire-reglables-a-jarretelles-amovibles\\\/\"]}]},{\"@type\":\"ImageObject\",\"inLanguage\":\"en-US\",\"@id\":\"https:\\\/\\\/madame-sensuelle.paris\\\/en\\\/product\\\/jarretieres-chambre-noire-reglables-a-jarretelles-amovibles\\\/#primaryimage\",\"url\":\"https:\\\/\\\/madame-sensuelle.paris\\\/wp-content\\\/uploads\\\/2024\\\/07\\\/XSHD1TJ656.jpg\",\"contentUrl\":\"https:\\\/\\\/madame-sensuelle.paris\\\/wp-content\\\/uploads\\\/2024\\\/07\\\/XSHD1TJ656.jpg\",\"width\":450,\"height\":600},{\"@type\":\"BreadcrumbList\",\"@id\":\"https:\\\/\\\/madame-sensuelle.paris\\\/en\\\/product\\\/jarretieres-chambre-noire-reglables-a-jarretelles-amovibles\\\/#breadcrumb\",\"itemListElement\":[{\"@type\":\"ListItem\",\"position\":1,\"name\":\"Acceuil\",\"item\":\"https:\\\/\\\/madame-sensuelle.paris\\\/en\\\/home\\\/\"},{\"@type\":\"ListItem\",\"position\":2,\"name\":\"Catalog\",\"item\":\"https:\\\/\\\/madame-sensuelle.paris\\\/en\\\/catalogue\\\/\"},{\"@type\":\"ListItem\",\"position\":3,\"name\":\"MAISON CLOSE\",\"item\":\"https:\\\/\\\/madame-sensuelle.paris\\\/en\\\/brand\\\/maison-close-2\\\/\"},{\"@type\":\"ListItem\",\"position\":4,\"name\":\"Chambre Noire adjustable garters with removable suspenders\"}]},{\"@type\":\"WebSite\",\"@id\":\"https:\\\/\\\/madame-sensuelle.paris\\\/en\\\/#website\",\"url\":\"https:\\\/\\\/madame-sensuelle.paris\\\/en\\\/\",\"name\":\"MADAME SENSUELLE\",\"description\":\"MADAME SENSUELLE: Found the biggest exciting brands of chic &amp; SEXY LINGERIE in Paris Boutique and on the WEB: Aubade, Dita Von Teese, Maison Close, Marjolaine, Bluebella, Atelier Amour, Luxxa, Catanzaro, Gracija Rim. You will found the big pleasure of sexy belt or bra make for you\",\"publisher\":{\"@id\":\"https:\\\/\\\/madame-sensuelle.paris\\\/en\\\/#organization\"},\"potentialAction\":[{\"@type\":\"SearchAction\",\"target\":{\"@type\":\"EntryPoint\",\"urlTemplate\":\"https:\\\/\\\/madame-sensuelle.paris\\\/en\\\/?s={search_term_string}\"},\"query-input\":{\"@type\":\"PropertyValueSpecification\",\"valueRequired\":true,\"valueName\":\"search_term_string\"}}],\"inLanguage\":\"en-US\"},{\"@type\":\"Organization\",\"@id\":\"https:\\\/\\\/madame-sensuelle.paris\\\/en\\\/#organization\",\"name\":\"Madame Sensuelle\",\"url\":\"https:\\\/\\\/madame-sensuelle.paris\\\/en\\\/\",\"logo\":{\"@type\":\"ImageObject\",\"inLanguage\":\"en-US\",\"@id\":\"https:\\\/\\\/madame-sensuelle.paris\\\/en\\\/#\\\/schema\\\/logo\\\/image\\\/\",\"url\":\"https:\\\/\\\/madame-sensuelle.paris\\\/wp-content\\\/uploads\\\/2024\\\/12\\\/logo_a-1-1_696.webp\",\"contentUrl\":\"https:\\\/\\\/madame-sensuelle.paris\\\/wp-content\\\/uploads\\\/2024\\\/12\\\/logo_a-1-1_696.webp\",\"width\":696,\"height\":696,\"caption\":\"Madame Sensuelle\"},\"image\":{\"@id\":\"https:\\\/\\\/madame-sensuelle.paris\\\/en\\\/#\\\/schema\\\/logo\\\/image\\\/\"},\"sameAs\":[\"https:\\\/\\\/www.facebook.com\\\/madamesensuelle\",\"https:\\\/\\\/www.instagram.com\\\/madame_sensuelle\\\/\"]}]}<\/script>\n<!-- \/ Yoast SEO plugin. -->","yoast_head_json":{"title":"removable garters with elastic ties- Madame Sensuelle","description":"Elevate your allure with our adjustable garters, designed for a perfect fit and chic appearance. Discover your captivating look today! \u2728","robots":{"index":"index","follow":"follow","max-snippet":"max-snippet:-1","max-image-preview":"max-image-preview:large","max-video-preview":"max-video-preview:-1"},"canonical":"https:\/\/madame-sensuelle.paris\/en\/product\/jarretieres-chambre-noire-reglables-a-jarretelles-amovibles\/","og_locale":"en_US","og_type":"article","og_title":"removable garters with elastic ties- Madame Sensuelle","og_description":"Elevate your allure with our adjustable garters, designed for a perfect fit and chic appearance. Discover your captivating look today! \u2728","og_url":"https:\/\/madame-sensuelle.paris\/en\/product\/jarretieres-chambre-noire-reglables-a-jarretelles-amovibles\/","og_site_name":"Madame Sensuelle","article_publisher":"https:\/\/www.facebook.com\/madamesensuelle","article_modified_time":"2026-04-05T11:53:29+00:00","og_image":[{"width":450,"height":600,"url":"http:\/\/madame-sensuelle.paris\/wp-content\/uploads\/2024\/07\/XSHD1TJ656.jpg","type":"image\/jpeg"}],"twitter_card":"summary_large_image","twitter_misc":{"Est. reading time":"2 minutes"},"schema":{"@context":"https:\/\/schema.org","@graph":[{"@type":"WebPage","@id":"https:\/\/madame-sensuelle.paris\/en\/product\/jarretieres-chambre-noire-reglables-a-jarretelles-amovibles\/","url":"https:\/\/madame-sensuelle.paris\/en\/product\/jarretieres-chambre-noire-reglables-a-jarretelles-amovibles\/","name":"removable garters with elastic ties- Madame Sensuelle","isPartOf":{"@id":"https:\/\/madame-sensuelle.paris\/en\/#website"},"primaryImageOfPage":{"@id":"https:\/\/madame-sensuelle.paris\/en\/product\/jarretieres-chambre-noire-reglables-a-jarretelles-amovibles\/#primaryimage"},"image":{"@id":"https:\/\/madame-sensuelle.paris\/en\/product\/jarretieres-chambre-noire-reglables-a-jarretelles-amovibles\/#primaryimage"},"thumbnailUrl":"https:\/\/madame-sensuelle.paris\/wp-content\/uploads\/2024\/07\/XSHD1TJ656.jpg","datePublished":"2024-03-10T13:10:26+00:00","dateModified":"2026-04-05T11:53:29+00:00","description":"Elevate your allure with our adjustable garters, designed for a perfect fit and chic appearance. Discover your captivating look today! \u2728","breadcrumb":{"@id":"https:\/\/madame-sensuelle.paris\/en\/product\/jarretieres-chambre-noire-reglables-a-jarretelles-amovibles\/#breadcrumb"},"inLanguage":"en-US","potentialAction":[{"@type":"ReadAction","target":["https:\/\/madame-sensuelle.paris\/en\/product\/jarretieres-chambre-noire-reglables-a-jarretelles-amovibles\/"]}]},{"@type":"ImageObject","inLanguage":"en-US","@id":"https:\/\/madame-sensuelle.paris\/en\/product\/jarretieres-chambre-noire-reglables-a-jarretelles-amovibles\/#primaryimage","url":"https:\/\/madame-sensuelle.paris\/wp-content\/uploads\/2024\/07\/XSHD1TJ656.jpg","contentUrl":"https:\/\/madame-sensuelle.paris\/wp-content\/uploads\/2024\/07\/XSHD1TJ656.jpg","width":450,"height":600},{"@type":"BreadcrumbList","@id":"https:\/\/madame-sensuelle.paris\/en\/product\/jarretieres-chambre-noire-reglables-a-jarretelles-amovibles\/#breadcrumb","itemListElement":[{"@type":"ListItem","position":1,"name":"Acceuil","item":"https:\/\/madame-sensuelle.paris\/en\/home\/"},{"@type":"ListItem","position":2,"name":"Catalog","item":"https:\/\/madame-sensuelle.paris\/en\/catalogue\/"},{"@type":"ListItem","position":3,"name":"MAISON CLOSE","item":"https:\/\/madame-sensuelle.paris\/en\/brand\/maison-close-2\/"},{"@type":"ListItem","position":4,"name":"Chambre Noire adjustable garters with removable suspenders"}]},{"@type":"WebSite","@id":"https:\/\/madame-sensuelle.paris\/en\/#website","url":"https:\/\/madame-sensuelle.paris\/en\/","name":"MADAME SENSUELLE","description":"MADAME SENSUELLE: Found the biggest exciting brands of chic &amp; SEXY LINGERIE in Paris Boutique and on the WEB: Aubade, Dita Von Teese, Maison Close, Marjolaine, Bluebella, Atelier Amour, Luxxa, Catanzaro, Gracija Rim. You will found the big pleasure of sexy belt or bra make for you","publisher":{"@id":"https:\/\/madame-sensuelle.paris\/en\/#organization"},"potentialAction":[{"@type":"SearchAction","target":{"@type":"EntryPoint","urlTemplate":"https:\/\/madame-sensuelle.paris\/en\/?s={search_term_string}"},"query-input":{"@type":"PropertyValueSpecification","valueRequired":true,"valueName":"search_term_string"}}],"inLanguage":"en-US"},{"@type":"Organization","@id":"https:\/\/madame-sensuelle.paris\/en\/#organization","name":"Madame Sensuelle","url":"https:\/\/madame-sensuelle.paris\/en\/","logo":{"@type":"ImageObject","inLanguage":"en-US","@id":"https:\/\/madame-sensuelle.paris\/en\/#\/schema\/logo\/image\/","url":"https:\/\/madame-sensuelle.paris\/wp-content\/uploads\/2024\/12\/logo_a-1-1_696.webp","contentUrl":"https:\/\/madame-sensuelle.paris\/wp-content\/uploads\/2024\/12\/logo_a-1-1_696.webp","width":696,"height":696,"caption":"Madame Sensuelle"},"image":{"@id":"https:\/\/madame-sensuelle.paris\/en\/#\/schema\/logo\/image\/"},"sameAs":["https:\/\/www.facebook.com\/madamesensuelle","https:\/\/www.instagram.com\/madame_sensuelle\/"]}]}},"brands":[{"id":3598,"name":"MAISON CLOSE","slug":"maison-close-2"}],"_links":{"self":[{"href":"https:\/\/madame-sensuelle.paris\/en\/wp-json\/wp\/v2\/product\/79729","targetHints":{"allow":["GET"]}}],"collection":[{"href":"https:\/\/madame-sensuelle.paris\/en\/wp-json\/wp\/v2\/product"}],"about":[{"href":"https:\/\/madame-sensuelle.paris\/en\/wp-json\/wp\/v2\/types\/product"}],"version-history":[{"count":1,"href":"https:\/\/madame-sensuelle.paris\/en\/wp-json\/wp\/v2\/product\/79729\/revisions"}],"predecessor-version":[{"id":121966,"href":"https:\/\/madame-sensuelle.paris\/en\/wp-json\/wp\/v2\/product\/79729\/revisions\/121966"}],"wp:featuredmedia":[{"embeddable":true,"href":"https:\/\/madame-sensuelle.paris\/en\/wp-json\/wp\/v2\/media\/104817"}],"wp:attachment":[{"href":"https:\/\/madame-sensuelle.paris\/en\/wp-json\/wp\/v2\/media?parent=79729"}],"wp:term":[{"taxonomy":"pwb-brand","embeddable":true,"href":"https:\/\/madame-sensuelle.paris\/en\/wp-json\/wp\/v2\/pwb-brand?post=79729"},{"taxonomy":"product_brand","embeddable":true,"href":"https:\/\/madame-sensuelle.paris\/en\/wp-json\/wp\/v2\/product_brand?post=79729"},{"taxonomy":"product_cat","embeddable":true,"href":"https:\/\/madame-sensuelle.paris\/en\/wp-json\/wp\/v2\/product_cat?post=79729"},{"taxonomy":"product_tag","embeddable":true,"href":"https:\/\/madame-sensuelle.paris\/en\/wp-json\/wp\/v2\/product_tag?post=79729"},{"taxonomy":"giftcard-category","embeddable":true,"href":"https:\/\/madame-sensuelle.paris\/en\/wp-json\/wp\/v2\/giftcard-category?post=79729"}],"curies":[{"name":"wp","href":"https:\/\/api.w.org\/{rel}","templated":true}]}}