{"id":79808,"date":"2024-03-10T13:11:01","date_gmt":"2024-03-10T13:11:01","guid":{"rendered":"https:\/\/madame-sensuelle.eu\/?post_type=product&#038;p=79808"},"modified":"2026-04-03T08:59:36","modified_gmt":"2026-04-03T08:59:36","slug":"b-2019000034678-tu-noir","status":"publish","type":"product","link":"https:\/\/madame-sensuelle.paris\/en\/product\/b-2019000034678-tu-noir\/","title":{"rendered":"L&#8217;ensemble harnais Golden Power"},"content":{"rendered":"<p>Ensemble Golden Power en maille. Le set comprend un soutien gorge triangle en maille, un harnais ouvert qui se met par dessus le soutien gorge, avec des \u00e9paulettes d\u00e9cor\u00e9 de chaine dor\u00e9 qui vienne tomber sur toute l&#8217;\u00e9paule, une ceinture toujours accompagner des chaines dor\u00e9 qui elle vienne se d\u00e9poser sur vos hanches et un string ficelles. Avec cet ensemble vous vous sentirez confiante et d\u00e9sirable, c&#8217;est vous qui aurez le pouvoir !<\/p>\n","protected":false},"excerpt":{"rendered":"<p>Ensemble Golden Power en maille. Le set comprend un soutien gorge triangle en maille, un harnais ouvert qui se met par dessus le soutien gorge, avec des \u00e9paulettes d\u00e9cor\u00e9 de chaine dor\u00e9 qui vienne tomber sur toute l&#8217;\u00e9paule, une ceinture toujours accompagner des chaines dor\u00e9 qui elle vienne se d\u00e9poser sur vos hanches et un<\/p>\n","protected":false},"featured_media":87321,"template":"","meta":[],"pwb-brand":[3611],"product_brand":[],"product_cat":[3521],"product_tag":[],"giftcard-category":[],"class_list":{"0":"post-79808","1":"product","2":"type-product","3":"status-publish","4":"has-post-thumbnail","6":"pwb-brand-baed-stories-2","7":"product_cat-role-play-lingerie","9":"first","10":"instock","11":"taxable","12":"shipping-taxable","13":"purchasable","14":"product-type-variable","15":"has-default-attributes"},"yoast_head":"<!-- This site is optimized with the Yoast SEO plugin v27.3 - https:\/\/yoast.com\/product\/yoast-seo-wordpress\/ -->\n<title>L&#039;ensemble harnais Golden Power \u2013 BAED - Madame Sensuelle<\/title>\n<meta name=\"description\" content=\"Ensemble Golden Power en maille. Le set comprend un soutien gorge triangle en maille, un harnais ouvert qui se met par dessus le soutien gorge, avec des \u00e9paulettes d\u00e9cor\u00e9 de chaine dor\u00e9 qui vienne tomber sur toute l&#039;\u00e9paule, une ceinture toujours accompagner des chaines dor\u00e9 qui elle vienne se d\u00e9poser sur vos hanches et un string ficelles. Avec cet ensemble vous vous sentirez confiante et d\u00e9sirable, c&#039;est vous qui aurez le pouvoir !\u00a0\u00a0\" \/>\n<meta name=\"robots\" content=\"index, follow, max-snippet:-1, max-image-preview:large, max-video-preview:-1\" \/>\n<link rel=\"canonical\" href=\"https:\/\/madame-sensuelle.paris\/en\/product\/b-2019000034678-tu-noir\/\" \/>\n<meta property=\"og:locale\" content=\"en_US\" \/>\n<meta property=\"og:type\" content=\"article\" \/>\n<meta property=\"og:title\" content=\"L&#039;ensemble harnais Golden Power \u2013 BAED - Madame Sensuelle\" \/>\n<meta property=\"og:description\" content=\"Ensemble Golden Power en maille. Le set comprend un soutien gorge triangle en maille, un harnais ouvert qui se met par dessus le soutien gorge, avec des \u00e9paulettes d\u00e9cor\u00e9 de chaine dor\u00e9 qui vienne tomber sur toute l&#039;\u00e9paule, une ceinture toujours accompagner des chaines dor\u00e9 qui elle vienne se d\u00e9poser sur vos hanches et un string ficelles. Avec cet ensemble vous vous sentirez confiante et d\u00e9sirable, c&#039;est vous qui aurez le pouvoir !\u00a0\u00a0\" \/>\n<meta property=\"og:url\" content=\"https:\/\/madame-sensuelle.paris\/en\/product\/b-2019000034678-tu-noir\/\" \/>\n<meta property=\"og:site_name\" content=\"Madame Sensuelle\" \/>\n<meta property=\"article:publisher\" content=\"https:\/\/www.facebook.com\/madamesensuelle\" \/>\n<meta property=\"article:modified_time\" content=\"2026-04-03T08:59:36+00:00\" \/>\n<meta property=\"og:image\" content=\"https:\/\/madame-sensuelle.paris\/wp-content\/uploads\/2024\/03\/gpower_01-600x800_1.jpg\" \/>\n\t<meta property=\"og:image:width\" content=\"800\" \/>\n\t<meta property=\"og:image:height\" content=\"1200\" \/>\n\t<meta property=\"og:image:type\" content=\"image\/jpeg\" \/>\n<meta name=\"twitter:card\" content=\"summary_large_image\" \/>\n<script type=\"application\/ld+json\" class=\"yoast-schema-graph\">{\"@context\":\"https:\\\/\\\/schema.org\",\"@graph\":[{\"@type\":\"WebPage\",\"@id\":\"https:\\\/\\\/madame-sensuelle.paris\\\/en\\\/product\\\/b-2019000034678-tu-noir\\\/\",\"url\":\"https:\\\/\\\/madame-sensuelle.paris\\\/en\\\/product\\\/b-2019000034678-tu-noir\\\/\",\"name\":\"L'ensemble harnais Golden Power \u2013 BAED - Madame Sensuelle\",\"isPartOf\":{\"@id\":\"https:\\\/\\\/madame-sensuelle.paris\\\/en\\\/#website\"},\"primaryImageOfPage\":{\"@id\":\"https:\\\/\\\/madame-sensuelle.paris\\\/en\\\/product\\\/b-2019000034678-tu-noir\\\/#primaryimage\"},\"image\":{\"@id\":\"https:\\\/\\\/madame-sensuelle.paris\\\/en\\\/product\\\/b-2019000034678-tu-noir\\\/#primaryimage\"},\"thumbnailUrl\":\"https:\\\/\\\/madame-sensuelle.paris\\\/wp-content\\\/uploads\\\/2024\\\/03\\\/gpower_01-600x800_1.jpg\",\"datePublished\":\"2024-03-10T13:11:01+00:00\",\"dateModified\":\"2026-04-03T08:59:36+00:00\",\"description\":\"Ensemble Golden Power en maille. Le set comprend un soutien gorge triangle en maille, un harnais ouvert qui se met par dessus le soutien gorge, avec des \u00e9paulettes d\u00e9cor\u00e9 de chaine dor\u00e9 qui vienne tomber sur toute l'\u00e9paule, une ceinture toujours accompagner des chaines dor\u00e9 qui elle vienne se d\u00e9poser sur vos hanches et un string ficelles. Avec cet ensemble vous vous sentirez confiante et d\u00e9sirable, c'est vous qui aurez le pouvoir !\u00a0\u00a0\",\"breadcrumb\":{\"@id\":\"https:\\\/\\\/madame-sensuelle.paris\\\/en\\\/product\\\/b-2019000034678-tu-noir\\\/#breadcrumb\"},\"inLanguage\":\"en-US\",\"potentialAction\":[{\"@type\":\"ReadAction\",\"target\":[\"https:\\\/\\\/madame-sensuelle.paris\\\/en\\\/product\\\/b-2019000034678-tu-noir\\\/\"]}]},{\"@type\":\"ImageObject\",\"inLanguage\":\"en-US\",\"@id\":\"https:\\\/\\\/madame-sensuelle.paris\\\/en\\\/product\\\/b-2019000034678-tu-noir\\\/#primaryimage\",\"url\":\"https:\\\/\\\/madame-sensuelle.paris\\\/wp-content\\\/uploads\\\/2024\\\/03\\\/gpower_01-600x800_1.jpg\",\"contentUrl\":\"https:\\\/\\\/madame-sensuelle.paris\\\/wp-content\\\/uploads\\\/2024\\\/03\\\/gpower_01-600x800_1.jpg\",\"width\":800,\"height\":1200},{\"@type\":\"BreadcrumbList\",\"@id\":\"https:\\\/\\\/madame-sensuelle.paris\\\/en\\\/product\\\/b-2019000034678-tu-noir\\\/#breadcrumb\",\"itemListElement\":[{\"@type\":\"ListItem\",\"position\":1,\"name\":\"Acceuil\",\"item\":\"https:\\\/\\\/madame-sensuelle.paris\\\/en\\\/home\\\/\"},{\"@type\":\"ListItem\",\"position\":2,\"name\":\"Catalog\",\"item\":\"https:\\\/\\\/madame-sensuelle.paris\\\/en\\\/catalogue\\\/\"},{\"@type\":\"ListItem\",\"position\":3,\"name\":\"BAED\",\"item\":\"https:\\\/\\\/madame-sensuelle.paris\\\/en\\\/brand\\\/baed-stories-2\\\/\"},{\"@type\":\"ListItem\",\"position\":4,\"name\":\"L&#8217;ensemble harnais Golden Power\"}]},{\"@type\":\"WebSite\",\"@id\":\"https:\\\/\\\/madame-sensuelle.paris\\\/en\\\/#website\",\"url\":\"https:\\\/\\\/madame-sensuelle.paris\\\/en\\\/\",\"name\":\"MADAME SENSUELLE\",\"description\":\"MADAME SENSUELLE: Found the biggest exciting brands of chic &amp; SEXY LINGERIE in Paris Boutique and on the WEB: Aubade, Dita Von Teese, Maison Close, Marjolaine, Bluebella, Atelier Amour, Luxxa, Catanzaro, Gracija Rim. You will found the big pleasure of sexy belt or bra make for you\",\"publisher\":{\"@id\":\"https:\\\/\\\/madame-sensuelle.paris\\\/en\\\/#organization\"},\"potentialAction\":[{\"@type\":\"SearchAction\",\"target\":{\"@type\":\"EntryPoint\",\"urlTemplate\":\"https:\\\/\\\/madame-sensuelle.paris\\\/en\\\/?s={search_term_string}\"},\"query-input\":{\"@type\":\"PropertyValueSpecification\",\"valueRequired\":true,\"valueName\":\"search_term_string\"}}],\"inLanguage\":\"en-US\"},{\"@type\":\"Organization\",\"@id\":\"https:\\\/\\\/madame-sensuelle.paris\\\/en\\\/#organization\",\"name\":\"Madame Sensuelle\",\"url\":\"https:\\\/\\\/madame-sensuelle.paris\\\/en\\\/\",\"logo\":{\"@type\":\"ImageObject\",\"inLanguage\":\"en-US\",\"@id\":\"https:\\\/\\\/madame-sensuelle.paris\\\/en\\\/#\\\/schema\\\/logo\\\/image\\\/\",\"url\":\"https:\\\/\\\/madame-sensuelle.paris\\\/wp-content\\\/uploads\\\/2024\\\/12\\\/logo_a-1-1_696.webp\",\"contentUrl\":\"https:\\\/\\\/madame-sensuelle.paris\\\/wp-content\\\/uploads\\\/2024\\\/12\\\/logo_a-1-1_696.webp\",\"width\":696,\"height\":696,\"caption\":\"Madame Sensuelle\"},\"image\":{\"@id\":\"https:\\\/\\\/madame-sensuelle.paris\\\/en\\\/#\\\/schema\\\/logo\\\/image\\\/\"},\"sameAs\":[\"https:\\\/\\\/www.facebook.com\\\/madamesensuelle\",\"https:\\\/\\\/www.instagram.com\\\/madame_sensuelle\\\/\"]}]}<\/script>\n<!-- \/ Yoast SEO plugin. -->","yoast_head_json":{"title":"L'ensemble harnais Golden Power \u2013 BAED - Madame Sensuelle","description":"Ensemble Golden Power en maille. Le set comprend un soutien gorge triangle en maille, un harnais ouvert qui se met par dessus le soutien gorge, avec des \u00e9paulettes d\u00e9cor\u00e9 de chaine dor\u00e9 qui vienne tomber sur toute l'\u00e9paule, une ceinture toujours accompagner des chaines dor\u00e9 qui elle vienne se d\u00e9poser sur vos hanches et un string ficelles. Avec cet ensemble vous vous sentirez confiante et d\u00e9sirable, c'est vous qui aurez le pouvoir !\u00a0\u00a0","robots":{"index":"index","follow":"follow","max-snippet":"max-snippet:-1","max-image-preview":"max-image-preview:large","max-video-preview":"max-video-preview:-1"},"canonical":"https:\/\/madame-sensuelle.paris\/en\/product\/b-2019000034678-tu-noir\/","og_locale":"en_US","og_type":"article","og_title":"L'ensemble harnais Golden Power \u2013 BAED - Madame Sensuelle","og_description":"Ensemble Golden Power en maille. Le set comprend un soutien gorge triangle en maille, un harnais ouvert qui se met par dessus le soutien gorge, avec des \u00e9paulettes d\u00e9cor\u00e9 de chaine dor\u00e9 qui vienne tomber sur toute l'\u00e9paule, une ceinture toujours accompagner des chaines dor\u00e9 qui elle vienne se d\u00e9poser sur vos hanches et un string ficelles. Avec cet ensemble vous vous sentirez confiante et d\u00e9sirable, c'est vous qui aurez le pouvoir !\u00a0\u00a0","og_url":"https:\/\/madame-sensuelle.paris\/en\/product\/b-2019000034678-tu-noir\/","og_site_name":"Madame Sensuelle","article_publisher":"https:\/\/www.facebook.com\/madamesensuelle","article_modified_time":"2026-04-03T08:59:36+00:00","og_image":[{"width":800,"height":1200,"url":"https:\/\/madame-sensuelle.paris\/wp-content\/uploads\/2024\/03\/gpower_01-600x800_1.jpg","type":"image\/jpeg"}],"twitter_card":"summary_large_image","schema":{"@context":"https:\/\/schema.org","@graph":[{"@type":"WebPage","@id":"https:\/\/madame-sensuelle.paris\/en\/product\/b-2019000034678-tu-noir\/","url":"https:\/\/madame-sensuelle.paris\/en\/product\/b-2019000034678-tu-noir\/","name":"L'ensemble harnais Golden Power \u2013 BAED - Madame Sensuelle","isPartOf":{"@id":"https:\/\/madame-sensuelle.paris\/en\/#website"},"primaryImageOfPage":{"@id":"https:\/\/madame-sensuelle.paris\/en\/product\/b-2019000034678-tu-noir\/#primaryimage"},"image":{"@id":"https:\/\/madame-sensuelle.paris\/en\/product\/b-2019000034678-tu-noir\/#primaryimage"},"thumbnailUrl":"https:\/\/madame-sensuelle.paris\/wp-content\/uploads\/2024\/03\/gpower_01-600x800_1.jpg","datePublished":"2024-03-10T13:11:01+00:00","dateModified":"2026-04-03T08:59:36+00:00","description":"Ensemble Golden Power en maille. Le set comprend un soutien gorge triangle en maille, un harnais ouvert qui se met par dessus le soutien gorge, avec des \u00e9paulettes d\u00e9cor\u00e9 de chaine dor\u00e9 qui vienne tomber sur toute l'\u00e9paule, une ceinture toujours accompagner des chaines dor\u00e9 qui elle vienne se d\u00e9poser sur vos hanches et un string ficelles. Avec cet ensemble vous vous sentirez confiante et d\u00e9sirable, c'est vous qui aurez le pouvoir !\u00a0\u00a0","breadcrumb":{"@id":"https:\/\/madame-sensuelle.paris\/en\/product\/b-2019000034678-tu-noir\/#breadcrumb"},"inLanguage":"en-US","potentialAction":[{"@type":"ReadAction","target":["https:\/\/madame-sensuelle.paris\/en\/product\/b-2019000034678-tu-noir\/"]}]},{"@type":"ImageObject","inLanguage":"en-US","@id":"https:\/\/madame-sensuelle.paris\/en\/product\/b-2019000034678-tu-noir\/#primaryimage","url":"https:\/\/madame-sensuelle.paris\/wp-content\/uploads\/2024\/03\/gpower_01-600x800_1.jpg","contentUrl":"https:\/\/madame-sensuelle.paris\/wp-content\/uploads\/2024\/03\/gpower_01-600x800_1.jpg","width":800,"height":1200},{"@type":"BreadcrumbList","@id":"https:\/\/madame-sensuelle.paris\/en\/product\/b-2019000034678-tu-noir\/#breadcrumb","itemListElement":[{"@type":"ListItem","position":1,"name":"Acceuil","item":"https:\/\/madame-sensuelle.paris\/en\/home\/"},{"@type":"ListItem","position":2,"name":"Catalog","item":"https:\/\/madame-sensuelle.paris\/en\/catalogue\/"},{"@type":"ListItem","position":3,"name":"BAED","item":"https:\/\/madame-sensuelle.paris\/en\/brand\/baed-stories-2\/"},{"@type":"ListItem","position":4,"name":"L&#8217;ensemble harnais Golden Power"}]},{"@type":"WebSite","@id":"https:\/\/madame-sensuelle.paris\/en\/#website","url":"https:\/\/madame-sensuelle.paris\/en\/","name":"MADAME SENSUELLE","description":"MADAME SENSUELLE: Found the biggest exciting brands of chic &amp; SEXY LINGERIE in Paris Boutique and on the WEB: Aubade, Dita Von Teese, Maison Close, Marjolaine, Bluebella, Atelier Amour, Luxxa, Catanzaro, Gracija Rim. You will found the big pleasure of sexy belt or bra make for you","publisher":{"@id":"https:\/\/madame-sensuelle.paris\/en\/#organization"},"potentialAction":[{"@type":"SearchAction","target":{"@type":"EntryPoint","urlTemplate":"https:\/\/madame-sensuelle.paris\/en\/?s={search_term_string}"},"query-input":{"@type":"PropertyValueSpecification","valueRequired":true,"valueName":"search_term_string"}}],"inLanguage":"en-US"},{"@type":"Organization","@id":"https:\/\/madame-sensuelle.paris\/en\/#organization","name":"Madame Sensuelle","url":"https:\/\/madame-sensuelle.paris\/en\/","logo":{"@type":"ImageObject","inLanguage":"en-US","@id":"https:\/\/madame-sensuelle.paris\/en\/#\/schema\/logo\/image\/","url":"https:\/\/madame-sensuelle.paris\/wp-content\/uploads\/2024\/12\/logo_a-1-1_696.webp","contentUrl":"https:\/\/madame-sensuelle.paris\/wp-content\/uploads\/2024\/12\/logo_a-1-1_696.webp","width":696,"height":696,"caption":"Madame Sensuelle"},"image":{"@id":"https:\/\/madame-sensuelle.paris\/en\/#\/schema\/logo\/image\/"},"sameAs":["https:\/\/www.facebook.com\/madamesensuelle","https:\/\/www.instagram.com\/madame_sensuelle\/"]}]}},"brands":[{"id":3611,"name":"BAED","slug":"baed-stories-2"}],"_links":{"self":[{"href":"https:\/\/madame-sensuelle.paris\/en\/wp-json\/wp\/v2\/product\/79808","targetHints":{"allow":["GET"]}}],"collection":[{"href":"https:\/\/madame-sensuelle.paris\/en\/wp-json\/wp\/v2\/product"}],"about":[{"href":"https:\/\/madame-sensuelle.paris\/en\/wp-json\/wp\/v2\/types\/product"}],"version-history":[{"count":1,"href":"https:\/\/madame-sensuelle.paris\/en\/wp-json\/wp\/v2\/product\/79808\/revisions"}],"predecessor-version":[{"id":110526,"href":"https:\/\/madame-sensuelle.paris\/en\/wp-json\/wp\/v2\/product\/79808\/revisions\/110526"}],"wp:featuredmedia":[{"embeddable":true,"href":"https:\/\/madame-sensuelle.paris\/en\/wp-json\/wp\/v2\/media\/87321"}],"wp:attachment":[{"href":"https:\/\/madame-sensuelle.paris\/en\/wp-json\/wp\/v2\/media?parent=79808"}],"wp:term":[{"taxonomy":"pwb-brand","embeddable":true,"href":"https:\/\/madame-sensuelle.paris\/en\/wp-json\/wp\/v2\/pwb-brand?post=79808"},{"taxonomy":"product_brand","embeddable":true,"href":"https:\/\/madame-sensuelle.paris\/en\/wp-json\/wp\/v2\/product_brand?post=79808"},{"taxonomy":"product_cat","embeddable":true,"href":"https:\/\/madame-sensuelle.paris\/en\/wp-json\/wp\/v2\/product_cat?post=79808"},{"taxonomy":"product_tag","embeddable":true,"href":"https:\/\/madame-sensuelle.paris\/en\/wp-json\/wp\/v2\/product_tag?post=79808"},{"taxonomy":"giftcard-category","embeddable":true,"href":"https:\/\/madame-sensuelle.paris\/en\/wp-json\/wp\/v2\/giftcard-category?post=79808"}],"curies":[{"name":"wp","href":"https:\/\/api.w.org\/{rel}","templated":true}]}}