{"id":79919,"date":"2024-03-10T13:11:17","date_gmt":"2024-03-10T13:11:17","guid":{"rendered":"https:\/\/madame-sensuelle.eu\/?post_type=product&#038;p=79919"},"modified":"2026-04-03T09:52:15","modified_gmt":"2026-04-03T09:52:15","slug":"b-8435357308660-tu-noir","status":"publish","type":"product","link":"https:\/\/madame-sensuelle.paris\/en\/product\/b-8435357308660-tu-noir\/","title":{"rendered":"Manchette en dentelle avec perles Manhattan &#8211; noir"},"content":{"rendered":"<p>An erotic glove that has been patented. The touch of the pearls will give your partner an unexpected arousal. You can combine it with any garment from the Manhattan Collection. It is made of recycled Italian lace and black pearls.<\/p>\n","protected":false},"excerpt":{"rendered":"<p>An erotic glove that has been patented. The touch of the pearls will give your partner an unexpected arousal. You can combine it with any garment from the Manhattan Collection. It is made of recycled Italian lace and black pearls.<\/p>\n","protected":false},"featured_media":87419,"template":"","meta":[],"pwb-brand":[3608],"product_brand":[],"product_cat":[3231,3246],"product_tag":[],"giftcard-category":[],"class_list":{"0":"post-79919","1":"product","2":"type-product","3":"status-publish","4":"has-post-thumbnail","6":"pwb-brand-bracli-2","7":"product_cat-accessories","8":"product_cat-gloves-cuffs","10":"first","11":"outofstock","12":"taxable","13":"shipping-taxable","14":"purchasable","15":"product-type-variable"},"yoast_head":"<!-- This site is optimized with the Yoast SEO plugin v27.3 - https:\/\/yoast.com\/product\/yoast-seo-wordpress\/ -->\n<title>Manchette en dentelle avec perles Manhattan - noir \u2013 BRACLI - Madame Sensuelle<\/title>\n<meta name=\"description\" content=\"Le mod\u00e8le Manchette en dentelle avec perles Manhattan - noir sign\u00e9 BRACLI, \u00e0 d\u00e9couvrir chez Madame Sensuelle. Essayage VIP disponible.\" \/>\n<meta name=\"robots\" content=\"index, follow, max-snippet:-1, max-image-preview:large, max-video-preview:-1\" \/>\n<link rel=\"canonical\" href=\"https:\/\/madame-sensuelle.paris\/en\/product\/b-8435357308660-tu-noir\/\" \/>\n<meta property=\"og:locale\" content=\"en_US\" \/>\n<meta property=\"og:type\" content=\"article\" \/>\n<meta property=\"og:title\" content=\"Manchette en dentelle avec perles Manhattan - noir \u2013 BRACLI - Madame Sensuelle\" \/>\n<meta property=\"og:description\" content=\"Le mod\u00e8le Manchette en dentelle avec perles Manhattan - noir sign\u00e9 BRACLI, \u00e0 d\u00e9couvrir chez Madame Sensuelle. Essayage VIP disponible.\" \/>\n<meta property=\"og:url\" content=\"https:\/\/madame-sensuelle.paris\/en\/product\/b-8435357308660-tu-noir\/\" \/>\n<meta property=\"og:site_name\" content=\"Madame Sensuelle\" \/>\n<meta property=\"article:publisher\" content=\"https:\/\/www.facebook.com\/madamesensuelle\" \/>\n<meta property=\"article:modified_time\" content=\"2026-04-03T09:52:15+00:00\" \/>\n<meta property=\"og:image\" content=\"https:\/\/madame-sensuelle.paris\/wp-content\/uploads\/2024\/03\/manhattanbra_glove1_lk_dd4e5388-489a-4669-9871-dafcfb3380dd_600x.jpg\" \/>\n\t<meta property=\"og:image:width\" content=\"600\" \/>\n\t<meta property=\"og:image:height\" content=\"900\" \/>\n\t<meta property=\"og:image:type\" content=\"image\/jpeg\" \/>\n<meta name=\"twitter:card\" content=\"summary_large_image\" \/>\n<script type=\"application\/ld+json\" class=\"yoast-schema-graph\">{\"@context\":\"https:\\\/\\\/schema.org\",\"@graph\":[{\"@type\":\"WebPage\",\"@id\":\"https:\\\/\\\/madame-sensuelle.paris\\\/en\\\/product\\\/b-8435357308660-tu-noir\\\/\",\"url\":\"https:\\\/\\\/madame-sensuelle.paris\\\/en\\\/product\\\/b-8435357308660-tu-noir\\\/\",\"name\":\"Manchette en dentelle avec perles Manhattan - noir \u2013 BRACLI - Madame Sensuelle\",\"isPartOf\":{\"@id\":\"https:\\\/\\\/madame-sensuelle.paris\\\/en\\\/#website\"},\"primaryImageOfPage\":{\"@id\":\"https:\\\/\\\/madame-sensuelle.paris\\\/en\\\/product\\\/b-8435357308660-tu-noir\\\/#primaryimage\"},\"image\":{\"@id\":\"https:\\\/\\\/madame-sensuelle.paris\\\/en\\\/product\\\/b-8435357308660-tu-noir\\\/#primaryimage\"},\"thumbnailUrl\":\"https:\\\/\\\/madame-sensuelle.paris\\\/wp-content\\\/uploads\\\/2024\\\/03\\\/manhattanbra_glove1_lk_dd4e5388-489a-4669-9871-dafcfb3380dd_600x.jpg\",\"datePublished\":\"2024-03-10T13:11:17+00:00\",\"dateModified\":\"2026-04-03T09:52:15+00:00\",\"description\":\"Le mod\u00e8le Manchette en dentelle avec perles Manhattan - noir sign\u00e9 BRACLI, \u00e0 d\u00e9couvrir chez Madame Sensuelle. Essayage VIP disponible.\",\"breadcrumb\":{\"@id\":\"https:\\\/\\\/madame-sensuelle.paris\\\/en\\\/product\\\/b-8435357308660-tu-noir\\\/#breadcrumb\"},\"inLanguage\":\"en-US\",\"potentialAction\":[{\"@type\":\"ReadAction\",\"target\":[\"https:\\\/\\\/madame-sensuelle.paris\\\/en\\\/product\\\/b-8435357308660-tu-noir\\\/\"]}]},{\"@type\":\"ImageObject\",\"inLanguage\":\"en-US\",\"@id\":\"https:\\\/\\\/madame-sensuelle.paris\\\/en\\\/product\\\/b-8435357308660-tu-noir\\\/#primaryimage\",\"url\":\"https:\\\/\\\/madame-sensuelle.paris\\\/wp-content\\\/uploads\\\/2024\\\/03\\\/manhattanbra_glove1_lk_dd4e5388-489a-4669-9871-dafcfb3380dd_600x.jpg\",\"contentUrl\":\"https:\\\/\\\/madame-sensuelle.paris\\\/wp-content\\\/uploads\\\/2024\\\/03\\\/manhattanbra_glove1_lk_dd4e5388-489a-4669-9871-dafcfb3380dd_600x.jpg\",\"width\":600,\"height\":900},{\"@type\":\"BreadcrumbList\",\"@id\":\"https:\\\/\\\/madame-sensuelle.paris\\\/en\\\/product\\\/b-8435357308660-tu-noir\\\/#breadcrumb\",\"itemListElement\":[{\"@type\":\"ListItem\",\"position\":1,\"name\":\"Acceuil\",\"item\":\"https:\\\/\\\/madame-sensuelle.paris\\\/en\\\/home\\\/\"},{\"@type\":\"ListItem\",\"position\":2,\"name\":\"Catalog\",\"item\":\"https:\\\/\\\/madame-sensuelle.paris\\\/en\\\/catalogue\\\/\"},{\"@type\":\"ListItem\",\"position\":3,\"name\":\"BRACLI\",\"item\":\"https:\\\/\\\/madame-sensuelle.paris\\\/en\\\/brand\\\/bracli-2\\\/\"},{\"@type\":\"ListItem\",\"position\":4,\"name\":\"Manchette en dentelle avec perles Manhattan &#8211; noir\"}]},{\"@type\":\"WebSite\",\"@id\":\"https:\\\/\\\/madame-sensuelle.paris\\\/en\\\/#website\",\"url\":\"https:\\\/\\\/madame-sensuelle.paris\\\/en\\\/\",\"name\":\"MADAME SENSUELLE\",\"description\":\"MADAME SENSUELLE: Found the biggest exciting brands of chic &amp; SEXY LINGERIE in Paris Boutique and on the WEB: Aubade, Dita Von Teese, Maison Close, Marjolaine, Bluebella, Atelier Amour, Luxxa, Catanzaro, Gracija Rim. You will found the big pleasure of sexy belt or bra make for you\",\"publisher\":{\"@id\":\"https:\\\/\\\/madame-sensuelle.paris\\\/en\\\/#organization\"},\"potentialAction\":[{\"@type\":\"SearchAction\",\"target\":{\"@type\":\"EntryPoint\",\"urlTemplate\":\"https:\\\/\\\/madame-sensuelle.paris\\\/en\\\/?s={search_term_string}\"},\"query-input\":{\"@type\":\"PropertyValueSpecification\",\"valueRequired\":true,\"valueName\":\"search_term_string\"}}],\"inLanguage\":\"en-US\"},{\"@type\":\"Organization\",\"@id\":\"https:\\\/\\\/madame-sensuelle.paris\\\/en\\\/#organization\",\"name\":\"Madame Sensuelle\",\"url\":\"https:\\\/\\\/madame-sensuelle.paris\\\/en\\\/\",\"logo\":{\"@type\":\"ImageObject\",\"inLanguage\":\"en-US\",\"@id\":\"https:\\\/\\\/madame-sensuelle.paris\\\/en\\\/#\\\/schema\\\/logo\\\/image\\\/\",\"url\":\"https:\\\/\\\/madame-sensuelle.paris\\\/wp-content\\\/uploads\\\/2024\\\/12\\\/logo_a-1-1_696.webp\",\"contentUrl\":\"https:\\\/\\\/madame-sensuelle.paris\\\/wp-content\\\/uploads\\\/2024\\\/12\\\/logo_a-1-1_696.webp\",\"width\":696,\"height\":696,\"caption\":\"Madame Sensuelle\"},\"image\":{\"@id\":\"https:\\\/\\\/madame-sensuelle.paris\\\/en\\\/#\\\/schema\\\/logo\\\/image\\\/\"},\"sameAs\":[\"https:\\\/\\\/www.facebook.com\\\/madamesensuelle\",\"https:\\\/\\\/www.instagram.com\\\/madame_sensuelle\\\/\"]}]}<\/script>\n<!-- \/ Yoast SEO plugin. -->","yoast_head_json":{"title":"Manchette en dentelle avec perles Manhattan - noir \u2013 BRACLI - Madame Sensuelle","description":"Le mod\u00e8le Manchette en dentelle avec perles Manhattan - noir sign\u00e9 BRACLI, \u00e0 d\u00e9couvrir chez Madame Sensuelle. Essayage VIP disponible.","robots":{"index":"index","follow":"follow","max-snippet":"max-snippet:-1","max-image-preview":"max-image-preview:large","max-video-preview":"max-video-preview:-1"},"canonical":"https:\/\/madame-sensuelle.paris\/en\/product\/b-8435357308660-tu-noir\/","og_locale":"en_US","og_type":"article","og_title":"Manchette en dentelle avec perles Manhattan - noir \u2013 BRACLI - Madame Sensuelle","og_description":"Le mod\u00e8le Manchette en dentelle avec perles Manhattan - noir sign\u00e9 BRACLI, \u00e0 d\u00e9couvrir chez Madame Sensuelle. Essayage VIP disponible.","og_url":"https:\/\/madame-sensuelle.paris\/en\/product\/b-8435357308660-tu-noir\/","og_site_name":"Madame Sensuelle","article_publisher":"https:\/\/www.facebook.com\/madamesensuelle","article_modified_time":"2026-04-03T09:52:15+00:00","og_image":[{"width":600,"height":900,"url":"https:\/\/madame-sensuelle.paris\/wp-content\/uploads\/2024\/03\/manhattanbra_glove1_lk_dd4e5388-489a-4669-9871-dafcfb3380dd_600x.jpg","type":"image\/jpeg"}],"twitter_card":"summary_large_image","schema":{"@context":"https:\/\/schema.org","@graph":[{"@type":"WebPage","@id":"https:\/\/madame-sensuelle.paris\/en\/product\/b-8435357308660-tu-noir\/","url":"https:\/\/madame-sensuelle.paris\/en\/product\/b-8435357308660-tu-noir\/","name":"Manchette en dentelle avec perles Manhattan - noir \u2013 BRACLI - Madame Sensuelle","isPartOf":{"@id":"https:\/\/madame-sensuelle.paris\/en\/#website"},"primaryImageOfPage":{"@id":"https:\/\/madame-sensuelle.paris\/en\/product\/b-8435357308660-tu-noir\/#primaryimage"},"image":{"@id":"https:\/\/madame-sensuelle.paris\/en\/product\/b-8435357308660-tu-noir\/#primaryimage"},"thumbnailUrl":"https:\/\/madame-sensuelle.paris\/wp-content\/uploads\/2024\/03\/manhattanbra_glove1_lk_dd4e5388-489a-4669-9871-dafcfb3380dd_600x.jpg","datePublished":"2024-03-10T13:11:17+00:00","dateModified":"2026-04-03T09:52:15+00:00","description":"Le mod\u00e8le Manchette en dentelle avec perles Manhattan - noir sign\u00e9 BRACLI, \u00e0 d\u00e9couvrir chez Madame Sensuelle. Essayage VIP disponible.","breadcrumb":{"@id":"https:\/\/madame-sensuelle.paris\/en\/product\/b-8435357308660-tu-noir\/#breadcrumb"},"inLanguage":"en-US","potentialAction":[{"@type":"ReadAction","target":["https:\/\/madame-sensuelle.paris\/en\/product\/b-8435357308660-tu-noir\/"]}]},{"@type":"ImageObject","inLanguage":"en-US","@id":"https:\/\/madame-sensuelle.paris\/en\/product\/b-8435357308660-tu-noir\/#primaryimage","url":"https:\/\/madame-sensuelle.paris\/wp-content\/uploads\/2024\/03\/manhattanbra_glove1_lk_dd4e5388-489a-4669-9871-dafcfb3380dd_600x.jpg","contentUrl":"https:\/\/madame-sensuelle.paris\/wp-content\/uploads\/2024\/03\/manhattanbra_glove1_lk_dd4e5388-489a-4669-9871-dafcfb3380dd_600x.jpg","width":600,"height":900},{"@type":"BreadcrumbList","@id":"https:\/\/madame-sensuelle.paris\/en\/product\/b-8435357308660-tu-noir\/#breadcrumb","itemListElement":[{"@type":"ListItem","position":1,"name":"Acceuil","item":"https:\/\/madame-sensuelle.paris\/en\/home\/"},{"@type":"ListItem","position":2,"name":"Catalog","item":"https:\/\/madame-sensuelle.paris\/en\/catalogue\/"},{"@type":"ListItem","position":3,"name":"BRACLI","item":"https:\/\/madame-sensuelle.paris\/en\/brand\/bracli-2\/"},{"@type":"ListItem","position":4,"name":"Manchette en dentelle avec perles Manhattan &#8211; noir"}]},{"@type":"WebSite","@id":"https:\/\/madame-sensuelle.paris\/en\/#website","url":"https:\/\/madame-sensuelle.paris\/en\/","name":"MADAME SENSUELLE","description":"MADAME SENSUELLE: Found the biggest exciting brands of chic &amp; SEXY LINGERIE in Paris Boutique and on the WEB: Aubade, Dita Von Teese, Maison Close, Marjolaine, Bluebella, Atelier Amour, Luxxa, Catanzaro, Gracija Rim. You will found the big pleasure of sexy belt or bra make for you","publisher":{"@id":"https:\/\/madame-sensuelle.paris\/en\/#organization"},"potentialAction":[{"@type":"SearchAction","target":{"@type":"EntryPoint","urlTemplate":"https:\/\/madame-sensuelle.paris\/en\/?s={search_term_string}"},"query-input":{"@type":"PropertyValueSpecification","valueRequired":true,"valueName":"search_term_string"}}],"inLanguage":"en-US"},{"@type":"Organization","@id":"https:\/\/madame-sensuelle.paris\/en\/#organization","name":"Madame Sensuelle","url":"https:\/\/madame-sensuelle.paris\/en\/","logo":{"@type":"ImageObject","inLanguage":"en-US","@id":"https:\/\/madame-sensuelle.paris\/en\/#\/schema\/logo\/image\/","url":"https:\/\/madame-sensuelle.paris\/wp-content\/uploads\/2024\/12\/logo_a-1-1_696.webp","contentUrl":"https:\/\/madame-sensuelle.paris\/wp-content\/uploads\/2024\/12\/logo_a-1-1_696.webp","width":696,"height":696,"caption":"Madame Sensuelle"},"image":{"@id":"https:\/\/madame-sensuelle.paris\/en\/#\/schema\/logo\/image\/"},"sameAs":["https:\/\/www.facebook.com\/madamesensuelle","https:\/\/www.instagram.com\/madame_sensuelle\/"]}]}},"brands":[{"id":3608,"name":"BRACLI","slug":"bracli-2"}],"_links":{"self":[{"href":"https:\/\/madame-sensuelle.paris\/en\/wp-json\/wp\/v2\/product\/79919","targetHints":{"allow":["GET"]}}],"collection":[{"href":"https:\/\/madame-sensuelle.paris\/en\/wp-json\/wp\/v2\/product"}],"about":[{"href":"https:\/\/madame-sensuelle.paris\/en\/wp-json\/wp\/v2\/types\/product"}],"version-history":[{"count":1,"href":"https:\/\/madame-sensuelle.paris\/en\/wp-json\/wp\/v2\/product\/79919\/revisions"}],"predecessor-version":[{"id":108389,"href":"https:\/\/madame-sensuelle.paris\/en\/wp-json\/wp\/v2\/product\/79919\/revisions\/108389"}],"wp:featuredmedia":[{"embeddable":true,"href":"https:\/\/madame-sensuelle.paris\/en\/wp-json\/wp\/v2\/media\/87419"}],"wp:attachment":[{"href":"https:\/\/madame-sensuelle.paris\/en\/wp-json\/wp\/v2\/media?parent=79919"}],"wp:term":[{"taxonomy":"pwb-brand","embeddable":true,"href":"https:\/\/madame-sensuelle.paris\/en\/wp-json\/wp\/v2\/pwb-brand?post=79919"},{"taxonomy":"product_brand","embeddable":true,"href":"https:\/\/madame-sensuelle.paris\/en\/wp-json\/wp\/v2\/product_brand?post=79919"},{"taxonomy":"product_cat","embeddable":true,"href":"https:\/\/madame-sensuelle.paris\/en\/wp-json\/wp\/v2\/product_cat?post=79919"},{"taxonomy":"product_tag","embeddable":true,"href":"https:\/\/madame-sensuelle.paris\/en\/wp-json\/wp\/v2\/product_tag?post=79919"},{"taxonomy":"giftcard-category","embeddable":true,"href":"https:\/\/madame-sensuelle.paris\/en\/wp-json\/wp\/v2\/giftcard-category?post=79919"}],"curies":[{"name":"wp","href":"https:\/\/api.w.org\/{rel}","templated":true}]}}