{"id":112459,"date":"2024-11-29T18:03:30","date_gmt":"2024-11-29T18:03:30","guid":{"rendered":"https:\/\/madame-sensuelle.paris\/gift-card\/"},"modified":"2026-03-28T15:06:47","modified_gmt":"2026-03-28T15:06:47","slug":"carte-cadeau","status":"publish","type":"page","link":"https:\/\/madame-sensuelle.paris\/fr\/carte-cadeau\/","title":{"rendered":"Carte Cadeau Lingerie Madame Sensuelle"},"content":{"rendered":"\t\t<div data-elementor-type=\"wp-page\" data-elementor-id=\"112459\" class=\"elementor elementor-112459\" data-elementor-post-type=\"page\">\n\t\t\t\t\t\t<section class=\"elementor-section elementor-top-section elementor-element elementor-element-d3e026f elementor-section-boxed elementor-section-height-default elementor-section-height-default\" data-id=\"d3e026f\" data-element_type=\"section\">\n\t\t\t\t\t\t<div class=\"elementor-container elementor-column-gap-default\">\n\t\t\t\t\t<div class=\"elementor-column elementor-col-100 elementor-top-column elementor-element elementor-element-676bdce kt-display-default\" data-id=\"676bdce\" data-element_type=\"column\">\n\t\t\t<div class=\"elementor-widget-wrap elementor-element-populated\">\n\t\t\t\t\t\t<div class=\"elementor-element elementor-element-2aa6731 elementor-widget elementor-widget-kite-woocommerce-products\" data-id=\"2aa6731\" data-element_type=\"widget\" data-widget_type=\"kite-woocommerce-products.default\">\n\t\t\t\t<div class=\"elementor-widget-container\">\n\t\t\t\t\t<div class=\"woocommerce wc-shortcode carousel-navigation-on  fadein 1 carousel no-responsive-animation light\" data-layoutMode=\"\" data-autoplay=\"on\"  data-delay=\"0\" data-animation=\"none\">\n\t\t\t\t\n\t\t\t\t\t\t\t\t\t<div class=\"products kt-widget-product-loop column_tablet buttonsonhover shop-4column shop-tablet-3column\">\n\t\t\t\t\n\t\t\t\t\t\t\t<div class=\"swiper\" data-visibleitems=\"4\">\n\t\t\t\t\t\t\t\t<div class=\"swiper-wrapper\">\n\t\t\t\t\t<div class=\"has-gallery product type-product post-127945 status-publish first instock product_cat-wps_wgm_giftcard has-post-thumbnail taxable shipping-taxable purchasable product-type-gift-card\">\r\n\t\t<div class=\"productwrap\">\r\n\t\t<span class=\"added_to_cart_icon icon icon-check\"><\/span>\r\n\t\t<div class=\"add_to_cart_btn_wrap lazy-load-hover-container\">\r\n\r\n\t\t<div class=\"kt-badges\"><\/div>\t\t\r\n\r\n\t\t<a href=\"https:\/\/madame-sensuelle.paris\/fr\/product\/carte-cadeau-100\/\" class=\"woocommerce-LoopProduct-link woocommerce-loop-product__link\"><\/a><div class=\"imageswrap productthumbnail lazy-load lazy-load-on-load\" style=\"padding-top:133.33333333333%;\"><img fetchpriority=\"high\" decoding=\"async\" src=\"data:image\/gif;base64,R0lGODlhAQABAAAAACH5BAEKAAEALAAAAAABAAEAAAICTAEAOw==\" data-src=\"https:\/\/madame-sensuelle.paris\/wp-content\/uploads\/2026\/03\/81127c2f-232c-462c-8e90-f50331200d3d.png\"  width=\"600\" height=\"800\" alt=\"81127c2f-232c-462c-8e90-f50331200d3d\"\/><\/div><div class=\"hover-image lazy-load lazy-load-hover bg-lazy-load\" data-src=\"\"><\/div>\t\t\t\t\t\t\t\t<div class=\"product-buttons \">\r\n\r\n\t\t\t\t\t<span class=\"product-button product_type_gift-card\"><a href=\"https:\/\/madame-sensuelle.paris\/fr\/product\/carte-cadeau-100\/\" rel=\"nofollow\" data-product_id=\"127945\" data-product_sku=\"\" data-quantity=\"1\" class=\"button add_to_cart_button product_type_gift-card swiper-no-swiping\" data-min-quantity=\"1\"><span class=\"icon\"><\/span><span class=\"txt\" data-hover=\"Select amount\">Select amount<\/span><\/a><\/span>\r\n\t\t\t\t<\/div>\r\n\t\t\t\t\t\t\t<!-- \r\n\t\t\t-->\r\n\t\t\t\t\t\t<!-- \r\n\t\t\t-->\r\n\r\n\t\t<\/div>\r\n\r\n\t\t<div class=\"wrap_after_thumbnail\">\r\n\r\n\t\t\t<a href=\"https:\/\/madame-sensuelle.paris\/fr\/product\/carte-cadeau-100\/\" ><h2 class=\"woocommerce-loop-product__title\">Carte Cadeau &#8211; 100<\/h2><\/a>\n\t<span class=\"price\"><span class=\"woocommerce-Price-amount amount\"><bdi><span class=\"woocommerce-Price-currencySymbol\">&euro;<\/span>100,00<\/bdi><\/span><\/span>\n\r\n\t\t<\/div>\r\n\t\t\t<\/div>\r\n<\/div><div class=\"has-gallery product type-product post-127949 status-publish instock product_cat-wps_wgm_giftcard has-post-thumbnail taxable shipping-taxable purchasable product-type-gift-card\">\r\n\t\t<div class=\"productwrap\">\r\n\t\t<span class=\"added_to_cart_icon icon icon-check\"><\/span>\r\n\t\t<div class=\"add_to_cart_btn_wrap lazy-load-hover-container\">\r\n\r\n\t\t<div class=\"kt-badges\"><\/div>\t\t\r\n\r\n\t\t<a href=\"https:\/\/madame-sensuelle.paris\/fr\/product\/carte-cadeau-200\/\" class=\"woocommerce-LoopProduct-link woocommerce-loop-product__link\"><\/a><div class=\"imageswrap productthumbnail lazy-load lazy-load-on-load\" style=\"padding-top:133.33333333333%;\"><img fetchpriority=\"high\" decoding=\"async\" src=\"data:image\/gif;base64,R0lGODlhAQABAAAAACH5BAEKAAEALAAAAAABAAEAAAICTAEAOw==\" data-src=\"https:\/\/madame-sensuelle.paris\/wp-content\/uploads\/2026\/03\/81127c2f-232c-462c-8e90-f50331200d3d.png\"  width=\"600\" height=\"800\" alt=\"81127c2f-232c-462c-8e90-f50331200d3d\"\/><\/div><div class=\"hover-image lazy-load lazy-load-hover bg-lazy-load\" data-src=\"\"><\/div>\t\t\t\t\t\t\t\t<div class=\"product-buttons \">\r\n\r\n\t\t\t\t\t<span class=\"product-button product_type_gift-card\"><a href=\"https:\/\/madame-sensuelle.paris\/fr\/product\/carte-cadeau-200\/\" rel=\"nofollow\" data-product_id=\"127949\" data-product_sku=\"\" data-quantity=\"1\" class=\"button add_to_cart_button product_type_gift-card swiper-no-swiping\" data-min-quantity=\"1\"><span class=\"icon\"><\/span><span class=\"txt\" data-hover=\"Select amount\">Select amount<\/span><\/a><\/span>\r\n\t\t\t\t<\/div>\r\n\t\t\t\t\t\t\t<!-- \r\n\t\t\t-->\r\n\t\t\t\t\t\t<!-- \r\n\t\t\t-->\r\n\r\n\t\t<\/div>\r\n\r\n\t\t<div class=\"wrap_after_thumbnail\">\r\n\r\n\t\t\t<a href=\"https:\/\/madame-sensuelle.paris\/fr\/product\/carte-cadeau-200\/\" ><h2 class=\"woocommerce-loop-product__title\">Carte Cadeau &#8211; 200<\/h2><\/a>\n\t<span class=\"price\"><span class=\"woocommerce-Price-amount amount\"><bdi><span class=\"woocommerce-Price-currencySymbol\">&euro;<\/span>200,00<\/bdi><\/span><\/span>\n\r\n\t\t<\/div>\r\n\t\t\t<\/div>\r\n<\/div><div class=\"has-gallery product type-product post-127954 status-publish instock product_cat-wps_wgm_giftcard has-post-thumbnail taxable shipping-taxable purchasable product-type-gift-card\">\r\n\t\t<div class=\"productwrap\">\r\n\t\t<span class=\"added_to_cart_icon icon icon-check\"><\/span>\r\n\t\t<div class=\"add_to_cart_btn_wrap lazy-load-hover-container\">\r\n\r\n\t\t<div class=\"kt-badges\"><\/div>\t\t\r\n\r\n\t\t<a href=\"https:\/\/madame-sensuelle.paris\/fr\/product\/carte-cadeau-300\/\" class=\"woocommerce-LoopProduct-link woocommerce-loop-product__link\"><\/a><div class=\"imageswrap productthumbnail lazy-load lazy-load-on-load\" style=\"padding-top:133.33333333333%;\"><img fetchpriority=\"high\" decoding=\"async\" src=\"data:image\/gif;base64,R0lGODlhAQABAAAAACH5BAEKAAEALAAAAAABAAEAAAICTAEAOw==\" data-src=\"https:\/\/madame-sensuelle.paris\/wp-content\/uploads\/2026\/03\/81127c2f-232c-462c-8e90-f50331200d3d.png\"  width=\"600\" height=\"800\" alt=\"81127c2f-232c-462c-8e90-f50331200d3d\"\/><\/div><div class=\"hover-image lazy-load lazy-load-hover bg-lazy-load\" data-src=\"\"><\/div>\t\t\t\t\t\t\t\t<div class=\"product-buttons \">\r\n\r\n\t\t\t\t\t<span class=\"product-button product_type_gift-card\"><a href=\"https:\/\/madame-sensuelle.paris\/fr\/product\/carte-cadeau-300\/\" rel=\"nofollow\" data-product_id=\"127954\" data-product_sku=\"\" data-quantity=\"1\" class=\"button add_to_cart_button product_type_gift-card swiper-no-swiping\" data-min-quantity=\"1\"><span class=\"icon\"><\/span><span class=\"txt\" data-hover=\"Select amount\">Select amount<\/span><\/a><\/span>\r\n\t\t\t\t<\/div>\r\n\t\t\t\t\t\t\t<!-- \r\n\t\t\t-->\r\n\t\t\t\t\t\t<!-- \r\n\t\t\t-->\r\n\r\n\t\t<\/div>\r\n\r\n\t\t<div class=\"wrap_after_thumbnail\">\r\n\r\n\t\t\t<a href=\"https:\/\/madame-sensuelle.paris\/fr\/product\/carte-cadeau-300\/\" ><h2 class=\"woocommerce-loop-product__title\">Carte Cadeau &#8211; 300<\/h2><\/a>\n\t<span class=\"price\"><span class=\"woocommerce-Price-amount amount\"><bdi><span class=\"woocommerce-Price-currencySymbol\">&euro;<\/span>300,00<\/bdi><\/span><\/span>\n\r\n\t\t<\/div>\r\n\t\t\t<\/div>\r\n<\/div><div class=\"has-gallery product type-product post-127959 status-publish last instock product_cat-wps_wgm_giftcard has-post-thumbnail taxable shipping-taxable purchasable product-type-gift-card\">\r\n\t\t<div class=\"productwrap\">\r\n\t\t<span class=\"added_to_cart_icon icon icon-check\"><\/span>\r\n\t\t<div class=\"add_to_cart_btn_wrap lazy-load-hover-container\">\r\n\r\n\t\t<div class=\"kt-badges\"><\/div>\t\t\r\n\r\n\t\t<a href=\"https:\/\/madame-sensuelle.paris\/fr\/product\/carte-cadeau-400\/\" class=\"woocommerce-LoopProduct-link woocommerce-loop-product__link\"><\/a><div class=\"imageswrap productthumbnail lazy-load lazy-load-on-load\" style=\"padding-top:133.33333333333%;\"><img fetchpriority=\"high\" decoding=\"async\" src=\"data:image\/gif;base64,R0lGODlhAQABAAAAACH5BAEKAAEALAAAAAABAAEAAAICTAEAOw==\" data-src=\"https:\/\/madame-sensuelle.paris\/wp-content\/uploads\/2026\/03\/81127c2f-232c-462c-8e90-f50331200d3d.png\"  width=\"600\" height=\"800\" alt=\"81127c2f-232c-462c-8e90-f50331200d3d\"\/><\/div><div class=\"hover-image lazy-load lazy-load-hover bg-lazy-load\" data-src=\"\"><\/div>\t\t\t\t\t\t\t\t<div class=\"product-buttons \">\r\n\r\n\t\t\t\t\t<span class=\"product-button product_type_gift-card\"><a href=\"https:\/\/madame-sensuelle.paris\/fr\/product\/carte-cadeau-400\/\" rel=\"nofollow\" data-product_id=\"127959\" data-product_sku=\"\" data-quantity=\"1\" class=\"button add_to_cart_button product_type_gift-card swiper-no-swiping\" data-min-quantity=\"1\"><span class=\"icon\"><\/span><span class=\"txt\" data-hover=\"Select amount\">Select amount<\/span><\/a><\/span>\r\n\t\t\t\t<\/div>\r\n\t\t\t\t\t\t\t<!-- \r\n\t\t\t-->\r\n\t\t\t\t\t\t<!-- \r\n\t\t\t-->\r\n\r\n\t\t<\/div>\r\n\r\n\t\t<div class=\"wrap_after_thumbnail\">\r\n\r\n\t\t\t<a href=\"https:\/\/madame-sensuelle.paris\/fr\/product\/carte-cadeau-400\/\" ><h2 class=\"woocommerce-loop-product__title\">Carte Cadeau &#8211; 400<\/h2><\/a>\n\t<span class=\"price\"><span class=\"woocommerce-Price-amount amount\"><bdi><span class=\"woocommerce-Price-currencySymbol\">&euro;<\/span>400,00<\/bdi><\/span><\/span>\n\r\n\t\t<\/div>\r\n\t\t\t<\/div>\r\n<\/div><div class=\"has-gallery product type-product post-127963 status-publish first instock product_cat-wps_wgm_giftcard has-post-thumbnail taxable shipping-taxable purchasable product-type-gift-card\">\r\n\t\t<div class=\"productwrap\">\r\n\t\t<span class=\"added_to_cart_icon icon icon-check\"><\/span>\r\n\t\t<div class=\"add_to_cart_btn_wrap lazy-load-hover-container\">\r\n\r\n\t\t<div class=\"kt-badges\"><\/div>\t\t\r\n\r\n\t\t<a href=\"https:\/\/madame-sensuelle.paris\/fr\/product\/carte-cadeau-500\/\" class=\"woocommerce-LoopProduct-link woocommerce-loop-product__link\"><\/a><div class=\"imageswrap productthumbnail lazy-load lazy-load-on-load\" style=\"padding-top:133.33333333333%;\"><img fetchpriority=\"high\" decoding=\"async\" src=\"data:image\/gif;base64,R0lGODlhAQABAAAAACH5BAEKAAEALAAAAAABAAEAAAICTAEAOw==\" data-src=\"https:\/\/madame-sensuelle.paris\/wp-content\/uploads\/2026\/03\/81127c2f-232c-462c-8e90-f50331200d3d.png\"  width=\"600\" height=\"800\" alt=\"81127c2f-232c-462c-8e90-f50331200d3d\"\/><\/div><div class=\"hover-image lazy-load lazy-load-hover bg-lazy-load\" data-src=\"\"><\/div>\t\t\t\t\t\t\t\t<div class=\"product-buttons \">\r\n\r\n\t\t\t\t\t<span class=\"product-button product_type_gift-card\"><a href=\"https:\/\/madame-sensuelle.paris\/fr\/product\/carte-cadeau-500\/\" rel=\"nofollow\" data-product_id=\"127963\" data-product_sku=\"\" data-quantity=\"1\" class=\"button add_to_cart_button product_type_gift-card swiper-no-swiping\" data-min-quantity=\"1\"><span class=\"icon\"><\/span><span class=\"txt\" data-hover=\"Select amount\">Select amount<\/span><\/a><\/span>\r\n\t\t\t\t<\/div>\r\n\t\t\t\t\t\t\t<!-- \r\n\t\t\t-->\r\n\t\t\t\t\t\t<!-- \r\n\t\t\t-->\r\n\r\n\t\t<\/div>\r\n\r\n\t\t<div class=\"wrap_after_thumbnail\">\r\n\r\n\t\t\t<a href=\"https:\/\/madame-sensuelle.paris\/fr\/product\/carte-cadeau-500\/\" ><h2 class=\"woocommerce-loop-product__title\">Carte Cadeau &#8211; 500<\/h2><\/a>\n\t<span class=\"price\"><span class=\"woocommerce-Price-amount amount\"><bdi><span class=\"woocommerce-Price-currencySymbol\">&euro;<\/span>500,00<\/bdi><\/span><\/span>\n\r\n\t\t<\/div>\r\n\t\t\t<\/div>\r\n<\/div>\n\t\t\t\t\t\t\t\t\t\t\t\t<\/div>\n\t\t\t\t\t\t<\/div>\n\n\t\t\t\t\t\t<div class=\"arrows-button-next\"><\/div>\n\t\t\t\t\t\t<div class=\"arrows-button-prev\"><\/div>\n\t\t\t\t\t\n\t\t\t\t\t<\/div>\n\t\t\t\t\t\n\t\t\t\t\t\n\t\t\t\t<\/div>\t\t\t\t<\/div>\n\t\t\t\t<\/div>\n\t\t\t\t\t<\/div>\n\t\t<\/div>\n\t\t\t\t\t<\/div>\n\t\t<\/section>\n\t\t\t\t<section class=\"elementor-section elementor-top-section elementor-element elementor-element-843bb06 elementor-section-boxed elementor-section-height-default elementor-section-height-default\" data-id=\"843bb06\" data-element_type=\"section\">\n\t\t\t\t\t\t<div class=\"elementor-container elementor-column-gap-default\">\n\t\t\t\t\t<div class=\"elementor-column elementor-col-100 elementor-top-column elementor-element elementor-element-260cfa1 kt-display-default\" data-id=\"260cfa1\" data-element_type=\"column\">\n\t\t\t<div class=\"elementor-widget-wrap elementor-element-populated\">\n\t\t\t\t\t\t<div class=\"elementor-element elementor-element-e547f88 elementor-widget elementor-widget-text-editor\" data-id=\"e547f88\" data-element_type=\"widget\" data-widget_type=\"text-editor.default\">\n\t\t\t\t<div class=\"elementor-widget-container\">\n\t\t\t\t\t\t\t\t\t<p>Pour une d\u00e9licate surprise&#8230; Offrez un bon d&#8217;achat lingerie \u00e0 recevoir imm\u00e9diatement par e-mail<\/p><p>La carte cadeau Madame Sensuelle est id\u00e9ale pour faire plaisir aux amoureuses de dentelle fine et lingerie glamour. Body sensuel, nuisette en soie ou dessous de charme, Madame Sensuelle est une v\u00e9ritable source d\u2019inspiration lingerie\u00a0et\u00a0maillot de bain. Cette carte cadeau pour femme viendra combler toutes les envies.<\/p>\t\t\t\t\t\t\t\t<\/div>\n\t\t\t\t<\/div>\n\t\t\t\t<div class=\"elementor-element elementor-element-b71686e elementor-widget elementor-widget-heading\" data-id=\"b71686e\" data-element_type=\"widget\" data-widget_type=\"heading.default\">\n\t\t\t\t<div class=\"elementor-widget-container\">\n\t\t\t\t\t<h2 class=\"elementor-heading-title elementor-size-default\">Un bon cadeau lingerie facile \u00e0 envoyer<\/h2>\t\t\t\t<\/div>\n\t\t\t\t<\/div>\n\t\t\t\t<div class=\"elementor-element elementor-element-eb60597 elementor-widget elementor-widget-text-editor\" data-id=\"eb60597\" data-element_type=\"widget\" data-widget_type=\"text-editor.default\">\n\t\t\t\t<div class=\"elementor-widget-container\">\n\t\t\t\t\t\t\t\t\t<p>Choisissez un montant entre 100 \u20ac et 500 \u20ac et recevez la carte cadeau imm\u00e9diatement par e-mail. Pour l\u2019offrir, il vous suffira d\u2019imprimer le ch\u00e8que cadeau ou de le transmettre par e-mail.<\/p>\t\t\t\t\t\t\t\t<\/div>\n\t\t\t\t<\/div>\n\t\t\t\t<div class=\"elementor-element elementor-element-972bb79 elementor-widget elementor-widget-heading\" data-id=\"972bb79\" data-element_type=\"widget\" data-widget_type=\"heading.default\">\n\t\t\t\t<div class=\"elementor-widget-container\">\n\t\t\t\t\t<h2 class=\"elementor-heading-title elementor-size-default\">Faites plaisir simplement en offrant de la lingerie<\/h2>\t\t\t\t<\/div>\n\t\t\t\t<\/div>\n\t\t\t\t<div class=\"elementor-element elementor-element-e656573 elementor-widget elementor-widget-text-editor\" data-id=\"e656573\" data-element_type=\"widget\" data-widget_type=\"text-editor.default\">\n\t\t\t\t<div class=\"elementor-widget-container\">\n\t\t\t\t\t\t\t\t\t<p>Le bon d\u2019achat est valable sur tout le site Madame Sensuelle, pendant 1 an \u00e0 compter de sa date d\u2019\u00e9mission, et utilisable en une seule fois. Il est possible de cumuler plusieurs cartes cadeaux Madame Sensuelle lors d\u2019une m\u00eame commande.<\/p>\t\t\t\t\t\t\t\t<\/div>\n\t\t\t\t<\/div>\n\t\t\t\t\t<\/div>\n\t\t<\/div>\n\t\t\t\t\t<\/div>\n\t\t<\/section>\n\t\t\t\t<\/div>\n\t\t","protected":false},"excerpt":{"rendered":"<p>VIEW CARD Carte Cadeaux &#8211; 100 &euro;100,00 VIEW CARD Carte Cadeaux &#8211; 200 &euro;200,00 VIEW CARD Carte Cadeaux &#8211; 300 &euro;300,00 VIEW CARD Carte Cadeaux &#8211; 400 &euro;400,00 VIEW CARD Carte Cadeaux &#8211; 500 &euro;500,00 Pour une d\u00e9licate surprise&#8230; Offrez un bon d&#8217;achat lingerie \u00e0 recevoir imm\u00e9diatement par e-mail La carte cadeau Madame Sensuelle est<\/p>\n","protected":false},"author":1,"featured_media":0,"parent":0,"menu_order":0,"comment_status":"closed","ping_status":"closed","template":"","meta":{"footnotes":""},"class_list":["post-112459","page","type-page","status-publish","hentry"],"yoast_head":"<!-- This site is optimized with the Yoast SEO plugin v27.3 - https:\/\/yoast.com\/product\/yoast-seo-wordpress\/ -->\n<title>Carte Cadeau Lingerie Madame Sensuelle - Madame Sensuelle<\/title>\n<meta name=\"description\" content=\"acheter une Carte Cadeau Madame S, c&#039;est s&#039;offrir un acc\u00e8s a de la lingerie chic, glamour, et sexy. Offrez une carte pour un plaisir garantie\" \/>\n<meta name=\"robots\" content=\"index, follow, max-snippet:-1, max-image-preview:large, max-video-preview:-1\" \/>\n<link rel=\"canonical\" href=\"https:\/\/madame-sensuelle.paris\/fr\/carte-cadeau\/\" \/>\n<meta property=\"og:locale\" content=\"fr_FR\" \/>\n<meta property=\"og:type\" content=\"article\" \/>\n<meta property=\"og:title\" content=\"Carte Cadeau Lingerie Madame Sensuelle - Madame Sensuelle\" \/>\n<meta property=\"og:description\" content=\"acheter une Carte Cadeau Madame S, c&#039;est s&#039;offrir un acc\u00e8s a de la lingerie chic, glamour, et sexy. Offrez une carte pour un plaisir garantie\" \/>\n<meta property=\"og:url\" content=\"https:\/\/madame-sensuelle.paris\/fr\/carte-cadeau\/\" \/>\n<meta property=\"og:site_name\" content=\"Madame Sensuelle\" \/>\n<meta property=\"article:publisher\" content=\"https:\/\/www.facebook.com\/madamesensuelle\" \/>\n<meta property=\"article:modified_time\" content=\"2026-03-28T15:06:47+00:00\" \/>\n<meta property=\"og:image\" content=\"https:\/\/madame-sensuelle.paris\/wp-content\/uploads\/2024\/12\/logo_a-1-1_16-9-_1_.webp\" \/>\n\t<meta property=\"og:image:width\" content=\"1200\" \/>\n\t<meta property=\"og:image:height\" content=\"675\" \/>\n\t<meta property=\"og:image:type\" content=\"image\/webp\" \/>\n<meta name=\"twitter:card\" content=\"summary_large_image\" \/>\n<meta name=\"twitter:label1\" content=\"Dur\u00e9e de lecture estim\u00e9e\" \/>\n\t<meta name=\"twitter:data1\" content=\"3 minutes\" \/>\n<script type=\"application\/ld+json\" class=\"yoast-schema-graph\">{\"@context\":\"https:\\\/\\\/schema.org\",\"@graph\":[{\"@type\":\"WebPage\",\"@id\":\"https:\\\/\\\/madame-sensuelle.paris\\\/fr\\\/carte-cadeau\\\/\",\"url\":\"https:\\\/\\\/madame-sensuelle.paris\\\/fr\\\/carte-cadeau\\\/\",\"name\":\"Carte Cadeau Lingerie Madame Sensuelle - Madame Sensuelle\",\"isPartOf\":{\"@id\":\"https:\\\/\\\/madame-sensuelle.paris\\\/fr\\\/#website\"},\"datePublished\":\"2024-11-29T18:03:30+00:00\",\"dateModified\":\"2026-03-28T15:06:47+00:00\",\"description\":\"acheter une Carte Cadeau Madame S, c'est s'offrir un acc\u00e8s a de la lingerie chic, glamour, et sexy. Offrez une carte pour un plaisir garantie\",\"breadcrumb\":{\"@id\":\"https:\\\/\\\/madame-sensuelle.paris\\\/fr\\\/carte-cadeau\\\/#breadcrumb\"},\"inLanguage\":\"fr-FR\",\"potentialAction\":[{\"@type\":\"ReadAction\",\"target\":[\"https:\\\/\\\/madame-sensuelle.paris\\\/fr\\\/carte-cadeau\\\/\"]}]},{\"@type\":\"BreadcrumbList\",\"@id\":\"https:\\\/\\\/madame-sensuelle.paris\\\/fr\\\/carte-cadeau\\\/#breadcrumb\",\"itemListElement\":[{\"@type\":\"ListItem\",\"position\":1,\"name\":\"Acceuil\",\"item\":\"https:\\\/\\\/madame-sensuelle.paris\\\/fr\\\/\"},{\"@type\":\"ListItem\",\"position\":2,\"name\":\"Carte Cadeau Lingerie Madame Sensuelle\"}]},{\"@type\":\"WebSite\",\"@id\":\"https:\\\/\\\/madame-sensuelle.paris\\\/fr\\\/#website\",\"url\":\"https:\\\/\\\/madame-sensuelle.paris\\\/fr\\\/\",\"name\":\"MADAME SENSUELLE\",\"description\":\"MADAME SENSUELLE: Found the biggest exciting brands of chic &amp; SEXY LINGERIE in Paris Boutique and on the WEB: Aubade, Dita Von Teese, Maison Close, Marjolaine, Bluebella, Atelier Amour, Luxxa, Catanzaro, Gracija Rim. You will found the big pleasure of sexy belt or bra make for you\",\"publisher\":{\"@id\":\"https:\\\/\\\/madame-sensuelle.paris\\\/fr\\\/#organization\"},\"potentialAction\":[{\"@type\":\"SearchAction\",\"target\":{\"@type\":\"EntryPoint\",\"urlTemplate\":\"https:\\\/\\\/madame-sensuelle.paris\\\/fr\\\/?s={search_term_string}\"},\"query-input\":{\"@type\":\"PropertyValueSpecification\",\"valueRequired\":true,\"valueName\":\"search_term_string\"}}],\"inLanguage\":\"fr-FR\"},{\"@type\":\"Organization\",\"@id\":\"https:\\\/\\\/madame-sensuelle.paris\\\/fr\\\/#organization\",\"name\":\"Madame Sensuelle\",\"url\":\"https:\\\/\\\/madame-sensuelle.paris\\\/fr\\\/\",\"logo\":{\"@type\":\"ImageObject\",\"inLanguage\":\"fr-FR\",\"@id\":\"https:\\\/\\\/madame-sensuelle.paris\\\/fr\\\/#\\\/schema\\\/logo\\\/image\\\/\",\"url\":\"https:\\\/\\\/madame-sensuelle.paris\\\/wp-content\\\/uploads\\\/2024\\\/12\\\/logo_a-1-1_696.webp\",\"contentUrl\":\"https:\\\/\\\/madame-sensuelle.paris\\\/wp-content\\\/uploads\\\/2024\\\/12\\\/logo_a-1-1_696.webp\",\"width\":696,\"height\":696,\"caption\":\"Madame Sensuelle\"},\"image\":{\"@id\":\"https:\\\/\\\/madame-sensuelle.paris\\\/fr\\\/#\\\/schema\\\/logo\\\/image\\\/\"},\"sameAs\":[\"https:\\\/\\\/www.facebook.com\\\/madamesensuelle\",\"https:\\\/\\\/www.instagram.com\\\/madame_sensuelle\\\/\"]}]}<\/script>\n<!-- \/ Yoast SEO plugin. -->","yoast_head_json":{"title":"Carte Cadeau Lingerie Madame Sensuelle - Madame Sensuelle","description":"acheter une Carte Cadeau Madame S, c'est s'offrir un acc\u00e8s a de la lingerie chic, glamour, et sexy. Offrez une carte pour un plaisir garantie","robots":{"index":"index","follow":"follow","max-snippet":"max-snippet:-1","max-image-preview":"max-image-preview:large","max-video-preview":"max-video-preview:-1"},"canonical":"https:\/\/madame-sensuelle.paris\/fr\/carte-cadeau\/","og_locale":"fr_FR","og_type":"article","og_title":"Carte Cadeau Lingerie Madame Sensuelle - Madame Sensuelle","og_description":"acheter une Carte Cadeau Madame S, c'est s'offrir un acc\u00e8s a de la lingerie chic, glamour, et sexy. Offrez une carte pour un plaisir garantie","og_url":"https:\/\/madame-sensuelle.paris\/fr\/carte-cadeau\/","og_site_name":"Madame Sensuelle","article_publisher":"https:\/\/www.facebook.com\/madamesensuelle","article_modified_time":"2026-03-28T15:06:47+00:00","og_image":[{"width":1200,"height":675,"url":"https:\/\/madame-sensuelle.paris\/wp-content\/uploads\/2024\/12\/logo_a-1-1_16-9-_1_.webp","type":"image\/webp"}],"twitter_card":"summary_large_image","twitter_misc":{"Dur\u00e9e de lecture estim\u00e9e":"3 minutes"},"schema":{"@context":"https:\/\/schema.org","@graph":[{"@type":"WebPage","@id":"https:\/\/madame-sensuelle.paris\/fr\/carte-cadeau\/","url":"https:\/\/madame-sensuelle.paris\/fr\/carte-cadeau\/","name":"Carte Cadeau Lingerie Madame Sensuelle - Madame Sensuelle","isPartOf":{"@id":"https:\/\/madame-sensuelle.paris\/fr\/#website"},"datePublished":"2024-11-29T18:03:30+00:00","dateModified":"2026-03-28T15:06:47+00:00","description":"acheter une Carte Cadeau Madame S, c'est s'offrir un acc\u00e8s a de la lingerie chic, glamour, et sexy. Offrez une carte pour un plaisir garantie","breadcrumb":{"@id":"https:\/\/madame-sensuelle.paris\/fr\/carte-cadeau\/#breadcrumb"},"inLanguage":"fr-FR","potentialAction":[{"@type":"ReadAction","target":["https:\/\/madame-sensuelle.paris\/fr\/carte-cadeau\/"]}]},{"@type":"BreadcrumbList","@id":"https:\/\/madame-sensuelle.paris\/fr\/carte-cadeau\/#breadcrumb","itemListElement":[{"@type":"ListItem","position":1,"name":"Acceuil","item":"https:\/\/madame-sensuelle.paris\/fr\/"},{"@type":"ListItem","position":2,"name":"Carte Cadeau Lingerie Madame Sensuelle"}]},{"@type":"WebSite","@id":"https:\/\/madame-sensuelle.paris\/fr\/#website","url":"https:\/\/madame-sensuelle.paris\/fr\/","name":"MADAME SENSUELLE","description":"MADAME SENSUELLE: Found the biggest exciting brands of chic &amp; SEXY LINGERIE in Paris Boutique and on the WEB: Aubade, Dita Von Teese, Maison Close, Marjolaine, Bluebella, Atelier Amour, Luxxa, Catanzaro, Gracija Rim. You will found the big pleasure of sexy belt or bra make for you","publisher":{"@id":"https:\/\/madame-sensuelle.paris\/fr\/#organization"},"potentialAction":[{"@type":"SearchAction","target":{"@type":"EntryPoint","urlTemplate":"https:\/\/madame-sensuelle.paris\/fr\/?s={search_term_string}"},"query-input":{"@type":"PropertyValueSpecification","valueRequired":true,"valueName":"search_term_string"}}],"inLanguage":"fr-FR"},{"@type":"Organization","@id":"https:\/\/madame-sensuelle.paris\/fr\/#organization","name":"Madame Sensuelle","url":"https:\/\/madame-sensuelle.paris\/fr\/","logo":{"@type":"ImageObject","inLanguage":"fr-FR","@id":"https:\/\/madame-sensuelle.paris\/fr\/#\/schema\/logo\/image\/","url":"https:\/\/madame-sensuelle.paris\/wp-content\/uploads\/2024\/12\/logo_a-1-1_696.webp","contentUrl":"https:\/\/madame-sensuelle.paris\/wp-content\/uploads\/2024\/12\/logo_a-1-1_696.webp","width":696,"height":696,"caption":"Madame Sensuelle"},"image":{"@id":"https:\/\/madame-sensuelle.paris\/fr\/#\/schema\/logo\/image\/"},"sameAs":["https:\/\/www.facebook.com\/madamesensuelle","https:\/\/www.instagram.com\/madame_sensuelle\/"]}]}},"_links":{"self":[{"href":"https:\/\/madame-sensuelle.paris\/fr\/wp-json\/wp\/v2\/pages\/112459","targetHints":{"allow":["GET"]}}],"collection":[{"href":"https:\/\/madame-sensuelle.paris\/fr\/wp-json\/wp\/v2\/pages"}],"about":[{"href":"https:\/\/madame-sensuelle.paris\/fr\/wp-json\/wp\/v2\/types\/page"}],"author":[{"embeddable":true,"href":"https:\/\/madame-sensuelle.paris\/fr\/wp-json\/wp\/v2\/users\/1"}],"replies":[{"embeddable":true,"href":"https:\/\/madame-sensuelle.paris\/fr\/wp-json\/wp\/v2\/comments?post=112459"}],"version-history":[{"count":1,"href":"https:\/\/madame-sensuelle.paris\/fr\/wp-json\/wp\/v2\/pages\/112459\/revisions"}],"predecessor-version":[{"id":127822,"href":"https:\/\/madame-sensuelle.paris\/fr\/wp-json\/wp\/v2\/pages\/112459\/revisions\/127822"}],"wp:attachment":[{"href":"https:\/\/madame-sensuelle.paris\/fr\/wp-json\/wp\/v2\/media?parent=112459"}],"curies":[{"name":"wp","href":"https:\/\/api.w.org\/{rel}","templated":true}]}}