{"id":21541,"date":"2022-11-30T17:08:52","date_gmt":"2022-11-30T17:08:52","guid":{"rendered":"http:\/\/madame-sensuelle.eu\/showroom-appointment\/"},"modified":"2025-02-24T20:09:18","modified_gmt":"2025-02-24T20:09:18","slug":"essayage-prive","status":"publish","type":"page","link":"https:\/\/madame-sensuelle.paris\/fr\/essayage-prive\/","title":{"rendered":"Rendez-vous au boutique"},"content":{"rendered":"\t\t<div data-elementor-type=\"wp-page\" data-elementor-id=\"21541\" class=\"elementor elementor-21541 elementor-11167\" data-elementor-post-type=\"page\">\n\t\t\t\t\t\t<section class=\"elementor-section elementor-top-section elementor-element elementor-element-f59e588 elementor-section-boxed elementor-section-height-default elementor-section-height-default\" data-id=\"f59e588\" data-element_type=\"section\">\n\t\t\t\t\t\t<div class=\"elementor-container elementor-column-gap-default\">\n\t\t\t\t\t<div class=\"elementor-column elementor-col-100 elementor-top-column elementor-element elementor-element-13393bf kt-display-default\" data-id=\"13393bf\" data-element_type=\"column\">\n\t\t\t<div class=\"elementor-widget-wrap elementor-element-populated\">\n\t\t\t\t\t\t<div class=\"elementor-element elementor-element-d93afa3 elementor-widget elementor-widget-text-editor\" data-id=\"d93afa3\" data-element_type=\"widget\" data-widget_type=\"text-editor.default\">\n\t\t\t\t<div class=\"elementor-widget-container\">\n\t\t\t\t\t\t\t\t\t<p><span style=\"color: #000000;\">R\u00e9servez le <b>salon priv\u00e9 VIP<\/b> au sein de la boutique <b>&#8220;Madame Sensuelle&#8221;<\/b> pour vous et vos invit\u00e9s. Venez seule, en couple ou entre copines au moment qui vous convient le mieux.<\/span><\/p>\n<p><span style=\"color: #000000;\">Nos experts multilingues en lingerie chic et sexy sont \u00e0 votre disposition pour vous aider \u00e0 choisir des ensembles parfaits pour vous. Elles vous informent sur votre silhouette et ses avantages, les derni\u00e8res collections et les accessoires.<\/span><\/p>\n<ul>\n<li><span style=\"color: #000000;\"><b>1h30 d&#8217;essayages<\/b>, de conseils et de d\u00e9couverte de nos collections en <b>avant-premi\u00e8re<\/b> dans le salon priv\u00e9 VIP cach\u00e9 ! Un grand choix de tailles et de bonnets.<\/span><\/li>\n<li><span style=\"color: #000000;\">Champagne et gourmandises vous attendent pendant l&#8217;essayage.<\/span><\/li>\n<li><span style=\"color: #000000;\">Retrouvez <b>la plus grande s\u00e9lection<\/b> de lingerie fine, robes sexy et tenues f\u00e9tiches: Atelier Amour, Maison Close, Dita von Teese, Aubade, Marjolaine, Bracli, Catanzaro, Baed Stories, Catanzaro, Cervin etc.<\/span><\/li><li><font color=\"#000000\">Il n\u2019y a pas de frais de r\u00e9servations, mais un achat minimum conseill\u00e9 est de 300\u20ac.<\/font><\/li>\n<li><span style=\"color: #000000;\">Pour tout information compl\u00e9mentaire &#8211; <a style=\"color: #000000;\" href=\"mailto:equipe@madame-sensuelle.com\">equipe@madame-sensuelle.com<\/a>&nbsp;ou&nbsp;<a style=\"color: #000000;\" href=\"tel:+33143275403\"><span role=\"link\" aria-label=\"Call +33 1 43 27 54 03\">+33 1 43 27 54 03<\/span><\/a>.<\/span><\/li>\n<\/ul>\t\t\t\t\t\t\t\t<\/div>\n\t\t\t\t<\/div>\n\t\t\t\t\t<\/div>\n\t\t<\/div>\n\t\t\t\t\t<\/div>\n\t\t<\/section>\n\t\t\t\t<section class=\"elementor-section elementor-top-section elementor-element elementor-element-dd3ca11 elementor-section-boxed elementor-section-height-default elementor-section-height-default\" data-id=\"dd3ca11\" data-element_type=\"section\">\n\t\t\t\t\t\t<div class=\"elementor-container elementor-column-gap-default\">\n\t\t\t\t\t<div class=\"elementor-column elementor-col-50 elementor-top-column elementor-element elementor-element-8eae7b8 kt-display-default\" data-id=\"8eae7b8\" data-element_type=\"column\">\n\t\t\t<div class=\"elementor-widget-wrap elementor-element-populated\">\n\t\t\t\t\t\t<div class=\"elementor-element elementor-element-6702deb elementor-widget elementor-widget-stepbooking\" data-id=\"6702deb\" data-element_type=\"widget\" data-widget_type=\"stepbooking.default\">\n\t\t\t\t<div class=\"elementor-widget-container\">\n\t\t\t\t\t\n<script>\n  if (typeof hasAmeliaEntitiesApiCall === 'undefined' && ('' === '' && '' !== '1')) {\n    var hasAmeliaEntitiesApiCall = true;\n  }\n  var ameliaShortcodeData = (typeof ameliaShortcodeData === 'undefined') ? [] : ameliaShortcodeData;\n  ameliaShortcodeData.push(\n    {\n      'hasApiCall': (typeof hasAmeliaEntitiesApiCall !== 'undefined') && hasAmeliaEntitiesApiCall,\n      'trigger': '',\n      'trigger_type': '',\n      'triggered_form': 'sbsNew',\n      'in_dialog': '',\n      'show': '',\n      'counter': '1000',\n      'category': '',\n      'service': '1',\n      'employee': '1',\n      'location': '',\n      'package': '',\n      'layout': '1',\n    }\n  );\n\n  var ameliaShortcodeDataTriggered = (typeof ameliaShortcodeDataTriggered === 'undefined') ? [] : ameliaShortcodeDataTriggered;\n  if (ameliaShortcodeData[ameliaShortcodeData.length - 1].trigger !== '') {\n    if (ameliaShortcodeDataTriggered.filter(a => a.counter === ameliaShortcodeData[ameliaShortcodeData.length - 1].counter).length === 0) {\n      ameliaShortcodeDataTriggered.push(ameliaShortcodeData.pop());\n    } else {\n      ameliaShortcodeData.pop()\n    }\n  }\n  if (typeof hasAmeliaEntitiesApiCall !== 'undefined' && hasAmeliaEntitiesApiCall) {\n    hasAmeliaEntitiesApiCall = false;\n  }\n<\/script>\n\n<div\n  id=\"amelia-v2-booking-1000\"\n  class=\"amelia-v2-booking\"\n >\n    <step-form-wrapper><\/step-form-wrapper><\/div>\n\t\t\t\t<\/div>\n\t\t\t\t<\/div>\n\t\t\t\t<div class=\"elementor-element elementor-element-7d9fc52 elementor-widget elementor-widget-text-editor\" data-id=\"7d9fc52\" data-element_type=\"widget\" data-widget_type=\"text-editor.default\">\n\t\t\t\t<div class=\"elementor-widget-container\">\n\t\t\t\t\t\t\t\t\t<p><span style=\"font-size: 14px;\"><strong><span style=\"color: #ff0000;\">Attention! Apr\u00e8s la r\u00e9servation la confirmation sera envoy\u00e9e par SMS ou WhatsApp et EMAIL. Sans r\u00e9ponse de votre part, le RDV sera annul\u00e9.<\/span><\/strong><\/span><\/p>\t\t\t\t\t\t\t\t<\/div>\n\t\t\t\t<\/div>\n\t\t\t\t\t<\/div>\n\t\t<\/div>\n\t\t\t\t<div class=\"elementor-column elementor-col-50 elementor-top-column elementor-element elementor-element-3b31957 kt-display-default\" data-id=\"3b31957\" data-element_type=\"column\">\n\t\t\t<div class=\"elementor-widget-wrap elementor-element-populated\">\n\t\t\t\t\t\t<div class=\"elementor-element elementor-element-085512a elementor-widget elementor-widget-kite-image-carousel\" data-id=\"085512a\" data-element_type=\"widget\" data-widget_type=\"kite-image-carousel.default\">\n\t\t\t\t<div class=\"elementor-widget-container\">\n\t\t\t\t\t\n\t\t<div id=\"image_carousel_1\" class=\"carousel\n\t\t\t\t\t\t\thas-animation no-responsive-animation\t\t\t\t  fadeinfrombottom  dark\t\t\t\t  zoom-hover\" data-id=\"image_carousel_1\"   data-autoplay=\"on\" >\n\t\t\t<div class=\"swiper swiper-image_carousel_1 clearfix\"  data-visibleitems=\"\n\t\t\t\t\t\t\t\t\t\t\t\t\t\t\t\t\t1\t\t\t\">\n\t\t\t\t<div class=\"swiper-wrapper\">\n\t\t\t\t\t\n\t\t\t\t\t\t<div class=\"swiper-slide carousel_item\">\n\t\t\t\t\t\t\t<div class=\"image-container lazy-load lazy-load-on-load\" style=\"padding-top:133.375%\">\n\t\t\t\t\t\t\t<img fetchpriority=\"high\" decoding=\"async\" src=\"image\/svg+xml;charset=utf-8,%3Csvg%20xmlns%3D'http%3A%2F%2Fwww.w3.org%2F2000%2Fsvg'%20viewBox%3D'0%200%20800%201067'%2F%3E\" width=\"800\" height=\"1067\" data-src=\"https:\/\/madame-sensuelle.paris\/wp-content\/uploads\/2024\/03\/IMG_1679.jpg\" alt=\"carousel_image99042\">\t\t\t\t\t\t\t<\/div>\n\t\t\t\t\t\t<\/div>\n\n\t\t\t\t\t\n\t\t\t\t\t\t<div class=\"swiper-slide carousel_item\">\n\t\t\t\t\t\t\t<div class=\"image-container lazy-load lazy-load-on-load\" style=\"padding-top:133.33333333333%\">\n\t\t\t\t\t\t\t<img decoding=\"async\" src=\"image\/svg+xml;charset=utf-8,%3Csvg%20xmlns%3D'http%3A%2F%2Fwww.w3.org%2F2000%2Fsvg'%20viewBox%3D'0%200%20900%201200'%2F%3E\" width=\"900\" height=\"1200\" data-src=\"https:\/\/madame-sensuelle.paris\/wp-content\/uploads\/2024\/03\/33AB517A-9C38-4C3A-B2E2-07F3143D9BCE.jpg\" alt=\"carousel_image99044\">\t\t\t\t\t\t\t<\/div>\n\t\t\t\t\t\t<\/div>\n\n\t\t\t\t\t\n\t\t\t\t\t\t<div class=\"swiper-slide carousel_item\">\n\t\t\t\t\t\t\t<div class=\"image-container lazy-load lazy-load-on-load\" style=\"padding-top:133.33333333333%\">\n\t\t\t\t\t\t\t<img decoding=\"async\" src=\"image\/svg+xml;charset=utf-8,%3Csvg%20xmlns%3D'http%3A%2F%2Fwww.w3.org%2F2000%2Fsvg'%20viewBox%3D'0%200%20900%201200'%2F%3E\" width=\"900\" height=\"1200\" data-src=\"https:\/\/madame-sensuelle.paris\/wp-content\/uploads\/2024\/03\/D3AACE24-18FB-4D28-84C9-7FC66B009B0B.jpg\" alt=\"carousel_image99040\">\t\t\t\t\t\t\t<\/div>\n\t\t\t\t\t\t<\/div>\n\n\t\t\t\t\t\n\t\t\t\t\t\t<div class=\"swiper-slide carousel_item\">\n\t\t\t\t\t\t\t<div class=\"image-container lazy-load lazy-load-on-load\" style=\"padding-top:133.33333333333%\">\n\t\t\t\t\t\t\t<img loading=\"lazy\" decoding=\"async\" src=\"image\/svg+xml;charset=utf-8,%3Csvg%20xmlns%3D'http%3A%2F%2Fwww.w3.org%2F2000%2Fsvg'%20viewBox%3D'0%200%20900%201200'%2F%3E\" width=\"900\" height=\"1200\" data-src=\"https:\/\/madame-sensuelle.paris\/wp-content\/uploads\/2024\/03\/unnamed-2.jpg\" alt=\"carousel_image99037\">\t\t\t\t\t\t\t<\/div>\n\t\t\t\t\t\t<\/div>\n\n\t\t\t\t\t\n\t\t\t\t\t\t<div class=\"swiper-slide carousel_item\">\n\t\t\t\t\t\t\t<div class=\"image-container lazy-load lazy-load-on-load\" style=\"padding-top:133.33333333333%\">\n\t\t\t\t\t\t\t<img loading=\"lazy\" decoding=\"async\" src=\"image\/svg+xml;charset=utf-8,%3Csvg%20xmlns%3D'http%3A%2F%2Fwww.w3.org%2F2000%2Fsvg'%20viewBox%3D'0%200%20900%201200'%2F%3E\" width=\"900\" height=\"1200\" data-src=\"https:\/\/madame-sensuelle.paris\/wp-content\/uploads\/2024\/03\/IMG_4281-2.jpg\" alt=\"carousel_image99035\">\t\t\t\t\t\t\t<\/div>\n\t\t\t\t\t\t<\/div>\n\n\t\t\t\t\t\n\t\t\t\t\t\t<div class=\"swiper-slide carousel_item\">\n\t\t\t\t\t\t\t<div class=\"image-container lazy-load lazy-load-on-load\" style=\"padding-top:133.33333333333%\">\n\t\t\t\t\t\t\t<img loading=\"lazy\" decoding=\"async\" src=\"image\/svg+xml;charset=utf-8,%3Csvg%20xmlns%3D'http%3A%2F%2Fwww.w3.org%2F2000%2Fsvg'%20viewBox%3D'0%200%20900%201200'%2F%3E\" width=\"900\" height=\"1200\" data-src=\"https:\/\/madame-sensuelle.paris\/wp-content\/uploads\/2024\/03\/IMG_4261.jpg\" alt=\"carousel_image99033\">\t\t\t\t\t\t\t<\/div>\n\t\t\t\t\t\t<\/div>\n\n\t\t\t\t\t\n\t\t\t\t\t\t<div class=\"swiper-slide carousel_item\">\n\t\t\t\t\t\t\t<div class=\"image-container lazy-load lazy-load-on-load\" style=\"padding-top:133.33333333333%\">\n\t\t\t\t\t\t\t<img loading=\"lazy\" decoding=\"async\" src=\"image\/svg+xml;charset=utf-8,%3Csvg%20xmlns%3D'http%3A%2F%2Fwww.w3.org%2F2000%2Fsvg'%20viewBox%3D'0%200%20900%201200'%2F%3E\" width=\"900\" height=\"1200\" data-src=\"https:\/\/madame-sensuelle.paris\/wp-content\/uploads\/2024\/03\/IMG_4204.jpg\" alt=\"carousel_image99031\">\t\t\t\t\t\t\t<\/div>\n\t\t\t\t\t\t<\/div>\n\n\t\t\t\t\t\n\t\t\t\t\t\t<div class=\"swiper-slide carousel_item\">\n\t\t\t\t\t\t\t<div class=\"image-container lazy-load lazy-load-on-load\" style=\"padding-top:133.33333333333%\">\n\t\t\t\t\t\t\t<img loading=\"lazy\" decoding=\"async\" src=\"image\/svg+xml;charset=utf-8,%3Csvg%20xmlns%3D'http%3A%2F%2Fwww.w3.org%2F2000%2Fsvg'%20viewBox%3D'0%200%20900%201200'%2F%3E\" width=\"900\" height=\"1200\" data-src=\"https:\/\/madame-sensuelle.paris\/wp-content\/uploads\/2024\/03\/IMG_2937-1.jpg\" alt=\"carousel_image99029\">\t\t\t\t\t\t\t<\/div>\n\t\t\t\t\t\t<\/div>\n\n\t\t\t\t\t\n\t\t\t\t\t\t<div class=\"swiper-slide carousel_item\">\n\t\t\t\t\t\t\t<div class=\"image-container lazy-load lazy-load-on-load\" style=\"padding-top:133.375%\">\n\t\t\t\t\t\t\t<img loading=\"lazy\" decoding=\"async\" src=\"image\/svg+xml;charset=utf-8,%3Csvg%20xmlns%3D'http%3A%2F%2Fwww.w3.org%2F2000%2Fsvg'%20viewBox%3D'0%200%20800%201067'%2F%3E\" width=\"800\" height=\"1067\" data-src=\"https:\/\/madame-sensuelle.paris\/wp-content\/uploads\/2024\/11\/unnamed-2-12.jpg\" alt=\"carousel_image111804\">\t\t\t\t\t\t\t<\/div>\n\t\t\t\t\t\t<\/div>\n\n\t\t\t\t\t\n\t\t\t\t\t\t<div class=\"swiper-slide carousel_item\">\n\t\t\t\t\t\t\t<div class=\"image-container lazy-load lazy-load-on-load\" style=\"padding-top:133.375%\">\n\t\t\t\t\t\t\t<img loading=\"lazy\" decoding=\"async\" src=\"image\/svg+xml;charset=utf-8,%3Csvg%20xmlns%3D'http%3A%2F%2Fwww.w3.org%2F2000%2Fsvg'%20viewBox%3D'0%200%20800%201067'%2F%3E\" width=\"800\" height=\"1067\" data-src=\"https:\/\/madame-sensuelle.paris\/wp-content\/uploads\/2024\/11\/unnamed-2-11.jpg\" alt=\"carousel_image111802\">\t\t\t\t\t\t\t<\/div>\n\t\t\t\t\t\t<\/div>\n\n\t\t\t\t\t\n\t\t\t\t\t\t<div class=\"swiper-slide carousel_item\">\n\t\t\t\t\t\t\t<div class=\"image-container lazy-load lazy-load-on-load\" style=\"padding-top:133.375%\">\n\t\t\t\t\t\t\t<img loading=\"lazy\" decoding=\"async\" src=\"image\/svg+xml;charset=utf-8,%3Csvg%20xmlns%3D'http%3A%2F%2Fwww.w3.org%2F2000%2Fsvg'%20viewBox%3D'0%200%20800%201067'%2F%3E\" width=\"800\" height=\"1067\" data-src=\"https:\/\/madame-sensuelle.paris\/wp-content\/uploads\/2024\/11\/unnamed-2-10.jpg\" alt=\"carousel_image111800\">\t\t\t\t\t\t\t<\/div>\n\t\t\t\t\t\t<\/div>\n\n\t\t\t\t\t\n\t\t\t\t<\/div>\n\t\t\t<\/div>\n\n\t\t\t\n\t\t\t<!-- Next Arrows -->\n\t\t\t<div class=\"arrows-button-next no-select\"><\/div>\n\n\t\t\t<!-- Prev Arrows -->\n\t\t\t<div class=\"arrows-button-prev no-select\"><\/div>\n\n\t\t\t\n\t\t<\/div>\n\n\t\t\t\t\t\t<\/div>\n\t\t\t\t<\/div>\n\t\t\t\t\t<\/div>\n\t\t<\/div>\n\t\t\t\t\t<\/div>\n\t\t<\/section>\n\t\t\t\t<\/div>\n\t\t","protected":false},"excerpt":{"rendered":"<p>R\u00e9servez le salon priv\u00e9 VIP au sein de la boutique &#8220;Madame Sensuelle&#8221; pour vous et vos invit\u00e9s. Venez seule, en couple ou entre copines au moment qui vous convient le mieux. Nos experts multilingues en lingerie chic et sexy sont \u00e0 votre disposition pour vous aider \u00e0 choisir des ensembles parfaits pour vous. Elles vous<\/p>\n","protected":false},"author":1,"featured_media":0,"parent":0,"menu_order":0,"comment_status":"closed","ping_status":"closed","template":"","meta":{"footnotes":""},"class_list":["post-21541","page","type-page","status-publish","hentry"],"yoast_head":"<!-- This site is optimized with the Yoast SEO plugin v27.4 - https:\/\/yoast.com\/product\/yoast-seo-wordpress\/ -->\n<title>Essayage Priv\u00e9 en Boutique - Madame Sensuelle<\/title>\n<meta name=\"description\" content=\"R\u00e9servez le salon d&#039;essayage priv\u00e9 VIP chez &quot;Madame Sensuelle&quot;. Venez seule, en couple ou entre copines au moment qui vous convient le mieux. Nos vendeuses multilingues en lingerie chic et sexy vous aiderons pour votre ensemble parfait.\" \/>\n<meta name=\"robots\" content=\"index, follow, max-snippet:-1, max-image-preview:large, max-video-preview:-1\" \/>\n<link rel=\"canonical\" href=\"https:\/\/madame-sensuelle.paris\/fr\/essayage-prive\/\" \/>\n<meta property=\"og:locale\" content=\"fr_FR\" \/>\n<meta property=\"og:type\" content=\"article\" \/>\n<meta property=\"og:title\" content=\"Essayage Priv\u00e9 en Boutique - Madame Sensuelle\" \/>\n<meta property=\"og:description\" content=\"R\u00e9servez le salon d&#039;essayage priv\u00e9 VIP chez &quot;Madame Sensuelle&quot;. Venez seule, en couple ou entre copines au moment qui vous convient le mieux. Nos vendeuses multilingues en lingerie chic et sexy vous aiderons pour votre ensemble parfait.\" \/>\n<meta property=\"og:url\" content=\"https:\/\/madame-sensuelle.paris\/fr\/essayage-prive\/\" \/>\n<meta property=\"og:site_name\" content=\"Madame Sensuelle\" \/>\n<meta property=\"article:publisher\" content=\"https:\/\/www.facebook.com\/madamesensuelle\" \/>\n<meta property=\"article:modified_time\" content=\"2025-02-24T20:09:18+00:00\" \/>\n<meta property=\"og:image\" content=\"https:\/\/madame-sensuelle.paris\/wp-content\/uploads\/2024\/12\/logo_a-1-1_16-9-_1_.webp\" \/>\n\t<meta property=\"og:image:width\" content=\"1200\" \/>\n\t<meta property=\"og:image:height\" content=\"675\" \/>\n\t<meta property=\"og:image:type\" content=\"image\/webp\" \/>\n<meta name=\"twitter:card\" content=\"summary_large_image\" \/>\n<meta name=\"twitter:label1\" content=\"Dur\u00e9e de lecture estim\u00e9e\" \/>\n\t<meta name=\"twitter:data1\" content=\"4 minutes\" \/>\n<script type=\"application\/ld+json\" class=\"yoast-schema-graph\">{\"@context\":\"https:\\\/\\\/schema.org\",\"@graph\":[{\"@type\":\"WebPage\",\"@id\":\"https:\\\/\\\/madame-sensuelle.paris\\\/fr\\\/essayage-prive\\\/\",\"url\":\"https:\\\/\\\/madame-sensuelle.paris\\\/fr\\\/essayage-prive\\\/\",\"name\":\"Essayage Priv\u00e9 en Boutique - Madame Sensuelle\",\"isPartOf\":{\"@id\":\"https:\\\/\\\/madame-sensuelle.paris\\\/fr\\\/#website\"},\"datePublished\":\"2022-11-30T17:08:52+00:00\",\"dateModified\":\"2025-02-24T20:09:18+00:00\",\"description\":\"R\u00e9servez le salon d'essayage priv\u00e9 VIP chez \\\"Madame Sensuelle\\\". Venez seule, en couple ou entre copines au moment qui vous convient le mieux. Nos vendeuses multilingues en lingerie chic et sexy vous aiderons pour votre ensemble parfait.\",\"breadcrumb\":{\"@id\":\"https:\\\/\\\/madame-sensuelle.paris\\\/fr\\\/essayage-prive\\\/#breadcrumb\"},\"inLanguage\":\"fr-FR\",\"potentialAction\":[{\"@type\":\"ReadAction\",\"target\":[\"https:\\\/\\\/madame-sensuelle.paris\\\/fr\\\/essayage-prive\\\/\"]}]},{\"@type\":\"BreadcrumbList\",\"@id\":\"https:\\\/\\\/madame-sensuelle.paris\\\/fr\\\/essayage-prive\\\/#breadcrumb\",\"itemListElement\":[{\"@type\":\"ListItem\",\"position\":1,\"name\":\"Acceuil\",\"item\":\"https:\\\/\\\/madame-sensuelle.paris\\\/fr\\\/\"},{\"@type\":\"ListItem\",\"position\":2,\"name\":\"Rendez-vous au boutique\"}]},{\"@type\":\"WebSite\",\"@id\":\"https:\\\/\\\/madame-sensuelle.paris\\\/fr\\\/#website\",\"url\":\"https:\\\/\\\/madame-sensuelle.paris\\\/fr\\\/\",\"name\":\"MADAME SENSUELLE\",\"description\":\"MADAME SENSUELLE: Found the biggest exciting brands of chic &amp; SEXY LINGERIE in Paris Boutique and on the WEB: Aubade, Dita Von Teese, Maison Close, Marjolaine, Bluebella, Atelier Amour, Luxxa, Catanzaro, Gracija Rim. You will found the big pleasure of sexy belt or bra make for you\",\"publisher\":{\"@id\":\"https:\\\/\\\/madame-sensuelle.paris\\\/fr\\\/#organization\"},\"potentialAction\":[{\"@type\":\"SearchAction\",\"target\":{\"@type\":\"EntryPoint\",\"urlTemplate\":\"https:\\\/\\\/madame-sensuelle.paris\\\/fr\\\/?s={search_term_string}\"},\"query-input\":{\"@type\":\"PropertyValueSpecification\",\"valueRequired\":true,\"valueName\":\"search_term_string\"}}],\"inLanguage\":\"fr-FR\"},{\"@type\":\"Organization\",\"@id\":\"https:\\\/\\\/madame-sensuelle.paris\\\/fr\\\/#organization\",\"name\":\"Madame Sensuelle\",\"url\":\"https:\\\/\\\/madame-sensuelle.paris\\\/fr\\\/\",\"logo\":{\"@type\":\"ImageObject\",\"inLanguage\":\"fr-FR\",\"@id\":\"https:\\\/\\\/madame-sensuelle.paris\\\/fr\\\/#\\\/schema\\\/logo\\\/image\\\/\",\"url\":\"https:\\\/\\\/madame-sensuelle.paris\\\/wp-content\\\/uploads\\\/2024\\\/12\\\/logo_a-1-1_696.webp\",\"contentUrl\":\"https:\\\/\\\/madame-sensuelle.paris\\\/wp-content\\\/uploads\\\/2024\\\/12\\\/logo_a-1-1_696.webp\",\"width\":696,\"height\":696,\"caption\":\"Madame Sensuelle\"},\"image\":{\"@id\":\"https:\\\/\\\/madame-sensuelle.paris\\\/fr\\\/#\\\/schema\\\/logo\\\/image\\\/\"},\"sameAs\":[\"https:\\\/\\\/www.facebook.com\\\/madamesensuelle\",\"https:\\\/\\\/www.instagram.com\\\/madame_sensuelle\\\/\"]}]}<\/script>\n<!-- \/ Yoast SEO plugin. -->","yoast_head_json":{"title":"Essayage Priv\u00e9 en Boutique - Madame Sensuelle","description":"R\u00e9servez le salon d'essayage priv\u00e9 VIP chez \"Madame Sensuelle\". Venez seule, en couple ou entre copines au moment qui vous convient le mieux. Nos vendeuses multilingues en lingerie chic et sexy vous aiderons pour votre ensemble parfait.","robots":{"index":"index","follow":"follow","max-snippet":"max-snippet:-1","max-image-preview":"max-image-preview:large","max-video-preview":"max-video-preview:-1"},"canonical":"https:\/\/madame-sensuelle.paris\/fr\/essayage-prive\/","og_locale":"fr_FR","og_type":"article","og_title":"Essayage Priv\u00e9 en Boutique - Madame Sensuelle","og_description":"R\u00e9servez le salon d'essayage priv\u00e9 VIP chez \"Madame Sensuelle\". Venez seule, en couple ou entre copines au moment qui vous convient le mieux. Nos vendeuses multilingues en lingerie chic et sexy vous aiderons pour votre ensemble parfait.","og_url":"https:\/\/madame-sensuelle.paris\/fr\/essayage-prive\/","og_site_name":"Madame Sensuelle","article_publisher":"https:\/\/www.facebook.com\/madamesensuelle","article_modified_time":"2025-02-24T20:09:18+00:00","og_image":[{"width":1200,"height":675,"url":"https:\/\/madame-sensuelle.paris\/wp-content\/uploads\/2024\/12\/logo_a-1-1_16-9-_1_.webp","type":"image\/webp"}],"twitter_card":"summary_large_image","twitter_misc":{"Dur\u00e9e de lecture estim\u00e9e":"4 minutes"},"schema":{"@context":"https:\/\/schema.org","@graph":[{"@type":"WebPage","@id":"https:\/\/madame-sensuelle.paris\/fr\/essayage-prive\/","url":"https:\/\/madame-sensuelle.paris\/fr\/essayage-prive\/","name":"Essayage Priv\u00e9 en Boutique - Madame Sensuelle","isPartOf":{"@id":"https:\/\/madame-sensuelle.paris\/fr\/#website"},"datePublished":"2022-11-30T17:08:52+00:00","dateModified":"2025-02-24T20:09:18+00:00","description":"R\u00e9servez le salon d'essayage priv\u00e9 VIP chez \"Madame Sensuelle\". Venez seule, en couple ou entre copines au moment qui vous convient le mieux. Nos vendeuses multilingues en lingerie chic et sexy vous aiderons pour votre ensemble parfait.","breadcrumb":{"@id":"https:\/\/madame-sensuelle.paris\/fr\/essayage-prive\/#breadcrumb"},"inLanguage":"fr-FR","potentialAction":[{"@type":"ReadAction","target":["https:\/\/madame-sensuelle.paris\/fr\/essayage-prive\/"]}]},{"@type":"BreadcrumbList","@id":"https:\/\/madame-sensuelle.paris\/fr\/essayage-prive\/#breadcrumb","itemListElement":[{"@type":"ListItem","position":1,"name":"Acceuil","item":"https:\/\/madame-sensuelle.paris\/fr\/"},{"@type":"ListItem","position":2,"name":"Rendez-vous au boutique"}]},{"@type":"WebSite","@id":"https:\/\/madame-sensuelle.paris\/fr\/#website","url":"https:\/\/madame-sensuelle.paris\/fr\/","name":"MADAME SENSUELLE","description":"MADAME SENSUELLE: Found the biggest exciting brands of chic &amp; SEXY LINGERIE in Paris Boutique and on the WEB: Aubade, Dita Von Teese, Maison Close, Marjolaine, Bluebella, Atelier Amour, Luxxa, Catanzaro, Gracija Rim. You will found the big pleasure of sexy belt or bra make for you","publisher":{"@id":"https:\/\/madame-sensuelle.paris\/fr\/#organization"},"potentialAction":[{"@type":"SearchAction","target":{"@type":"EntryPoint","urlTemplate":"https:\/\/madame-sensuelle.paris\/fr\/?s={search_term_string}"},"query-input":{"@type":"PropertyValueSpecification","valueRequired":true,"valueName":"search_term_string"}}],"inLanguage":"fr-FR"},{"@type":"Organization","@id":"https:\/\/madame-sensuelle.paris\/fr\/#organization","name":"Madame Sensuelle","url":"https:\/\/madame-sensuelle.paris\/fr\/","logo":{"@type":"ImageObject","inLanguage":"fr-FR","@id":"https:\/\/madame-sensuelle.paris\/fr\/#\/schema\/logo\/image\/","url":"https:\/\/madame-sensuelle.paris\/wp-content\/uploads\/2024\/12\/logo_a-1-1_696.webp","contentUrl":"https:\/\/madame-sensuelle.paris\/wp-content\/uploads\/2024\/12\/logo_a-1-1_696.webp","width":696,"height":696,"caption":"Madame Sensuelle"},"image":{"@id":"https:\/\/madame-sensuelle.paris\/fr\/#\/schema\/logo\/image\/"},"sameAs":["https:\/\/www.facebook.com\/madamesensuelle","https:\/\/www.instagram.com\/madame_sensuelle\/"]}]}},"_links":{"self":[{"href":"https:\/\/madame-sensuelle.paris\/fr\/wp-json\/wp\/v2\/pages\/21541","targetHints":{"allow":["GET"]}}],"collection":[{"href":"https:\/\/madame-sensuelle.paris\/fr\/wp-json\/wp\/v2\/pages"}],"about":[{"href":"https:\/\/madame-sensuelle.paris\/fr\/wp-json\/wp\/v2\/types\/page"}],"author":[{"embeddable":true,"href":"https:\/\/madame-sensuelle.paris\/fr\/wp-json\/wp\/v2\/users\/1"}],"replies":[{"embeddable":true,"href":"https:\/\/madame-sensuelle.paris\/fr\/wp-json\/wp\/v2\/comments?post=21541"}],"version-history":[{"count":1,"href":"https:\/\/madame-sensuelle.paris\/fr\/wp-json\/wp\/v2\/pages\/21541\/revisions"}],"predecessor-version":[{"id":126905,"href":"https:\/\/madame-sensuelle.paris\/fr\/wp-json\/wp\/v2\/pages\/21541\/revisions\/126905"}],"wp:attachment":[{"href":"https:\/\/madame-sensuelle.paris\/fr\/wp-json\/wp\/v2\/media?parent=21541"}],"curies":[{"name":"wp","href":"https:\/\/api.w.org\/{rel}","templated":true}]}}