{"id":21766,"date":"2023-01-17T02:26:33","date_gmt":"2023-01-17T02:26:33","guid":{"rendered":"http:\/\/madame-sensuelle.eu\/return-terms-and-conditions-2\/"},"modified":"2024-10-13T23:22:42","modified_gmt":"2024-10-13T23:22:42","slug":"conditions-de-retour","status":"publish","type":"page","link":"https:\/\/madame-sensuelle.paris\/fr\/conditions-de-retour\/","title":{"rendered":"Conditions de retour"},"content":{"rendered":"\t\t<div data-elementor-type=\"wp-page\" data-elementor-id=\"21766\" class=\"elementor elementor-21766 elementor-21773\" data-elementor-post-type=\"page\">\n\t\t\t\t\t\t<section class=\"elementor-section elementor-top-section elementor-element elementor-element-393ebc7b elementor-section-boxed elementor-section-height-default elementor-section-height-default\" data-id=\"393ebc7b\" data-element_type=\"section\">\n\t\t\t\t\t\t<div class=\"elementor-container elementor-column-gap-default\">\n\t\t\t\t\t<div class=\"elementor-column elementor-col-100 elementor-top-column elementor-element elementor-element-e5efd4b kt-display-default\" data-id=\"e5efd4b\" data-element_type=\"column\">\n\t\t\t<div class=\"elementor-widget-wrap elementor-element-populated\">\n\t\t\t\t\t\t<div class=\"elementor-element elementor-element-1fe1f57b elementor-widget elementor-widget-text-editor\" data-id=\"1fe1f57b\" data-element_type=\"widget\" data-widget_type=\"text-editor.default\">\n\t\t\t\t<div class=\"elementor-widget-container\">\n\t\t\t\t\t\t\t\t\t<p><\/p>\n<h4><strong>JE SOUHAITE RETOURNER MA COMMANDE OU UN ARTICLE :<\/strong><\/h4>\n<p><\/p>\n<p><\/p>\n<p>Nous acceptons les retours selon les crit\u00e8res suivants :<\/p>\n<p><\/p>\n<p><\/p>\n<ol>\n<li style=\"list-style-type: none;\">\n<ol><\/ol>\n<\/li>\n<\/ol>\n<p>\u00a0<\/p>\n<ol>\n<li style=\"list-style-type: none;\">\n<ol>\n<li>L&#8217;article doit \u00eatre dans son \u00e9tat d&#8217;origine et doit comporter les \u00e9tiquettes.<\/li>\n<\/ol>\n<\/li>\n<\/ol>\n<p><\/p>\n<p><\/p>\n<ol>\n<li style=\"list-style-type: none;\">\n<ol>\n<li>L&#8217;article ne doit pas avoir \u00e9t\u00e9 port\u00e9 ou tach\u00e9.<\/li>\n<\/ol>\n<\/li>\n<\/ol>\n<p><\/p>\n<p><\/p>\n<ol>\n<li style=\"list-style-type: none;\">\n<ol>\n<li>Les articles non sold\u00e9s peuvent \u00eatre retourn\u00e9s dans les 14 jours ouvr\u00e9s suivants la commande.<\/li>\n<\/ol>\n<\/li>\n<\/ol>\n<p><\/p>\n<p><\/p>\n<ol>\n<li style=\"list-style-type: none;\">\n<ol>\n<li>Les articles sold\u00e9s peuvent \u00eatre retourn\u00e9s dans les 14 jours suivants la commande pour un \u00e9change ou un AVOIR uniquement.<\/li>\n<\/ol>\n<\/li>\n<\/ol>\n<p><\/p>\n<p><\/p>\n<ol>\n<li style=\"list-style-type: none;\">\n<ol>\n<li>L&#8217;article peut \u00eatre retourn\u00e9 uniquement avec une preuve d&#8217;achat (facture).<\/li>\n<\/ol>\n<\/li>\n<\/ol>\n<p><\/p>\n<p><\/p>\n<p><\/p>\n<p>&#8211; <strong>Je veux retourner ou \u00e9changer un produit, pas la bonne taille ou je ne l&#8217;aime pas&#8230; &#8211; qu&#8217;est-ce que je fais?<\/strong><\/p>\n<p><\/p>\n<p><\/p>\n<div class=\"wp-block-group\">\n<p><\/p>\n<ol>\n<li style=\"list-style-type: none;\">\n<ol><\/ol>\n<\/li>\n<\/ol>\n<p>\u00a0<\/p>\n<ol>\n<li style=\"list-style-type: none;\">\n<ol>\n<li>Je fais une demande d\u2019\u00e9change ou retour dans un d\u00e9lai de 14 jours ouvr\u00e9s (du lundi au vendredi) \u00e0 par mail &#8211; equipe@madame-sensuelle.com J&#8217;ATTENDS LA CONFIRMATION.<\/li>\n<\/ol>\n<\/li>\n<\/ol>\n<p><\/p>\n<p><\/p>\n<ol>\n<li style=\"list-style-type: none;\">\n<ol>\n<li>Je t\u00e9l\u00e9charge le\u00a0<a href=\"\/wp-content\/uploads\/Madame-Sensuelle-Return.pdf\"><strong>Bon de retour<\/strong><\/a> et j\u2019indique la raison \u00ab\u00a0Retour\u00a0\u00bb ou \u00ab\u00a0Echange\u00a0\u00bb.<\/li>\n<\/ol>\n<\/li>\n<\/ol>\n<p><\/p>\n<p><\/p>\n<ol>\n<li style=\"list-style-type: none;\">\n<ol>\n<li>J&#8217;envoie les articles non utilis\u00e9s et dans leur emballage d\u2019origine, avec les \u00e9tiquettes.<br \/><br \/><strong>100 % des frais de retour seront \u00e0 votre charge.\u00a0<\/strong> Si vous souhaitez que nous r\u00e9glions ces montants de transitaire \u00e0 votre place, nous les d\u00e9duirons de votre remboursement total ou partiel.<\/li>\n<\/ol>\n<\/li>\n<\/ol>\n<p><\/p>\n<p><\/p>\n<\/div>\n<p><\/p>\n<p><\/p>\n<p>Vous pouvez choisir un <strong>avoir ou<\/strong> <strong>remboursement<\/strong> dans un d\u00e9lai de 14 jours ouvr\u00e9s.\u00a0<\/p>\n<p><\/p>\n<p><\/p>\n<p>&#8211; <strong>Un de mes produits est d\u00e9fectueux&#8230; &#8211; qu&#8217;est-ce que je fais ?<\/strong><\/p>\n<p><\/p>\n<p><\/p>\n<ol>\n<li style=\"list-style-type: none;\">\n<ol><\/ol>\n<\/li>\n<\/ol>\n<p>\u00a0<\/p>\n<ol>\n<li style=\"list-style-type: none;\">\n<ol>\n<li>Je fais une demande d\u2019\u00e9change ou retour dans un d\u00e9lai de 14 jours ouvr\u00e9s (du lundi au vendredi) \u00e0 date de r\u00e9ception par mail- equipe@madame-sensuelle.com J&#8217;ATTENDS LA CONFIRMATION.<\/li>\n<\/ol>\n<\/li>\n<\/ol>\n<p><\/p>\n<p><\/p>\n<ol>\n<li style=\"list-style-type: none;\">\n<ol>\n<li>Je t\u00e9l\u00e9charge le\u00a0<a href=\"\/wp-content\/uploads\/Madame-Sensuelle-Return.pdf\"><strong>Bon de retour<\/strong><\/a> et j\u2019indique la raison \u00ab\u00a0Produits d\u00e9fectueux \u00bb.<\/li>\n<\/ol>\n<\/li>\n<\/ol>\n<p><\/p>\n<p><\/p>\n<ol>\n<li style=\"list-style-type: none;\">\n<ol>\n<li>Je renvoie le colis en y joignant le <strong><u>Bon de retour<\/u><\/strong> et la facture de la commande.<br \/><br \/>Nous vous \u00e9changeons les produits d\u00e9fectueux achet\u00e9s sur les sites internet de Madame-Sensuelle sous 14 jours ou vous pouvez demander un avoir ou remboursement.\u00a0<br \/><strong>Nous prendrons les frais \u00e0 notre charge<\/strong>. Pensez \u00e0 nous joindre la facture des frais de port correspondant \u00e0 l\u2019envoi de votre produit d\u00e9fectueux.<\/li>\n<\/ol>\n<\/li>\n<\/ol>\n<p><\/p>\n<p><\/p>\n<p><\/p>\n<p><strong>Adresse des retours\u00a0:<\/strong><\/p>\n<p><\/p>\n<p><\/p>\n<p>Boutique &#8220;Madame Sensuelle&#8221;, 99 Rue de Rennes, 75006, Paris, France<\/p>\n<p><\/p>\t\t\t\t\t\t\t\t<\/div>\n\t\t\t\t<\/div>\n\t\t\t\t\t<\/div>\n\t\t<\/div>\n\t\t\t\t\t<\/div>\n\t\t<\/section>\n\t\t\t\t<\/div>\n\t\t","protected":false},"excerpt":{"rendered":"<p>JE SOUHAITE RETOURNER MA COMMANDE OU UN ARTICLE : Nous acceptons les retours selon les crit\u00e8res suivants : \u00a0 L&#8217;article doit \u00eatre dans son \u00e9tat d&#8217;origine et doit comporter les \u00e9tiquettes. L&#8217;article ne doit pas avoir \u00e9t\u00e9 port\u00e9 ou tach\u00e9. Les articles non sold\u00e9s peuvent \u00eatre retourn\u00e9s dans les 14 jours ouvr\u00e9s suivants la commande.<\/p>\n","protected":false},"author":1,"featured_media":0,"parent":0,"menu_order":0,"comment_status":"closed","ping_status":"closed","template":"","meta":{"footnotes":""},"class_list":["post-21766","page","type-page","status-publish","hentry"],"yoast_head":"<!-- This site is optimized with the Yoast SEO plugin v27.4 - https:\/\/yoast.com\/product\/yoast-seo-wordpress\/ -->\n<title>Conditions de retour - Madame Sensuelle<\/title>\n<meta name=\"robots\" content=\"index, follow, max-snippet:-1, max-image-preview:large, max-video-preview:-1\" \/>\n<link rel=\"canonical\" href=\"https:\/\/madame-sensuelle.paris\/fr\/conditions-de-retour\/\" \/>\n<meta property=\"og:locale\" content=\"fr_FR\" \/>\n<meta property=\"og:type\" content=\"article\" \/>\n<meta property=\"og:title\" content=\"Conditions de retour - Madame Sensuelle\" \/>\n<meta property=\"og:description\" content=\"JE SOUHAITE RETOURNER MA COMMANDE OU UN ARTICLE : Nous acceptons les retours selon les crit\u00e8res suivants : \u00a0 L&#8217;article doit \u00eatre dans son \u00e9tat d&#8217;origine et doit comporter les \u00e9tiquettes. L&#8217;article ne doit pas avoir \u00e9t\u00e9 port\u00e9 ou tach\u00e9. Les articles non sold\u00e9s peuvent \u00eatre retourn\u00e9s dans les 14 jours ouvr\u00e9s suivants la commande.\" \/>\n<meta property=\"og:url\" content=\"https:\/\/madame-sensuelle.paris\/fr\/conditions-de-retour\/\" \/>\n<meta property=\"og:site_name\" content=\"Madame Sensuelle\" \/>\n<meta property=\"article:publisher\" content=\"https:\/\/www.facebook.com\/madamesensuelle\" \/>\n<meta property=\"article:modified_time\" content=\"2024-10-13T23:22:42+00:00\" \/>\n<meta property=\"og:image\" content=\"https:\/\/madame-sensuelle.paris\/wp-content\/uploads\/2024\/12\/logo_a-1-1_16-9-_1_.webp\" \/>\n\t<meta property=\"og:image:width\" content=\"1200\" \/>\n\t<meta property=\"og:image:height\" content=\"675\" \/>\n\t<meta property=\"og:image:type\" content=\"image\/webp\" \/>\n<meta name=\"twitter:card\" content=\"summary_large_image\" \/>\n<meta name=\"twitter:label1\" content=\"Dur\u00e9e de lecture estim\u00e9e\" \/>\n\t<meta name=\"twitter:data1\" content=\"2 minutes\" \/>\n<script type=\"application\/ld+json\" class=\"yoast-schema-graph\">{\"@context\":\"https:\\\/\\\/schema.org\",\"@graph\":[{\"@type\":\"WebPage\",\"@id\":\"https:\\\/\\\/madame-sensuelle.paris\\\/fr\\\/conditions-de-retour\\\/\",\"url\":\"https:\\\/\\\/madame-sensuelle.paris\\\/fr\\\/conditions-de-retour\\\/\",\"name\":\"Conditions de retour - Madame Sensuelle\",\"isPartOf\":{\"@id\":\"https:\\\/\\\/madame-sensuelle.paris\\\/fr\\\/#website\"},\"datePublished\":\"2023-01-17T02:26:33+00:00\",\"dateModified\":\"2024-10-13T23:22:42+00:00\",\"breadcrumb\":{\"@id\":\"https:\\\/\\\/madame-sensuelle.paris\\\/fr\\\/conditions-de-retour\\\/#breadcrumb\"},\"inLanguage\":\"fr-FR\",\"potentialAction\":[{\"@type\":\"ReadAction\",\"target\":[\"https:\\\/\\\/madame-sensuelle.paris\\\/fr\\\/conditions-de-retour\\\/\"]}]},{\"@type\":\"BreadcrumbList\",\"@id\":\"https:\\\/\\\/madame-sensuelle.paris\\\/fr\\\/conditions-de-retour\\\/#breadcrumb\",\"itemListElement\":[{\"@type\":\"ListItem\",\"position\":1,\"name\":\"Acceuil\",\"item\":\"https:\\\/\\\/madame-sensuelle.paris\\\/fr\\\/\"},{\"@type\":\"ListItem\",\"position\":2,\"name\":\"Conditions de retour\"}]},{\"@type\":\"WebSite\",\"@id\":\"https:\\\/\\\/madame-sensuelle.paris\\\/fr\\\/#website\",\"url\":\"https:\\\/\\\/madame-sensuelle.paris\\\/fr\\\/\",\"name\":\"MADAME SENSUELLE\",\"description\":\"MADAME SENSUELLE: Found the biggest exciting brands of chic &amp; SEXY LINGERIE in Paris Boutique and on the WEB: Aubade, Dita Von Teese, Maison Close, Marjolaine, Bluebella, Atelier Amour, Luxxa, Catanzaro, Gracija Rim. You will found the big pleasure of sexy belt or bra make for you\",\"publisher\":{\"@id\":\"https:\\\/\\\/madame-sensuelle.paris\\\/fr\\\/#organization\"},\"potentialAction\":[{\"@type\":\"SearchAction\",\"target\":{\"@type\":\"EntryPoint\",\"urlTemplate\":\"https:\\\/\\\/madame-sensuelle.paris\\\/fr\\\/?s={search_term_string}\"},\"query-input\":{\"@type\":\"PropertyValueSpecification\",\"valueRequired\":true,\"valueName\":\"search_term_string\"}}],\"inLanguage\":\"fr-FR\"},{\"@type\":\"Organization\",\"@id\":\"https:\\\/\\\/madame-sensuelle.paris\\\/fr\\\/#organization\",\"name\":\"Madame Sensuelle\",\"url\":\"https:\\\/\\\/madame-sensuelle.paris\\\/fr\\\/\",\"logo\":{\"@type\":\"ImageObject\",\"inLanguage\":\"fr-FR\",\"@id\":\"https:\\\/\\\/madame-sensuelle.paris\\\/fr\\\/#\\\/schema\\\/logo\\\/image\\\/\",\"url\":\"https:\\\/\\\/madame-sensuelle.paris\\\/wp-content\\\/uploads\\\/2024\\\/12\\\/logo_a-1-1_696.webp\",\"contentUrl\":\"https:\\\/\\\/madame-sensuelle.paris\\\/wp-content\\\/uploads\\\/2024\\\/12\\\/logo_a-1-1_696.webp\",\"width\":696,\"height\":696,\"caption\":\"Madame Sensuelle\"},\"image\":{\"@id\":\"https:\\\/\\\/madame-sensuelle.paris\\\/fr\\\/#\\\/schema\\\/logo\\\/image\\\/\"},\"sameAs\":[\"https:\\\/\\\/www.facebook.com\\\/madamesensuelle\",\"https:\\\/\\\/www.instagram.com\\\/madame_sensuelle\\\/\"]}]}<\/script>\n<!-- \/ Yoast SEO plugin. -->","yoast_head_json":{"title":"Conditions de retour - Madame Sensuelle","robots":{"index":"index","follow":"follow","max-snippet":"max-snippet:-1","max-image-preview":"max-image-preview:large","max-video-preview":"max-video-preview:-1"},"canonical":"https:\/\/madame-sensuelle.paris\/fr\/conditions-de-retour\/","og_locale":"fr_FR","og_type":"article","og_title":"Conditions de retour - Madame Sensuelle","og_description":"JE SOUHAITE RETOURNER MA COMMANDE OU UN ARTICLE : Nous acceptons les retours selon les crit\u00e8res suivants : \u00a0 L&#8217;article doit \u00eatre dans son \u00e9tat d&#8217;origine et doit comporter les \u00e9tiquettes. L&#8217;article ne doit pas avoir \u00e9t\u00e9 port\u00e9 ou tach\u00e9. Les articles non sold\u00e9s peuvent \u00eatre retourn\u00e9s dans les 14 jours ouvr\u00e9s suivants la commande.","og_url":"https:\/\/madame-sensuelle.paris\/fr\/conditions-de-retour\/","og_site_name":"Madame Sensuelle","article_publisher":"https:\/\/www.facebook.com\/madamesensuelle","article_modified_time":"2024-10-13T23:22:42+00:00","og_image":[{"width":1200,"height":675,"url":"https:\/\/madame-sensuelle.paris\/wp-content\/uploads\/2024\/12\/logo_a-1-1_16-9-_1_.webp","type":"image\/webp"}],"twitter_card":"summary_large_image","twitter_misc":{"Dur\u00e9e de lecture estim\u00e9e":"2 minutes"},"schema":{"@context":"https:\/\/schema.org","@graph":[{"@type":"WebPage","@id":"https:\/\/madame-sensuelle.paris\/fr\/conditions-de-retour\/","url":"https:\/\/madame-sensuelle.paris\/fr\/conditions-de-retour\/","name":"Conditions de retour - Madame Sensuelle","isPartOf":{"@id":"https:\/\/madame-sensuelle.paris\/fr\/#website"},"datePublished":"2023-01-17T02:26:33+00:00","dateModified":"2024-10-13T23:22:42+00:00","breadcrumb":{"@id":"https:\/\/madame-sensuelle.paris\/fr\/conditions-de-retour\/#breadcrumb"},"inLanguage":"fr-FR","potentialAction":[{"@type":"ReadAction","target":["https:\/\/madame-sensuelle.paris\/fr\/conditions-de-retour\/"]}]},{"@type":"BreadcrumbList","@id":"https:\/\/madame-sensuelle.paris\/fr\/conditions-de-retour\/#breadcrumb","itemListElement":[{"@type":"ListItem","position":1,"name":"Acceuil","item":"https:\/\/madame-sensuelle.paris\/fr\/"},{"@type":"ListItem","position":2,"name":"Conditions de retour"}]},{"@type":"WebSite","@id":"https:\/\/madame-sensuelle.paris\/fr\/#website","url":"https:\/\/madame-sensuelle.paris\/fr\/","name":"MADAME SENSUELLE","description":"MADAME SENSUELLE: Found the biggest exciting brands of chic &amp; SEXY LINGERIE in Paris Boutique and on the WEB: Aubade, Dita Von Teese, Maison Close, Marjolaine, Bluebella, Atelier Amour, Luxxa, Catanzaro, Gracija Rim. You will found the big pleasure of sexy belt or bra make for you","publisher":{"@id":"https:\/\/madame-sensuelle.paris\/fr\/#organization"},"potentialAction":[{"@type":"SearchAction","target":{"@type":"EntryPoint","urlTemplate":"https:\/\/madame-sensuelle.paris\/fr\/?s={search_term_string}"},"query-input":{"@type":"PropertyValueSpecification","valueRequired":true,"valueName":"search_term_string"}}],"inLanguage":"fr-FR"},{"@type":"Organization","@id":"https:\/\/madame-sensuelle.paris\/fr\/#organization","name":"Madame Sensuelle","url":"https:\/\/madame-sensuelle.paris\/fr\/","logo":{"@type":"ImageObject","inLanguage":"fr-FR","@id":"https:\/\/madame-sensuelle.paris\/fr\/#\/schema\/logo\/image\/","url":"https:\/\/madame-sensuelle.paris\/wp-content\/uploads\/2024\/12\/logo_a-1-1_696.webp","contentUrl":"https:\/\/madame-sensuelle.paris\/wp-content\/uploads\/2024\/12\/logo_a-1-1_696.webp","width":696,"height":696,"caption":"Madame Sensuelle"},"image":{"@id":"https:\/\/madame-sensuelle.paris\/fr\/#\/schema\/logo\/image\/"},"sameAs":["https:\/\/www.facebook.com\/madamesensuelle","https:\/\/www.instagram.com\/madame_sensuelle\/"]}]}},"_links":{"self":[{"href":"https:\/\/madame-sensuelle.paris\/fr\/wp-json\/wp\/v2\/pages\/21766","targetHints":{"allow":["GET"]}}],"collection":[{"href":"https:\/\/madame-sensuelle.paris\/fr\/wp-json\/wp\/v2\/pages"}],"about":[{"href":"https:\/\/madame-sensuelle.paris\/fr\/wp-json\/wp\/v2\/types\/page"}],"author":[{"embeddable":true,"href":"https:\/\/madame-sensuelle.paris\/fr\/wp-json\/wp\/v2\/users\/1"}],"replies":[{"embeddable":true,"href":"https:\/\/madame-sensuelle.paris\/fr\/wp-json\/wp\/v2\/comments?post=21766"}],"version-history":[{"count":1,"href":"https:\/\/madame-sensuelle.paris\/fr\/wp-json\/wp\/v2\/pages\/21766\/revisions"}],"predecessor-version":[{"id":110418,"href":"https:\/\/madame-sensuelle.paris\/fr\/wp-json\/wp\/v2\/pages\/21766\/revisions\/110418"}],"wp:attachment":[{"href":"https:\/\/madame-sensuelle.paris\/fr\/wp-json\/wp\/v2\/media?parent=21766"}],"curies":[{"name":"wp","href":"https:\/\/api.w.org\/{rel}","templated":true}]}}