{"id":21809,"date":"2023-01-17T23:21:00","date_gmt":"2023-01-17T23:21:00","guid":{"rendered":"http:\/\/madame-sensuelle.eu\/?page_id=21809"},"modified":"2024-12-02T12:08:28","modified_gmt":"2024-12-02T12:08:28","slug":"politique-dexpedition","status":"publish","type":"page","link":"https:\/\/madame-sensuelle.paris\/fr\/politique-dexpedition\/","title":{"rendered":"Madame Sensuelle Politique D&#8217;exp\u00e9dition"},"content":{"rendered":"\t\t<div data-elementor-type=\"wp-page\" data-elementor-id=\"21809\" class=\"elementor elementor-21809\" data-elementor-post-type=\"page\">\n\t\t\t\t\t\t<section class=\"elementor-section elementor-top-section elementor-element elementor-element-e46051e elementor-section-boxed elementor-section-height-default elementor-section-height-default\" data-id=\"e46051e\" data-element_type=\"section\">\n\t\t\t\t\t\t<div class=\"elementor-container elementor-column-gap-default\">\n\t\t\t\t\t<div class=\"elementor-column elementor-col-100 elementor-top-column elementor-element elementor-element-4df71d10 kt-display-default\" data-id=\"4df71d10\" data-element_type=\"column\">\n\t\t\t<div class=\"elementor-widget-wrap elementor-element-populated\">\n\t\t\t\t\t\t<div class=\"elementor-element elementor-element-4eb9d248 elementor-widget elementor-widget-text-editor\" data-id=\"4eb9d248\" data-element_type=\"widget\" data-widget_type=\"text-editor.default\">\n\t\t\t\t<div class=\"elementor-widget-container\">\n\t\t\t\t\t\t\t\t\t\n<ul>\n<li>Nous livrons tous les Pays Europ\u00e9ens avec la&nbsp;Poste&nbsp;(Colissimo International) et&nbsp;<strong>UPS<\/strong>.<\/li>\n\n\n\n<li>Nous avons mis une attention particuli\u00e8re \u00e0 chaque commande, ils sont emball\u00e9s avec un soin extr\u00eame.<\/li>\n\n\n\n<li>Chaque ordre d&#8217;obtenir un num\u00e9ro de suivi et assurance.<\/li>\n<\/ul>\n\n\n\n<p>La livraison gratuite est offerte sur toutes les commandes\u00a0de plus de 85 \u20ac\u00a0en<strong>\u00a0France M\u00e9tropolitaine\u00a0<\/strong>avec\u00a0<strong>COLISSIMO.<\/strong><\/p>\n\n\n\n<p>La Livraison gratuite est offerte pour\u00a0toutes les commandes au-del\u00e0 de 125\u20ac\u00a0pour les pays de l&#8217;Union Europ\u00e9eanne, Monaco et Andorre avec\u00a0\u00a0<strong>Colissimo International.<\/strong><\/p>\n\n\n\n<p>&nbsp;Les frais de livraisons seront factur\u00e9s pour tout montant d&#8217;achat apr\u00e8s avoir rempli le formulaire avant le paiement.<\/p>\n\n\n\n<p>Pour chacun de ces modes, vous en \u00eates avertis par e-mail ou t\u00e9l\u00e9phone portable lorsque vous \u00eates sur le point d&#8217;\u00eatre livr\u00e9s.<\/p>\n\n\n\n<p>Vous pouvez&nbsp;v\u00e9rifier en ligne de votre colis en cliquant sur le lien suivant&nbsp;:&nbsp;<a href=\"https:\/\/www.laposte.fr\/outils\/track-a-parcel\" target=\"_blank\" rel=\"noreferrer noopener\">https:\/\/www.laposte.fr\/outils\/track-a-parcel<\/a><\/p>\n\n\n\n<h2 class=\"wp-block-heading\"><strong>Service \u00c0 La Client\u00e8le&nbsp;:<\/strong><\/h2>\n\n\n\n<p>Si vous avez la moindre question, vous pouvez joindre notre service \u00e0 la client\u00e8le au :&nbsp;<a href=\"https:\/\/mail.rambler.ru\/compose\/\" target=\"_blank\" rel=\"noreferrer noopener\">equipe@madame-sensuelle.com<\/a><\/p>\n\n\n\n<p>* Veuillez noter que les commandes ne sont pas pr\u00e9par\u00e9es le dimanche.<\/p>\n\n\n\n<p>** Droits de douane et toutes les taxes et charges sont exclusivement \u00e0 des clients de charge (Counrties avec l&#8217;Obligation sp\u00e9cifique des r\u00e8gles).<\/p>\n\t\t\t\t\t\t\t\t<\/div>\n\t\t\t\t<\/div>\n\t\t\t\t\t<\/div>\n\t\t<\/div>\n\t\t\t\t\t<\/div>\n\t\t<\/section>\n\t\t\t\t<\/div>\n\t\t","protected":false},"excerpt":{"rendered":"<p>Nous livrons tous les Pays Europ\u00e9ens avec la&nbsp;Poste&nbsp;(Colissimo International) et&nbsp;UPS. Nous avons mis une attention particuli\u00e8re \u00e0 chaque commande, ils sont emball\u00e9s avec un soin extr\u00eame. Chaque ordre d&#8217;obtenir un num\u00e9ro de suivi et assurance. La livraison gratuite est offerte sur toutes les commandes\u00a0de plus de 85 \u20ac\u00a0en\u00a0France M\u00e9tropolitaine\u00a0avec\u00a0COLISSIMO. La Livraison gratuite est offerte pour\u00a0toutes<\/p>\n","protected":false},"author":1,"featured_media":0,"parent":0,"menu_order":0,"comment_status":"closed","ping_status":"closed","template":"","meta":{"footnotes":""},"class_list":["post-21809","page","type-page","status-publish","hentry"],"yoast_head":"<!-- This site is optimized with the Yoast SEO plugin v27.4 - https:\/\/yoast.com\/product\/yoast-seo-wordpress\/ -->\n<title>Madame Sensuelle Politique D&#039;exp\u00e9dition - Madame Sensuelle<\/title>\n<meta name=\"robots\" content=\"index, follow, max-snippet:-1, max-image-preview:large, max-video-preview:-1\" \/>\n<link rel=\"canonical\" href=\"https:\/\/madame-sensuelle.paris\/fr\/politique-dexpedition\/\" \/>\n<meta property=\"og:locale\" content=\"fr_FR\" \/>\n<meta property=\"og:type\" content=\"article\" \/>\n<meta property=\"og:title\" content=\"Madame Sensuelle Politique D&#039;exp\u00e9dition - Madame Sensuelle\" \/>\n<meta property=\"og:description\" content=\"Nous livrons tous les Pays Europ\u00e9ens avec la&nbsp;Poste&nbsp;(Colissimo International) et&nbsp;UPS. Nous avons mis une attention particuli\u00e8re \u00e0 chaque commande, ils sont emball\u00e9s avec un soin extr\u00eame. Chaque ordre d&#8217;obtenir un num\u00e9ro de suivi et assurance. La livraison gratuite est offerte sur toutes les commandes\u00a0de plus de 85 \u20ac\u00a0en\u00a0France M\u00e9tropolitaine\u00a0avec\u00a0COLISSIMO. La Livraison gratuite est offerte pour\u00a0toutes\" \/>\n<meta property=\"og:url\" content=\"https:\/\/madame-sensuelle.paris\/fr\/politique-dexpedition\/\" \/>\n<meta property=\"og:site_name\" content=\"Madame Sensuelle\" \/>\n<meta property=\"article:publisher\" content=\"https:\/\/www.facebook.com\/madamesensuelle\" \/>\n<meta property=\"article:modified_time\" content=\"2024-12-02T12:08:28+00:00\" \/>\n<meta property=\"og:image\" content=\"https:\/\/madame-sensuelle.paris\/wp-content\/uploads\/2024\/12\/logo_a-1-1_16-9-_1_.webp\" \/>\n\t<meta property=\"og:image:width\" content=\"1200\" \/>\n\t<meta property=\"og:image:height\" content=\"675\" \/>\n\t<meta property=\"og:image:type\" content=\"image\/webp\" \/>\n<meta name=\"twitter:card\" content=\"summary_large_image\" \/>\n<meta name=\"twitter:label1\" content=\"Dur\u00e9e de lecture estim\u00e9e\" \/>\n\t<meta name=\"twitter:data1\" content=\"1 minute\" \/>\n<script type=\"application\/ld+json\" class=\"yoast-schema-graph\">{\"@context\":\"https:\\\/\\\/schema.org\",\"@graph\":[{\"@type\":\"WebPage\",\"@id\":\"https:\\\/\\\/madame-sensuelle.paris\\\/fr\\\/politique-dexpedition\\\/\",\"url\":\"https:\\\/\\\/madame-sensuelle.paris\\\/fr\\\/politique-dexpedition\\\/\",\"name\":\"Madame Sensuelle Politique D'exp\u00e9dition - Madame Sensuelle\",\"isPartOf\":{\"@id\":\"https:\\\/\\\/madame-sensuelle.paris\\\/fr\\\/#website\"},\"datePublished\":\"2023-01-17T23:21:00+00:00\",\"dateModified\":\"2024-12-02T12:08:28+00:00\",\"breadcrumb\":{\"@id\":\"https:\\\/\\\/madame-sensuelle.paris\\\/fr\\\/politique-dexpedition\\\/#breadcrumb\"},\"inLanguage\":\"fr-FR\",\"potentialAction\":[{\"@type\":\"ReadAction\",\"target\":[\"https:\\\/\\\/madame-sensuelle.paris\\\/fr\\\/politique-dexpedition\\\/\"]}]},{\"@type\":\"BreadcrumbList\",\"@id\":\"https:\\\/\\\/madame-sensuelle.paris\\\/fr\\\/politique-dexpedition\\\/#breadcrumb\",\"itemListElement\":[{\"@type\":\"ListItem\",\"position\":1,\"name\":\"Acceuil\",\"item\":\"https:\\\/\\\/madame-sensuelle.paris\\\/fr\\\/\"},{\"@type\":\"ListItem\",\"position\":2,\"name\":\"Madame Sensuelle Politique D&#8217;exp\u00e9dition\"}]},{\"@type\":\"WebSite\",\"@id\":\"https:\\\/\\\/madame-sensuelle.paris\\\/fr\\\/#website\",\"url\":\"https:\\\/\\\/madame-sensuelle.paris\\\/fr\\\/\",\"name\":\"MADAME SENSUELLE\",\"description\":\"MADAME SENSUELLE: Found the biggest exciting brands of chic &amp; SEXY LINGERIE in Paris Boutique and on the WEB: Aubade, Dita Von Teese, Maison Close, Marjolaine, Bluebella, Atelier Amour, Luxxa, Catanzaro, Gracija Rim. You will found the big pleasure of sexy belt or bra make for you\",\"publisher\":{\"@id\":\"https:\\\/\\\/madame-sensuelle.paris\\\/fr\\\/#organization\"},\"potentialAction\":[{\"@type\":\"SearchAction\",\"target\":{\"@type\":\"EntryPoint\",\"urlTemplate\":\"https:\\\/\\\/madame-sensuelle.paris\\\/fr\\\/?s={search_term_string}\"},\"query-input\":{\"@type\":\"PropertyValueSpecification\",\"valueRequired\":true,\"valueName\":\"search_term_string\"}}],\"inLanguage\":\"fr-FR\"},{\"@type\":\"Organization\",\"@id\":\"https:\\\/\\\/madame-sensuelle.paris\\\/fr\\\/#organization\",\"name\":\"Madame Sensuelle\",\"url\":\"https:\\\/\\\/madame-sensuelle.paris\\\/fr\\\/\",\"logo\":{\"@type\":\"ImageObject\",\"inLanguage\":\"fr-FR\",\"@id\":\"https:\\\/\\\/madame-sensuelle.paris\\\/fr\\\/#\\\/schema\\\/logo\\\/image\\\/\",\"url\":\"https:\\\/\\\/madame-sensuelle.paris\\\/wp-content\\\/uploads\\\/2024\\\/12\\\/logo_a-1-1_696.webp\",\"contentUrl\":\"https:\\\/\\\/madame-sensuelle.paris\\\/wp-content\\\/uploads\\\/2024\\\/12\\\/logo_a-1-1_696.webp\",\"width\":696,\"height\":696,\"caption\":\"Madame Sensuelle\"},\"image\":{\"@id\":\"https:\\\/\\\/madame-sensuelle.paris\\\/fr\\\/#\\\/schema\\\/logo\\\/image\\\/\"},\"sameAs\":[\"https:\\\/\\\/www.facebook.com\\\/madamesensuelle\",\"https:\\\/\\\/www.instagram.com\\\/madame_sensuelle\\\/\"]}]}<\/script>\n<!-- \/ Yoast SEO plugin. -->","yoast_head_json":{"title":"Madame Sensuelle Politique D'exp\u00e9dition - Madame Sensuelle","robots":{"index":"index","follow":"follow","max-snippet":"max-snippet:-1","max-image-preview":"max-image-preview:large","max-video-preview":"max-video-preview:-1"},"canonical":"https:\/\/madame-sensuelle.paris\/fr\/politique-dexpedition\/","og_locale":"fr_FR","og_type":"article","og_title":"Madame Sensuelle Politique D'exp\u00e9dition - Madame Sensuelle","og_description":"Nous livrons tous les Pays Europ\u00e9ens avec la&nbsp;Poste&nbsp;(Colissimo International) et&nbsp;UPS. Nous avons mis une attention particuli\u00e8re \u00e0 chaque commande, ils sont emball\u00e9s avec un soin extr\u00eame. Chaque ordre d&#8217;obtenir un num\u00e9ro de suivi et assurance. La livraison gratuite est offerte sur toutes les commandes\u00a0de plus de 85 \u20ac\u00a0en\u00a0France M\u00e9tropolitaine\u00a0avec\u00a0COLISSIMO. La Livraison gratuite est offerte pour\u00a0toutes","og_url":"https:\/\/madame-sensuelle.paris\/fr\/politique-dexpedition\/","og_site_name":"Madame Sensuelle","article_publisher":"https:\/\/www.facebook.com\/madamesensuelle","article_modified_time":"2024-12-02T12:08:28+00:00","og_image":[{"width":1200,"height":675,"url":"https:\/\/madame-sensuelle.paris\/wp-content\/uploads\/2024\/12\/logo_a-1-1_16-9-_1_.webp","type":"image\/webp"}],"twitter_card":"summary_large_image","twitter_misc":{"Dur\u00e9e de lecture estim\u00e9e":"1 minute"},"schema":{"@context":"https:\/\/schema.org","@graph":[{"@type":"WebPage","@id":"https:\/\/madame-sensuelle.paris\/fr\/politique-dexpedition\/","url":"https:\/\/madame-sensuelle.paris\/fr\/politique-dexpedition\/","name":"Madame Sensuelle Politique D'exp\u00e9dition - Madame Sensuelle","isPartOf":{"@id":"https:\/\/madame-sensuelle.paris\/fr\/#website"},"datePublished":"2023-01-17T23:21:00+00:00","dateModified":"2024-12-02T12:08:28+00:00","breadcrumb":{"@id":"https:\/\/madame-sensuelle.paris\/fr\/politique-dexpedition\/#breadcrumb"},"inLanguage":"fr-FR","potentialAction":[{"@type":"ReadAction","target":["https:\/\/madame-sensuelle.paris\/fr\/politique-dexpedition\/"]}]},{"@type":"BreadcrumbList","@id":"https:\/\/madame-sensuelle.paris\/fr\/politique-dexpedition\/#breadcrumb","itemListElement":[{"@type":"ListItem","position":1,"name":"Acceuil","item":"https:\/\/madame-sensuelle.paris\/fr\/"},{"@type":"ListItem","position":2,"name":"Madame Sensuelle Politique D&#8217;exp\u00e9dition"}]},{"@type":"WebSite","@id":"https:\/\/madame-sensuelle.paris\/fr\/#website","url":"https:\/\/madame-sensuelle.paris\/fr\/","name":"MADAME SENSUELLE","description":"MADAME SENSUELLE: Found the biggest exciting brands of chic &amp; SEXY LINGERIE in Paris Boutique and on the WEB: Aubade, Dita Von Teese, Maison Close, Marjolaine, Bluebella, Atelier Amour, Luxxa, Catanzaro, Gracija Rim. You will found the big pleasure of sexy belt or bra make for you","publisher":{"@id":"https:\/\/madame-sensuelle.paris\/fr\/#organization"},"potentialAction":[{"@type":"SearchAction","target":{"@type":"EntryPoint","urlTemplate":"https:\/\/madame-sensuelle.paris\/fr\/?s={search_term_string}"},"query-input":{"@type":"PropertyValueSpecification","valueRequired":true,"valueName":"search_term_string"}}],"inLanguage":"fr-FR"},{"@type":"Organization","@id":"https:\/\/madame-sensuelle.paris\/fr\/#organization","name":"Madame Sensuelle","url":"https:\/\/madame-sensuelle.paris\/fr\/","logo":{"@type":"ImageObject","inLanguage":"fr-FR","@id":"https:\/\/madame-sensuelle.paris\/fr\/#\/schema\/logo\/image\/","url":"https:\/\/madame-sensuelle.paris\/wp-content\/uploads\/2024\/12\/logo_a-1-1_696.webp","contentUrl":"https:\/\/madame-sensuelle.paris\/wp-content\/uploads\/2024\/12\/logo_a-1-1_696.webp","width":696,"height":696,"caption":"Madame Sensuelle"},"image":{"@id":"https:\/\/madame-sensuelle.paris\/fr\/#\/schema\/logo\/image\/"},"sameAs":["https:\/\/www.facebook.com\/madamesensuelle","https:\/\/www.instagram.com\/madame_sensuelle\/"]}]}},"_links":{"self":[{"href":"https:\/\/madame-sensuelle.paris\/fr\/wp-json\/wp\/v2\/pages\/21809","targetHints":{"allow":["GET"]}}],"collection":[{"href":"https:\/\/madame-sensuelle.paris\/fr\/wp-json\/wp\/v2\/pages"}],"about":[{"href":"https:\/\/madame-sensuelle.paris\/fr\/wp-json\/wp\/v2\/types\/page"}],"author":[{"embeddable":true,"href":"https:\/\/madame-sensuelle.paris\/fr\/wp-json\/wp\/v2\/users\/1"}],"replies":[{"embeddable":true,"href":"https:\/\/madame-sensuelle.paris\/fr\/wp-json\/wp\/v2\/comments?post=21809"}],"version-history":[{"count":1,"href":"https:\/\/madame-sensuelle.paris\/fr\/wp-json\/wp\/v2\/pages\/21809\/revisions"}],"predecessor-version":[{"id":112559,"href":"https:\/\/madame-sensuelle.paris\/fr\/wp-json\/wp\/v2\/pages\/21809\/revisions\/112559"}],"wp:attachment":[{"href":"https:\/\/madame-sensuelle.paris\/fr\/wp-json\/wp\/v2\/media?parent=21809"}],"curies":[{"name":"wp","href":"https:\/\/api.w.org\/{rel}","templated":true}]}}