{"id":54251,"date":"2023-01-17T23:34:32","date_gmt":"2023-01-17T23:34:32","guid":{"rendered":"https:\/\/madame-sensuelle.eu\/concept\/"},"modified":"2025-06-16T17:30:57","modified_gmt":"2025-06-16T17:30:57","slug":"concept","status":"publish","type":"page","link":"https:\/\/madame-sensuelle.paris\/fr\/concept\/","title":{"rendered":"Boutique de lingerie sexy de style boudoir \u2013 Madame Sensuelle &#8211; Tout nos conseils pour \u00eatre sexy et d\u00e9sir\u00e9e"},"content":{"rendered":"\t\t<div data-elementor-type=\"wp-page\" data-elementor-id=\"54251\" class=\"elementor elementor-54251 elementor-21821\" data-elementor-post-type=\"page\">\n\t\t\t\t\t\t<section class=\"elementor-section elementor-top-section elementor-element elementor-element-83e5e7a elementor-section-boxed elementor-section-height-default elementor-section-height-default\" data-id=\"83e5e7a\" data-element_type=\"section\">\n\t\t\t\t\t\t<div class=\"elementor-container elementor-column-gap-default\">\n\t\t\t\t\t<div class=\"elementor-column elementor-col-100 elementor-top-column elementor-element elementor-element-b5ee7c2 kt-display-default\" data-id=\"b5ee7c2\" data-element_type=\"column\">\n\t\t\t<div class=\"elementor-widget-wrap elementor-element-populated\">\n\t\t\t\t\t\t<div class=\"elementor-element elementor-element-266df76 elementor-widget elementor-widget-heading\" data-id=\"266df76\" data-element_type=\"widget\" data-widget_type=\"heading.default\">\n\t\t\t\t<div class=\"elementor-widget-container\">\n\t\t\t\t\t<h3 class=\"elementor-heading-title elementor-size-default\">Concept<\/h3>\t\t\t\t<\/div>\n\t\t\t\t<\/div>\n\t\t\t\t<div class=\"elementor-element elementor-element-3aeed75 elementor-widget-divider--view-line elementor-widget elementor-widget-divider\" data-id=\"3aeed75\" data-element_type=\"widget\" data-widget_type=\"divider.default\">\n\t\t\t\t<div class=\"elementor-widget-container\">\n\t\t\t\t\t\t\t<div class=\"elementor-divider\">\n\t\t\t<span class=\"elementor-divider-separator\">\n\t\t\t\t\t\t<\/span>\n\t\t<\/div>\n\t\t\t\t\t\t<\/div>\n\t\t\t\t<\/div>\n\t\t\t\t<div class=\"elementor-element elementor-element-d852038 elementor-widget elementor-widget-text-editor\" data-id=\"d852038\" data-element_type=\"widget\" data-widget_type=\"text-editor.default\">\n\t\t\t\t<div class=\"elementor-widget-container\">\n\t\t\t\t\t\t\t\t\t<p>Madame Sensuelle est le site de lingerie qui s\u2019adresse aux femmes souhaitant sublimer leur f\u00e9minit\u00e9. En vous proposant de la lingerie de jour comme de nuit fine et sexy, nous r\u00e9pondons \u00e0 votre envie d\u2019affirmer haut et fort votre f\u00e9minit\u00e9. Que vous optiez pour l\u2019\u00e9l\u00e9gance de la lingerie en dentelle ou que vous vous laissiez tenter par un ensemble en cuir, Madame Sensuelle vous propose des mod\u00e8les uniques et haut de gamme de lingerie sexy issus de marques de prestige comme Gracia Rim.<\/p>\n\t\t\t\t\t\t\t\t<\/div>\n\t\t\t\t<\/div>\n\t\t\t\t\t<\/div>\n\t\t<\/div>\n\t\t\t\t\t<\/div>\n\t\t<\/section>\n\t\t\t\t<section class=\"elementor-section elementor-top-section elementor-element elementor-element-d75163d elementor-section-boxed elementor-section-height-default elementor-section-height-default\" data-id=\"d75163d\" data-element_type=\"section\">\n\t\t\t\t\t\t<div class=\"elementor-container elementor-column-gap-default\">\n\t\t\t\t\t<div class=\"elementor-column elementor-col-100 elementor-top-column elementor-element elementor-element-5f9d615 kt-display-default\" data-id=\"5f9d615\" data-element_type=\"column\">\n\t\t\t<div class=\"elementor-widget-wrap elementor-element-populated\">\n\t\t\t\t\t\t<div class=\"elementor-element elementor-element-9fdb3e2 elementor-widget elementor-widget-heading\" data-id=\"9fdb3e2\" data-element_type=\"widget\" data-widget_type=\"heading.default\">\n\t\t\t\t<div class=\"elementor-widget-container\">\n\t\t\t\t\t<h3 class=\"elementor-heading-title elementor-size-default\">Madame Sensuelle : la lingerie sexy pour les femmes d\u2019aujourd\u2019hui<\/h3>\t\t\t\t<\/div>\n\t\t\t\t<\/div>\n\t\t\t\t<div class=\"elementor-element elementor-element-6e37c64 elementor-widget elementor-widget-text-editor\" data-id=\"6e37c64\" data-element_type=\"widget\" data-widget_type=\"text-editor.default\">\n\t\t\t\t<div class=\"elementor-widget-container\">\n\t\t\t\t\t\t\t\t\t<p>Nos clientes aiment la lingerie et nous le leur rendons bien. Nous s\u00e9lectionnons des collections f\u00e9minines et sensuelles \u00e0 porter en journ\u00e9e ou sp\u00e9cialement con\u00e7ues pour le soir. Soutiens-gorges en dentelle, strings couverts de broderies d\u00e9licates, bodys mettant en valeur vos formes f\u00e9minines\u2026 chacune de nos pi\u00e8ces r\u00e9pond \u00e0 l\u2019une de vos envies. Parce que votre f\u00e9minit\u00e9 ne devrait pas \u00eatre exacerb\u00e9e qu\u2019occasionnellement, nous vous offrons de quoi la cultiver au quotidien.<\/p>\t\t\t\t\t\t\t\t<\/div>\n\t\t\t\t<\/div>\n\t\t\t\t\t<\/div>\n\t\t<\/div>\n\t\t\t\t\t<\/div>\n\t\t<\/section>\n\t\t\t\t<section class=\"elementor-section elementor-top-section elementor-element elementor-element-94edf01 elementor-section-boxed elementor-section-height-default elementor-section-height-default\" data-id=\"94edf01\" data-element_type=\"section\">\n\t\t\t\t\t\t<div class=\"elementor-container elementor-column-gap-default\">\n\t\t\t\t\t<div class=\"elementor-column elementor-col-100 elementor-top-column elementor-element elementor-element-324c6ac kt-display-default\" data-id=\"324c6ac\" data-element_type=\"column\">\n\t\t\t<div class=\"elementor-widget-wrap elementor-element-populated\">\n\t\t\t\t\t\t<div class=\"elementor-element elementor-element-080e435 elementor-widget elementor-widget-heading\" data-id=\"080e435\" data-element_type=\"widget\" data-widget_type=\"heading.default\">\n\t\t\t\t<div class=\"elementor-widget-container\">\n\t\t\t\t\t<h3 class=\"elementor-heading-title elementor-size-default\">Lingerie \u00e9rotique : osez le temps d\u2019une soir\u00e9e ou plus si affinit\u00e9<\/h3>\t\t\t\t<\/div>\n\t\t\t\t<\/div>\n\t\t\t\t<div class=\"elementor-element elementor-element-7746f50 elementor-widget elementor-widget-text-editor\" data-id=\"7746f50\" data-element_type=\"widget\" data-widget_type=\"text-editor.default\">\n\t\t\t\t<div class=\"elementor-widget-container\">\n\t\t\t\t\t\t\t\t\t<p>Il y a autant de styles de lingerie \u00e9rotique que de femmes qui se cachent en vous. Sensuelle dentelle, charmants froufrous ou cuir troublant, la lingerie tr\u00e8s sexy se d\u00e9cline en de multiples tendances. En d\u00e9couvrant notre s\u00e9lection de lingerie \u00e9rotique, vous remarquerez la diversit\u00e9 de nos mod\u00e8les. Jolie nuisette qui d\u00e9voile la peau, lingerie ouverte pour changer un peu, cuir pour le s\u00e9duire, masque pour intriguer\u2026 nous vous donnons de quoi d\u00e9cupler votre potentiel de s\u00e9duction.<\/p>\n\t\t\t\t\t\t\t\t<\/div>\n\t\t\t\t<\/div>\n\t\t\t\t\t<\/div>\n\t\t<\/div>\n\t\t\t\t\t<\/div>\n\t\t<\/section>\n\t\t\t\t<section class=\"elementor-section elementor-top-section elementor-element elementor-element-674c980 elementor-section-boxed elementor-section-height-default elementor-section-height-default\" data-id=\"674c980\" data-element_type=\"section\">\n\t\t\t\t\t\t<div class=\"elementor-container elementor-column-gap-default\">\n\t\t\t\t\t<div class=\"elementor-column elementor-col-100 elementor-top-column elementor-element elementor-element-8eea70b kt-display-default\" data-id=\"8eea70b\" data-element_type=\"column\">\n\t\t\t<div class=\"elementor-widget-wrap elementor-element-populated\">\n\t\t\t\t\t\t<section class=\"elementor-section elementor-inner-section elementor-element elementor-element-456baef elementor-section-boxed elementor-section-height-default elementor-section-height-default\" data-id=\"456baef\" data-element_type=\"section\">\n\t\t\t\t\t\t<div class=\"elementor-container elementor-column-gap-default\">\n\t\t\t\t\t<div class=\"elementor-column elementor-col-50 elementor-inner-column elementor-element elementor-element-f1d3dd0 kt-display-default\" data-id=\"f1d3dd0\" data-element_type=\"column\">\n\t\t\t<div class=\"elementor-widget-wrap elementor-element-populated\">\n\t\t\t\t\t\t<div class=\"elementor-element elementor-element-3331359 elementor-widget elementor-widget-image\" data-id=\"3331359\" data-element_type=\"widget\" data-widget_type=\"image.default\">\n\t\t\t\t<div class=\"elementor-widget-container\">\n\t\t\t\t\t\t\t\t\t\t\t\t\t\t\t<img fetchpriority=\"high\" decoding=\"async\" width=\"800\" height=\"1200\" src=\"https:\/\/madame-sensuelle.paris\/wp-content\/uploads\/2024\/02\/MG_3093.webp\" class=\"attachment-large size-large wp-image-54199\" alt=\"\" srcset=\"https:\/\/madame-sensuelle.paris\/wp-content\/uploads\/2024\/02\/MG_3093.webp 800w, https:\/\/madame-sensuelle.paris\/wp-content\/uploads\/2024\/02\/MG_3093-100x150.webp 100w, https:\/\/madame-sensuelle.paris\/wp-content\/uploads\/2024\/02\/MG_3093-768x1152.webp 768w, https:\/\/madame-sensuelle.paris\/wp-content\/uploads\/2024\/02\/MG_3093-600x900.webp 600w\" sizes=\"(max-width: 800px) 100vw, 800px\" \/>\t\t\t\t\t\t\t\t\t\t\t\t\t\t\t<\/div>\n\t\t\t\t<\/div>\n\t\t\t\t\t<\/div>\n\t\t<\/div>\n\t\t\t\t<div class=\"elementor-column elementor-col-50 elementor-inner-column elementor-element elementor-element-d0686dc kt-display-default\" data-id=\"d0686dc\" data-element_type=\"column\">\n\t\t\t<div class=\"elementor-widget-wrap elementor-element-populated\">\n\t\t\t\t\t\t<div class=\"elementor-element elementor-element-8e8c82b elementor-widget elementor-widget-heading\" data-id=\"8e8c82b\" data-element_type=\"widget\" data-widget_type=\"heading.default\">\n\t\t\t\t<div class=\"elementor-widget-container\">\n\t\t\t\t\t<h3 class=\"elementor-heading-title elementor-size-default\">Lingerie Madame Sensuelle : un concept unique pour la femme d\u2019aujourd\u2019hui<\/h3>\t\t\t\t<\/div>\n\t\t\t\t<\/div>\n\t\t\t\t<div class=\"elementor-element elementor-element-2f8225f elementor-widget elementor-widget-text-editor\" data-id=\"2f8225f\" data-element_type=\"widget\" data-widget_type=\"text-editor.default\">\n\t\t\t\t<div class=\"elementor-widget-container\">\n\t\t\t\t\t\t\t\t\t<p>Fond\u00e9e en octobre 2018, la <strong>boutique de lingerie Madame Sensuelle<\/strong> vous propose de la lingerie fine et des accessoires \u00e9rotiques de qualit\u00e9 dans un cadre select. Nos collections sont destin\u00e9es aux femmes qui assument leurs envies et \u00e0 celles qui souhaitent pimenter leur quotidien.<\/p>\n<\/p>\n<h6>\n            <span style=\"color: #bf8476;\"><br \/>\n              <strong>Ambiance feutr\u00e9e pour lingerie haut de gamme<\/strong><br \/>\n            <\/span><br \/>\n          <\/h6>\n<p>Madame sensuelle les fondateurs de la marque ont souhait\u00e9 offrir <strong>aux femmes une alternative aux sites de lingerie sexy traditionnels.<\/strong> Dans notre boutique, c\u2019est dans une ambiance intimiste et une atmosph\u00e8re boudoir que les mod\u00e8les sont d\u00e9voil\u00e9s. Une exp\u00e9rience qui place la femme dans des conditions id\u00e9ales pour choisir sa lingerie. Chez Madame Sensuelle, la femme se fait un plaisir de jouer de sa f\u00e9minit\u00e9 gr\u00e2ce \u00e0 une lingerie sensuelle et \u00e9l\u00e9gante.<\/p>\n<\/p>\n<h6>\n            <span style=\"color: #bf8476;\"><br \/>\n              <b>La lingerie \u00e0 la fran\u00e7aise : un must \u00e0 red\u00e9couvrir<\/b><br \/>\n            <\/span><br \/>\n          <\/h6>\n<p>L\u2019\u00e9l\u00e9gance \u00e0 la fran\u00e7aise est une r\u00e9alit\u00e9 que beaucoup de femmes nous envient. Tr\u00e8s f\u00e9minine, la femme fran\u00e7aise a longtemps \u00e9t\u00e9 la r\u00e9f\u00e9rence chic en mati\u00e8re de mode. Ce n\u2019est pas un hasard si les <strong>grandes marques de lingerie parisiennes<\/strong> osent d\u00e9sormais cr\u00e9er des mod\u00e8les de plus en plus sexy. En mettant leur savoir-faire au service de la lingerie fine et sensuelle, elles ont ouvert les portes de l\u2019ultra-f\u00e9minit\u00e9 \u00e0 toutes les femmes. Aujourd\u2019hui, <strong>la lingerie \u00e9rotique se fait chic et glamour<\/strong> pour notre plus grand plaisir.<\/p>\n<\/p>\n<h6>\n            <span style=\"color: #bf8476;\"><br \/>\n              <b>Quand f\u00e9minit\u00e9 et \u00e9rotisme s\u2019entrem\u00ealent<\/b><br \/>\n            <\/span><br \/>\n          <\/h6>\n<p>Si la femme est au c\u0153ur de notre concept store de lingerie, le couple y tient \u00e9galement une place importante. D\u00e9sormais, <strong>les accessoires \u00e9rotiques<\/strong> sont expos\u00e9s tels des objets d\u2019art sur les \u00e9talages de boutiques select. La lingerie suggestive se pare des plus belles dentelles et les ensembles en cuir souple c\u00f4toient les babydolls. Maison Close, Atelier Amour, Aubade, Dita von Teese, Bluebella, Bracli, Aubade, Marjolaine, Cervin, Catanzaro etc\u2026 en redonnant ses lettres de noblesse \u00e0 l\u2019\u00e9rotisme au travers de ses collections, <strong>Madame Sensuelle offre aux femmes les moyens de sublimer leur f\u00e9minit\u00e9et<\/strong> aux couples l\u2019occasion de renforcer leur complicit\u00e9 au travers de leurs jeux amoureux.<\/p>\n\t\t\t\t\t\t\t\t<\/div>\n\t\t\t\t<\/div>\n\t\t\t\t\t<\/div>\n\t\t<\/div>\n\t\t\t\t\t<\/div>\n\t\t<\/section>\n\t\t\t\t\t<\/div>\n\t\t<\/div>\n\t\t\t\t\t<\/div>\n\t\t<\/section>\n\t\t\t\t<section class=\"elementor-section elementor-top-section elementor-element elementor-element-5f2e0d2 elementor-section-boxed elementor-section-height-default elementor-section-height-default\" data-id=\"5f2e0d2\" data-element_type=\"section\">\n\t\t\t\t\t\t<div class=\"elementor-container elementor-column-gap-default\">\n\t\t\t\t\t<div class=\"elementor-column elementor-col-100 elementor-top-column elementor-element elementor-element-3bf5141 kt-display-default\" data-id=\"3bf5141\" data-element_type=\"column\">\n\t\t\t<div class=\"elementor-widget-wrap elementor-element-populated\">\n\t\t\t\t\t\t<div class=\"elementor-element elementor-element-ef6516d elementor-widget elementor-widget-image\" data-id=\"ef6516d\" data-element_type=\"widget\" data-widget_type=\"image.default\">\n\t\t\t\t<div class=\"elementor-widget-container\">\n\t\t\t\t\t\t\t\t\t\t\t\t\t\t\t<img decoding=\"async\" width=\"509\" height=\"106\" src=\"https:\/\/madame-sensuelle.paris\/wp-content\/uploads\/2024\/02\/logo_MadameS_none_shadow.webp\" class=\"attachment-large size-large wp-image-54244\" alt=\"\" srcset=\"https:\/\/madame-sensuelle.paris\/wp-content\/uploads\/2024\/02\/logo_MadameS_none_shadow.webp 509w, https:\/\/madame-sensuelle.paris\/wp-content\/uploads\/2024\/02\/logo_MadameS_none_shadow-100x21.webp 100w, https:\/\/madame-sensuelle.paris\/wp-content\/uploads\/2024\/02\/logo_MadameS_none_shadow-150x31.webp 150w\" sizes=\"(max-width: 509px) 100vw, 509px\" \/>\t\t\t\t\t\t\t\t\t\t\t\t\t\t\t<\/div>\n\t\t\t\t<\/div>\n\t\t\t\t\t<\/div>\n\t\t<\/div>\n\t\t\t\t\t<\/div>\n\t\t<\/section>\n\t\t\t\t<\/div>\n\t\t","protected":false},"excerpt":{"rendered":"<p>Concept Madame Sensuelle est le site de lingerie qui s\u2019adresse aux femmes souhaitant sublimer leur f\u00e9minit\u00e9. En vous proposant de la lingerie de jour comme de nuit fine et sexy, nous r\u00e9pondons \u00e0 votre envie d\u2019affirmer haut et fort votre f\u00e9minit\u00e9. Que vous optiez pour l\u2019\u00e9l\u00e9gance de la lingerie en dentelle ou que vous vous<\/p>\n","protected":false},"author":1,"featured_media":0,"parent":0,"menu_order":0,"comment_status":"closed","ping_status":"closed","template":"","meta":{"footnotes":""},"class_list":["post-54251","page","type-page","status-publish","hentry"],"yoast_head":"<!-- This site is optimized with the Yoast SEO plugin v27.4 - https:\/\/yoast.com\/product\/yoast-seo-wordpress\/ -->\n<title>Boutique de lingerie sexy de style boudoir \u2013 Madame Sensuelle - Tout nos conseils pour \u00eatre sexy et d\u00e9sir\u00e9e - Madame Sensuelle<\/title>\n<meta name=\"description\" content=\"Notre vision de la lingerie : \u00e9l\u00e9gance, f\u00e9minit\u00e9 et libert\u00e9. Plongez dans l\u2019univers Madame Sensuelle.\" \/>\n<meta name=\"robots\" content=\"index, follow, max-snippet:-1, max-image-preview:large, max-video-preview:-1\" \/>\n<link rel=\"canonical\" href=\"https:\/\/madame-sensuelle.paris\/fr\/concept\/\" \/>\n<meta property=\"og:locale\" content=\"fr_FR\" \/>\n<meta property=\"og:type\" content=\"article\" \/>\n<meta property=\"og:title\" content=\"Boutique de lingerie sexy de style boudoir \u2013 Madame Sensuelle - Tout nos conseils pour \u00eatre sexy et d\u00e9sir\u00e9e - Madame Sensuelle\" \/>\n<meta property=\"og:description\" content=\"Notre vision de la lingerie : \u00e9l\u00e9gance, f\u00e9minit\u00e9 et libert\u00e9. Plongez dans l\u2019univers Madame Sensuelle.\" \/>\n<meta property=\"og:url\" content=\"https:\/\/madame-sensuelle.paris\/fr\/concept\/\" \/>\n<meta property=\"og:site_name\" content=\"Madame Sensuelle\" \/>\n<meta property=\"article:publisher\" content=\"https:\/\/www.facebook.com\/madamesensuelle\" \/>\n<meta property=\"article:modified_time\" content=\"2025-06-16T17:30:57+00:00\" \/>\n<meta property=\"og:image\" content=\"https:\/\/madame-sensuelle.paris\/wp-content\/uploads\/2024\/02\/MG_3093.webp\" \/>\n\t<meta property=\"og:image:width\" content=\"800\" \/>\n\t<meta property=\"og:image:height\" content=\"1200\" \/>\n\t<meta property=\"og:image:type\" content=\"image\/webp\" \/>\n<meta name=\"twitter:card\" content=\"summary_large_image\" \/>\n<meta name=\"twitter:label1\" content=\"Dur\u00e9e de lecture estim\u00e9e\" \/>\n\t<meta name=\"twitter:data1\" content=\"4 minutes\" \/>\n<script type=\"application\/ld+json\" class=\"yoast-schema-graph\">{\"@context\":\"https:\\\/\\\/schema.org\",\"@graph\":[{\"@type\":\"WebPage\",\"@id\":\"https:\\\/\\\/madame-sensuelle.paris\\\/fr\\\/concept\\\/\",\"url\":\"https:\\\/\\\/madame-sensuelle.paris\\\/fr\\\/concept\\\/\",\"name\":\"Boutique de lingerie sexy de style boudoir \u2013 Madame Sensuelle - Tout nos conseils pour \u00eatre sexy et d\u00e9sir\u00e9e - Madame Sensuelle\",\"isPartOf\":{\"@id\":\"https:\\\/\\\/madame-sensuelle.paris\\\/fr\\\/#website\"},\"primaryImageOfPage\":{\"@id\":\"https:\\\/\\\/madame-sensuelle.paris\\\/fr\\\/concept\\\/#primaryimage\"},\"image\":{\"@id\":\"https:\\\/\\\/madame-sensuelle.paris\\\/fr\\\/concept\\\/#primaryimage\"},\"thumbnailUrl\":\"http:\\\/\\\/madame-sensuelle.paris\\\/wp-content\\\/uploads\\\/2024\\\/02\\\/MG_3093.webp\",\"datePublished\":\"2023-01-17T23:34:32+00:00\",\"dateModified\":\"2025-06-16T17:30:57+00:00\",\"description\":\"Notre vision de la lingerie : \u00e9l\u00e9gance, f\u00e9minit\u00e9 et libert\u00e9. Plongez dans l\u2019univers Madame Sensuelle.\",\"breadcrumb\":{\"@id\":\"https:\\\/\\\/madame-sensuelle.paris\\\/fr\\\/concept\\\/#breadcrumb\"},\"inLanguage\":\"fr-FR\",\"potentialAction\":[{\"@type\":\"ReadAction\",\"target\":[\"https:\\\/\\\/madame-sensuelle.paris\\\/fr\\\/concept\\\/\"]}]},{\"@type\":\"ImageObject\",\"inLanguage\":\"fr-FR\",\"@id\":\"https:\\\/\\\/madame-sensuelle.paris\\\/fr\\\/concept\\\/#primaryimage\",\"url\":\"http:\\\/\\\/madame-sensuelle.paris\\\/wp-content\\\/uploads\\\/2024\\\/02\\\/MG_3093.webp\",\"contentUrl\":\"http:\\\/\\\/madame-sensuelle.paris\\\/wp-content\\\/uploads\\\/2024\\\/02\\\/MG_3093.webp\"},{\"@type\":\"BreadcrumbList\",\"@id\":\"https:\\\/\\\/madame-sensuelle.paris\\\/fr\\\/concept\\\/#breadcrumb\",\"itemListElement\":[{\"@type\":\"ListItem\",\"position\":1,\"name\":\"Acceuil\",\"item\":\"https:\\\/\\\/madame-sensuelle.paris\\\/fr\\\/\"},{\"@type\":\"ListItem\",\"position\":2,\"name\":\"Boutique de lingerie sexy de style boudoir \u2013 Madame Sensuelle &#8211; Tout nos conseils pour \u00eatre sexy et d\u00e9sir\u00e9e\"}]},{\"@type\":\"WebSite\",\"@id\":\"https:\\\/\\\/madame-sensuelle.paris\\\/fr\\\/#website\",\"url\":\"https:\\\/\\\/madame-sensuelle.paris\\\/fr\\\/\",\"name\":\"MADAME SENSUELLE\",\"description\":\"MADAME SENSUELLE: Found the biggest exciting brands of chic &amp; SEXY LINGERIE in Paris Boutique and on the WEB: Aubade, Dita Von Teese, Maison Close, Marjolaine, Bluebella, Atelier Amour, Luxxa, Catanzaro, Gracija Rim. You will found the big pleasure of sexy belt or bra make for you\",\"publisher\":{\"@id\":\"https:\\\/\\\/madame-sensuelle.paris\\\/fr\\\/#organization\"},\"potentialAction\":[{\"@type\":\"SearchAction\",\"target\":{\"@type\":\"EntryPoint\",\"urlTemplate\":\"https:\\\/\\\/madame-sensuelle.paris\\\/fr\\\/?s={search_term_string}\"},\"query-input\":{\"@type\":\"PropertyValueSpecification\",\"valueRequired\":true,\"valueName\":\"search_term_string\"}}],\"inLanguage\":\"fr-FR\"},{\"@type\":\"Organization\",\"@id\":\"https:\\\/\\\/madame-sensuelle.paris\\\/fr\\\/#organization\",\"name\":\"Madame Sensuelle\",\"url\":\"https:\\\/\\\/madame-sensuelle.paris\\\/fr\\\/\",\"logo\":{\"@type\":\"ImageObject\",\"inLanguage\":\"fr-FR\",\"@id\":\"https:\\\/\\\/madame-sensuelle.paris\\\/fr\\\/#\\\/schema\\\/logo\\\/image\\\/\",\"url\":\"https:\\\/\\\/madame-sensuelle.paris\\\/wp-content\\\/uploads\\\/2024\\\/12\\\/logo_a-1-1_696.webp\",\"contentUrl\":\"https:\\\/\\\/madame-sensuelle.paris\\\/wp-content\\\/uploads\\\/2024\\\/12\\\/logo_a-1-1_696.webp\",\"width\":696,\"height\":696,\"caption\":\"Madame Sensuelle\"},\"image\":{\"@id\":\"https:\\\/\\\/madame-sensuelle.paris\\\/fr\\\/#\\\/schema\\\/logo\\\/image\\\/\"},\"sameAs\":[\"https:\\\/\\\/www.facebook.com\\\/madamesensuelle\",\"https:\\\/\\\/www.instagram.com\\\/madame_sensuelle\\\/\"]}]}<\/script>\n<!-- \/ Yoast SEO plugin. -->","yoast_head_json":{"title":"Boutique de lingerie sexy de style boudoir \u2013 Madame Sensuelle - Tout nos conseils pour \u00eatre sexy et d\u00e9sir\u00e9e - Madame Sensuelle","description":"Notre vision de la lingerie : \u00e9l\u00e9gance, f\u00e9minit\u00e9 et libert\u00e9. Plongez dans l\u2019univers Madame Sensuelle.","robots":{"index":"index","follow":"follow","max-snippet":"max-snippet:-1","max-image-preview":"max-image-preview:large","max-video-preview":"max-video-preview:-1"},"canonical":"https:\/\/madame-sensuelle.paris\/fr\/concept\/","og_locale":"fr_FR","og_type":"article","og_title":"Boutique de lingerie sexy de style boudoir \u2013 Madame Sensuelle - Tout nos conseils pour \u00eatre sexy et d\u00e9sir\u00e9e - Madame Sensuelle","og_description":"Notre vision de la lingerie : \u00e9l\u00e9gance, f\u00e9minit\u00e9 et libert\u00e9. Plongez dans l\u2019univers Madame Sensuelle.","og_url":"https:\/\/madame-sensuelle.paris\/fr\/concept\/","og_site_name":"Madame Sensuelle","article_publisher":"https:\/\/www.facebook.com\/madamesensuelle","article_modified_time":"2025-06-16T17:30:57+00:00","og_image":[{"width":800,"height":1200,"url":"https:\/\/madame-sensuelle.paris\/wp-content\/uploads\/2024\/02\/MG_3093.webp","type":"image\/webp"}],"twitter_card":"summary_large_image","twitter_misc":{"Dur\u00e9e de lecture estim\u00e9e":"4 minutes"},"schema":{"@context":"https:\/\/schema.org","@graph":[{"@type":"WebPage","@id":"https:\/\/madame-sensuelle.paris\/fr\/concept\/","url":"https:\/\/madame-sensuelle.paris\/fr\/concept\/","name":"Boutique de lingerie sexy de style boudoir \u2013 Madame Sensuelle - Tout nos conseils pour \u00eatre sexy et d\u00e9sir\u00e9e - Madame Sensuelle","isPartOf":{"@id":"https:\/\/madame-sensuelle.paris\/fr\/#website"},"primaryImageOfPage":{"@id":"https:\/\/madame-sensuelle.paris\/fr\/concept\/#primaryimage"},"image":{"@id":"https:\/\/madame-sensuelle.paris\/fr\/concept\/#primaryimage"},"thumbnailUrl":"http:\/\/madame-sensuelle.paris\/wp-content\/uploads\/2024\/02\/MG_3093.webp","datePublished":"2023-01-17T23:34:32+00:00","dateModified":"2025-06-16T17:30:57+00:00","description":"Notre vision de la lingerie : \u00e9l\u00e9gance, f\u00e9minit\u00e9 et libert\u00e9. Plongez dans l\u2019univers Madame Sensuelle.","breadcrumb":{"@id":"https:\/\/madame-sensuelle.paris\/fr\/concept\/#breadcrumb"},"inLanguage":"fr-FR","potentialAction":[{"@type":"ReadAction","target":["https:\/\/madame-sensuelle.paris\/fr\/concept\/"]}]},{"@type":"ImageObject","inLanguage":"fr-FR","@id":"https:\/\/madame-sensuelle.paris\/fr\/concept\/#primaryimage","url":"http:\/\/madame-sensuelle.paris\/wp-content\/uploads\/2024\/02\/MG_3093.webp","contentUrl":"http:\/\/madame-sensuelle.paris\/wp-content\/uploads\/2024\/02\/MG_3093.webp"},{"@type":"BreadcrumbList","@id":"https:\/\/madame-sensuelle.paris\/fr\/concept\/#breadcrumb","itemListElement":[{"@type":"ListItem","position":1,"name":"Acceuil","item":"https:\/\/madame-sensuelle.paris\/fr\/"},{"@type":"ListItem","position":2,"name":"Boutique de lingerie sexy de style boudoir \u2013 Madame Sensuelle &#8211; Tout nos conseils pour \u00eatre sexy et d\u00e9sir\u00e9e"}]},{"@type":"WebSite","@id":"https:\/\/madame-sensuelle.paris\/fr\/#website","url":"https:\/\/madame-sensuelle.paris\/fr\/","name":"MADAME SENSUELLE","description":"MADAME SENSUELLE: Found the biggest exciting brands of chic &amp; SEXY LINGERIE in Paris Boutique and on the WEB: Aubade, Dita Von Teese, Maison Close, Marjolaine, Bluebella, Atelier Amour, Luxxa, Catanzaro, Gracija Rim. You will found the big pleasure of sexy belt or bra make for you","publisher":{"@id":"https:\/\/madame-sensuelle.paris\/fr\/#organization"},"potentialAction":[{"@type":"SearchAction","target":{"@type":"EntryPoint","urlTemplate":"https:\/\/madame-sensuelle.paris\/fr\/?s={search_term_string}"},"query-input":{"@type":"PropertyValueSpecification","valueRequired":true,"valueName":"search_term_string"}}],"inLanguage":"fr-FR"},{"@type":"Organization","@id":"https:\/\/madame-sensuelle.paris\/fr\/#organization","name":"Madame Sensuelle","url":"https:\/\/madame-sensuelle.paris\/fr\/","logo":{"@type":"ImageObject","inLanguage":"fr-FR","@id":"https:\/\/madame-sensuelle.paris\/fr\/#\/schema\/logo\/image\/","url":"https:\/\/madame-sensuelle.paris\/wp-content\/uploads\/2024\/12\/logo_a-1-1_696.webp","contentUrl":"https:\/\/madame-sensuelle.paris\/wp-content\/uploads\/2024\/12\/logo_a-1-1_696.webp","width":696,"height":696,"caption":"Madame Sensuelle"},"image":{"@id":"https:\/\/madame-sensuelle.paris\/fr\/#\/schema\/logo\/image\/"},"sameAs":["https:\/\/www.facebook.com\/madamesensuelle","https:\/\/www.instagram.com\/madame_sensuelle\/"]}]}},"_links":{"self":[{"href":"https:\/\/madame-sensuelle.paris\/fr\/wp-json\/wp\/v2\/pages\/54251","targetHints":{"allow":["GET"]}}],"collection":[{"href":"https:\/\/madame-sensuelle.paris\/fr\/wp-json\/wp\/v2\/pages"}],"about":[{"href":"https:\/\/madame-sensuelle.paris\/fr\/wp-json\/wp\/v2\/types\/page"}],"author":[{"embeddable":true,"href":"https:\/\/madame-sensuelle.paris\/fr\/wp-json\/wp\/v2\/users\/1"}],"replies":[{"embeddable":true,"href":"https:\/\/madame-sensuelle.paris\/fr\/wp-json\/wp\/v2\/comments?post=54251"}],"version-history":[{"count":1,"href":"https:\/\/madame-sensuelle.paris\/fr\/wp-json\/wp\/v2\/pages\/54251\/revisions"}],"predecessor-version":[{"id":120440,"href":"https:\/\/madame-sensuelle.paris\/fr\/wp-json\/wp\/v2\/pages\/54251\/revisions\/120440"}],"wp:attachment":[{"href":"https:\/\/madame-sensuelle.paris\/fr\/wp-json\/wp\/v2\/media?parent=54251"}],"curies":[{"name":"wp","href":"https:\/\/api.w.org\/{rel}","templated":true}]}}