{"id":102376,"date":"2024-05-18T11:13:40","date_gmt":"2024-05-18T11:13:40","guid":{"rendered":"https:\/\/madame-sensuelle.eu\/product\/veste-femme-en-velours-avec-broderie-playboy-sur-le-dos-burgundy\/"},"modified":"2026-03-30T13:28:19","modified_gmt":"2026-03-30T13:28:19","slug":"veste-femme-en-velours-avec-broderie-playboy-sur-le-dos-burgundy","status":"publish","type":"product","link":"https:\/\/madame-sensuelle.paris\/fr\/product\/veste-femme-en-velours-avec-broderie-playboy-sur-le-dos-burgundy\/","title":{"rendered":"Veste femme en velours avec broderie Playboy sur le dos &#8211; Burgundy"},"content":{"rendered":"<p>Veste de smoking pour femme. Elle est en velours avec un col et le bas des manches en satin, elle se ferme en bas de la poitrine ce qui ferra un jolie d\u00e9colleter plongeant si vous ne mettez rien en dessous. A l&#8217;arri\u00e8re on retrouve le lapin du logo playboy. Un col chemise et un n\u0153ud en satin compl\u00e8te le look.<\/p>\n","protected":false},"excerpt":{"rendered":"<p>Veste femme en velours avec broderie Playboy sur le dos &#8211; Burgundy<\/p>\n","protected":false},"featured_media":103514,"template":"","meta":[],"pwb-brand":[3497],"product_brand":[],"product_cat":[3520,1239,1237],"product_tag":[],"giftcard-category":[],"class_list":{"0":"post-102376","1":"product","2":"type-product","3":"status-publish","4":"has-post-thumbnail","6":"pwb-brand-playboy","7":"product_cat-deguisement-sexy","8":"product_cat-longewear","9":"product_cat-top-et-vestes","11":"first","12":"instock","13":"taxable","14":"shipping-taxable","15":"purchasable","16":"product-type-variable","17":"has-default-attributes"},"yoast_head":"<!-- This site is optimized with the Yoast SEO plugin v27.3 - https:\/\/yoast.com\/product\/yoast-seo-wordpress\/ -->\n<title>Veste femme en velours avec broderie Playboy sur le dos - Burgundy<\/title>\n<meta name=\"description\" content=\"Veste de smoking pour femme. Elle est en velours avec un col et le bas des manches en satin, elle se ferme en bas de la poitrine ce qui ferra un jolie d\u00e9colleter plongeant si vous ne mettez rien en dessous. A l&#039;arri\u00e8re on retrouve le lapin du logo playboy. Un col chemise et un n\u0153ud en satin compl\u00e8te le look.\u00a0\" \/>\n<meta name=\"robots\" content=\"index, follow, max-snippet:-1, max-image-preview:large, max-video-preview:-1\" \/>\n<link rel=\"canonical\" href=\"https:\/\/madame-sensuelle.paris\/fr\/product\/veste-femme-en-velours-avec-broderie-playboy-sur-le-dos-burgundy\/\" \/>\n<meta property=\"og:locale\" content=\"fr_FR\" \/>\n<meta property=\"og:type\" content=\"article\" \/>\n<meta property=\"og:title\" content=\"Veste femme en velours avec broderie Playboy sur le dos - Burgundy\" \/>\n<meta property=\"og:description\" content=\"Veste de smoking pour femme. Elle est en velours avec un col et le bas des manches en satin, elle se ferme en bas de la poitrine ce qui ferra un jolie d\u00e9colleter plongeant si vous ne mettez rien en dessous. A l&#039;arri\u00e8re on retrouve le lapin du logo playboy. Un col chemise et un n\u0153ud en satin compl\u00e8te le look.\u00a0\" \/>\n<meta property=\"og:url\" content=\"https:\/\/madame-sensuelle.paris\/fr\/product\/veste-femme-en-velours-avec-broderie-playboy-sur-le-dos-burgundy\/\" \/>\n<meta property=\"og:site_name\" content=\"Madame Sensuelle\" \/>\n<meta property=\"article:publisher\" content=\"https:\/\/www.facebook.com\/madamesensuelle\" \/>\n<meta property=\"article:modified_time\" content=\"2026-03-30T13:28:19+00:00\" \/>\n<meta property=\"og:image\" content=\"http:\/\/madame-sensuelle.paris\/wp-content\/uploads\/2024\/06\/XSHD1TJ6418.webp\" \/>\n\t<meta property=\"og:image:width\" content=\"985\" \/>\n\t<meta property=\"og:image:height\" content=\"1800\" \/>\n\t<meta property=\"og:image:type\" content=\"image\/webp\" \/>\n<meta name=\"twitter:card\" content=\"summary_large_image\" \/>\n<meta name=\"twitter:label1\" content=\"Dur\u00e9e de lecture estim\u00e9e\" \/>\n\t<meta name=\"twitter:data1\" content=\"1 minute\" \/>\n<script type=\"application\/ld+json\" class=\"yoast-schema-graph\">{\"@context\":\"https:\\\/\\\/schema.org\",\"@graph\":[{\"@type\":\"WebPage\",\"@id\":\"https:\\\/\\\/madame-sensuelle.paris\\\/fr\\\/product\\\/veste-femme-en-velours-avec-broderie-playboy-sur-le-dos-burgundy\\\/\",\"url\":\"https:\\\/\\\/madame-sensuelle.paris\\\/fr\\\/product\\\/veste-femme-en-velours-avec-broderie-playboy-sur-le-dos-burgundy\\\/\",\"name\":\"Veste femme en velours avec broderie Playboy sur le dos - Burgundy\",\"isPartOf\":{\"@id\":\"https:\\\/\\\/madame-sensuelle.paris\\\/fr\\\/#website\"},\"primaryImageOfPage\":{\"@id\":\"https:\\\/\\\/madame-sensuelle.paris\\\/fr\\\/product\\\/veste-femme-en-velours-avec-broderie-playboy-sur-le-dos-burgundy\\\/#primaryimage\"},\"image\":{\"@id\":\"https:\\\/\\\/madame-sensuelle.paris\\\/fr\\\/product\\\/veste-femme-en-velours-avec-broderie-playboy-sur-le-dos-burgundy\\\/#primaryimage\"},\"thumbnailUrl\":\"https:\\\/\\\/madame-sensuelle.paris\\\/wp-content\\\/uploads\\\/2024\\\/06\\\/XSHD1TJ6418.webp\",\"datePublished\":\"2024-05-18T11:13:40+00:00\",\"dateModified\":\"2026-03-30T13:28:19+00:00\",\"description\":\"Veste de smoking pour femme. Elle est en velours avec un col et le bas des manches en satin, elle se ferme en bas de la poitrine ce qui ferra un jolie d\u00e9colleter plongeant si vous ne mettez rien en dessous. A l'arri\u00e8re on retrouve le lapin du logo playboy. Un col chemise et un n\u0153ud en satin compl\u00e8te le look.\u00a0\",\"breadcrumb\":{\"@id\":\"https:\\\/\\\/madame-sensuelle.paris\\\/fr\\\/product\\\/veste-femme-en-velours-avec-broderie-playboy-sur-le-dos-burgundy\\\/#breadcrumb\"},\"inLanguage\":\"fr-FR\",\"potentialAction\":[{\"@type\":\"ReadAction\",\"target\":[\"https:\\\/\\\/madame-sensuelle.paris\\\/fr\\\/product\\\/veste-femme-en-velours-avec-broderie-playboy-sur-le-dos-burgundy\\\/\"]}]},{\"@type\":\"ImageObject\",\"inLanguage\":\"fr-FR\",\"@id\":\"https:\\\/\\\/madame-sensuelle.paris\\\/fr\\\/product\\\/veste-femme-en-velours-avec-broderie-playboy-sur-le-dos-burgundy\\\/#primaryimage\",\"url\":\"https:\\\/\\\/madame-sensuelle.paris\\\/wp-content\\\/uploads\\\/2024\\\/06\\\/XSHD1TJ6418.webp\",\"contentUrl\":\"https:\\\/\\\/madame-sensuelle.paris\\\/wp-content\\\/uploads\\\/2024\\\/06\\\/XSHD1TJ6418.webp\",\"width\":985,\"height\":1800},{\"@type\":\"BreadcrumbList\",\"@id\":\"https:\\\/\\\/madame-sensuelle.paris\\\/fr\\\/product\\\/veste-femme-en-velours-avec-broderie-playboy-sur-le-dos-burgundy\\\/#breadcrumb\",\"itemListElement\":[{\"@type\":\"ListItem\",\"position\":1,\"name\":\"Acceuil\",\"item\":\"https:\\\/\\\/madame-sensuelle.paris\\\/fr\\\/\"},{\"@type\":\"ListItem\",\"position\":2,\"name\":\"Catalogue\",\"item\":\"https:\\\/\\\/madame-sensuelle.paris\\\/fr\\\/catalogue\\\/\"},{\"@type\":\"ListItem\",\"position\":3,\"name\":\"PLAYBOY\",\"item\":\"https:\\\/\\\/madame-sensuelle.paris\\\/fr\\\/brand\\\/playboy\\\/\"},{\"@type\":\"ListItem\",\"position\":4,\"name\":\"Veste femme en velours avec broderie Playboy sur le dos &#8211; Burgundy\"}]},{\"@type\":\"WebSite\",\"@id\":\"https:\\\/\\\/madame-sensuelle.paris\\\/fr\\\/#website\",\"url\":\"https:\\\/\\\/madame-sensuelle.paris\\\/fr\\\/\",\"name\":\"MADAME SENSUELLE\",\"description\":\"MADAME SENSUELLE: Found the biggest exciting brands of chic &amp; SEXY LINGERIE in Paris Boutique and on the WEB: Aubade, Dita Von Teese, Maison Close, Marjolaine, Bluebella, Atelier Amour, Luxxa, Catanzaro, Gracija Rim. You will found the big pleasure of sexy belt or bra make for you\",\"publisher\":{\"@id\":\"https:\\\/\\\/madame-sensuelle.paris\\\/fr\\\/#organization\"},\"potentialAction\":[{\"@type\":\"SearchAction\",\"target\":{\"@type\":\"EntryPoint\",\"urlTemplate\":\"https:\\\/\\\/madame-sensuelle.paris\\\/fr\\\/?s={search_term_string}\"},\"query-input\":{\"@type\":\"PropertyValueSpecification\",\"valueRequired\":true,\"valueName\":\"search_term_string\"}}],\"inLanguage\":\"fr-FR\"},{\"@type\":\"Organization\",\"@id\":\"https:\\\/\\\/madame-sensuelle.paris\\\/fr\\\/#organization\",\"name\":\"Madame Sensuelle\",\"url\":\"https:\\\/\\\/madame-sensuelle.paris\\\/fr\\\/\",\"logo\":{\"@type\":\"ImageObject\",\"inLanguage\":\"fr-FR\",\"@id\":\"https:\\\/\\\/madame-sensuelle.paris\\\/fr\\\/#\\\/schema\\\/logo\\\/image\\\/\",\"url\":\"https:\\\/\\\/madame-sensuelle.paris\\\/wp-content\\\/uploads\\\/2024\\\/12\\\/logo_a-1-1_696.webp\",\"contentUrl\":\"https:\\\/\\\/madame-sensuelle.paris\\\/wp-content\\\/uploads\\\/2024\\\/12\\\/logo_a-1-1_696.webp\",\"width\":696,\"height\":696,\"caption\":\"Madame Sensuelle\"},\"image\":{\"@id\":\"https:\\\/\\\/madame-sensuelle.paris\\\/fr\\\/#\\\/schema\\\/logo\\\/image\\\/\"},\"sameAs\":[\"https:\\\/\\\/www.facebook.com\\\/madamesensuelle\",\"https:\\\/\\\/www.instagram.com\\\/madame_sensuelle\\\/\"]}]}<\/script>\n<!-- \/ Yoast SEO plugin. -->","yoast_head_json":{"title":"Veste femme en velours avec broderie Playboy sur le dos - Burgundy","description":"Veste de smoking pour femme. Elle est en velours avec un col et le bas des manches en satin, elle se ferme en bas de la poitrine ce qui ferra un jolie d\u00e9colleter plongeant si vous ne mettez rien en dessous. A l'arri\u00e8re on retrouve le lapin du logo playboy. Un col chemise et un n\u0153ud en satin compl\u00e8te le look.\u00a0","robots":{"index":"index","follow":"follow","max-snippet":"max-snippet:-1","max-image-preview":"max-image-preview:large","max-video-preview":"max-video-preview:-1"},"canonical":"https:\/\/madame-sensuelle.paris\/fr\/product\/veste-femme-en-velours-avec-broderie-playboy-sur-le-dos-burgundy\/","og_locale":"fr_FR","og_type":"article","og_title":"Veste femme en velours avec broderie Playboy sur le dos - Burgundy","og_description":"Veste de smoking pour femme. Elle est en velours avec un col et le bas des manches en satin, elle se ferme en bas de la poitrine ce qui ferra un jolie d\u00e9colleter plongeant si vous ne mettez rien en dessous. A l'arri\u00e8re on retrouve le lapin du logo playboy. Un col chemise et un n\u0153ud en satin compl\u00e8te le look.\u00a0","og_url":"https:\/\/madame-sensuelle.paris\/fr\/product\/veste-femme-en-velours-avec-broderie-playboy-sur-le-dos-burgundy\/","og_site_name":"Madame Sensuelle","article_publisher":"https:\/\/www.facebook.com\/madamesensuelle","article_modified_time":"2026-03-30T13:28:19+00:00","og_image":[{"width":985,"height":1800,"url":"http:\/\/madame-sensuelle.paris\/wp-content\/uploads\/2024\/06\/XSHD1TJ6418.webp","type":"image\/webp"}],"twitter_card":"summary_large_image","twitter_misc":{"Dur\u00e9e de lecture estim\u00e9e":"1 minute"},"schema":{"@context":"https:\/\/schema.org","@graph":[{"@type":"WebPage","@id":"https:\/\/madame-sensuelle.paris\/fr\/product\/veste-femme-en-velours-avec-broderie-playboy-sur-le-dos-burgundy\/","url":"https:\/\/madame-sensuelle.paris\/fr\/product\/veste-femme-en-velours-avec-broderie-playboy-sur-le-dos-burgundy\/","name":"Veste femme en velours avec broderie Playboy sur le dos - Burgundy","isPartOf":{"@id":"https:\/\/madame-sensuelle.paris\/fr\/#website"},"primaryImageOfPage":{"@id":"https:\/\/madame-sensuelle.paris\/fr\/product\/veste-femme-en-velours-avec-broderie-playboy-sur-le-dos-burgundy\/#primaryimage"},"image":{"@id":"https:\/\/madame-sensuelle.paris\/fr\/product\/veste-femme-en-velours-avec-broderie-playboy-sur-le-dos-burgundy\/#primaryimage"},"thumbnailUrl":"https:\/\/madame-sensuelle.paris\/wp-content\/uploads\/2024\/06\/XSHD1TJ6418.webp","datePublished":"2024-05-18T11:13:40+00:00","dateModified":"2026-03-30T13:28:19+00:00","description":"Veste de smoking pour femme. Elle est en velours avec un col et le bas des manches en satin, elle se ferme en bas de la poitrine ce qui ferra un jolie d\u00e9colleter plongeant si vous ne mettez rien en dessous. A l'arri\u00e8re on retrouve le lapin du logo playboy. Un col chemise et un n\u0153ud en satin compl\u00e8te le look.\u00a0","breadcrumb":{"@id":"https:\/\/madame-sensuelle.paris\/fr\/product\/veste-femme-en-velours-avec-broderie-playboy-sur-le-dos-burgundy\/#breadcrumb"},"inLanguage":"fr-FR","potentialAction":[{"@type":"ReadAction","target":["https:\/\/madame-sensuelle.paris\/fr\/product\/veste-femme-en-velours-avec-broderie-playboy-sur-le-dos-burgundy\/"]}]},{"@type":"ImageObject","inLanguage":"fr-FR","@id":"https:\/\/madame-sensuelle.paris\/fr\/product\/veste-femme-en-velours-avec-broderie-playboy-sur-le-dos-burgundy\/#primaryimage","url":"https:\/\/madame-sensuelle.paris\/wp-content\/uploads\/2024\/06\/XSHD1TJ6418.webp","contentUrl":"https:\/\/madame-sensuelle.paris\/wp-content\/uploads\/2024\/06\/XSHD1TJ6418.webp","width":985,"height":1800},{"@type":"BreadcrumbList","@id":"https:\/\/madame-sensuelle.paris\/fr\/product\/veste-femme-en-velours-avec-broderie-playboy-sur-le-dos-burgundy\/#breadcrumb","itemListElement":[{"@type":"ListItem","position":1,"name":"Acceuil","item":"https:\/\/madame-sensuelle.paris\/fr\/"},{"@type":"ListItem","position":2,"name":"Catalogue","item":"https:\/\/madame-sensuelle.paris\/fr\/catalogue\/"},{"@type":"ListItem","position":3,"name":"PLAYBOY","item":"https:\/\/madame-sensuelle.paris\/fr\/brand\/playboy\/"},{"@type":"ListItem","position":4,"name":"Veste femme en velours avec broderie Playboy sur le dos &#8211; Burgundy"}]},{"@type":"WebSite","@id":"https:\/\/madame-sensuelle.paris\/fr\/#website","url":"https:\/\/madame-sensuelle.paris\/fr\/","name":"MADAME SENSUELLE","description":"MADAME SENSUELLE: Found the biggest exciting brands of chic &amp; SEXY LINGERIE in Paris Boutique and on the WEB: Aubade, Dita Von Teese, Maison Close, Marjolaine, Bluebella, Atelier Amour, Luxxa, Catanzaro, Gracija Rim. You will found the big pleasure of sexy belt or bra make for you","publisher":{"@id":"https:\/\/madame-sensuelle.paris\/fr\/#organization"},"potentialAction":[{"@type":"SearchAction","target":{"@type":"EntryPoint","urlTemplate":"https:\/\/madame-sensuelle.paris\/fr\/?s={search_term_string}"},"query-input":{"@type":"PropertyValueSpecification","valueRequired":true,"valueName":"search_term_string"}}],"inLanguage":"fr-FR"},{"@type":"Organization","@id":"https:\/\/madame-sensuelle.paris\/fr\/#organization","name":"Madame Sensuelle","url":"https:\/\/madame-sensuelle.paris\/fr\/","logo":{"@type":"ImageObject","inLanguage":"fr-FR","@id":"https:\/\/madame-sensuelle.paris\/fr\/#\/schema\/logo\/image\/","url":"https:\/\/madame-sensuelle.paris\/wp-content\/uploads\/2024\/12\/logo_a-1-1_696.webp","contentUrl":"https:\/\/madame-sensuelle.paris\/wp-content\/uploads\/2024\/12\/logo_a-1-1_696.webp","width":696,"height":696,"caption":"Madame Sensuelle"},"image":{"@id":"https:\/\/madame-sensuelle.paris\/fr\/#\/schema\/logo\/image\/"},"sameAs":["https:\/\/www.facebook.com\/madamesensuelle","https:\/\/www.instagram.com\/madame_sensuelle\/"]}]}},"brands":[{"id":3497,"name":"PLAYBOY","slug":"playboy"}],"_links":{"self":[{"href":"https:\/\/madame-sensuelle.paris\/fr\/wp-json\/wp\/v2\/product\/102376","targetHints":{"allow":["GET"]}}],"collection":[{"href":"https:\/\/madame-sensuelle.paris\/fr\/wp-json\/wp\/v2\/product"}],"about":[{"href":"https:\/\/madame-sensuelle.paris\/fr\/wp-json\/wp\/v2\/types\/product"}],"version-history":[{"count":1,"href":"https:\/\/madame-sensuelle.paris\/fr\/wp-json\/wp\/v2\/product\/102376\/revisions"}],"predecessor-version":[{"id":110863,"href":"https:\/\/madame-sensuelle.paris\/fr\/wp-json\/wp\/v2\/product\/102376\/revisions\/110863"}],"wp:featuredmedia":[{"embeddable":true,"href":"https:\/\/madame-sensuelle.paris\/fr\/wp-json\/wp\/v2\/media\/103514"}],"wp:attachment":[{"href":"https:\/\/madame-sensuelle.paris\/fr\/wp-json\/wp\/v2\/media?parent=102376"}],"wp:term":[{"taxonomy":"pwb-brand","embeddable":true,"href":"https:\/\/madame-sensuelle.paris\/fr\/wp-json\/wp\/v2\/pwb-brand?post=102376"},{"taxonomy":"product_brand","embeddable":true,"href":"https:\/\/madame-sensuelle.paris\/fr\/wp-json\/wp\/v2\/product_brand?post=102376"},{"taxonomy":"product_cat","embeddable":true,"href":"https:\/\/madame-sensuelle.paris\/fr\/wp-json\/wp\/v2\/product_cat?post=102376"},{"taxonomy":"product_tag","embeddable":true,"href":"https:\/\/madame-sensuelle.paris\/fr\/wp-json\/wp\/v2\/product_tag?post=102376"},{"taxonomy":"giftcard-category","embeddable":true,"href":"https:\/\/madame-sensuelle.paris\/fr\/wp-json\/wp\/v2\/giftcard-category?post=102376"}],"curies":[{"name":"wp","href":"https:\/\/api.w.org\/{rel}","templated":true}]}}