{"id":102382,"date":"2024-05-18T11:19:51","date_gmt":"2024-05-18T11:19:51","guid":{"rendered":"https:\/\/madame-sensuelle.eu\/product\/tenue-playboy-bunny-classic-corset-et-oreilles-de-lapin-8-pieces\/"},"modified":"2026-03-30T05:59:56","modified_gmt":"2026-03-30T05:59:56","slug":"tenue-playboy-bunny-classic-corset-et-oreilles-de-lapin-8-pieces","status":"publish","type":"product","link":"https:\/\/madame-sensuelle.paris\/fr\/product\/tenue-playboy-bunny-classic-corset-et-oreilles-de-lapin-8-pieces\/","title":{"rendered":"Tenue Playboy Bunny Classic corset et oreilles de lapin &#8211; 8 pi\u00e8ces"},"content":{"rendered":"<p>Tenue lapin playboy. Le set comprend un body corset a glissi\u00e8re, un ruban avec le logo playboy a attacher, des manchettes avec des boutons, un col de chemise accompagner de son n\u0153ud papillon, un pompon pour faire la queue du lapin a accrocher avec une \u00e9pingle a nourrisse et des grandes oreilles de lapin que vous pouvez pliez. Le mod\u00e8le existe en trois coloris: rose, noir et blanc.<\/p>\n","protected":false},"excerpt":{"rendered":"<p>Tenue Playboy Bunny Classic corset et oreilles de lapin &#8211; 8 pi\u00e8ces<\/p>\n","protected":false},"featured_media":102400,"template":"","meta":[],"pwb-brand":[3497],"product_brand":[],"product_cat":[3520],"product_tag":[],"giftcard-category":[],"class_list":{"0":"post-102382","1":"product","2":"type-product","3":"status-publish","4":"has-post-thumbnail","6":"pwb-brand-playboy","7":"product_cat-deguisement-sexy","9":"first","10":"instock","11":"taxable","12":"shipping-taxable","13":"purchasable","14":"product-type-variable"},"yoast_head":"<!-- This site is optimized with the Yoast SEO plugin v27.3 - https:\/\/yoast.com\/product\/yoast-seo-wordpress\/ -->\n<title>Tenue Playboy Bunny Classic corset et oreilles de lapin - 8 pi\u00e8ces<\/title>\n<meta name=\"description\" content=\"Tenue lapin playboy. Le set comprend un body corset a glissi\u00e8re, un ruban avec le logo playboy a attacher, des manchettes avec des boutons, un col de chemise accompagner de son n\u0153ud papillon, un pompon pour faire la queue du lapin a accrocher avec une \u00e9pingle a nourrisse et des grandes oreilles de lapin que vous pouvez pliez. Le mod\u00e8le existe en trois coloris: rose, noir et blanc.\" \/>\n<meta name=\"robots\" content=\"index, follow, max-snippet:-1, max-image-preview:large, max-video-preview:-1\" \/>\n<link rel=\"canonical\" href=\"https:\/\/madame-sensuelle.paris\/fr\/product\/tenue-playboy-bunny-classic-corset-et-oreilles-de-lapin-8-pieces\/\" \/>\n<meta property=\"og:locale\" content=\"fr_FR\" \/>\n<meta property=\"og:type\" content=\"article\" \/>\n<meta property=\"og:title\" content=\"Tenue Playboy Bunny Classic corset et oreilles de lapin - 8 pi\u00e8ces\" \/>\n<meta property=\"og:description\" content=\"Tenue lapin playboy. Le set comprend un body corset a glissi\u00e8re, un ruban avec le logo playboy a attacher, des manchettes avec des boutons, un col de chemise accompagner de son n\u0153ud papillon, un pompon pour faire la queue du lapin a accrocher avec une \u00e9pingle a nourrisse et des grandes oreilles de lapin que vous pouvez pliez. Le mod\u00e8le existe en trois coloris: rose, noir et blanc.\" \/>\n<meta property=\"og:url\" content=\"https:\/\/madame-sensuelle.paris\/fr\/product\/tenue-playboy-bunny-classic-corset-et-oreilles-de-lapin-8-pieces\/\" \/>\n<meta property=\"og:site_name\" content=\"Madame Sensuelle\" \/>\n<meta property=\"article:publisher\" content=\"https:\/\/www.facebook.com\/madamesensuelle\" \/>\n<meta property=\"article:modified_time\" content=\"2026-03-30T05:59:56+00:00\" \/>\n<meta property=\"og:image\" content=\"http:\/\/madame-sensuelle.paris\/wp-content\/uploads\/2024\/05\/XSHD1TJ6420-1.webp\" \/>\n\t<meta property=\"og:image:width\" content=\"1079\" \/>\n\t<meta property=\"og:image:height\" content=\"1800\" \/>\n\t<meta property=\"og:image:type\" content=\"image\/webp\" \/>\n<meta name=\"twitter:card\" content=\"summary_large_image\" \/>\n<meta name=\"twitter:label1\" content=\"Dur\u00e9e de lecture estim\u00e9e\" \/>\n\t<meta name=\"twitter:data1\" content=\"2 minutes\" \/>\n<script type=\"application\/ld+json\" class=\"yoast-schema-graph\">{\"@context\":\"https:\\\/\\\/schema.org\",\"@graph\":[{\"@type\":\"WebPage\",\"@id\":\"https:\\\/\\\/madame-sensuelle.paris\\\/fr\\\/product\\\/tenue-playboy-bunny-classic-corset-et-oreilles-de-lapin-8-pieces\\\/\",\"url\":\"https:\\\/\\\/madame-sensuelle.paris\\\/fr\\\/product\\\/tenue-playboy-bunny-classic-corset-et-oreilles-de-lapin-8-pieces\\\/\",\"name\":\"Tenue Playboy Bunny Classic corset et oreilles de lapin - 8 pi\u00e8ces\",\"isPartOf\":{\"@id\":\"https:\\\/\\\/madame-sensuelle.paris\\\/fr\\\/#website\"},\"primaryImageOfPage\":{\"@id\":\"https:\\\/\\\/madame-sensuelle.paris\\\/fr\\\/product\\\/tenue-playboy-bunny-classic-corset-et-oreilles-de-lapin-8-pieces\\\/#primaryimage\"},\"image\":{\"@id\":\"https:\\\/\\\/madame-sensuelle.paris\\\/fr\\\/product\\\/tenue-playboy-bunny-classic-corset-et-oreilles-de-lapin-8-pieces\\\/#primaryimage\"},\"thumbnailUrl\":\"https:\\\/\\\/madame-sensuelle.paris\\\/wp-content\\\/uploads\\\/2024\\\/05\\\/XSHD1TJ6420-1.webp\",\"datePublished\":\"2024-05-18T11:19:51+00:00\",\"dateModified\":\"2026-03-30T05:59:56+00:00\",\"description\":\"Tenue lapin playboy. Le set comprend un body corset a glissi\u00e8re, un ruban avec le logo playboy a attacher, des manchettes avec des boutons, un col de chemise accompagner de son n\u0153ud papillon, un pompon pour faire la queue du lapin a accrocher avec une \u00e9pingle a nourrisse et des grandes oreilles de lapin que vous pouvez pliez. Le mod\u00e8le existe en trois coloris: rose, noir et blanc.\",\"breadcrumb\":{\"@id\":\"https:\\\/\\\/madame-sensuelle.paris\\\/fr\\\/product\\\/tenue-playboy-bunny-classic-corset-et-oreilles-de-lapin-8-pieces\\\/#breadcrumb\"},\"inLanguage\":\"fr-FR\",\"potentialAction\":[{\"@type\":\"ReadAction\",\"target\":[\"https:\\\/\\\/madame-sensuelle.paris\\\/fr\\\/product\\\/tenue-playboy-bunny-classic-corset-et-oreilles-de-lapin-8-pieces\\\/\"]}]},{\"@type\":\"ImageObject\",\"inLanguage\":\"fr-FR\",\"@id\":\"https:\\\/\\\/madame-sensuelle.paris\\\/fr\\\/product\\\/tenue-playboy-bunny-classic-corset-et-oreilles-de-lapin-8-pieces\\\/#primaryimage\",\"url\":\"https:\\\/\\\/madame-sensuelle.paris\\\/wp-content\\\/uploads\\\/2024\\\/05\\\/XSHD1TJ6420-1.webp\",\"contentUrl\":\"https:\\\/\\\/madame-sensuelle.paris\\\/wp-content\\\/uploads\\\/2024\\\/05\\\/XSHD1TJ6420-1.webp\",\"width\":1079,\"height\":1800},{\"@type\":\"BreadcrumbList\",\"@id\":\"https:\\\/\\\/madame-sensuelle.paris\\\/fr\\\/product\\\/tenue-playboy-bunny-classic-corset-et-oreilles-de-lapin-8-pieces\\\/#breadcrumb\",\"itemListElement\":[{\"@type\":\"ListItem\",\"position\":1,\"name\":\"Acceuil\",\"item\":\"https:\\\/\\\/madame-sensuelle.paris\\\/fr\\\/\"},{\"@type\":\"ListItem\",\"position\":2,\"name\":\"Catalogue\",\"item\":\"https:\\\/\\\/madame-sensuelle.paris\\\/fr\\\/catalogue\\\/\"},{\"@type\":\"ListItem\",\"position\":3,\"name\":\"PLAYBOY\",\"item\":\"https:\\\/\\\/madame-sensuelle.paris\\\/fr\\\/brand\\\/playboy\\\/\"},{\"@type\":\"ListItem\",\"position\":4,\"name\":\"Tenue Playboy Bunny Classic corset et oreilles de lapin &#8211; 8 pi\u00e8ces\"}]},{\"@type\":\"WebSite\",\"@id\":\"https:\\\/\\\/madame-sensuelle.paris\\\/fr\\\/#website\",\"url\":\"https:\\\/\\\/madame-sensuelle.paris\\\/fr\\\/\",\"name\":\"MADAME SENSUELLE\",\"description\":\"MADAME SENSUELLE: Found the biggest exciting brands of chic &amp; SEXY LINGERIE in Paris Boutique and on the WEB: Aubade, Dita Von Teese, Maison Close, Marjolaine, Bluebella, Atelier Amour, Luxxa, Catanzaro, Gracija Rim. You will found the big pleasure of sexy belt or bra make for you\",\"publisher\":{\"@id\":\"https:\\\/\\\/madame-sensuelle.paris\\\/fr\\\/#organization\"},\"potentialAction\":[{\"@type\":\"SearchAction\",\"target\":{\"@type\":\"EntryPoint\",\"urlTemplate\":\"https:\\\/\\\/madame-sensuelle.paris\\\/fr\\\/?s={search_term_string}\"},\"query-input\":{\"@type\":\"PropertyValueSpecification\",\"valueRequired\":true,\"valueName\":\"search_term_string\"}}],\"inLanguage\":\"fr-FR\"},{\"@type\":\"Organization\",\"@id\":\"https:\\\/\\\/madame-sensuelle.paris\\\/fr\\\/#organization\",\"name\":\"Madame Sensuelle\",\"url\":\"https:\\\/\\\/madame-sensuelle.paris\\\/fr\\\/\",\"logo\":{\"@type\":\"ImageObject\",\"inLanguage\":\"fr-FR\",\"@id\":\"https:\\\/\\\/madame-sensuelle.paris\\\/fr\\\/#\\\/schema\\\/logo\\\/image\\\/\",\"url\":\"https:\\\/\\\/madame-sensuelle.paris\\\/wp-content\\\/uploads\\\/2024\\\/12\\\/logo_a-1-1_696.webp\",\"contentUrl\":\"https:\\\/\\\/madame-sensuelle.paris\\\/wp-content\\\/uploads\\\/2024\\\/12\\\/logo_a-1-1_696.webp\",\"width\":696,\"height\":696,\"caption\":\"Madame Sensuelle\"},\"image\":{\"@id\":\"https:\\\/\\\/madame-sensuelle.paris\\\/fr\\\/#\\\/schema\\\/logo\\\/image\\\/\"},\"sameAs\":[\"https:\\\/\\\/www.facebook.com\\\/madamesensuelle\",\"https:\\\/\\\/www.instagram.com\\\/madame_sensuelle\\\/\"]}]}<\/script>\n<!-- \/ Yoast SEO plugin. -->","yoast_head_json":{"title":"Tenue Playboy Bunny Classic corset et oreilles de lapin - 8 pi\u00e8ces","description":"Tenue lapin playboy. Le set comprend un body corset a glissi\u00e8re, un ruban avec le logo playboy a attacher, des manchettes avec des boutons, un col de chemise accompagner de son n\u0153ud papillon, un pompon pour faire la queue du lapin a accrocher avec une \u00e9pingle a nourrisse et des grandes oreilles de lapin que vous pouvez pliez. Le mod\u00e8le existe en trois coloris: rose, noir et blanc.","robots":{"index":"index","follow":"follow","max-snippet":"max-snippet:-1","max-image-preview":"max-image-preview:large","max-video-preview":"max-video-preview:-1"},"canonical":"https:\/\/madame-sensuelle.paris\/fr\/product\/tenue-playboy-bunny-classic-corset-et-oreilles-de-lapin-8-pieces\/","og_locale":"fr_FR","og_type":"article","og_title":"Tenue Playboy Bunny Classic corset et oreilles de lapin - 8 pi\u00e8ces","og_description":"Tenue lapin playboy. Le set comprend un body corset a glissi\u00e8re, un ruban avec le logo playboy a attacher, des manchettes avec des boutons, un col de chemise accompagner de son n\u0153ud papillon, un pompon pour faire la queue du lapin a accrocher avec une \u00e9pingle a nourrisse et des grandes oreilles de lapin que vous pouvez pliez. Le mod\u00e8le existe en trois coloris: rose, noir et blanc.","og_url":"https:\/\/madame-sensuelle.paris\/fr\/product\/tenue-playboy-bunny-classic-corset-et-oreilles-de-lapin-8-pieces\/","og_site_name":"Madame Sensuelle","article_publisher":"https:\/\/www.facebook.com\/madamesensuelle","article_modified_time":"2026-03-30T05:59:56+00:00","og_image":[{"width":1079,"height":1800,"url":"http:\/\/madame-sensuelle.paris\/wp-content\/uploads\/2024\/05\/XSHD1TJ6420-1.webp","type":"image\/webp"}],"twitter_card":"summary_large_image","twitter_misc":{"Dur\u00e9e de lecture estim\u00e9e":"2 minutes"},"schema":{"@context":"https:\/\/schema.org","@graph":[{"@type":"WebPage","@id":"https:\/\/madame-sensuelle.paris\/fr\/product\/tenue-playboy-bunny-classic-corset-et-oreilles-de-lapin-8-pieces\/","url":"https:\/\/madame-sensuelle.paris\/fr\/product\/tenue-playboy-bunny-classic-corset-et-oreilles-de-lapin-8-pieces\/","name":"Tenue Playboy Bunny Classic corset et oreilles de lapin - 8 pi\u00e8ces","isPartOf":{"@id":"https:\/\/madame-sensuelle.paris\/fr\/#website"},"primaryImageOfPage":{"@id":"https:\/\/madame-sensuelle.paris\/fr\/product\/tenue-playboy-bunny-classic-corset-et-oreilles-de-lapin-8-pieces\/#primaryimage"},"image":{"@id":"https:\/\/madame-sensuelle.paris\/fr\/product\/tenue-playboy-bunny-classic-corset-et-oreilles-de-lapin-8-pieces\/#primaryimage"},"thumbnailUrl":"https:\/\/madame-sensuelle.paris\/wp-content\/uploads\/2024\/05\/XSHD1TJ6420-1.webp","datePublished":"2024-05-18T11:19:51+00:00","dateModified":"2026-03-30T05:59:56+00:00","description":"Tenue lapin playboy. Le set comprend un body corset a glissi\u00e8re, un ruban avec le logo playboy a attacher, des manchettes avec des boutons, un col de chemise accompagner de son n\u0153ud papillon, un pompon pour faire la queue du lapin a accrocher avec une \u00e9pingle a nourrisse et des grandes oreilles de lapin que vous pouvez pliez. Le mod\u00e8le existe en trois coloris: rose, noir et blanc.","breadcrumb":{"@id":"https:\/\/madame-sensuelle.paris\/fr\/product\/tenue-playboy-bunny-classic-corset-et-oreilles-de-lapin-8-pieces\/#breadcrumb"},"inLanguage":"fr-FR","potentialAction":[{"@type":"ReadAction","target":["https:\/\/madame-sensuelle.paris\/fr\/product\/tenue-playboy-bunny-classic-corset-et-oreilles-de-lapin-8-pieces\/"]}]},{"@type":"ImageObject","inLanguage":"fr-FR","@id":"https:\/\/madame-sensuelle.paris\/fr\/product\/tenue-playboy-bunny-classic-corset-et-oreilles-de-lapin-8-pieces\/#primaryimage","url":"https:\/\/madame-sensuelle.paris\/wp-content\/uploads\/2024\/05\/XSHD1TJ6420-1.webp","contentUrl":"https:\/\/madame-sensuelle.paris\/wp-content\/uploads\/2024\/05\/XSHD1TJ6420-1.webp","width":1079,"height":1800},{"@type":"BreadcrumbList","@id":"https:\/\/madame-sensuelle.paris\/fr\/product\/tenue-playboy-bunny-classic-corset-et-oreilles-de-lapin-8-pieces\/#breadcrumb","itemListElement":[{"@type":"ListItem","position":1,"name":"Acceuil","item":"https:\/\/madame-sensuelle.paris\/fr\/"},{"@type":"ListItem","position":2,"name":"Catalogue","item":"https:\/\/madame-sensuelle.paris\/fr\/catalogue\/"},{"@type":"ListItem","position":3,"name":"PLAYBOY","item":"https:\/\/madame-sensuelle.paris\/fr\/brand\/playboy\/"},{"@type":"ListItem","position":4,"name":"Tenue Playboy Bunny Classic corset et oreilles de lapin &#8211; 8 pi\u00e8ces"}]},{"@type":"WebSite","@id":"https:\/\/madame-sensuelle.paris\/fr\/#website","url":"https:\/\/madame-sensuelle.paris\/fr\/","name":"MADAME SENSUELLE","description":"MADAME SENSUELLE: Found the biggest exciting brands of chic &amp; SEXY LINGERIE in Paris Boutique and on the WEB: Aubade, Dita Von Teese, Maison Close, Marjolaine, Bluebella, Atelier Amour, Luxxa, Catanzaro, Gracija Rim. You will found the big pleasure of sexy belt or bra make for you","publisher":{"@id":"https:\/\/madame-sensuelle.paris\/fr\/#organization"},"potentialAction":[{"@type":"SearchAction","target":{"@type":"EntryPoint","urlTemplate":"https:\/\/madame-sensuelle.paris\/fr\/?s={search_term_string}"},"query-input":{"@type":"PropertyValueSpecification","valueRequired":true,"valueName":"search_term_string"}}],"inLanguage":"fr-FR"},{"@type":"Organization","@id":"https:\/\/madame-sensuelle.paris\/fr\/#organization","name":"Madame Sensuelle","url":"https:\/\/madame-sensuelle.paris\/fr\/","logo":{"@type":"ImageObject","inLanguage":"fr-FR","@id":"https:\/\/madame-sensuelle.paris\/fr\/#\/schema\/logo\/image\/","url":"https:\/\/madame-sensuelle.paris\/wp-content\/uploads\/2024\/12\/logo_a-1-1_696.webp","contentUrl":"https:\/\/madame-sensuelle.paris\/wp-content\/uploads\/2024\/12\/logo_a-1-1_696.webp","width":696,"height":696,"caption":"Madame Sensuelle"},"image":{"@id":"https:\/\/madame-sensuelle.paris\/fr\/#\/schema\/logo\/image\/"},"sameAs":["https:\/\/www.facebook.com\/madamesensuelle","https:\/\/www.instagram.com\/madame_sensuelle\/"]}]}},"brands":[{"id":3497,"name":"PLAYBOY","slug":"playboy"}],"_links":{"self":[{"href":"https:\/\/madame-sensuelle.paris\/fr\/wp-json\/wp\/v2\/product\/102382","targetHints":{"allow":["GET"]}}],"collection":[{"href":"https:\/\/madame-sensuelle.paris\/fr\/wp-json\/wp\/v2\/product"}],"about":[{"href":"https:\/\/madame-sensuelle.paris\/fr\/wp-json\/wp\/v2\/types\/product"}],"version-history":[{"count":1,"href":"https:\/\/madame-sensuelle.paris\/fr\/wp-json\/wp\/v2\/product\/102382\/revisions"}],"predecessor-version":[{"id":111588,"href":"https:\/\/madame-sensuelle.paris\/fr\/wp-json\/wp\/v2\/product\/102382\/revisions\/111588"}],"wp:featuredmedia":[{"embeddable":true,"href":"https:\/\/madame-sensuelle.paris\/fr\/wp-json\/wp\/v2\/media\/102400"}],"wp:attachment":[{"href":"https:\/\/madame-sensuelle.paris\/fr\/wp-json\/wp\/v2\/media?parent=102382"}],"wp:term":[{"taxonomy":"pwb-brand","embeddable":true,"href":"https:\/\/madame-sensuelle.paris\/fr\/wp-json\/wp\/v2\/pwb-brand?post=102382"},{"taxonomy":"product_brand","embeddable":true,"href":"https:\/\/madame-sensuelle.paris\/fr\/wp-json\/wp\/v2\/product_brand?post=102382"},{"taxonomy":"product_cat","embeddable":true,"href":"https:\/\/madame-sensuelle.paris\/fr\/wp-json\/wp\/v2\/product_cat?post=102382"},{"taxonomy":"product_tag","embeddable":true,"href":"https:\/\/madame-sensuelle.paris\/fr\/wp-json\/wp\/v2\/product_tag?post=102382"},{"taxonomy":"giftcard-category","embeddable":true,"href":"https:\/\/madame-sensuelle.paris\/fr\/wp-json\/wp\/v2\/giftcard-category?post=102382"}],"curies":[{"name":"wp","href":"https:\/\/api.w.org\/{rel}","templated":true}]}}