{"id":103931,"date":"2024-07-03T09:54:45","date_gmt":"2024-07-03T09:54:45","guid":{"rendered":"https:\/\/madame-sensuelle.paris\/product\/robe-ajustee-en-haut-et-ample-en-bas-en-lycra-clementina-noir\/"},"modified":"2026-03-29T14:04:28","modified_gmt":"2026-03-29T14:04:28","slug":"robe-ajustee-en-haut-et-ample-en-bas-en-lycra-clementina-noir","status":"publish","type":"product","link":"https:\/\/madame-sensuelle.paris\/fr\/product\/robe-ajustee-en-haut-et-ample-en-bas-en-lycra-clementina-noir\/","title":{"rendered":"Robe ajust\u00e9e en haut et ample en bas en lycra Clementina"},"content":{"rendered":"<p>Sculpt\u00e9e en haut, libre en bas.<br \/>\nLa robe Clementina \u00e9pouse le buste avec une \u00e9l\u00e9gance affirm\u00e9e avant de s\u2019\u00e9vaser d\u00e9licatement \u00e0 partir des hanches. Son lycra noir, souple et soyeux, souligne les courbes sans les contraindre.<br \/>\nLe contraste entre la coupe ajust\u00e9e et la fluidit\u00e9 du bas cr\u00e9e une allure \u00e0 la fois f\u00e9minine, confortable et r\u00e9solument sensuelle.<\/p>\n<p>&nbsp;<\/p>\n<p>&nbsp;<\/p>\n","protected":false},"excerpt":{"rendered":"<p>Robe ajust\u00e9e en haut et ample en bas en lycra Clementina &#8211; noir<\/p>\n","protected":false},"featured_media":104014,"template":"","meta":[],"pwb-brand":[2766,2780],"product_brand":[],"product_cat":[1239,1235],"product_tag":[],"giftcard-category":[],"class_list":{"0":"post-103931","1":"product","2":"type-product","3":"status-publish","4":"has-post-thumbnail","6":"pwb-brand-catanzaro","7":"pwb-brand-impudique","8":"product_cat-longewear","9":"product_cat-robes-sexy","11":"first","12":"instock","13":"taxable","14":"shipping-taxable","15":"purchasable","16":"product-type-variable","17":"has-default-attributes"},"yoast_head":"<!-- This site is optimized with the Yoast SEO plugin v27.3 - https:\/\/yoast.com\/product\/yoast-seo-wordpress\/ -->\n<title>Robe ajust\u00e9e en haut et ample en bas en lycra Clementina - noir<\/title>\n<meta name=\"description\" content=\"Sculpt\u00e9e en haut, libre en bas.La robe Clementina \u00e9pouse le buste avec une \u00e9l\u00e9gance affirm\u00e9e avant de s\u2019\u00e9vaser d\u00e9licatement \u00e0 partir des hanches. Son lycra noir, souple et soyeux, souligne les courbes sans les contraindre.Le contraste entre la coupe ajust\u00e9e et la fluidit\u00e9 du bas cr\u00e9e une allure \u00e0 la fois f\u00e9minine, confortable et r\u00e9solument sensuelle.\" \/>\n<meta name=\"robots\" content=\"index, follow, max-snippet:-1, max-image-preview:large, max-video-preview:-1\" \/>\n<link rel=\"canonical\" href=\"https:\/\/madame-sensuelle.paris\/fr\/product\/robe-ajustee-en-haut-et-ample-en-bas-en-lycra-clementina-noir\/\" \/>\n<meta property=\"og:locale\" content=\"fr_FR\" \/>\n<meta property=\"og:type\" content=\"article\" \/>\n<meta property=\"og:title\" content=\"Robe ajust\u00e9e en haut et ample en bas en lycra Clementina - noir\" \/>\n<meta property=\"og:description\" content=\"Sculpt\u00e9e en haut, libre en bas.La robe Clementina \u00e9pouse le buste avec une \u00e9l\u00e9gance affirm\u00e9e avant de s\u2019\u00e9vaser d\u00e9licatement \u00e0 partir des hanches. Son lycra noir, souple et soyeux, souligne les courbes sans les contraindre.Le contraste entre la coupe ajust\u00e9e et la fluidit\u00e9 du bas cr\u00e9e une allure \u00e0 la fois f\u00e9minine, confortable et r\u00e9solument sensuelle.\" \/>\n<meta property=\"og:url\" content=\"https:\/\/madame-sensuelle.paris\/fr\/product\/robe-ajustee-en-haut-et-ample-en-bas-en-lycra-clementina-noir\/\" \/>\n<meta property=\"og:site_name\" content=\"Madame Sensuelle\" \/>\n<meta property=\"article:publisher\" content=\"https:\/\/www.facebook.com\/madamesensuelle\" \/>\n<meta property=\"article:modified_time\" content=\"2026-03-29T14:04:28+00:00\" \/>\n<meta property=\"og:image\" content=\"http:\/\/madame-sensuelle.paris\/wp-content\/uploads\/2024\/07\/XSHD1TJ6593-1.jpg\" \/>\n\t<meta property=\"og:image:width\" content=\"750\" \/>\n\t<meta property=\"og:image:height\" content=\"750\" \/>\n\t<meta property=\"og:image:type\" content=\"image\/jpeg\" \/>\n<meta name=\"twitter:card\" content=\"summary_large_image\" \/>\n<meta name=\"twitter:label1\" content=\"Dur\u00e9e de lecture estim\u00e9e\" \/>\n\t<meta name=\"twitter:data1\" content=\"1 minute\" \/>\n<script type=\"application\/ld+json\" class=\"yoast-schema-graph\">{\"@context\":\"https:\\\/\\\/schema.org\",\"@graph\":[{\"@type\":\"WebPage\",\"@id\":\"https:\\\/\\\/madame-sensuelle.paris\\\/fr\\\/product\\\/robe-ajustee-en-haut-et-ample-en-bas-en-lycra-clementina-noir\\\/\",\"url\":\"https:\\\/\\\/madame-sensuelle.paris\\\/fr\\\/product\\\/robe-ajustee-en-haut-et-ample-en-bas-en-lycra-clementina-noir\\\/\",\"name\":\"Robe ajust\u00e9e en haut et ample en bas en lycra Clementina - noir\",\"isPartOf\":{\"@id\":\"https:\\\/\\\/madame-sensuelle.paris\\\/fr\\\/#website\"},\"primaryImageOfPage\":{\"@id\":\"https:\\\/\\\/madame-sensuelle.paris\\\/fr\\\/product\\\/robe-ajustee-en-haut-et-ample-en-bas-en-lycra-clementina-noir\\\/#primaryimage\"},\"image\":{\"@id\":\"https:\\\/\\\/madame-sensuelle.paris\\\/fr\\\/product\\\/robe-ajustee-en-haut-et-ample-en-bas-en-lycra-clementina-noir\\\/#primaryimage\"},\"thumbnailUrl\":\"https:\\\/\\\/madame-sensuelle.paris\\\/wp-content\\\/uploads\\\/2024\\\/07\\\/XSHD1TJ6593-1.jpg\",\"datePublished\":\"2024-07-03T09:54:45+00:00\",\"dateModified\":\"2026-03-29T14:04:28+00:00\",\"description\":\"Sculpt\u00e9e en haut, libre en bas.La robe Clementina \u00e9pouse le buste avec une \u00e9l\u00e9gance affirm\u00e9e avant de s\u2019\u00e9vaser d\u00e9licatement \u00e0 partir des hanches. Son lycra noir, souple et soyeux, souligne les courbes sans les contraindre.Le contraste entre la coupe ajust\u00e9e et la fluidit\u00e9 du bas cr\u00e9e une allure \u00e0 la fois f\u00e9minine, confortable et r\u00e9solument sensuelle.\",\"breadcrumb\":{\"@id\":\"https:\\\/\\\/madame-sensuelle.paris\\\/fr\\\/product\\\/robe-ajustee-en-haut-et-ample-en-bas-en-lycra-clementina-noir\\\/#breadcrumb\"},\"inLanguage\":\"fr-FR\",\"potentialAction\":[{\"@type\":\"ReadAction\",\"target\":[\"https:\\\/\\\/madame-sensuelle.paris\\\/fr\\\/product\\\/robe-ajustee-en-haut-et-ample-en-bas-en-lycra-clementina-noir\\\/\"]}]},{\"@type\":\"ImageObject\",\"inLanguage\":\"fr-FR\",\"@id\":\"https:\\\/\\\/madame-sensuelle.paris\\\/fr\\\/product\\\/robe-ajustee-en-haut-et-ample-en-bas-en-lycra-clementina-noir\\\/#primaryimage\",\"url\":\"https:\\\/\\\/madame-sensuelle.paris\\\/wp-content\\\/uploads\\\/2024\\\/07\\\/XSHD1TJ6593-1.jpg\",\"contentUrl\":\"https:\\\/\\\/madame-sensuelle.paris\\\/wp-content\\\/uploads\\\/2024\\\/07\\\/XSHD1TJ6593-1.jpg\",\"width\":750,\"height\":750},{\"@type\":\"BreadcrumbList\",\"@id\":\"https:\\\/\\\/madame-sensuelle.paris\\\/fr\\\/product\\\/robe-ajustee-en-haut-et-ample-en-bas-en-lycra-clementina-noir\\\/#breadcrumb\",\"itemListElement\":[{\"@type\":\"ListItem\",\"position\":1,\"name\":\"Acceuil\",\"item\":\"https:\\\/\\\/madame-sensuelle.paris\\\/fr\\\/\"},{\"@type\":\"ListItem\",\"position\":2,\"name\":\"Catalogue\",\"item\":\"https:\\\/\\\/madame-sensuelle.paris\\\/fr\\\/catalogue\\\/\"},{\"@type\":\"ListItem\",\"position\":3,\"name\":\"CATANZARO\",\"item\":\"https:\\\/\\\/madame-sensuelle.paris\\\/fr\\\/brand\\\/catanzaro\\\/\"},{\"@type\":\"ListItem\",\"position\":4,\"name\":\"Robe ajust\u00e9e en haut et ample en bas en lycra Clementina\"}]},{\"@type\":\"WebSite\",\"@id\":\"https:\\\/\\\/madame-sensuelle.paris\\\/fr\\\/#website\",\"url\":\"https:\\\/\\\/madame-sensuelle.paris\\\/fr\\\/\",\"name\":\"MADAME SENSUELLE\",\"description\":\"MADAME SENSUELLE: Found the biggest exciting brands of chic &amp; SEXY LINGERIE in Paris Boutique and on the WEB: Aubade, Dita Von Teese, Maison Close, Marjolaine, Bluebella, Atelier Amour, Luxxa, Catanzaro, Gracija Rim. You will found the big pleasure of sexy belt or bra make for you\",\"publisher\":{\"@id\":\"https:\\\/\\\/madame-sensuelle.paris\\\/fr\\\/#organization\"},\"potentialAction\":[{\"@type\":\"SearchAction\",\"target\":{\"@type\":\"EntryPoint\",\"urlTemplate\":\"https:\\\/\\\/madame-sensuelle.paris\\\/fr\\\/?s={search_term_string}\"},\"query-input\":{\"@type\":\"PropertyValueSpecification\",\"valueRequired\":true,\"valueName\":\"search_term_string\"}}],\"inLanguage\":\"fr-FR\"},{\"@type\":\"Organization\",\"@id\":\"https:\\\/\\\/madame-sensuelle.paris\\\/fr\\\/#organization\",\"name\":\"Madame Sensuelle\",\"url\":\"https:\\\/\\\/madame-sensuelle.paris\\\/fr\\\/\",\"logo\":{\"@type\":\"ImageObject\",\"inLanguage\":\"fr-FR\",\"@id\":\"https:\\\/\\\/madame-sensuelle.paris\\\/fr\\\/#\\\/schema\\\/logo\\\/image\\\/\",\"url\":\"https:\\\/\\\/madame-sensuelle.paris\\\/wp-content\\\/uploads\\\/2024\\\/12\\\/logo_a-1-1_696.webp\",\"contentUrl\":\"https:\\\/\\\/madame-sensuelle.paris\\\/wp-content\\\/uploads\\\/2024\\\/12\\\/logo_a-1-1_696.webp\",\"width\":696,\"height\":696,\"caption\":\"Madame Sensuelle\"},\"image\":{\"@id\":\"https:\\\/\\\/madame-sensuelle.paris\\\/fr\\\/#\\\/schema\\\/logo\\\/image\\\/\"},\"sameAs\":[\"https:\\\/\\\/www.facebook.com\\\/madamesensuelle\",\"https:\\\/\\\/www.instagram.com\\\/madame_sensuelle\\\/\"]}]}<\/script>\n<!-- \/ Yoast SEO plugin. -->","yoast_head_json":{"title":"Robe ajust\u00e9e en haut et ample en bas en lycra Clementina - noir","description":"Sculpt\u00e9e en haut, libre en bas.La robe Clementina \u00e9pouse le buste avec une \u00e9l\u00e9gance affirm\u00e9e avant de s\u2019\u00e9vaser d\u00e9licatement \u00e0 partir des hanches. Son lycra noir, souple et soyeux, souligne les courbes sans les contraindre.Le contraste entre la coupe ajust\u00e9e et la fluidit\u00e9 du bas cr\u00e9e une allure \u00e0 la fois f\u00e9minine, confortable et r\u00e9solument sensuelle.","robots":{"index":"index","follow":"follow","max-snippet":"max-snippet:-1","max-image-preview":"max-image-preview:large","max-video-preview":"max-video-preview:-1"},"canonical":"https:\/\/madame-sensuelle.paris\/fr\/product\/robe-ajustee-en-haut-et-ample-en-bas-en-lycra-clementina-noir\/","og_locale":"fr_FR","og_type":"article","og_title":"Robe ajust\u00e9e en haut et ample en bas en lycra Clementina - noir","og_description":"Sculpt\u00e9e en haut, libre en bas.La robe Clementina \u00e9pouse le buste avec une \u00e9l\u00e9gance affirm\u00e9e avant de s\u2019\u00e9vaser d\u00e9licatement \u00e0 partir des hanches. Son lycra noir, souple et soyeux, souligne les courbes sans les contraindre.Le contraste entre la coupe ajust\u00e9e et la fluidit\u00e9 du bas cr\u00e9e une allure \u00e0 la fois f\u00e9minine, confortable et r\u00e9solument sensuelle.","og_url":"https:\/\/madame-sensuelle.paris\/fr\/product\/robe-ajustee-en-haut-et-ample-en-bas-en-lycra-clementina-noir\/","og_site_name":"Madame Sensuelle","article_publisher":"https:\/\/www.facebook.com\/madamesensuelle","article_modified_time":"2026-03-29T14:04:28+00:00","og_image":[{"width":750,"height":750,"url":"http:\/\/madame-sensuelle.paris\/wp-content\/uploads\/2024\/07\/XSHD1TJ6593-1.jpg","type":"image\/jpeg"}],"twitter_card":"summary_large_image","twitter_misc":{"Dur\u00e9e de lecture estim\u00e9e":"1 minute"},"schema":{"@context":"https:\/\/schema.org","@graph":[{"@type":"WebPage","@id":"https:\/\/madame-sensuelle.paris\/fr\/product\/robe-ajustee-en-haut-et-ample-en-bas-en-lycra-clementina-noir\/","url":"https:\/\/madame-sensuelle.paris\/fr\/product\/robe-ajustee-en-haut-et-ample-en-bas-en-lycra-clementina-noir\/","name":"Robe ajust\u00e9e en haut et ample en bas en lycra Clementina - noir","isPartOf":{"@id":"https:\/\/madame-sensuelle.paris\/fr\/#website"},"primaryImageOfPage":{"@id":"https:\/\/madame-sensuelle.paris\/fr\/product\/robe-ajustee-en-haut-et-ample-en-bas-en-lycra-clementina-noir\/#primaryimage"},"image":{"@id":"https:\/\/madame-sensuelle.paris\/fr\/product\/robe-ajustee-en-haut-et-ample-en-bas-en-lycra-clementina-noir\/#primaryimage"},"thumbnailUrl":"https:\/\/madame-sensuelle.paris\/wp-content\/uploads\/2024\/07\/XSHD1TJ6593-1.jpg","datePublished":"2024-07-03T09:54:45+00:00","dateModified":"2026-03-29T14:04:28+00:00","description":"Sculpt\u00e9e en haut, libre en bas.La robe Clementina \u00e9pouse le buste avec une \u00e9l\u00e9gance affirm\u00e9e avant de s\u2019\u00e9vaser d\u00e9licatement \u00e0 partir des hanches. Son lycra noir, souple et soyeux, souligne les courbes sans les contraindre.Le contraste entre la coupe ajust\u00e9e et la fluidit\u00e9 du bas cr\u00e9e une allure \u00e0 la fois f\u00e9minine, confortable et r\u00e9solument sensuelle.","breadcrumb":{"@id":"https:\/\/madame-sensuelle.paris\/fr\/product\/robe-ajustee-en-haut-et-ample-en-bas-en-lycra-clementina-noir\/#breadcrumb"},"inLanguage":"fr-FR","potentialAction":[{"@type":"ReadAction","target":["https:\/\/madame-sensuelle.paris\/fr\/product\/robe-ajustee-en-haut-et-ample-en-bas-en-lycra-clementina-noir\/"]}]},{"@type":"ImageObject","inLanguage":"fr-FR","@id":"https:\/\/madame-sensuelle.paris\/fr\/product\/robe-ajustee-en-haut-et-ample-en-bas-en-lycra-clementina-noir\/#primaryimage","url":"https:\/\/madame-sensuelle.paris\/wp-content\/uploads\/2024\/07\/XSHD1TJ6593-1.jpg","contentUrl":"https:\/\/madame-sensuelle.paris\/wp-content\/uploads\/2024\/07\/XSHD1TJ6593-1.jpg","width":750,"height":750},{"@type":"BreadcrumbList","@id":"https:\/\/madame-sensuelle.paris\/fr\/product\/robe-ajustee-en-haut-et-ample-en-bas-en-lycra-clementina-noir\/#breadcrumb","itemListElement":[{"@type":"ListItem","position":1,"name":"Acceuil","item":"https:\/\/madame-sensuelle.paris\/fr\/"},{"@type":"ListItem","position":2,"name":"Catalogue","item":"https:\/\/madame-sensuelle.paris\/fr\/catalogue\/"},{"@type":"ListItem","position":3,"name":"CATANZARO","item":"https:\/\/madame-sensuelle.paris\/fr\/brand\/catanzaro\/"},{"@type":"ListItem","position":4,"name":"Robe ajust\u00e9e en haut et ample en bas en lycra Clementina"}]},{"@type":"WebSite","@id":"https:\/\/madame-sensuelle.paris\/fr\/#website","url":"https:\/\/madame-sensuelle.paris\/fr\/","name":"MADAME SENSUELLE","description":"MADAME SENSUELLE: Found the biggest exciting brands of chic &amp; SEXY LINGERIE in Paris Boutique and on the WEB: Aubade, Dita Von Teese, Maison Close, Marjolaine, Bluebella, Atelier Amour, Luxxa, Catanzaro, Gracija Rim. You will found the big pleasure of sexy belt or bra make for you","publisher":{"@id":"https:\/\/madame-sensuelle.paris\/fr\/#organization"},"potentialAction":[{"@type":"SearchAction","target":{"@type":"EntryPoint","urlTemplate":"https:\/\/madame-sensuelle.paris\/fr\/?s={search_term_string}"},"query-input":{"@type":"PropertyValueSpecification","valueRequired":true,"valueName":"search_term_string"}}],"inLanguage":"fr-FR"},{"@type":"Organization","@id":"https:\/\/madame-sensuelle.paris\/fr\/#organization","name":"Madame Sensuelle","url":"https:\/\/madame-sensuelle.paris\/fr\/","logo":{"@type":"ImageObject","inLanguage":"fr-FR","@id":"https:\/\/madame-sensuelle.paris\/fr\/#\/schema\/logo\/image\/","url":"https:\/\/madame-sensuelle.paris\/wp-content\/uploads\/2024\/12\/logo_a-1-1_696.webp","contentUrl":"https:\/\/madame-sensuelle.paris\/wp-content\/uploads\/2024\/12\/logo_a-1-1_696.webp","width":696,"height":696,"caption":"Madame Sensuelle"},"image":{"@id":"https:\/\/madame-sensuelle.paris\/fr\/#\/schema\/logo\/image\/"},"sameAs":["https:\/\/www.facebook.com\/madamesensuelle","https:\/\/www.instagram.com\/madame_sensuelle\/"]}]}},"brands":[{"id":2766,"name":"CATANZARO","slug":"catanzaro"},{"id":2780,"name":"Impudique","slug":"impudique"}],"_links":{"self":[{"href":"https:\/\/madame-sensuelle.paris\/fr\/wp-json\/wp\/v2\/product\/103931","targetHints":{"allow":["GET"]}}],"collection":[{"href":"https:\/\/madame-sensuelle.paris\/fr\/wp-json\/wp\/v2\/product"}],"about":[{"href":"https:\/\/madame-sensuelle.paris\/fr\/wp-json\/wp\/v2\/types\/product"}],"version-history":[{"count":1,"href":"https:\/\/madame-sensuelle.paris\/fr\/wp-json\/wp\/v2\/product\/103931\/revisions"}],"predecessor-version":[{"id":118227,"href":"https:\/\/madame-sensuelle.paris\/fr\/wp-json\/wp\/v2\/product\/103931\/revisions\/118227"}],"wp:featuredmedia":[{"embeddable":true,"href":"https:\/\/madame-sensuelle.paris\/fr\/wp-json\/wp\/v2\/media\/104014"}],"wp:attachment":[{"href":"https:\/\/madame-sensuelle.paris\/fr\/wp-json\/wp\/v2\/media?parent=103931"}],"wp:term":[{"taxonomy":"pwb-brand","embeddable":true,"href":"https:\/\/madame-sensuelle.paris\/fr\/wp-json\/wp\/v2\/pwb-brand?post=103931"},{"taxonomy":"product_brand","embeddable":true,"href":"https:\/\/madame-sensuelle.paris\/fr\/wp-json\/wp\/v2\/product_brand?post=103931"},{"taxonomy":"product_cat","embeddable":true,"href":"https:\/\/madame-sensuelle.paris\/fr\/wp-json\/wp\/v2\/product_cat?post=103931"},{"taxonomy":"product_tag","embeddable":true,"href":"https:\/\/madame-sensuelle.paris\/fr\/wp-json\/wp\/v2\/product_tag?post=103931"},{"taxonomy":"giftcard-category","embeddable":true,"href":"https:\/\/madame-sensuelle.paris\/fr\/wp-json\/wp\/v2\/giftcard-category?post=103931"}],"curies":[{"name":"wp","href":"https:\/\/api.w.org\/{rel}","templated":true}]}}