{"id":106199,"date":"2024-08-10T10:19:45","date_gmt":"2024-08-10T10:19:45","guid":{"rendered":"https:\/\/madame-sensuelle.paris\/product\/triangle-armatures-evasion-sensuelle-en-dentelle-ouvrable-a-crochets\/"},"modified":"2026-03-30T13:32:27","modified_gmt":"2026-03-30T13:32:27","slug":"triangle-armatures-evasion-sensuelle-en-dentelle-ouvrable-a-crochets","status":"publish","type":"product","link":"https:\/\/madame-sensuelle.paris\/fr\/product\/triangle-armatures-evasion-sensuelle-en-dentelle-ouvrable-a-crochets\/","title":{"rendered":"Triangle armatures Evasion Sensuelle en dentelle ouvrable \u00e0 crochets"},"content":{"rendered":"<p>Triangle armatur\u00e9 \u00e0 la fois suggestif et raffin\u00e9. Bonnets en dentelle fine qui s\u2019ouvre sur tout le long gr\u00e2ce \u00e0 de petits crochets dor\u00e9s, contrast\u00e9 par un large \u00e9lastique de buste. Ajustable dans le dos, s&#8217;ouvre sur le devant avec des crochets dor\u00e9s.<\/p>\n","protected":false},"excerpt":{"rendered":"<p>Triangle armatures Evasion Sensuelle en dentelle ouvrable \u00e0 crochets<\/p>\n","protected":false},"featured_media":107073,"template":"","meta":[],"pwb-brand":[2785],"product_brand":[],"product_cat":[1260,1245,1257],"product_tag":[],"giftcard-category":[],"class_list":{"0":"post-106199","1":"product","2":"type-product","3":"status-publish","4":"has-post-thumbnail","6":"pwb-brand-atelier-amour","7":"product_cat-soutien-gorge-avec-armatures","8":"product_cat-lingerie-sexy-femme-erotique-et-glamour","9":"product_cat-soutiens-gorge","10":"pa_collection-evasion-sensuelle","12":"first","13":"instock","14":"taxable","15":"shipping-taxable","16":"purchasable","17":"product-type-variable","18":"has-default-attributes"},"yoast_head":"<!-- This site is optimized with the Yoast SEO plugin v27.3 - https:\/\/yoast.com\/product\/yoast-seo-wordpress\/ -->\n<title>triangle armature en dentelle ouvrable \u00e0 crochets \u00e9vasion sensuelle<\/title>\n<meta name=\"description\" content=\"Faites l&#039;exp\u00e9rience de l&#039;\u00e9l\u00e9gance avec notre soutiens gorge armature, dot\u00e9e d&#039;une dentelle d\u00e9licate et de crochets frontaux. Adoptez le style et le confort d\u00e8s maintenant !\" \/>\n<meta name=\"robots\" content=\"index, follow, max-snippet:-1, max-image-preview:large, max-video-preview:-1\" \/>\n<link rel=\"canonical\" href=\"https:\/\/madame-sensuelle.paris\/fr\/product\/triangle-armatures-evasion-sensuelle-en-dentelle-ouvrable-a-crochets\/\" \/>\n<meta property=\"og:locale\" content=\"fr_FR\" \/>\n<meta property=\"og:type\" content=\"article\" \/>\n<meta property=\"og:title\" content=\"triangle armature en dentelle ouvrable \u00e0 crochets \u00e9vasion sensuelle\" \/>\n<meta property=\"og:description\" content=\"Faites l&#039;exp\u00e9rience de l&#039;\u00e9l\u00e9gance avec notre soutiens gorge armature, dot\u00e9e d&#039;une dentelle d\u00e9licate et de crochets frontaux. Adoptez le style et le confort d\u00e8s maintenant !\" \/>\n<meta property=\"og:url\" content=\"https:\/\/madame-sensuelle.paris\/fr\/product\/triangle-armatures-evasion-sensuelle-en-dentelle-ouvrable-a-crochets\/\" \/>\n<meta property=\"og:site_name\" content=\"Madame Sensuelle\" \/>\n<meta property=\"article:publisher\" content=\"https:\/\/www.facebook.com\/madamesensuelle\" \/>\n<meta property=\"article:modified_time\" content=\"2026-03-30T13:32:27+00:00\" \/>\n<meta property=\"og:image\" content=\"http:\/\/madame-sensuelle.paris\/wp-content\/uploads\/2024\/08\/XSHD1TJ6664-1.jpg\" \/>\n\t<meta property=\"og:image:width\" content=\"800\" \/>\n\t<meta property=\"og:image:height\" content=\"800\" \/>\n\t<meta property=\"og:image:type\" content=\"image\/jpeg\" \/>\n<meta name=\"twitter:card\" content=\"summary_large_image\" \/>\n<meta name=\"twitter:label1\" content=\"Dur\u00e9e de lecture estim\u00e9e\" \/>\n\t<meta name=\"twitter:data1\" content=\"2 minutes\" \/>\n<script type=\"application\/ld+json\" class=\"yoast-schema-graph\">{\"@context\":\"https:\\\/\\\/schema.org\",\"@graph\":[{\"@type\":\"WebPage\",\"@id\":\"https:\\\/\\\/madame-sensuelle.paris\\\/fr\\\/product\\\/triangle-armatures-evasion-sensuelle-en-dentelle-ouvrable-a-crochets\\\/\",\"url\":\"https:\\\/\\\/madame-sensuelle.paris\\\/fr\\\/product\\\/triangle-armatures-evasion-sensuelle-en-dentelle-ouvrable-a-crochets\\\/\",\"name\":\"triangle armature en dentelle ouvrable \u00e0 crochets \u00e9vasion sensuelle\",\"isPartOf\":{\"@id\":\"https:\\\/\\\/madame-sensuelle.paris\\\/fr\\\/#website\"},\"primaryImageOfPage\":{\"@id\":\"https:\\\/\\\/madame-sensuelle.paris\\\/fr\\\/product\\\/triangle-armatures-evasion-sensuelle-en-dentelle-ouvrable-a-crochets\\\/#primaryimage\"},\"image\":{\"@id\":\"https:\\\/\\\/madame-sensuelle.paris\\\/fr\\\/product\\\/triangle-armatures-evasion-sensuelle-en-dentelle-ouvrable-a-crochets\\\/#primaryimage\"},\"thumbnailUrl\":\"https:\\\/\\\/madame-sensuelle.paris\\\/wp-content\\\/uploads\\\/2024\\\/08\\\/XSHD1TJ6664-1.jpg\",\"datePublished\":\"2024-08-10T10:19:45+00:00\",\"dateModified\":\"2026-03-30T13:32:27+00:00\",\"description\":\"Faites l'exp\u00e9rience de l'\u00e9l\u00e9gance avec notre soutiens gorge armature, dot\u00e9e d'une dentelle d\u00e9licate et de crochets frontaux. Adoptez le style et le confort d\u00e8s maintenant !\",\"breadcrumb\":{\"@id\":\"https:\\\/\\\/madame-sensuelle.paris\\\/fr\\\/product\\\/triangle-armatures-evasion-sensuelle-en-dentelle-ouvrable-a-crochets\\\/#breadcrumb\"},\"inLanguage\":\"fr-FR\",\"potentialAction\":[{\"@type\":\"ReadAction\",\"target\":[\"https:\\\/\\\/madame-sensuelle.paris\\\/fr\\\/product\\\/triangle-armatures-evasion-sensuelle-en-dentelle-ouvrable-a-crochets\\\/\"]}]},{\"@type\":\"ImageObject\",\"inLanguage\":\"fr-FR\",\"@id\":\"https:\\\/\\\/madame-sensuelle.paris\\\/fr\\\/product\\\/triangle-armatures-evasion-sensuelle-en-dentelle-ouvrable-a-crochets\\\/#primaryimage\",\"url\":\"https:\\\/\\\/madame-sensuelle.paris\\\/wp-content\\\/uploads\\\/2024\\\/08\\\/XSHD1TJ6664-1.jpg\",\"contentUrl\":\"https:\\\/\\\/madame-sensuelle.paris\\\/wp-content\\\/uploads\\\/2024\\\/08\\\/XSHD1TJ6664-1.jpg\",\"width\":800,\"height\":800},{\"@type\":\"BreadcrumbList\",\"@id\":\"https:\\\/\\\/madame-sensuelle.paris\\\/fr\\\/product\\\/triangle-armatures-evasion-sensuelle-en-dentelle-ouvrable-a-crochets\\\/#breadcrumb\",\"itemListElement\":[{\"@type\":\"ListItem\",\"position\":1,\"name\":\"Acceuil\",\"item\":\"https:\\\/\\\/madame-sensuelle.paris\\\/fr\\\/\"},{\"@type\":\"ListItem\",\"position\":2,\"name\":\"Catalogue\",\"item\":\"https:\\\/\\\/madame-sensuelle.paris\\\/fr\\\/catalogue\\\/\"},{\"@type\":\"ListItem\",\"position\":3,\"name\":\"ATELIER AMOUR\",\"item\":\"https:\\\/\\\/madame-sensuelle.paris\\\/fr\\\/brand\\\/atelier-amour\\\/\"},{\"@type\":\"ListItem\",\"position\":4,\"name\":\"Triangle armatures Evasion Sensuelle en dentelle ouvrable \u00e0 crochets\"}]},{\"@type\":\"WebSite\",\"@id\":\"https:\\\/\\\/madame-sensuelle.paris\\\/fr\\\/#website\",\"url\":\"https:\\\/\\\/madame-sensuelle.paris\\\/fr\\\/\",\"name\":\"MADAME SENSUELLE\",\"description\":\"MADAME SENSUELLE: Found the biggest exciting brands of chic &amp; SEXY LINGERIE in Paris Boutique and on the WEB: Aubade, Dita Von Teese, Maison Close, Marjolaine, Bluebella, Atelier Amour, Luxxa, Catanzaro, Gracija Rim. You will found the big pleasure of sexy belt or bra make for you\",\"publisher\":{\"@id\":\"https:\\\/\\\/madame-sensuelle.paris\\\/fr\\\/#organization\"},\"potentialAction\":[{\"@type\":\"SearchAction\",\"target\":{\"@type\":\"EntryPoint\",\"urlTemplate\":\"https:\\\/\\\/madame-sensuelle.paris\\\/fr\\\/?s={search_term_string}\"},\"query-input\":{\"@type\":\"PropertyValueSpecification\",\"valueRequired\":true,\"valueName\":\"search_term_string\"}}],\"inLanguage\":\"fr-FR\"},{\"@type\":\"Organization\",\"@id\":\"https:\\\/\\\/madame-sensuelle.paris\\\/fr\\\/#organization\",\"name\":\"Madame Sensuelle\",\"url\":\"https:\\\/\\\/madame-sensuelle.paris\\\/fr\\\/\",\"logo\":{\"@type\":\"ImageObject\",\"inLanguage\":\"fr-FR\",\"@id\":\"https:\\\/\\\/madame-sensuelle.paris\\\/fr\\\/#\\\/schema\\\/logo\\\/image\\\/\",\"url\":\"https:\\\/\\\/madame-sensuelle.paris\\\/wp-content\\\/uploads\\\/2024\\\/12\\\/logo_a-1-1_696.webp\",\"contentUrl\":\"https:\\\/\\\/madame-sensuelle.paris\\\/wp-content\\\/uploads\\\/2024\\\/12\\\/logo_a-1-1_696.webp\",\"width\":696,\"height\":696,\"caption\":\"Madame Sensuelle\"},\"image\":{\"@id\":\"https:\\\/\\\/madame-sensuelle.paris\\\/fr\\\/#\\\/schema\\\/logo\\\/image\\\/\"},\"sameAs\":[\"https:\\\/\\\/www.facebook.com\\\/madamesensuelle\",\"https:\\\/\\\/www.instagram.com\\\/madame_sensuelle\\\/\"]}]}<\/script>\n<!-- \/ Yoast SEO plugin. -->","yoast_head_json":{"title":"triangle armature en dentelle ouvrable \u00e0 crochets \u00e9vasion sensuelle","description":"Faites l'exp\u00e9rience de l'\u00e9l\u00e9gance avec notre soutiens gorge armature, dot\u00e9e d'une dentelle d\u00e9licate et de crochets frontaux. Adoptez le style et le confort d\u00e8s maintenant !","robots":{"index":"index","follow":"follow","max-snippet":"max-snippet:-1","max-image-preview":"max-image-preview:large","max-video-preview":"max-video-preview:-1"},"canonical":"https:\/\/madame-sensuelle.paris\/fr\/product\/triangle-armatures-evasion-sensuelle-en-dentelle-ouvrable-a-crochets\/","og_locale":"fr_FR","og_type":"article","og_title":"triangle armature en dentelle ouvrable \u00e0 crochets \u00e9vasion sensuelle","og_description":"Faites l'exp\u00e9rience de l'\u00e9l\u00e9gance avec notre soutiens gorge armature, dot\u00e9e d'une dentelle d\u00e9licate et de crochets frontaux. Adoptez le style et le confort d\u00e8s maintenant !","og_url":"https:\/\/madame-sensuelle.paris\/fr\/product\/triangle-armatures-evasion-sensuelle-en-dentelle-ouvrable-a-crochets\/","og_site_name":"Madame Sensuelle","article_publisher":"https:\/\/www.facebook.com\/madamesensuelle","article_modified_time":"2026-03-30T13:32:27+00:00","og_image":[{"width":800,"height":800,"url":"http:\/\/madame-sensuelle.paris\/wp-content\/uploads\/2024\/08\/XSHD1TJ6664-1.jpg","type":"image\/jpeg"}],"twitter_card":"summary_large_image","twitter_misc":{"Dur\u00e9e de lecture estim\u00e9e":"2 minutes"},"schema":{"@context":"https:\/\/schema.org","@graph":[{"@type":"WebPage","@id":"https:\/\/madame-sensuelle.paris\/fr\/product\/triangle-armatures-evasion-sensuelle-en-dentelle-ouvrable-a-crochets\/","url":"https:\/\/madame-sensuelle.paris\/fr\/product\/triangle-armatures-evasion-sensuelle-en-dentelle-ouvrable-a-crochets\/","name":"triangle armature en dentelle ouvrable \u00e0 crochets \u00e9vasion sensuelle","isPartOf":{"@id":"https:\/\/madame-sensuelle.paris\/fr\/#website"},"primaryImageOfPage":{"@id":"https:\/\/madame-sensuelle.paris\/fr\/product\/triangle-armatures-evasion-sensuelle-en-dentelle-ouvrable-a-crochets\/#primaryimage"},"image":{"@id":"https:\/\/madame-sensuelle.paris\/fr\/product\/triangle-armatures-evasion-sensuelle-en-dentelle-ouvrable-a-crochets\/#primaryimage"},"thumbnailUrl":"https:\/\/madame-sensuelle.paris\/wp-content\/uploads\/2024\/08\/XSHD1TJ6664-1.jpg","datePublished":"2024-08-10T10:19:45+00:00","dateModified":"2026-03-30T13:32:27+00:00","description":"Faites l'exp\u00e9rience de l'\u00e9l\u00e9gance avec notre soutiens gorge armature, dot\u00e9e d'une dentelle d\u00e9licate et de crochets frontaux. Adoptez le style et le confort d\u00e8s maintenant !","breadcrumb":{"@id":"https:\/\/madame-sensuelle.paris\/fr\/product\/triangle-armatures-evasion-sensuelle-en-dentelle-ouvrable-a-crochets\/#breadcrumb"},"inLanguage":"fr-FR","potentialAction":[{"@type":"ReadAction","target":["https:\/\/madame-sensuelle.paris\/fr\/product\/triangle-armatures-evasion-sensuelle-en-dentelle-ouvrable-a-crochets\/"]}]},{"@type":"ImageObject","inLanguage":"fr-FR","@id":"https:\/\/madame-sensuelle.paris\/fr\/product\/triangle-armatures-evasion-sensuelle-en-dentelle-ouvrable-a-crochets\/#primaryimage","url":"https:\/\/madame-sensuelle.paris\/wp-content\/uploads\/2024\/08\/XSHD1TJ6664-1.jpg","contentUrl":"https:\/\/madame-sensuelle.paris\/wp-content\/uploads\/2024\/08\/XSHD1TJ6664-1.jpg","width":800,"height":800},{"@type":"BreadcrumbList","@id":"https:\/\/madame-sensuelle.paris\/fr\/product\/triangle-armatures-evasion-sensuelle-en-dentelle-ouvrable-a-crochets\/#breadcrumb","itemListElement":[{"@type":"ListItem","position":1,"name":"Acceuil","item":"https:\/\/madame-sensuelle.paris\/fr\/"},{"@type":"ListItem","position":2,"name":"Catalogue","item":"https:\/\/madame-sensuelle.paris\/fr\/catalogue\/"},{"@type":"ListItem","position":3,"name":"ATELIER AMOUR","item":"https:\/\/madame-sensuelle.paris\/fr\/brand\/atelier-amour\/"},{"@type":"ListItem","position":4,"name":"Triangle armatures Evasion Sensuelle en dentelle ouvrable \u00e0 crochets"}]},{"@type":"WebSite","@id":"https:\/\/madame-sensuelle.paris\/fr\/#website","url":"https:\/\/madame-sensuelle.paris\/fr\/","name":"MADAME SENSUELLE","description":"MADAME SENSUELLE: Found the biggest exciting brands of chic &amp; SEXY LINGERIE in Paris Boutique and on the WEB: Aubade, Dita Von Teese, Maison Close, Marjolaine, Bluebella, Atelier Amour, Luxxa, Catanzaro, Gracija Rim. You will found the big pleasure of sexy belt or bra make for you","publisher":{"@id":"https:\/\/madame-sensuelle.paris\/fr\/#organization"},"potentialAction":[{"@type":"SearchAction","target":{"@type":"EntryPoint","urlTemplate":"https:\/\/madame-sensuelle.paris\/fr\/?s={search_term_string}"},"query-input":{"@type":"PropertyValueSpecification","valueRequired":true,"valueName":"search_term_string"}}],"inLanguage":"fr-FR"},{"@type":"Organization","@id":"https:\/\/madame-sensuelle.paris\/fr\/#organization","name":"Madame Sensuelle","url":"https:\/\/madame-sensuelle.paris\/fr\/","logo":{"@type":"ImageObject","inLanguage":"fr-FR","@id":"https:\/\/madame-sensuelle.paris\/fr\/#\/schema\/logo\/image\/","url":"https:\/\/madame-sensuelle.paris\/wp-content\/uploads\/2024\/12\/logo_a-1-1_696.webp","contentUrl":"https:\/\/madame-sensuelle.paris\/wp-content\/uploads\/2024\/12\/logo_a-1-1_696.webp","width":696,"height":696,"caption":"Madame Sensuelle"},"image":{"@id":"https:\/\/madame-sensuelle.paris\/fr\/#\/schema\/logo\/image\/"},"sameAs":["https:\/\/www.facebook.com\/madamesensuelle","https:\/\/www.instagram.com\/madame_sensuelle\/"]}]}},"brands":[{"id":2785,"name":"ATELIER AMOUR","slug":"atelier-amour"}],"_links":{"self":[{"href":"https:\/\/madame-sensuelle.paris\/fr\/wp-json\/wp\/v2\/product\/106199","targetHints":{"allow":["GET"]}}],"collection":[{"href":"https:\/\/madame-sensuelle.paris\/fr\/wp-json\/wp\/v2\/product"}],"about":[{"href":"https:\/\/madame-sensuelle.paris\/fr\/wp-json\/wp\/v2\/types\/product"}],"version-history":[{"count":1,"href":"https:\/\/madame-sensuelle.paris\/fr\/wp-json\/wp\/v2\/product\/106199\/revisions"}],"predecessor-version":[{"id":121219,"href":"https:\/\/madame-sensuelle.paris\/fr\/wp-json\/wp\/v2\/product\/106199\/revisions\/121219"}],"wp:featuredmedia":[{"embeddable":true,"href":"https:\/\/madame-sensuelle.paris\/fr\/wp-json\/wp\/v2\/media\/107073"}],"wp:attachment":[{"href":"https:\/\/madame-sensuelle.paris\/fr\/wp-json\/wp\/v2\/media?parent=106199"}],"wp:term":[{"taxonomy":"pwb-brand","embeddable":true,"href":"https:\/\/madame-sensuelle.paris\/fr\/wp-json\/wp\/v2\/pwb-brand?post=106199"},{"taxonomy":"product_brand","embeddable":true,"href":"https:\/\/madame-sensuelle.paris\/fr\/wp-json\/wp\/v2\/product_brand?post=106199"},{"taxonomy":"product_cat","embeddable":true,"href":"https:\/\/madame-sensuelle.paris\/fr\/wp-json\/wp\/v2\/product_cat?post=106199"},{"taxonomy":"product_tag","embeddable":true,"href":"https:\/\/madame-sensuelle.paris\/fr\/wp-json\/wp\/v2\/product_tag?post=106199"},{"taxonomy":"giftcard-category","embeddable":true,"href":"https:\/\/madame-sensuelle.paris\/fr\/wp-json\/wp\/v2\/giftcard-category?post=106199"}],"curies":[{"name":"wp","href":"https:\/\/api.w.org\/{rel}","templated":true}]}}