{"id":107533,"date":"2024-09-03T12:30:26","date_gmt":"2024-09-03T12:30:26","guid":{"rendered":"https:\/\/madame-sensuelle.paris\/product\/culotte-balance-en-dentelle-devant-et-tulle-sur-le-dos-taille-baisse\/"},"modified":"2026-03-27T07:32:17","modified_gmt":"2026-03-27T07:32:17","slug":"culotte-balance-en-dentelle-devant-et-tulle-sur-le-dos-taille-baisse","status":"publish","type":"product","link":"https:\/\/madame-sensuelle.paris\/fr\/product\/culotte-balance-en-dentelle-devant-et-tulle-sur-le-dos-taille-baisse\/","title":{"rendered":"Culotte Balance en dentelle devant et tulle sur le dos taille baisse"},"content":{"rendered":"<p><span>La collection Balance propose une culotte en dentelle s\u00e9duisante et envo\u00fbtante, avec une dentelle transparente \u00e0 l&#8217;avant. Le mod\u00e8le est v\u00eatu de tulle \u00e0 l&#8217;arri\u00e8re, ce qui permet de voir la beaut\u00e9 des courbes, et orn\u00e9 de guipure florale pour couvrir l&#8217;arrondi des fesses. <\/span><\/p><\/p>\n","protected":false},"excerpt":{"rendered":"<p><\/p>\n","protected":false},"featured_media":122784,"template":"","meta":[],"pwb-brand":[],"product_brand":[],"product_cat":[15],"product_tag":[],"giftcard-category":[],"class_list":{"0":"post-107533","1":"product","2":"type-product","3":"status-publish","4":"has-post-thumbnail","6":"product_cat-uncategorized","8":"first","9":"outofstock","10":"taxable","11":"shipping-taxable","12":"purchasable","13":"product-type-variable","14":"has-default-attributes"},"yoast_head":"<!-- This site is optimized with the Yoast SEO plugin v27.3 - https:\/\/yoast.com\/product\/yoast-seo-wordpress\/ -->\n<title>Culotte Balance en dentelle devant et tulle sur le dos taille baisse<\/title>\n<meta name=\"description\" content=\"La collection Balance propose une culotte en dentelle s\u00e9duisante et envo\u00fbtante, avec une dentelle transparente \u00e0 l&#039;avant. Le mod\u00e8le est v\u00eatu de tulle \u00e0 l&#039;arri\u00e8re, ce qui permet de voir la beaut\u00e9 des courbes, et orn\u00e9 de guipure florale pour couvrir l&#039;arrondi des fesses.\" \/>\n<meta name=\"robots\" content=\"index, follow, max-snippet:-1, max-image-preview:large, max-video-preview:-1\" \/>\n<link rel=\"canonical\" href=\"https:\/\/madame-sensuelle.paris\/fr\/product\/culotte-balance-en-dentelle-devant-et-tulle-sur-le-dos-taille-baisse\/\" \/>\n<meta property=\"og:locale\" content=\"fr_FR\" \/>\n<meta property=\"og:type\" content=\"article\" \/>\n<meta property=\"og:title\" content=\"Culotte Balance en dentelle devant et tulle sur le dos taille baisse\" \/>\n<meta property=\"og:description\" content=\"La collection Balance propose une culotte en dentelle s\u00e9duisante et envo\u00fbtante, avec une dentelle transparente \u00e0 l&#039;avant. Le mod\u00e8le est v\u00eatu de tulle \u00e0 l&#039;arri\u00e8re, ce qui permet de voir la beaut\u00e9 des courbes, et orn\u00e9 de guipure florale pour couvrir l&#039;arrondi des fesses.\" \/>\n<meta property=\"og:url\" content=\"https:\/\/madame-sensuelle.paris\/fr\/product\/culotte-balance-en-dentelle-devant-et-tulle-sur-le-dos-taille-baisse\/\" \/>\n<meta property=\"og:site_name\" content=\"Madame Sensuelle\" \/>\n<meta property=\"article:publisher\" content=\"https:\/\/www.facebook.com\/madamesensuelle\" \/>\n<meta property=\"article:modified_time\" content=\"2026-03-27T07:32:17+00:00\" \/>\n<meta property=\"og:image\" content=\"https:\/\/madame-sensuelle.paris\/wp-content\/uploads\/2024\/09\/XSHD1TJ6780.jpg\" \/>\n\t<meta property=\"og:image:width\" content=\"800\" \/>\n\t<meta property=\"og:image:height\" content=\"1132\" \/>\n\t<meta property=\"og:image:type\" content=\"image\/jpeg\" \/>\n<meta name=\"twitter:card\" content=\"summary_large_image\" \/>\n<meta name=\"twitter:label1\" content=\"Dur\u00e9e de lecture estim\u00e9e\" \/>\n\t<meta name=\"twitter:data1\" content=\"1 minute\" \/>\n<script type=\"application\/ld+json\" class=\"yoast-schema-graph\">{\"@context\":\"https:\\\/\\\/schema.org\",\"@graph\":[{\"@type\":\"WebPage\",\"@id\":\"https:\\\/\\\/madame-sensuelle.paris\\\/fr\\\/product\\\/culotte-balance-en-dentelle-devant-et-tulle-sur-le-dos-taille-baisse\\\/\",\"url\":\"https:\\\/\\\/madame-sensuelle.paris\\\/fr\\\/product\\\/culotte-balance-en-dentelle-devant-et-tulle-sur-le-dos-taille-baisse\\\/\",\"name\":\"Culotte Balance en dentelle devant et tulle sur le dos taille baisse\",\"isPartOf\":{\"@id\":\"https:\\\/\\\/madame-sensuelle.paris\\\/fr\\\/#website\"},\"primaryImageOfPage\":{\"@id\":\"https:\\\/\\\/madame-sensuelle.paris\\\/fr\\\/product\\\/culotte-balance-en-dentelle-devant-et-tulle-sur-le-dos-taille-baisse\\\/#primaryimage\"},\"image\":{\"@id\":\"https:\\\/\\\/madame-sensuelle.paris\\\/fr\\\/product\\\/culotte-balance-en-dentelle-devant-et-tulle-sur-le-dos-taille-baisse\\\/#primaryimage\"},\"thumbnailUrl\":\"https:\\\/\\\/madame-sensuelle.paris\\\/wp-content\\\/uploads\\\/2025\\\/08\\\/XSHD1TJ6780.jpg\",\"datePublished\":\"2024-09-03T12:30:26+00:00\",\"dateModified\":\"2026-03-27T07:32:17+00:00\",\"description\":\"La collection Balance propose une culotte en dentelle s\u00e9duisante et envo\u00fbtante, avec une dentelle transparente \u00e0 l'avant. Le mod\u00e8le est v\u00eatu de tulle \u00e0 l'arri\u00e8re, ce qui permet de voir la beaut\u00e9 des courbes, et orn\u00e9 de guipure florale pour couvrir l'arrondi des fesses.\",\"breadcrumb\":{\"@id\":\"https:\\\/\\\/madame-sensuelle.paris\\\/fr\\\/product\\\/culotte-balance-en-dentelle-devant-et-tulle-sur-le-dos-taille-baisse\\\/#breadcrumb\"},\"inLanguage\":\"fr-FR\",\"potentialAction\":[{\"@type\":\"ReadAction\",\"target\":[\"https:\\\/\\\/madame-sensuelle.paris\\\/fr\\\/product\\\/culotte-balance-en-dentelle-devant-et-tulle-sur-le-dos-taille-baisse\\\/\"]}]},{\"@type\":\"ImageObject\",\"inLanguage\":\"fr-FR\",\"@id\":\"https:\\\/\\\/madame-sensuelle.paris\\\/fr\\\/product\\\/culotte-balance-en-dentelle-devant-et-tulle-sur-le-dos-taille-baisse\\\/#primaryimage\",\"url\":\"https:\\\/\\\/madame-sensuelle.paris\\\/wp-content\\\/uploads\\\/2025\\\/08\\\/XSHD1TJ6780.jpg\",\"contentUrl\":\"https:\\\/\\\/madame-sensuelle.paris\\\/wp-content\\\/uploads\\\/2025\\\/08\\\/XSHD1TJ6780.jpg\",\"width\":800,\"height\":1132},{\"@type\":\"BreadcrumbList\",\"@id\":\"https:\\\/\\\/madame-sensuelle.paris\\\/fr\\\/product\\\/culotte-balance-en-dentelle-devant-et-tulle-sur-le-dos-taille-baisse\\\/#breadcrumb\",\"itemListElement\":[{\"@type\":\"ListItem\",\"position\":1,\"name\":\"Acceuil\",\"item\":\"https:\\\/\\\/madame-sensuelle.paris\\\/fr\\\/\"},{\"@type\":\"ListItem\",\"position\":2,\"name\":\"Catalogue\",\"item\":\"https:\\\/\\\/madame-sensuelle.paris\\\/fr\\\/catalogue\\\/\"},{\"@type\":\"ListItem\",\"position\":3,\"name\":\"LUXXA\",\"item\":\"https:\\\/\\\/madame-sensuelle.paris\\\/fr\\\/brand\\\/luxxa\\\/\"},{\"@type\":\"ListItem\",\"position\":4,\"name\":\"Culotte Balance en dentelle devant et tulle sur le dos taille baisse\"}]},{\"@type\":\"WebSite\",\"@id\":\"https:\\\/\\\/madame-sensuelle.paris\\\/fr\\\/#website\",\"url\":\"https:\\\/\\\/madame-sensuelle.paris\\\/fr\\\/\",\"name\":\"MADAME SENSUELLE\",\"description\":\"MADAME SENSUELLE: Found the biggest exciting brands of chic &amp; SEXY LINGERIE in Paris Boutique and on the WEB: Aubade, Dita Von Teese, Maison Close, Marjolaine, Bluebella, Atelier Amour, Luxxa, Catanzaro, Gracija Rim. You will found the big pleasure of sexy belt or bra make for you\",\"publisher\":{\"@id\":\"https:\\\/\\\/madame-sensuelle.paris\\\/fr\\\/#organization\"},\"potentialAction\":[{\"@type\":\"SearchAction\",\"target\":{\"@type\":\"EntryPoint\",\"urlTemplate\":\"https:\\\/\\\/madame-sensuelle.paris\\\/fr\\\/?s={search_term_string}\"},\"query-input\":{\"@type\":\"PropertyValueSpecification\",\"valueRequired\":true,\"valueName\":\"search_term_string\"}}],\"inLanguage\":\"fr-FR\"},{\"@type\":\"Organization\",\"@id\":\"https:\\\/\\\/madame-sensuelle.paris\\\/fr\\\/#organization\",\"name\":\"Madame Sensuelle\",\"url\":\"https:\\\/\\\/madame-sensuelle.paris\\\/fr\\\/\",\"logo\":{\"@type\":\"ImageObject\",\"inLanguage\":\"fr-FR\",\"@id\":\"https:\\\/\\\/madame-sensuelle.paris\\\/fr\\\/#\\\/schema\\\/logo\\\/image\\\/\",\"url\":\"https:\\\/\\\/madame-sensuelle.paris\\\/wp-content\\\/uploads\\\/2024\\\/12\\\/logo_a-1-1_696.webp\",\"contentUrl\":\"https:\\\/\\\/madame-sensuelle.paris\\\/wp-content\\\/uploads\\\/2024\\\/12\\\/logo_a-1-1_696.webp\",\"width\":696,\"height\":696,\"caption\":\"Madame Sensuelle\"},\"image\":{\"@id\":\"https:\\\/\\\/madame-sensuelle.paris\\\/fr\\\/#\\\/schema\\\/logo\\\/image\\\/\"},\"sameAs\":[\"https:\\\/\\\/www.facebook.com\\\/madamesensuelle\",\"https:\\\/\\\/www.instagram.com\\\/madame_sensuelle\\\/\"]}]}<\/script>\n<!-- \/ Yoast SEO plugin. -->","yoast_head_json":{"title":"Culotte Balance en dentelle devant et tulle sur le dos taille baisse","description":"La collection Balance propose une culotte en dentelle s\u00e9duisante et envo\u00fbtante, avec une dentelle transparente \u00e0 l'avant. Le mod\u00e8le est v\u00eatu de tulle \u00e0 l'arri\u00e8re, ce qui permet de voir la beaut\u00e9 des courbes, et orn\u00e9 de guipure florale pour couvrir l'arrondi des fesses.","robots":{"index":"index","follow":"follow","max-snippet":"max-snippet:-1","max-image-preview":"max-image-preview:large","max-video-preview":"max-video-preview:-1"},"canonical":"https:\/\/madame-sensuelle.paris\/fr\/product\/culotte-balance-en-dentelle-devant-et-tulle-sur-le-dos-taille-baisse\/","og_locale":"fr_FR","og_type":"article","og_title":"Culotte Balance en dentelle devant et tulle sur le dos taille baisse","og_description":"La collection Balance propose une culotte en dentelle s\u00e9duisante et envo\u00fbtante, avec une dentelle transparente \u00e0 l'avant. Le mod\u00e8le est v\u00eatu de tulle \u00e0 l'arri\u00e8re, ce qui permet de voir la beaut\u00e9 des courbes, et orn\u00e9 de guipure florale pour couvrir l'arrondi des fesses.","og_url":"https:\/\/madame-sensuelle.paris\/fr\/product\/culotte-balance-en-dentelle-devant-et-tulle-sur-le-dos-taille-baisse\/","og_site_name":"Madame Sensuelle","article_publisher":"https:\/\/www.facebook.com\/madamesensuelle","article_modified_time":"2026-03-27T07:32:17+00:00","og_image":[{"width":800,"height":1132,"url":"https:\/\/madame-sensuelle.paris\/wp-content\/uploads\/2024\/09\/XSHD1TJ6780.jpg","type":"image\/jpeg"}],"twitter_card":"summary_large_image","twitter_misc":{"Dur\u00e9e de lecture estim\u00e9e":"1 minute"},"schema":{"@context":"https:\/\/schema.org","@graph":[{"@type":"WebPage","@id":"https:\/\/madame-sensuelle.paris\/fr\/product\/culotte-balance-en-dentelle-devant-et-tulle-sur-le-dos-taille-baisse\/","url":"https:\/\/madame-sensuelle.paris\/fr\/product\/culotte-balance-en-dentelle-devant-et-tulle-sur-le-dos-taille-baisse\/","name":"Culotte Balance en dentelle devant et tulle sur le dos taille baisse","isPartOf":{"@id":"https:\/\/madame-sensuelle.paris\/fr\/#website"},"primaryImageOfPage":{"@id":"https:\/\/madame-sensuelle.paris\/fr\/product\/culotte-balance-en-dentelle-devant-et-tulle-sur-le-dos-taille-baisse\/#primaryimage"},"image":{"@id":"https:\/\/madame-sensuelle.paris\/fr\/product\/culotte-balance-en-dentelle-devant-et-tulle-sur-le-dos-taille-baisse\/#primaryimage"},"thumbnailUrl":"https:\/\/madame-sensuelle.paris\/wp-content\/uploads\/2025\/08\/XSHD1TJ6780.jpg","datePublished":"2024-09-03T12:30:26+00:00","dateModified":"2026-03-27T07:32:17+00:00","description":"La collection Balance propose une culotte en dentelle s\u00e9duisante et envo\u00fbtante, avec une dentelle transparente \u00e0 l'avant. Le mod\u00e8le est v\u00eatu de tulle \u00e0 l'arri\u00e8re, ce qui permet de voir la beaut\u00e9 des courbes, et orn\u00e9 de guipure florale pour couvrir l'arrondi des fesses.","breadcrumb":{"@id":"https:\/\/madame-sensuelle.paris\/fr\/product\/culotte-balance-en-dentelle-devant-et-tulle-sur-le-dos-taille-baisse\/#breadcrumb"},"inLanguage":"fr-FR","potentialAction":[{"@type":"ReadAction","target":["https:\/\/madame-sensuelle.paris\/fr\/product\/culotte-balance-en-dentelle-devant-et-tulle-sur-le-dos-taille-baisse\/"]}]},{"@type":"ImageObject","inLanguage":"fr-FR","@id":"https:\/\/madame-sensuelle.paris\/fr\/product\/culotte-balance-en-dentelle-devant-et-tulle-sur-le-dos-taille-baisse\/#primaryimage","url":"https:\/\/madame-sensuelle.paris\/wp-content\/uploads\/2025\/08\/XSHD1TJ6780.jpg","contentUrl":"https:\/\/madame-sensuelle.paris\/wp-content\/uploads\/2025\/08\/XSHD1TJ6780.jpg","width":800,"height":1132},{"@type":"BreadcrumbList","@id":"https:\/\/madame-sensuelle.paris\/fr\/product\/culotte-balance-en-dentelle-devant-et-tulle-sur-le-dos-taille-baisse\/#breadcrumb","itemListElement":[{"@type":"ListItem","position":1,"name":"Acceuil","item":"https:\/\/madame-sensuelle.paris\/fr\/"},{"@type":"ListItem","position":2,"name":"Catalogue","item":"https:\/\/madame-sensuelle.paris\/fr\/catalogue\/"},{"@type":"ListItem","position":3,"name":"LUXXA","item":"https:\/\/madame-sensuelle.paris\/fr\/brand\/luxxa\/"},{"@type":"ListItem","position":4,"name":"Culotte Balance en dentelle devant et tulle sur le dos taille baisse"}]},{"@type":"WebSite","@id":"https:\/\/madame-sensuelle.paris\/fr\/#website","url":"https:\/\/madame-sensuelle.paris\/fr\/","name":"MADAME SENSUELLE","description":"MADAME SENSUELLE: Found the biggest exciting brands of chic &amp; SEXY LINGERIE in Paris Boutique and on the WEB: Aubade, Dita Von Teese, Maison Close, Marjolaine, Bluebella, Atelier Amour, Luxxa, Catanzaro, Gracija Rim. You will found the big pleasure of sexy belt or bra make for you","publisher":{"@id":"https:\/\/madame-sensuelle.paris\/fr\/#organization"},"potentialAction":[{"@type":"SearchAction","target":{"@type":"EntryPoint","urlTemplate":"https:\/\/madame-sensuelle.paris\/fr\/?s={search_term_string}"},"query-input":{"@type":"PropertyValueSpecification","valueRequired":true,"valueName":"search_term_string"}}],"inLanguage":"fr-FR"},{"@type":"Organization","@id":"https:\/\/madame-sensuelle.paris\/fr\/#organization","name":"Madame Sensuelle","url":"https:\/\/madame-sensuelle.paris\/fr\/","logo":{"@type":"ImageObject","inLanguage":"fr-FR","@id":"https:\/\/madame-sensuelle.paris\/fr\/#\/schema\/logo\/image\/","url":"https:\/\/madame-sensuelle.paris\/wp-content\/uploads\/2024\/12\/logo_a-1-1_696.webp","contentUrl":"https:\/\/madame-sensuelle.paris\/wp-content\/uploads\/2024\/12\/logo_a-1-1_696.webp","width":696,"height":696,"caption":"Madame Sensuelle"},"image":{"@id":"https:\/\/madame-sensuelle.paris\/fr\/#\/schema\/logo\/image\/"},"sameAs":["https:\/\/www.facebook.com\/madamesensuelle","https:\/\/www.instagram.com\/madame_sensuelle\/"]}]}},"brands":[],"_links":{"self":[{"href":"https:\/\/madame-sensuelle.paris\/fr\/wp-json\/wp\/v2\/product\/107533","targetHints":{"allow":["GET"]}}],"collection":[{"href":"https:\/\/madame-sensuelle.paris\/fr\/wp-json\/wp\/v2\/product"}],"about":[{"href":"https:\/\/madame-sensuelle.paris\/fr\/wp-json\/wp\/v2\/types\/product"}],"version-history":[{"count":1,"href":"https:\/\/madame-sensuelle.paris\/fr\/wp-json\/wp\/v2\/product\/107533\/revisions"}],"predecessor-version":[{"id":122790,"href":"https:\/\/madame-sensuelle.paris\/fr\/wp-json\/wp\/v2\/product\/107533\/revisions\/122790"}],"wp:featuredmedia":[{"embeddable":true,"href":"https:\/\/madame-sensuelle.paris\/fr\/wp-json\/wp\/v2\/media\/122784"}],"wp:attachment":[{"href":"https:\/\/madame-sensuelle.paris\/fr\/wp-json\/wp\/v2\/media?parent=107533"}],"wp:term":[{"taxonomy":"pwb-brand","embeddable":true,"href":"https:\/\/madame-sensuelle.paris\/fr\/wp-json\/wp\/v2\/pwb-brand?post=107533"},{"taxonomy":"product_brand","embeddable":true,"href":"https:\/\/madame-sensuelle.paris\/fr\/wp-json\/wp\/v2\/product_brand?post=107533"},{"taxonomy":"product_cat","embeddable":true,"href":"https:\/\/madame-sensuelle.paris\/fr\/wp-json\/wp\/v2\/product_cat?post=107533"},{"taxonomy":"product_tag","embeddable":true,"href":"https:\/\/madame-sensuelle.paris\/fr\/wp-json\/wp\/v2\/product_tag?post=107533"},{"taxonomy":"giftcard-category","embeddable":true,"href":"https:\/\/madame-sensuelle.paris\/fr\/wp-json\/wp\/v2\/giftcard-category?post=107533"}],"curies":[{"name":"wp","href":"https:\/\/api.w.org\/{rel}","templated":true}]}}