{"id":108209,"date":"2024-09-05T09:21:36","date_gmt":"2024-09-05T09:21:36","guid":{"rendered":"https:\/\/madame-sensuelle.paris\/product\/tanga-elixir-dentelle-ajouree-sur-le-dos-reglable\/"},"modified":"2026-03-30T13:31:45","modified_gmt":"2026-03-30T13:31:45","slug":"tanga-elixir-dentelle-ajouree-sur-le-dos-reglable","status":"publish","type":"product","link":"https:\/\/madame-sensuelle.paris\/fr\/product\/tanga-elixir-dentelle-ajouree-sur-le-dos-reglable\/","title":{"rendered":"Tanga Elixir dentelle ajour\u00e9e sur le dos r\u00e9glable"},"content":{"rendered":"<p>Le tanga \u00c9lixir est le parfait \u00e9quilibre entre sensualit\u00e9 et confort. Con\u00e7u pour mettre en valeur les courbes f\u00e9minines, ce tanga est dot\u00e9 de bretelles r\u00e9glables avec de d\u00e9licats accessoires en alliance or qui ajoutent une touche d&#8217;\u00e9l\u00e9gance.<\/p>\n","protected":false},"excerpt":{"rendered":"<p>Le tanga \u00c9lixir est le parfait \u00e9quilibre entre sensualit\u00e9 et confort. Con\u00e7u pour mettre en valeur les courbes f\u00e9minines, ce tanga est dot\u00e9 de bretelles r\u00e9glables avec de d\u00e9licats accessoires en alliance or qui ajoutent une touche d&#8217;\u00e9l\u00e9gance.<\/p>\n","protected":false},"featured_media":122741,"template":"","meta":[],"pwb-brand":[],"product_brand":[],"product_cat":[1270,1245,1231],"product_tag":[],"giftcard-category":[],"class_list":{"0":"post-108209","1":"product","2":"type-product","3":"status-publish","4":"has-post-thumbnail","6":"product_cat-culottes-sexy","7":"product_cat-lingerie-sexy-femme-erotique-et-glamour","8":"product_cat-string","10":"first","11":"instock","12":"taxable","13":"shipping-taxable","14":"purchasable","15":"product-type-variable","16":"has-default-attributes"},"yoast_head":"<!-- This site is optimized with the Yoast SEO plugin v27.3 - https:\/\/yoast.com\/product\/yoast-seo-wordpress\/ -->\n<title>Tanga Elixir dentelle ajour\u00e9e sur le dos r\u00e9glable \u2013 - Madame Sensuelle<\/title>\n<meta name=\"description\" content=\"Laissez-vous tenter par le Tanga Elixir en dentelle. Sensuel, raffin\u00e9 et irr\u00e9sistible. Essayez-le d\u00e8s aujourd\u2019hui et r\u00e9v\u00e9lez vos courbes avec \u00e9l\u00e9gance.\ud83e\udd70\" \/>\n<meta name=\"robots\" content=\"index, follow, max-snippet:-1, max-image-preview:large, max-video-preview:-1\" \/>\n<link rel=\"canonical\" href=\"https:\/\/madame-sensuelle.paris\/fr\/product\/tanga-elixir-dentelle-ajouree-sur-le-dos-reglable\/\" \/>\n<meta property=\"og:locale\" content=\"fr_FR\" \/>\n<meta property=\"og:type\" content=\"article\" \/>\n<meta property=\"og:title\" content=\"Tanga Elixir dentelle ajour\u00e9e sur le dos r\u00e9glable \u2013 - Madame Sensuelle\" \/>\n<meta property=\"og:description\" content=\"Laissez-vous tenter par le Tanga Elixir en dentelle. Sensuel, raffin\u00e9 et irr\u00e9sistible. Essayez-le d\u00e8s aujourd\u2019hui et r\u00e9v\u00e9lez vos courbes avec \u00e9l\u00e9gance.\ud83e\udd70\" \/>\n<meta property=\"og:url\" content=\"https:\/\/madame-sensuelle.paris\/fr\/product\/tanga-elixir-dentelle-ajouree-sur-le-dos-reglable\/\" \/>\n<meta property=\"og:site_name\" content=\"Madame Sensuelle\" \/>\n<meta property=\"article:publisher\" content=\"https:\/\/www.facebook.com\/madamesensuelle\" \/>\n<meta property=\"article:modified_time\" content=\"2026-03-30T13:31:45+00:00\" \/>\n<meta property=\"og:image\" content=\"http:\/\/madame-sensuelle.paris\/wp-content\/uploads\/2025\/08\/XSHD1TJ6783.jpg\" \/>\n\t<meta property=\"og:image:width\" content=\"800\" \/>\n\t<meta property=\"og:image:height\" content=\"1200\" \/>\n\t<meta property=\"og:image:type\" content=\"image\/jpeg\" \/>\n<meta name=\"twitter:card\" content=\"summary_large_image\" \/>\n<meta name=\"twitter:label1\" content=\"Dur\u00e9e de lecture estim\u00e9e\" \/>\n\t<meta name=\"twitter:data1\" content=\"1 minute\" \/>\n<script type=\"application\/ld+json\" class=\"yoast-schema-graph\">{\"@context\":\"https:\\\/\\\/schema.org\",\"@graph\":[{\"@type\":\"WebPage\",\"@id\":\"https:\\\/\\\/madame-sensuelle.paris\\\/fr\\\/product\\\/tanga-elixir-dentelle-ajouree-sur-le-dos-reglable\\\/\",\"url\":\"https:\\\/\\\/madame-sensuelle.paris\\\/fr\\\/product\\\/tanga-elixir-dentelle-ajouree-sur-le-dos-reglable\\\/\",\"name\":\"Tanga Elixir dentelle ajour\u00e9e sur le dos r\u00e9glable \u2013 - Madame Sensuelle\",\"isPartOf\":{\"@id\":\"https:\\\/\\\/madame-sensuelle.paris\\\/fr\\\/#website\"},\"primaryImageOfPage\":{\"@id\":\"https:\\\/\\\/madame-sensuelle.paris\\\/fr\\\/product\\\/tanga-elixir-dentelle-ajouree-sur-le-dos-reglable\\\/#primaryimage\"},\"image\":{\"@id\":\"https:\\\/\\\/madame-sensuelle.paris\\\/fr\\\/product\\\/tanga-elixir-dentelle-ajouree-sur-le-dos-reglable\\\/#primaryimage\"},\"thumbnailUrl\":\"https:\\\/\\\/madame-sensuelle.paris\\\/wp-content\\\/uploads\\\/2025\\\/08\\\/XSHD1TJ6783.jpg\",\"datePublished\":\"2024-09-05T09:21:36+00:00\",\"dateModified\":\"2026-03-30T13:31:45+00:00\",\"description\":\"Laissez-vous tenter par le Tanga Elixir en dentelle. Sensuel, raffin\u00e9 et irr\u00e9sistible. Essayez-le d\u00e8s aujourd\u2019hui et r\u00e9v\u00e9lez vos courbes avec \u00e9l\u00e9gance.\ud83e\udd70\",\"breadcrumb\":{\"@id\":\"https:\\\/\\\/madame-sensuelle.paris\\\/fr\\\/product\\\/tanga-elixir-dentelle-ajouree-sur-le-dos-reglable\\\/#breadcrumb\"},\"inLanguage\":\"fr-FR\",\"potentialAction\":[{\"@type\":\"ReadAction\",\"target\":[\"https:\\\/\\\/madame-sensuelle.paris\\\/fr\\\/product\\\/tanga-elixir-dentelle-ajouree-sur-le-dos-reglable\\\/\"]}]},{\"@type\":\"ImageObject\",\"inLanguage\":\"fr-FR\",\"@id\":\"https:\\\/\\\/madame-sensuelle.paris\\\/fr\\\/product\\\/tanga-elixir-dentelle-ajouree-sur-le-dos-reglable\\\/#primaryimage\",\"url\":\"https:\\\/\\\/madame-sensuelle.paris\\\/wp-content\\\/uploads\\\/2025\\\/08\\\/XSHD1TJ6783.jpg\",\"contentUrl\":\"https:\\\/\\\/madame-sensuelle.paris\\\/wp-content\\\/uploads\\\/2025\\\/08\\\/XSHD1TJ6783.jpg\",\"width\":800,\"height\":1200},{\"@type\":\"BreadcrumbList\",\"@id\":\"https:\\\/\\\/madame-sensuelle.paris\\\/fr\\\/product\\\/tanga-elixir-dentelle-ajouree-sur-le-dos-reglable\\\/#breadcrumb\",\"itemListElement\":[{\"@type\":\"ListItem\",\"position\":1,\"name\":\"Acceuil\",\"item\":\"https:\\\/\\\/madame-sensuelle.paris\\\/fr\\\/\"},{\"@type\":\"ListItem\",\"position\":2,\"name\":\"Catalogue\",\"item\":\"https:\\\/\\\/madame-sensuelle.paris\\\/fr\\\/catalogue\\\/\"},{\"@type\":\"ListItem\",\"position\":3,\"name\":\"Tanga Elixir dentelle ajour\u00e9e sur le dos r\u00e9glable\"}]},{\"@type\":\"WebSite\",\"@id\":\"https:\\\/\\\/madame-sensuelle.paris\\\/fr\\\/#website\",\"url\":\"https:\\\/\\\/madame-sensuelle.paris\\\/fr\\\/\",\"name\":\"MADAME SENSUELLE\",\"description\":\"MADAME SENSUELLE: Found the biggest exciting brands of chic &amp; SEXY LINGERIE in Paris Boutique and on the WEB: Aubade, Dita Von Teese, Maison Close, Marjolaine, Bluebella, Atelier Amour, Luxxa, Catanzaro, Gracija Rim. You will found the big pleasure of sexy belt or bra make for you\",\"publisher\":{\"@id\":\"https:\\\/\\\/madame-sensuelle.paris\\\/fr\\\/#organization\"},\"potentialAction\":[{\"@type\":\"SearchAction\",\"target\":{\"@type\":\"EntryPoint\",\"urlTemplate\":\"https:\\\/\\\/madame-sensuelle.paris\\\/fr\\\/?s={search_term_string}\"},\"query-input\":{\"@type\":\"PropertyValueSpecification\",\"valueRequired\":true,\"valueName\":\"search_term_string\"}}],\"inLanguage\":\"fr-FR\"},{\"@type\":\"Organization\",\"@id\":\"https:\\\/\\\/madame-sensuelle.paris\\\/fr\\\/#organization\",\"name\":\"Madame Sensuelle\",\"url\":\"https:\\\/\\\/madame-sensuelle.paris\\\/fr\\\/\",\"logo\":{\"@type\":\"ImageObject\",\"inLanguage\":\"fr-FR\",\"@id\":\"https:\\\/\\\/madame-sensuelle.paris\\\/fr\\\/#\\\/schema\\\/logo\\\/image\\\/\",\"url\":\"https:\\\/\\\/madame-sensuelle.paris\\\/wp-content\\\/uploads\\\/2024\\\/12\\\/logo_a-1-1_696.webp\",\"contentUrl\":\"https:\\\/\\\/madame-sensuelle.paris\\\/wp-content\\\/uploads\\\/2024\\\/12\\\/logo_a-1-1_696.webp\",\"width\":696,\"height\":696,\"caption\":\"Madame Sensuelle\"},\"image\":{\"@id\":\"https:\\\/\\\/madame-sensuelle.paris\\\/fr\\\/#\\\/schema\\\/logo\\\/image\\\/\"},\"sameAs\":[\"https:\\\/\\\/www.facebook.com\\\/madamesensuelle\",\"https:\\\/\\\/www.instagram.com\\\/madame_sensuelle\\\/\"]}]}<\/script>\n<!-- \/ Yoast SEO plugin. -->","yoast_head_json":{"title":"Tanga Elixir dentelle ajour\u00e9e sur le dos r\u00e9glable \u2013 - Madame Sensuelle","description":"Laissez-vous tenter par le Tanga Elixir en dentelle. Sensuel, raffin\u00e9 et irr\u00e9sistible. Essayez-le d\u00e8s aujourd\u2019hui et r\u00e9v\u00e9lez vos courbes avec \u00e9l\u00e9gance.\ud83e\udd70","robots":{"index":"index","follow":"follow","max-snippet":"max-snippet:-1","max-image-preview":"max-image-preview:large","max-video-preview":"max-video-preview:-1"},"canonical":"https:\/\/madame-sensuelle.paris\/fr\/product\/tanga-elixir-dentelle-ajouree-sur-le-dos-reglable\/","og_locale":"fr_FR","og_type":"article","og_title":"Tanga Elixir dentelle ajour\u00e9e sur le dos r\u00e9glable \u2013 - Madame Sensuelle","og_description":"Laissez-vous tenter par le Tanga Elixir en dentelle. Sensuel, raffin\u00e9 et irr\u00e9sistible. Essayez-le d\u00e8s aujourd\u2019hui et r\u00e9v\u00e9lez vos courbes avec \u00e9l\u00e9gance.\ud83e\udd70","og_url":"https:\/\/madame-sensuelle.paris\/fr\/product\/tanga-elixir-dentelle-ajouree-sur-le-dos-reglable\/","og_site_name":"Madame Sensuelle","article_publisher":"https:\/\/www.facebook.com\/madamesensuelle","article_modified_time":"2026-03-30T13:31:45+00:00","og_image":[{"width":800,"height":1200,"url":"http:\/\/madame-sensuelle.paris\/wp-content\/uploads\/2025\/08\/XSHD1TJ6783.jpg","type":"image\/jpeg"}],"twitter_card":"summary_large_image","twitter_misc":{"Dur\u00e9e de lecture estim\u00e9e":"1 minute"},"schema":{"@context":"https:\/\/schema.org","@graph":[{"@type":"WebPage","@id":"https:\/\/madame-sensuelle.paris\/fr\/product\/tanga-elixir-dentelle-ajouree-sur-le-dos-reglable\/","url":"https:\/\/madame-sensuelle.paris\/fr\/product\/tanga-elixir-dentelle-ajouree-sur-le-dos-reglable\/","name":"Tanga Elixir dentelle ajour\u00e9e sur le dos r\u00e9glable \u2013 - Madame Sensuelle","isPartOf":{"@id":"https:\/\/madame-sensuelle.paris\/fr\/#website"},"primaryImageOfPage":{"@id":"https:\/\/madame-sensuelle.paris\/fr\/product\/tanga-elixir-dentelle-ajouree-sur-le-dos-reglable\/#primaryimage"},"image":{"@id":"https:\/\/madame-sensuelle.paris\/fr\/product\/tanga-elixir-dentelle-ajouree-sur-le-dos-reglable\/#primaryimage"},"thumbnailUrl":"https:\/\/madame-sensuelle.paris\/wp-content\/uploads\/2025\/08\/XSHD1TJ6783.jpg","datePublished":"2024-09-05T09:21:36+00:00","dateModified":"2026-03-30T13:31:45+00:00","description":"Laissez-vous tenter par le Tanga Elixir en dentelle. Sensuel, raffin\u00e9 et irr\u00e9sistible. Essayez-le d\u00e8s aujourd\u2019hui et r\u00e9v\u00e9lez vos courbes avec \u00e9l\u00e9gance.\ud83e\udd70","breadcrumb":{"@id":"https:\/\/madame-sensuelle.paris\/fr\/product\/tanga-elixir-dentelle-ajouree-sur-le-dos-reglable\/#breadcrumb"},"inLanguage":"fr-FR","potentialAction":[{"@type":"ReadAction","target":["https:\/\/madame-sensuelle.paris\/fr\/product\/tanga-elixir-dentelle-ajouree-sur-le-dos-reglable\/"]}]},{"@type":"ImageObject","inLanguage":"fr-FR","@id":"https:\/\/madame-sensuelle.paris\/fr\/product\/tanga-elixir-dentelle-ajouree-sur-le-dos-reglable\/#primaryimage","url":"https:\/\/madame-sensuelle.paris\/wp-content\/uploads\/2025\/08\/XSHD1TJ6783.jpg","contentUrl":"https:\/\/madame-sensuelle.paris\/wp-content\/uploads\/2025\/08\/XSHD1TJ6783.jpg","width":800,"height":1200},{"@type":"BreadcrumbList","@id":"https:\/\/madame-sensuelle.paris\/fr\/product\/tanga-elixir-dentelle-ajouree-sur-le-dos-reglable\/#breadcrumb","itemListElement":[{"@type":"ListItem","position":1,"name":"Acceuil","item":"https:\/\/madame-sensuelle.paris\/fr\/"},{"@type":"ListItem","position":2,"name":"Catalogue","item":"https:\/\/madame-sensuelle.paris\/fr\/catalogue\/"},{"@type":"ListItem","position":3,"name":"Tanga Elixir dentelle ajour\u00e9e sur le dos r\u00e9glable"}]},{"@type":"WebSite","@id":"https:\/\/madame-sensuelle.paris\/fr\/#website","url":"https:\/\/madame-sensuelle.paris\/fr\/","name":"MADAME SENSUELLE","description":"MADAME SENSUELLE: Found the biggest exciting brands of chic &amp; SEXY LINGERIE in Paris Boutique and on the WEB: Aubade, Dita Von Teese, Maison Close, Marjolaine, Bluebella, Atelier Amour, Luxxa, Catanzaro, Gracija Rim. You will found the big pleasure of sexy belt or bra make for you","publisher":{"@id":"https:\/\/madame-sensuelle.paris\/fr\/#organization"},"potentialAction":[{"@type":"SearchAction","target":{"@type":"EntryPoint","urlTemplate":"https:\/\/madame-sensuelle.paris\/fr\/?s={search_term_string}"},"query-input":{"@type":"PropertyValueSpecification","valueRequired":true,"valueName":"search_term_string"}}],"inLanguage":"fr-FR"},{"@type":"Organization","@id":"https:\/\/madame-sensuelle.paris\/fr\/#organization","name":"Madame Sensuelle","url":"https:\/\/madame-sensuelle.paris\/fr\/","logo":{"@type":"ImageObject","inLanguage":"fr-FR","@id":"https:\/\/madame-sensuelle.paris\/fr\/#\/schema\/logo\/image\/","url":"https:\/\/madame-sensuelle.paris\/wp-content\/uploads\/2024\/12\/logo_a-1-1_696.webp","contentUrl":"https:\/\/madame-sensuelle.paris\/wp-content\/uploads\/2024\/12\/logo_a-1-1_696.webp","width":696,"height":696,"caption":"Madame Sensuelle"},"image":{"@id":"https:\/\/madame-sensuelle.paris\/fr\/#\/schema\/logo\/image\/"},"sameAs":["https:\/\/www.facebook.com\/madamesensuelle","https:\/\/www.instagram.com\/madame_sensuelle\/"]}]}},"brands":[],"_links":{"self":[{"href":"https:\/\/madame-sensuelle.paris\/fr\/wp-json\/wp\/v2\/product\/108209","targetHints":{"allow":["GET"]}}],"collection":[{"href":"https:\/\/madame-sensuelle.paris\/fr\/wp-json\/wp\/v2\/product"}],"about":[{"href":"https:\/\/madame-sensuelle.paris\/fr\/wp-json\/wp\/v2\/types\/product"}],"version-history":[{"count":1,"href":"https:\/\/madame-sensuelle.paris\/fr\/wp-json\/wp\/v2\/product\/108209\/revisions"}],"predecessor-version":[{"id":122803,"href":"https:\/\/madame-sensuelle.paris\/fr\/wp-json\/wp\/v2\/product\/108209\/revisions\/122803"}],"wp:featuredmedia":[{"embeddable":true,"href":"https:\/\/madame-sensuelle.paris\/fr\/wp-json\/wp\/v2\/media\/122741"}],"wp:attachment":[{"href":"https:\/\/madame-sensuelle.paris\/fr\/wp-json\/wp\/v2\/media?parent=108209"}],"wp:term":[{"taxonomy":"pwb-brand","embeddable":true,"href":"https:\/\/madame-sensuelle.paris\/fr\/wp-json\/wp\/v2\/pwb-brand?post=108209"},{"taxonomy":"product_brand","embeddable":true,"href":"https:\/\/madame-sensuelle.paris\/fr\/wp-json\/wp\/v2\/product_brand?post=108209"},{"taxonomy":"product_cat","embeddable":true,"href":"https:\/\/madame-sensuelle.paris\/fr\/wp-json\/wp\/v2\/product_cat?post=108209"},{"taxonomy":"product_tag","embeddable":true,"href":"https:\/\/madame-sensuelle.paris\/fr\/wp-json\/wp\/v2\/product_tag?post=108209"},{"taxonomy":"giftcard-category","embeddable":true,"href":"https:\/\/madame-sensuelle.paris\/fr\/wp-json\/wp\/v2\/giftcard-category?post=108209"}],"curies":[{"name":"wp","href":"https:\/\/api.w.org\/{rel}","templated":true}]}}