{"id":108488,"date":"2024-09-17T08:53:32","date_gmt":"2024-09-17T08:53:32","guid":{"rendered":"https:\/\/madame-sensuelle.paris\/product\/robe-en-lycra-megane-courte-avec-pastilles-volumineux-et-dos-nu\/"},"modified":"2026-03-29T09:25:22","modified_gmt":"2026-03-29T09:25:22","slug":"robe-en-lycra-megane-courte-avec-pastilles-volumineux-et-dos-nu","status":"publish","type":"product","link":"https:\/\/madame-sensuelle.paris\/fr\/product\/robe-en-lycra-megane-courte-avec-pastilles-volumineux-et-dos-nu\/","title":{"rendered":"Robe en lycra Megane courte avec pastilles volumineux et dos nu"},"content":{"rendered":"<p><span>Robe en lycra Megane courte avec pastilles volumineux et dos nu<\/span><\/p><\/p>\n","protected":false},"excerpt":{"rendered":"<p><\/p>\n","protected":false},"featured_media":109056,"template":"","meta":[],"pwb-brand":[2766,2780],"product_brand":[],"product_cat":[1239,1429,1235],"product_tag":[],"giftcard-category":[],"class_list":{"0":"post-108488","1":"product","2":"type-product","3":"status-publish","4":"has-post-thumbnail","6":"pwb-brand-catanzaro","7":"pwb-brand-impudique","8":"product_cat-longewear","9":"product_cat-uncategorized-fr","10":"product_cat-robes-sexy","12":"first","13":"instock","14":"taxable","15":"shipping-taxable","16":"purchasable","17":"product-type-variable","18":"has-default-attributes"},"yoast_head":"<!-- This site is optimized with the Yoast SEO plugin v27.3 - https:\/\/yoast.com\/product\/yoast-seo-wordpress\/ -->\n<title>Robe en lycra Megane courte avec pastilles volumineux et dos nu \u2013 CATANZARO, Impudique - Madame Sensuelle<\/title>\n<meta name=\"description\" content=\"cliquer pour visionner l&#039;article : Une silhouette sculpt\u00e9e, un impact imm\u00e9diat.Confectionn\u00e9e dans un lycra fluide et seconde peau, la robe Megane \u00e9pouse les formes avec audace. Ses pastilles volumineuses captent la lumi\u00e8re et cr\u00e9ent un jeu de textures irr\u00e9sistible.Le dos nu enti\u00e8rement d\u00e9gag\u00e9 d\u00e9voile juste ce qu\u2019il faut, pour une allure assur\u00e9e, sensuelle et affirm\u00e9e.Megane, c\u2019est la robe qui ne passe jamais inaper\u00e7ue \u2014 pens\u00e9e pour briller, dessin\u00e9e pour marquer\" \/>\n<meta name=\"robots\" content=\"index, follow, max-snippet:-1, max-image-preview:large, max-video-preview:-1\" \/>\n<link rel=\"canonical\" href=\"https:\/\/madame-sensuelle.paris\/fr\/product\/robe-en-lycra-megane-courte-avec-pastilles-volumineux-et-dos-nu\/\" \/>\n<meta property=\"og:locale\" content=\"fr_FR\" \/>\n<meta property=\"og:type\" content=\"article\" \/>\n<meta property=\"og:title\" content=\"Robe en lycra Megane courte avec pastilles volumineux et dos nu \u2013 CATANZARO, Impudique - Madame Sensuelle\" \/>\n<meta property=\"og:description\" content=\"cliquer pour visionner l&#039;article : Une silhouette sculpt\u00e9e, un impact imm\u00e9diat.Confectionn\u00e9e dans un lycra fluide et seconde peau, la robe Megane \u00e9pouse les formes avec audace. Ses pastilles volumineuses captent la lumi\u00e8re et cr\u00e9ent un jeu de textures irr\u00e9sistible.Le dos nu enti\u00e8rement d\u00e9gag\u00e9 d\u00e9voile juste ce qu\u2019il faut, pour une allure assur\u00e9e, sensuelle et affirm\u00e9e.Megane, c\u2019est la robe qui ne passe jamais inaper\u00e7ue \u2014 pens\u00e9e pour briller, dessin\u00e9e pour marquer\" \/>\n<meta property=\"og:url\" content=\"https:\/\/madame-sensuelle.paris\/fr\/product\/robe-en-lycra-megane-courte-avec-pastilles-volumineux-et-dos-nu\/\" \/>\n<meta property=\"og:site_name\" content=\"Madame Sensuelle\" \/>\n<meta property=\"article:publisher\" content=\"https:\/\/www.facebook.com\/madamesensuelle\" \/>\n<meta property=\"article:modified_time\" content=\"2026-03-29T09:25:22+00:00\" \/>\n<meta property=\"og:image\" content=\"http:\/\/madame-sensuelle.paris\/wp-content\/uploads\/2024\/09\/XSHD1TJ6818-1.jpg\" \/>\n\t<meta property=\"og:image:width\" content=\"750\" \/>\n\t<meta property=\"og:image:height\" content=\"750\" \/>\n\t<meta property=\"og:image:type\" content=\"image\/jpeg\" \/>\n<meta name=\"twitter:card\" content=\"summary_large_image\" \/>\n<meta name=\"twitter:label1\" content=\"Dur\u00e9e de lecture estim\u00e9e\" \/>\n\t<meta name=\"twitter:data1\" content=\"1 minute\" \/>\n<script type=\"application\/ld+json\" class=\"yoast-schema-graph\">{\"@context\":\"https:\\\/\\\/schema.org\",\"@graph\":[{\"@type\":\"WebPage\",\"@id\":\"https:\\\/\\\/madame-sensuelle.paris\\\/fr\\\/product\\\/robe-en-lycra-megane-courte-avec-pastilles-volumineux-et-dos-nu\\\/\",\"url\":\"https:\\\/\\\/madame-sensuelle.paris\\\/fr\\\/product\\\/robe-en-lycra-megane-courte-avec-pastilles-volumineux-et-dos-nu\\\/\",\"name\":\"Robe en lycra Megane courte avec pastilles volumineux et dos nu \u2013 CATANZARO, Impudique - Madame Sensuelle\",\"isPartOf\":{\"@id\":\"https:\\\/\\\/madame-sensuelle.paris\\\/fr\\\/#website\"},\"primaryImageOfPage\":{\"@id\":\"https:\\\/\\\/madame-sensuelle.paris\\\/fr\\\/product\\\/robe-en-lycra-megane-courte-avec-pastilles-volumineux-et-dos-nu\\\/#primaryimage\"},\"image\":{\"@id\":\"https:\\\/\\\/madame-sensuelle.paris\\\/fr\\\/product\\\/robe-en-lycra-megane-courte-avec-pastilles-volumineux-et-dos-nu\\\/#primaryimage\"},\"thumbnailUrl\":\"https:\\\/\\\/madame-sensuelle.paris\\\/wp-content\\\/uploads\\\/2024\\\/09\\\/XSHD1TJ6818-1.jpg\",\"datePublished\":\"2024-09-17T08:53:32+00:00\",\"dateModified\":\"2026-03-29T09:25:22+00:00\",\"description\":\"cliquer pour visionner l'article : Une silhouette sculpt\u00e9e, un impact imm\u00e9diat.Confectionn\u00e9e dans un lycra fluide et seconde peau, la robe Megane \u00e9pouse les formes avec audace. Ses pastilles volumineuses captent la lumi\u00e8re et cr\u00e9ent un jeu de textures irr\u00e9sistible.Le dos nu enti\u00e8rement d\u00e9gag\u00e9 d\u00e9voile juste ce qu\u2019il faut, pour une allure assur\u00e9e, sensuelle et affirm\u00e9e.Megane, c\u2019est la robe qui ne passe jamais inaper\u00e7ue \u2014 pens\u00e9e pour briller, dessin\u00e9e pour marquer\",\"breadcrumb\":{\"@id\":\"https:\\\/\\\/madame-sensuelle.paris\\\/fr\\\/product\\\/robe-en-lycra-megane-courte-avec-pastilles-volumineux-et-dos-nu\\\/#breadcrumb\"},\"inLanguage\":\"fr-FR\",\"potentialAction\":[{\"@type\":\"ReadAction\",\"target\":[\"https:\\\/\\\/madame-sensuelle.paris\\\/fr\\\/product\\\/robe-en-lycra-megane-courte-avec-pastilles-volumineux-et-dos-nu\\\/\"]}]},{\"@type\":\"ImageObject\",\"inLanguage\":\"fr-FR\",\"@id\":\"https:\\\/\\\/madame-sensuelle.paris\\\/fr\\\/product\\\/robe-en-lycra-megane-courte-avec-pastilles-volumineux-et-dos-nu\\\/#primaryimage\",\"url\":\"https:\\\/\\\/madame-sensuelle.paris\\\/wp-content\\\/uploads\\\/2024\\\/09\\\/XSHD1TJ6818-1.jpg\",\"contentUrl\":\"https:\\\/\\\/madame-sensuelle.paris\\\/wp-content\\\/uploads\\\/2024\\\/09\\\/XSHD1TJ6818-1.jpg\",\"width\":750,\"height\":750},{\"@type\":\"BreadcrumbList\",\"@id\":\"https:\\\/\\\/madame-sensuelle.paris\\\/fr\\\/product\\\/robe-en-lycra-megane-courte-avec-pastilles-volumineux-et-dos-nu\\\/#breadcrumb\",\"itemListElement\":[{\"@type\":\"ListItem\",\"position\":1,\"name\":\"Acceuil\",\"item\":\"https:\\\/\\\/madame-sensuelle.paris\\\/fr\\\/\"},{\"@type\":\"ListItem\",\"position\":2,\"name\":\"Catalogue\",\"item\":\"https:\\\/\\\/madame-sensuelle.paris\\\/fr\\\/catalogue\\\/\"},{\"@type\":\"ListItem\",\"position\":3,\"name\":\"CATANZARO\",\"item\":\"https:\\\/\\\/madame-sensuelle.paris\\\/fr\\\/brand\\\/catanzaro\\\/\"},{\"@type\":\"ListItem\",\"position\":4,\"name\":\"Robe en lycra Megane courte avec pastilles volumineux et dos nu\"}]},{\"@type\":\"WebSite\",\"@id\":\"https:\\\/\\\/madame-sensuelle.paris\\\/fr\\\/#website\",\"url\":\"https:\\\/\\\/madame-sensuelle.paris\\\/fr\\\/\",\"name\":\"MADAME SENSUELLE\",\"description\":\"MADAME SENSUELLE: Found the biggest exciting brands of chic &amp; SEXY LINGERIE in Paris Boutique and on the WEB: Aubade, Dita Von Teese, Maison Close, Marjolaine, Bluebella, Atelier Amour, Luxxa, Catanzaro, Gracija Rim. You will found the big pleasure of sexy belt or bra make for you\",\"publisher\":{\"@id\":\"https:\\\/\\\/madame-sensuelle.paris\\\/fr\\\/#organization\"},\"potentialAction\":[{\"@type\":\"SearchAction\",\"target\":{\"@type\":\"EntryPoint\",\"urlTemplate\":\"https:\\\/\\\/madame-sensuelle.paris\\\/fr\\\/?s={search_term_string}\"},\"query-input\":{\"@type\":\"PropertyValueSpecification\",\"valueRequired\":true,\"valueName\":\"search_term_string\"}}],\"inLanguage\":\"fr-FR\"},{\"@type\":\"Organization\",\"@id\":\"https:\\\/\\\/madame-sensuelle.paris\\\/fr\\\/#organization\",\"name\":\"Madame Sensuelle\",\"url\":\"https:\\\/\\\/madame-sensuelle.paris\\\/fr\\\/\",\"logo\":{\"@type\":\"ImageObject\",\"inLanguage\":\"fr-FR\",\"@id\":\"https:\\\/\\\/madame-sensuelle.paris\\\/fr\\\/#\\\/schema\\\/logo\\\/image\\\/\",\"url\":\"https:\\\/\\\/madame-sensuelle.paris\\\/wp-content\\\/uploads\\\/2024\\\/12\\\/logo_a-1-1_696.webp\",\"contentUrl\":\"https:\\\/\\\/madame-sensuelle.paris\\\/wp-content\\\/uploads\\\/2024\\\/12\\\/logo_a-1-1_696.webp\",\"width\":696,\"height\":696,\"caption\":\"Madame Sensuelle\"},\"image\":{\"@id\":\"https:\\\/\\\/madame-sensuelle.paris\\\/fr\\\/#\\\/schema\\\/logo\\\/image\\\/\"},\"sameAs\":[\"https:\\\/\\\/www.facebook.com\\\/madamesensuelle\",\"https:\\\/\\\/www.instagram.com\\\/madame_sensuelle\\\/\"]}]}<\/script>\n<!-- \/ Yoast SEO plugin. -->","yoast_head_json":{"title":"Robe en lycra Megane courte avec pastilles volumineux et dos nu \u2013 CATANZARO, Impudique - Madame Sensuelle","description":"cliquer pour visionner l'article : Une silhouette sculpt\u00e9e, un impact imm\u00e9diat.Confectionn\u00e9e dans un lycra fluide et seconde peau, la robe Megane \u00e9pouse les formes avec audace. Ses pastilles volumineuses captent la lumi\u00e8re et cr\u00e9ent un jeu de textures irr\u00e9sistible.Le dos nu enti\u00e8rement d\u00e9gag\u00e9 d\u00e9voile juste ce qu\u2019il faut, pour une allure assur\u00e9e, sensuelle et affirm\u00e9e.Megane, c\u2019est la robe qui ne passe jamais inaper\u00e7ue \u2014 pens\u00e9e pour briller, dessin\u00e9e pour marquer","robots":{"index":"index","follow":"follow","max-snippet":"max-snippet:-1","max-image-preview":"max-image-preview:large","max-video-preview":"max-video-preview:-1"},"canonical":"https:\/\/madame-sensuelle.paris\/fr\/product\/robe-en-lycra-megane-courte-avec-pastilles-volumineux-et-dos-nu\/","og_locale":"fr_FR","og_type":"article","og_title":"Robe en lycra Megane courte avec pastilles volumineux et dos nu \u2013 CATANZARO, Impudique - Madame Sensuelle","og_description":"cliquer pour visionner l'article : Une silhouette sculpt\u00e9e, un impact imm\u00e9diat.Confectionn\u00e9e dans un lycra fluide et seconde peau, la robe Megane \u00e9pouse les formes avec audace. Ses pastilles volumineuses captent la lumi\u00e8re et cr\u00e9ent un jeu de textures irr\u00e9sistible.Le dos nu enti\u00e8rement d\u00e9gag\u00e9 d\u00e9voile juste ce qu\u2019il faut, pour une allure assur\u00e9e, sensuelle et affirm\u00e9e.Megane, c\u2019est la robe qui ne passe jamais inaper\u00e7ue \u2014 pens\u00e9e pour briller, dessin\u00e9e pour marquer","og_url":"https:\/\/madame-sensuelle.paris\/fr\/product\/robe-en-lycra-megane-courte-avec-pastilles-volumineux-et-dos-nu\/","og_site_name":"Madame Sensuelle","article_publisher":"https:\/\/www.facebook.com\/madamesensuelle","article_modified_time":"2026-03-29T09:25:22+00:00","og_image":[{"width":750,"height":750,"url":"http:\/\/madame-sensuelle.paris\/wp-content\/uploads\/2024\/09\/XSHD1TJ6818-1.jpg","type":"image\/jpeg"}],"twitter_card":"summary_large_image","twitter_misc":{"Dur\u00e9e de lecture estim\u00e9e":"1 minute"},"schema":{"@context":"https:\/\/schema.org","@graph":[{"@type":"WebPage","@id":"https:\/\/madame-sensuelle.paris\/fr\/product\/robe-en-lycra-megane-courte-avec-pastilles-volumineux-et-dos-nu\/","url":"https:\/\/madame-sensuelle.paris\/fr\/product\/robe-en-lycra-megane-courte-avec-pastilles-volumineux-et-dos-nu\/","name":"Robe en lycra Megane courte avec pastilles volumineux et dos nu \u2013 CATANZARO, Impudique - Madame Sensuelle","isPartOf":{"@id":"https:\/\/madame-sensuelle.paris\/fr\/#website"},"primaryImageOfPage":{"@id":"https:\/\/madame-sensuelle.paris\/fr\/product\/robe-en-lycra-megane-courte-avec-pastilles-volumineux-et-dos-nu\/#primaryimage"},"image":{"@id":"https:\/\/madame-sensuelle.paris\/fr\/product\/robe-en-lycra-megane-courte-avec-pastilles-volumineux-et-dos-nu\/#primaryimage"},"thumbnailUrl":"https:\/\/madame-sensuelle.paris\/wp-content\/uploads\/2024\/09\/XSHD1TJ6818-1.jpg","datePublished":"2024-09-17T08:53:32+00:00","dateModified":"2026-03-29T09:25:22+00:00","description":"cliquer pour visionner l'article : Une silhouette sculpt\u00e9e, un impact imm\u00e9diat.Confectionn\u00e9e dans un lycra fluide et seconde peau, la robe Megane \u00e9pouse les formes avec audace. Ses pastilles volumineuses captent la lumi\u00e8re et cr\u00e9ent un jeu de textures irr\u00e9sistible.Le dos nu enti\u00e8rement d\u00e9gag\u00e9 d\u00e9voile juste ce qu\u2019il faut, pour une allure assur\u00e9e, sensuelle et affirm\u00e9e.Megane, c\u2019est la robe qui ne passe jamais inaper\u00e7ue \u2014 pens\u00e9e pour briller, dessin\u00e9e pour marquer","breadcrumb":{"@id":"https:\/\/madame-sensuelle.paris\/fr\/product\/robe-en-lycra-megane-courte-avec-pastilles-volumineux-et-dos-nu\/#breadcrumb"},"inLanguage":"fr-FR","potentialAction":[{"@type":"ReadAction","target":["https:\/\/madame-sensuelle.paris\/fr\/product\/robe-en-lycra-megane-courte-avec-pastilles-volumineux-et-dos-nu\/"]}]},{"@type":"ImageObject","inLanguage":"fr-FR","@id":"https:\/\/madame-sensuelle.paris\/fr\/product\/robe-en-lycra-megane-courte-avec-pastilles-volumineux-et-dos-nu\/#primaryimage","url":"https:\/\/madame-sensuelle.paris\/wp-content\/uploads\/2024\/09\/XSHD1TJ6818-1.jpg","contentUrl":"https:\/\/madame-sensuelle.paris\/wp-content\/uploads\/2024\/09\/XSHD1TJ6818-1.jpg","width":750,"height":750},{"@type":"BreadcrumbList","@id":"https:\/\/madame-sensuelle.paris\/fr\/product\/robe-en-lycra-megane-courte-avec-pastilles-volumineux-et-dos-nu\/#breadcrumb","itemListElement":[{"@type":"ListItem","position":1,"name":"Acceuil","item":"https:\/\/madame-sensuelle.paris\/fr\/"},{"@type":"ListItem","position":2,"name":"Catalogue","item":"https:\/\/madame-sensuelle.paris\/fr\/catalogue\/"},{"@type":"ListItem","position":3,"name":"CATANZARO","item":"https:\/\/madame-sensuelle.paris\/fr\/brand\/catanzaro\/"},{"@type":"ListItem","position":4,"name":"Robe en lycra Megane courte avec pastilles volumineux et dos nu"}]},{"@type":"WebSite","@id":"https:\/\/madame-sensuelle.paris\/fr\/#website","url":"https:\/\/madame-sensuelle.paris\/fr\/","name":"MADAME SENSUELLE","description":"MADAME SENSUELLE: Found the biggest exciting brands of chic &amp; SEXY LINGERIE in Paris Boutique and on the WEB: Aubade, Dita Von Teese, Maison Close, Marjolaine, Bluebella, Atelier Amour, Luxxa, Catanzaro, Gracija Rim. You will found the big pleasure of sexy belt or bra make for you","publisher":{"@id":"https:\/\/madame-sensuelle.paris\/fr\/#organization"},"potentialAction":[{"@type":"SearchAction","target":{"@type":"EntryPoint","urlTemplate":"https:\/\/madame-sensuelle.paris\/fr\/?s={search_term_string}"},"query-input":{"@type":"PropertyValueSpecification","valueRequired":true,"valueName":"search_term_string"}}],"inLanguage":"fr-FR"},{"@type":"Organization","@id":"https:\/\/madame-sensuelle.paris\/fr\/#organization","name":"Madame Sensuelle","url":"https:\/\/madame-sensuelle.paris\/fr\/","logo":{"@type":"ImageObject","inLanguage":"fr-FR","@id":"https:\/\/madame-sensuelle.paris\/fr\/#\/schema\/logo\/image\/","url":"https:\/\/madame-sensuelle.paris\/wp-content\/uploads\/2024\/12\/logo_a-1-1_696.webp","contentUrl":"https:\/\/madame-sensuelle.paris\/wp-content\/uploads\/2024\/12\/logo_a-1-1_696.webp","width":696,"height":696,"caption":"Madame Sensuelle"},"image":{"@id":"https:\/\/madame-sensuelle.paris\/fr\/#\/schema\/logo\/image\/"},"sameAs":["https:\/\/www.facebook.com\/madamesensuelle","https:\/\/www.instagram.com\/madame_sensuelle\/"]}]}},"brands":[{"id":2766,"name":"CATANZARO","slug":"catanzaro"},{"id":2780,"name":"Impudique","slug":"impudique"}],"_links":{"self":[{"href":"https:\/\/madame-sensuelle.paris\/fr\/wp-json\/wp\/v2\/product\/108488","targetHints":{"allow":["GET"]}}],"collection":[{"href":"https:\/\/madame-sensuelle.paris\/fr\/wp-json\/wp\/v2\/product"}],"about":[{"href":"https:\/\/madame-sensuelle.paris\/fr\/wp-json\/wp\/v2\/types\/product"}],"version-history":[{"count":1,"href":"https:\/\/madame-sensuelle.paris\/fr\/wp-json\/wp\/v2\/product\/108488\/revisions"}],"predecessor-version":[{"id":118332,"href":"https:\/\/madame-sensuelle.paris\/fr\/wp-json\/wp\/v2\/product\/108488\/revisions\/118332"}],"wp:featuredmedia":[{"embeddable":true,"href":"https:\/\/madame-sensuelle.paris\/fr\/wp-json\/wp\/v2\/media\/109056"}],"wp:attachment":[{"href":"https:\/\/madame-sensuelle.paris\/fr\/wp-json\/wp\/v2\/media?parent=108488"}],"wp:term":[{"taxonomy":"pwb-brand","embeddable":true,"href":"https:\/\/madame-sensuelle.paris\/fr\/wp-json\/wp\/v2\/pwb-brand?post=108488"},{"taxonomy":"product_brand","embeddable":true,"href":"https:\/\/madame-sensuelle.paris\/fr\/wp-json\/wp\/v2\/product_brand?post=108488"},{"taxonomy":"product_cat","embeddable":true,"href":"https:\/\/madame-sensuelle.paris\/fr\/wp-json\/wp\/v2\/product_cat?post=108488"},{"taxonomy":"product_tag","embeddable":true,"href":"https:\/\/madame-sensuelle.paris\/fr\/wp-json\/wp\/v2\/product_tag?post=108488"},{"taxonomy":"giftcard-category","embeddable":true,"href":"https:\/\/madame-sensuelle.paris\/fr\/wp-json\/wp\/v2\/giftcard-category?post=108488"}],"curies":[{"name":"wp","href":"https:\/\/api.w.org\/{rel}","templated":true}]}}