{"id":108571,"date":"2024-09-17T09:47:22","date_gmt":"2024-09-17T09:47:22","guid":{"rendered":"https:\/\/madame-sensuelle.paris\/product\/robe-courte-french-kiss-dos-nu-a-manches-longues\/"},"modified":"2026-05-05T11:30:21","modified_gmt":"2026-05-05T11:30:21","slug":"robe-courte-french-kiss-dos-nu-a-manches-longues","status":"publish","type":"product","link":"https:\/\/madame-sensuelle.paris\/fr\/product\/robe-courte-french-kiss-dos-nu-a-manches-longues\/","title":{"rendered":"Robe courte French Kiss dos nu \u00e0 manches longues"},"content":{"rendered":"<div class=\"flex max-w-full flex-col flex-grow\">\n<div class=\"min-h-8 text-message relative flex w-full flex-col items-end gap-2 whitespace-normal break-words text-start [.text-message+&amp;]:mt-5\" dir=\"auto\" data-message-author-role=\"assistant\" data-message-id=\"3d576c69-a87f-447d-8b9d-88e9e7b02bf8\" data-message-model-slug=\"gpt-4o-mini\">\n<div class=\"flex w-full flex-col gap-1 empty:hidden first:pt-[3px]\">\n<div class=\"markdown prose w-full break-words dark:prose-invert light\">\n<p data-start=\"0\" data-end=\"831\">La <strong data-start=\"3\" data-end=\"55\">robe courte French Kiss dos nu \u00e0 manches longues<\/strong> de Maison Close est une pi\u00e8ce \u00e0 la fois sensuelle et \u00e9l\u00e9gante, con\u00e7ue pour sublimer la silhouette f\u00e9minine. Son <strong data-start=\"168\" data-end=\"178\">dos nu<\/strong> audacieux, orn\u00e9 d\u2019un <strong data-start=\"200\" data-end=\"220\">la\u00e7age ajustable<\/strong>, apporte une touche de sensualit\u00e9 discr\u00e8te, tandis que les <strong data-start=\"280\" data-end=\"299\">manches longues<\/strong> ajoutent un contraste \u00e9l\u00e9gant et raffin\u00e9. Ce design unique cr\u00e9e un \u00e9quilibre parfait entre sensualit\u00e9 et sophistication. Confectionn\u00e9e dans un tissu doux et extensible, la robe \u00e9pouse les courbes du corps de mani\u00e8re fluide, offrant \u00e0 la fois confort et style. La coupe courte met en valeur les jambes tout en permettant une libert\u00e9 de mouvement. Le <strong data-start=\"649\" data-end=\"669\">la\u00e7age ajustable<\/strong> permet un ajustement personnalis\u00e9 pour une silhouette parfaitement sculpt\u00e9e, tandis que le d\u00e9tail du dos nu apporte un effet sexy sans compromis sur l\u2019\u00e9l\u00e9gance.<\/p>\n<p data-start=\"833\" data-end=\"1385\" data-is-last-node=\"\" data-is-only-node=\"\">Id\u00e9ale pour des soir\u00e9es glamour, des occasions sp\u00e9ciales ou m\u00eame un d\u00eener chic, cette robe r\u00e9v\u00e8le la f\u00e9minit\u00e9 sous toutes ses formes. Les manches longues apportent un c\u00f4t\u00e9 chic et intemporel, parfait pour des \u00e9v\u00e9nements plus raffin\u00e9s tout en maintenant une allure sensuelle et audacieuse. La <strong data-start=\"1125\" data-end=\"1152\">robe courte French Kiss<\/strong> est la combinaison id\u00e9ale de confort, de style et de glamour, offrant un look audacieux mais toujours \u00e9l\u00e9gant. C\u2019est un choix parfait pour celles qui souhaitent capter l&#8217;attention et se sentir \u00e0 la fois s\u00e9duisantes et sophistiqu\u00e9es.<\/p>\n<\/div>\n<\/div>\n<\/div>\n<\/div>\n","protected":false},"excerpt":{"rendered":"<p>La robe courte French Kiss dos nu \u00e0 manches longues de Maison Close est une pi\u00e8ce \u00e0 la fois sensuelle et \u00e9l\u00e9gante, con\u00e7ue pour sublimer la silhouette f\u00e9minine. Son dos nu audacieux, orn\u00e9 d\u2019un la\u00e7age ajustable, apporte une touche de sensualit\u00e9 discr\u00e8te, tandis que les manches longues ajoutent un contraste \u00e9l\u00e9gant et raffin\u00e9. Ce design<\/p>\n","protected":false},"featured_media":112772,"template":"","meta":[],"pwb-brand":[2776],"product_brand":[],"product_cat":[1239,1235],"product_tag":[],"giftcard-category":[],"class_list":{"0":"post-108571","1":"product","2":"type-product","3":"status-publish","4":"has-post-thumbnail","6":"pwb-brand-maison-close","7":"product_cat-longewear","8":"product_cat-robes-sexy","9":"pa_collection-french-kiss","11":"first","12":"instock","13":"taxable","14":"shipping-taxable","15":"purchasable","16":"product-type-variable","17":"has-default-attributes"},"yoast_head":"<!-- This site is optimized with the Yoast SEO plugin v27.5 - https:\/\/yoast.com\/product\/yoast-seo-wordpress\/ -->\n<title>Robe courte French Kiss dos nu \u00e0 manches longues \u2013 MAISON CLOSE - Madame Sensuelle<\/title>\n<meta name=\"description\" content=\"cliquer pour visionner l&#039;article : Robe courte French Kiss dos nu \u00e0 manches longues Cette robe courte \u00e0 la coupe ajust\u00e9e, avec une encolure bateau \u00e9l\u00e9gante, r\u00e9v\u00e8le un dos nu audacieux, sublim\u00e9 par un la\u00e7age ajustable et non amovible. Ce la\u00e7age, orn\u00e9 d\u2019embouts &quot;lipstick&quot; dor\u00e9s grav\u00e9s du logo Maison Close, ajoute une touche de raffinement et de sensualit\u00e9 \u00e0 la silhouette. Confectionn\u00e9e dans une mati\u00e8re douce et extensible, cette robe \u00e9pouse parfaitement les courbes du corps, dessinant une silhouette harmonieuse et f\u00e9minine, tout en offrant confort et \u00e9l\u00e9gance. Id\u00e9ale pour un look \u00e0 la fois chic, glamour et sensuel.\" \/>\n<meta name=\"robots\" content=\"index, follow, max-snippet:-1, max-image-preview:large, max-video-preview:-1\" \/>\n<link rel=\"canonical\" href=\"https:\/\/madame-sensuelle.paris\/fr\/product\/robe-courte-french-kiss-dos-nu-a-manches-longues\/\" \/>\n<meta property=\"og:locale\" content=\"fr_FR\" \/>\n<meta property=\"og:type\" content=\"article\" \/>\n<meta property=\"og:title\" content=\"Robe courte French Kiss dos nu \u00e0 manches longues \u2013 MAISON CLOSE - Madame Sensuelle\" \/>\n<meta property=\"og:description\" content=\"cliquer pour visionner l&#039;article : Robe courte French Kiss dos nu \u00e0 manches longues Cette robe courte \u00e0 la coupe ajust\u00e9e, avec une encolure bateau \u00e9l\u00e9gante, r\u00e9v\u00e8le un dos nu audacieux, sublim\u00e9 par un la\u00e7age ajustable et non amovible. Ce la\u00e7age, orn\u00e9 d\u2019embouts &quot;lipstick&quot; dor\u00e9s grav\u00e9s du logo Maison Close, ajoute une touche de raffinement et de sensualit\u00e9 \u00e0 la silhouette. Confectionn\u00e9e dans une mati\u00e8re douce et extensible, cette robe \u00e9pouse parfaitement les courbes du corps, dessinant une silhouette harmonieuse et f\u00e9minine, tout en offrant confort et \u00e9l\u00e9gance. Id\u00e9ale pour un look \u00e0 la fois chic, glamour et sensuel.\" \/>\n<meta property=\"og:url\" content=\"https:\/\/madame-sensuelle.paris\/fr\/product\/robe-courte-french-kiss-dos-nu-a-manches-longues\/\" \/>\n<meta property=\"og:site_name\" content=\"Madame Sensuelle\" \/>\n<meta property=\"article:publisher\" content=\"https:\/\/www.facebook.com\/madamesensuelle\" \/>\n<meta property=\"article:modified_time\" content=\"2026-05-05T11:30:21+00:00\" \/>\n<meta property=\"og:image\" content=\"http:\/\/madame-sensuelle.paris\/wp-content\/uploads\/2024\/12\/XSHD1TJ6843.jpg\" \/>\n\t<meta property=\"og:image:width\" content=\"1600\" \/>\n\t<meta property=\"og:image:height\" content=\"2400\" \/>\n\t<meta property=\"og:image:type\" content=\"image\/jpeg\" \/>\n<meta name=\"twitter:card\" content=\"summary_large_image\" \/>\n<meta name=\"twitter:label1\" content=\"Dur\u00e9e de lecture estim\u00e9e\" \/>\n\t<meta name=\"twitter:data1\" content=\"2 minutes\" \/>\n<script type=\"application\/ld+json\" class=\"yoast-schema-graph\">{\"@context\":\"https:\\\/\\\/schema.org\",\"@graph\":[{\"@type\":\"WebPage\",\"@id\":\"https:\\\/\\\/madame-sensuelle.paris\\\/fr\\\/product\\\/robe-courte-french-kiss-dos-nu-a-manches-longues\\\/\",\"url\":\"https:\\\/\\\/madame-sensuelle.paris\\\/fr\\\/product\\\/robe-courte-french-kiss-dos-nu-a-manches-longues\\\/\",\"name\":\"Robe courte French Kiss dos nu \u00e0 manches longues \u2013 MAISON CLOSE - Madame Sensuelle\",\"isPartOf\":{\"@id\":\"https:\\\/\\\/madame-sensuelle.paris\\\/fr\\\/#website\"},\"primaryImageOfPage\":{\"@id\":\"https:\\\/\\\/madame-sensuelle.paris\\\/fr\\\/product\\\/robe-courte-french-kiss-dos-nu-a-manches-longues\\\/#primaryimage\"},\"image\":{\"@id\":\"https:\\\/\\\/madame-sensuelle.paris\\\/fr\\\/product\\\/robe-courte-french-kiss-dos-nu-a-manches-longues\\\/#primaryimage\"},\"thumbnailUrl\":\"https:\\\/\\\/madame-sensuelle.paris\\\/wp-content\\\/uploads\\\/2024\\\/12\\\/XSHD1TJ6843.jpg\",\"datePublished\":\"2024-09-17T09:47:22+00:00\",\"dateModified\":\"2026-05-05T11:30:21+00:00\",\"description\":\"cliquer pour visionner l'article : Robe courte French Kiss dos nu \u00e0 manches longues Cette robe courte \u00e0 la coupe ajust\u00e9e, avec une encolure bateau \u00e9l\u00e9gante, r\u00e9v\u00e8le un dos nu audacieux, sublim\u00e9 par un la\u00e7age ajustable et non amovible. Ce la\u00e7age, orn\u00e9 d\u2019embouts \\\"lipstick\\\" dor\u00e9s grav\u00e9s du logo Maison Close, ajoute une touche de raffinement et de sensualit\u00e9 \u00e0 la silhouette. Confectionn\u00e9e dans une mati\u00e8re douce et extensible, cette robe \u00e9pouse parfaitement les courbes du corps, dessinant une silhouette harmonieuse et f\u00e9minine, tout en offrant confort et \u00e9l\u00e9gance. Id\u00e9ale pour un look \u00e0 la fois chic, glamour et sensuel.\",\"breadcrumb\":{\"@id\":\"https:\\\/\\\/madame-sensuelle.paris\\\/fr\\\/product\\\/robe-courte-french-kiss-dos-nu-a-manches-longues\\\/#breadcrumb\"},\"inLanguage\":\"fr-FR\",\"potentialAction\":[{\"@type\":\"ReadAction\",\"target\":[\"https:\\\/\\\/madame-sensuelle.paris\\\/fr\\\/product\\\/robe-courte-french-kiss-dos-nu-a-manches-longues\\\/\"]}]},{\"@type\":\"ImageObject\",\"inLanguage\":\"fr-FR\",\"@id\":\"https:\\\/\\\/madame-sensuelle.paris\\\/fr\\\/product\\\/robe-courte-french-kiss-dos-nu-a-manches-longues\\\/#primaryimage\",\"url\":\"https:\\\/\\\/madame-sensuelle.paris\\\/wp-content\\\/uploads\\\/2024\\\/12\\\/XSHD1TJ6843.jpg\",\"contentUrl\":\"https:\\\/\\\/madame-sensuelle.paris\\\/wp-content\\\/uploads\\\/2024\\\/12\\\/XSHD1TJ6843.jpg\",\"width\":1600,\"height\":2400},{\"@type\":\"BreadcrumbList\",\"@id\":\"https:\\\/\\\/madame-sensuelle.paris\\\/fr\\\/product\\\/robe-courte-french-kiss-dos-nu-a-manches-longues\\\/#breadcrumb\",\"itemListElement\":[{\"@type\":\"ListItem\",\"position\":1,\"name\":\"Acceuil\",\"item\":\"https:\\\/\\\/madame-sensuelle.paris\\\/fr\\\/\"},{\"@type\":\"ListItem\",\"position\":2,\"name\":\"Catalogue\",\"item\":\"https:\\\/\\\/madame-sensuelle.paris\\\/fr\\\/catalogue\\\/\"},{\"@type\":\"ListItem\",\"position\":3,\"name\":\"MAISON CLOSE\",\"item\":\"https:\\\/\\\/madame-sensuelle.paris\\\/fr\\\/brand\\\/maison-close\\\/\"},{\"@type\":\"ListItem\",\"position\":4,\"name\":\"Robe courte French Kiss dos nu \u00e0 manches longues\"}]},{\"@type\":\"WebSite\",\"@id\":\"https:\\\/\\\/madame-sensuelle.paris\\\/fr\\\/#website\",\"url\":\"https:\\\/\\\/madame-sensuelle.paris\\\/fr\\\/\",\"name\":\"MADAME SENSUELLE\",\"description\":\"MADAME SENSUELLE: Found the biggest exciting brands of chic &amp; SEXY LINGERIE in Paris Boutique and on the WEB: Aubade, Dita Von Teese, Maison Close, Marjolaine, Bluebella, Atelier Amour, Luxxa, Catanzaro, Gracija Rim. You will found the big pleasure of sexy belt or bra make for you\",\"publisher\":{\"@id\":\"https:\\\/\\\/madame-sensuelle.paris\\\/fr\\\/#organization\"},\"potentialAction\":[{\"@type\":\"SearchAction\",\"target\":{\"@type\":\"EntryPoint\",\"urlTemplate\":\"https:\\\/\\\/madame-sensuelle.paris\\\/fr\\\/?s={search_term_string}\"},\"query-input\":{\"@type\":\"PropertyValueSpecification\",\"valueRequired\":true,\"valueName\":\"search_term_string\"}}],\"inLanguage\":\"fr-FR\"},{\"@type\":\"Organization\",\"@id\":\"https:\\\/\\\/madame-sensuelle.paris\\\/fr\\\/#organization\",\"name\":\"Madame Sensuelle\",\"url\":\"https:\\\/\\\/madame-sensuelle.paris\\\/fr\\\/\",\"logo\":{\"@type\":\"ImageObject\",\"inLanguage\":\"fr-FR\",\"@id\":\"https:\\\/\\\/madame-sensuelle.paris\\\/fr\\\/#\\\/schema\\\/logo\\\/image\\\/\",\"url\":\"https:\\\/\\\/madame-sensuelle.paris\\\/wp-content\\\/uploads\\\/2024\\\/12\\\/logo_a-1-1_696.webp\",\"contentUrl\":\"https:\\\/\\\/madame-sensuelle.paris\\\/wp-content\\\/uploads\\\/2024\\\/12\\\/logo_a-1-1_696.webp\",\"width\":696,\"height\":696,\"caption\":\"Madame Sensuelle\"},\"image\":{\"@id\":\"https:\\\/\\\/madame-sensuelle.paris\\\/fr\\\/#\\\/schema\\\/logo\\\/image\\\/\"},\"sameAs\":[\"https:\\\/\\\/www.facebook.com\\\/madamesensuelle\",\"https:\\\/\\\/www.instagram.com\\\/madame_sensuelle\\\/\"]}]}<\/script>\n<!-- \/ Yoast SEO plugin. -->","yoast_head_json":{"title":"Robe courte French Kiss dos nu \u00e0 manches longues \u2013 MAISON CLOSE - Madame Sensuelle","description":"cliquer pour visionner l'article : Robe courte French Kiss dos nu \u00e0 manches longues Cette robe courte \u00e0 la coupe ajust\u00e9e, avec une encolure bateau \u00e9l\u00e9gante, r\u00e9v\u00e8le un dos nu audacieux, sublim\u00e9 par un la\u00e7age ajustable et non amovible. Ce la\u00e7age, orn\u00e9 d\u2019embouts \"lipstick\" dor\u00e9s grav\u00e9s du logo Maison Close, ajoute une touche de raffinement et de sensualit\u00e9 \u00e0 la silhouette. Confectionn\u00e9e dans une mati\u00e8re douce et extensible, cette robe \u00e9pouse parfaitement les courbes du corps, dessinant une silhouette harmonieuse et f\u00e9minine, tout en offrant confort et \u00e9l\u00e9gance. Id\u00e9ale pour un look \u00e0 la fois chic, glamour et sensuel.","robots":{"index":"index","follow":"follow","max-snippet":"max-snippet:-1","max-image-preview":"max-image-preview:large","max-video-preview":"max-video-preview:-1"},"canonical":"https:\/\/madame-sensuelle.paris\/fr\/product\/robe-courte-french-kiss-dos-nu-a-manches-longues\/","og_locale":"fr_FR","og_type":"article","og_title":"Robe courte French Kiss dos nu \u00e0 manches longues \u2013 MAISON CLOSE - Madame Sensuelle","og_description":"cliquer pour visionner l'article : Robe courte French Kiss dos nu \u00e0 manches longues Cette robe courte \u00e0 la coupe ajust\u00e9e, avec une encolure bateau \u00e9l\u00e9gante, r\u00e9v\u00e8le un dos nu audacieux, sublim\u00e9 par un la\u00e7age ajustable et non amovible. Ce la\u00e7age, orn\u00e9 d\u2019embouts \"lipstick\" dor\u00e9s grav\u00e9s du logo Maison Close, ajoute une touche de raffinement et de sensualit\u00e9 \u00e0 la silhouette. Confectionn\u00e9e dans une mati\u00e8re douce et extensible, cette robe \u00e9pouse parfaitement les courbes du corps, dessinant une silhouette harmonieuse et f\u00e9minine, tout en offrant confort et \u00e9l\u00e9gance. Id\u00e9ale pour un look \u00e0 la fois chic, glamour et sensuel.","og_url":"https:\/\/madame-sensuelle.paris\/fr\/product\/robe-courte-french-kiss-dos-nu-a-manches-longues\/","og_site_name":"Madame Sensuelle","article_publisher":"https:\/\/www.facebook.com\/madamesensuelle","article_modified_time":"2026-05-05T11:30:21+00:00","og_image":[{"width":1600,"height":2400,"url":"http:\/\/madame-sensuelle.paris\/wp-content\/uploads\/2024\/12\/XSHD1TJ6843.jpg","type":"image\/jpeg"}],"twitter_card":"summary_large_image","twitter_misc":{"Dur\u00e9e de lecture estim\u00e9e":"2 minutes"},"schema":{"@context":"https:\/\/schema.org","@graph":[{"@type":"WebPage","@id":"https:\/\/madame-sensuelle.paris\/fr\/product\/robe-courte-french-kiss-dos-nu-a-manches-longues\/","url":"https:\/\/madame-sensuelle.paris\/fr\/product\/robe-courte-french-kiss-dos-nu-a-manches-longues\/","name":"Robe courte French Kiss dos nu \u00e0 manches longues \u2013 MAISON CLOSE - Madame Sensuelle","isPartOf":{"@id":"https:\/\/madame-sensuelle.paris\/fr\/#website"},"primaryImageOfPage":{"@id":"https:\/\/madame-sensuelle.paris\/fr\/product\/robe-courte-french-kiss-dos-nu-a-manches-longues\/#primaryimage"},"image":{"@id":"https:\/\/madame-sensuelle.paris\/fr\/product\/robe-courte-french-kiss-dos-nu-a-manches-longues\/#primaryimage"},"thumbnailUrl":"https:\/\/madame-sensuelle.paris\/wp-content\/uploads\/2024\/12\/XSHD1TJ6843.jpg","datePublished":"2024-09-17T09:47:22+00:00","dateModified":"2026-05-05T11:30:21+00:00","description":"cliquer pour visionner l'article : Robe courte French Kiss dos nu \u00e0 manches longues Cette robe courte \u00e0 la coupe ajust\u00e9e, avec une encolure bateau \u00e9l\u00e9gante, r\u00e9v\u00e8le un dos nu audacieux, sublim\u00e9 par un la\u00e7age ajustable et non amovible. Ce la\u00e7age, orn\u00e9 d\u2019embouts \"lipstick\" dor\u00e9s grav\u00e9s du logo Maison Close, ajoute une touche de raffinement et de sensualit\u00e9 \u00e0 la silhouette. Confectionn\u00e9e dans une mati\u00e8re douce et extensible, cette robe \u00e9pouse parfaitement les courbes du corps, dessinant une silhouette harmonieuse et f\u00e9minine, tout en offrant confort et \u00e9l\u00e9gance. Id\u00e9ale pour un look \u00e0 la fois chic, glamour et sensuel.","breadcrumb":{"@id":"https:\/\/madame-sensuelle.paris\/fr\/product\/robe-courte-french-kiss-dos-nu-a-manches-longues\/#breadcrumb"},"inLanguage":"fr-FR","potentialAction":[{"@type":"ReadAction","target":["https:\/\/madame-sensuelle.paris\/fr\/product\/robe-courte-french-kiss-dos-nu-a-manches-longues\/"]}]},{"@type":"ImageObject","inLanguage":"fr-FR","@id":"https:\/\/madame-sensuelle.paris\/fr\/product\/robe-courte-french-kiss-dos-nu-a-manches-longues\/#primaryimage","url":"https:\/\/madame-sensuelle.paris\/wp-content\/uploads\/2024\/12\/XSHD1TJ6843.jpg","contentUrl":"https:\/\/madame-sensuelle.paris\/wp-content\/uploads\/2024\/12\/XSHD1TJ6843.jpg","width":1600,"height":2400},{"@type":"BreadcrumbList","@id":"https:\/\/madame-sensuelle.paris\/fr\/product\/robe-courte-french-kiss-dos-nu-a-manches-longues\/#breadcrumb","itemListElement":[{"@type":"ListItem","position":1,"name":"Acceuil","item":"https:\/\/madame-sensuelle.paris\/fr\/"},{"@type":"ListItem","position":2,"name":"Catalogue","item":"https:\/\/madame-sensuelle.paris\/fr\/catalogue\/"},{"@type":"ListItem","position":3,"name":"MAISON CLOSE","item":"https:\/\/madame-sensuelle.paris\/fr\/brand\/maison-close\/"},{"@type":"ListItem","position":4,"name":"Robe courte French Kiss dos nu \u00e0 manches longues"}]},{"@type":"WebSite","@id":"https:\/\/madame-sensuelle.paris\/fr\/#website","url":"https:\/\/madame-sensuelle.paris\/fr\/","name":"MADAME SENSUELLE","description":"MADAME SENSUELLE: Found the biggest exciting brands of chic &amp; SEXY LINGERIE in Paris Boutique and on the WEB: Aubade, Dita Von Teese, Maison Close, Marjolaine, Bluebella, Atelier Amour, Luxxa, Catanzaro, Gracija Rim. You will found the big pleasure of sexy belt or bra make for you","publisher":{"@id":"https:\/\/madame-sensuelle.paris\/fr\/#organization"},"potentialAction":[{"@type":"SearchAction","target":{"@type":"EntryPoint","urlTemplate":"https:\/\/madame-sensuelle.paris\/fr\/?s={search_term_string}"},"query-input":{"@type":"PropertyValueSpecification","valueRequired":true,"valueName":"search_term_string"}}],"inLanguage":"fr-FR"},{"@type":"Organization","@id":"https:\/\/madame-sensuelle.paris\/fr\/#organization","name":"Madame Sensuelle","url":"https:\/\/madame-sensuelle.paris\/fr\/","logo":{"@type":"ImageObject","inLanguage":"fr-FR","@id":"https:\/\/madame-sensuelle.paris\/fr\/#\/schema\/logo\/image\/","url":"https:\/\/madame-sensuelle.paris\/wp-content\/uploads\/2024\/12\/logo_a-1-1_696.webp","contentUrl":"https:\/\/madame-sensuelle.paris\/wp-content\/uploads\/2024\/12\/logo_a-1-1_696.webp","width":696,"height":696,"caption":"Madame Sensuelle"},"image":{"@id":"https:\/\/madame-sensuelle.paris\/fr\/#\/schema\/logo\/image\/"},"sameAs":["https:\/\/www.facebook.com\/madamesensuelle","https:\/\/www.instagram.com\/madame_sensuelle\/"]}]}},"brands":[{"id":2776,"name":"MAISON CLOSE","slug":"maison-close"}],"_links":{"self":[{"href":"https:\/\/madame-sensuelle.paris\/fr\/wp-json\/wp\/v2\/product\/108571","targetHints":{"allow":["GET"]}}],"collection":[{"href":"https:\/\/madame-sensuelle.paris\/fr\/wp-json\/wp\/v2\/product"}],"about":[{"href":"https:\/\/madame-sensuelle.paris\/fr\/wp-json\/wp\/v2\/types\/product"}],"version-history":[{"count":1,"href":"https:\/\/madame-sensuelle.paris\/fr\/wp-json\/wp\/v2\/product\/108571\/revisions"}],"predecessor-version":[{"id":116866,"href":"https:\/\/madame-sensuelle.paris\/fr\/wp-json\/wp\/v2\/product\/108571\/revisions\/116866"}],"wp:featuredmedia":[{"embeddable":true,"href":"https:\/\/madame-sensuelle.paris\/fr\/wp-json\/wp\/v2\/media\/112772"}],"wp:attachment":[{"href":"https:\/\/madame-sensuelle.paris\/fr\/wp-json\/wp\/v2\/media?parent=108571"}],"wp:term":[{"taxonomy":"pwb-brand","embeddable":true,"href":"https:\/\/madame-sensuelle.paris\/fr\/wp-json\/wp\/v2\/pwb-brand?post=108571"},{"taxonomy":"product_brand","embeddable":true,"href":"https:\/\/madame-sensuelle.paris\/fr\/wp-json\/wp\/v2\/product_brand?post=108571"},{"taxonomy":"product_cat","embeddable":true,"href":"https:\/\/madame-sensuelle.paris\/fr\/wp-json\/wp\/v2\/product_cat?post=108571"},{"taxonomy":"product_tag","embeddable":true,"href":"https:\/\/madame-sensuelle.paris\/fr\/wp-json\/wp\/v2\/product_tag?post=108571"},{"taxonomy":"giftcard-category","embeddable":true,"href":"https:\/\/madame-sensuelle.paris\/fr\/wp-json\/wp\/v2\/giftcard-category?post=108571"}],"curies":[{"name":"wp","href":"https:\/\/api.w.org\/{rel}","templated":true}]}}