{"id":108581,"date":"2024-09-17T09:48:51","date_gmt":"2024-09-17T09:48:51","guid":{"rendered":"https:\/\/madame-sensuelle.paris\/product\/robe-courte-french-kiss-moulante-a-col-v\/"},"modified":"2026-03-30T07:41:43","modified_gmt":"2026-03-30T07:41:43","slug":"robe-courte-french-kiss-moulante-a-col-v","status":"publish","type":"product","link":"https:\/\/madame-sensuelle.paris\/fr\/product\/robe-courte-french-kiss-moulante-a-col-v\/","title":{"rendered":"Robe courte French Kiss moulante \u00e0 col V"},"content":{"rendered":"<p>La <strong data-start=\"3\" data-end=\"39\">robe midi French Kiss dos ouvert<\/strong> de Maison Close est l&#8217;expression parfaite de l&#8217;\u00e9l\u00e9gance audacieuse et de la sensualit\u00e9 raffin\u00e9e. Fabriqu\u00e9e dans un tissu satin\u00e9e doux, elle offre une sensation de luxe tout en mettant en valeur la silhouette f\u00e9minine. Le la\u00e7age ajustable, non amovible et repositionnable, permet de sculpter parfaitement la taille et d\u2019adapter la coupe selon vos pr\u00e9f\u00e9rences. Orn\u00e9e d\u2019embouts \u201clipstick\u201d dor\u00e9s grav\u00e9s du logo Maison Close, cette robe poss\u00e8de des d\u00e9tails sophistiqu\u00e9s et glamour, tandis que le r\u00e9gleur bijou dor\u00e9 apporte une touche finale pr\u00e9cieuse. Son dos ouvert ajoute une dimension de sensualit\u00e9 discr\u00e8te mais irr\u00e9sistible, tout en cr\u00e9ant une silhouette \u00e9l\u00e9gante. Parfaite pour une soir\u00e9e glamour ou une occasion sp\u00e9ciale, cette robe incarne un m\u00e9lange de modernit\u00e9 et de f\u00e9minit\u00e9. La coupe midi flatteuse et le tissu doux garantis\u00e8sent un confort optimal, tout en faisant de cette pi\u00e8ce un choix incontournable pour celles qui recherchent \u00e0 la fois luxe et sensualit\u00e9. Avec ses d\u00e9tails subtils et son design intemporel, la robe <strong data-start=\"1069\" data-end=\"1084\">French Kiss<\/strong> est un v\u00e9ritable hommage \u00e0 la beaut\u00e9 et \u00e0 l&#8217;\u00e9l\u00e9gance f\u00e9minine.<\/p>\n","protected":false},"excerpt":{"rendered":"<p>La robe midi French Kiss dos ouvert de Maison Close est l&#8217;expression parfaite de l&#8217;\u00e9l\u00e9gance audacieuse et de la sensualit\u00e9 raffin\u00e9e. Fabriqu\u00e9e dans un tissu satin\u00e9e doux, elle offre une sensation de luxe tout en mettant en valeur la silhouette f\u00e9minine. Le la\u00e7age ajustable, non amovible et repositionnable, permet de sculpter parfaitement la taille et<\/p>\n","protected":false},"featured_media":112790,"template":"","meta":[],"pwb-brand":[2776],"product_brand":[],"product_cat":[1239,1235],"product_tag":[],"giftcard-category":[],"class_list":{"0":"post-108581","1":"product","2":"type-product","3":"status-publish","4":"has-post-thumbnail","6":"pwb-brand-maison-close","7":"product_cat-longewear","8":"product_cat-robes-sexy","9":"pa_collection-french-kiss","11":"first","12":"instock","13":"taxable","14":"shipping-taxable","15":"purchasable","16":"product-type-variable","17":"has-default-attributes"},"yoast_head":"<!-- This site is optimized with the Yoast SEO plugin v27.4 - https:\/\/yoast.com\/product\/yoast-seo-wordpress\/ -->\n<title>Robe courte French Kiss moulante \u00e0 col V \u2013 MAISON CLOSE - Madame Sensuelle<\/title>\n<meta name=\"description\" content=\"cliquer pour visionner l&#039;article : Robe courte French Kiss moulante \u00e0 col V Cette robe \u00e9l\u00e9gante se distingue par un la\u00e7age repositionnable, ajustable et non amovible, offrant \u00e0 la fois confort et un ajustement parfait qui sublime chaque courbe de votre silhouette. Le la\u00e7age est orn\u00e9 d\u2019embouts &quot;lipstick&quot; dor\u00e9s, grav\u00e9s du logo Maison Close, qui ajoutent une touche sophistiqu\u00e9e et raffin\u00e9e. Un r\u00e9gleur bijou dor\u00e9, \u00e9galement grav\u00e9 de la marque, compl\u00e8te ce d\u00e9tail pr\u00e9cieux et chic. Confectionn\u00e9e dans un tissu \u00e0 la douceur satin\u00e9e, la robe caresse d\u00e9licatement la peau, cr\u00e9ant un effet lumineux et sensuel. Avec sa coupe flatteuse et ses d\u00e9tails luxueux, cette robe allie confort, f\u00e9minit\u00e9 et \u00e9l\u00e9gance, parfaite pour des occasions sp\u00e9ciales ou des soir\u00e9es glamour.\" \/>\n<meta name=\"robots\" content=\"index, follow, max-snippet:-1, max-image-preview:large, max-video-preview:-1\" \/>\n<link rel=\"canonical\" href=\"https:\/\/madame-sensuelle.paris\/fr\/product\/robe-courte-french-kiss-moulante-a-col-v\/\" \/>\n<meta property=\"og:locale\" content=\"fr_FR\" \/>\n<meta property=\"og:type\" content=\"article\" \/>\n<meta property=\"og:title\" content=\"Robe courte French Kiss moulante \u00e0 col V \u2013 MAISON CLOSE - Madame Sensuelle\" \/>\n<meta property=\"og:description\" content=\"cliquer pour visionner l&#039;article : Robe courte French Kiss moulante \u00e0 col V Cette robe \u00e9l\u00e9gante se distingue par un la\u00e7age repositionnable, ajustable et non amovible, offrant \u00e0 la fois confort et un ajustement parfait qui sublime chaque courbe de votre silhouette. Le la\u00e7age est orn\u00e9 d\u2019embouts &quot;lipstick&quot; dor\u00e9s, grav\u00e9s du logo Maison Close, qui ajoutent une touche sophistiqu\u00e9e et raffin\u00e9e. Un r\u00e9gleur bijou dor\u00e9, \u00e9galement grav\u00e9 de la marque, compl\u00e8te ce d\u00e9tail pr\u00e9cieux et chic. Confectionn\u00e9e dans un tissu \u00e0 la douceur satin\u00e9e, la robe caresse d\u00e9licatement la peau, cr\u00e9ant un effet lumineux et sensuel. Avec sa coupe flatteuse et ses d\u00e9tails luxueux, cette robe allie confort, f\u00e9minit\u00e9 et \u00e9l\u00e9gance, parfaite pour des occasions sp\u00e9ciales ou des soir\u00e9es glamour.\" \/>\n<meta property=\"og:url\" content=\"https:\/\/madame-sensuelle.paris\/fr\/product\/robe-courte-french-kiss-moulante-a-col-v\/\" \/>\n<meta property=\"og:site_name\" content=\"Madame Sensuelle\" \/>\n<meta property=\"article:publisher\" content=\"https:\/\/www.facebook.com\/madamesensuelle\" \/>\n<meta property=\"article:modified_time\" content=\"2026-03-30T07:41:43+00:00\" \/>\n<meta property=\"og:image\" content=\"https:\/\/madame-sensuelle.paris\/wp-content\/uploads\/2024\/12\/XSHD1TJ6846.jpg\" \/>\n\t<meta property=\"og:image:width\" content=\"1600\" \/>\n\t<meta property=\"og:image:height\" content=\"2400\" \/>\n\t<meta property=\"og:image:type\" content=\"image\/jpeg\" \/>\n<meta name=\"twitter:card\" content=\"summary_large_image\" \/>\n<meta name=\"twitter:label1\" content=\"Dur\u00e9e de lecture estim\u00e9e\" \/>\n\t<meta name=\"twitter:data1\" content=\"2 minutes\" \/>\n<script type=\"application\/ld+json\" class=\"yoast-schema-graph\">{\"@context\":\"https:\\\/\\\/schema.org\",\"@graph\":[{\"@type\":\"WebPage\",\"@id\":\"https:\\\/\\\/madame-sensuelle.paris\\\/fr\\\/product\\\/robe-courte-french-kiss-moulante-a-col-v\\\/\",\"url\":\"https:\\\/\\\/madame-sensuelle.paris\\\/fr\\\/product\\\/robe-courte-french-kiss-moulante-a-col-v\\\/\",\"name\":\"Robe courte French Kiss moulante \u00e0 col V \u2013 MAISON CLOSE - Madame Sensuelle\",\"isPartOf\":{\"@id\":\"https:\\\/\\\/madame-sensuelle.paris\\\/fr\\\/#website\"},\"primaryImageOfPage\":{\"@id\":\"https:\\\/\\\/madame-sensuelle.paris\\\/fr\\\/product\\\/robe-courte-french-kiss-moulante-a-col-v\\\/#primaryimage\"},\"image\":{\"@id\":\"https:\\\/\\\/madame-sensuelle.paris\\\/fr\\\/product\\\/robe-courte-french-kiss-moulante-a-col-v\\\/#primaryimage\"},\"thumbnailUrl\":\"https:\\\/\\\/madame-sensuelle.paris\\\/wp-content\\\/uploads\\\/2024\\\/12\\\/XSHD1TJ6846.jpg\",\"datePublished\":\"2024-09-17T09:48:51+00:00\",\"dateModified\":\"2026-03-30T07:41:43+00:00\",\"description\":\"cliquer pour visionner l'article : Robe courte French Kiss moulante \u00e0 col V Cette robe \u00e9l\u00e9gante se distingue par un la\u00e7age repositionnable, ajustable et non amovible, offrant \u00e0 la fois confort et un ajustement parfait qui sublime chaque courbe de votre silhouette. Le la\u00e7age est orn\u00e9 d\u2019embouts \\\"lipstick\\\" dor\u00e9s, grav\u00e9s du logo Maison Close, qui ajoutent une touche sophistiqu\u00e9e et raffin\u00e9e. Un r\u00e9gleur bijou dor\u00e9, \u00e9galement grav\u00e9 de la marque, compl\u00e8te ce d\u00e9tail pr\u00e9cieux et chic. Confectionn\u00e9e dans un tissu \u00e0 la douceur satin\u00e9e, la robe caresse d\u00e9licatement la peau, cr\u00e9ant un effet lumineux et sensuel. Avec sa coupe flatteuse et ses d\u00e9tails luxueux, cette robe allie confort, f\u00e9minit\u00e9 et \u00e9l\u00e9gance, parfaite pour des occasions sp\u00e9ciales ou des soir\u00e9es glamour.\",\"breadcrumb\":{\"@id\":\"https:\\\/\\\/madame-sensuelle.paris\\\/fr\\\/product\\\/robe-courte-french-kiss-moulante-a-col-v\\\/#breadcrumb\"},\"inLanguage\":\"fr-FR\",\"potentialAction\":[{\"@type\":\"ReadAction\",\"target\":[\"https:\\\/\\\/madame-sensuelle.paris\\\/fr\\\/product\\\/robe-courte-french-kiss-moulante-a-col-v\\\/\"]}]},{\"@type\":\"ImageObject\",\"inLanguage\":\"fr-FR\",\"@id\":\"https:\\\/\\\/madame-sensuelle.paris\\\/fr\\\/product\\\/robe-courte-french-kiss-moulante-a-col-v\\\/#primaryimage\",\"url\":\"https:\\\/\\\/madame-sensuelle.paris\\\/wp-content\\\/uploads\\\/2024\\\/12\\\/XSHD1TJ6846.jpg\",\"contentUrl\":\"https:\\\/\\\/madame-sensuelle.paris\\\/wp-content\\\/uploads\\\/2024\\\/12\\\/XSHD1TJ6846.jpg\",\"width\":1600,\"height\":2400},{\"@type\":\"BreadcrumbList\",\"@id\":\"https:\\\/\\\/madame-sensuelle.paris\\\/fr\\\/product\\\/robe-courte-french-kiss-moulante-a-col-v\\\/#breadcrumb\",\"itemListElement\":[{\"@type\":\"ListItem\",\"position\":1,\"name\":\"Acceuil\",\"item\":\"https:\\\/\\\/madame-sensuelle.paris\\\/fr\\\/\"},{\"@type\":\"ListItem\",\"position\":2,\"name\":\"Catalogue\",\"item\":\"https:\\\/\\\/madame-sensuelle.paris\\\/fr\\\/catalogue\\\/\"},{\"@type\":\"ListItem\",\"position\":3,\"name\":\"MAISON CLOSE\",\"item\":\"https:\\\/\\\/madame-sensuelle.paris\\\/fr\\\/brand\\\/maison-close\\\/\"},{\"@type\":\"ListItem\",\"position\":4,\"name\":\"Robe courte French Kiss moulante \u00e0 col V\"}]},{\"@type\":\"WebSite\",\"@id\":\"https:\\\/\\\/madame-sensuelle.paris\\\/fr\\\/#website\",\"url\":\"https:\\\/\\\/madame-sensuelle.paris\\\/fr\\\/\",\"name\":\"MADAME SENSUELLE\",\"description\":\"MADAME SENSUELLE: Found the biggest exciting brands of chic &amp; SEXY LINGERIE in Paris Boutique and on the WEB: Aubade, Dita Von Teese, Maison Close, Marjolaine, Bluebella, Atelier Amour, Luxxa, Catanzaro, Gracija Rim. You will found the big pleasure of sexy belt or bra make for you\",\"publisher\":{\"@id\":\"https:\\\/\\\/madame-sensuelle.paris\\\/fr\\\/#organization\"},\"potentialAction\":[{\"@type\":\"SearchAction\",\"target\":{\"@type\":\"EntryPoint\",\"urlTemplate\":\"https:\\\/\\\/madame-sensuelle.paris\\\/fr\\\/?s={search_term_string}\"},\"query-input\":{\"@type\":\"PropertyValueSpecification\",\"valueRequired\":true,\"valueName\":\"search_term_string\"}}],\"inLanguage\":\"fr-FR\"},{\"@type\":\"Organization\",\"@id\":\"https:\\\/\\\/madame-sensuelle.paris\\\/fr\\\/#organization\",\"name\":\"Madame Sensuelle\",\"url\":\"https:\\\/\\\/madame-sensuelle.paris\\\/fr\\\/\",\"logo\":{\"@type\":\"ImageObject\",\"inLanguage\":\"fr-FR\",\"@id\":\"https:\\\/\\\/madame-sensuelle.paris\\\/fr\\\/#\\\/schema\\\/logo\\\/image\\\/\",\"url\":\"https:\\\/\\\/madame-sensuelle.paris\\\/wp-content\\\/uploads\\\/2024\\\/12\\\/logo_a-1-1_696.webp\",\"contentUrl\":\"https:\\\/\\\/madame-sensuelle.paris\\\/wp-content\\\/uploads\\\/2024\\\/12\\\/logo_a-1-1_696.webp\",\"width\":696,\"height\":696,\"caption\":\"Madame Sensuelle\"},\"image\":{\"@id\":\"https:\\\/\\\/madame-sensuelle.paris\\\/fr\\\/#\\\/schema\\\/logo\\\/image\\\/\"},\"sameAs\":[\"https:\\\/\\\/www.facebook.com\\\/madamesensuelle\",\"https:\\\/\\\/www.instagram.com\\\/madame_sensuelle\\\/\"]}]}<\/script>\n<!-- \/ Yoast SEO plugin. -->","yoast_head_json":{"title":"Robe courte French Kiss moulante \u00e0 col V \u2013 MAISON CLOSE - Madame Sensuelle","description":"cliquer pour visionner l'article : Robe courte French Kiss moulante \u00e0 col V Cette robe \u00e9l\u00e9gante se distingue par un la\u00e7age repositionnable, ajustable et non amovible, offrant \u00e0 la fois confort et un ajustement parfait qui sublime chaque courbe de votre silhouette. Le la\u00e7age est orn\u00e9 d\u2019embouts \"lipstick\" dor\u00e9s, grav\u00e9s du logo Maison Close, qui ajoutent une touche sophistiqu\u00e9e et raffin\u00e9e. Un r\u00e9gleur bijou dor\u00e9, \u00e9galement grav\u00e9 de la marque, compl\u00e8te ce d\u00e9tail pr\u00e9cieux et chic. Confectionn\u00e9e dans un tissu \u00e0 la douceur satin\u00e9e, la robe caresse d\u00e9licatement la peau, cr\u00e9ant un effet lumineux et sensuel. Avec sa coupe flatteuse et ses d\u00e9tails luxueux, cette robe allie confort, f\u00e9minit\u00e9 et \u00e9l\u00e9gance, parfaite pour des occasions sp\u00e9ciales ou des soir\u00e9es glamour.","robots":{"index":"index","follow":"follow","max-snippet":"max-snippet:-1","max-image-preview":"max-image-preview:large","max-video-preview":"max-video-preview:-1"},"canonical":"https:\/\/madame-sensuelle.paris\/fr\/product\/robe-courte-french-kiss-moulante-a-col-v\/","og_locale":"fr_FR","og_type":"article","og_title":"Robe courte French Kiss moulante \u00e0 col V \u2013 MAISON CLOSE - Madame Sensuelle","og_description":"cliquer pour visionner l'article : Robe courte French Kiss moulante \u00e0 col V Cette robe \u00e9l\u00e9gante se distingue par un la\u00e7age repositionnable, ajustable et non amovible, offrant \u00e0 la fois confort et un ajustement parfait qui sublime chaque courbe de votre silhouette. Le la\u00e7age est orn\u00e9 d\u2019embouts \"lipstick\" dor\u00e9s, grav\u00e9s du logo Maison Close, qui ajoutent une touche sophistiqu\u00e9e et raffin\u00e9e. Un r\u00e9gleur bijou dor\u00e9, \u00e9galement grav\u00e9 de la marque, compl\u00e8te ce d\u00e9tail pr\u00e9cieux et chic. Confectionn\u00e9e dans un tissu \u00e0 la douceur satin\u00e9e, la robe caresse d\u00e9licatement la peau, cr\u00e9ant un effet lumineux et sensuel. Avec sa coupe flatteuse et ses d\u00e9tails luxueux, cette robe allie confort, f\u00e9minit\u00e9 et \u00e9l\u00e9gance, parfaite pour des occasions sp\u00e9ciales ou des soir\u00e9es glamour.","og_url":"https:\/\/madame-sensuelle.paris\/fr\/product\/robe-courte-french-kiss-moulante-a-col-v\/","og_site_name":"Madame Sensuelle","article_publisher":"https:\/\/www.facebook.com\/madamesensuelle","article_modified_time":"2026-03-30T07:41:43+00:00","og_image":[{"width":1600,"height":2400,"url":"https:\/\/madame-sensuelle.paris\/wp-content\/uploads\/2024\/12\/XSHD1TJ6846.jpg","type":"image\/jpeg"}],"twitter_card":"summary_large_image","twitter_misc":{"Dur\u00e9e de lecture estim\u00e9e":"2 minutes"},"schema":{"@context":"https:\/\/schema.org","@graph":[{"@type":"WebPage","@id":"https:\/\/madame-sensuelle.paris\/fr\/product\/robe-courte-french-kiss-moulante-a-col-v\/","url":"https:\/\/madame-sensuelle.paris\/fr\/product\/robe-courte-french-kiss-moulante-a-col-v\/","name":"Robe courte French Kiss moulante \u00e0 col V \u2013 MAISON CLOSE - Madame Sensuelle","isPartOf":{"@id":"https:\/\/madame-sensuelle.paris\/fr\/#website"},"primaryImageOfPage":{"@id":"https:\/\/madame-sensuelle.paris\/fr\/product\/robe-courte-french-kiss-moulante-a-col-v\/#primaryimage"},"image":{"@id":"https:\/\/madame-sensuelle.paris\/fr\/product\/robe-courte-french-kiss-moulante-a-col-v\/#primaryimage"},"thumbnailUrl":"https:\/\/madame-sensuelle.paris\/wp-content\/uploads\/2024\/12\/XSHD1TJ6846.jpg","datePublished":"2024-09-17T09:48:51+00:00","dateModified":"2026-03-30T07:41:43+00:00","description":"cliquer pour visionner l'article : Robe courte French Kiss moulante \u00e0 col V Cette robe \u00e9l\u00e9gante se distingue par un la\u00e7age repositionnable, ajustable et non amovible, offrant \u00e0 la fois confort et un ajustement parfait qui sublime chaque courbe de votre silhouette. Le la\u00e7age est orn\u00e9 d\u2019embouts \"lipstick\" dor\u00e9s, grav\u00e9s du logo Maison Close, qui ajoutent une touche sophistiqu\u00e9e et raffin\u00e9e. Un r\u00e9gleur bijou dor\u00e9, \u00e9galement grav\u00e9 de la marque, compl\u00e8te ce d\u00e9tail pr\u00e9cieux et chic. Confectionn\u00e9e dans un tissu \u00e0 la douceur satin\u00e9e, la robe caresse d\u00e9licatement la peau, cr\u00e9ant un effet lumineux et sensuel. Avec sa coupe flatteuse et ses d\u00e9tails luxueux, cette robe allie confort, f\u00e9minit\u00e9 et \u00e9l\u00e9gance, parfaite pour des occasions sp\u00e9ciales ou des soir\u00e9es glamour.","breadcrumb":{"@id":"https:\/\/madame-sensuelle.paris\/fr\/product\/robe-courte-french-kiss-moulante-a-col-v\/#breadcrumb"},"inLanguage":"fr-FR","potentialAction":[{"@type":"ReadAction","target":["https:\/\/madame-sensuelle.paris\/fr\/product\/robe-courte-french-kiss-moulante-a-col-v\/"]}]},{"@type":"ImageObject","inLanguage":"fr-FR","@id":"https:\/\/madame-sensuelle.paris\/fr\/product\/robe-courte-french-kiss-moulante-a-col-v\/#primaryimage","url":"https:\/\/madame-sensuelle.paris\/wp-content\/uploads\/2024\/12\/XSHD1TJ6846.jpg","contentUrl":"https:\/\/madame-sensuelle.paris\/wp-content\/uploads\/2024\/12\/XSHD1TJ6846.jpg","width":1600,"height":2400},{"@type":"BreadcrumbList","@id":"https:\/\/madame-sensuelle.paris\/fr\/product\/robe-courte-french-kiss-moulante-a-col-v\/#breadcrumb","itemListElement":[{"@type":"ListItem","position":1,"name":"Acceuil","item":"https:\/\/madame-sensuelle.paris\/fr\/"},{"@type":"ListItem","position":2,"name":"Catalogue","item":"https:\/\/madame-sensuelle.paris\/fr\/catalogue\/"},{"@type":"ListItem","position":3,"name":"MAISON CLOSE","item":"https:\/\/madame-sensuelle.paris\/fr\/brand\/maison-close\/"},{"@type":"ListItem","position":4,"name":"Robe courte French Kiss moulante \u00e0 col V"}]},{"@type":"WebSite","@id":"https:\/\/madame-sensuelle.paris\/fr\/#website","url":"https:\/\/madame-sensuelle.paris\/fr\/","name":"MADAME SENSUELLE","description":"MADAME SENSUELLE: Found the biggest exciting brands of chic &amp; SEXY LINGERIE in Paris Boutique and on the WEB: Aubade, Dita Von Teese, Maison Close, Marjolaine, Bluebella, Atelier Amour, Luxxa, Catanzaro, Gracija Rim. You will found the big pleasure of sexy belt or bra make for you","publisher":{"@id":"https:\/\/madame-sensuelle.paris\/fr\/#organization"},"potentialAction":[{"@type":"SearchAction","target":{"@type":"EntryPoint","urlTemplate":"https:\/\/madame-sensuelle.paris\/fr\/?s={search_term_string}"},"query-input":{"@type":"PropertyValueSpecification","valueRequired":true,"valueName":"search_term_string"}}],"inLanguage":"fr-FR"},{"@type":"Organization","@id":"https:\/\/madame-sensuelle.paris\/fr\/#organization","name":"Madame Sensuelle","url":"https:\/\/madame-sensuelle.paris\/fr\/","logo":{"@type":"ImageObject","inLanguage":"fr-FR","@id":"https:\/\/madame-sensuelle.paris\/fr\/#\/schema\/logo\/image\/","url":"https:\/\/madame-sensuelle.paris\/wp-content\/uploads\/2024\/12\/logo_a-1-1_696.webp","contentUrl":"https:\/\/madame-sensuelle.paris\/wp-content\/uploads\/2024\/12\/logo_a-1-1_696.webp","width":696,"height":696,"caption":"Madame Sensuelle"},"image":{"@id":"https:\/\/madame-sensuelle.paris\/fr\/#\/schema\/logo\/image\/"},"sameAs":["https:\/\/www.facebook.com\/madamesensuelle","https:\/\/www.instagram.com\/madame_sensuelle\/"]}]}},"brands":[{"id":2776,"name":"MAISON CLOSE","slug":"maison-close"}],"_links":{"self":[{"href":"https:\/\/madame-sensuelle.paris\/fr\/wp-json\/wp\/v2\/product\/108581","targetHints":{"allow":["GET"]}}],"collection":[{"href":"https:\/\/madame-sensuelle.paris\/fr\/wp-json\/wp\/v2\/product"}],"about":[{"href":"https:\/\/madame-sensuelle.paris\/fr\/wp-json\/wp\/v2\/types\/product"}],"version-history":[{"count":1,"href":"https:\/\/madame-sensuelle.paris\/fr\/wp-json\/wp\/v2\/product\/108581\/revisions"}],"predecessor-version":[{"id":116864,"href":"https:\/\/madame-sensuelle.paris\/fr\/wp-json\/wp\/v2\/product\/108581\/revisions\/116864"}],"wp:featuredmedia":[{"embeddable":true,"href":"https:\/\/madame-sensuelle.paris\/fr\/wp-json\/wp\/v2\/media\/112790"}],"wp:attachment":[{"href":"https:\/\/madame-sensuelle.paris\/fr\/wp-json\/wp\/v2\/media?parent=108581"}],"wp:term":[{"taxonomy":"pwb-brand","embeddable":true,"href":"https:\/\/madame-sensuelle.paris\/fr\/wp-json\/wp\/v2\/pwb-brand?post=108581"},{"taxonomy":"product_brand","embeddable":true,"href":"https:\/\/madame-sensuelle.paris\/fr\/wp-json\/wp\/v2\/product_brand?post=108581"},{"taxonomy":"product_cat","embeddable":true,"href":"https:\/\/madame-sensuelle.paris\/fr\/wp-json\/wp\/v2\/product_cat?post=108581"},{"taxonomy":"product_tag","embeddable":true,"href":"https:\/\/madame-sensuelle.paris\/fr\/wp-json\/wp\/v2\/product_tag?post=108581"},{"taxonomy":"giftcard-category","embeddable":true,"href":"https:\/\/madame-sensuelle.paris\/fr\/wp-json\/wp\/v2\/giftcard-category?post=108581"}],"curies":[{"name":"wp","href":"https:\/\/api.w.org\/{rel}","templated":true}]}}