{"id":108591,"date":"2024-09-17T09:50:29","date_gmt":"2024-09-17T09:50:29","guid":{"rendered":"https:\/\/madame-sensuelle.paris\/product\/robe-courte-french-kiss-decolette-plongeant-avec-dos-nu-et-liens\/"},"modified":"2026-03-29T14:03:51","modified_gmt":"2026-03-29T14:03:51","slug":"robe-courte-french-kiss-decolette-plongeant-avec-dos-nu-et-liens","status":"publish","type":"product","link":"https:\/\/madame-sensuelle.paris\/fr\/product\/robe-courte-french-kiss-decolette-plongeant-avec-dos-nu-et-liens\/","title":{"rendered":"Robe courte French Kiss d\u00e9colett\u00e9 plongeant avec dos nu et liens"},"content":{"rendered":"<div class=\"flex-1 overflow-hidden @container\/thread\">\n<div class=\"h-full\">\n<div class=\"react-scroll-to-bottom--css-cnmhe-79elbk h-full\">\n<div class=\"react-scroll-to-bottom--css-cnmhe-1n7m0yu\">\n<div class=\"flex flex-col text-sm md:pb-9\">\n<article class=\"w-full scroll-mb-[var(--thread-trailing-height,150px)] text-token-text-primary focus-visible:outline-2 focus-visible:outline-offset-[-4px]\" dir=\"auto\" data-testid=\"conversation-turn-5\" data-scroll-anchor=\"true\">\n<div class=\"m-auto text-base py-[18px] px-3 md:px-4 w-full md:px-5 lg:px-4 xl:px-5\">\n<div class=\"mx-auto flex flex-1 gap-4 text-base md:gap-5 lg:gap-6 md:max-w-3xl\">\n<div class=\"group\/conversation-turn relative flex w-full min-w-0 flex-col agent-turn\">\n<div class=\"flex-col gap-1 md:gap-3\">\n<div class=\"flex max-w-full flex-col flex-grow\">\n<div class=\"min-h-8 text-message flex w-full flex-col items-end gap-2 whitespace-normal break-words text-start [.text-message+&amp;]:mt-5\" dir=\"auto\" data-message-author-role=\"assistant\" data-message-id=\"3a3eb8f0-c1dd-42f2-ab5e-36c71204b421\" data-message-model-slug=\"gpt-4o-mini\">\n<div class=\"flex w-full flex-col gap-1 empty:hidden first:pt-[3px]\">\n<div class=\"markdown prose w-full break-words dark:prose-invert light\">\n<p>Cette robe s\u00e9duisante et \u00e9l\u00e9gante incarne l\u2019alliance parfaite entre sensualit\u00e9 et raffinement. Son dos nu, audacieux et d\u00e9licat, r\u00e9v\u00e8le une silhouette sublime, tandis que le la\u00e7age repositionnable et ajustable permet un ajustement sur mesure, \u00e9pousant les courbes avec finesse. Chaque d\u00e9tail a \u00e9t\u00e9 pens\u00e9 pour sublimer la silhouette : les embouts lipstick dor\u00e9s grav\u00e9s du logo Maison Close, ajoutent une touche de glamour, tandis que le r\u00e9gleur bijou dor\u00e9, \u00e9galement grav\u00e9 de la signature Maison Close, apporte une note de sophistication. Le tissu satin\u00e9, d\u2019une douceur incomparable, \u00e9pouse la peau avec un toucher caressant, ajoutant \u00e0 cette robe un confort unique. Une cr\u00e9ation qui marie \u00e0 la perfection audace et \u00e9l\u00e9gance, pour une allure envo\u00fbtante et irr\u00e9sistible.<\/p>\n<\/div>\n<\/div>\n<\/div>\n<\/div>\n<div class=\"mb-2 flex gap-3 empty:hidden -ml-2\">\n<div class=\"items-center justify-start rounded-xl p-1 flex\">\n<div class=\"flex items-center\"><\/div>\n<\/div>\n<\/div>\n<div class=\"pr-2 lg:pr-0\"><\/div>\n<div class=\"mt-3 w-full empty:hidden\">\n<div class=\"text-center\"><\/div>\n<\/div>\n<\/div>\n<div class=\"absolute\">\n<div class=\"flex items-center justify-center\"><\/div>\n<\/div>\n<\/div>\n<\/div>\n<\/div>\n<\/article>\n<\/div>\n<\/div>\n<\/div>\n<\/div>\n<\/div>\n<div class=\"md:pt-0 dark:border-white\/20 md:border-transparent md:dark:border-transparent w-full\">\n<div>\n<div class=\"m-auto text-base px-3 md:px-4 w-full md:px-5 lg:px-4 xl:px-5\">\n<div class=\"mx-auto flex flex-1 gap-4 text-base md:gap-5 lg:gap-6 md:max-w-3xl\">\n<div class=\"flex justify-center\"><\/div>\n<\/div>\n<\/div>\n<\/div>\n<\/div>\n","protected":false},"excerpt":{"rendered":"<p>Cette robe s\u00e9duisante et \u00e9l\u00e9gante incarne l\u2019alliance parfaite entre sensualit\u00e9 et raffinement. Son dos nu, audacieux et d\u00e9licat, r\u00e9v\u00e8le une silhouette sublime, tandis que le la\u00e7age repositionnable et ajustable permet un ajustement sur mesure, \u00e9pousant les courbes avec finesse. Chaque d\u00e9tail a \u00e9t\u00e9 pens\u00e9 pour sublimer la silhouette : les embouts lipstick dor\u00e9s grav\u00e9s du<\/p>\n","protected":false},"featured_media":109524,"template":"","meta":[],"pwb-brand":[2776],"product_brand":[],"product_cat":[1239,1235,3367],"product_tag":[],"giftcard-category":[],"class_list":{"0":"post-108591","1":"product","2":"type-product","3":"status-publish","4":"has-post-thumbnail","6":"pwb-brand-maison-close","7":"product_cat-longewear","8":"product_cat-robes-sexy","9":"product_cat-show-main","10":"pa_collection-french-kiss","12":"first","13":"instock","14":"taxable","15":"shipping-taxable","16":"purchasable","17":"product-type-variable","18":"has-default-attributes"},"yoast_head":"<!-- This site is optimized with the Yoast SEO plugin v27.4 - https:\/\/yoast.com\/product\/yoast-seo-wordpress\/ -->\n<title>Robe courte French Kiss d\u00e9colett\u00e9 plongeant avec dos nu et liens \u2013 MAISON CLOSE - Madame Sensuelle<\/title>\n<meta name=\"description\" content=\"cliquer pour visionner l&#039;article : Robe courte French Kiss d\u00e9colett\u00e9 plongeant avec dos nu et liens Cette robe s\u00e9duisante et \u00e9l\u00e9gante incarne l\u2019alliance parfaite entre sensualit\u00e9 et raffinement. Son dos nu, audacieux et d\u00e9licat, r\u00e9v\u00e8le une silhouette sublime, tandis que le la\u00e7age repositionnable et ajustable permet un ajustement sur mesure, \u00e9pousant les courbes avec finesse. Chaque d\u00e9tail a \u00e9t\u00e9 pens\u00e9 pour sublimer la silhouette : les embouts lipstick dor\u00e9s grav\u00e9s du logo Maison Close, ajoutent une touche de glamour, tandis que le r\u00e9gleur bijou dor\u00e9, \u00e9galement grav\u00e9 de la signature Maison Close, apporte une note de sophistication. Le tissu satin\u00e9, d\u2019une douceur incomparable, \u00e9pouse la peau avec un toucher caressant, ajoutant \u00e0 cette robe un confort unique. Une cr\u00e9ation qui marie \u00e0 la perfection audace et \u00e9l\u00e9gance, pour une allure envo\u00fbtante et irr\u00e9sistible.\" \/>\n<meta name=\"robots\" content=\"index, follow, max-snippet:-1, max-image-preview:large, max-video-preview:-1\" \/>\n<link rel=\"canonical\" href=\"https:\/\/madame-sensuelle.paris\/fr\/product\/robe-courte-french-kiss-decolette-plongeant-avec-dos-nu-et-liens\/\" \/>\n<meta property=\"og:locale\" content=\"fr_FR\" \/>\n<meta property=\"og:type\" content=\"article\" \/>\n<meta property=\"og:title\" content=\"Robe courte French Kiss d\u00e9colett\u00e9 plongeant avec dos nu et liens \u2013 MAISON CLOSE - Madame Sensuelle\" \/>\n<meta property=\"og:description\" content=\"cliquer pour visionner l&#039;article : Robe courte French Kiss d\u00e9colett\u00e9 plongeant avec dos nu et liens Cette robe s\u00e9duisante et \u00e9l\u00e9gante incarne l\u2019alliance parfaite entre sensualit\u00e9 et raffinement. Son dos nu, audacieux et d\u00e9licat, r\u00e9v\u00e8le une silhouette sublime, tandis que le la\u00e7age repositionnable et ajustable permet un ajustement sur mesure, \u00e9pousant les courbes avec finesse. Chaque d\u00e9tail a \u00e9t\u00e9 pens\u00e9 pour sublimer la silhouette : les embouts lipstick dor\u00e9s grav\u00e9s du logo Maison Close, ajoutent une touche de glamour, tandis que le r\u00e9gleur bijou dor\u00e9, \u00e9galement grav\u00e9 de la signature Maison Close, apporte une note de sophistication. Le tissu satin\u00e9, d\u2019une douceur incomparable, \u00e9pouse la peau avec un toucher caressant, ajoutant \u00e0 cette robe un confort unique. Une cr\u00e9ation qui marie \u00e0 la perfection audace et \u00e9l\u00e9gance, pour une allure envo\u00fbtante et irr\u00e9sistible.\" \/>\n<meta property=\"og:url\" content=\"https:\/\/madame-sensuelle.paris\/fr\/product\/robe-courte-french-kiss-decolette-plongeant-avec-dos-nu-et-liens\/\" \/>\n<meta property=\"og:site_name\" content=\"Madame Sensuelle\" \/>\n<meta property=\"article:publisher\" content=\"https:\/\/www.facebook.com\/madamesensuelle\" \/>\n<meta property=\"article:modified_time\" content=\"2026-03-29T14:03:51+00:00\" \/>\n<meta property=\"og:image\" content=\"http:\/\/madame-sensuelle.paris\/wp-content\/uploads\/2024\/10\/XSHD1TJ6849.jpg\" \/>\n\t<meta property=\"og:image:width\" content=\"1600\" \/>\n\t<meta property=\"og:image:height\" content=\"2400\" \/>\n\t<meta property=\"og:image:type\" content=\"image\/jpeg\" \/>\n<meta name=\"twitter:card\" content=\"summary_large_image\" \/>\n<meta name=\"twitter:label1\" content=\"Dur\u00e9e de lecture estim\u00e9e\" \/>\n\t<meta name=\"twitter:data1\" content=\"2 minutes\" \/>\n<script type=\"application\/ld+json\" class=\"yoast-schema-graph\">{\"@context\":\"https:\\\/\\\/schema.org\",\"@graph\":[{\"@type\":\"WebPage\",\"@id\":\"https:\\\/\\\/madame-sensuelle.paris\\\/fr\\\/product\\\/robe-courte-french-kiss-decolette-plongeant-avec-dos-nu-et-liens\\\/\",\"url\":\"https:\\\/\\\/madame-sensuelle.paris\\\/fr\\\/product\\\/robe-courte-french-kiss-decolette-plongeant-avec-dos-nu-et-liens\\\/\",\"name\":\"Robe courte French Kiss d\u00e9colett\u00e9 plongeant avec dos nu et liens \u2013 MAISON CLOSE - Madame Sensuelle\",\"isPartOf\":{\"@id\":\"https:\\\/\\\/madame-sensuelle.paris\\\/fr\\\/#website\"},\"primaryImageOfPage\":{\"@id\":\"https:\\\/\\\/madame-sensuelle.paris\\\/fr\\\/product\\\/robe-courte-french-kiss-decolette-plongeant-avec-dos-nu-et-liens\\\/#primaryimage\"},\"image\":{\"@id\":\"https:\\\/\\\/madame-sensuelle.paris\\\/fr\\\/product\\\/robe-courte-french-kiss-decolette-plongeant-avec-dos-nu-et-liens\\\/#primaryimage\"},\"thumbnailUrl\":\"https:\\\/\\\/madame-sensuelle.paris\\\/wp-content\\\/uploads\\\/2024\\\/10\\\/XSHD1TJ6849.jpg\",\"datePublished\":\"2024-09-17T09:50:29+00:00\",\"dateModified\":\"2026-03-29T14:03:51+00:00\",\"description\":\"cliquer pour visionner l'article : Robe courte French Kiss d\u00e9colett\u00e9 plongeant avec dos nu et liens Cette robe s\u00e9duisante et \u00e9l\u00e9gante incarne l\u2019alliance parfaite entre sensualit\u00e9 et raffinement. Son dos nu, audacieux et d\u00e9licat, r\u00e9v\u00e8le une silhouette sublime, tandis que le la\u00e7age repositionnable et ajustable permet un ajustement sur mesure, \u00e9pousant les courbes avec finesse. Chaque d\u00e9tail a \u00e9t\u00e9 pens\u00e9 pour sublimer la silhouette : les embouts lipstick dor\u00e9s grav\u00e9s du logo Maison Close, ajoutent une touche de glamour, tandis que le r\u00e9gleur bijou dor\u00e9, \u00e9galement grav\u00e9 de la signature Maison Close, apporte une note de sophistication. Le tissu satin\u00e9, d\u2019une douceur incomparable, \u00e9pouse la peau avec un toucher caressant, ajoutant \u00e0 cette robe un confort unique. Une cr\u00e9ation qui marie \u00e0 la perfection audace et \u00e9l\u00e9gance, pour une allure envo\u00fbtante et irr\u00e9sistible.\",\"breadcrumb\":{\"@id\":\"https:\\\/\\\/madame-sensuelle.paris\\\/fr\\\/product\\\/robe-courte-french-kiss-decolette-plongeant-avec-dos-nu-et-liens\\\/#breadcrumb\"},\"inLanguage\":\"fr-FR\",\"potentialAction\":[{\"@type\":\"ReadAction\",\"target\":[\"https:\\\/\\\/madame-sensuelle.paris\\\/fr\\\/product\\\/robe-courte-french-kiss-decolette-plongeant-avec-dos-nu-et-liens\\\/\"]}]},{\"@type\":\"ImageObject\",\"inLanguage\":\"fr-FR\",\"@id\":\"https:\\\/\\\/madame-sensuelle.paris\\\/fr\\\/product\\\/robe-courte-french-kiss-decolette-plongeant-avec-dos-nu-et-liens\\\/#primaryimage\",\"url\":\"https:\\\/\\\/madame-sensuelle.paris\\\/wp-content\\\/uploads\\\/2024\\\/10\\\/XSHD1TJ6849.jpg\",\"contentUrl\":\"https:\\\/\\\/madame-sensuelle.paris\\\/wp-content\\\/uploads\\\/2024\\\/10\\\/XSHD1TJ6849.jpg\",\"width\":1600,\"height\":2400},{\"@type\":\"BreadcrumbList\",\"@id\":\"https:\\\/\\\/madame-sensuelle.paris\\\/fr\\\/product\\\/robe-courte-french-kiss-decolette-plongeant-avec-dos-nu-et-liens\\\/#breadcrumb\",\"itemListElement\":[{\"@type\":\"ListItem\",\"position\":1,\"name\":\"Acceuil\",\"item\":\"https:\\\/\\\/madame-sensuelle.paris\\\/fr\\\/\"},{\"@type\":\"ListItem\",\"position\":2,\"name\":\"Catalogue\",\"item\":\"https:\\\/\\\/madame-sensuelle.paris\\\/fr\\\/catalogue\\\/\"},{\"@type\":\"ListItem\",\"position\":3,\"name\":\"MAISON CLOSE\",\"item\":\"https:\\\/\\\/madame-sensuelle.paris\\\/fr\\\/brand\\\/maison-close\\\/\"},{\"@type\":\"ListItem\",\"position\":4,\"name\":\"Robe courte French Kiss d\u00e9colett\u00e9 plongeant avec dos nu et liens\"}]},{\"@type\":\"WebSite\",\"@id\":\"https:\\\/\\\/madame-sensuelle.paris\\\/fr\\\/#website\",\"url\":\"https:\\\/\\\/madame-sensuelle.paris\\\/fr\\\/\",\"name\":\"MADAME SENSUELLE\",\"description\":\"MADAME SENSUELLE: Found the biggest exciting brands of chic &amp; SEXY LINGERIE in Paris Boutique and on the WEB: Aubade, Dita Von Teese, Maison Close, Marjolaine, Bluebella, Atelier Amour, Luxxa, Catanzaro, Gracija Rim. You will found the big pleasure of sexy belt or bra make for you\",\"publisher\":{\"@id\":\"https:\\\/\\\/madame-sensuelle.paris\\\/fr\\\/#organization\"},\"potentialAction\":[{\"@type\":\"SearchAction\",\"target\":{\"@type\":\"EntryPoint\",\"urlTemplate\":\"https:\\\/\\\/madame-sensuelle.paris\\\/fr\\\/?s={search_term_string}\"},\"query-input\":{\"@type\":\"PropertyValueSpecification\",\"valueRequired\":true,\"valueName\":\"search_term_string\"}}],\"inLanguage\":\"fr-FR\"},{\"@type\":\"Organization\",\"@id\":\"https:\\\/\\\/madame-sensuelle.paris\\\/fr\\\/#organization\",\"name\":\"Madame Sensuelle\",\"url\":\"https:\\\/\\\/madame-sensuelle.paris\\\/fr\\\/\",\"logo\":{\"@type\":\"ImageObject\",\"inLanguage\":\"fr-FR\",\"@id\":\"https:\\\/\\\/madame-sensuelle.paris\\\/fr\\\/#\\\/schema\\\/logo\\\/image\\\/\",\"url\":\"https:\\\/\\\/madame-sensuelle.paris\\\/wp-content\\\/uploads\\\/2024\\\/12\\\/logo_a-1-1_696.webp\",\"contentUrl\":\"https:\\\/\\\/madame-sensuelle.paris\\\/wp-content\\\/uploads\\\/2024\\\/12\\\/logo_a-1-1_696.webp\",\"width\":696,\"height\":696,\"caption\":\"Madame Sensuelle\"},\"image\":{\"@id\":\"https:\\\/\\\/madame-sensuelle.paris\\\/fr\\\/#\\\/schema\\\/logo\\\/image\\\/\"},\"sameAs\":[\"https:\\\/\\\/www.facebook.com\\\/madamesensuelle\",\"https:\\\/\\\/www.instagram.com\\\/madame_sensuelle\\\/\"]}]}<\/script>\n<!-- \/ Yoast SEO plugin. -->","yoast_head_json":{"title":"Robe courte French Kiss d\u00e9colett\u00e9 plongeant avec dos nu et liens \u2013 MAISON CLOSE - Madame Sensuelle","description":"cliquer pour visionner l'article : Robe courte French Kiss d\u00e9colett\u00e9 plongeant avec dos nu et liens Cette robe s\u00e9duisante et \u00e9l\u00e9gante incarne l\u2019alliance parfaite entre sensualit\u00e9 et raffinement. Son dos nu, audacieux et d\u00e9licat, r\u00e9v\u00e8le une silhouette sublime, tandis que le la\u00e7age repositionnable et ajustable permet un ajustement sur mesure, \u00e9pousant les courbes avec finesse. Chaque d\u00e9tail a \u00e9t\u00e9 pens\u00e9 pour sublimer la silhouette : les embouts lipstick dor\u00e9s grav\u00e9s du logo Maison Close, ajoutent une touche de glamour, tandis que le r\u00e9gleur bijou dor\u00e9, \u00e9galement grav\u00e9 de la signature Maison Close, apporte une note de sophistication. Le tissu satin\u00e9, d\u2019une douceur incomparable, \u00e9pouse la peau avec un toucher caressant, ajoutant \u00e0 cette robe un confort unique. Une cr\u00e9ation qui marie \u00e0 la perfection audace et \u00e9l\u00e9gance, pour une allure envo\u00fbtante et irr\u00e9sistible.","robots":{"index":"index","follow":"follow","max-snippet":"max-snippet:-1","max-image-preview":"max-image-preview:large","max-video-preview":"max-video-preview:-1"},"canonical":"https:\/\/madame-sensuelle.paris\/fr\/product\/robe-courte-french-kiss-decolette-plongeant-avec-dos-nu-et-liens\/","og_locale":"fr_FR","og_type":"article","og_title":"Robe courte French Kiss d\u00e9colett\u00e9 plongeant avec dos nu et liens \u2013 MAISON CLOSE - Madame Sensuelle","og_description":"cliquer pour visionner l'article : Robe courte French Kiss d\u00e9colett\u00e9 plongeant avec dos nu et liens Cette robe s\u00e9duisante et \u00e9l\u00e9gante incarne l\u2019alliance parfaite entre sensualit\u00e9 et raffinement. Son dos nu, audacieux et d\u00e9licat, r\u00e9v\u00e8le une silhouette sublime, tandis que le la\u00e7age repositionnable et ajustable permet un ajustement sur mesure, \u00e9pousant les courbes avec finesse. Chaque d\u00e9tail a \u00e9t\u00e9 pens\u00e9 pour sublimer la silhouette : les embouts lipstick dor\u00e9s grav\u00e9s du logo Maison Close, ajoutent une touche de glamour, tandis que le r\u00e9gleur bijou dor\u00e9, \u00e9galement grav\u00e9 de la signature Maison Close, apporte une note de sophistication. Le tissu satin\u00e9, d\u2019une douceur incomparable, \u00e9pouse la peau avec un toucher caressant, ajoutant \u00e0 cette robe un confort unique. Une cr\u00e9ation qui marie \u00e0 la perfection audace et \u00e9l\u00e9gance, pour une allure envo\u00fbtante et irr\u00e9sistible.","og_url":"https:\/\/madame-sensuelle.paris\/fr\/product\/robe-courte-french-kiss-decolette-plongeant-avec-dos-nu-et-liens\/","og_site_name":"Madame Sensuelle","article_publisher":"https:\/\/www.facebook.com\/madamesensuelle","article_modified_time":"2026-03-29T14:03:51+00:00","og_image":[{"width":1600,"height":2400,"url":"http:\/\/madame-sensuelle.paris\/wp-content\/uploads\/2024\/10\/XSHD1TJ6849.jpg","type":"image\/jpeg"}],"twitter_card":"summary_large_image","twitter_misc":{"Dur\u00e9e de lecture estim\u00e9e":"2 minutes"},"schema":{"@context":"https:\/\/schema.org","@graph":[{"@type":"WebPage","@id":"https:\/\/madame-sensuelle.paris\/fr\/product\/robe-courte-french-kiss-decolette-plongeant-avec-dos-nu-et-liens\/","url":"https:\/\/madame-sensuelle.paris\/fr\/product\/robe-courte-french-kiss-decolette-plongeant-avec-dos-nu-et-liens\/","name":"Robe courte French Kiss d\u00e9colett\u00e9 plongeant avec dos nu et liens \u2013 MAISON CLOSE - Madame Sensuelle","isPartOf":{"@id":"https:\/\/madame-sensuelle.paris\/fr\/#website"},"primaryImageOfPage":{"@id":"https:\/\/madame-sensuelle.paris\/fr\/product\/robe-courte-french-kiss-decolette-plongeant-avec-dos-nu-et-liens\/#primaryimage"},"image":{"@id":"https:\/\/madame-sensuelle.paris\/fr\/product\/robe-courte-french-kiss-decolette-plongeant-avec-dos-nu-et-liens\/#primaryimage"},"thumbnailUrl":"https:\/\/madame-sensuelle.paris\/wp-content\/uploads\/2024\/10\/XSHD1TJ6849.jpg","datePublished":"2024-09-17T09:50:29+00:00","dateModified":"2026-03-29T14:03:51+00:00","description":"cliquer pour visionner l'article : Robe courte French Kiss d\u00e9colett\u00e9 plongeant avec dos nu et liens Cette robe s\u00e9duisante et \u00e9l\u00e9gante incarne l\u2019alliance parfaite entre sensualit\u00e9 et raffinement. Son dos nu, audacieux et d\u00e9licat, r\u00e9v\u00e8le une silhouette sublime, tandis que le la\u00e7age repositionnable et ajustable permet un ajustement sur mesure, \u00e9pousant les courbes avec finesse. Chaque d\u00e9tail a \u00e9t\u00e9 pens\u00e9 pour sublimer la silhouette : les embouts lipstick dor\u00e9s grav\u00e9s du logo Maison Close, ajoutent une touche de glamour, tandis que le r\u00e9gleur bijou dor\u00e9, \u00e9galement grav\u00e9 de la signature Maison Close, apporte une note de sophistication. Le tissu satin\u00e9, d\u2019une douceur incomparable, \u00e9pouse la peau avec un toucher caressant, ajoutant \u00e0 cette robe un confort unique. Une cr\u00e9ation qui marie \u00e0 la perfection audace et \u00e9l\u00e9gance, pour une allure envo\u00fbtante et irr\u00e9sistible.","breadcrumb":{"@id":"https:\/\/madame-sensuelle.paris\/fr\/product\/robe-courte-french-kiss-decolette-plongeant-avec-dos-nu-et-liens\/#breadcrumb"},"inLanguage":"fr-FR","potentialAction":[{"@type":"ReadAction","target":["https:\/\/madame-sensuelle.paris\/fr\/product\/robe-courte-french-kiss-decolette-plongeant-avec-dos-nu-et-liens\/"]}]},{"@type":"ImageObject","inLanguage":"fr-FR","@id":"https:\/\/madame-sensuelle.paris\/fr\/product\/robe-courte-french-kiss-decolette-plongeant-avec-dos-nu-et-liens\/#primaryimage","url":"https:\/\/madame-sensuelle.paris\/wp-content\/uploads\/2024\/10\/XSHD1TJ6849.jpg","contentUrl":"https:\/\/madame-sensuelle.paris\/wp-content\/uploads\/2024\/10\/XSHD1TJ6849.jpg","width":1600,"height":2400},{"@type":"BreadcrumbList","@id":"https:\/\/madame-sensuelle.paris\/fr\/product\/robe-courte-french-kiss-decolette-plongeant-avec-dos-nu-et-liens\/#breadcrumb","itemListElement":[{"@type":"ListItem","position":1,"name":"Acceuil","item":"https:\/\/madame-sensuelle.paris\/fr\/"},{"@type":"ListItem","position":2,"name":"Catalogue","item":"https:\/\/madame-sensuelle.paris\/fr\/catalogue\/"},{"@type":"ListItem","position":3,"name":"MAISON CLOSE","item":"https:\/\/madame-sensuelle.paris\/fr\/brand\/maison-close\/"},{"@type":"ListItem","position":4,"name":"Robe courte French Kiss d\u00e9colett\u00e9 plongeant avec dos nu et liens"}]},{"@type":"WebSite","@id":"https:\/\/madame-sensuelle.paris\/fr\/#website","url":"https:\/\/madame-sensuelle.paris\/fr\/","name":"MADAME SENSUELLE","description":"MADAME SENSUELLE: Found the biggest exciting brands of chic &amp; SEXY LINGERIE in Paris Boutique and on the WEB: Aubade, Dita Von Teese, Maison Close, Marjolaine, Bluebella, Atelier Amour, Luxxa, Catanzaro, Gracija Rim. You will found the big pleasure of sexy belt or bra make for you","publisher":{"@id":"https:\/\/madame-sensuelle.paris\/fr\/#organization"},"potentialAction":[{"@type":"SearchAction","target":{"@type":"EntryPoint","urlTemplate":"https:\/\/madame-sensuelle.paris\/fr\/?s={search_term_string}"},"query-input":{"@type":"PropertyValueSpecification","valueRequired":true,"valueName":"search_term_string"}}],"inLanguage":"fr-FR"},{"@type":"Organization","@id":"https:\/\/madame-sensuelle.paris\/fr\/#organization","name":"Madame Sensuelle","url":"https:\/\/madame-sensuelle.paris\/fr\/","logo":{"@type":"ImageObject","inLanguage":"fr-FR","@id":"https:\/\/madame-sensuelle.paris\/fr\/#\/schema\/logo\/image\/","url":"https:\/\/madame-sensuelle.paris\/wp-content\/uploads\/2024\/12\/logo_a-1-1_696.webp","contentUrl":"https:\/\/madame-sensuelle.paris\/wp-content\/uploads\/2024\/12\/logo_a-1-1_696.webp","width":696,"height":696,"caption":"Madame Sensuelle"},"image":{"@id":"https:\/\/madame-sensuelle.paris\/fr\/#\/schema\/logo\/image\/"},"sameAs":["https:\/\/www.facebook.com\/madamesensuelle","https:\/\/www.instagram.com\/madame_sensuelle\/"]}]}},"brands":[{"id":2776,"name":"MAISON CLOSE","slug":"maison-close"}],"_links":{"self":[{"href":"https:\/\/madame-sensuelle.paris\/fr\/wp-json\/wp\/v2\/product\/108591","targetHints":{"allow":["GET"]}}],"collection":[{"href":"https:\/\/madame-sensuelle.paris\/fr\/wp-json\/wp\/v2\/product"}],"about":[{"href":"https:\/\/madame-sensuelle.paris\/fr\/wp-json\/wp\/v2\/types\/product"}],"version-history":[{"count":1,"href":"https:\/\/madame-sensuelle.paris\/fr\/wp-json\/wp\/v2\/product\/108591\/revisions"}],"predecessor-version":[{"id":114074,"href":"https:\/\/madame-sensuelle.paris\/fr\/wp-json\/wp\/v2\/product\/108591\/revisions\/114074"}],"wp:featuredmedia":[{"embeddable":true,"href":"https:\/\/madame-sensuelle.paris\/fr\/wp-json\/wp\/v2\/media\/109524"}],"wp:attachment":[{"href":"https:\/\/madame-sensuelle.paris\/fr\/wp-json\/wp\/v2\/media?parent=108591"}],"wp:term":[{"taxonomy":"pwb-brand","embeddable":true,"href":"https:\/\/madame-sensuelle.paris\/fr\/wp-json\/wp\/v2\/pwb-brand?post=108591"},{"taxonomy":"product_brand","embeddable":true,"href":"https:\/\/madame-sensuelle.paris\/fr\/wp-json\/wp\/v2\/product_brand?post=108591"},{"taxonomy":"product_cat","embeddable":true,"href":"https:\/\/madame-sensuelle.paris\/fr\/wp-json\/wp\/v2\/product_cat?post=108591"},{"taxonomy":"product_tag","embeddable":true,"href":"https:\/\/madame-sensuelle.paris\/fr\/wp-json\/wp\/v2\/product_tag?post=108591"},{"taxonomy":"giftcard-category","embeddable":true,"href":"https:\/\/madame-sensuelle.paris\/fr\/wp-json\/wp\/v2\/giftcard-category?post=108591"}],"curies":[{"name":"wp","href":"https:\/\/api.w.org\/{rel}","templated":true}]}}