{"id":108850,"date":"2024-09-24T12:24:04","date_gmt":"2024-09-24T12:24:04","guid":{"rendered":"https:\/\/madame-sensuelle.paris\/product\/robe-longue-venus-en-dentelle-transparente-a-manches-longues\/"},"modified":"2026-03-30T05:11:25","modified_gmt":"2026-03-30T05:11:25","slug":"robe-longue-venus-en-dentelle-transparente-a-manches-longues","status":"publish","type":"product","link":"https:\/\/madame-sensuelle.paris\/fr\/product\/robe-longue-venus-en-dentelle-transparente-a-manches-longues\/","title":{"rendered":"Robe longue Venus en dentelle transparente \u00e0 manches longues"},"content":{"rendered":"<p data-start=\"0\" data-end=\"46\"><strong data-start=\"0\" data-end=\"46\">Robe longue Venus en dentelle transparente<\/strong><\/p>\n<p data-start=\"48\" data-end=\"515\">La <strong data-start=\"51\" data-end=\"72\">robe longue Venus<\/strong> est une pi\u00e8ce qui incarne la fusion parfaite entre captivante sensualit\u00e9 et raffinement absolu. Confectionn\u00e9e dans une dentelle transparente d\u00e9licate, elle joue sur l\u2019art de la subtilit\u00e9, laissant entrevoir juste ce qu\u2019il faut de peau tout en pr\u00e9servant une aura de myst\u00e8re et de sophistication. Le tissu l\u00e9ger et fluide \u00e9pouse la silhouette avec gr\u00e2ce, mettant en valeur chaque courbe tout en offrant une aisance et un confort incomparables.<\/p>\n<p data-start=\"517\" data-end=\"978\">Les manches longues de cette robe ajoutent une touche de sophistication et d&#8217;\u00e9l\u00e9gance, cr\u00e9ant un contraste harmonieux avec la transparence du tissu et l\u2019audace de la coupe. Ce d\u00e9tail, \u00e0 la fois classique et moderne, conf\u00e8re \u00e0 la robe une allure intemporelle tout en permettant \u00e0 la peau de respirer et d&#8217;ajouter une dimension sensuelle au mod\u00e8le. L&#8217;\u00e9quilibre entre l\u00e9g\u00e8ret\u00e9 et raffinement est parfaitement ma\u00eetris\u00e9, donnant \u00e0 cette pi\u00e8ce un charme irr\u00e9sistible.<\/p>\n<p data-start=\"980\" data-end=\"1315\" data-is-last-node=\"\" data-is-only-node=\"\">Id\u00e9ale pour une soir\u00e9e chic, un gala ou toute occasion o\u00f9 l\u2019on d\u00e9sire captiver tous les regards, la <strong data-start=\"1080\" data-end=\"1101\">robe longue Venus<\/strong> est une d\u00e9claration de f\u00e9minit\u00e9 assum\u00e9e et de s\u00e9duction. Elle incarne un luxe discret, une allure envo\u00fbtante et une confiance in\u00e9branlable, pour celles qui souhaitent laisser une empreinte m\u00e9morable et s\u00e9duisante.<\/p>\n","protected":false},"excerpt":{"rendered":"<p>Robe longue Venus en dentelle transparente La robe longue Venus est une pi\u00e8ce qui incarne la fusion parfaite entre captivante sensualit\u00e9 et raffinement absolu. Confectionn\u00e9e dans une dentelle transparente d\u00e9licate, elle joue sur l\u2019art de la subtilit\u00e9, laissant entrevoir juste ce qu\u2019il faut de peau tout en pr\u00e9servant une aura de myst\u00e8re et de sophistication.<\/p>\n","protected":false},"featured_media":111660,"template":"","meta":[],"pwb-brand":[2771],"product_brand":[],"product_cat":[1239,1235,3367],"product_tag":[],"giftcard-category":[],"class_list":{"0":"post-108850","1":"product","2":"type-product","3":"status-publish","4":"has-post-thumbnail","6":"pwb-brand-marjolaine","7":"product_cat-longewear","8":"product_cat-robes-sexy","9":"product_cat-show-main","10":"pa_collection-venus","12":"first","13":"instock","14":"taxable","15":"shipping-taxable","16":"purchasable","17":"product-type-variable","18":"has-default-attributes"},"yoast_head":"<!-- This site is optimized with the Yoast SEO plugin v27.3 - https:\/\/yoast.com\/product\/yoast-seo-wordpress\/ -->\n<title>robe longue venus en dentelle transparente a manches longues<\/title>\n<meta name=\"description\" content=\"cliquer pour visionner l&#039;article : Robe longue Venus en dentelle transparente \u00e0 manches longues La robe longue Venus est une pi\u00e8ce \u00e0 la fois captivante et raffin\u00e9e, pens\u00e9e pour sublimer la silhouette avec une \u00e9l\u00e9gance envo\u00fbtante. Confectionn\u00e9e en dentelle transparente d\u00e9licate, elle joue sur la subtilit\u00e9 et la sensualit\u00e9, r\u00e9v\u00e9lant juste ce qu&#039;il faut de myst\u00e8re. Ses manches longues apportent une touche de sophistication, contrastant avec la l\u00e9g\u00e8ret\u00e9 du tissu pour un \u00e9quilibre parfait entre glamour et \u00e9l\u00e9gance. Id\u00e9ale pour une soir\u00e9e chic, un \u00e9v\u00e9nement sp\u00e9cial ou une occasion o\u00f9 l&#039;on souhaite captiver tous les regards, la robe Venus incarne une f\u00e9minit\u00e9 assum\u00e9e et un charme irr\u00e9sistible.\" \/>\n<meta name=\"robots\" content=\"index, follow, max-snippet:-1, max-image-preview:large, max-video-preview:-1\" \/>\n<link rel=\"canonical\" href=\"https:\/\/madame-sensuelle.paris\/fr\/product\/robe-longue-venus-en-dentelle-transparente-a-manches-longues\/\" \/>\n<meta property=\"og:locale\" content=\"fr_FR\" \/>\n<meta property=\"og:type\" content=\"article\" \/>\n<meta property=\"og:title\" content=\"robe longue venus en dentelle transparente a manches longues\" \/>\n<meta property=\"og:description\" content=\"cliquer pour visionner l&#039;article : Robe longue Venus en dentelle transparente \u00e0 manches longues La robe longue Venus est une pi\u00e8ce \u00e0 la fois captivante et raffin\u00e9e, pens\u00e9e pour sublimer la silhouette avec une \u00e9l\u00e9gance envo\u00fbtante. Confectionn\u00e9e en dentelle transparente d\u00e9licate, elle joue sur la subtilit\u00e9 et la sensualit\u00e9, r\u00e9v\u00e9lant juste ce qu&#039;il faut de myst\u00e8re. Ses manches longues apportent une touche de sophistication, contrastant avec la l\u00e9g\u00e8ret\u00e9 du tissu pour un \u00e9quilibre parfait entre glamour et \u00e9l\u00e9gance. Id\u00e9ale pour une soir\u00e9e chic, un \u00e9v\u00e9nement sp\u00e9cial ou une occasion o\u00f9 l&#039;on souhaite captiver tous les regards, la robe Venus incarne une f\u00e9minit\u00e9 assum\u00e9e et un charme irr\u00e9sistible.\" \/>\n<meta property=\"og:url\" content=\"https:\/\/madame-sensuelle.paris\/fr\/product\/robe-longue-venus-en-dentelle-transparente-a-manches-longues\/\" \/>\n<meta property=\"og:site_name\" content=\"Madame Sensuelle\" \/>\n<meta property=\"article:publisher\" content=\"https:\/\/www.facebook.com\/madamesensuelle\" \/>\n<meta property=\"article:modified_time\" content=\"2026-03-30T05:11:25+00:00\" \/>\n<meta property=\"og:image\" content=\"http:\/\/madame-sensuelle.paris\/wp-content\/uploads\/2024\/09\/volupia-1-scaled.jpg\" \/>\n\t<meta property=\"og:image:width\" content=\"1920\" \/>\n\t<meta property=\"og:image:height\" content=\"2560\" \/>\n\t<meta property=\"og:image:type\" content=\"image\/jpeg\" \/>\n<meta name=\"twitter:card\" content=\"summary_large_image\" \/>\n<meta name=\"twitter:label1\" content=\"Dur\u00e9e de lecture estim\u00e9e\" \/>\n\t<meta name=\"twitter:data1\" content=\"1 minute\" \/>\n<script type=\"application\/ld+json\" class=\"yoast-schema-graph\">{\"@context\":\"https:\\\/\\\/schema.org\",\"@graph\":[{\"@type\":\"WebPage\",\"@id\":\"https:\\\/\\\/madame-sensuelle.paris\\\/fr\\\/product\\\/robe-longue-venus-en-dentelle-transparente-a-manches-longues\\\/\",\"url\":\"https:\\\/\\\/madame-sensuelle.paris\\\/fr\\\/product\\\/robe-longue-venus-en-dentelle-transparente-a-manches-longues\\\/\",\"name\":\"robe longue venus en dentelle transparente a manches longues\",\"isPartOf\":{\"@id\":\"https:\\\/\\\/madame-sensuelle.paris\\\/fr\\\/#website\"},\"primaryImageOfPage\":{\"@id\":\"https:\\\/\\\/madame-sensuelle.paris\\\/fr\\\/product\\\/robe-longue-venus-en-dentelle-transparente-a-manches-longues\\\/#primaryimage\"},\"image\":{\"@id\":\"https:\\\/\\\/madame-sensuelle.paris\\\/fr\\\/product\\\/robe-longue-venus-en-dentelle-transparente-a-manches-longues\\\/#primaryimage\"},\"thumbnailUrl\":\"https:\\\/\\\/madame-sensuelle.paris\\\/wp-content\\\/uploads\\\/2024\\\/09\\\/volupia-1-scaled.jpg\",\"datePublished\":\"2024-09-24T12:24:04+00:00\",\"dateModified\":\"2026-03-30T05:11:25+00:00\",\"description\":\"cliquer pour visionner l'article : Robe longue Venus en dentelle transparente \u00e0 manches longues La robe longue Venus est une pi\u00e8ce \u00e0 la fois captivante et raffin\u00e9e, pens\u00e9e pour sublimer la silhouette avec une \u00e9l\u00e9gance envo\u00fbtante. Confectionn\u00e9e en dentelle transparente d\u00e9licate, elle joue sur la subtilit\u00e9 et la sensualit\u00e9, r\u00e9v\u00e9lant juste ce qu'il faut de myst\u00e8re. Ses manches longues apportent une touche de sophistication, contrastant avec la l\u00e9g\u00e8ret\u00e9 du tissu pour un \u00e9quilibre parfait entre glamour et \u00e9l\u00e9gance. Id\u00e9ale pour une soir\u00e9e chic, un \u00e9v\u00e9nement sp\u00e9cial ou une occasion o\u00f9 l'on souhaite captiver tous les regards, la robe Venus incarne une f\u00e9minit\u00e9 assum\u00e9e et un charme irr\u00e9sistible.\",\"breadcrumb\":{\"@id\":\"https:\\\/\\\/madame-sensuelle.paris\\\/fr\\\/product\\\/robe-longue-venus-en-dentelle-transparente-a-manches-longues\\\/#breadcrumb\"},\"inLanguage\":\"fr-FR\",\"potentialAction\":[{\"@type\":\"ReadAction\",\"target\":[\"https:\\\/\\\/madame-sensuelle.paris\\\/fr\\\/product\\\/robe-longue-venus-en-dentelle-transparente-a-manches-longues\\\/\"]}]},{\"@type\":\"ImageObject\",\"inLanguage\":\"fr-FR\",\"@id\":\"https:\\\/\\\/madame-sensuelle.paris\\\/fr\\\/product\\\/robe-longue-venus-en-dentelle-transparente-a-manches-longues\\\/#primaryimage\",\"url\":\"https:\\\/\\\/madame-sensuelle.paris\\\/wp-content\\\/uploads\\\/2024\\\/09\\\/volupia-1-scaled.jpg\",\"contentUrl\":\"https:\\\/\\\/madame-sensuelle.paris\\\/wp-content\\\/uploads\\\/2024\\\/09\\\/volupia-1-scaled.jpg\",\"width\":1920,\"height\":2560},{\"@type\":\"BreadcrumbList\",\"@id\":\"https:\\\/\\\/madame-sensuelle.paris\\\/fr\\\/product\\\/robe-longue-venus-en-dentelle-transparente-a-manches-longues\\\/#breadcrumb\",\"itemListElement\":[{\"@type\":\"ListItem\",\"position\":1,\"name\":\"Acceuil\",\"item\":\"https:\\\/\\\/madame-sensuelle.paris\\\/fr\\\/\"},{\"@type\":\"ListItem\",\"position\":2,\"name\":\"Catalogue\",\"item\":\"https:\\\/\\\/madame-sensuelle.paris\\\/fr\\\/catalogue\\\/\"},{\"@type\":\"ListItem\",\"position\":3,\"name\":\"MARJOLAINE\",\"item\":\"https:\\\/\\\/madame-sensuelle.paris\\\/fr\\\/brand\\\/marjolaine\\\/\"},{\"@type\":\"ListItem\",\"position\":4,\"name\":\"Robe longue Venus en dentelle transparente \u00e0 manches longues\"}]},{\"@type\":\"WebSite\",\"@id\":\"https:\\\/\\\/madame-sensuelle.paris\\\/fr\\\/#website\",\"url\":\"https:\\\/\\\/madame-sensuelle.paris\\\/fr\\\/\",\"name\":\"MADAME SENSUELLE\",\"description\":\"MADAME SENSUELLE: Found the biggest exciting brands of chic &amp; SEXY LINGERIE in Paris Boutique and on the WEB: Aubade, Dita Von Teese, Maison Close, Marjolaine, Bluebella, Atelier Amour, Luxxa, Catanzaro, Gracija Rim. You will found the big pleasure of sexy belt or bra make for you\",\"publisher\":{\"@id\":\"https:\\\/\\\/madame-sensuelle.paris\\\/fr\\\/#organization\"},\"potentialAction\":[{\"@type\":\"SearchAction\",\"target\":{\"@type\":\"EntryPoint\",\"urlTemplate\":\"https:\\\/\\\/madame-sensuelle.paris\\\/fr\\\/?s={search_term_string}\"},\"query-input\":{\"@type\":\"PropertyValueSpecification\",\"valueRequired\":true,\"valueName\":\"search_term_string\"}}],\"inLanguage\":\"fr-FR\"},{\"@type\":\"Organization\",\"@id\":\"https:\\\/\\\/madame-sensuelle.paris\\\/fr\\\/#organization\",\"name\":\"Madame Sensuelle\",\"url\":\"https:\\\/\\\/madame-sensuelle.paris\\\/fr\\\/\",\"logo\":{\"@type\":\"ImageObject\",\"inLanguage\":\"fr-FR\",\"@id\":\"https:\\\/\\\/madame-sensuelle.paris\\\/fr\\\/#\\\/schema\\\/logo\\\/image\\\/\",\"url\":\"https:\\\/\\\/madame-sensuelle.paris\\\/wp-content\\\/uploads\\\/2024\\\/12\\\/logo_a-1-1_696.webp\",\"contentUrl\":\"https:\\\/\\\/madame-sensuelle.paris\\\/wp-content\\\/uploads\\\/2024\\\/12\\\/logo_a-1-1_696.webp\",\"width\":696,\"height\":696,\"caption\":\"Madame Sensuelle\"},\"image\":{\"@id\":\"https:\\\/\\\/madame-sensuelle.paris\\\/fr\\\/#\\\/schema\\\/logo\\\/image\\\/\"},\"sameAs\":[\"https:\\\/\\\/www.facebook.com\\\/madamesensuelle\",\"https:\\\/\\\/www.instagram.com\\\/madame_sensuelle\\\/\"]}]}<\/script>\n<!-- \/ Yoast SEO plugin. -->","yoast_head_json":{"title":"robe longue venus en dentelle transparente a manches longues","description":"cliquer pour visionner l'article : Robe longue Venus en dentelle transparente \u00e0 manches longues La robe longue Venus est une pi\u00e8ce \u00e0 la fois captivante et raffin\u00e9e, pens\u00e9e pour sublimer la silhouette avec une \u00e9l\u00e9gance envo\u00fbtante. Confectionn\u00e9e en dentelle transparente d\u00e9licate, elle joue sur la subtilit\u00e9 et la sensualit\u00e9, r\u00e9v\u00e9lant juste ce qu'il faut de myst\u00e8re. Ses manches longues apportent une touche de sophistication, contrastant avec la l\u00e9g\u00e8ret\u00e9 du tissu pour un \u00e9quilibre parfait entre glamour et \u00e9l\u00e9gance. Id\u00e9ale pour une soir\u00e9e chic, un \u00e9v\u00e9nement sp\u00e9cial ou une occasion o\u00f9 l'on souhaite captiver tous les regards, la robe Venus incarne une f\u00e9minit\u00e9 assum\u00e9e et un charme irr\u00e9sistible.","robots":{"index":"index","follow":"follow","max-snippet":"max-snippet:-1","max-image-preview":"max-image-preview:large","max-video-preview":"max-video-preview:-1"},"canonical":"https:\/\/madame-sensuelle.paris\/fr\/product\/robe-longue-venus-en-dentelle-transparente-a-manches-longues\/","og_locale":"fr_FR","og_type":"article","og_title":"robe longue venus en dentelle transparente a manches longues","og_description":"cliquer pour visionner l'article : Robe longue Venus en dentelle transparente \u00e0 manches longues La robe longue Venus est une pi\u00e8ce \u00e0 la fois captivante et raffin\u00e9e, pens\u00e9e pour sublimer la silhouette avec une \u00e9l\u00e9gance envo\u00fbtante. Confectionn\u00e9e en dentelle transparente d\u00e9licate, elle joue sur la subtilit\u00e9 et la sensualit\u00e9, r\u00e9v\u00e9lant juste ce qu'il faut de myst\u00e8re. Ses manches longues apportent une touche de sophistication, contrastant avec la l\u00e9g\u00e8ret\u00e9 du tissu pour un \u00e9quilibre parfait entre glamour et \u00e9l\u00e9gance. Id\u00e9ale pour une soir\u00e9e chic, un \u00e9v\u00e9nement sp\u00e9cial ou une occasion o\u00f9 l'on souhaite captiver tous les regards, la robe Venus incarne une f\u00e9minit\u00e9 assum\u00e9e et un charme irr\u00e9sistible.","og_url":"https:\/\/madame-sensuelle.paris\/fr\/product\/robe-longue-venus-en-dentelle-transparente-a-manches-longues\/","og_site_name":"Madame Sensuelle","article_publisher":"https:\/\/www.facebook.com\/madamesensuelle","article_modified_time":"2026-03-30T05:11:25+00:00","og_image":[{"url":"http:\/\/madame-sensuelle.paris\/wp-content\/uploads\/2024\/09\/volupia-1-scaled.jpg","width":1920,"height":2560,"type":"image\/jpeg"}],"twitter_card":"summary_large_image","twitter_misc":{"Dur\u00e9e de lecture estim\u00e9e":"1 minute"},"schema":{"@context":"https:\/\/schema.org","@graph":[{"@type":"WebPage","@id":"https:\/\/madame-sensuelle.paris\/fr\/product\/robe-longue-venus-en-dentelle-transparente-a-manches-longues\/","url":"https:\/\/madame-sensuelle.paris\/fr\/product\/robe-longue-venus-en-dentelle-transparente-a-manches-longues\/","name":"robe longue venus en dentelle transparente a manches longues","isPartOf":{"@id":"https:\/\/madame-sensuelle.paris\/fr\/#website"},"primaryImageOfPage":{"@id":"https:\/\/madame-sensuelle.paris\/fr\/product\/robe-longue-venus-en-dentelle-transparente-a-manches-longues\/#primaryimage"},"image":{"@id":"https:\/\/madame-sensuelle.paris\/fr\/product\/robe-longue-venus-en-dentelle-transparente-a-manches-longues\/#primaryimage"},"thumbnailUrl":"https:\/\/madame-sensuelle.paris\/wp-content\/uploads\/2024\/09\/volupia-1-scaled.jpg","datePublished":"2024-09-24T12:24:04+00:00","dateModified":"2026-03-30T05:11:25+00:00","description":"cliquer pour visionner l'article : Robe longue Venus en dentelle transparente \u00e0 manches longues La robe longue Venus est une pi\u00e8ce \u00e0 la fois captivante et raffin\u00e9e, pens\u00e9e pour sublimer la silhouette avec une \u00e9l\u00e9gance envo\u00fbtante. Confectionn\u00e9e en dentelle transparente d\u00e9licate, elle joue sur la subtilit\u00e9 et la sensualit\u00e9, r\u00e9v\u00e9lant juste ce qu'il faut de myst\u00e8re. Ses manches longues apportent une touche de sophistication, contrastant avec la l\u00e9g\u00e8ret\u00e9 du tissu pour un \u00e9quilibre parfait entre glamour et \u00e9l\u00e9gance. Id\u00e9ale pour une soir\u00e9e chic, un \u00e9v\u00e9nement sp\u00e9cial ou une occasion o\u00f9 l'on souhaite captiver tous les regards, la robe Venus incarne une f\u00e9minit\u00e9 assum\u00e9e et un charme irr\u00e9sistible.","breadcrumb":{"@id":"https:\/\/madame-sensuelle.paris\/fr\/product\/robe-longue-venus-en-dentelle-transparente-a-manches-longues\/#breadcrumb"},"inLanguage":"fr-FR","potentialAction":[{"@type":"ReadAction","target":["https:\/\/madame-sensuelle.paris\/fr\/product\/robe-longue-venus-en-dentelle-transparente-a-manches-longues\/"]}]},{"@type":"ImageObject","inLanguage":"fr-FR","@id":"https:\/\/madame-sensuelle.paris\/fr\/product\/robe-longue-venus-en-dentelle-transparente-a-manches-longues\/#primaryimage","url":"https:\/\/madame-sensuelle.paris\/wp-content\/uploads\/2024\/09\/volupia-1-scaled.jpg","contentUrl":"https:\/\/madame-sensuelle.paris\/wp-content\/uploads\/2024\/09\/volupia-1-scaled.jpg","width":1920,"height":2560},{"@type":"BreadcrumbList","@id":"https:\/\/madame-sensuelle.paris\/fr\/product\/robe-longue-venus-en-dentelle-transparente-a-manches-longues\/#breadcrumb","itemListElement":[{"@type":"ListItem","position":1,"name":"Acceuil","item":"https:\/\/madame-sensuelle.paris\/fr\/"},{"@type":"ListItem","position":2,"name":"Catalogue","item":"https:\/\/madame-sensuelle.paris\/fr\/catalogue\/"},{"@type":"ListItem","position":3,"name":"MARJOLAINE","item":"https:\/\/madame-sensuelle.paris\/fr\/brand\/marjolaine\/"},{"@type":"ListItem","position":4,"name":"Robe longue Venus en dentelle transparente \u00e0 manches longues"}]},{"@type":"WebSite","@id":"https:\/\/madame-sensuelle.paris\/fr\/#website","url":"https:\/\/madame-sensuelle.paris\/fr\/","name":"MADAME SENSUELLE","description":"MADAME SENSUELLE: Found the biggest exciting brands of chic &amp; SEXY LINGERIE in Paris Boutique and on the WEB: Aubade, Dita Von Teese, Maison Close, Marjolaine, Bluebella, Atelier Amour, Luxxa, Catanzaro, Gracija Rim. You will found the big pleasure of sexy belt or bra make for you","publisher":{"@id":"https:\/\/madame-sensuelle.paris\/fr\/#organization"},"potentialAction":[{"@type":"SearchAction","target":{"@type":"EntryPoint","urlTemplate":"https:\/\/madame-sensuelle.paris\/fr\/?s={search_term_string}"},"query-input":{"@type":"PropertyValueSpecification","valueRequired":true,"valueName":"search_term_string"}}],"inLanguage":"fr-FR"},{"@type":"Organization","@id":"https:\/\/madame-sensuelle.paris\/fr\/#organization","name":"Madame Sensuelle","url":"https:\/\/madame-sensuelle.paris\/fr\/","logo":{"@type":"ImageObject","inLanguage":"fr-FR","@id":"https:\/\/madame-sensuelle.paris\/fr\/#\/schema\/logo\/image\/","url":"https:\/\/madame-sensuelle.paris\/wp-content\/uploads\/2024\/12\/logo_a-1-1_696.webp","contentUrl":"https:\/\/madame-sensuelle.paris\/wp-content\/uploads\/2024\/12\/logo_a-1-1_696.webp","width":696,"height":696,"caption":"Madame Sensuelle"},"image":{"@id":"https:\/\/madame-sensuelle.paris\/fr\/#\/schema\/logo\/image\/"},"sameAs":["https:\/\/www.facebook.com\/madamesensuelle","https:\/\/www.instagram.com\/madame_sensuelle\/"]}]}},"brands":[{"id":2771,"name":"MARJOLAINE","slug":"marjolaine"}],"_links":{"self":[{"href":"https:\/\/madame-sensuelle.paris\/fr\/wp-json\/wp\/v2\/product\/108850","targetHints":{"allow":["GET"]}}],"collection":[{"href":"https:\/\/madame-sensuelle.paris\/fr\/wp-json\/wp\/v2\/product"}],"about":[{"href":"https:\/\/madame-sensuelle.paris\/fr\/wp-json\/wp\/v2\/types\/product"}],"version-history":[{"count":1,"href":"https:\/\/madame-sensuelle.paris\/fr\/wp-json\/wp\/v2\/product\/108850\/revisions"}],"predecessor-version":[{"id":116858,"href":"https:\/\/madame-sensuelle.paris\/fr\/wp-json\/wp\/v2\/product\/108850\/revisions\/116858"}],"wp:featuredmedia":[{"embeddable":true,"href":"https:\/\/madame-sensuelle.paris\/fr\/wp-json\/wp\/v2\/media\/111660"}],"wp:attachment":[{"href":"https:\/\/madame-sensuelle.paris\/fr\/wp-json\/wp\/v2\/media?parent=108850"}],"wp:term":[{"taxonomy":"pwb-brand","embeddable":true,"href":"https:\/\/madame-sensuelle.paris\/fr\/wp-json\/wp\/v2\/pwb-brand?post=108850"},{"taxonomy":"product_brand","embeddable":true,"href":"https:\/\/madame-sensuelle.paris\/fr\/wp-json\/wp\/v2\/product_brand?post=108850"},{"taxonomy":"product_cat","embeddable":true,"href":"https:\/\/madame-sensuelle.paris\/fr\/wp-json\/wp\/v2\/product_cat?post=108850"},{"taxonomy":"product_tag","embeddable":true,"href":"https:\/\/madame-sensuelle.paris\/fr\/wp-json\/wp\/v2\/product_tag?post=108850"},{"taxonomy":"giftcard-category","embeddable":true,"href":"https:\/\/madame-sensuelle.paris\/fr\/wp-json\/wp\/v2\/giftcard-category?post=108850"}],"curies":[{"name":"wp","href":"https:\/\/api.w.org\/{rel}","templated":true}]}}