{"id":108899,"date":"2024-09-24T13:00:37","date_gmt":"2024-09-24T13:00:37","guid":{"rendered":"https:\/\/madame-sensuelle.paris\/product\/robe-volupia-longue-en-soie-avec-dentelle-paillettee\/"},"modified":"2026-03-29T14:03:58","modified_gmt":"2026-03-29T14:03:58","slug":"robe-volupia-longue-en-soie-avec-dentelle-paillettee","status":"publish","type":"product","link":"https:\/\/madame-sensuelle.paris\/fr\/product\/robe-volupia-longue-en-soie-avec-dentelle-paillettee\/","title":{"rendered":"Robe Volupia longue en soie col am\u00e9ricain avec dentelle paillett\u00e9e"},"content":{"rendered":"","protected":false},"excerpt":{"rendered":"","protected":false},"featured_media":110603,"template":"","meta":[],"pwb-brand":[2771],"product_brand":[],"product_cat":[1239,1429,1235],"product_tag":[],"giftcard-category":[],"class_list":{"0":"post-108899","1":"product","2":"type-product","3":"status-publish","4":"has-post-thumbnail","6":"pwb-brand-marjolaine","7":"product_cat-longewear","8":"product_cat-uncategorized-fr","9":"product_cat-robes-sexy","10":"pa_collection-volupia","12":"first","13":"instock","14":"taxable","15":"shipping-taxable","16":"purchasable","17":"product-type-variable","18":"has-default-attributes"},"yoast_head":"<!-- This site is optimized with the Yoast SEO plugin v27.3 - https:\/\/yoast.com\/product\/yoast-seo-wordpress\/ -->\n<title>Robe Volupia longue en soie col am\u00e9ricain avec dentelle paillett\u00e9e \u2013 MARJOLAINE - Madame Sensuelle<\/title>\n<meta name=\"description\" content=\"cliquer pour visionner l&#039;article : Robe Volupia longue en soie col am\u00e9ricain avec dentelle paillett\u00e9e Cette robe longue en satin de soie noire incarne l&#039;\u00e9l\u00e9gance pure et la sophistication. Son tissu fluide et luxueux caresse la silhouette, cr\u00e9ant un effet \u00e0 la fois raffin\u00e9 et sensuel. Le d\u00e9collet\u00e9, d\u00e9licatement d\u00e9cor\u00e9 d&#039;un motif de dentelle velout\u00e9e, offre un jeu subtil de transparence, accentu\u00e9 par de petits sequins scintillants qui apportent une touche de lumi\u00e8re. Le col montant en velours ajoute une note de noblesse et de myst\u00e8re, soulignant avec finesse le caract\u00e8re unique de cette pi\u00e8ce. Une robe parfaite pour celles qui recherchent une allure \u00e0 la fois classique et envo\u00fbtante, o\u00f9 chaque d\u00e9tail r\u00e9v\u00e8le un raffinement exceptionnel.\" \/>\n<meta name=\"robots\" content=\"index, follow, max-snippet:-1, max-image-preview:large, max-video-preview:-1\" \/>\n<link rel=\"canonical\" href=\"https:\/\/madame-sensuelle.paris\/fr\/product\/robe-volupia-longue-en-soie-avec-dentelle-paillettee\/\" \/>\n<meta property=\"og:locale\" content=\"fr_FR\" \/>\n<meta property=\"og:type\" content=\"article\" \/>\n<meta property=\"og:title\" content=\"Robe Volupia longue en soie col am\u00e9ricain avec dentelle paillett\u00e9e \u2013 MARJOLAINE - Madame Sensuelle\" \/>\n<meta property=\"og:description\" content=\"cliquer pour visionner l&#039;article : Robe Volupia longue en soie col am\u00e9ricain avec dentelle paillett\u00e9e Cette robe longue en satin de soie noire incarne l&#039;\u00e9l\u00e9gance pure et la sophistication. Son tissu fluide et luxueux caresse la silhouette, cr\u00e9ant un effet \u00e0 la fois raffin\u00e9 et sensuel. Le d\u00e9collet\u00e9, d\u00e9licatement d\u00e9cor\u00e9 d&#039;un motif de dentelle velout\u00e9e, offre un jeu subtil de transparence, accentu\u00e9 par de petits sequins scintillants qui apportent une touche de lumi\u00e8re. Le col montant en velours ajoute une note de noblesse et de myst\u00e8re, soulignant avec finesse le caract\u00e8re unique de cette pi\u00e8ce. Une robe parfaite pour celles qui recherchent une allure \u00e0 la fois classique et envo\u00fbtante, o\u00f9 chaque d\u00e9tail r\u00e9v\u00e8le un raffinement exceptionnel.\" \/>\n<meta property=\"og:url\" content=\"https:\/\/madame-sensuelle.paris\/fr\/product\/robe-volupia-longue-en-soie-avec-dentelle-paillettee\/\" \/>\n<meta property=\"og:site_name\" content=\"Madame Sensuelle\" \/>\n<meta property=\"article:publisher\" content=\"https:\/\/www.facebook.com\/madamesensuelle\" \/>\n<meta property=\"article:modified_time\" content=\"2026-03-29T14:03:58+00:00\" \/>\n<meta property=\"og:image\" content=\"http:\/\/madame-sensuelle.paris\/wp-content\/uploads\/2024\/10\/XSHD1TJ6875-1.jpg\" \/>\n\t<meta property=\"og:image:width\" content=\"520\" \/>\n\t<meta property=\"og:image:height\" content=\"780\" \/>\n\t<meta property=\"og:image:type\" content=\"image\/jpeg\" \/>\n<meta name=\"twitter:card\" content=\"summary_large_image\" \/>\n<meta name=\"twitter:label1\" content=\"Dur\u00e9e de lecture estim\u00e9e\" \/>\n\t<meta name=\"twitter:data1\" content=\"1 minute\" \/>\n<script type=\"application\/ld+json\" class=\"yoast-schema-graph\">{\"@context\":\"https:\\\/\\\/schema.org\",\"@graph\":[{\"@type\":\"WebPage\",\"@id\":\"https:\\\/\\\/madame-sensuelle.paris\\\/fr\\\/product\\\/robe-volupia-longue-en-soie-avec-dentelle-paillettee\\\/\",\"url\":\"https:\\\/\\\/madame-sensuelle.paris\\\/fr\\\/product\\\/robe-volupia-longue-en-soie-avec-dentelle-paillettee\\\/\",\"name\":\"Robe Volupia longue en soie col am\u00e9ricain avec dentelle paillett\u00e9e \u2013 MARJOLAINE - Madame Sensuelle\",\"isPartOf\":{\"@id\":\"https:\\\/\\\/madame-sensuelle.paris\\\/fr\\\/#website\"},\"primaryImageOfPage\":{\"@id\":\"https:\\\/\\\/madame-sensuelle.paris\\\/fr\\\/product\\\/robe-volupia-longue-en-soie-avec-dentelle-paillettee\\\/#primaryimage\"},\"image\":{\"@id\":\"https:\\\/\\\/madame-sensuelle.paris\\\/fr\\\/product\\\/robe-volupia-longue-en-soie-avec-dentelle-paillettee\\\/#primaryimage\"},\"thumbnailUrl\":\"https:\\\/\\\/madame-sensuelle.paris\\\/wp-content\\\/uploads\\\/2024\\\/10\\\/XSHD1TJ6875-1.jpg\",\"datePublished\":\"2024-09-24T13:00:37+00:00\",\"dateModified\":\"2026-03-29T14:03:58+00:00\",\"description\":\"cliquer pour visionner l'article : Robe Volupia longue en soie col am\u00e9ricain avec dentelle paillett\u00e9e Cette robe longue en satin de soie noire incarne l'\u00e9l\u00e9gance pure et la sophistication. Son tissu fluide et luxueux caresse la silhouette, cr\u00e9ant un effet \u00e0 la fois raffin\u00e9 et sensuel. Le d\u00e9collet\u00e9, d\u00e9licatement d\u00e9cor\u00e9 d'un motif de dentelle velout\u00e9e, offre un jeu subtil de transparence, accentu\u00e9 par de petits sequins scintillants qui apportent une touche de lumi\u00e8re. Le col montant en velours ajoute une note de noblesse et de myst\u00e8re, soulignant avec finesse le caract\u00e8re unique de cette pi\u00e8ce. Une robe parfaite pour celles qui recherchent une allure \u00e0 la fois classique et envo\u00fbtante, o\u00f9 chaque d\u00e9tail r\u00e9v\u00e8le un raffinement exceptionnel.\",\"breadcrumb\":{\"@id\":\"https:\\\/\\\/madame-sensuelle.paris\\\/fr\\\/product\\\/robe-volupia-longue-en-soie-avec-dentelle-paillettee\\\/#breadcrumb\"},\"inLanguage\":\"fr-FR\",\"potentialAction\":[{\"@type\":\"ReadAction\",\"target\":[\"https:\\\/\\\/madame-sensuelle.paris\\\/fr\\\/product\\\/robe-volupia-longue-en-soie-avec-dentelle-paillettee\\\/\"]}]},{\"@type\":\"ImageObject\",\"inLanguage\":\"fr-FR\",\"@id\":\"https:\\\/\\\/madame-sensuelle.paris\\\/fr\\\/product\\\/robe-volupia-longue-en-soie-avec-dentelle-paillettee\\\/#primaryimage\",\"url\":\"https:\\\/\\\/madame-sensuelle.paris\\\/wp-content\\\/uploads\\\/2024\\\/10\\\/XSHD1TJ6875-1.jpg\",\"contentUrl\":\"https:\\\/\\\/madame-sensuelle.paris\\\/wp-content\\\/uploads\\\/2024\\\/10\\\/XSHD1TJ6875-1.jpg\",\"width\":520,\"height\":780},{\"@type\":\"BreadcrumbList\",\"@id\":\"https:\\\/\\\/madame-sensuelle.paris\\\/fr\\\/product\\\/robe-volupia-longue-en-soie-avec-dentelle-paillettee\\\/#breadcrumb\",\"itemListElement\":[{\"@type\":\"ListItem\",\"position\":1,\"name\":\"Acceuil\",\"item\":\"https:\\\/\\\/madame-sensuelle.paris\\\/fr\\\/\"},{\"@type\":\"ListItem\",\"position\":2,\"name\":\"Catalogue\",\"item\":\"https:\\\/\\\/madame-sensuelle.paris\\\/fr\\\/catalogue\\\/\"},{\"@type\":\"ListItem\",\"position\":3,\"name\":\"MARJOLAINE\",\"item\":\"https:\\\/\\\/madame-sensuelle.paris\\\/fr\\\/brand\\\/marjolaine\\\/\"},{\"@type\":\"ListItem\",\"position\":4,\"name\":\"Robe Volupia longue en soie col am\u00e9ricain avec dentelle paillett\u00e9e\"}]},{\"@type\":\"WebSite\",\"@id\":\"https:\\\/\\\/madame-sensuelle.paris\\\/fr\\\/#website\",\"url\":\"https:\\\/\\\/madame-sensuelle.paris\\\/fr\\\/\",\"name\":\"MADAME SENSUELLE\",\"description\":\"MADAME SENSUELLE: Found the biggest exciting brands of chic &amp; SEXY LINGERIE in Paris Boutique and on the WEB: Aubade, Dita Von Teese, Maison Close, Marjolaine, Bluebella, Atelier Amour, Luxxa, Catanzaro, Gracija Rim. You will found the big pleasure of sexy belt or bra make for you\",\"publisher\":{\"@id\":\"https:\\\/\\\/madame-sensuelle.paris\\\/fr\\\/#organization\"},\"potentialAction\":[{\"@type\":\"SearchAction\",\"target\":{\"@type\":\"EntryPoint\",\"urlTemplate\":\"https:\\\/\\\/madame-sensuelle.paris\\\/fr\\\/?s={search_term_string}\"},\"query-input\":{\"@type\":\"PropertyValueSpecification\",\"valueRequired\":true,\"valueName\":\"search_term_string\"}}],\"inLanguage\":\"fr-FR\"},{\"@type\":\"Organization\",\"@id\":\"https:\\\/\\\/madame-sensuelle.paris\\\/fr\\\/#organization\",\"name\":\"Madame Sensuelle\",\"url\":\"https:\\\/\\\/madame-sensuelle.paris\\\/fr\\\/\",\"logo\":{\"@type\":\"ImageObject\",\"inLanguage\":\"fr-FR\",\"@id\":\"https:\\\/\\\/madame-sensuelle.paris\\\/fr\\\/#\\\/schema\\\/logo\\\/image\\\/\",\"url\":\"https:\\\/\\\/madame-sensuelle.paris\\\/wp-content\\\/uploads\\\/2024\\\/12\\\/logo_a-1-1_696.webp\",\"contentUrl\":\"https:\\\/\\\/madame-sensuelle.paris\\\/wp-content\\\/uploads\\\/2024\\\/12\\\/logo_a-1-1_696.webp\",\"width\":696,\"height\":696,\"caption\":\"Madame Sensuelle\"},\"image\":{\"@id\":\"https:\\\/\\\/madame-sensuelle.paris\\\/fr\\\/#\\\/schema\\\/logo\\\/image\\\/\"},\"sameAs\":[\"https:\\\/\\\/www.facebook.com\\\/madamesensuelle\",\"https:\\\/\\\/www.instagram.com\\\/madame_sensuelle\\\/\"]}]}<\/script>\n<!-- \/ Yoast SEO plugin. -->","yoast_head_json":{"title":"Robe Volupia longue en soie col am\u00e9ricain avec dentelle paillett\u00e9e \u2013 MARJOLAINE - Madame Sensuelle","description":"cliquer pour visionner l'article : Robe Volupia longue en soie col am\u00e9ricain avec dentelle paillett\u00e9e Cette robe longue en satin de soie noire incarne l'\u00e9l\u00e9gance pure et la sophistication. Son tissu fluide et luxueux caresse la silhouette, cr\u00e9ant un effet \u00e0 la fois raffin\u00e9 et sensuel. Le d\u00e9collet\u00e9, d\u00e9licatement d\u00e9cor\u00e9 d'un motif de dentelle velout\u00e9e, offre un jeu subtil de transparence, accentu\u00e9 par de petits sequins scintillants qui apportent une touche de lumi\u00e8re. Le col montant en velours ajoute une note de noblesse et de myst\u00e8re, soulignant avec finesse le caract\u00e8re unique de cette pi\u00e8ce. Une robe parfaite pour celles qui recherchent une allure \u00e0 la fois classique et envo\u00fbtante, o\u00f9 chaque d\u00e9tail r\u00e9v\u00e8le un raffinement exceptionnel.","robots":{"index":"index","follow":"follow","max-snippet":"max-snippet:-1","max-image-preview":"max-image-preview:large","max-video-preview":"max-video-preview:-1"},"canonical":"https:\/\/madame-sensuelle.paris\/fr\/product\/robe-volupia-longue-en-soie-avec-dentelle-paillettee\/","og_locale":"fr_FR","og_type":"article","og_title":"Robe Volupia longue en soie col am\u00e9ricain avec dentelle paillett\u00e9e \u2013 MARJOLAINE - Madame Sensuelle","og_description":"cliquer pour visionner l'article : Robe Volupia longue en soie col am\u00e9ricain avec dentelle paillett\u00e9e Cette robe longue en satin de soie noire incarne l'\u00e9l\u00e9gance pure et la sophistication. Son tissu fluide et luxueux caresse la silhouette, cr\u00e9ant un effet \u00e0 la fois raffin\u00e9 et sensuel. Le d\u00e9collet\u00e9, d\u00e9licatement d\u00e9cor\u00e9 d'un motif de dentelle velout\u00e9e, offre un jeu subtil de transparence, accentu\u00e9 par de petits sequins scintillants qui apportent une touche de lumi\u00e8re. Le col montant en velours ajoute une note de noblesse et de myst\u00e8re, soulignant avec finesse le caract\u00e8re unique de cette pi\u00e8ce. Une robe parfaite pour celles qui recherchent une allure \u00e0 la fois classique et envo\u00fbtante, o\u00f9 chaque d\u00e9tail r\u00e9v\u00e8le un raffinement exceptionnel.","og_url":"https:\/\/madame-sensuelle.paris\/fr\/product\/robe-volupia-longue-en-soie-avec-dentelle-paillettee\/","og_site_name":"Madame Sensuelle","article_publisher":"https:\/\/www.facebook.com\/madamesensuelle","article_modified_time":"2026-03-29T14:03:58+00:00","og_image":[{"width":520,"height":780,"url":"http:\/\/madame-sensuelle.paris\/wp-content\/uploads\/2024\/10\/XSHD1TJ6875-1.jpg","type":"image\/jpeg"}],"twitter_card":"summary_large_image","twitter_misc":{"Dur\u00e9e de lecture estim\u00e9e":"1 minute"},"schema":{"@context":"https:\/\/schema.org","@graph":[{"@type":"WebPage","@id":"https:\/\/madame-sensuelle.paris\/fr\/product\/robe-volupia-longue-en-soie-avec-dentelle-paillettee\/","url":"https:\/\/madame-sensuelle.paris\/fr\/product\/robe-volupia-longue-en-soie-avec-dentelle-paillettee\/","name":"Robe Volupia longue en soie col am\u00e9ricain avec dentelle paillett\u00e9e \u2013 MARJOLAINE - Madame Sensuelle","isPartOf":{"@id":"https:\/\/madame-sensuelle.paris\/fr\/#website"},"primaryImageOfPage":{"@id":"https:\/\/madame-sensuelle.paris\/fr\/product\/robe-volupia-longue-en-soie-avec-dentelle-paillettee\/#primaryimage"},"image":{"@id":"https:\/\/madame-sensuelle.paris\/fr\/product\/robe-volupia-longue-en-soie-avec-dentelle-paillettee\/#primaryimage"},"thumbnailUrl":"https:\/\/madame-sensuelle.paris\/wp-content\/uploads\/2024\/10\/XSHD1TJ6875-1.jpg","datePublished":"2024-09-24T13:00:37+00:00","dateModified":"2026-03-29T14:03:58+00:00","description":"cliquer pour visionner l'article : Robe Volupia longue en soie col am\u00e9ricain avec dentelle paillett\u00e9e Cette robe longue en satin de soie noire incarne l'\u00e9l\u00e9gance pure et la sophistication. Son tissu fluide et luxueux caresse la silhouette, cr\u00e9ant un effet \u00e0 la fois raffin\u00e9 et sensuel. Le d\u00e9collet\u00e9, d\u00e9licatement d\u00e9cor\u00e9 d'un motif de dentelle velout\u00e9e, offre un jeu subtil de transparence, accentu\u00e9 par de petits sequins scintillants qui apportent une touche de lumi\u00e8re. Le col montant en velours ajoute une note de noblesse et de myst\u00e8re, soulignant avec finesse le caract\u00e8re unique de cette pi\u00e8ce. Une robe parfaite pour celles qui recherchent une allure \u00e0 la fois classique et envo\u00fbtante, o\u00f9 chaque d\u00e9tail r\u00e9v\u00e8le un raffinement exceptionnel.","breadcrumb":{"@id":"https:\/\/madame-sensuelle.paris\/fr\/product\/robe-volupia-longue-en-soie-avec-dentelle-paillettee\/#breadcrumb"},"inLanguage":"fr-FR","potentialAction":[{"@type":"ReadAction","target":["https:\/\/madame-sensuelle.paris\/fr\/product\/robe-volupia-longue-en-soie-avec-dentelle-paillettee\/"]}]},{"@type":"ImageObject","inLanguage":"fr-FR","@id":"https:\/\/madame-sensuelle.paris\/fr\/product\/robe-volupia-longue-en-soie-avec-dentelle-paillettee\/#primaryimage","url":"https:\/\/madame-sensuelle.paris\/wp-content\/uploads\/2024\/10\/XSHD1TJ6875-1.jpg","contentUrl":"https:\/\/madame-sensuelle.paris\/wp-content\/uploads\/2024\/10\/XSHD1TJ6875-1.jpg","width":520,"height":780},{"@type":"BreadcrumbList","@id":"https:\/\/madame-sensuelle.paris\/fr\/product\/robe-volupia-longue-en-soie-avec-dentelle-paillettee\/#breadcrumb","itemListElement":[{"@type":"ListItem","position":1,"name":"Acceuil","item":"https:\/\/madame-sensuelle.paris\/fr\/"},{"@type":"ListItem","position":2,"name":"Catalogue","item":"https:\/\/madame-sensuelle.paris\/fr\/catalogue\/"},{"@type":"ListItem","position":3,"name":"MARJOLAINE","item":"https:\/\/madame-sensuelle.paris\/fr\/brand\/marjolaine\/"},{"@type":"ListItem","position":4,"name":"Robe Volupia longue en soie col am\u00e9ricain avec dentelle paillett\u00e9e"}]},{"@type":"WebSite","@id":"https:\/\/madame-sensuelle.paris\/fr\/#website","url":"https:\/\/madame-sensuelle.paris\/fr\/","name":"MADAME SENSUELLE","description":"MADAME SENSUELLE: Found the biggest exciting brands of chic &amp; SEXY LINGERIE in Paris Boutique and on the WEB: Aubade, Dita Von Teese, Maison Close, Marjolaine, Bluebella, Atelier Amour, Luxxa, Catanzaro, Gracija Rim. You will found the big pleasure of sexy belt or bra make for you","publisher":{"@id":"https:\/\/madame-sensuelle.paris\/fr\/#organization"},"potentialAction":[{"@type":"SearchAction","target":{"@type":"EntryPoint","urlTemplate":"https:\/\/madame-sensuelle.paris\/fr\/?s={search_term_string}"},"query-input":{"@type":"PropertyValueSpecification","valueRequired":true,"valueName":"search_term_string"}}],"inLanguage":"fr-FR"},{"@type":"Organization","@id":"https:\/\/madame-sensuelle.paris\/fr\/#organization","name":"Madame Sensuelle","url":"https:\/\/madame-sensuelle.paris\/fr\/","logo":{"@type":"ImageObject","inLanguage":"fr-FR","@id":"https:\/\/madame-sensuelle.paris\/fr\/#\/schema\/logo\/image\/","url":"https:\/\/madame-sensuelle.paris\/wp-content\/uploads\/2024\/12\/logo_a-1-1_696.webp","contentUrl":"https:\/\/madame-sensuelle.paris\/wp-content\/uploads\/2024\/12\/logo_a-1-1_696.webp","width":696,"height":696,"caption":"Madame Sensuelle"},"image":{"@id":"https:\/\/madame-sensuelle.paris\/fr\/#\/schema\/logo\/image\/"},"sameAs":["https:\/\/www.facebook.com\/madamesensuelle","https:\/\/www.instagram.com\/madame_sensuelle\/"]}]}},"brands":[{"id":2771,"name":"MARJOLAINE","slug":"marjolaine"}],"_links":{"self":[{"href":"https:\/\/madame-sensuelle.paris\/fr\/wp-json\/wp\/v2\/product\/108899","targetHints":{"allow":["GET"]}}],"collection":[{"href":"https:\/\/madame-sensuelle.paris\/fr\/wp-json\/wp\/v2\/product"}],"about":[{"href":"https:\/\/madame-sensuelle.paris\/fr\/wp-json\/wp\/v2\/types\/product"}],"version-history":[{"count":1,"href":"https:\/\/madame-sensuelle.paris\/fr\/wp-json\/wp\/v2\/product\/108899\/revisions"}],"predecessor-version":[{"id":119462,"href":"https:\/\/madame-sensuelle.paris\/fr\/wp-json\/wp\/v2\/product\/108899\/revisions\/119462"}],"wp:featuredmedia":[{"embeddable":true,"href":"https:\/\/madame-sensuelle.paris\/fr\/wp-json\/wp\/v2\/media\/110603"}],"wp:attachment":[{"href":"https:\/\/madame-sensuelle.paris\/fr\/wp-json\/wp\/v2\/media?parent=108899"}],"wp:term":[{"taxonomy":"pwb-brand","embeddable":true,"href":"https:\/\/madame-sensuelle.paris\/fr\/wp-json\/wp\/v2\/pwb-brand?post=108899"},{"taxonomy":"product_brand","embeddable":true,"href":"https:\/\/madame-sensuelle.paris\/fr\/wp-json\/wp\/v2\/product_brand?post=108899"},{"taxonomy":"product_cat","embeddable":true,"href":"https:\/\/madame-sensuelle.paris\/fr\/wp-json\/wp\/v2\/product_cat?post=108899"},{"taxonomy":"product_tag","embeddable":true,"href":"https:\/\/madame-sensuelle.paris\/fr\/wp-json\/wp\/v2\/product_tag?post=108899"},{"taxonomy":"giftcard-category","embeddable":true,"href":"https:\/\/madame-sensuelle.paris\/fr\/wp-json\/wp\/v2\/giftcard-category?post=108899"}],"curies":[{"name":"wp","href":"https:\/\/api.w.org\/{rel}","templated":true}]}}