{"id":109663,"date":"2024-10-04T11:23:07","date_gmt":"2024-10-04T11:23:07","guid":{"rendered":"https:\/\/madame-sensuelle.paris\/product\/string-oiseau-de-paradis-en-broderie-multicolore\/"},"modified":"2026-03-27T21:05:05","modified_gmt":"2026-03-27T21:05:05","slug":"string-oiseau-de-paradis-en-broderie-multicolore","status":"publish","type":"product","link":"https:\/\/madame-sensuelle.paris\/fr\/product\/string-oiseau-de-paradis-en-broderie-multicolore\/","title":{"rendered":"String Oiseau de Paradis en broderie multicolore"},"content":{"rendered":"<p>Une broderie color\u00e9e qui se pose comme un dessin sur la peau. Ce string joue la l\u00e9g\u00e8ret\u00e9 avec sa coupe fine. Doux et discret, il laisse place \u00e0 la libert\u00e9 de mouvement. Oiseau de Paradis c\u00e9l\u00e8bre la f\u00e9minit\u00e9 avec fra\u00eecheur et l\u00e9g\u00e8ret\u00e9.<\/p>\n","protected":false},"excerpt":{"rendered":"<p>Une broderie color\u00e9e qui se pose comme un dessin sur la peau. Ce string joue la l\u00e9g\u00e8ret\u00e9 avec sa coupe fine. Doux et discret, il laisse place \u00e0 la libert\u00e9 de mouvement. Oiseau de Paradis c\u00e9l\u00e8bre la f\u00e9minit\u00e9 avec fra\u00eecheur et l\u00e9g\u00e8ret\u00e9.<\/p>\n","protected":false},"featured_media":109939,"template":"","meta":[],"pwb-brand":[2785],"product_brand":[],"product_cat":[1270,1245,1231],"product_tag":[],"giftcard-category":[],"class_list":{"0":"post-109663","1":"product","2":"type-product","3":"status-publish","4":"has-post-thumbnail","6":"pwb-brand-atelier-amour","7":"product_cat-culottes-sexy","8":"product_cat-lingerie-sexy-femme-erotique-et-glamour","9":"product_cat-string","10":"pa_collection-oiseau-de-paradis","12":"first","13":"outofstock","14":"taxable","15":"shipping-taxable","16":"purchasable","17":"product-type-variable","18":"has-default-attributes"},"yoast_head":"<!-- This site is optimized with the Yoast SEO plugin v27.3 - https:\/\/yoast.com\/product\/yoast-seo-wordpress\/ -->\n<title>String Oiseau de Paradis en broderie multicolore \u2013 ATELIER AMOUR - Madame Sensuelle<\/title>\n<meta name=\"description\" content=\"String, en broderie sur tulle et fils de lurex. Les motif repr\u00e9sente des feuilles tropicale. Une coupe tr\u00e8s \u00e9chancr\u00e9e sur les fesses ou l&#039;on retrouve la belle broderie sur tulle. Les cot\u00e9s sont ajustable pour un meilleurs confort, gr\u00e2ce a des \u00e9lastiques que vous pouvez mettre en taille haute ou en taille basse. Mod\u00e8le\u00a0unique dont le motif enchanteur de feuilles tropicales attira tous les regards.\" \/>\n<meta name=\"robots\" content=\"index, follow, max-snippet:-1, max-image-preview:large, max-video-preview:-1\" \/>\n<link rel=\"canonical\" href=\"https:\/\/madame-sensuelle.paris\/fr\/product\/string-oiseau-de-paradis-en-broderie-multicolore\/\" \/>\n<meta property=\"og:locale\" content=\"fr_FR\" \/>\n<meta property=\"og:type\" content=\"article\" \/>\n<meta property=\"og:title\" content=\"String Oiseau de Paradis en broderie multicolore \u2013 ATELIER AMOUR - Madame Sensuelle\" \/>\n<meta property=\"og:description\" content=\"String, en broderie sur tulle et fils de lurex. Les motif repr\u00e9sente des feuilles tropicale. Une coupe tr\u00e8s \u00e9chancr\u00e9e sur les fesses ou l&#039;on retrouve la belle broderie sur tulle. Les cot\u00e9s sont ajustable pour un meilleurs confort, gr\u00e2ce a des \u00e9lastiques que vous pouvez mettre en taille haute ou en taille basse. Mod\u00e8le\u00a0unique dont le motif enchanteur de feuilles tropicales attira tous les regards.\" \/>\n<meta property=\"og:url\" content=\"https:\/\/madame-sensuelle.paris\/fr\/product\/string-oiseau-de-paradis-en-broderie-multicolore\/\" \/>\n<meta property=\"og:site_name\" content=\"Madame Sensuelle\" \/>\n<meta property=\"article:publisher\" content=\"https:\/\/www.facebook.com\/madamesensuelle\" \/>\n<meta property=\"article:modified_time\" content=\"2026-03-27T21:05:05+00:00\" \/>\n<meta property=\"og:image\" content=\"http:\/\/madame-sensuelle.paris\/wp-content\/uploads\/2024\/10\/XSHD1TJ6919-1.webp\" \/>\n\t<meta property=\"og:image:width\" content=\"800\" \/>\n\t<meta property=\"og:image:height\" content=\"1133\" \/>\n\t<meta property=\"og:image:type\" content=\"image\/webp\" \/>\n<meta name=\"twitter:card\" content=\"summary_large_image\" \/>\n<meta name=\"twitter:label1\" content=\"Dur\u00e9e de lecture estim\u00e9e\" \/>\n\t<meta name=\"twitter:data1\" content=\"2 minutes\" \/>\n<script type=\"application\/ld+json\" class=\"yoast-schema-graph\">{\"@context\":\"https:\\\/\\\/schema.org\",\"@graph\":[{\"@type\":\"WebPage\",\"@id\":\"https:\\\/\\\/madame-sensuelle.paris\\\/fr\\\/product\\\/string-oiseau-de-paradis-en-broderie-multicolore\\\/\",\"url\":\"https:\\\/\\\/madame-sensuelle.paris\\\/fr\\\/product\\\/string-oiseau-de-paradis-en-broderie-multicolore\\\/\",\"name\":\"String Oiseau de Paradis en broderie multicolore \u2013 ATELIER AMOUR - Madame Sensuelle\",\"isPartOf\":{\"@id\":\"https:\\\/\\\/madame-sensuelle.paris\\\/fr\\\/#website\"},\"primaryImageOfPage\":{\"@id\":\"https:\\\/\\\/madame-sensuelle.paris\\\/fr\\\/product\\\/string-oiseau-de-paradis-en-broderie-multicolore\\\/#primaryimage\"},\"image\":{\"@id\":\"https:\\\/\\\/madame-sensuelle.paris\\\/fr\\\/product\\\/string-oiseau-de-paradis-en-broderie-multicolore\\\/#primaryimage\"},\"thumbnailUrl\":\"https:\\\/\\\/madame-sensuelle.paris\\\/wp-content\\\/uploads\\\/2024\\\/10\\\/XSHD1TJ6919-1.webp\",\"datePublished\":\"2024-10-04T11:23:07+00:00\",\"dateModified\":\"2026-03-27T21:05:05+00:00\",\"description\":\"String, en broderie sur tulle et fils de lurex. Les motif repr\u00e9sente des feuilles tropicale. Une coupe tr\u00e8s \u00e9chancr\u00e9e sur les fesses ou l'on retrouve la belle broderie sur tulle. Les cot\u00e9s sont ajustable pour un meilleurs confort, gr\u00e2ce a des \u00e9lastiques que vous pouvez mettre en taille haute ou en taille basse. Mod\u00e8le\u00a0unique dont le motif enchanteur de feuilles tropicales attira tous les regards.\",\"breadcrumb\":{\"@id\":\"https:\\\/\\\/madame-sensuelle.paris\\\/fr\\\/product\\\/string-oiseau-de-paradis-en-broderie-multicolore\\\/#breadcrumb\"},\"inLanguage\":\"fr-FR\",\"potentialAction\":[{\"@type\":\"ReadAction\",\"target\":[\"https:\\\/\\\/madame-sensuelle.paris\\\/fr\\\/product\\\/string-oiseau-de-paradis-en-broderie-multicolore\\\/\"]}]},{\"@type\":\"ImageObject\",\"inLanguage\":\"fr-FR\",\"@id\":\"https:\\\/\\\/madame-sensuelle.paris\\\/fr\\\/product\\\/string-oiseau-de-paradis-en-broderie-multicolore\\\/#primaryimage\",\"url\":\"https:\\\/\\\/madame-sensuelle.paris\\\/wp-content\\\/uploads\\\/2024\\\/10\\\/XSHD1TJ6919-1.webp\",\"contentUrl\":\"https:\\\/\\\/madame-sensuelle.paris\\\/wp-content\\\/uploads\\\/2024\\\/10\\\/XSHD1TJ6919-1.webp\",\"width\":800,\"height\":1133},{\"@type\":\"BreadcrumbList\",\"@id\":\"https:\\\/\\\/madame-sensuelle.paris\\\/fr\\\/product\\\/string-oiseau-de-paradis-en-broderie-multicolore\\\/#breadcrumb\",\"itemListElement\":[{\"@type\":\"ListItem\",\"position\":1,\"name\":\"Acceuil\",\"item\":\"https:\\\/\\\/madame-sensuelle.paris\\\/fr\\\/\"},{\"@type\":\"ListItem\",\"position\":2,\"name\":\"Catalogue\",\"item\":\"https:\\\/\\\/madame-sensuelle.paris\\\/fr\\\/catalogue\\\/\"},{\"@type\":\"ListItem\",\"position\":3,\"name\":\"ATELIER AMOUR\",\"item\":\"https:\\\/\\\/madame-sensuelle.paris\\\/fr\\\/brand\\\/atelier-amour\\\/\"},{\"@type\":\"ListItem\",\"position\":4,\"name\":\"String Oiseau de Paradis en broderie multicolore\"}]},{\"@type\":\"WebSite\",\"@id\":\"https:\\\/\\\/madame-sensuelle.paris\\\/fr\\\/#website\",\"url\":\"https:\\\/\\\/madame-sensuelle.paris\\\/fr\\\/\",\"name\":\"MADAME SENSUELLE\",\"description\":\"MADAME SENSUELLE: Found the biggest exciting brands of chic &amp; SEXY LINGERIE in Paris Boutique and on the WEB: Aubade, Dita Von Teese, Maison Close, Marjolaine, Bluebella, Atelier Amour, Luxxa, Catanzaro, Gracija Rim. You will found the big pleasure of sexy belt or bra make for you\",\"publisher\":{\"@id\":\"https:\\\/\\\/madame-sensuelle.paris\\\/fr\\\/#organization\"},\"potentialAction\":[{\"@type\":\"SearchAction\",\"target\":{\"@type\":\"EntryPoint\",\"urlTemplate\":\"https:\\\/\\\/madame-sensuelle.paris\\\/fr\\\/?s={search_term_string}\"},\"query-input\":{\"@type\":\"PropertyValueSpecification\",\"valueRequired\":true,\"valueName\":\"search_term_string\"}}],\"inLanguage\":\"fr-FR\"},{\"@type\":\"Organization\",\"@id\":\"https:\\\/\\\/madame-sensuelle.paris\\\/fr\\\/#organization\",\"name\":\"Madame Sensuelle\",\"url\":\"https:\\\/\\\/madame-sensuelle.paris\\\/fr\\\/\",\"logo\":{\"@type\":\"ImageObject\",\"inLanguage\":\"fr-FR\",\"@id\":\"https:\\\/\\\/madame-sensuelle.paris\\\/fr\\\/#\\\/schema\\\/logo\\\/image\\\/\",\"url\":\"https:\\\/\\\/madame-sensuelle.paris\\\/wp-content\\\/uploads\\\/2024\\\/12\\\/logo_a-1-1_696.webp\",\"contentUrl\":\"https:\\\/\\\/madame-sensuelle.paris\\\/wp-content\\\/uploads\\\/2024\\\/12\\\/logo_a-1-1_696.webp\",\"width\":696,\"height\":696,\"caption\":\"Madame Sensuelle\"},\"image\":{\"@id\":\"https:\\\/\\\/madame-sensuelle.paris\\\/fr\\\/#\\\/schema\\\/logo\\\/image\\\/\"},\"sameAs\":[\"https:\\\/\\\/www.facebook.com\\\/madamesensuelle\",\"https:\\\/\\\/www.instagram.com\\\/madame_sensuelle\\\/\"]}]}<\/script>\n<!-- \/ Yoast SEO plugin. -->","yoast_head_json":{"title":"String Oiseau de Paradis en broderie multicolore \u2013 ATELIER AMOUR - Madame Sensuelle","description":"String, en broderie sur tulle et fils de lurex. Les motif repr\u00e9sente des feuilles tropicale. Une coupe tr\u00e8s \u00e9chancr\u00e9e sur les fesses ou l'on retrouve la belle broderie sur tulle. Les cot\u00e9s sont ajustable pour un meilleurs confort, gr\u00e2ce a des \u00e9lastiques que vous pouvez mettre en taille haute ou en taille basse. Mod\u00e8le\u00a0unique dont le motif enchanteur de feuilles tropicales attira tous les regards.","robots":{"index":"index","follow":"follow","max-snippet":"max-snippet:-1","max-image-preview":"max-image-preview:large","max-video-preview":"max-video-preview:-1"},"canonical":"https:\/\/madame-sensuelle.paris\/fr\/product\/string-oiseau-de-paradis-en-broderie-multicolore\/","og_locale":"fr_FR","og_type":"article","og_title":"String Oiseau de Paradis en broderie multicolore \u2013 ATELIER AMOUR - Madame Sensuelle","og_description":"String, en broderie sur tulle et fils de lurex. Les motif repr\u00e9sente des feuilles tropicale. Une coupe tr\u00e8s \u00e9chancr\u00e9e sur les fesses ou l'on retrouve la belle broderie sur tulle. Les cot\u00e9s sont ajustable pour un meilleurs confort, gr\u00e2ce a des \u00e9lastiques que vous pouvez mettre en taille haute ou en taille basse. Mod\u00e8le\u00a0unique dont le motif enchanteur de feuilles tropicales attira tous les regards.","og_url":"https:\/\/madame-sensuelle.paris\/fr\/product\/string-oiseau-de-paradis-en-broderie-multicolore\/","og_site_name":"Madame Sensuelle","article_publisher":"https:\/\/www.facebook.com\/madamesensuelle","article_modified_time":"2026-03-27T21:05:05+00:00","og_image":[{"width":800,"height":1133,"url":"http:\/\/madame-sensuelle.paris\/wp-content\/uploads\/2024\/10\/XSHD1TJ6919-1.webp","type":"image\/webp"}],"twitter_card":"summary_large_image","twitter_misc":{"Dur\u00e9e de lecture estim\u00e9e":"2 minutes"},"schema":{"@context":"https:\/\/schema.org","@graph":[{"@type":"WebPage","@id":"https:\/\/madame-sensuelle.paris\/fr\/product\/string-oiseau-de-paradis-en-broderie-multicolore\/","url":"https:\/\/madame-sensuelle.paris\/fr\/product\/string-oiseau-de-paradis-en-broderie-multicolore\/","name":"String Oiseau de Paradis en broderie multicolore \u2013 ATELIER AMOUR - Madame Sensuelle","isPartOf":{"@id":"https:\/\/madame-sensuelle.paris\/fr\/#website"},"primaryImageOfPage":{"@id":"https:\/\/madame-sensuelle.paris\/fr\/product\/string-oiseau-de-paradis-en-broderie-multicolore\/#primaryimage"},"image":{"@id":"https:\/\/madame-sensuelle.paris\/fr\/product\/string-oiseau-de-paradis-en-broderie-multicolore\/#primaryimage"},"thumbnailUrl":"https:\/\/madame-sensuelle.paris\/wp-content\/uploads\/2024\/10\/XSHD1TJ6919-1.webp","datePublished":"2024-10-04T11:23:07+00:00","dateModified":"2026-03-27T21:05:05+00:00","description":"String, en broderie sur tulle et fils de lurex. Les motif repr\u00e9sente des feuilles tropicale. Une coupe tr\u00e8s \u00e9chancr\u00e9e sur les fesses ou l'on retrouve la belle broderie sur tulle. Les cot\u00e9s sont ajustable pour un meilleurs confort, gr\u00e2ce a des \u00e9lastiques que vous pouvez mettre en taille haute ou en taille basse. Mod\u00e8le\u00a0unique dont le motif enchanteur de feuilles tropicales attira tous les regards.","breadcrumb":{"@id":"https:\/\/madame-sensuelle.paris\/fr\/product\/string-oiseau-de-paradis-en-broderie-multicolore\/#breadcrumb"},"inLanguage":"fr-FR","potentialAction":[{"@type":"ReadAction","target":["https:\/\/madame-sensuelle.paris\/fr\/product\/string-oiseau-de-paradis-en-broderie-multicolore\/"]}]},{"@type":"ImageObject","inLanguage":"fr-FR","@id":"https:\/\/madame-sensuelle.paris\/fr\/product\/string-oiseau-de-paradis-en-broderie-multicolore\/#primaryimage","url":"https:\/\/madame-sensuelle.paris\/wp-content\/uploads\/2024\/10\/XSHD1TJ6919-1.webp","contentUrl":"https:\/\/madame-sensuelle.paris\/wp-content\/uploads\/2024\/10\/XSHD1TJ6919-1.webp","width":800,"height":1133},{"@type":"BreadcrumbList","@id":"https:\/\/madame-sensuelle.paris\/fr\/product\/string-oiseau-de-paradis-en-broderie-multicolore\/#breadcrumb","itemListElement":[{"@type":"ListItem","position":1,"name":"Acceuil","item":"https:\/\/madame-sensuelle.paris\/fr\/"},{"@type":"ListItem","position":2,"name":"Catalogue","item":"https:\/\/madame-sensuelle.paris\/fr\/catalogue\/"},{"@type":"ListItem","position":3,"name":"ATELIER AMOUR","item":"https:\/\/madame-sensuelle.paris\/fr\/brand\/atelier-amour\/"},{"@type":"ListItem","position":4,"name":"String Oiseau de Paradis en broderie multicolore"}]},{"@type":"WebSite","@id":"https:\/\/madame-sensuelle.paris\/fr\/#website","url":"https:\/\/madame-sensuelle.paris\/fr\/","name":"MADAME SENSUELLE","description":"MADAME SENSUELLE: Found the biggest exciting brands of chic &amp; SEXY LINGERIE in Paris Boutique and on the WEB: Aubade, Dita Von Teese, Maison Close, Marjolaine, Bluebella, Atelier Amour, Luxxa, Catanzaro, Gracija Rim. You will found the big pleasure of sexy belt or bra make for you","publisher":{"@id":"https:\/\/madame-sensuelle.paris\/fr\/#organization"},"potentialAction":[{"@type":"SearchAction","target":{"@type":"EntryPoint","urlTemplate":"https:\/\/madame-sensuelle.paris\/fr\/?s={search_term_string}"},"query-input":{"@type":"PropertyValueSpecification","valueRequired":true,"valueName":"search_term_string"}}],"inLanguage":"fr-FR"},{"@type":"Organization","@id":"https:\/\/madame-sensuelle.paris\/fr\/#organization","name":"Madame Sensuelle","url":"https:\/\/madame-sensuelle.paris\/fr\/","logo":{"@type":"ImageObject","inLanguage":"fr-FR","@id":"https:\/\/madame-sensuelle.paris\/fr\/#\/schema\/logo\/image\/","url":"https:\/\/madame-sensuelle.paris\/wp-content\/uploads\/2024\/12\/logo_a-1-1_696.webp","contentUrl":"https:\/\/madame-sensuelle.paris\/wp-content\/uploads\/2024\/12\/logo_a-1-1_696.webp","width":696,"height":696,"caption":"Madame Sensuelle"},"image":{"@id":"https:\/\/madame-sensuelle.paris\/fr\/#\/schema\/logo\/image\/"},"sameAs":["https:\/\/www.facebook.com\/madamesensuelle","https:\/\/www.instagram.com\/madame_sensuelle\/"]}]}},"brands":[{"id":2785,"name":"ATELIER AMOUR","slug":"atelier-amour"}],"_links":{"self":[{"href":"https:\/\/madame-sensuelle.paris\/fr\/wp-json\/wp\/v2\/product\/109663","targetHints":{"allow":["GET"]}}],"collection":[{"href":"https:\/\/madame-sensuelle.paris\/fr\/wp-json\/wp\/v2\/product"}],"about":[{"href":"https:\/\/madame-sensuelle.paris\/fr\/wp-json\/wp\/v2\/types\/product"}],"version-history":[{"count":1,"href":"https:\/\/madame-sensuelle.paris\/fr\/wp-json\/wp\/v2\/product\/109663\/revisions"}],"predecessor-version":[{"id":121340,"href":"https:\/\/madame-sensuelle.paris\/fr\/wp-json\/wp\/v2\/product\/109663\/revisions\/121340"}],"wp:featuredmedia":[{"embeddable":true,"href":"https:\/\/madame-sensuelle.paris\/fr\/wp-json\/wp\/v2\/media\/109939"}],"wp:attachment":[{"href":"https:\/\/madame-sensuelle.paris\/fr\/wp-json\/wp\/v2\/media?parent=109663"}],"wp:term":[{"taxonomy":"pwb-brand","embeddable":true,"href":"https:\/\/madame-sensuelle.paris\/fr\/wp-json\/wp\/v2\/pwb-brand?post=109663"},{"taxonomy":"product_brand","embeddable":true,"href":"https:\/\/madame-sensuelle.paris\/fr\/wp-json\/wp\/v2\/product_brand?post=109663"},{"taxonomy":"product_cat","embeddable":true,"href":"https:\/\/madame-sensuelle.paris\/fr\/wp-json\/wp\/v2\/product_cat?post=109663"},{"taxonomy":"product_tag","embeddable":true,"href":"https:\/\/madame-sensuelle.paris\/fr\/wp-json\/wp\/v2\/product_tag?post=109663"},{"taxonomy":"giftcard-category","embeddable":true,"href":"https:\/\/madame-sensuelle.paris\/fr\/wp-json\/wp\/v2\/giftcard-category?post=109663"}],"curies":[{"name":"wp","href":"https:\/\/api.w.org\/{rel}","templated":true}]}}