{"id":109924,"date":"2024-10-08T17:15:31","date_gmt":"2024-10-08T17:15:31","guid":{"rendered":"https:\/\/madame-sensuelle.paris\/product\/triangle-sans-armatures-oiseau-de-paradis-en-tulle-et-broderie-multicolore\/"},"modified":"2026-03-27T21:05:04","modified_gmt":"2026-03-27T21:05:04","slug":"triangle-sans-armatures-oiseau-de-paradis-en-tulle-et-broderie-multicolore","status":"publish","type":"product","link":"https:\/\/madame-sensuelle.paris\/fr\/product\/triangle-sans-armatures-oiseau-de-paradis-en-tulle-et-broderie-multicolore\/","title":{"rendered":"Triangle sans armatures Oiseau de Paradis en tulle et broderie multicolore"},"content":{"rendered":"<p>Un triangle l\u00e9ger en tulle brod\u00e9 qui d\u00e9pose de la couleur sur la peau. Sans armatures, il offre un confort naturel et une allure douce. La broderie fleurie capte la lumi\u00e8re. Oiseau de Paradis c\u00e9l\u00e8bre la libert\u00e9, la douceur et la beaut\u00e9 au naturel.<\/p>\n","protected":false},"excerpt":{"rendered":"<p>Un triangle l\u00e9ger en tulle brod\u00e9 qui d\u00e9pose de la couleur sur la peau. Sans armatures, il offre un confort naturel et une allure douce. La broderie fleurie capte la lumi\u00e8re. Oiseau de Paradis c\u00e9l\u00e8bre la libert\u00e9, la douceur et la beaut\u00e9 au naturel.<\/p>\n","protected":false},"featured_media":109916,"template":"","meta":[],"pwb-brand":[2785],"product_brand":[],"product_cat":[1245,1267,1257,1266,3367],"product_tag":[],"giftcard-category":[],"class_list":{"0":"post-109924","1":"product","2":"type-product","3":"status-publish","4":"has-post-thumbnail","6":"pwb-brand-atelier-amour","7":"product_cat-lingerie-sexy-femme-erotique-et-glamour","8":"product_cat-sans-armatures","9":"product_cat-soutiens-gorge","10":"product_cat-triangle","11":"product_cat-show-main","12":"pa_collection-oiseau-de-paradis","14":"first","15":"outofstock","16":"taxable","17":"shipping-taxable","18":"purchasable","19":"product-type-variable","20":"has-default-attributes"},"yoast_head":"<!-- This site is optimized with the Yoast SEO plugin v27.3 - https:\/\/yoast.com\/product\/yoast-seo-wordpress\/ -->\n<title>Triangle sans armatures Oiseau de Paradis en tulle et broderie multicolore<\/title>\n<meta name=\"description\" content=\"Soutien-gorge triangle sans armature. Fait en tulle avec une broderie tropical multicolore et des incrustation de fil en lurex. Votre poitrine est maintenu gr\u00e2ce a une large bande \u00e9lastique. Les bretelles sont extensible et doubler, vous pouvez les r\u00e9gler. C&#039;est un mod\u00e8le originale avec de la douceur !\u00a0\" \/>\n<meta name=\"robots\" content=\"index, follow, max-snippet:-1, max-image-preview:large, max-video-preview:-1\" \/>\n<link rel=\"canonical\" href=\"https:\/\/madame-sensuelle.paris\/fr\/product\/triangle-sans-armatures-oiseau-de-paradis-en-tulle-et-broderie-multicolore\/\" \/>\n<meta property=\"og:locale\" content=\"fr_FR\" \/>\n<meta property=\"og:type\" content=\"article\" \/>\n<meta property=\"og:title\" content=\"Triangle sans armatures Oiseau de Paradis en tulle et broderie multicolore\" \/>\n<meta property=\"og:description\" content=\"Soutien-gorge triangle sans armature. Fait en tulle avec une broderie tropical multicolore et des incrustation de fil en lurex. Votre poitrine est maintenu gr\u00e2ce a une large bande \u00e9lastique. Les bretelles sont extensible et doubler, vous pouvez les r\u00e9gler. C&#039;est un mod\u00e8le originale avec de la douceur !\u00a0\" \/>\n<meta property=\"og:url\" content=\"https:\/\/madame-sensuelle.paris\/fr\/product\/triangle-sans-armatures-oiseau-de-paradis-en-tulle-et-broderie-multicolore\/\" \/>\n<meta property=\"og:site_name\" content=\"Madame Sensuelle\" \/>\n<meta property=\"article:publisher\" content=\"https:\/\/www.facebook.com\/madamesensuelle\" \/>\n<meta property=\"article:modified_time\" content=\"2026-03-27T21:05:04+00:00\" \/>\n<meta property=\"og:image\" content=\"http:\/\/madame-sensuelle.paris\/wp-content\/uploads\/2024\/10\/XSHD1TJ6933.webp\" \/>\n\t<meta property=\"og:image:width\" content=\"800\" \/>\n\t<meta property=\"og:image:height\" content=\"1133\" \/>\n\t<meta property=\"og:image:type\" content=\"image\/webp\" \/>\n<meta name=\"twitter:card\" content=\"summary_large_image\" \/>\n<meta name=\"twitter:label1\" content=\"Dur\u00e9e de lecture estim\u00e9e\" \/>\n\t<meta name=\"twitter:data1\" content=\"1 minute\" \/>\n<script type=\"application\/ld+json\" class=\"yoast-schema-graph\">{\"@context\":\"https:\\\/\\\/schema.org\",\"@graph\":[{\"@type\":\"WebPage\",\"@id\":\"https:\\\/\\\/madame-sensuelle.paris\\\/fr\\\/product\\\/triangle-sans-armatures-oiseau-de-paradis-en-tulle-et-broderie-multicolore\\\/\",\"url\":\"https:\\\/\\\/madame-sensuelle.paris\\\/fr\\\/product\\\/triangle-sans-armatures-oiseau-de-paradis-en-tulle-et-broderie-multicolore\\\/\",\"name\":\"Triangle sans armatures Oiseau de Paradis en tulle et broderie multicolore\",\"isPartOf\":{\"@id\":\"https:\\\/\\\/madame-sensuelle.paris\\\/fr\\\/#website\"},\"primaryImageOfPage\":{\"@id\":\"https:\\\/\\\/madame-sensuelle.paris\\\/fr\\\/product\\\/triangle-sans-armatures-oiseau-de-paradis-en-tulle-et-broderie-multicolore\\\/#primaryimage\"},\"image\":{\"@id\":\"https:\\\/\\\/madame-sensuelle.paris\\\/fr\\\/product\\\/triangle-sans-armatures-oiseau-de-paradis-en-tulle-et-broderie-multicolore\\\/#primaryimage\"},\"thumbnailUrl\":\"https:\\\/\\\/madame-sensuelle.paris\\\/wp-content\\\/uploads\\\/2024\\\/10\\\/XSHD1TJ6933.webp\",\"datePublished\":\"2024-10-08T17:15:31+00:00\",\"dateModified\":\"2026-03-27T21:05:04+00:00\",\"description\":\"Soutien-gorge triangle sans armature. Fait en tulle avec une broderie tropical multicolore et des incrustation de fil en lurex. Votre poitrine est maintenu gr\u00e2ce a une large bande \u00e9lastique. Les bretelles sont extensible et doubler, vous pouvez les r\u00e9gler. C'est un mod\u00e8le originale avec de la douceur !\u00a0\",\"breadcrumb\":{\"@id\":\"https:\\\/\\\/madame-sensuelle.paris\\\/fr\\\/product\\\/triangle-sans-armatures-oiseau-de-paradis-en-tulle-et-broderie-multicolore\\\/#breadcrumb\"},\"inLanguage\":\"fr-FR\",\"potentialAction\":[{\"@type\":\"ReadAction\",\"target\":[\"https:\\\/\\\/madame-sensuelle.paris\\\/fr\\\/product\\\/triangle-sans-armatures-oiseau-de-paradis-en-tulle-et-broderie-multicolore\\\/\"]}]},{\"@type\":\"ImageObject\",\"inLanguage\":\"fr-FR\",\"@id\":\"https:\\\/\\\/madame-sensuelle.paris\\\/fr\\\/product\\\/triangle-sans-armatures-oiseau-de-paradis-en-tulle-et-broderie-multicolore\\\/#primaryimage\",\"url\":\"https:\\\/\\\/madame-sensuelle.paris\\\/wp-content\\\/uploads\\\/2024\\\/10\\\/XSHD1TJ6933.webp\",\"contentUrl\":\"https:\\\/\\\/madame-sensuelle.paris\\\/wp-content\\\/uploads\\\/2024\\\/10\\\/XSHD1TJ6933.webp\",\"width\":800,\"height\":1133},{\"@type\":\"BreadcrumbList\",\"@id\":\"https:\\\/\\\/madame-sensuelle.paris\\\/fr\\\/product\\\/triangle-sans-armatures-oiseau-de-paradis-en-tulle-et-broderie-multicolore\\\/#breadcrumb\",\"itemListElement\":[{\"@type\":\"ListItem\",\"position\":1,\"name\":\"Acceuil\",\"item\":\"https:\\\/\\\/madame-sensuelle.paris\\\/fr\\\/\"},{\"@type\":\"ListItem\",\"position\":2,\"name\":\"Catalogue\",\"item\":\"https:\\\/\\\/madame-sensuelle.paris\\\/fr\\\/catalogue\\\/\"},{\"@type\":\"ListItem\",\"position\":3,\"name\":\"ATELIER AMOUR\",\"item\":\"https:\\\/\\\/madame-sensuelle.paris\\\/fr\\\/brand\\\/atelier-amour\\\/\"},{\"@type\":\"ListItem\",\"position\":4,\"name\":\"Triangle sans armatures Oiseau de Paradis en tulle et broderie multicolore\"}]},{\"@type\":\"WebSite\",\"@id\":\"https:\\\/\\\/madame-sensuelle.paris\\\/fr\\\/#website\",\"url\":\"https:\\\/\\\/madame-sensuelle.paris\\\/fr\\\/\",\"name\":\"MADAME SENSUELLE\",\"description\":\"MADAME SENSUELLE: Found the biggest exciting brands of chic &amp; SEXY LINGERIE in Paris Boutique and on the WEB: Aubade, Dita Von Teese, Maison Close, Marjolaine, Bluebella, Atelier Amour, Luxxa, Catanzaro, Gracija Rim. You will found the big pleasure of sexy belt or bra make for you\",\"publisher\":{\"@id\":\"https:\\\/\\\/madame-sensuelle.paris\\\/fr\\\/#organization\"},\"potentialAction\":[{\"@type\":\"SearchAction\",\"target\":{\"@type\":\"EntryPoint\",\"urlTemplate\":\"https:\\\/\\\/madame-sensuelle.paris\\\/fr\\\/?s={search_term_string}\"},\"query-input\":{\"@type\":\"PropertyValueSpecification\",\"valueRequired\":true,\"valueName\":\"search_term_string\"}}],\"inLanguage\":\"fr-FR\"},{\"@type\":\"Organization\",\"@id\":\"https:\\\/\\\/madame-sensuelle.paris\\\/fr\\\/#organization\",\"name\":\"Madame Sensuelle\",\"url\":\"https:\\\/\\\/madame-sensuelle.paris\\\/fr\\\/\",\"logo\":{\"@type\":\"ImageObject\",\"inLanguage\":\"fr-FR\",\"@id\":\"https:\\\/\\\/madame-sensuelle.paris\\\/fr\\\/#\\\/schema\\\/logo\\\/image\\\/\",\"url\":\"https:\\\/\\\/madame-sensuelle.paris\\\/wp-content\\\/uploads\\\/2024\\\/12\\\/logo_a-1-1_696.webp\",\"contentUrl\":\"https:\\\/\\\/madame-sensuelle.paris\\\/wp-content\\\/uploads\\\/2024\\\/12\\\/logo_a-1-1_696.webp\",\"width\":696,\"height\":696,\"caption\":\"Madame Sensuelle\"},\"image\":{\"@id\":\"https:\\\/\\\/madame-sensuelle.paris\\\/fr\\\/#\\\/schema\\\/logo\\\/image\\\/\"},\"sameAs\":[\"https:\\\/\\\/www.facebook.com\\\/madamesensuelle\",\"https:\\\/\\\/www.instagram.com\\\/madame_sensuelle\\\/\"]}]}<\/script>\n<!-- \/ Yoast SEO plugin. -->","yoast_head_json":{"title":"Triangle sans armatures Oiseau de Paradis en tulle et broderie multicolore","description":"Soutien-gorge triangle sans armature. Fait en tulle avec une broderie tropical multicolore et des incrustation de fil en lurex. Votre poitrine est maintenu gr\u00e2ce a une large bande \u00e9lastique. Les bretelles sont extensible et doubler, vous pouvez les r\u00e9gler. C'est un mod\u00e8le originale avec de la douceur !\u00a0","robots":{"index":"index","follow":"follow","max-snippet":"max-snippet:-1","max-image-preview":"max-image-preview:large","max-video-preview":"max-video-preview:-1"},"canonical":"https:\/\/madame-sensuelle.paris\/fr\/product\/triangle-sans-armatures-oiseau-de-paradis-en-tulle-et-broderie-multicolore\/","og_locale":"fr_FR","og_type":"article","og_title":"Triangle sans armatures Oiseau de Paradis en tulle et broderie multicolore","og_description":"Soutien-gorge triangle sans armature. Fait en tulle avec une broderie tropical multicolore et des incrustation de fil en lurex. Votre poitrine est maintenu gr\u00e2ce a une large bande \u00e9lastique. Les bretelles sont extensible et doubler, vous pouvez les r\u00e9gler. C'est un mod\u00e8le originale avec de la douceur !\u00a0","og_url":"https:\/\/madame-sensuelle.paris\/fr\/product\/triangle-sans-armatures-oiseau-de-paradis-en-tulle-et-broderie-multicolore\/","og_site_name":"Madame Sensuelle","article_publisher":"https:\/\/www.facebook.com\/madamesensuelle","article_modified_time":"2026-03-27T21:05:04+00:00","og_image":[{"width":800,"height":1133,"url":"http:\/\/madame-sensuelle.paris\/wp-content\/uploads\/2024\/10\/XSHD1TJ6933.webp","type":"image\/webp"}],"twitter_card":"summary_large_image","twitter_misc":{"Dur\u00e9e de lecture estim\u00e9e":"1 minute"},"schema":{"@context":"https:\/\/schema.org","@graph":[{"@type":"WebPage","@id":"https:\/\/madame-sensuelle.paris\/fr\/product\/triangle-sans-armatures-oiseau-de-paradis-en-tulle-et-broderie-multicolore\/","url":"https:\/\/madame-sensuelle.paris\/fr\/product\/triangle-sans-armatures-oiseau-de-paradis-en-tulle-et-broderie-multicolore\/","name":"Triangle sans armatures Oiseau de Paradis en tulle et broderie multicolore","isPartOf":{"@id":"https:\/\/madame-sensuelle.paris\/fr\/#website"},"primaryImageOfPage":{"@id":"https:\/\/madame-sensuelle.paris\/fr\/product\/triangle-sans-armatures-oiseau-de-paradis-en-tulle-et-broderie-multicolore\/#primaryimage"},"image":{"@id":"https:\/\/madame-sensuelle.paris\/fr\/product\/triangle-sans-armatures-oiseau-de-paradis-en-tulle-et-broderie-multicolore\/#primaryimage"},"thumbnailUrl":"https:\/\/madame-sensuelle.paris\/wp-content\/uploads\/2024\/10\/XSHD1TJ6933.webp","datePublished":"2024-10-08T17:15:31+00:00","dateModified":"2026-03-27T21:05:04+00:00","description":"Soutien-gorge triangle sans armature. Fait en tulle avec une broderie tropical multicolore et des incrustation de fil en lurex. Votre poitrine est maintenu gr\u00e2ce a une large bande \u00e9lastique. Les bretelles sont extensible et doubler, vous pouvez les r\u00e9gler. C'est un mod\u00e8le originale avec de la douceur !\u00a0","breadcrumb":{"@id":"https:\/\/madame-sensuelle.paris\/fr\/product\/triangle-sans-armatures-oiseau-de-paradis-en-tulle-et-broderie-multicolore\/#breadcrumb"},"inLanguage":"fr-FR","potentialAction":[{"@type":"ReadAction","target":["https:\/\/madame-sensuelle.paris\/fr\/product\/triangle-sans-armatures-oiseau-de-paradis-en-tulle-et-broderie-multicolore\/"]}]},{"@type":"ImageObject","inLanguage":"fr-FR","@id":"https:\/\/madame-sensuelle.paris\/fr\/product\/triangle-sans-armatures-oiseau-de-paradis-en-tulle-et-broderie-multicolore\/#primaryimage","url":"https:\/\/madame-sensuelle.paris\/wp-content\/uploads\/2024\/10\/XSHD1TJ6933.webp","contentUrl":"https:\/\/madame-sensuelle.paris\/wp-content\/uploads\/2024\/10\/XSHD1TJ6933.webp","width":800,"height":1133},{"@type":"BreadcrumbList","@id":"https:\/\/madame-sensuelle.paris\/fr\/product\/triangle-sans-armatures-oiseau-de-paradis-en-tulle-et-broderie-multicolore\/#breadcrumb","itemListElement":[{"@type":"ListItem","position":1,"name":"Acceuil","item":"https:\/\/madame-sensuelle.paris\/fr\/"},{"@type":"ListItem","position":2,"name":"Catalogue","item":"https:\/\/madame-sensuelle.paris\/fr\/catalogue\/"},{"@type":"ListItem","position":3,"name":"ATELIER AMOUR","item":"https:\/\/madame-sensuelle.paris\/fr\/brand\/atelier-amour\/"},{"@type":"ListItem","position":4,"name":"Triangle sans armatures Oiseau de Paradis en tulle et broderie multicolore"}]},{"@type":"WebSite","@id":"https:\/\/madame-sensuelle.paris\/fr\/#website","url":"https:\/\/madame-sensuelle.paris\/fr\/","name":"MADAME SENSUELLE","description":"MADAME SENSUELLE: Found the biggest exciting brands of chic &amp; SEXY LINGERIE in Paris Boutique and on the WEB: Aubade, Dita Von Teese, Maison Close, Marjolaine, Bluebella, Atelier Amour, Luxxa, Catanzaro, Gracija Rim. You will found the big pleasure of sexy belt or bra make for you","publisher":{"@id":"https:\/\/madame-sensuelle.paris\/fr\/#organization"},"potentialAction":[{"@type":"SearchAction","target":{"@type":"EntryPoint","urlTemplate":"https:\/\/madame-sensuelle.paris\/fr\/?s={search_term_string}"},"query-input":{"@type":"PropertyValueSpecification","valueRequired":true,"valueName":"search_term_string"}}],"inLanguage":"fr-FR"},{"@type":"Organization","@id":"https:\/\/madame-sensuelle.paris\/fr\/#organization","name":"Madame Sensuelle","url":"https:\/\/madame-sensuelle.paris\/fr\/","logo":{"@type":"ImageObject","inLanguage":"fr-FR","@id":"https:\/\/madame-sensuelle.paris\/fr\/#\/schema\/logo\/image\/","url":"https:\/\/madame-sensuelle.paris\/wp-content\/uploads\/2024\/12\/logo_a-1-1_696.webp","contentUrl":"https:\/\/madame-sensuelle.paris\/wp-content\/uploads\/2024\/12\/logo_a-1-1_696.webp","width":696,"height":696,"caption":"Madame Sensuelle"},"image":{"@id":"https:\/\/madame-sensuelle.paris\/fr\/#\/schema\/logo\/image\/"},"sameAs":["https:\/\/www.facebook.com\/madamesensuelle","https:\/\/www.instagram.com\/madame_sensuelle\/"]}]}},"brands":[{"id":2785,"name":"ATELIER AMOUR","slug":"atelier-amour"}],"_links":{"self":[{"href":"https:\/\/madame-sensuelle.paris\/fr\/wp-json\/wp\/v2\/product\/109924","targetHints":{"allow":["GET"]}}],"collection":[{"href":"https:\/\/madame-sensuelle.paris\/fr\/wp-json\/wp\/v2\/product"}],"about":[{"href":"https:\/\/madame-sensuelle.paris\/fr\/wp-json\/wp\/v2\/types\/product"}],"version-history":[{"count":1,"href":"https:\/\/madame-sensuelle.paris\/fr\/wp-json\/wp\/v2\/product\/109924\/revisions"}],"predecessor-version":[{"id":121334,"href":"https:\/\/madame-sensuelle.paris\/fr\/wp-json\/wp\/v2\/product\/109924\/revisions\/121334"}],"wp:featuredmedia":[{"embeddable":true,"href":"https:\/\/madame-sensuelle.paris\/fr\/wp-json\/wp\/v2\/media\/109916"}],"wp:attachment":[{"href":"https:\/\/madame-sensuelle.paris\/fr\/wp-json\/wp\/v2\/media?parent=109924"}],"wp:term":[{"taxonomy":"pwb-brand","embeddable":true,"href":"https:\/\/madame-sensuelle.paris\/fr\/wp-json\/wp\/v2\/pwb-brand?post=109924"},{"taxonomy":"product_brand","embeddable":true,"href":"https:\/\/madame-sensuelle.paris\/fr\/wp-json\/wp\/v2\/product_brand?post=109924"},{"taxonomy":"product_cat","embeddable":true,"href":"https:\/\/madame-sensuelle.paris\/fr\/wp-json\/wp\/v2\/product_cat?post=109924"},{"taxonomy":"product_tag","embeddable":true,"href":"https:\/\/madame-sensuelle.paris\/fr\/wp-json\/wp\/v2\/product_tag?post=109924"},{"taxonomy":"giftcard-category","embeddable":true,"href":"https:\/\/madame-sensuelle.paris\/fr\/wp-json\/wp\/v2\/giftcard-category?post=109924"}],"curies":[{"name":"wp","href":"https:\/\/api.w.org\/{rel}","templated":true}]}}